{"id":7240,"date":"2024-03-22T08:14:52","date_gmt":"2024-03-22T08:14:52","guid":{"rendered":"https:\/\/www.eurosmart.hu\/shop\/?post_type=product&#038;p=7240"},"modified":"2024-03-22T08:17:22","modified_gmt":"2024-03-22T08:17:22","slug":"milwaukee-osszecsukhato-imbuszkulcs-keszlet-hex-9-reszes-4932493614","status":"publish","type":"product","link":"https:\/\/www.eurosmart.hu\/shop\/index.php\/termek\/milwaukee-osszecsukhato-imbuszkulcs-keszlet-hex-9-reszes-4932493614\/","title":{"rendered":"MILWAUKEE \u00d6SSZECSUKHAT\u00d3 IMBUSZKULCS K\u00c9SZLET HEX 9 R\u00c9SZES (4932493614)"},"content":{"rendered":"<h5>Tulajdons\u00e1gok:<\/h5>\n<ul class=\"ProductFeaturesTextstyles__FeatureList-fxqvf2-1 dUrrwH\">\n<li class=\"ProductFeaturesTextstyles__Feature-fxqvf2-3 ggyeUS\">Az \u00f6sszecsukhat\u00f3 kulcsok egyszer\u0171 hozz\u00e1f\u00e9r\u00e9st \u00e9s t\u00e1rol\u00e1si megold\u00e1st tesznek lehet\u0151v\u00e9<\/li>\n<li class=\"ProductFeaturesTextstyles__Feature-fxqvf2-3 ggyeUS\">Nagy kontraszt\u00fa feliratok a gyors \u00e9s egyszer\u0171 azonos\u00edt\u00e1shoz<\/li>\n<li class=\"ProductFeaturesTextstyles__Feature-fxqvf2-3 ggyeUS\">Az ergonomikus markolat k\u00e9nyelmes \u00e9s biztos fog\u00e1st biztos\u00edt<\/li>\n<li class=\"ProductFeaturesTextstyles__Feature-fxqvf2-3 ggyeUS\">F\u00e9m h\u00e1z a nagyobb tart\u00f3ss\u00e1g \u00e9rdek\u00e9ben<\/li>\n<\/ul>\n","protected":false},"excerpt":{"rendered":"<p><strong>A k\u00e9szlet tartalma:<\/strong> 5\/64&#8243;, 3\/32&#8243;, 7\/64&#8243;, 1\/8&#8243;, 9\/64&#8243;, 5\/32&#8243;, 3\/16&#8243;, 7\/32&#8243;, 1\/4&#8243;<\/p>\n<div id=\"gtx-trans\" style=\"position: absolute; left: 622px; top: -12px;\">\n<div class=\"gtx-trans-icon\"><\/div>\n<\/div>\n","protected":false},"featured_media":7241,"template":"","meta":[],"product_cat":[208,59,215,89],"product_tag":[],"class_list":["post-7240","product","type-product","status-publish","has-post-thumbnail","hentry","product_cat-keziszerszamok-termekek","product_cat-milwaukee","product_cat-szerszamkulcsok","product_cat-termekek"],"yoast_head":"<!-- This site is optimized with the Yoast SEO Premium plugin v21.3 (Yoast SEO v21.3) - https:\/\/yoast.com\/wordpress\/plugins\/seo\/ -->\n<title>MILWAUKEE \u00d6SSZECSUKHAT\u00d3 IMBUSZKULCS K\u00c9SZLET HEX 9 R\u00c9SZES (4932493614) - Eurosmart - Milwaukee web\u00e1ruh\u00e1z<\/title>\n<meta name=\"robots\" content=\"index, follow, max-snippet:-1, max-image-preview:large, max-video-preview:-1\" \/>\n<link rel=\"canonical\" href=\"https:\/\/www.eurosmart.hu\/shop\/index.php\/termek\/milwaukee-osszecsukhato-imbuszkulcs-keszlet-hex-9-reszes-4932493614\/\" \/>\n<meta property=\"og:locale\" content=\"hu_HU\" \/>\n<meta property=\"og:type\" content=\"article\" \/>\n<meta property=\"og:title\" content=\"MILWAUKEE \u00d6SSZECSUKHAT\u00d3 IMBUSZKULCS K\u00c9SZLET HEX 9 R\u00c9SZES (4932493614)\" \/>\n<meta property=\"og:description\" content=\"A k\u00e9szlet tartalma: 5\/64&quot;, 3\/32&quot;, 7\/64&quot;, 1\/8&quot;, 9\/64&quot;, 5\/32&quot;, 3\/16&quot;, 7\/32&quot;, 1\/4&quot;\" \/>\n<meta property=\"og:url\" content=\"https:\/\/www.eurosmart.hu\/shop\/index.php\/termek\/milwaukee-osszecsukhato-imbuszkulcs-keszlet-hex-9-reszes-4932493614\/\" \/>\n<meta property=\"og:site_name\" content=\"Eurosmart - Milwaukee web\u00e1ruh\u00e1z\" \/>\n<meta property=\"article:publisher\" content=\"https:\/\/www.facebook.com\/EurosmartKft\" \/>\n<meta property=\"article:modified_time\" content=\"2024-03-22T08:17:22+00:00\" \/>\n<meta property=\"og:image\" content=\"https:\/\/www.eurosmart.hu\/shop\/wp-content\/uploads\/2024\/03\/4932493614.jpg\" \/>\n\t<meta property=\"og:image:width\" content=\"1000\" \/>\n\t<meta property=\"og:image:height\" content=\"1000\" \/>\n\t<meta property=\"og:image:type\" content=\"image\/jpeg\" \/>\n<meta name=\"twitter:card\" content=\"summary_large_image\" \/>\n<meta name=\"twitter:label1\" content=\"Price\" \/>\n\t<meta name=\"twitter:data1\" content=\"\" \/>\n\t<meta name=\"twitter:label2\" content=\"Availability\" \/>\n\t<meta name=\"twitter:data2\" content=\"In stock\" \/>\n<script type=\"application\/ld+json\" class=\"yoast-schema-graph\">{\"@context\":\"https:\/\/schema.org\",\"@graph\":[{\"@type\":\"WebPage\",\"@id\":\"https:\/\/www.eurosmart.hu\/shop\/index.php\/termek\/milwaukee-osszecsukhato-imbuszkulcs-keszlet-hex-9-reszes-4932493614\/\",\"url\":\"https:\/\/www.eurosmart.hu\/shop\/index.php\/termek\/milwaukee-osszecsukhato-imbuszkulcs-keszlet-hex-9-reszes-4932493614\/\",\"name\":\"MILWAUKEE \u00d6SSZECSUKHAT\u00d3 IMBUSZKULCS K\u00c9SZLET HEX 9 R\u00c9SZES (4932493614) - Eurosmart - Milwaukee web\u00e1ruh\u00e1z\",\"isPartOf\":{\"@id\":\"https:\/\/www.eurosmart.hu\/shop\/#website\"},\"datePublished\":\"2024-03-22T08:14:52+00:00\",\"dateModified\":\"2024-03-22T08:17:22+00:00\",\"breadcrumb\":{\"@id\":\"https:\/\/www.eurosmart.hu\/shop\/index.php\/termek\/milwaukee-osszecsukhato-imbuszkulcs-keszlet-hex-9-reszes-4932493614\/#breadcrumb\"},\"inLanguage\":\"hu\",\"potentialAction\":[{\"@type\":\"ReadAction\",\"target\":[\"https:\/\/www.eurosmart.hu\/shop\/index.php\/termek\/milwaukee-osszecsukhato-imbuszkulcs-keszlet-hex-9-reszes-4932493614\/\"]}]},{\"@type\":\"BreadcrumbList\",\"@id\":\"https:\/\/www.eurosmart.hu\/shop\/index.php\/termek\/milwaukee-osszecsukhato-imbuszkulcs-keszlet-hex-9-reszes-4932493614\/#breadcrumb\",\"itemListElement\":[{\"@type\":\"ListItem\",\"position\":1,\"name\":\"Kezd\u0151lap\",\"item\":\"https:\/\/www.eurosmart.hu\/shop\/\"},{\"@type\":\"ListItem\",\"position\":2,\"name\":\"Term\u00e9keink\",\"item\":\"https:\/\/www.eurosmart.hu\/shop\/index.php\/uzlet\/\"},{\"@type\":\"ListItem\",\"position\":3,\"name\":\"MILWAUKEE \u00d6SSZECSUKHAT\u00d3 IMBUSZKULCS K\u00c9SZLET HEX 9 R\u00c9SZES (4932493614)\"}]},{\"@type\":\"WebSite\",\"@id\":\"https:\/\/www.eurosmart.hu\/shop\/#website\",\"url\":\"https:\/\/www.eurosmart.hu\/shop\/\",\"name\":\"Eurosmart - Milwaukee web\u00e1ruh\u00e1z\",\"description\":\"Milwaukee web\u00e1ruh\u00e1z\",\"publisher\":{\"@id\":\"https:\/\/www.eurosmart.hu\/shop\/#organization\"},\"potentialAction\":[{\"@type\":\"SearchAction\",\"target\":{\"@type\":\"EntryPoint\",\"urlTemplate\":\"https:\/\/www.eurosmart.hu\/shop\/?s={search_term_string}\"},\"query-input\":\"required name=search_term_string\"}],\"inLanguage\":\"hu\"},{\"@type\":\"Organization\",\"@id\":\"https:\/\/www.eurosmart.hu\/shop\/#organization\",\"name\":\"Eurosmart - Milwaukee web\u00e1ruh\u00e1z\",\"url\":\"https:\/\/www.eurosmart.hu\/shop\/\",\"logo\":{\"@type\":\"ImageObject\",\"inLanguage\":\"hu\",\"@id\":\"https:\/\/www.eurosmart.hu\/shop\/#\/schema\/logo\/image\/\",\"url\":\"https:\/\/www.eurosmart.hu\/shop\/wp-content\/uploads\/2023\/10\/milwaukee-logo-1.png\",\"contentUrl\":\"https:\/\/www.eurosmart.hu\/shop\/wp-content\/uploads\/2023\/10\/milwaukee-logo-1.png\",\"width\":500,\"height\":200,\"caption\":\"Eurosmart - Milwaukee web\u00e1ruh\u00e1z\"},\"image\":{\"@id\":\"https:\/\/www.eurosmart.hu\/shop\/#\/schema\/logo\/image\/\"},\"sameAs\":[\"https:\/\/www.facebook.com\/EurosmartKft\"]}]}<\/script>\n<meta property=\"product:price:amount\" content=\"0\" \/>\n<meta property=\"product:price:currency\" content=\"HUF\" \/>\n<meta property=\"og:availability\" content=\"instock\" \/>\n<meta property=\"product:availability\" content=\"instock\" \/>\n<meta property=\"product:retailer_item_id\" content=\"4932493614\" \/>\n<meta property=\"product:condition\" content=\"new\" \/>\n<!-- \/ Yoast SEO Premium plugin. -->","yoast_head_json":{"title":"MILWAUKEE \u00d6SSZECSUKHAT\u00d3 IMBUSZKULCS K\u00c9SZLET HEX 9 R\u00c9SZES (4932493614) - Eurosmart - Milwaukee web\u00e1ruh\u00e1z","robots":{"index":"index","follow":"follow","max-snippet":"max-snippet:-1","max-image-preview":"max-image-preview:large","max-video-preview":"max-video-preview:-1"},"canonical":"https:\/\/www.eurosmart.hu\/shop\/index.php\/termek\/milwaukee-osszecsukhato-imbuszkulcs-keszlet-hex-9-reszes-4932493614\/","og_locale":"hu_HU","og_type":"article","og_title":"MILWAUKEE \u00d6SSZECSUKHAT\u00d3 IMBUSZKULCS K\u00c9SZLET HEX 9 R\u00c9SZES (4932493614)","og_description":"A k\u00e9szlet tartalma: 5\/64\", 3\/32\", 7\/64\", 1\/8\", 9\/64\", 5\/32\", 3\/16\", 7\/32\", 1\/4\"","og_url":"https:\/\/www.eurosmart.hu\/shop\/index.php\/termek\/milwaukee-osszecsukhato-imbuszkulcs-keszlet-hex-9-reszes-4932493614\/","og_site_name":"Eurosmart - Milwaukee web\u00e1ruh\u00e1z","article_publisher":"https:\/\/www.facebook.com\/EurosmartKft","article_modified_time":"2024-03-22T08:17:22+00:00","og_image":[{"width":1000,"height":1000,"url":"https:\/\/www.eurosmart.hu\/shop\/wp-content\/uploads\/2024\/03\/4932493614.jpg","type":"image\/jpeg"}],"twitter_card":"summary_large_image","twitter_misc":{"Price":"","Availability":"In stock"},"schema":{"@context":"https:\/\/schema.org","@graph":[{"@type":"WebPage","@id":"https:\/\/www.eurosmart.hu\/shop\/index.php\/termek\/milwaukee-osszecsukhato-imbuszkulcs-keszlet-hex-9-reszes-4932493614\/","url":"https:\/\/www.eurosmart.hu\/shop\/index.php\/termek\/milwaukee-osszecsukhato-imbuszkulcs-keszlet-hex-9-reszes-4932493614\/","name":"MILWAUKEE \u00d6SSZECSUKHAT\u00d3 IMBUSZKULCS K\u00c9SZLET HEX 9 R\u00c9SZES (4932493614) - Eurosmart - Milwaukee web\u00e1ruh\u00e1z","isPartOf":{"@id":"https:\/\/www.eurosmart.hu\/shop\/#website"},"datePublished":"2024-03-22T08:14:52+00:00","dateModified":"2024-03-22T08:17:22+00:00","breadcrumb":{"@id":"https:\/\/www.eurosmart.hu\/shop\/index.php\/termek\/milwaukee-osszecsukhato-imbuszkulcs-keszlet-hex-9-reszes-4932493614\/#breadcrumb"},"inLanguage":"hu","potentialAction":[{"@type":"ReadAction","target":["https:\/\/www.eurosmart.hu\/shop\/index.php\/termek\/milwaukee-osszecsukhato-imbuszkulcs-keszlet-hex-9-reszes-4932493614\/"]}]},{"@type":"BreadcrumbList","@id":"https:\/\/www.eurosmart.hu\/shop\/index.php\/termek\/milwaukee-osszecsukhato-imbuszkulcs-keszlet-hex-9-reszes-4932493614\/#breadcrumb","itemListElement":[{"@type":"ListItem","position":1,"name":"Kezd\u0151lap","item":"https:\/\/www.eurosmart.hu\/shop\/"},{"@type":"ListItem","position":2,"name":"Term\u00e9keink","item":"https:\/\/www.eurosmart.hu\/shop\/index.php\/uzlet\/"},{"@type":"ListItem","position":3,"name":"MILWAUKEE \u00d6SSZECSUKHAT\u00d3 IMBUSZKULCS K\u00c9SZLET HEX 9 R\u00c9SZES (4932493614)"}]},{"@type":"WebSite","@id":"https:\/\/www.eurosmart.hu\/shop\/#website","url":"https:\/\/www.eurosmart.hu\/shop\/","name":"Eurosmart - Milwaukee web\u00e1ruh\u00e1z","description":"Milwaukee web\u00e1ruh\u00e1z","publisher":{"@id":"https:\/\/www.eurosmart.hu\/shop\/#organization"},"potentialAction":[{"@type":"SearchAction","target":{"@type":"EntryPoint","urlTemplate":"https:\/\/www.eurosmart.hu\/shop\/?s={search_term_string}"},"query-input":"required name=search_term_string"}],"inLanguage":"hu"},{"@type":"Organization","@id":"https:\/\/www.eurosmart.hu\/shop\/#organization","name":"Eurosmart - Milwaukee web\u00e1ruh\u00e1z","url":"https:\/\/www.eurosmart.hu\/shop\/","logo":{"@type":"ImageObject","inLanguage":"hu","@id":"https:\/\/www.eurosmart.hu\/shop\/#\/schema\/logo\/image\/","url":"https:\/\/www.eurosmart.hu\/shop\/wp-content\/uploads\/2023\/10\/milwaukee-logo-1.png","contentUrl":"https:\/\/www.eurosmart.hu\/shop\/wp-content\/uploads\/2023\/10\/milwaukee-logo-1.png","width":500,"height":200,"caption":"Eurosmart - Milwaukee web\u00e1ruh\u00e1z"},"image":{"@id":"https:\/\/www.eurosmart.hu\/shop\/#\/schema\/logo\/image\/"},"sameAs":["https:\/\/www.facebook.com\/EurosmartKft"]}]},"product_price_currency":"HUF","og_availability":"instock","product_availability":"instock","product_retailer_item_id":"4932493614","product_condition":"new"},"_links":{"self":[{"href":"https:\/\/www.eurosmart.hu\/shop\/index.php\/wp-json\/wp\/v2\/product\/7240","targetHints":{"allow":["GET"]}}],"collection":[{"href":"https:\/\/www.eurosmart.hu\/shop\/index.php\/wp-json\/wp\/v2\/product"}],"about":[{"href":"https:\/\/www.eurosmart.hu\/shop\/index.php\/wp-json\/wp\/v2\/types\/product"}],"wp:featuredmedia":[{"embeddable":true,"href":"https:\/\/www.eurosmart.hu\/shop\/index.php\/wp-json\/wp\/v2\/media\/7241"}],"wp:attachment":[{"href":"https:\/\/www.eurosmart.hu\/shop\/index.php\/wp-json\/wp\/v2\/media?parent=7240"}],"wp:term":[{"taxonomy":"product_cat","embeddable":true,"href":"https:\/\/www.eurosmart.hu\/shop\/index.php\/wp-json\/wp\/v2\/product_cat?post=7240"},{"taxonomy":"product_tag","embeddable":true,"href":"https:\/\/www.eurosmart.hu\/shop\/index.php\/wp-json\/wp\/v2\/product_tag?post=7240"}],"curies":[{"name":"wp","href":"https:\/\/api.w.org\/{rel}","templated":true}]}}