{"id":7172,"date":"2024-03-20T11:49:05","date_gmt":"2024-03-20T11:49:05","guid":{"rendered":"https:\/\/www.eurosmart.hu\/shop\/?post_type=product&#038;p=7172"},"modified":"2024-03-20T12:01:20","modified_gmt":"2024-03-20T12:01:20","slug":"milwaukee-kettos-villaskulcsok-metrikus-4-5-36-41-mm-4932492714","status":"publish","type":"product","link":"https:\/\/www.eurosmart.hu\/shop\/index.php\/termek\/milwaukee-kettos-villaskulcsok-metrikus-4-5-36-41-mm-4932492714\/","title":{"rendered":"MILWAUKEE KETT\u0150S VILL\u00c1SKULCSOK, METRIKUS 4\/5 &#8211; 36\/41 MM (4932492714)"},"content":{"rendered":"<h5>Tulajdons\u00e1gok:<\/h5>\n<ul class=\"ProductFeaturesTextstyles__FeatureList-fxqvf2-1 dUrrwH\">\n<li class=\"ProductFeaturesTextstyles__Feature-fxqvf2-3 ggyeUS\">Karcs\u00fa fejm\u00e9retek sz\u0171k ter\u00fcleteken val\u00f3 hozz\u00e1f\u00e9r\u00e9shez.<\/li>\n<li class=\"ProductFeaturesTextstyles__Feature-fxqvf2-3 ggyeUS\">Kerek\u00edtett I-gerenda foganty\u00fa k\u00e9nyelmes nyomat\u00e9kkifejt\u00e9shez.<\/li>\n<li class=\"ProductFeaturesTextstyles__Feature-fxqvf2-3 ggyeUS\">Tint\u00e1val felt\u00f6lt\u00f6tt m\u00e9retc\u00edmk\u00e9k a k\u00f6nny\u0171 \u00e9s gyors m\u00e9retazonos\u00edt\u00e1shoz.<\/li>\n<li class=\"ProductFeaturesTextstyles__Feature-fxqvf2-3 ggyeUS\">Kr\u00f3m bevonat a korr\u00f3zi\u00f3 \u00e9s rozsda ellen\u00e1ll\u00e1s\u00e1\u00e9rt.<\/li>\n<\/ul>\n<h5>El\u00e9rhet\u0151 m\u00e9retek (mm):<\/h5>\n<p>4-5\u00a0 &#8211; (4932492715)<\/p>\n<p>6-7\u00a0 &#8211; (4932492716)<\/p>\n<p>8-9\u00a0 &#8211; (4932492717)<\/p>\n<p>8-10 &#8211; (4932492718)<\/p>\n<p>10-11 &#8211; (4932492719)<\/p>\n<p>10-13 &#8211; (4932492720)<\/p>\n<p>12-13 &#8211; (4932492721)<\/p>\n<p>12-14 &#8211; (4932492722)<\/p>\n<p>13-17 &#8211; ((4932492723)<\/p>\n<p>14-15 &#8211; (4932492724)<\/p>\n<p>16-17 &#8211; (4932492725)<\/p>\n<p>17-19 &#8211; (4932492726)<\/p>\n<p>18-19 &#8211; (4932492727)<\/p>\n<p>20-22 &#8211; (4932492728)<\/p>\n<p>21-23 &#8211; (4932492729)<\/p>\n<p>22-24 &#8211; (4932492730)<\/p>\n<p>24-27 &#8211; (4932492731)<\/p>\n<p>24-26 &#8211; (4932493258)<\/p>\n<p>25-28 &#8211; (4932492732)<\/p>\n<p>27-29 &#8211; (4932492733)<\/p>\n<p>30-32 &#8211; (4932492734)<\/p>\n<p>34-36 &#8211; (4932492735)<\/p>\n<p>36-41 &#8211; ((4932492736)<\/p>\n","protected":false},"excerpt":{"rendered":"<p><strong>A k\u00e9szlet tartalma:<\/strong> 1 db kett\u0151s vill\u00e1skulcs<\/p>\n","protected":false},"featured_media":7173,"template":"","meta":[],"product_cat":[208,59,215,89],"product_tag":[],"class_list":["post-7172","product","type-product","status-publish","has-post-thumbnail","hentry","product_cat-keziszerszamok-termekek","product_cat-milwaukee","product_cat-szerszamkulcsok","product_cat-termekek"],"yoast_head":"<!-- This site is optimized with the Yoast SEO Premium plugin v21.3 (Yoast SEO v21.3) - https:\/\/yoast.com\/wordpress\/plugins\/seo\/ -->\n<title>MILWAUKEE KETT\u0150S VILL\u00c1SKULCSOK, METRIKUS 4\/5 - 36\/41 MM (4932492714) - Eurosmart - Milwaukee web\u00e1ruh\u00e1z<\/title>\n<meta name=\"robots\" content=\"index, follow, max-snippet:-1, max-image-preview:large, max-video-preview:-1\" \/>\n<link rel=\"canonical\" href=\"https:\/\/www.eurosmart.hu\/shop\/index.php\/termek\/milwaukee-kettos-villaskulcsok-metrikus-4-5-36-41-mm-4932492714\/\" \/>\n<meta property=\"og:locale\" content=\"hu_HU\" \/>\n<meta property=\"og:type\" content=\"article\" \/>\n<meta property=\"og:title\" content=\"MILWAUKEE KETT\u0150S VILL\u00c1SKULCSOK, METRIKUS 4\/5 - 36\/41 MM (4932492714)\" \/>\n<meta property=\"og:description\" content=\"A k\u00e9szlet tartalma: 1 db kett\u0151s vill\u00e1skulcs\" \/>\n<meta property=\"og:url\" content=\"https:\/\/www.eurosmart.hu\/shop\/index.php\/termek\/milwaukee-kettos-villaskulcsok-metrikus-4-5-36-41-mm-4932492714\/\" \/>\n<meta property=\"og:site_name\" content=\"Eurosmart - Milwaukee web\u00e1ruh\u00e1z\" \/>\n<meta property=\"article:publisher\" content=\"https:\/\/www.facebook.com\/EurosmartKft\" \/>\n<meta property=\"article:modified_time\" content=\"2024-03-20T12:01:20+00:00\" \/>\n<meta property=\"og:image\" content=\"https:\/\/www.eurosmart.hu\/shop\/wp-content\/uploads\/2024\/03\/4932492715.jpg\" \/>\n\t<meta property=\"og:image:width\" content=\"1000\" \/>\n\t<meta property=\"og:image:height\" content=\"1000\" \/>\n\t<meta property=\"og:image:type\" content=\"image\/jpeg\" \/>\n<meta name=\"twitter:card\" content=\"summary_large_image\" \/>\n<meta name=\"twitter:label1\" content=\"Price\" \/>\n\t<meta name=\"twitter:data1\" content=\"\" \/>\n\t<meta name=\"twitter:label2\" content=\"Availability\" \/>\n\t<meta name=\"twitter:data2\" content=\"In stock\" \/>\n<script type=\"application\/ld+json\" class=\"yoast-schema-graph\">{\"@context\":\"https:\/\/schema.org\",\"@graph\":[{\"@type\":\"WebPage\",\"@id\":\"https:\/\/www.eurosmart.hu\/shop\/index.php\/termek\/milwaukee-kettos-villaskulcsok-metrikus-4-5-36-41-mm-4932492714\/\",\"url\":\"https:\/\/www.eurosmart.hu\/shop\/index.php\/termek\/milwaukee-kettos-villaskulcsok-metrikus-4-5-36-41-mm-4932492714\/\",\"name\":\"MILWAUKEE KETT\u0150S VILL\u00c1SKULCSOK, METRIKUS 4\/5 - 36\/41 MM (4932492714) - Eurosmart - Milwaukee web\u00e1ruh\u00e1z\",\"isPartOf\":{\"@id\":\"https:\/\/www.eurosmart.hu\/shop\/#website\"},\"datePublished\":\"2024-03-20T11:49:05+00:00\",\"dateModified\":\"2024-03-20T12:01:20+00:00\",\"breadcrumb\":{\"@id\":\"https:\/\/www.eurosmart.hu\/shop\/index.php\/termek\/milwaukee-kettos-villaskulcsok-metrikus-4-5-36-41-mm-4932492714\/#breadcrumb\"},\"inLanguage\":\"hu\",\"potentialAction\":[{\"@type\":\"ReadAction\",\"target\":[\"https:\/\/www.eurosmart.hu\/shop\/index.php\/termek\/milwaukee-kettos-villaskulcsok-metrikus-4-5-36-41-mm-4932492714\/\"]}]},{\"@type\":\"BreadcrumbList\",\"@id\":\"https:\/\/www.eurosmart.hu\/shop\/index.php\/termek\/milwaukee-kettos-villaskulcsok-metrikus-4-5-36-41-mm-4932492714\/#breadcrumb\",\"itemListElement\":[{\"@type\":\"ListItem\",\"position\":1,\"name\":\"Kezd\u0151lap\",\"item\":\"https:\/\/www.eurosmart.hu\/shop\/\"},{\"@type\":\"ListItem\",\"position\":2,\"name\":\"Term\u00e9keink\",\"item\":\"https:\/\/www.eurosmart.hu\/shop\/index.php\/uzlet\/\"},{\"@type\":\"ListItem\",\"position\":3,\"name\":\"MILWAUKEE KETT\u0150S VILL\u00c1SKULCSOK, METRIKUS 4\/5 &#8211; 36\/41 MM (4932492714)\"}]},{\"@type\":\"WebSite\",\"@id\":\"https:\/\/www.eurosmart.hu\/shop\/#website\",\"url\":\"https:\/\/www.eurosmart.hu\/shop\/\",\"name\":\"Eurosmart - Milwaukee web\u00e1ruh\u00e1z\",\"description\":\"Milwaukee web\u00e1ruh\u00e1z\",\"publisher\":{\"@id\":\"https:\/\/www.eurosmart.hu\/shop\/#organization\"},\"potentialAction\":[{\"@type\":\"SearchAction\",\"target\":{\"@type\":\"EntryPoint\",\"urlTemplate\":\"https:\/\/www.eurosmart.hu\/shop\/?s={search_term_string}\"},\"query-input\":\"required name=search_term_string\"}],\"inLanguage\":\"hu\"},{\"@type\":\"Organization\",\"@id\":\"https:\/\/www.eurosmart.hu\/shop\/#organization\",\"name\":\"Eurosmart - Milwaukee web\u00e1ruh\u00e1z\",\"url\":\"https:\/\/www.eurosmart.hu\/shop\/\",\"logo\":{\"@type\":\"ImageObject\",\"inLanguage\":\"hu\",\"@id\":\"https:\/\/www.eurosmart.hu\/shop\/#\/schema\/logo\/image\/\",\"url\":\"https:\/\/www.eurosmart.hu\/shop\/wp-content\/uploads\/2023\/10\/milwaukee-logo-1.png\",\"contentUrl\":\"https:\/\/www.eurosmart.hu\/shop\/wp-content\/uploads\/2023\/10\/milwaukee-logo-1.png\",\"width\":500,\"height\":200,\"caption\":\"Eurosmart - Milwaukee web\u00e1ruh\u00e1z\"},\"image\":{\"@id\":\"https:\/\/www.eurosmart.hu\/shop\/#\/schema\/logo\/image\/\"},\"sameAs\":[\"https:\/\/www.facebook.com\/EurosmartKft\"]}]}<\/script>\n<meta property=\"product:price:amount\" content=\"0\" \/>\n<meta property=\"product:price:currency\" content=\"HUF\" \/>\n<meta property=\"og:availability\" content=\"instock\" \/>\n<meta property=\"product:availability\" content=\"instock\" \/>\n<meta property=\"product:retailer_item_id\" content=\"4932492714-1\" \/>\n<meta property=\"product:condition\" content=\"new\" \/>\n<!-- \/ Yoast SEO Premium plugin. -->","yoast_head_json":{"title":"MILWAUKEE KETT\u0150S VILL\u00c1SKULCSOK, METRIKUS 4\/5 - 36\/41 MM (4932492714) - Eurosmart - Milwaukee web\u00e1ruh\u00e1z","robots":{"index":"index","follow":"follow","max-snippet":"max-snippet:-1","max-image-preview":"max-image-preview:large","max-video-preview":"max-video-preview:-1"},"canonical":"https:\/\/www.eurosmart.hu\/shop\/index.php\/termek\/milwaukee-kettos-villaskulcsok-metrikus-4-5-36-41-mm-4932492714\/","og_locale":"hu_HU","og_type":"article","og_title":"MILWAUKEE KETT\u0150S VILL\u00c1SKULCSOK, METRIKUS 4\/5 - 36\/41 MM (4932492714)","og_description":"A k\u00e9szlet tartalma: 1 db kett\u0151s vill\u00e1skulcs","og_url":"https:\/\/www.eurosmart.hu\/shop\/index.php\/termek\/milwaukee-kettos-villaskulcsok-metrikus-4-5-36-41-mm-4932492714\/","og_site_name":"Eurosmart - Milwaukee web\u00e1ruh\u00e1z","article_publisher":"https:\/\/www.facebook.com\/EurosmartKft","article_modified_time":"2024-03-20T12:01:20+00:00","og_image":[{"width":1000,"height":1000,"url":"https:\/\/www.eurosmart.hu\/shop\/wp-content\/uploads\/2024\/03\/4932492715.jpg","type":"image\/jpeg"}],"twitter_card":"summary_large_image","twitter_misc":{"Price":"","Availability":"In stock"},"schema":{"@context":"https:\/\/schema.org","@graph":[{"@type":"WebPage","@id":"https:\/\/www.eurosmart.hu\/shop\/index.php\/termek\/milwaukee-kettos-villaskulcsok-metrikus-4-5-36-41-mm-4932492714\/","url":"https:\/\/www.eurosmart.hu\/shop\/index.php\/termek\/milwaukee-kettos-villaskulcsok-metrikus-4-5-36-41-mm-4932492714\/","name":"MILWAUKEE KETT\u0150S VILL\u00c1SKULCSOK, METRIKUS 4\/5 - 36\/41 MM (4932492714) - Eurosmart - Milwaukee web\u00e1ruh\u00e1z","isPartOf":{"@id":"https:\/\/www.eurosmart.hu\/shop\/#website"},"datePublished":"2024-03-20T11:49:05+00:00","dateModified":"2024-03-20T12:01:20+00:00","breadcrumb":{"@id":"https:\/\/www.eurosmart.hu\/shop\/index.php\/termek\/milwaukee-kettos-villaskulcsok-metrikus-4-5-36-41-mm-4932492714\/#breadcrumb"},"inLanguage":"hu","potentialAction":[{"@type":"ReadAction","target":["https:\/\/www.eurosmart.hu\/shop\/index.php\/termek\/milwaukee-kettos-villaskulcsok-metrikus-4-5-36-41-mm-4932492714\/"]}]},{"@type":"BreadcrumbList","@id":"https:\/\/www.eurosmart.hu\/shop\/index.php\/termek\/milwaukee-kettos-villaskulcsok-metrikus-4-5-36-41-mm-4932492714\/#breadcrumb","itemListElement":[{"@type":"ListItem","position":1,"name":"Kezd\u0151lap","item":"https:\/\/www.eurosmart.hu\/shop\/"},{"@type":"ListItem","position":2,"name":"Term\u00e9keink","item":"https:\/\/www.eurosmart.hu\/shop\/index.php\/uzlet\/"},{"@type":"ListItem","position":3,"name":"MILWAUKEE KETT\u0150S VILL\u00c1SKULCSOK, METRIKUS 4\/5 &#8211; 36\/41 MM (4932492714)"}]},{"@type":"WebSite","@id":"https:\/\/www.eurosmart.hu\/shop\/#website","url":"https:\/\/www.eurosmart.hu\/shop\/","name":"Eurosmart - Milwaukee web\u00e1ruh\u00e1z","description":"Milwaukee web\u00e1ruh\u00e1z","publisher":{"@id":"https:\/\/www.eurosmart.hu\/shop\/#organization"},"potentialAction":[{"@type":"SearchAction","target":{"@type":"EntryPoint","urlTemplate":"https:\/\/www.eurosmart.hu\/shop\/?s={search_term_string}"},"query-input":"required name=search_term_string"}],"inLanguage":"hu"},{"@type":"Organization","@id":"https:\/\/www.eurosmart.hu\/shop\/#organization","name":"Eurosmart - Milwaukee web\u00e1ruh\u00e1z","url":"https:\/\/www.eurosmart.hu\/shop\/","logo":{"@type":"ImageObject","inLanguage":"hu","@id":"https:\/\/www.eurosmart.hu\/shop\/#\/schema\/logo\/image\/","url":"https:\/\/www.eurosmart.hu\/shop\/wp-content\/uploads\/2023\/10\/milwaukee-logo-1.png","contentUrl":"https:\/\/www.eurosmart.hu\/shop\/wp-content\/uploads\/2023\/10\/milwaukee-logo-1.png","width":500,"height":200,"caption":"Eurosmart - Milwaukee web\u00e1ruh\u00e1z"},"image":{"@id":"https:\/\/www.eurosmart.hu\/shop\/#\/schema\/logo\/image\/"},"sameAs":["https:\/\/www.facebook.com\/EurosmartKft"]}]},"product_price_currency":"HUF","og_availability":"instock","product_availability":"instock","product_retailer_item_id":"4932492714-1","product_condition":"new"},"_links":{"self":[{"href":"https:\/\/www.eurosmart.hu\/shop\/index.php\/wp-json\/wp\/v2\/product\/7172","targetHints":{"allow":["GET"]}}],"collection":[{"href":"https:\/\/www.eurosmart.hu\/shop\/index.php\/wp-json\/wp\/v2\/product"}],"about":[{"href":"https:\/\/www.eurosmart.hu\/shop\/index.php\/wp-json\/wp\/v2\/types\/product"}],"wp:featuredmedia":[{"embeddable":true,"href":"https:\/\/www.eurosmart.hu\/shop\/index.php\/wp-json\/wp\/v2\/media\/7173"}],"wp:attachment":[{"href":"https:\/\/www.eurosmart.hu\/shop\/index.php\/wp-json\/wp\/v2\/media?parent=7172"}],"wp:term":[{"taxonomy":"product_cat","embeddable":true,"href":"https:\/\/www.eurosmart.hu\/shop\/index.php\/wp-json\/wp\/v2\/product_cat?post=7172"},{"taxonomy":"product_tag","embeddable":true,"href":"https:\/\/www.eurosmart.hu\/shop\/index.php\/wp-json\/wp\/v2\/product_tag?post=7172"}],"curies":[{"name":"wp","href":"https:\/\/api.w.org\/{rel}","templated":true}]}}