{"id":7154,"date":"2024-03-20T11:03:46","date_gmt":"2024-03-20T11:03:46","guid":{"rendered":"https:\/\/www.eurosmart.hu\/shop\/?post_type=product&#038;p=7154"},"modified":"2024-03-20T11:19:13","modified_gmt":"2024-03-20T11:19:13","slug":"milwaukee-max-bite-racsnis-csillag-villaskulcsok-metrikus-4932471501","status":"publish","type":"product","link":"https:\/\/www.eurosmart.hu\/shop\/index.php\/termek\/milwaukee-max-bite-racsnis-csillag-villaskulcsok-metrikus-4932471501\/","title":{"rendered":"MILWAUKEE MAX BITE\u2122 RACSNIS CSILLAG-VILL\u00c1SKULCSOK METRIKUS 8-22 MM (4932471501)"},"content":{"rendered":"<h5>Tulajdons\u00e1gok:<\/h5>\n<ul class=\"ProductFeaturesTextstyles__FeatureList-fxqvf2-1 dUrrwH\">\n<li class=\"ProductFeaturesTextstyles__Feature-fxqvf2-3 ggyeUS\">144 fogas racsni 2,5\u00b0-os \u00edves mozg\u00e1st biztos\u00edtva, lehet\u0151v\u00e9 t\u00e9ve a sz\u0171k helyeken val\u00f3 hozz\u00e1f\u00e9r\u00e9st<\/li>\n<li class=\"ProductFeaturesTextstyles__Feature-fxqvf2-3 ggyeUS\">Dupla retesz a hosszabb racsni \u00e9lettertam \u00e9rdek\u00e9ben<\/li>\n<li class=\"ProductFeaturesTextstyles__Feature-fxqvf2-3 ggyeUS\">MAX BITE\u2122 kialak\u00edt\u00e1s\u00fa vill\u00e1skulcsfej, t\u00f6k\u00e9letesen illeszkedik a csavarfejre, ez\u00e1ltal cs\u00f6kkenti a csavar s\u00e9r\u00fcl\u00e9s\u00e9nek \u00e9s a kulcs lecs\u00fasz\u00e1s\u00e1nak lehet\u0151s\u00e9g\u00e9t<\/li>\n<li class=\"ProductFeaturesTextstyles__Feature-fxqvf2-3 ggyeUS\">Lekerek\u00edtett I-form\u00e1j\u00fa k\u00e9nyelmes markolat<\/li>\n<li class=\"ProductFeaturesTextstyles__Feature-fxqvf2-3 ggyeUS\">Sz\u00ednezett feliratok a jobb l\u00e1that\u00f3s\u00e1g\u00e9rt<\/li>\n<li class=\"ProductFeaturesTextstyles__Feature-fxqvf2-3 ggyeUS\">Anyaga kr\u00f3m \u00f6tv\u00f6zet\u0171 nemesac\u00e9l, kr\u00f3mozott bevonattal<\/li>\n<\/ul>\n<h5>El\u00e9rhet\u0151 m\u00e9retek (mm):<\/h5>\n<p>8\u00a0 &#8211; (4932471501)<\/p>\n<p>9\u00a0 &#8211; (4932471502)<\/p>\n<p>10 &#8211; (4932471503)<\/p>\n<p>11\u00a0 &#8211; (4932471504)<\/p>\n<p>12\u00a0 &#8211; (4932471505)<\/p>\n<p>13\u00a0 &#8211; (4932471506)<\/p>\n<p>14\u00a0 &#8211; (4932471507)<\/p>\n<p>15\u00a0 &#8211; (4932471508)<\/p>\n<p>16\u00a0 &#8211; (4932471509)<\/p>\n<p>17\u00a0 &#8211; (4932471510)<\/p>\n<p>18\u00a0 &#8211; (4932471511)<\/p>\n<p>19\u00a0 &#8211; (4932471512)<\/p>\n<p>20\u00a0 &#8211; (4932471513)<\/p>\n<p>21\u00a0 &#8211; (4932471514)<\/p>\n<p>22\u00a0 &#8211; (4932471515)<\/p>\n<p>&nbsp;<\/p>\n","protected":false},"excerpt":{"rendered":"<p><strong>A k\u00e9szlet tartalma:\u00a0<\/strong>1 db racsnis csillag-vill\u00e1skulcs<\/p>\n<div id=\"gtx-trans\" style=\"position: absolute; left: 585px; top: 37px;\">\n<div class=\"gtx-trans-icon\"><\/div>\n<\/div>\n","protected":false},"featured_media":7155,"template":"","meta":[],"product_cat":[208,59,215,89],"product_tag":[],"class_list":["post-7154","product","type-product","status-publish","has-post-thumbnail","hentry","product_cat-keziszerszamok-termekek","product_cat-milwaukee","product_cat-szerszamkulcsok","product_cat-termekek"],"yoast_head":"<!-- This site is optimized with the Yoast SEO Premium plugin v21.3 (Yoast SEO v21.3) - https:\/\/yoast.com\/wordpress\/plugins\/seo\/ -->\n<title>MILWAUKEE MAX BITE\u2122 RACSNIS CSILLAG-VILL\u00c1SKULCSOK METRIKUS 8-22 MM (4932471501) - Eurosmart - Milwaukee web\u00e1ruh\u00e1z<\/title>\n<meta name=\"robots\" content=\"index, follow, max-snippet:-1, max-image-preview:large, max-video-preview:-1\" \/>\n<link rel=\"canonical\" href=\"https:\/\/www.eurosmart.hu\/shop\/index.php\/termek\/milwaukee-max-bite-racsnis-csillag-villaskulcsok-metrikus-4932471501\/\" \/>\n<meta property=\"og:locale\" content=\"hu_HU\" \/>\n<meta property=\"og:type\" content=\"article\" \/>\n<meta property=\"og:title\" content=\"MILWAUKEE MAX BITE\u2122 RACSNIS CSILLAG-VILL\u00c1SKULCSOK METRIKUS 8-22 MM (4932471501)\" \/>\n<meta property=\"og:description\" content=\"A k\u00e9szlet tartalma:\u00a01 db racsnis csillag-vill\u00e1skulcs\" \/>\n<meta property=\"og:url\" content=\"https:\/\/www.eurosmart.hu\/shop\/index.php\/termek\/milwaukee-max-bite-racsnis-csillag-villaskulcsok-metrikus-4932471501\/\" \/>\n<meta property=\"og:site_name\" content=\"Eurosmart - Milwaukee web\u00e1ruh\u00e1z\" \/>\n<meta property=\"article:publisher\" content=\"https:\/\/www.facebook.com\/EurosmartKft\" \/>\n<meta property=\"article:modified_time\" content=\"2024-03-20T11:19:13+00:00\" \/>\n<meta property=\"og:image\" content=\"https:\/\/www.eurosmart.hu\/shop\/wp-content\/uploads\/2024\/03\/4932471501.jpg\" \/>\n\t<meta property=\"og:image:width\" content=\"1000\" \/>\n\t<meta property=\"og:image:height\" content=\"1000\" \/>\n\t<meta property=\"og:image:type\" content=\"image\/jpeg\" \/>\n<meta name=\"twitter:card\" content=\"summary_large_image\" \/>\n<meta name=\"twitter:label1\" content=\"Price\" \/>\n\t<meta name=\"twitter:data1\" content=\"\" \/>\n\t<meta name=\"twitter:label2\" content=\"Availability\" \/>\n\t<meta name=\"twitter:data2\" content=\"In stock\" \/>\n<script type=\"application\/ld+json\" class=\"yoast-schema-graph\">{\"@context\":\"https:\/\/schema.org\",\"@graph\":[{\"@type\":\"WebPage\",\"@id\":\"https:\/\/www.eurosmart.hu\/shop\/index.php\/termek\/milwaukee-max-bite-racsnis-csillag-villaskulcsok-metrikus-4932471501\/\",\"url\":\"https:\/\/www.eurosmart.hu\/shop\/index.php\/termek\/milwaukee-max-bite-racsnis-csillag-villaskulcsok-metrikus-4932471501\/\",\"name\":\"MILWAUKEE MAX BITE\u2122 RACSNIS CSILLAG-VILL\u00c1SKULCSOK METRIKUS 8-22 MM (4932471501) - Eurosmart - Milwaukee web\u00e1ruh\u00e1z\",\"isPartOf\":{\"@id\":\"https:\/\/www.eurosmart.hu\/shop\/#website\"},\"datePublished\":\"2024-03-20T11:03:46+00:00\",\"dateModified\":\"2024-03-20T11:19:13+00:00\",\"breadcrumb\":{\"@id\":\"https:\/\/www.eurosmart.hu\/shop\/index.php\/termek\/milwaukee-max-bite-racsnis-csillag-villaskulcsok-metrikus-4932471501\/#breadcrumb\"},\"inLanguage\":\"hu\",\"potentialAction\":[{\"@type\":\"ReadAction\",\"target\":[\"https:\/\/www.eurosmart.hu\/shop\/index.php\/termek\/milwaukee-max-bite-racsnis-csillag-villaskulcsok-metrikus-4932471501\/\"]}]},{\"@type\":\"BreadcrumbList\",\"@id\":\"https:\/\/www.eurosmart.hu\/shop\/index.php\/termek\/milwaukee-max-bite-racsnis-csillag-villaskulcsok-metrikus-4932471501\/#breadcrumb\",\"itemListElement\":[{\"@type\":\"ListItem\",\"position\":1,\"name\":\"Kezd\u0151lap\",\"item\":\"https:\/\/www.eurosmart.hu\/shop\/\"},{\"@type\":\"ListItem\",\"position\":2,\"name\":\"Term\u00e9keink\",\"item\":\"https:\/\/www.eurosmart.hu\/shop\/index.php\/uzlet\/\"},{\"@type\":\"ListItem\",\"position\":3,\"name\":\"MILWAUKEE MAX BITE\u2122 RACSNIS CSILLAG-VILL\u00c1SKULCSOK METRIKUS 8-22 MM (4932471501)\"}]},{\"@type\":\"WebSite\",\"@id\":\"https:\/\/www.eurosmart.hu\/shop\/#website\",\"url\":\"https:\/\/www.eurosmart.hu\/shop\/\",\"name\":\"Eurosmart - Milwaukee web\u00e1ruh\u00e1z\",\"description\":\"Milwaukee web\u00e1ruh\u00e1z\",\"publisher\":{\"@id\":\"https:\/\/www.eurosmart.hu\/shop\/#organization\"},\"potentialAction\":[{\"@type\":\"SearchAction\",\"target\":{\"@type\":\"EntryPoint\",\"urlTemplate\":\"https:\/\/www.eurosmart.hu\/shop\/?s={search_term_string}\"},\"query-input\":\"required name=search_term_string\"}],\"inLanguage\":\"hu\"},{\"@type\":\"Organization\",\"@id\":\"https:\/\/www.eurosmart.hu\/shop\/#organization\",\"name\":\"Eurosmart - Milwaukee web\u00e1ruh\u00e1z\",\"url\":\"https:\/\/www.eurosmart.hu\/shop\/\",\"logo\":{\"@type\":\"ImageObject\",\"inLanguage\":\"hu\",\"@id\":\"https:\/\/www.eurosmart.hu\/shop\/#\/schema\/logo\/image\/\",\"url\":\"https:\/\/www.eurosmart.hu\/shop\/wp-content\/uploads\/2023\/10\/milwaukee-logo-1.png\",\"contentUrl\":\"https:\/\/www.eurosmart.hu\/shop\/wp-content\/uploads\/2023\/10\/milwaukee-logo-1.png\",\"width\":500,\"height\":200,\"caption\":\"Eurosmart - Milwaukee web\u00e1ruh\u00e1z\"},\"image\":{\"@id\":\"https:\/\/www.eurosmart.hu\/shop\/#\/schema\/logo\/image\/\"},\"sameAs\":[\"https:\/\/www.facebook.com\/EurosmartKft\"]}]}<\/script>\n<meta property=\"product:price:amount\" content=\"0\" \/>\n<meta property=\"product:price:currency\" content=\"HUF\" \/>\n<meta property=\"og:availability\" content=\"instock\" \/>\n<meta property=\"product:availability\" content=\"instock\" \/>\n<meta property=\"product:retailer_item_id\" content=\"4932471501\" \/>\n<meta property=\"product:condition\" content=\"new\" \/>\n<!-- \/ Yoast SEO Premium plugin. -->","yoast_head_json":{"title":"MILWAUKEE MAX BITE\u2122 RACSNIS CSILLAG-VILL\u00c1SKULCSOK METRIKUS 8-22 MM (4932471501) - Eurosmart - Milwaukee web\u00e1ruh\u00e1z","robots":{"index":"index","follow":"follow","max-snippet":"max-snippet:-1","max-image-preview":"max-image-preview:large","max-video-preview":"max-video-preview:-1"},"canonical":"https:\/\/www.eurosmart.hu\/shop\/index.php\/termek\/milwaukee-max-bite-racsnis-csillag-villaskulcsok-metrikus-4932471501\/","og_locale":"hu_HU","og_type":"article","og_title":"MILWAUKEE MAX BITE\u2122 RACSNIS CSILLAG-VILL\u00c1SKULCSOK METRIKUS 8-22 MM (4932471501)","og_description":"A k\u00e9szlet tartalma:\u00a01 db racsnis csillag-vill\u00e1skulcs","og_url":"https:\/\/www.eurosmart.hu\/shop\/index.php\/termek\/milwaukee-max-bite-racsnis-csillag-villaskulcsok-metrikus-4932471501\/","og_site_name":"Eurosmart - Milwaukee web\u00e1ruh\u00e1z","article_publisher":"https:\/\/www.facebook.com\/EurosmartKft","article_modified_time":"2024-03-20T11:19:13+00:00","og_image":[{"width":1000,"height":1000,"url":"https:\/\/www.eurosmart.hu\/shop\/wp-content\/uploads\/2024\/03\/4932471501.jpg","type":"image\/jpeg"}],"twitter_card":"summary_large_image","twitter_misc":{"Price":"","Availability":"In stock"},"schema":{"@context":"https:\/\/schema.org","@graph":[{"@type":"WebPage","@id":"https:\/\/www.eurosmart.hu\/shop\/index.php\/termek\/milwaukee-max-bite-racsnis-csillag-villaskulcsok-metrikus-4932471501\/","url":"https:\/\/www.eurosmart.hu\/shop\/index.php\/termek\/milwaukee-max-bite-racsnis-csillag-villaskulcsok-metrikus-4932471501\/","name":"MILWAUKEE MAX BITE\u2122 RACSNIS CSILLAG-VILL\u00c1SKULCSOK METRIKUS 8-22 MM (4932471501) - Eurosmart - Milwaukee web\u00e1ruh\u00e1z","isPartOf":{"@id":"https:\/\/www.eurosmart.hu\/shop\/#website"},"datePublished":"2024-03-20T11:03:46+00:00","dateModified":"2024-03-20T11:19:13+00:00","breadcrumb":{"@id":"https:\/\/www.eurosmart.hu\/shop\/index.php\/termek\/milwaukee-max-bite-racsnis-csillag-villaskulcsok-metrikus-4932471501\/#breadcrumb"},"inLanguage":"hu","potentialAction":[{"@type":"ReadAction","target":["https:\/\/www.eurosmart.hu\/shop\/index.php\/termek\/milwaukee-max-bite-racsnis-csillag-villaskulcsok-metrikus-4932471501\/"]}]},{"@type":"BreadcrumbList","@id":"https:\/\/www.eurosmart.hu\/shop\/index.php\/termek\/milwaukee-max-bite-racsnis-csillag-villaskulcsok-metrikus-4932471501\/#breadcrumb","itemListElement":[{"@type":"ListItem","position":1,"name":"Kezd\u0151lap","item":"https:\/\/www.eurosmart.hu\/shop\/"},{"@type":"ListItem","position":2,"name":"Term\u00e9keink","item":"https:\/\/www.eurosmart.hu\/shop\/index.php\/uzlet\/"},{"@type":"ListItem","position":3,"name":"MILWAUKEE MAX BITE\u2122 RACSNIS CSILLAG-VILL\u00c1SKULCSOK METRIKUS 8-22 MM (4932471501)"}]},{"@type":"WebSite","@id":"https:\/\/www.eurosmart.hu\/shop\/#website","url":"https:\/\/www.eurosmart.hu\/shop\/","name":"Eurosmart - Milwaukee web\u00e1ruh\u00e1z","description":"Milwaukee web\u00e1ruh\u00e1z","publisher":{"@id":"https:\/\/www.eurosmart.hu\/shop\/#organization"},"potentialAction":[{"@type":"SearchAction","target":{"@type":"EntryPoint","urlTemplate":"https:\/\/www.eurosmart.hu\/shop\/?s={search_term_string}"},"query-input":"required name=search_term_string"}],"inLanguage":"hu"},{"@type":"Organization","@id":"https:\/\/www.eurosmart.hu\/shop\/#organization","name":"Eurosmart - Milwaukee web\u00e1ruh\u00e1z","url":"https:\/\/www.eurosmart.hu\/shop\/","logo":{"@type":"ImageObject","inLanguage":"hu","@id":"https:\/\/www.eurosmart.hu\/shop\/#\/schema\/logo\/image\/","url":"https:\/\/www.eurosmart.hu\/shop\/wp-content\/uploads\/2023\/10\/milwaukee-logo-1.png","contentUrl":"https:\/\/www.eurosmart.hu\/shop\/wp-content\/uploads\/2023\/10\/milwaukee-logo-1.png","width":500,"height":200,"caption":"Eurosmart - Milwaukee web\u00e1ruh\u00e1z"},"image":{"@id":"https:\/\/www.eurosmart.hu\/shop\/#\/schema\/logo\/image\/"},"sameAs":["https:\/\/www.facebook.com\/EurosmartKft"]}]},"product_price_currency":"HUF","og_availability":"instock","product_availability":"instock","product_retailer_item_id":"4932471501","product_condition":"new"},"_links":{"self":[{"href":"https:\/\/www.eurosmart.hu\/shop\/index.php\/wp-json\/wp\/v2\/product\/7154","targetHints":{"allow":["GET"]}}],"collection":[{"href":"https:\/\/www.eurosmart.hu\/shop\/index.php\/wp-json\/wp\/v2\/product"}],"about":[{"href":"https:\/\/www.eurosmart.hu\/shop\/index.php\/wp-json\/wp\/v2\/types\/product"}],"wp:featuredmedia":[{"embeddable":true,"href":"https:\/\/www.eurosmart.hu\/shop\/index.php\/wp-json\/wp\/v2\/media\/7155"}],"wp:attachment":[{"href":"https:\/\/www.eurosmart.hu\/shop\/index.php\/wp-json\/wp\/v2\/media?parent=7154"}],"wp:term":[{"taxonomy":"product_cat","embeddable":true,"href":"https:\/\/www.eurosmart.hu\/shop\/index.php\/wp-json\/wp\/v2\/product_cat?post=7154"},{"taxonomy":"product_tag","embeddable":true,"href":"https:\/\/www.eurosmart.hu\/shop\/index.php\/wp-json\/wp\/v2\/product_tag?post=7154"}],"curies":[{"name":"wp","href":"https:\/\/api.w.org\/{rel}","templated":true}]}}