{"id":6965,"date":"2024-03-07T12:29:36","date_gmt":"2024-03-07T12:29:36","guid":{"rendered":"https:\/\/www.eurosmart.hu\/shop\/?post_type=product&#038;p=6965"},"modified":"2024-03-18T10:52:10","modified_gmt":"2024-03-18T10:52:10","slug":"milwaukee-3-8-racsnis-dugokulcs-keszlet-metrikus-es-colos-meret-56-reszes-4932464946","status":"publish","type":"product","link":"https:\/\/www.eurosmart.hu\/shop\/index.php\/termek\/milwaukee-3-8-racsnis-dugokulcs-keszlet-metrikus-es-colos-meret-56-reszes-4932464946\/","title":{"rendered":"MILWAUKEE 3\/8\u2033 RACSNIS DUG\u00d3KULCS K\u00c9SZLET METRIKUS \u00c9S COLOS M\u00c9RET 56 R\u00c9SZES (4932464946)"},"content":{"rendered":"<h5>Tulajdons\u00e1gok:<\/h5>\n<ul class=\"ProductFeaturesTextstyles__FeatureList-fxqvf2-1 dUrrwH\">\n<li class=\"ProductFeaturesTextstyles__Feature-fxqvf2-3 ggyeUS\">90 fogas\u00a0kialak\u00edt\u00e1s, 4\u00b0-os forg\u00e1s oszt\u00e1ssal a sz\u0171k helyekhez<\/li>\n<li class=\"ProductFeaturesTextstyles__Feature-fxqvf2-3 ggyeUS\">Kivehet\u0151 bels\u0151 t\u00e1rol\u00f3 t\u00e1lc\u00e1val rendelkezik<\/li>\n<li class=\"ProductFeaturesTextstyles__Feature-fxqvf2-3 ggyeUS\">M\u00e9retjel\u00f6l\u00e9s a dug\u00f3kulcsok lapos oldal\u00e1n a j\u00f3l l\u00e1that\u00f3s\u00e1g \u00e9rdek\u00e9ben<\/li>\n<li class=\"ProductFeaturesTextstyles__Feature-fxqvf2-3 ggyeUS\">Minden r\u00e9sze f\u00e9mb\u0151l k\u00e9sz\u00fclt, maxim\u00e1lis ellen\u00e1l\u00f3k\u00e9pess\u00e9g<\/li>\n<li class=\"ProductFeaturesTextstyles__Feature-fxqvf2-3 ggyeUS\">FOUR FLAT\u2122 dug\u00f3kulcsok nem gurulnak el<\/li>\n<li class=\"ProductFeaturesTextstyles__Feature-fxqvf2-3 ggyeUS\">A karcs\u00fa kialak\u00edt\u00e1s\u00fa fej \u00e9s az ir\u00e1nyv\u00e1lt\u00f3 kar, jobb hozz\u00e1f\u00e9r\u00e9st biztos\u00edt<\/li>\n<\/ul>\n","protected":false},"excerpt":{"rendered":"<h5>A k\u00e9szlet tartalma:<\/h5>\n<ul>\n<li>1 db racsnis kulcs<\/li>\n<li>2 db hosszabb\u00edt\u00f3 told\u00f3<\/li>\n<li>Szabv\u00e1ny Metrikus dug\u00f3kulcsok: 6 mm, 7 mm, 8 mm, 9 mm, 10 mm, 11 mm, 12 mm, 13 mm, 14 mm, 15 mm, 16 mm, 17 mm, 18 mm, 19 mm<\/li>\n<li>Szabv\u00e1ny Colos dug\u00f3kulcsok: \u00bc\u02dd, 5\/16\u02dd, \u215c\u02dd, 7\/16\u02dd, \u00bd\u02dd, 9\/16\u02dd, \u215d\u02dd, 11\/16\u02dd, \u00be\u02dd, 13\/16\u02dd, \u215e\u02dd, 5\/16\u02dd<\/li>\n<li>Szabv\u00e1ny hossz\u00edtott Metrikus dug\u00f3kulcsok: 6 mm, 7 mm, 8 mm, 9 mm, 10 mm, 11 mm, 12 mm, 13 mm, 14 mm, 15 mm, 16 mm, 17 mm, 18 mm, 19 mm<\/li>\n<li>Szabv\u00e1ny\u00a0hossz\u00edtott Colos\u00a0dug\u00f3kulcsok:\u00bc\u02dd, 5\/16\u02dd, \u215c\u02dd, 7\/16\u02dd, \u00bd\u02dd, 9\/16\u02dd, \u215d\u02dd, 11\/16\u02dd, \u00be\u02dd, 13\/16\u02dd, \u215e\u02dd, 5\/16\u02dd<\/li>\n<li>Tart\u00f3doboz t\u00e1lc\u00e1val<\/li>\n<\/ul>\n","protected":false},"featured_media":6966,"template":"","meta":[],"product_cat":[208,59,215,89],"product_tag":[],"class_list":["post-6965","product","type-product","status-publish","has-post-thumbnail","hentry","product_cat-keziszerszamok-termekek","product_cat-milwaukee","product_cat-szerszamkulcsok","product_cat-termekek"],"yoast_head":"<!-- This site is optimized with the Yoast SEO Premium plugin v21.3 (Yoast SEO v21.3) - https:\/\/yoast.com\/wordpress\/plugins\/seo\/ -->\n<title>MILWAUKEE 3\/8\u2033 RACSNIS DUG\u00d3KULCS K\u00c9SZLET METRIKUS \u00c9S COLOS M\u00c9RET 56 R\u00c9SZES (4932464946) - Eurosmart - Milwaukee web\u00e1ruh\u00e1z<\/title>\n<meta name=\"robots\" content=\"index, follow, max-snippet:-1, max-image-preview:large, max-video-preview:-1\" \/>\n<link rel=\"canonical\" href=\"https:\/\/www.eurosmart.hu\/shop\/index.php\/termek\/milwaukee-3-8-racsnis-dugokulcs-keszlet-metrikus-es-colos-meret-56-reszes-4932464946\/\" \/>\n<meta property=\"og:locale\" content=\"hu_HU\" \/>\n<meta property=\"og:type\" content=\"article\" \/>\n<meta property=\"og:title\" content=\"MILWAUKEE 3\/8\u2033 RACSNIS DUG\u00d3KULCS K\u00c9SZLET METRIKUS \u00c9S COLOS M\u00c9RET 56 R\u00c9SZES (4932464946)\" \/>\n<meta property=\"og:description\" content=\"A k\u00e9szlet tartalma:   1 db racsnis kulcs  2 db hosszabb\u00edt\u00f3 told\u00f3  Szabv\u00e1ny Metrikus dug\u00f3kulcsok: 6 mm, 7 mm, 8 mm, 9 mm, 10 mm, 11 mm, 12 mm, 13 mm, 14 mm, 15 mm, 16 mm, 17 mm, 18 mm, 19 mm  Szabv\u00e1ny Colos dug\u00f3kulcsok: \u00bc\u02dd, 5\/16\u02dd, \u215c\u02dd, 7\/16\u02dd, \u00bd\u02dd, 9\/16\u02dd, \u215d\u02dd, 11\/16\u02dd, \u00be\u02dd, 13\/16\u02dd, \u215e\u02dd, 5\/16\u02dd  Szabv\u00e1ny hossz\u00edtott Metrikus dug\u00f3kulcsok: 6 mm, 7 mm, 8 mm, 9 mm, 10 mm, 11 mm, 12 mm, 13 mm, 14 mm, 15 mm, 16 mm, 17 mm, 18 mm, 19 mm  Szabv\u00e1ny\u00a0hossz\u00edtott Colos\u00a0dug\u00f3kulcsok:\u00bc\u02dd, 5\/16\u02dd, \u215c\u02dd, 7\/16\u02dd, \u00bd\u02dd, 9\/16\u02dd, \u215d\u02dd, 11\/16\u02dd, \u00be\u02dd, 13\/16\u02dd, \u215e\u02dd, 5\/16\u02dd  Tart\u00f3doboz t\u00e1lc\u00e1val\" \/>\n<meta property=\"og:url\" content=\"https:\/\/www.eurosmart.hu\/shop\/index.php\/termek\/milwaukee-3-8-racsnis-dugokulcs-keszlet-metrikus-es-colos-meret-56-reszes-4932464946\/\" \/>\n<meta property=\"og:site_name\" content=\"Eurosmart - Milwaukee web\u00e1ruh\u00e1z\" \/>\n<meta property=\"article:publisher\" content=\"https:\/\/www.facebook.com\/EurosmartKft\" \/>\n<meta property=\"article:modified_time\" content=\"2024-03-18T10:52:10+00:00\" \/>\n<meta property=\"og:image\" content=\"https:\/\/www.eurosmart.hu\/shop\/wp-content\/uploads\/2024\/03\/4932464946.jpg\" \/>\n\t<meta property=\"og:image:width\" content=\"1000\" \/>\n\t<meta property=\"og:image:height\" content=\"1000\" \/>\n\t<meta property=\"og:image:type\" content=\"image\/jpeg\" \/>\n<meta name=\"twitter:card\" content=\"summary_large_image\" \/>\n<meta name=\"twitter:label1\" content=\"Price\" \/>\n\t<meta name=\"twitter:data1\" content=\"\" \/>\n\t<meta name=\"twitter:label2\" content=\"Availability\" \/>\n\t<meta name=\"twitter:data2\" content=\"On backorder\" \/>\n<script type=\"application\/ld+json\" class=\"yoast-schema-graph\">{\"@context\":\"https:\/\/schema.org\",\"@graph\":[{\"@type\":\"WebPage\",\"@id\":\"https:\/\/www.eurosmart.hu\/shop\/index.php\/termek\/milwaukee-3-8-racsnis-dugokulcs-keszlet-metrikus-es-colos-meret-56-reszes-4932464946\/\",\"url\":\"https:\/\/www.eurosmart.hu\/shop\/index.php\/termek\/milwaukee-3-8-racsnis-dugokulcs-keszlet-metrikus-es-colos-meret-56-reszes-4932464946\/\",\"name\":\"MILWAUKEE 3\/8\u2033 RACSNIS DUG\u00d3KULCS K\u00c9SZLET METRIKUS \u00c9S COLOS M\u00c9RET 56 R\u00c9SZES (4932464946) - Eurosmart - Milwaukee web\u00e1ruh\u00e1z\",\"isPartOf\":{\"@id\":\"https:\/\/www.eurosmart.hu\/shop\/#website\"},\"datePublished\":\"2024-03-07T12:29:36+00:00\",\"dateModified\":\"2024-03-18T10:52:10+00:00\",\"breadcrumb\":{\"@id\":\"https:\/\/www.eurosmart.hu\/shop\/index.php\/termek\/milwaukee-3-8-racsnis-dugokulcs-keszlet-metrikus-es-colos-meret-56-reszes-4932464946\/#breadcrumb\"},\"inLanguage\":\"hu\",\"potentialAction\":[{\"@type\":\"ReadAction\",\"target\":[\"https:\/\/www.eurosmart.hu\/shop\/index.php\/termek\/milwaukee-3-8-racsnis-dugokulcs-keszlet-metrikus-es-colos-meret-56-reszes-4932464946\/\"]}]},{\"@type\":\"BreadcrumbList\",\"@id\":\"https:\/\/www.eurosmart.hu\/shop\/index.php\/termek\/milwaukee-3-8-racsnis-dugokulcs-keszlet-metrikus-es-colos-meret-56-reszes-4932464946\/#breadcrumb\",\"itemListElement\":[{\"@type\":\"ListItem\",\"position\":1,\"name\":\"Kezd\u0151lap\",\"item\":\"https:\/\/www.eurosmart.hu\/shop\/\"},{\"@type\":\"ListItem\",\"position\":2,\"name\":\"Term\u00e9keink\",\"item\":\"https:\/\/www.eurosmart.hu\/shop\/index.php\/uzlet\/\"},{\"@type\":\"ListItem\",\"position\":3,\"name\":\"MILWAUKEE 3\/8\u2033 RACSNIS DUG\u00d3KULCS K\u00c9SZLET METRIKUS \u00c9S COLOS M\u00c9RET 56 R\u00c9SZES (4932464946)\"}]},{\"@type\":\"WebSite\",\"@id\":\"https:\/\/www.eurosmart.hu\/shop\/#website\",\"url\":\"https:\/\/www.eurosmart.hu\/shop\/\",\"name\":\"Eurosmart - Milwaukee web\u00e1ruh\u00e1z\",\"description\":\"Milwaukee web\u00e1ruh\u00e1z\",\"publisher\":{\"@id\":\"https:\/\/www.eurosmart.hu\/shop\/#organization\"},\"potentialAction\":[{\"@type\":\"SearchAction\",\"target\":{\"@type\":\"EntryPoint\",\"urlTemplate\":\"https:\/\/www.eurosmart.hu\/shop\/?s={search_term_string}\"},\"query-input\":\"required name=search_term_string\"}],\"inLanguage\":\"hu\"},{\"@type\":\"Organization\",\"@id\":\"https:\/\/www.eurosmart.hu\/shop\/#organization\",\"name\":\"Eurosmart - Milwaukee web\u00e1ruh\u00e1z\",\"url\":\"https:\/\/www.eurosmart.hu\/shop\/\",\"logo\":{\"@type\":\"ImageObject\",\"inLanguage\":\"hu\",\"@id\":\"https:\/\/www.eurosmart.hu\/shop\/#\/schema\/logo\/image\/\",\"url\":\"https:\/\/www.eurosmart.hu\/shop\/wp-content\/uploads\/2023\/10\/milwaukee-logo-1.png\",\"contentUrl\":\"https:\/\/www.eurosmart.hu\/shop\/wp-content\/uploads\/2023\/10\/milwaukee-logo-1.png\",\"width\":500,\"height\":200,\"caption\":\"Eurosmart - Milwaukee web\u00e1ruh\u00e1z\"},\"image\":{\"@id\":\"https:\/\/www.eurosmart.hu\/shop\/#\/schema\/logo\/image\/\"},\"sameAs\":[\"https:\/\/www.facebook.com\/EurosmartKft\"]}]}<\/script>\n<meta property=\"product:price:amount\" content=\"0\" \/>\n<meta property=\"product:price:currency\" content=\"HUF\" \/>\n<meta property=\"og:availability\" content=\"backorder\" \/>\n<meta property=\"product:availability\" content=\"available for order\" \/>\n<meta property=\"product:retailer_item_id\" content=\"4932464946\" \/>\n<meta property=\"product:condition\" content=\"new\" \/>\n<!-- \/ Yoast SEO Premium plugin. -->","yoast_head_json":{"title":"MILWAUKEE 3\/8\u2033 RACSNIS DUG\u00d3KULCS K\u00c9SZLET METRIKUS \u00c9S COLOS M\u00c9RET 56 R\u00c9SZES (4932464946) - Eurosmart - Milwaukee web\u00e1ruh\u00e1z","robots":{"index":"index","follow":"follow","max-snippet":"max-snippet:-1","max-image-preview":"max-image-preview:large","max-video-preview":"max-video-preview:-1"},"canonical":"https:\/\/www.eurosmart.hu\/shop\/index.php\/termek\/milwaukee-3-8-racsnis-dugokulcs-keszlet-metrikus-es-colos-meret-56-reszes-4932464946\/","og_locale":"hu_HU","og_type":"article","og_title":"MILWAUKEE 3\/8\u2033 RACSNIS DUG\u00d3KULCS K\u00c9SZLET METRIKUS \u00c9S COLOS M\u00c9RET 56 R\u00c9SZES (4932464946)","og_description":"A k\u00e9szlet tartalma:   1 db racsnis kulcs  2 db hosszabb\u00edt\u00f3 told\u00f3  Szabv\u00e1ny Metrikus dug\u00f3kulcsok: 6 mm, 7 mm, 8 mm, 9 mm, 10 mm, 11 mm, 12 mm, 13 mm, 14 mm, 15 mm, 16 mm, 17 mm, 18 mm, 19 mm  Szabv\u00e1ny Colos dug\u00f3kulcsok: \u00bc\u02dd, 5\/16\u02dd, \u215c\u02dd, 7\/16\u02dd, \u00bd\u02dd, 9\/16\u02dd, \u215d\u02dd, 11\/16\u02dd, \u00be\u02dd, 13\/16\u02dd, \u215e\u02dd, 5\/16\u02dd  Szabv\u00e1ny hossz\u00edtott Metrikus dug\u00f3kulcsok: 6 mm, 7 mm, 8 mm, 9 mm, 10 mm, 11 mm, 12 mm, 13 mm, 14 mm, 15 mm, 16 mm, 17 mm, 18 mm, 19 mm  Szabv\u00e1ny\u00a0hossz\u00edtott Colos\u00a0dug\u00f3kulcsok:\u00bc\u02dd, 5\/16\u02dd, \u215c\u02dd, 7\/16\u02dd, \u00bd\u02dd, 9\/16\u02dd, \u215d\u02dd, 11\/16\u02dd, \u00be\u02dd, 13\/16\u02dd, \u215e\u02dd, 5\/16\u02dd  Tart\u00f3doboz t\u00e1lc\u00e1val","og_url":"https:\/\/www.eurosmart.hu\/shop\/index.php\/termek\/milwaukee-3-8-racsnis-dugokulcs-keszlet-metrikus-es-colos-meret-56-reszes-4932464946\/","og_site_name":"Eurosmart - Milwaukee web\u00e1ruh\u00e1z","article_publisher":"https:\/\/www.facebook.com\/EurosmartKft","article_modified_time":"2024-03-18T10:52:10+00:00","og_image":[{"width":1000,"height":1000,"url":"https:\/\/www.eurosmart.hu\/shop\/wp-content\/uploads\/2024\/03\/4932464946.jpg","type":"image\/jpeg"}],"twitter_card":"summary_large_image","twitter_misc":{"Price":"","Availability":"On backorder"},"schema":{"@context":"https:\/\/schema.org","@graph":[{"@type":"WebPage","@id":"https:\/\/www.eurosmart.hu\/shop\/index.php\/termek\/milwaukee-3-8-racsnis-dugokulcs-keszlet-metrikus-es-colos-meret-56-reszes-4932464946\/","url":"https:\/\/www.eurosmart.hu\/shop\/index.php\/termek\/milwaukee-3-8-racsnis-dugokulcs-keszlet-metrikus-es-colos-meret-56-reszes-4932464946\/","name":"MILWAUKEE 3\/8\u2033 RACSNIS DUG\u00d3KULCS K\u00c9SZLET METRIKUS \u00c9S COLOS M\u00c9RET 56 R\u00c9SZES (4932464946) - Eurosmart - Milwaukee web\u00e1ruh\u00e1z","isPartOf":{"@id":"https:\/\/www.eurosmart.hu\/shop\/#website"},"datePublished":"2024-03-07T12:29:36+00:00","dateModified":"2024-03-18T10:52:10+00:00","breadcrumb":{"@id":"https:\/\/www.eurosmart.hu\/shop\/index.php\/termek\/milwaukee-3-8-racsnis-dugokulcs-keszlet-metrikus-es-colos-meret-56-reszes-4932464946\/#breadcrumb"},"inLanguage":"hu","potentialAction":[{"@type":"ReadAction","target":["https:\/\/www.eurosmart.hu\/shop\/index.php\/termek\/milwaukee-3-8-racsnis-dugokulcs-keszlet-metrikus-es-colos-meret-56-reszes-4932464946\/"]}]},{"@type":"BreadcrumbList","@id":"https:\/\/www.eurosmart.hu\/shop\/index.php\/termek\/milwaukee-3-8-racsnis-dugokulcs-keszlet-metrikus-es-colos-meret-56-reszes-4932464946\/#breadcrumb","itemListElement":[{"@type":"ListItem","position":1,"name":"Kezd\u0151lap","item":"https:\/\/www.eurosmart.hu\/shop\/"},{"@type":"ListItem","position":2,"name":"Term\u00e9keink","item":"https:\/\/www.eurosmart.hu\/shop\/index.php\/uzlet\/"},{"@type":"ListItem","position":3,"name":"MILWAUKEE 3\/8\u2033 RACSNIS DUG\u00d3KULCS K\u00c9SZLET METRIKUS \u00c9S COLOS M\u00c9RET 56 R\u00c9SZES (4932464946)"}]},{"@type":"WebSite","@id":"https:\/\/www.eurosmart.hu\/shop\/#website","url":"https:\/\/www.eurosmart.hu\/shop\/","name":"Eurosmart - Milwaukee web\u00e1ruh\u00e1z","description":"Milwaukee web\u00e1ruh\u00e1z","publisher":{"@id":"https:\/\/www.eurosmart.hu\/shop\/#organization"},"potentialAction":[{"@type":"SearchAction","target":{"@type":"EntryPoint","urlTemplate":"https:\/\/www.eurosmart.hu\/shop\/?s={search_term_string}"},"query-input":"required name=search_term_string"}],"inLanguage":"hu"},{"@type":"Organization","@id":"https:\/\/www.eurosmart.hu\/shop\/#organization","name":"Eurosmart - Milwaukee web\u00e1ruh\u00e1z","url":"https:\/\/www.eurosmart.hu\/shop\/","logo":{"@type":"ImageObject","inLanguage":"hu","@id":"https:\/\/www.eurosmart.hu\/shop\/#\/schema\/logo\/image\/","url":"https:\/\/www.eurosmart.hu\/shop\/wp-content\/uploads\/2023\/10\/milwaukee-logo-1.png","contentUrl":"https:\/\/www.eurosmart.hu\/shop\/wp-content\/uploads\/2023\/10\/milwaukee-logo-1.png","width":500,"height":200,"caption":"Eurosmart - Milwaukee web\u00e1ruh\u00e1z"},"image":{"@id":"https:\/\/www.eurosmart.hu\/shop\/#\/schema\/logo\/image\/"},"sameAs":["https:\/\/www.facebook.com\/EurosmartKft"]}]},"product_price_currency":"HUF","og_availability":"backorder","product_availability":"available for order","product_retailer_item_id":"4932464946","product_condition":"new"},"_links":{"self":[{"href":"https:\/\/www.eurosmart.hu\/shop\/index.php\/wp-json\/wp\/v2\/product\/6965","targetHints":{"allow":["GET"]}}],"collection":[{"href":"https:\/\/www.eurosmart.hu\/shop\/index.php\/wp-json\/wp\/v2\/product"}],"about":[{"href":"https:\/\/www.eurosmart.hu\/shop\/index.php\/wp-json\/wp\/v2\/types\/product"}],"wp:featuredmedia":[{"embeddable":true,"href":"https:\/\/www.eurosmart.hu\/shop\/index.php\/wp-json\/wp\/v2\/media\/6966"}],"wp:attachment":[{"href":"https:\/\/www.eurosmart.hu\/shop\/index.php\/wp-json\/wp\/v2\/media?parent=6965"}],"wp:term":[{"taxonomy":"product_cat","embeddable":true,"href":"https:\/\/www.eurosmart.hu\/shop\/index.php\/wp-json\/wp\/v2\/product_cat?post=6965"},{"taxonomy":"product_tag","embeddable":true,"href":"https:\/\/www.eurosmart.hu\/shop\/index.php\/wp-json\/wp\/v2\/product_tag?post=6965"}],"curies":[{"name":"wp","href":"https:\/\/api.w.org\/{rel}","templated":true}]}}