{"id":6316,"date":"2024-02-26T11:51:14","date_gmt":"2024-02-26T11:51:14","guid":{"rendered":"https:\/\/www.eurosmart.hu\/shop\/?post_type=product&#038;p=6316"},"modified":"2024-02-26T11:55:21","modified_gmt":"2024-02-26T11:55:21","slug":"milwaukee-l4-hblb-301s-usb-ujratoltheto-futheto-workskin-alaoltozo-szett-s-es-meret-4933478081","status":"publish","type":"product","link":"https:\/\/www.eurosmart.hu\/shop\/index.php\/termek\/milwaukee-l4-hblb-301s-usb-ujratoltheto-futheto-workskin-alaoltozo-szett-s-es-meret-4933478081\/","title":{"rendered":"MILWAUKEE L4 HBLB-301S USB \u00daJRAT\u00d6LTHET\u0150 F\u0170THET\u0150 WORKSKIN\u2122 AL\u00c1\u00d6LT\u00d6Z\u0150 SZETT S-ES M\u00c9RET (4933478081)"},"content":{"rendered":"<h5>Tulajdons\u00e1gok:<\/h5>\n<ul class=\"ProductFeaturesTextstyles__FeatureList-fxqvf2-1 dUrrwH\">\n<li class=\"ProductFeaturesTextstyles__Feature-fxqvf2-3 ggyeUS\">Tart\u00f3s, pillingesed\u00e9snek ellen\u00e1ll\u00f3 anyagb\u00f3l k\u00e9sz\u00fclt, k\u00f6nnyed viseletet biztos\u00edt\u00f3, amely melegen \u00e9s sz\u00e1razon tartja a testet<\/li>\n<li class=\"ProductFeaturesTextstyles__Feature-fxqvf2-3 ggyeUS\">Teljes felmeleg\u00edt\u00e9s 2,5 perc alatt<\/li>\n<li class=\"ProductFeaturesTextstyles__Feature-fxqvf2-3 ggyeUS\">A mellkasra \u00e9s a h\u00e1tra vezeti a h\u0151t<\/li>\n<li class=\"ProductFeaturesTextstyles__Feature-fxqvf2-3 ggyeUS\">L4 USB \u00fajrat\u00f6lthet\u0151 REDLITHIUM\u2122 akkumul\u00e1torral m\u0171k\u00f6dik<\/li>\n<li class=\"ProductFeaturesTextstyles__Feature-fxqvf2-3 ggyeUS\">Az egy\u00e9rint\u00e9ses LED vez\u00e9rl\u0151vel a felhaszn\u00e1l\u00f3 2 meleg\u00edt\u00e9si be\u00e1ll\u00edt\u00e1sb\u00f3l v\u00e1laszthat, amely ide\u00e1lis f\u0171t\u00e9st ny\u00fajt b\u00e1rmilyen k\u00f6rnyezetben<\/li>\n<li class=\"ProductFeaturesTextstyles__Feature-fxqvf2-3 ggyeUS\">Tart\u00f3s, bolyhosod\u00e1snak ellen\u00e1ll\u00f3 anyagb\u00f3l k\u00e9sz\u00fclt ragl\u00e1n ingujjakkal \u00e9s varratmentes v\u00e1llr\u00e9szekkel a nagyobb mobilit\u00e1s \u00e9s k\u00e9nyelem c\u00e9lj\u00e1b\u00f3l<\/li>\n<li class=\"ProductFeaturesTextstyles__Feature-fxqvf2-3 ggyeUS\">Egyed\u00fcl\u00e1ll\u00f3 \u00fczemid\u0151 &#8211; ak\u00e1r 180 percig tart\u00f3 meleg\u00edt\u00e9s alacsony szinten<\/li>\n<li class=\"ProductFeaturesTextstyles__Feature-fxqvf2-3 ggyeUS\">L4 akkumul\u00e1tor tart\u00f3 &#8211; s\u00fcllyesztett akkumul\u00e1tortart\u00f3, hogy min\u00e9l kev\u00e9sb\u00e9 zavarja a felhaszn\u00e1l\u00f3t<\/li>\n<li class=\"ProductFeaturesTextstyles__Feature-fxqvf2-3 ggyeUS\">G\u00e9pben moshat\u00f3<\/li>\n<\/ul>\n","protected":false},"excerpt":{"rendered":"<p><strong>A k\u00e9szlet tartalma:<\/strong><\/p>\n<ul>\n<li>1 db f\u0171thet\u0151 USB \u00fajrat\u00f6lthet\u0151 f\u0171thet\u0151 al\u00e1\u00f6lt\u00f6z\u0151 <em>(t\u00f6lt\u0151 n\u00e9lk\u00fcl sz\u00e1ll\u00edtva!)<\/em><\/li>\n<li>1 db L4 B3 3.0 Ah USB akkumul\u00e1tor<\/li>\n<\/ul>\n","protected":false},"featured_media":6317,"template":"","meta":[],"product_cat":[201,59,200,89],"product_tag":[],"class_list":["post-6316","product","type-product","status-publish","has-post-thumbnail","hentry","product_cat-futheto-ruhazat","product_cat-milwaukee","product_cat-munkavedelem-termekek","product_cat-termekek"],"yoast_head":"<!-- This site is optimized with the Yoast SEO Premium plugin v21.3 (Yoast SEO v21.3) - https:\/\/yoast.com\/wordpress\/plugins\/seo\/ -->\n<title>MILWAUKEE L4 HBLB-301S USB \u00daJRAT\u00d6LTHET\u0150 F\u0170THET\u0150 WORKSKIN\u2122 AL\u00c1\u00d6LT\u00d6Z\u0150 SZETT S-ES M\u00c9RET (4933478081) - Eurosmart - Milwaukee web\u00e1ruh\u00e1z<\/title>\n<meta name=\"robots\" content=\"index, follow, max-snippet:-1, max-image-preview:large, max-video-preview:-1\" \/>\n<link rel=\"canonical\" href=\"https:\/\/www.eurosmart.hu\/shop\/index.php\/termek\/milwaukee-l4-hblb-301s-usb-ujratoltheto-futheto-workskin-alaoltozo-szett-s-es-meret-4933478081\/\" \/>\n<meta property=\"og:locale\" content=\"hu_HU\" \/>\n<meta property=\"og:type\" content=\"article\" \/>\n<meta property=\"og:title\" content=\"MILWAUKEE L4 HBLB-301S USB \u00daJRAT\u00d6LTHET\u0150 F\u0170THET\u0150 WORKSKIN\u2122 AL\u00c1\u00d6LT\u00d6Z\u0150 SZETT S-ES M\u00c9RET (4933478081)\" \/>\n<meta property=\"og:description\" content=\"A k\u00e9szlet tartalma:   1 db f\u0171thet\u0151 USB \u00fajrat\u00f6lthet\u0151 f\u0171thet\u0151 al\u00e1\u00f6lt\u00f6z\u0151 (t\u00f6lt\u0151 n\u00e9lk\u00fcl sz\u00e1ll\u00edtva!)  1 db L4 B3 3.0 Ah USB akkumul\u00e1tor\" \/>\n<meta property=\"og:url\" content=\"https:\/\/www.eurosmart.hu\/shop\/index.php\/termek\/milwaukee-l4-hblb-301s-usb-ujratoltheto-futheto-workskin-alaoltozo-szett-s-es-meret-4933478081\/\" \/>\n<meta property=\"og:site_name\" content=\"Eurosmart - Milwaukee web\u00e1ruh\u00e1z\" \/>\n<meta property=\"article:publisher\" content=\"https:\/\/www.facebook.com\/EurosmartKft\" \/>\n<meta property=\"article:modified_time\" content=\"2024-02-26T11:55:21+00:00\" \/>\n<meta property=\"og:image\" content=\"https:\/\/www.eurosmart.hu\/shop\/wp-content\/uploads\/2024\/02\/4933478081.jpg\" \/>\n\t<meta property=\"og:image:width\" content=\"1000\" \/>\n\t<meta property=\"og:image:height\" content=\"1000\" \/>\n\t<meta property=\"og:image:type\" content=\"image\/jpeg\" \/>\n<meta name=\"twitter:card\" content=\"summary_large_image\" \/>\n<meta name=\"twitter:label1\" content=\"Price\" \/>\n\t<meta name=\"twitter:data1\" content=\"\" \/>\n\t<meta name=\"twitter:label2\" content=\"Availability\" \/>\n\t<meta name=\"twitter:data2\" content=\"In stock\" \/>\n<script type=\"application\/ld+json\" class=\"yoast-schema-graph\">{\"@context\":\"https:\/\/schema.org\",\"@graph\":[{\"@type\":\"WebPage\",\"@id\":\"https:\/\/www.eurosmart.hu\/shop\/index.php\/termek\/milwaukee-l4-hblb-301s-usb-ujratoltheto-futheto-workskin-alaoltozo-szett-s-es-meret-4933478081\/\",\"url\":\"https:\/\/www.eurosmart.hu\/shop\/index.php\/termek\/milwaukee-l4-hblb-301s-usb-ujratoltheto-futheto-workskin-alaoltozo-szett-s-es-meret-4933478081\/\",\"name\":\"MILWAUKEE L4 HBLB-301S USB \u00daJRAT\u00d6LTHET\u0150 F\u0170THET\u0150 WORKSKIN\u2122 AL\u00c1\u00d6LT\u00d6Z\u0150 SZETT S-ES M\u00c9RET (4933478081) - Eurosmart - Milwaukee web\u00e1ruh\u00e1z\",\"isPartOf\":{\"@id\":\"https:\/\/www.eurosmart.hu\/shop\/#website\"},\"datePublished\":\"2024-02-26T11:51:14+00:00\",\"dateModified\":\"2024-02-26T11:55:21+00:00\",\"breadcrumb\":{\"@id\":\"https:\/\/www.eurosmart.hu\/shop\/index.php\/termek\/milwaukee-l4-hblb-301s-usb-ujratoltheto-futheto-workskin-alaoltozo-szett-s-es-meret-4933478081\/#breadcrumb\"},\"inLanguage\":\"hu\",\"potentialAction\":[{\"@type\":\"ReadAction\",\"target\":[\"https:\/\/www.eurosmart.hu\/shop\/index.php\/termek\/milwaukee-l4-hblb-301s-usb-ujratoltheto-futheto-workskin-alaoltozo-szett-s-es-meret-4933478081\/\"]}]},{\"@type\":\"BreadcrumbList\",\"@id\":\"https:\/\/www.eurosmart.hu\/shop\/index.php\/termek\/milwaukee-l4-hblb-301s-usb-ujratoltheto-futheto-workskin-alaoltozo-szett-s-es-meret-4933478081\/#breadcrumb\",\"itemListElement\":[{\"@type\":\"ListItem\",\"position\":1,\"name\":\"Kezd\u0151lap\",\"item\":\"https:\/\/www.eurosmart.hu\/shop\/\"},{\"@type\":\"ListItem\",\"position\":2,\"name\":\"Term\u00e9keink\",\"item\":\"https:\/\/www.eurosmart.hu\/shop\/index.php\/uzlet\/\"},{\"@type\":\"ListItem\",\"position\":3,\"name\":\"MILWAUKEE L4 HBLB-301S USB \u00daJRAT\u00d6LTHET\u0150 F\u0170THET\u0150 WORKSKIN\u2122 AL\u00c1\u00d6LT\u00d6Z\u0150 SZETT S-ES M\u00c9RET (4933478081)\"}]},{\"@type\":\"WebSite\",\"@id\":\"https:\/\/www.eurosmart.hu\/shop\/#website\",\"url\":\"https:\/\/www.eurosmart.hu\/shop\/\",\"name\":\"Eurosmart - Milwaukee web\u00e1ruh\u00e1z\",\"description\":\"Milwaukee web\u00e1ruh\u00e1z\",\"publisher\":{\"@id\":\"https:\/\/www.eurosmart.hu\/shop\/#organization\"},\"potentialAction\":[{\"@type\":\"SearchAction\",\"target\":{\"@type\":\"EntryPoint\",\"urlTemplate\":\"https:\/\/www.eurosmart.hu\/shop\/?s={search_term_string}\"},\"query-input\":\"required name=search_term_string\"}],\"inLanguage\":\"hu\"},{\"@type\":\"Organization\",\"@id\":\"https:\/\/www.eurosmart.hu\/shop\/#organization\",\"name\":\"Eurosmart - Milwaukee web\u00e1ruh\u00e1z\",\"url\":\"https:\/\/www.eurosmart.hu\/shop\/\",\"logo\":{\"@type\":\"ImageObject\",\"inLanguage\":\"hu\",\"@id\":\"https:\/\/www.eurosmart.hu\/shop\/#\/schema\/logo\/image\/\",\"url\":\"https:\/\/www.eurosmart.hu\/shop\/wp-content\/uploads\/2023\/10\/milwaukee-logo-1.png\",\"contentUrl\":\"https:\/\/www.eurosmart.hu\/shop\/wp-content\/uploads\/2023\/10\/milwaukee-logo-1.png\",\"width\":500,\"height\":200,\"caption\":\"Eurosmart - Milwaukee web\u00e1ruh\u00e1z\"},\"image\":{\"@id\":\"https:\/\/www.eurosmart.hu\/shop\/#\/schema\/logo\/image\/\"},\"sameAs\":[\"https:\/\/www.facebook.com\/EurosmartKft\"]}]}<\/script>\n<meta property=\"product:price:amount\" content=\"0\" \/>\n<meta property=\"product:price:currency\" content=\"HUF\" \/>\n<meta property=\"og:availability\" content=\"instock\" \/>\n<meta property=\"product:availability\" content=\"instock\" \/>\n<meta property=\"product:retailer_item_id\" content=\"4933478081\" \/>\n<meta property=\"product:condition\" content=\"new\" \/>\n<!-- \/ Yoast SEO Premium plugin. -->","yoast_head_json":{"title":"MILWAUKEE L4 HBLB-301S USB \u00daJRAT\u00d6LTHET\u0150 F\u0170THET\u0150 WORKSKIN\u2122 AL\u00c1\u00d6LT\u00d6Z\u0150 SZETT S-ES M\u00c9RET (4933478081) - Eurosmart - Milwaukee web\u00e1ruh\u00e1z","robots":{"index":"index","follow":"follow","max-snippet":"max-snippet:-1","max-image-preview":"max-image-preview:large","max-video-preview":"max-video-preview:-1"},"canonical":"https:\/\/www.eurosmart.hu\/shop\/index.php\/termek\/milwaukee-l4-hblb-301s-usb-ujratoltheto-futheto-workskin-alaoltozo-szett-s-es-meret-4933478081\/","og_locale":"hu_HU","og_type":"article","og_title":"MILWAUKEE L4 HBLB-301S USB \u00daJRAT\u00d6LTHET\u0150 F\u0170THET\u0150 WORKSKIN\u2122 AL\u00c1\u00d6LT\u00d6Z\u0150 SZETT S-ES M\u00c9RET (4933478081)","og_description":"A k\u00e9szlet tartalma:   1 db f\u0171thet\u0151 USB \u00fajrat\u00f6lthet\u0151 f\u0171thet\u0151 al\u00e1\u00f6lt\u00f6z\u0151 (t\u00f6lt\u0151 n\u00e9lk\u00fcl sz\u00e1ll\u00edtva!)  1 db L4 B3 3.0 Ah USB akkumul\u00e1tor","og_url":"https:\/\/www.eurosmart.hu\/shop\/index.php\/termek\/milwaukee-l4-hblb-301s-usb-ujratoltheto-futheto-workskin-alaoltozo-szett-s-es-meret-4933478081\/","og_site_name":"Eurosmart - Milwaukee web\u00e1ruh\u00e1z","article_publisher":"https:\/\/www.facebook.com\/EurosmartKft","article_modified_time":"2024-02-26T11:55:21+00:00","og_image":[{"width":1000,"height":1000,"url":"https:\/\/www.eurosmart.hu\/shop\/wp-content\/uploads\/2024\/02\/4933478081.jpg","type":"image\/jpeg"}],"twitter_card":"summary_large_image","twitter_misc":{"Price":"","Availability":"In stock"},"schema":{"@context":"https:\/\/schema.org","@graph":[{"@type":"WebPage","@id":"https:\/\/www.eurosmart.hu\/shop\/index.php\/termek\/milwaukee-l4-hblb-301s-usb-ujratoltheto-futheto-workskin-alaoltozo-szett-s-es-meret-4933478081\/","url":"https:\/\/www.eurosmart.hu\/shop\/index.php\/termek\/milwaukee-l4-hblb-301s-usb-ujratoltheto-futheto-workskin-alaoltozo-szett-s-es-meret-4933478081\/","name":"MILWAUKEE L4 HBLB-301S USB \u00daJRAT\u00d6LTHET\u0150 F\u0170THET\u0150 WORKSKIN\u2122 AL\u00c1\u00d6LT\u00d6Z\u0150 SZETT S-ES M\u00c9RET (4933478081) - Eurosmart - Milwaukee web\u00e1ruh\u00e1z","isPartOf":{"@id":"https:\/\/www.eurosmart.hu\/shop\/#website"},"datePublished":"2024-02-26T11:51:14+00:00","dateModified":"2024-02-26T11:55:21+00:00","breadcrumb":{"@id":"https:\/\/www.eurosmart.hu\/shop\/index.php\/termek\/milwaukee-l4-hblb-301s-usb-ujratoltheto-futheto-workskin-alaoltozo-szett-s-es-meret-4933478081\/#breadcrumb"},"inLanguage":"hu","potentialAction":[{"@type":"ReadAction","target":["https:\/\/www.eurosmart.hu\/shop\/index.php\/termek\/milwaukee-l4-hblb-301s-usb-ujratoltheto-futheto-workskin-alaoltozo-szett-s-es-meret-4933478081\/"]}]},{"@type":"BreadcrumbList","@id":"https:\/\/www.eurosmart.hu\/shop\/index.php\/termek\/milwaukee-l4-hblb-301s-usb-ujratoltheto-futheto-workskin-alaoltozo-szett-s-es-meret-4933478081\/#breadcrumb","itemListElement":[{"@type":"ListItem","position":1,"name":"Kezd\u0151lap","item":"https:\/\/www.eurosmart.hu\/shop\/"},{"@type":"ListItem","position":2,"name":"Term\u00e9keink","item":"https:\/\/www.eurosmart.hu\/shop\/index.php\/uzlet\/"},{"@type":"ListItem","position":3,"name":"MILWAUKEE L4 HBLB-301S USB \u00daJRAT\u00d6LTHET\u0150 F\u0170THET\u0150 WORKSKIN\u2122 AL\u00c1\u00d6LT\u00d6Z\u0150 SZETT S-ES M\u00c9RET (4933478081)"}]},{"@type":"WebSite","@id":"https:\/\/www.eurosmart.hu\/shop\/#website","url":"https:\/\/www.eurosmart.hu\/shop\/","name":"Eurosmart - Milwaukee web\u00e1ruh\u00e1z","description":"Milwaukee web\u00e1ruh\u00e1z","publisher":{"@id":"https:\/\/www.eurosmart.hu\/shop\/#organization"},"potentialAction":[{"@type":"SearchAction","target":{"@type":"EntryPoint","urlTemplate":"https:\/\/www.eurosmart.hu\/shop\/?s={search_term_string}"},"query-input":"required name=search_term_string"}],"inLanguage":"hu"},{"@type":"Organization","@id":"https:\/\/www.eurosmart.hu\/shop\/#organization","name":"Eurosmart - Milwaukee web\u00e1ruh\u00e1z","url":"https:\/\/www.eurosmart.hu\/shop\/","logo":{"@type":"ImageObject","inLanguage":"hu","@id":"https:\/\/www.eurosmart.hu\/shop\/#\/schema\/logo\/image\/","url":"https:\/\/www.eurosmart.hu\/shop\/wp-content\/uploads\/2023\/10\/milwaukee-logo-1.png","contentUrl":"https:\/\/www.eurosmart.hu\/shop\/wp-content\/uploads\/2023\/10\/milwaukee-logo-1.png","width":500,"height":200,"caption":"Eurosmart - Milwaukee web\u00e1ruh\u00e1z"},"image":{"@id":"https:\/\/www.eurosmart.hu\/shop\/#\/schema\/logo\/image\/"},"sameAs":["https:\/\/www.facebook.com\/EurosmartKft"]}]},"product_price_currency":"HUF","og_availability":"instock","product_availability":"instock","product_retailer_item_id":"4933478081","product_condition":"new"},"_links":{"self":[{"href":"https:\/\/www.eurosmart.hu\/shop\/index.php\/wp-json\/wp\/v2\/product\/6316","targetHints":{"allow":["GET"]}}],"collection":[{"href":"https:\/\/www.eurosmart.hu\/shop\/index.php\/wp-json\/wp\/v2\/product"}],"about":[{"href":"https:\/\/www.eurosmart.hu\/shop\/index.php\/wp-json\/wp\/v2\/types\/product"}],"wp:featuredmedia":[{"embeddable":true,"href":"https:\/\/www.eurosmart.hu\/shop\/index.php\/wp-json\/wp\/v2\/media\/6317"}],"wp:attachment":[{"href":"https:\/\/www.eurosmart.hu\/shop\/index.php\/wp-json\/wp\/v2\/media?parent=6316"}],"wp:term":[{"taxonomy":"product_cat","embeddable":true,"href":"https:\/\/www.eurosmart.hu\/shop\/index.php\/wp-json\/wp\/v2\/product_cat?post=6316"},{"taxonomy":"product_tag","embeddable":true,"href":"https:\/\/www.eurosmart.hu\/shop\/index.php\/wp-json\/wp\/v2\/product_tag?post=6316"}],"curies":[{"name":"wp","href":"https:\/\/api.w.org\/{rel}","templated":true}]}}