{"id":6289,"date":"2024-02-26T11:12:08","date_gmt":"2024-02-26T11:12:08","guid":{"rendered":"https:\/\/www.eurosmart.hu\/shop\/?post_type=product&#038;p=6289"},"modified":"2024-02-26T11:12:26","modified_gmt":"2024-02-26T11:12:26","slug":"milwaukee-m12-hj-grey6-0-futheto-kabat-szurke-xxxl-es-meret-4933479363","status":"publish","type":"product","link":"https:\/\/www.eurosmart.hu\/shop\/index.php\/termek\/milwaukee-m12-hj-grey6-0-futheto-kabat-szurke-xxxl-es-meret-4933479363\/","title":{"rendered":"MILWAUKEE M12 HJ GREY6-0 F\u0170THET\u0150 KAB\u00c1T SZ\u00dcRKE XXXL-ES M\u00c9RET (4933479363)"},"content":{"rendered":"<h5>Tulajdons\u00e1gok:<\/h5>\n<ul class=\"ProductFeaturesTextstyles__FeatureList-fxqvf2-1 dUrrwH\">\n<li class=\"ProductFeaturesTextstyles__Feature-fxqvf2-3 ggyeUS\">Sz\u00e9nsz\u00e1las f\u0171t\u0151z\u00f3n\u00e1k &#8211; legfontosabb testfel\u00fcletekre vezeti a h\u0151t eg\u00e9szen a zsebekig<\/li>\n<li class=\"ProductFeaturesTextstyles__Feature-fxqvf2-3 ggyeUS\">Kimagasl\u00f3 m\u0171k\u00f6d\u00e9si id\u0151, ak\u00e1r 8 \u00f3r\u00e1n \u00e1t is k\u00e9pes f\u0171teni, egy akkumul\u00e1tor t\u00f6lt\u00e9ssel alacsony szinten\u00a0<a href=\"https:\/\/hu.milwaukeetool.eu\/systems\/m12\/redlithium-ion\/\">M12\u2122 REDLITHIUM\u2122<\/a>\u00a03.0 Ah akkumul\u00e1torral<\/li>\n<li class=\"ProductFeaturesTextstyles__Feature-fxqvf2-3 ggyeUS\">\u00c9rint\u0151gombos kapcsol\u00f3, k\u00f6nny\u0171 h\u00e1romfokozat\u00fa h\u0151m\u00e9rs\u00e9klet be\u00e1ll\u00edt\u00e1s: magas, k\u00f6zepes, alacsony<\/li>\n<li class=\"ProductFeaturesTextstyles__Feature-fxqvf2-3 ggyeUS\">TOUGHSHELL\u2122 stretch 90% poli\u00e9szter \u00e9s 10% spandex anyag a zord munkak\u00f6r\u00fclm\u00e9nyekhez \u00e9s ak\u00e1r 5x hosszabb \u00e9lettartamot biztos\u00edt<\/li>\n<li class=\"ProductFeaturesTextstyles__Feature-fxqvf2-3 ggyeUS\">FREE FLEX\u2122 mobilit\u00e1s &#8211; a karok al\u00e1 betoldott plusz anyag fokozott mozg\u00e1sszabads\u00e1got biztos\u00edt fej f\u00f6l\u00f6tt v\u00e9gzett munka eset\u00e9n<\/li>\n<li class=\"ProductFeaturesTextstyles__Feature-fxqvf2-3 ggyeUS\">Az \u00faj akkumul\u00e1tortart\u00f3 kialak\u00edt\u00e1s t\u00f6bb lehet\u0151s\u00e9get k\u00edn\u00e1l a felhaszn\u00e1l\u00f3k sz\u00e1m\u00e1ra az akkumul\u00e1tor elhelyez\u00e9s\u00e9re<\/li>\n<li class=\"ProductFeaturesTextstyles__Feature-fxqvf2-3 ggyeUS\">A tov\u00e1bbfejlesztett karcs\u00fas\u00edtott kialak\u00edt\u00e1s meghosszabb\u00edtott h\u00e1ttal megel\u0151zi a h\u0151vesztes\u00e9get \u00e9s melegen tartja haszn\u00e1l\u00f3j\u00e1t<\/li>\n<li class=\"ProductFeaturesTextstyles__Feature-fxqvf2-3 ggyeUS\"><a href=\"https:\/\/hu.milwaukeetool.eu\/systems\/m12\/\">M12\u2122<\/a>\u00a0akkumul\u00e1tor vez\u00e9rl\u0151 1A USB csatlakoz\u00e1ssal, a rejtett akkumul\u00e1tor zsebben t\u00e1rolt elektromos eszk\u00f6z\u00f6k \u00fatk\u00f6zben t\u00f6rt\u00e9n\u0151 t\u00f6lt\u00e9s\u00e9hez<\/li>\n<li class=\"ProductFeaturesTextstyles__Feature-fxqvf2-3 ggyeUS\">V\u00e9d az es\u0151 \u00e9s a sz\u00e9l ellen, k\u00e9nyelmet \u00e9s tart\u00f3ss\u00e1got biztos\u00edt zord k\u00f6rnyezetben<\/li>\n<li class=\"ProductFeaturesTextstyles__Feature-fxqvf2-3 ggyeUS\">Nagy zsebek a k\u00e9z \u00e9s mellkasr\u00e9szen- ide\u00e1lis hordozhat\u00f3 eszk\u00f6z\u00f6k t\u00e1rol\u00e1s\u00e1ra<\/li>\n<li class=\"ProductFeaturesTextstyles__Feature-fxqvf2-3 ggyeUS\">Rugalmas akkumul\u00e1tor rendszerrel &#8211; MILWAUKEE\u00ae\u00a0<a href=\"https:\/\/hu.milwaukeetool.eu\/systems\/m12\/\">M12\u2122<\/a>\u00a0akkumul\u00e1torokkal m\u0171k\u00f6dik<\/li>\n<li class=\"ProductFeaturesTextstyles__Feature-fxqvf2-3 ggyeUS\">El\u00e9rhet\u0151 m\u00e9retek: S-XXXL<\/li>\n<li class=\"ProductFeaturesTextstyles__Feature-fxqvf2-3 ggyeUS\">G\u00e9pben moshat\u00f3 \u00e9s sz\u00e1r\u00edthat\u00f3<\/li>\n<\/ul>\n","protected":false},"excerpt":{"rendered":"<p><strong>A k\u00e9szlet tartalma:<\/strong> 1 db f\u0171thet\u0151 kab\u00e1t <em>(akkumul\u00e1tor \u00e9s t\u00f6lt\u0151 n\u00e9lk\u00fcl sz\u00e1ll\u00edtva!)<\/em><\/p>\n","protected":false},"featured_media":6284,"template":"","meta":[],"product_cat":[201,231,59,200,228,89],"product_tag":[],"class_list":["post-6289","product","type-product","status-publish","has-post-thumbnail","hentry","product_cat-futheto-ruhazat","product_cat-m12-rendszer","product_cat-milwaukee","product_cat-munkavedelem-termekek","product_cat-rendszer","product_cat-termekek"],"yoast_head":"<!-- This site is optimized with the Yoast SEO Premium plugin v21.3 (Yoast SEO v21.3) - https:\/\/yoast.com\/wordpress\/plugins\/seo\/ -->\n<title>MILWAUKEE M12 HJ GREY6-0 F\u0170THET\u0150 KAB\u00c1T SZ\u00dcRKE XXXL-ES M\u00c9RET (4933479363) - Eurosmart - Milwaukee web\u00e1ruh\u00e1z<\/title>\n<meta name=\"robots\" content=\"index, follow, max-snippet:-1, max-image-preview:large, max-video-preview:-1\" \/>\n<link rel=\"canonical\" href=\"https:\/\/www.eurosmart.hu\/shop\/index.php\/termek\/milwaukee-m12-hj-grey6-0-futheto-kabat-szurke-xxxl-es-meret-4933479363\/\" \/>\n<meta property=\"og:locale\" content=\"hu_HU\" \/>\n<meta property=\"og:type\" content=\"article\" \/>\n<meta property=\"og:title\" content=\"MILWAUKEE M12 HJ GREY6-0 F\u0170THET\u0150 KAB\u00c1T SZ\u00dcRKE XXXL-ES M\u00c9RET (4933479363)\" \/>\n<meta property=\"og:description\" content=\"A k\u00e9szlet tartalma: 1 db f\u0171thet\u0151 kab\u00e1t (akkumul\u00e1tor \u00e9s t\u00f6lt\u0151 n\u00e9lk\u00fcl sz\u00e1ll\u00edtva!)\" \/>\n<meta property=\"og:url\" content=\"https:\/\/www.eurosmart.hu\/shop\/index.php\/termek\/milwaukee-m12-hj-grey6-0-futheto-kabat-szurke-xxxl-es-meret-4933479363\/\" \/>\n<meta property=\"og:site_name\" content=\"Eurosmart - Milwaukee web\u00e1ruh\u00e1z\" \/>\n<meta property=\"article:publisher\" content=\"https:\/\/www.facebook.com\/EurosmartKft\" \/>\n<meta property=\"article:modified_time\" content=\"2024-02-26T11:12:26+00:00\" \/>\n<meta property=\"og:image\" content=\"https:\/\/www.eurosmart.hu\/shop\/wp-content\/uploads\/2024\/02\/4933478972.jpg\" \/>\n\t<meta property=\"og:image:width\" content=\"1000\" \/>\n\t<meta property=\"og:image:height\" content=\"1000\" \/>\n\t<meta property=\"og:image:type\" content=\"image\/jpeg\" \/>\n<meta name=\"twitter:card\" content=\"summary_large_image\" \/>\n<meta name=\"twitter:label1\" content=\"Price\" \/>\n\t<meta name=\"twitter:data1\" content=\"\" \/>\n\t<meta name=\"twitter:label2\" content=\"Availability\" \/>\n\t<meta name=\"twitter:data2\" content=\"In stock\" \/>\n<script type=\"application\/ld+json\" class=\"yoast-schema-graph\">{\"@context\":\"https:\/\/schema.org\",\"@graph\":[{\"@type\":\"WebPage\",\"@id\":\"https:\/\/www.eurosmart.hu\/shop\/index.php\/termek\/milwaukee-m12-hj-grey6-0-futheto-kabat-szurke-xxxl-es-meret-4933479363\/\",\"url\":\"https:\/\/www.eurosmart.hu\/shop\/index.php\/termek\/milwaukee-m12-hj-grey6-0-futheto-kabat-szurke-xxxl-es-meret-4933479363\/\",\"name\":\"MILWAUKEE M12 HJ GREY6-0 F\u0170THET\u0150 KAB\u00c1T SZ\u00dcRKE XXXL-ES M\u00c9RET (4933479363) - Eurosmart - Milwaukee web\u00e1ruh\u00e1z\",\"isPartOf\":{\"@id\":\"https:\/\/www.eurosmart.hu\/shop\/#website\"},\"datePublished\":\"2024-02-26T11:12:08+00:00\",\"dateModified\":\"2024-02-26T11:12:26+00:00\",\"breadcrumb\":{\"@id\":\"https:\/\/www.eurosmart.hu\/shop\/index.php\/termek\/milwaukee-m12-hj-grey6-0-futheto-kabat-szurke-xxxl-es-meret-4933479363\/#breadcrumb\"},\"inLanguage\":\"hu\",\"potentialAction\":[{\"@type\":\"ReadAction\",\"target\":[\"https:\/\/www.eurosmart.hu\/shop\/index.php\/termek\/milwaukee-m12-hj-grey6-0-futheto-kabat-szurke-xxxl-es-meret-4933479363\/\"]}]},{\"@type\":\"BreadcrumbList\",\"@id\":\"https:\/\/www.eurosmart.hu\/shop\/index.php\/termek\/milwaukee-m12-hj-grey6-0-futheto-kabat-szurke-xxxl-es-meret-4933479363\/#breadcrumb\",\"itemListElement\":[{\"@type\":\"ListItem\",\"position\":1,\"name\":\"Kezd\u0151lap\",\"item\":\"https:\/\/www.eurosmart.hu\/shop\/\"},{\"@type\":\"ListItem\",\"position\":2,\"name\":\"Term\u00e9keink\",\"item\":\"https:\/\/www.eurosmart.hu\/shop\/index.php\/uzlet\/\"},{\"@type\":\"ListItem\",\"position\":3,\"name\":\"MILWAUKEE M12 HJ GREY6-0 F\u0170THET\u0150 KAB\u00c1T SZ\u00dcRKE XXXL-ES M\u00c9RET (4933479363)\"}]},{\"@type\":\"WebSite\",\"@id\":\"https:\/\/www.eurosmart.hu\/shop\/#website\",\"url\":\"https:\/\/www.eurosmart.hu\/shop\/\",\"name\":\"Eurosmart - Milwaukee web\u00e1ruh\u00e1z\",\"description\":\"Milwaukee web\u00e1ruh\u00e1z\",\"publisher\":{\"@id\":\"https:\/\/www.eurosmart.hu\/shop\/#organization\"},\"potentialAction\":[{\"@type\":\"SearchAction\",\"target\":{\"@type\":\"EntryPoint\",\"urlTemplate\":\"https:\/\/www.eurosmart.hu\/shop\/?s={search_term_string}\"},\"query-input\":\"required name=search_term_string\"}],\"inLanguage\":\"hu\"},{\"@type\":\"Organization\",\"@id\":\"https:\/\/www.eurosmart.hu\/shop\/#organization\",\"name\":\"Eurosmart - Milwaukee web\u00e1ruh\u00e1z\",\"url\":\"https:\/\/www.eurosmart.hu\/shop\/\",\"logo\":{\"@type\":\"ImageObject\",\"inLanguage\":\"hu\",\"@id\":\"https:\/\/www.eurosmart.hu\/shop\/#\/schema\/logo\/image\/\",\"url\":\"https:\/\/www.eurosmart.hu\/shop\/wp-content\/uploads\/2023\/10\/milwaukee-logo-1.png\",\"contentUrl\":\"https:\/\/www.eurosmart.hu\/shop\/wp-content\/uploads\/2023\/10\/milwaukee-logo-1.png\",\"width\":500,\"height\":200,\"caption\":\"Eurosmart - Milwaukee web\u00e1ruh\u00e1z\"},\"image\":{\"@id\":\"https:\/\/www.eurosmart.hu\/shop\/#\/schema\/logo\/image\/\"},\"sameAs\":[\"https:\/\/www.facebook.com\/EurosmartKft\"]}]}<\/script>\n<meta property=\"product:price:amount\" content=\"0\" \/>\n<meta property=\"product:price:currency\" content=\"HUF\" \/>\n<meta property=\"og:availability\" content=\"instock\" \/>\n<meta property=\"product:availability\" content=\"instock\" \/>\n<meta property=\"product:retailer_item_id\" content=\"4933479363\" \/>\n<meta property=\"product:condition\" content=\"new\" \/>\n<!-- \/ Yoast SEO Premium plugin. -->","yoast_head_json":{"title":"MILWAUKEE M12 HJ GREY6-0 F\u0170THET\u0150 KAB\u00c1T SZ\u00dcRKE XXXL-ES M\u00c9RET (4933479363) - Eurosmart - Milwaukee web\u00e1ruh\u00e1z","robots":{"index":"index","follow":"follow","max-snippet":"max-snippet:-1","max-image-preview":"max-image-preview:large","max-video-preview":"max-video-preview:-1"},"canonical":"https:\/\/www.eurosmart.hu\/shop\/index.php\/termek\/milwaukee-m12-hj-grey6-0-futheto-kabat-szurke-xxxl-es-meret-4933479363\/","og_locale":"hu_HU","og_type":"article","og_title":"MILWAUKEE M12 HJ GREY6-0 F\u0170THET\u0150 KAB\u00c1T SZ\u00dcRKE XXXL-ES M\u00c9RET (4933479363)","og_description":"A k\u00e9szlet tartalma: 1 db f\u0171thet\u0151 kab\u00e1t (akkumul\u00e1tor \u00e9s t\u00f6lt\u0151 n\u00e9lk\u00fcl sz\u00e1ll\u00edtva!)","og_url":"https:\/\/www.eurosmart.hu\/shop\/index.php\/termek\/milwaukee-m12-hj-grey6-0-futheto-kabat-szurke-xxxl-es-meret-4933479363\/","og_site_name":"Eurosmart - Milwaukee web\u00e1ruh\u00e1z","article_publisher":"https:\/\/www.facebook.com\/EurosmartKft","article_modified_time":"2024-02-26T11:12:26+00:00","og_image":[{"width":1000,"height":1000,"url":"https:\/\/www.eurosmart.hu\/shop\/wp-content\/uploads\/2024\/02\/4933478972.jpg","type":"image\/jpeg"}],"twitter_card":"summary_large_image","twitter_misc":{"Price":"","Availability":"In stock"},"schema":{"@context":"https:\/\/schema.org","@graph":[{"@type":"WebPage","@id":"https:\/\/www.eurosmart.hu\/shop\/index.php\/termek\/milwaukee-m12-hj-grey6-0-futheto-kabat-szurke-xxxl-es-meret-4933479363\/","url":"https:\/\/www.eurosmart.hu\/shop\/index.php\/termek\/milwaukee-m12-hj-grey6-0-futheto-kabat-szurke-xxxl-es-meret-4933479363\/","name":"MILWAUKEE M12 HJ GREY6-0 F\u0170THET\u0150 KAB\u00c1T SZ\u00dcRKE XXXL-ES M\u00c9RET (4933479363) - Eurosmart - Milwaukee web\u00e1ruh\u00e1z","isPartOf":{"@id":"https:\/\/www.eurosmart.hu\/shop\/#website"},"datePublished":"2024-02-26T11:12:08+00:00","dateModified":"2024-02-26T11:12:26+00:00","breadcrumb":{"@id":"https:\/\/www.eurosmart.hu\/shop\/index.php\/termek\/milwaukee-m12-hj-grey6-0-futheto-kabat-szurke-xxxl-es-meret-4933479363\/#breadcrumb"},"inLanguage":"hu","potentialAction":[{"@type":"ReadAction","target":["https:\/\/www.eurosmart.hu\/shop\/index.php\/termek\/milwaukee-m12-hj-grey6-0-futheto-kabat-szurke-xxxl-es-meret-4933479363\/"]}]},{"@type":"BreadcrumbList","@id":"https:\/\/www.eurosmart.hu\/shop\/index.php\/termek\/milwaukee-m12-hj-grey6-0-futheto-kabat-szurke-xxxl-es-meret-4933479363\/#breadcrumb","itemListElement":[{"@type":"ListItem","position":1,"name":"Kezd\u0151lap","item":"https:\/\/www.eurosmart.hu\/shop\/"},{"@type":"ListItem","position":2,"name":"Term\u00e9keink","item":"https:\/\/www.eurosmart.hu\/shop\/index.php\/uzlet\/"},{"@type":"ListItem","position":3,"name":"MILWAUKEE M12 HJ GREY6-0 F\u0170THET\u0150 KAB\u00c1T SZ\u00dcRKE XXXL-ES M\u00c9RET (4933479363)"}]},{"@type":"WebSite","@id":"https:\/\/www.eurosmart.hu\/shop\/#website","url":"https:\/\/www.eurosmart.hu\/shop\/","name":"Eurosmart - Milwaukee web\u00e1ruh\u00e1z","description":"Milwaukee web\u00e1ruh\u00e1z","publisher":{"@id":"https:\/\/www.eurosmart.hu\/shop\/#organization"},"potentialAction":[{"@type":"SearchAction","target":{"@type":"EntryPoint","urlTemplate":"https:\/\/www.eurosmart.hu\/shop\/?s={search_term_string}"},"query-input":"required name=search_term_string"}],"inLanguage":"hu"},{"@type":"Organization","@id":"https:\/\/www.eurosmart.hu\/shop\/#organization","name":"Eurosmart - Milwaukee web\u00e1ruh\u00e1z","url":"https:\/\/www.eurosmart.hu\/shop\/","logo":{"@type":"ImageObject","inLanguage":"hu","@id":"https:\/\/www.eurosmart.hu\/shop\/#\/schema\/logo\/image\/","url":"https:\/\/www.eurosmart.hu\/shop\/wp-content\/uploads\/2023\/10\/milwaukee-logo-1.png","contentUrl":"https:\/\/www.eurosmart.hu\/shop\/wp-content\/uploads\/2023\/10\/milwaukee-logo-1.png","width":500,"height":200,"caption":"Eurosmart - Milwaukee web\u00e1ruh\u00e1z"},"image":{"@id":"https:\/\/www.eurosmart.hu\/shop\/#\/schema\/logo\/image\/"},"sameAs":["https:\/\/www.facebook.com\/EurosmartKft"]}]},"product_price_currency":"HUF","og_availability":"instock","product_availability":"instock","product_retailer_item_id":"4933479363","product_condition":"new"},"_links":{"self":[{"href":"https:\/\/www.eurosmart.hu\/shop\/index.php\/wp-json\/wp\/v2\/product\/6289","targetHints":{"allow":["GET"]}}],"collection":[{"href":"https:\/\/www.eurosmart.hu\/shop\/index.php\/wp-json\/wp\/v2\/product"}],"about":[{"href":"https:\/\/www.eurosmart.hu\/shop\/index.php\/wp-json\/wp\/v2\/types\/product"}],"wp:featuredmedia":[{"embeddable":true,"href":"https:\/\/www.eurosmart.hu\/shop\/index.php\/wp-json\/wp\/v2\/media\/6284"}],"wp:attachment":[{"href":"https:\/\/www.eurosmart.hu\/shop\/index.php\/wp-json\/wp\/v2\/media?parent=6289"}],"wp:term":[{"taxonomy":"product_cat","embeddable":true,"href":"https:\/\/www.eurosmart.hu\/shop\/index.php\/wp-json\/wp\/v2\/product_cat?post=6289"},{"taxonomy":"product_tag","embeddable":true,"href":"https:\/\/www.eurosmart.hu\/shop\/index.php\/wp-json\/wp\/v2\/product_tag?post=6289"}],"curies":[{"name":"wp","href":"https:\/\/api.w.org\/{rel}","templated":true}]}}