{"id":5994,"date":"2024-02-21T08:44:29","date_gmt":"2024-02-21T08:44:29","guid":{"rendered":"https:\/\/www.eurosmart.hu\/shop\/?post_type=product&#038;p=5994"},"modified":"2024-02-21T08:45:41","modified_gmt":"2024-02-21T08:45:41","slug":"milwaukee-bolt100-vedosisak-feher-szellozo-4932478122","status":"publish","type":"product","link":"https:\/\/www.eurosmart.hu\/shop\/index.php\/termek\/milwaukee-bolt100-vedosisak-feher-szellozo-4932478122\/","title":{"rendered":"MILWAUKEE BOLT\u2122100 V\u00c9D\u0150SISAK FEH\u00c9R SZELL\u0150Z\u0150 (4932478122)"},"content":{"rendered":"<h5>Tulajdons\u00e1gok:<\/h5>\n<ul class=\"ProductFeaturesTextstyles__FeatureList-fxqvf2-1 dUrrwH\">\n<li class=\"ProductFeaturesTextstyles__Feature-fxqvf2-3 ggyeUS\">A BOLT\u2122 rendszer &#8211; biztos\u00edtja az \u00f6sszes kieg\u00e9sz\u00edt\u0151 kompatibilit\u00e1s\u00e1t egy k\u00f6nnyen haszn\u00e1lhat\u00f3 \u00e9s intuit\u00edv r\u00f6gz\u00edt\u00e9si rendszerrel.<\/li>\n<li class=\"ProductFeaturesTextstyles__Feature-fxqvf2-3 ggyeUS\">Rendk\u00edv\u00fcl k\u00e9nyelmes \u00e9s k\u00f6nnyen \u00e1ll\u00edthat\u00f3 ker\u00e9kcsavaros \u00e1ll\u00edt\u00e1si rendszer.<\/li>\n<li class=\"ProductFeaturesTextstyles__Feature-fxqvf2-3 ggyeUS\">K\u00f6nny\u0171 s\u00faly\u00fa ABS h\u00e9j.<\/li>\n<li class=\"ProductFeaturesTextstyles__Feature-fxqvf2-3 ggyeUS\">6 pontos \u00e1llsz\u00edj a nagyobb k\u00e9myelem\u00e9rt.<\/li>\n<li class=\"ProductFeaturesTextstyles__Feature-fxqvf2-3 ggyeUS\">L\u00e9legz\u0151, moshat\u00f3 \u00e9s cser\u00e9lhet\u0151 pr\u00e9mium min\u0151s\u00e9g\u0171 izzads\u00e1gp\u00e1nt<\/li>\n<li class=\"ProductFeaturesTextstyles__Feature-fxqvf2-3 ggyeUS\">M\u00e9ret: 52-68 cm.<\/li>\n<li class=\"ProductFeaturesTextstyles__Feature-fxqvf2-3 ggyeUS\">8 sz\u00ednben el\u00e9rhet\u0151 matt fel\u00fclettel: feh\u00e9r, s\u00e1rga, narancs, piros, fekete, z\u00f6ld, k\u00e9k \u00e9s j\u00f3l l\u00e1that\u00f3s\u00e1gi s\u00e1rga.<\/li>\n<li class=\"ProductFeaturesTextstyles__Feature-fxqvf2-3 ggyeUS\">EN 397:2012 szabv\u00e1ny szerint tan\u00fas\u00edtott, extr\u00e9m h\u0151m\u00e9rs\u00e9klet -30\u00b0C, oldalir\u00e1ny\u00fa deform\u00e1ci\u00f3k ellen. Elektromos szigetel\u00e9s 440 V v\u00e1ltakoz\u00f3 fesz\u00fclts\u00e9gig (nem szell\u0151z\u0151 v\u00e1ltozat).<\/li>\n<li class=\"ProductFeaturesTextstyles__Feature-fxqvf2-3 ggyeUS\">Tan\u00fas\u00edtott az EN 50365:2002 szabv\u00e1ny szerint Elektromos 0. oszt\u00e1lyba, maximum 1000V v\u00e1lt\u00f3\u00e1ramhoz \u00e9s 1500V egyen\u00e1ramhoz a szell\u0151z\u0151s \u00e9s szell\u0151z\u0151ny\u00edl\u00e1s n\u00e9lk\u00fcli verzi\u00f3khoz.<\/li>\n<\/ul>\n","protected":false},"excerpt":{"rendered":"<p><strong>A k\u00e9szlet tartalma:<\/strong> 1 db BOLT\u2122100 V\u00c9D\u0150SISAK FEH\u00c9R SZELL\u0150Z\u0150<\/p>\n","protected":false},"featured_media":5995,"template":"","meta":[],"product_cat":[205,59,200,89],"product_tag":[],"class_list":["post-5994","product","type-product","status-publish","has-post-thumbnail","hentry","product_cat-fejvedok-es-legzesvedelem","product_cat-milwaukee","product_cat-munkavedelem-termekek","product_cat-termekek"],"yoast_head":"<!-- This site is optimized with the Yoast SEO Premium plugin v21.3 (Yoast SEO v21.3) - https:\/\/yoast.com\/wordpress\/plugins\/seo\/ -->\n<title>MILWAUKEE BOLT\u2122100 V\u00c9D\u0150SISAK FEH\u00c9R SZELL\u0150Z\u0150 (4932478122) - Eurosmart - Milwaukee web\u00e1ruh\u00e1z<\/title>\n<meta name=\"robots\" content=\"index, follow, max-snippet:-1, max-image-preview:large, max-video-preview:-1\" \/>\n<link rel=\"canonical\" href=\"https:\/\/www.eurosmart.hu\/shop\/index.php\/termek\/milwaukee-bolt100-vedosisak-feher-szellozo-4932478122\/\" \/>\n<meta property=\"og:locale\" content=\"hu_HU\" \/>\n<meta property=\"og:type\" content=\"article\" \/>\n<meta property=\"og:title\" content=\"MILWAUKEE BOLT\u2122100 V\u00c9D\u0150SISAK FEH\u00c9R SZELL\u0150Z\u0150 (4932478122)\" \/>\n<meta property=\"og:description\" content=\"A k\u00e9szlet tartalma: 1 db BOLT\u2122100 V\u00c9D\u0150SISAK FEH\u00c9R SZELL\u0150Z\u0150\" \/>\n<meta property=\"og:url\" content=\"https:\/\/www.eurosmart.hu\/shop\/index.php\/termek\/milwaukee-bolt100-vedosisak-feher-szellozo-4932478122\/\" \/>\n<meta property=\"og:site_name\" content=\"Eurosmart - Milwaukee web\u00e1ruh\u00e1z\" \/>\n<meta property=\"article:publisher\" content=\"https:\/\/www.facebook.com\/EurosmartKft\" \/>\n<meta property=\"article:modified_time\" content=\"2024-02-21T08:45:41+00:00\" \/>\n<meta property=\"og:image\" content=\"https:\/\/www.eurosmart.hu\/shop\/wp-content\/uploads\/2024\/02\/4932478122.jpg\" \/>\n\t<meta property=\"og:image:width\" content=\"1000\" \/>\n\t<meta property=\"og:image:height\" content=\"1000\" \/>\n\t<meta property=\"og:image:type\" content=\"image\/jpeg\" \/>\n<meta name=\"twitter:card\" content=\"summary_large_image\" \/>\n<meta name=\"twitter:label1\" content=\"Price\" \/>\n\t<meta name=\"twitter:data1\" content=\"\" \/>\n\t<meta name=\"twitter:label2\" content=\"Availability\" \/>\n\t<meta name=\"twitter:data2\" content=\"On backorder\" \/>\n<script type=\"application\/ld+json\" class=\"yoast-schema-graph\">{\"@context\":\"https:\/\/schema.org\",\"@graph\":[{\"@type\":\"WebPage\",\"@id\":\"https:\/\/www.eurosmart.hu\/shop\/index.php\/termek\/milwaukee-bolt100-vedosisak-feher-szellozo-4932478122\/\",\"url\":\"https:\/\/www.eurosmart.hu\/shop\/index.php\/termek\/milwaukee-bolt100-vedosisak-feher-szellozo-4932478122\/\",\"name\":\"MILWAUKEE BOLT\u2122100 V\u00c9D\u0150SISAK FEH\u00c9R SZELL\u0150Z\u0150 (4932478122) - Eurosmart - Milwaukee web\u00e1ruh\u00e1z\",\"isPartOf\":{\"@id\":\"https:\/\/www.eurosmart.hu\/shop\/#website\"},\"datePublished\":\"2024-02-21T08:44:29+00:00\",\"dateModified\":\"2024-02-21T08:45:41+00:00\",\"breadcrumb\":{\"@id\":\"https:\/\/www.eurosmart.hu\/shop\/index.php\/termek\/milwaukee-bolt100-vedosisak-feher-szellozo-4932478122\/#breadcrumb\"},\"inLanguage\":\"hu\",\"potentialAction\":[{\"@type\":\"ReadAction\",\"target\":[\"https:\/\/www.eurosmart.hu\/shop\/index.php\/termek\/milwaukee-bolt100-vedosisak-feher-szellozo-4932478122\/\"]}]},{\"@type\":\"BreadcrumbList\",\"@id\":\"https:\/\/www.eurosmart.hu\/shop\/index.php\/termek\/milwaukee-bolt100-vedosisak-feher-szellozo-4932478122\/#breadcrumb\",\"itemListElement\":[{\"@type\":\"ListItem\",\"position\":1,\"name\":\"Kezd\u0151lap\",\"item\":\"https:\/\/www.eurosmart.hu\/shop\/\"},{\"@type\":\"ListItem\",\"position\":2,\"name\":\"Term\u00e9keink\",\"item\":\"https:\/\/www.eurosmart.hu\/shop\/index.php\/uzlet\/\"},{\"@type\":\"ListItem\",\"position\":3,\"name\":\"MILWAUKEE BOLT\u2122100 V\u00c9D\u0150SISAK FEH\u00c9R SZELL\u0150Z\u0150 (4932478122)\"}]},{\"@type\":\"WebSite\",\"@id\":\"https:\/\/www.eurosmart.hu\/shop\/#website\",\"url\":\"https:\/\/www.eurosmart.hu\/shop\/\",\"name\":\"Eurosmart - Milwaukee web\u00e1ruh\u00e1z\",\"description\":\"Milwaukee web\u00e1ruh\u00e1z\",\"publisher\":{\"@id\":\"https:\/\/www.eurosmart.hu\/shop\/#organization\"},\"potentialAction\":[{\"@type\":\"SearchAction\",\"target\":{\"@type\":\"EntryPoint\",\"urlTemplate\":\"https:\/\/www.eurosmart.hu\/shop\/?s={search_term_string}\"},\"query-input\":\"required name=search_term_string\"}],\"inLanguage\":\"hu\"},{\"@type\":\"Organization\",\"@id\":\"https:\/\/www.eurosmart.hu\/shop\/#organization\",\"name\":\"Eurosmart - Milwaukee web\u00e1ruh\u00e1z\",\"url\":\"https:\/\/www.eurosmart.hu\/shop\/\",\"logo\":{\"@type\":\"ImageObject\",\"inLanguage\":\"hu\",\"@id\":\"https:\/\/www.eurosmart.hu\/shop\/#\/schema\/logo\/image\/\",\"url\":\"https:\/\/www.eurosmart.hu\/shop\/wp-content\/uploads\/2023\/10\/milwaukee-logo-1.png\",\"contentUrl\":\"https:\/\/www.eurosmart.hu\/shop\/wp-content\/uploads\/2023\/10\/milwaukee-logo-1.png\",\"width\":500,\"height\":200,\"caption\":\"Eurosmart - Milwaukee web\u00e1ruh\u00e1z\"},\"image\":{\"@id\":\"https:\/\/www.eurosmart.hu\/shop\/#\/schema\/logo\/image\/\"},\"sameAs\":[\"https:\/\/www.facebook.com\/EurosmartKft\"]}]}<\/script>\n<meta property=\"product:price:amount\" content=\"0\" \/>\n<meta property=\"product:price:currency\" content=\"HUF\" \/>\n<meta property=\"og:availability\" content=\"backorder\" \/>\n<meta property=\"product:availability\" content=\"available for order\" \/>\n<meta property=\"product:retailer_item_id\" content=\"4932478122\" \/>\n<meta property=\"product:condition\" content=\"new\" \/>\n<!-- \/ Yoast SEO Premium plugin. -->","yoast_head_json":{"title":"MILWAUKEE BOLT\u2122100 V\u00c9D\u0150SISAK FEH\u00c9R SZELL\u0150Z\u0150 (4932478122) - Eurosmart - Milwaukee web\u00e1ruh\u00e1z","robots":{"index":"index","follow":"follow","max-snippet":"max-snippet:-1","max-image-preview":"max-image-preview:large","max-video-preview":"max-video-preview:-1"},"canonical":"https:\/\/www.eurosmart.hu\/shop\/index.php\/termek\/milwaukee-bolt100-vedosisak-feher-szellozo-4932478122\/","og_locale":"hu_HU","og_type":"article","og_title":"MILWAUKEE BOLT\u2122100 V\u00c9D\u0150SISAK FEH\u00c9R SZELL\u0150Z\u0150 (4932478122)","og_description":"A k\u00e9szlet tartalma: 1 db BOLT\u2122100 V\u00c9D\u0150SISAK FEH\u00c9R SZELL\u0150Z\u0150","og_url":"https:\/\/www.eurosmart.hu\/shop\/index.php\/termek\/milwaukee-bolt100-vedosisak-feher-szellozo-4932478122\/","og_site_name":"Eurosmart - Milwaukee web\u00e1ruh\u00e1z","article_publisher":"https:\/\/www.facebook.com\/EurosmartKft","article_modified_time":"2024-02-21T08:45:41+00:00","og_image":[{"width":1000,"height":1000,"url":"https:\/\/www.eurosmart.hu\/shop\/wp-content\/uploads\/2024\/02\/4932478122.jpg","type":"image\/jpeg"}],"twitter_card":"summary_large_image","twitter_misc":{"Price":"","Availability":"On backorder"},"schema":{"@context":"https:\/\/schema.org","@graph":[{"@type":"WebPage","@id":"https:\/\/www.eurosmart.hu\/shop\/index.php\/termek\/milwaukee-bolt100-vedosisak-feher-szellozo-4932478122\/","url":"https:\/\/www.eurosmart.hu\/shop\/index.php\/termek\/milwaukee-bolt100-vedosisak-feher-szellozo-4932478122\/","name":"MILWAUKEE BOLT\u2122100 V\u00c9D\u0150SISAK FEH\u00c9R SZELL\u0150Z\u0150 (4932478122) - Eurosmart - Milwaukee web\u00e1ruh\u00e1z","isPartOf":{"@id":"https:\/\/www.eurosmart.hu\/shop\/#website"},"datePublished":"2024-02-21T08:44:29+00:00","dateModified":"2024-02-21T08:45:41+00:00","breadcrumb":{"@id":"https:\/\/www.eurosmart.hu\/shop\/index.php\/termek\/milwaukee-bolt100-vedosisak-feher-szellozo-4932478122\/#breadcrumb"},"inLanguage":"hu","potentialAction":[{"@type":"ReadAction","target":["https:\/\/www.eurosmart.hu\/shop\/index.php\/termek\/milwaukee-bolt100-vedosisak-feher-szellozo-4932478122\/"]}]},{"@type":"BreadcrumbList","@id":"https:\/\/www.eurosmart.hu\/shop\/index.php\/termek\/milwaukee-bolt100-vedosisak-feher-szellozo-4932478122\/#breadcrumb","itemListElement":[{"@type":"ListItem","position":1,"name":"Kezd\u0151lap","item":"https:\/\/www.eurosmart.hu\/shop\/"},{"@type":"ListItem","position":2,"name":"Term\u00e9keink","item":"https:\/\/www.eurosmart.hu\/shop\/index.php\/uzlet\/"},{"@type":"ListItem","position":3,"name":"MILWAUKEE BOLT\u2122100 V\u00c9D\u0150SISAK FEH\u00c9R SZELL\u0150Z\u0150 (4932478122)"}]},{"@type":"WebSite","@id":"https:\/\/www.eurosmart.hu\/shop\/#website","url":"https:\/\/www.eurosmart.hu\/shop\/","name":"Eurosmart - Milwaukee web\u00e1ruh\u00e1z","description":"Milwaukee web\u00e1ruh\u00e1z","publisher":{"@id":"https:\/\/www.eurosmart.hu\/shop\/#organization"},"potentialAction":[{"@type":"SearchAction","target":{"@type":"EntryPoint","urlTemplate":"https:\/\/www.eurosmart.hu\/shop\/?s={search_term_string}"},"query-input":"required name=search_term_string"}],"inLanguage":"hu"},{"@type":"Organization","@id":"https:\/\/www.eurosmart.hu\/shop\/#organization","name":"Eurosmart - Milwaukee web\u00e1ruh\u00e1z","url":"https:\/\/www.eurosmart.hu\/shop\/","logo":{"@type":"ImageObject","inLanguage":"hu","@id":"https:\/\/www.eurosmart.hu\/shop\/#\/schema\/logo\/image\/","url":"https:\/\/www.eurosmart.hu\/shop\/wp-content\/uploads\/2023\/10\/milwaukee-logo-1.png","contentUrl":"https:\/\/www.eurosmart.hu\/shop\/wp-content\/uploads\/2023\/10\/milwaukee-logo-1.png","width":500,"height":200,"caption":"Eurosmart - Milwaukee web\u00e1ruh\u00e1z"},"image":{"@id":"https:\/\/www.eurosmart.hu\/shop\/#\/schema\/logo\/image\/"},"sameAs":["https:\/\/www.facebook.com\/EurosmartKft"]}]},"product_price_currency":"HUF","og_availability":"backorder","product_availability":"available for order","product_retailer_item_id":"4932478122","product_condition":"new"},"_links":{"self":[{"href":"https:\/\/www.eurosmart.hu\/shop\/index.php\/wp-json\/wp\/v2\/product\/5994","targetHints":{"allow":["GET"]}}],"collection":[{"href":"https:\/\/www.eurosmart.hu\/shop\/index.php\/wp-json\/wp\/v2\/product"}],"about":[{"href":"https:\/\/www.eurosmart.hu\/shop\/index.php\/wp-json\/wp\/v2\/types\/product"}],"wp:featuredmedia":[{"embeddable":true,"href":"https:\/\/www.eurosmart.hu\/shop\/index.php\/wp-json\/wp\/v2\/media\/5995"}],"wp:attachment":[{"href":"https:\/\/www.eurosmart.hu\/shop\/index.php\/wp-json\/wp\/v2\/media?parent=5994"}],"wp:term":[{"taxonomy":"product_cat","embeddable":true,"href":"https:\/\/www.eurosmart.hu\/shop\/index.php\/wp-json\/wp\/v2\/product_cat?post=5994"},{"taxonomy":"product_tag","embeddable":true,"href":"https:\/\/www.eurosmart.hu\/shop\/index.php\/wp-json\/wp\/v2\/product_tag?post=5994"}],"curies":[{"name":"wp","href":"https:\/\/api.w.org\/{rel}","templated":true}]}}