{"id":5963,"date":"2024-02-20T15:01:12","date_gmt":"2024-02-20T15:01:12","guid":{"rendered":"https:\/\/www.eurosmart.hu\/shop\/?post_type=product&#038;p=5963"},"modified":"2024-02-20T15:01:32","modified_gmt":"2024-02-20T15:01:32","slug":"milwaukee-karcmentes-vedoszemuveg-optikai-lencsevel-1-5-viztiszta-4932478910","status":"publish","type":"product","link":"https:\/\/www.eurosmart.hu\/shop\/index.php\/termek\/milwaukee-karcmentes-vedoszemuveg-optikai-lencsevel-1-5-viztiszta-4932478910\/","title":{"rendered":"MILWAUKEE KARCMENTES V\u00c9D\u0150SZEM\u00dcVEG OPTIKAI LENCS\u00c9VEL (+1.5) V\u00cdZTISZTA (4932478910)"},"content":{"rendered":"<h5>Tulajdons\u00e1gok:<\/h5>\n<ul class=\"ProductFeaturesTextstyles__FeatureList-fxqvf2-1 dUrrwH\">\n<li class=\"ProductFeaturesTextstyles__Feature-fxqvf2-3 ggyeUS\">Optikai lencs\u00e9k &#8211; optikai korrekci\u00f3t k\u00edn\u00e1l a felhaszn\u00e1l\u00f3knak, hogy jav\u00edts\u00e1k a l\u00e1t\u00e1sukat a k\u00f6zeli alkalmaz\u00e1sokn\u00e1l.<\/li>\n<li class=\"ProductFeaturesTextstyles__Feature-fxqvf2-3 ggyeUS\">4 k\u00fcl\u00f6nb\u00f6z\u0151 dioptria: +1 \/ +1,5 \/ +2 \/ +2,5<\/li>\n<li class=\"ProductFeaturesTextstyles__Feature-fxqvf2-3 ggyeUS\">K\u00f6nny\u0171, hosszantart\u00f3 k\u00e9nyelem<\/li>\n<li class=\"ProductFeaturesTextstyles__Feature-fxqvf2-3 ggyeUS\">Tart\u00f3s karc\u00e1ll\u00f3 lencs\u00e9k.<\/li>\n<li class=\"ProductFeaturesTextstyles__Feature-fxqvf2-3 ggyeUS\">K\u00e9nyelmes, rugalmas szem\u00fcvegsz\u00e1r<\/li>\n<li class=\"ProductFeaturesTextstyles__Feature-fxqvf2-3 ggyeUS\">EN166 szabv\u00e1nynak megfelel<\/li>\n<\/ul>\n","protected":false},"excerpt":{"rendered":"<p><strong>A k\u00e9szlet tartalma:<\/strong> 1 db KARCMENTES V\u00c9D\u0150SZEM\u00dcVEG OPTIKAI LENCS\u00c9VEL V\u00cdZTISZTA<\/p>\n","protected":false},"featured_media":5962,"template":"","meta":[],"product_cat":[59,200,89,203],"product_tag":[],"class_list":["post-5963","product","type-product","status-publish","has-post-thumbnail","hentry","product_cat-milwaukee","product_cat-munkavedelem-termekek","product_cat-termekek","product_cat-vedoszemuvegek"],"yoast_head":"<!-- This site is optimized with the Yoast SEO Premium plugin v21.3 (Yoast SEO v21.3) - https:\/\/yoast.com\/wordpress\/plugins\/seo\/ -->\n<title>MILWAUKEE KARCMENTES V\u00c9D\u0150SZEM\u00dcVEG OPTIKAI LENCS\u00c9VEL (+1.5) V\u00cdZTISZTA (4932478910) - Eurosmart - Milwaukee web\u00e1ruh\u00e1z<\/title>\n<meta name=\"robots\" content=\"index, follow, max-snippet:-1, max-image-preview:large, max-video-preview:-1\" \/>\n<link rel=\"canonical\" href=\"https:\/\/www.eurosmart.hu\/shop\/index.php\/termek\/milwaukee-karcmentes-vedoszemuveg-optikai-lencsevel-1-5-viztiszta-4932478910\/\" \/>\n<meta property=\"og:locale\" content=\"hu_HU\" \/>\n<meta property=\"og:type\" content=\"article\" \/>\n<meta property=\"og:title\" content=\"MILWAUKEE KARCMENTES V\u00c9D\u0150SZEM\u00dcVEG OPTIKAI LENCS\u00c9VEL (+1.5) V\u00cdZTISZTA (4932478910)\" \/>\n<meta property=\"og:description\" content=\"A k\u00e9szlet tartalma: 1 db KARCMENTES V\u00c9D\u0150SZEM\u00dcVEG OPTIKAI LENCS\u00c9VEL V\u00cdZTISZTA\" \/>\n<meta property=\"og:url\" content=\"https:\/\/www.eurosmart.hu\/shop\/index.php\/termek\/milwaukee-karcmentes-vedoszemuveg-optikai-lencsevel-1-5-viztiszta-4932478910\/\" \/>\n<meta property=\"og:site_name\" content=\"Eurosmart - Milwaukee web\u00e1ruh\u00e1z\" \/>\n<meta property=\"article:publisher\" content=\"https:\/\/www.facebook.com\/EurosmartKft\" \/>\n<meta property=\"article:modified_time\" content=\"2024-02-20T15:01:32+00:00\" \/>\n<meta property=\"og:image\" content=\"https:\/\/www.eurosmart.hu\/shop\/wp-content\/uploads\/2024\/02\/4932478909.jpg\" \/>\n\t<meta property=\"og:image:width\" content=\"1000\" \/>\n\t<meta property=\"og:image:height\" content=\"1000\" \/>\n\t<meta property=\"og:image:type\" content=\"image\/jpeg\" \/>\n<meta name=\"twitter:card\" content=\"summary_large_image\" \/>\n<meta name=\"twitter:label1\" content=\"Price\" \/>\n\t<meta name=\"twitter:data1\" content=\"\" \/>\n\t<meta name=\"twitter:label2\" content=\"Availability\" \/>\n\t<meta name=\"twitter:data2\" content=\"In stock\" \/>\n<script type=\"application\/ld+json\" class=\"yoast-schema-graph\">{\"@context\":\"https:\/\/schema.org\",\"@graph\":[{\"@type\":\"WebPage\",\"@id\":\"https:\/\/www.eurosmart.hu\/shop\/index.php\/termek\/milwaukee-karcmentes-vedoszemuveg-optikai-lencsevel-1-5-viztiszta-4932478910\/\",\"url\":\"https:\/\/www.eurosmart.hu\/shop\/index.php\/termek\/milwaukee-karcmentes-vedoszemuveg-optikai-lencsevel-1-5-viztiszta-4932478910\/\",\"name\":\"MILWAUKEE KARCMENTES V\u00c9D\u0150SZEM\u00dcVEG OPTIKAI LENCS\u00c9VEL (+1.5) V\u00cdZTISZTA (4932478910) - Eurosmart - Milwaukee web\u00e1ruh\u00e1z\",\"isPartOf\":{\"@id\":\"https:\/\/www.eurosmart.hu\/shop\/#website\"},\"datePublished\":\"2024-02-20T15:01:12+00:00\",\"dateModified\":\"2024-02-20T15:01:32+00:00\",\"breadcrumb\":{\"@id\":\"https:\/\/www.eurosmart.hu\/shop\/index.php\/termek\/milwaukee-karcmentes-vedoszemuveg-optikai-lencsevel-1-5-viztiszta-4932478910\/#breadcrumb\"},\"inLanguage\":\"hu\",\"potentialAction\":[{\"@type\":\"ReadAction\",\"target\":[\"https:\/\/www.eurosmart.hu\/shop\/index.php\/termek\/milwaukee-karcmentes-vedoszemuveg-optikai-lencsevel-1-5-viztiszta-4932478910\/\"]}]},{\"@type\":\"BreadcrumbList\",\"@id\":\"https:\/\/www.eurosmart.hu\/shop\/index.php\/termek\/milwaukee-karcmentes-vedoszemuveg-optikai-lencsevel-1-5-viztiszta-4932478910\/#breadcrumb\",\"itemListElement\":[{\"@type\":\"ListItem\",\"position\":1,\"name\":\"Kezd\u0151lap\",\"item\":\"https:\/\/www.eurosmart.hu\/shop\/\"},{\"@type\":\"ListItem\",\"position\":2,\"name\":\"Term\u00e9keink\",\"item\":\"https:\/\/www.eurosmart.hu\/shop\/index.php\/uzlet\/\"},{\"@type\":\"ListItem\",\"position\":3,\"name\":\"MILWAUKEE KARCMENTES V\u00c9D\u0150SZEM\u00dcVEG OPTIKAI LENCS\u00c9VEL (+1.5) V\u00cdZTISZTA (4932478910)\"}]},{\"@type\":\"WebSite\",\"@id\":\"https:\/\/www.eurosmart.hu\/shop\/#website\",\"url\":\"https:\/\/www.eurosmart.hu\/shop\/\",\"name\":\"Eurosmart - Milwaukee web\u00e1ruh\u00e1z\",\"description\":\"Milwaukee web\u00e1ruh\u00e1z\",\"publisher\":{\"@id\":\"https:\/\/www.eurosmart.hu\/shop\/#organization\"},\"potentialAction\":[{\"@type\":\"SearchAction\",\"target\":{\"@type\":\"EntryPoint\",\"urlTemplate\":\"https:\/\/www.eurosmart.hu\/shop\/?s={search_term_string}\"},\"query-input\":\"required name=search_term_string\"}],\"inLanguage\":\"hu\"},{\"@type\":\"Organization\",\"@id\":\"https:\/\/www.eurosmart.hu\/shop\/#organization\",\"name\":\"Eurosmart - Milwaukee web\u00e1ruh\u00e1z\",\"url\":\"https:\/\/www.eurosmart.hu\/shop\/\",\"logo\":{\"@type\":\"ImageObject\",\"inLanguage\":\"hu\",\"@id\":\"https:\/\/www.eurosmart.hu\/shop\/#\/schema\/logo\/image\/\",\"url\":\"https:\/\/www.eurosmart.hu\/shop\/wp-content\/uploads\/2023\/10\/milwaukee-logo-1.png\",\"contentUrl\":\"https:\/\/www.eurosmart.hu\/shop\/wp-content\/uploads\/2023\/10\/milwaukee-logo-1.png\",\"width\":500,\"height\":200,\"caption\":\"Eurosmart - Milwaukee web\u00e1ruh\u00e1z\"},\"image\":{\"@id\":\"https:\/\/www.eurosmart.hu\/shop\/#\/schema\/logo\/image\/\"},\"sameAs\":[\"https:\/\/www.facebook.com\/EurosmartKft\"]}]}<\/script>\n<meta property=\"product:price:amount\" content=\"0\" \/>\n<meta property=\"product:price:currency\" content=\"HUF\" \/>\n<meta property=\"og:availability\" content=\"instock\" \/>\n<meta property=\"product:availability\" content=\"instock\" \/>\n<meta property=\"product:retailer_item_id\" content=\"4932478910\" \/>\n<meta property=\"product:condition\" content=\"new\" \/>\n<!-- \/ Yoast SEO Premium plugin. -->","yoast_head_json":{"title":"MILWAUKEE KARCMENTES V\u00c9D\u0150SZEM\u00dcVEG OPTIKAI LENCS\u00c9VEL (+1.5) V\u00cdZTISZTA (4932478910) - Eurosmart - Milwaukee web\u00e1ruh\u00e1z","robots":{"index":"index","follow":"follow","max-snippet":"max-snippet:-1","max-image-preview":"max-image-preview:large","max-video-preview":"max-video-preview:-1"},"canonical":"https:\/\/www.eurosmart.hu\/shop\/index.php\/termek\/milwaukee-karcmentes-vedoszemuveg-optikai-lencsevel-1-5-viztiszta-4932478910\/","og_locale":"hu_HU","og_type":"article","og_title":"MILWAUKEE KARCMENTES V\u00c9D\u0150SZEM\u00dcVEG OPTIKAI LENCS\u00c9VEL (+1.5) V\u00cdZTISZTA (4932478910)","og_description":"A k\u00e9szlet tartalma: 1 db KARCMENTES V\u00c9D\u0150SZEM\u00dcVEG OPTIKAI LENCS\u00c9VEL V\u00cdZTISZTA","og_url":"https:\/\/www.eurosmart.hu\/shop\/index.php\/termek\/milwaukee-karcmentes-vedoszemuveg-optikai-lencsevel-1-5-viztiszta-4932478910\/","og_site_name":"Eurosmart - Milwaukee web\u00e1ruh\u00e1z","article_publisher":"https:\/\/www.facebook.com\/EurosmartKft","article_modified_time":"2024-02-20T15:01:32+00:00","og_image":[{"width":1000,"height":1000,"url":"https:\/\/www.eurosmart.hu\/shop\/wp-content\/uploads\/2024\/02\/4932478909.jpg","type":"image\/jpeg"}],"twitter_card":"summary_large_image","twitter_misc":{"Price":"","Availability":"In stock"},"schema":{"@context":"https:\/\/schema.org","@graph":[{"@type":"WebPage","@id":"https:\/\/www.eurosmart.hu\/shop\/index.php\/termek\/milwaukee-karcmentes-vedoszemuveg-optikai-lencsevel-1-5-viztiszta-4932478910\/","url":"https:\/\/www.eurosmart.hu\/shop\/index.php\/termek\/milwaukee-karcmentes-vedoszemuveg-optikai-lencsevel-1-5-viztiszta-4932478910\/","name":"MILWAUKEE KARCMENTES V\u00c9D\u0150SZEM\u00dcVEG OPTIKAI LENCS\u00c9VEL (+1.5) V\u00cdZTISZTA (4932478910) - Eurosmart - Milwaukee web\u00e1ruh\u00e1z","isPartOf":{"@id":"https:\/\/www.eurosmart.hu\/shop\/#website"},"datePublished":"2024-02-20T15:01:12+00:00","dateModified":"2024-02-20T15:01:32+00:00","breadcrumb":{"@id":"https:\/\/www.eurosmart.hu\/shop\/index.php\/termek\/milwaukee-karcmentes-vedoszemuveg-optikai-lencsevel-1-5-viztiszta-4932478910\/#breadcrumb"},"inLanguage":"hu","potentialAction":[{"@type":"ReadAction","target":["https:\/\/www.eurosmart.hu\/shop\/index.php\/termek\/milwaukee-karcmentes-vedoszemuveg-optikai-lencsevel-1-5-viztiszta-4932478910\/"]}]},{"@type":"BreadcrumbList","@id":"https:\/\/www.eurosmart.hu\/shop\/index.php\/termek\/milwaukee-karcmentes-vedoszemuveg-optikai-lencsevel-1-5-viztiszta-4932478910\/#breadcrumb","itemListElement":[{"@type":"ListItem","position":1,"name":"Kezd\u0151lap","item":"https:\/\/www.eurosmart.hu\/shop\/"},{"@type":"ListItem","position":2,"name":"Term\u00e9keink","item":"https:\/\/www.eurosmart.hu\/shop\/index.php\/uzlet\/"},{"@type":"ListItem","position":3,"name":"MILWAUKEE KARCMENTES V\u00c9D\u0150SZEM\u00dcVEG OPTIKAI LENCS\u00c9VEL (+1.5) V\u00cdZTISZTA (4932478910)"}]},{"@type":"WebSite","@id":"https:\/\/www.eurosmart.hu\/shop\/#website","url":"https:\/\/www.eurosmart.hu\/shop\/","name":"Eurosmart - Milwaukee web\u00e1ruh\u00e1z","description":"Milwaukee web\u00e1ruh\u00e1z","publisher":{"@id":"https:\/\/www.eurosmart.hu\/shop\/#organization"},"potentialAction":[{"@type":"SearchAction","target":{"@type":"EntryPoint","urlTemplate":"https:\/\/www.eurosmart.hu\/shop\/?s={search_term_string}"},"query-input":"required name=search_term_string"}],"inLanguage":"hu"},{"@type":"Organization","@id":"https:\/\/www.eurosmart.hu\/shop\/#organization","name":"Eurosmart - Milwaukee web\u00e1ruh\u00e1z","url":"https:\/\/www.eurosmart.hu\/shop\/","logo":{"@type":"ImageObject","inLanguage":"hu","@id":"https:\/\/www.eurosmart.hu\/shop\/#\/schema\/logo\/image\/","url":"https:\/\/www.eurosmart.hu\/shop\/wp-content\/uploads\/2023\/10\/milwaukee-logo-1.png","contentUrl":"https:\/\/www.eurosmart.hu\/shop\/wp-content\/uploads\/2023\/10\/milwaukee-logo-1.png","width":500,"height":200,"caption":"Eurosmart - Milwaukee web\u00e1ruh\u00e1z"},"image":{"@id":"https:\/\/www.eurosmart.hu\/shop\/#\/schema\/logo\/image\/"},"sameAs":["https:\/\/www.facebook.com\/EurosmartKft"]}]},"product_price_currency":"HUF","og_availability":"instock","product_availability":"instock","product_retailer_item_id":"4932478910","product_condition":"new"},"_links":{"self":[{"href":"https:\/\/www.eurosmart.hu\/shop\/index.php\/wp-json\/wp\/v2\/product\/5963","targetHints":{"allow":["GET"]}}],"collection":[{"href":"https:\/\/www.eurosmart.hu\/shop\/index.php\/wp-json\/wp\/v2\/product"}],"about":[{"href":"https:\/\/www.eurosmart.hu\/shop\/index.php\/wp-json\/wp\/v2\/types\/product"}],"wp:featuredmedia":[{"embeddable":true,"href":"https:\/\/www.eurosmart.hu\/shop\/index.php\/wp-json\/wp\/v2\/media\/5962"}],"wp:attachment":[{"href":"https:\/\/www.eurosmart.hu\/shop\/index.php\/wp-json\/wp\/v2\/media?parent=5963"}],"wp:term":[{"taxonomy":"product_cat","embeddable":true,"href":"https:\/\/www.eurosmart.hu\/shop\/index.php\/wp-json\/wp\/v2\/product_cat?post=5963"},{"taxonomy":"product_tag","embeddable":true,"href":"https:\/\/www.eurosmart.hu\/shop\/index.php\/wp-json\/wp\/v2\/product_tag?post=5963"}],"curies":[{"name":"wp","href":"https:\/\/api.w.org\/{rel}","templated":true}]}}