{"id":5938,"date":"2024-02-20T14:00:53","date_gmt":"2024-02-20T14:00:53","guid":{"rendered":"https:\/\/www.eurosmart.hu\/shop\/?post_type=product&#038;p=5938"},"modified":"2024-02-20T14:03:10","modified_gmt":"2024-02-20T14:03:10","slug":"milwaukee-mxf-dht-mx-fuel-szallitokocsi-bontokalapacshoz-4933464879","status":"publish","type":"product","link":"https:\/\/www.eurosmart.hu\/shop\/index.php\/termek\/milwaukee-mxf-dht-mx-fuel-szallitokocsi-bontokalapacshoz-4933464879\/","title":{"rendered":"MILWAUKEE MXF DHT MX FUEL\u2122 SZ\u00c1LL\u00cdT\u00d3KOCSI BONT\u00d3KALAP\u00c1CSHOZ (4933464879)"},"content":{"rendered":"<h5>Tulajdons\u00e1gok:<\/h5>\n<ul class=\"ProductFeaturesTextstyles__FeatureList-fxqvf2-1 dUrrwH\">\n<li class=\"ProductFeaturesTextstyles__Feature-fxqvf2-3 ggyeUS\">K\u00f6nny\u0171 s\u00faly\u00fa sz\u00e1ll\u00edt\u00f3kocsi bont\u00f3kalap\u00e1csokhoz nagy gumi kerekekkel, az egyenetlen terepen t\u00f6rt\u00e9n\u0151 k\u00f6nny\u0171 sz\u00e1ll\u00edt\u00e1s \u00e9rdek\u00e9ben<\/li>\n<li class=\"ProductFeaturesTextstyles__Feature-fxqvf2-3 ggyeUS\">Be\u00e9p\u00edtett r\u00f6gz\u00edt\u0151 heveder \u00e9s teljes f\u00e9m r\u00f6gz\u00edt\u00e9si helyek<\/li>\n<li class=\"ProductFeaturesTextstyles__Feature-fxqvf2-3 ggyeUS\">T\u00e1rol\u00f3helyek a burkolaton 4 v\u00e9s\u0151h\u00f6z<\/li>\n<li class=\"ProductFeaturesTextstyles__Feature-fxqvf2-3 ggyeUS\">T\u00e1rol\u00f3 dokk akkumul\u00e1torhoz, t\u00f6lt\u0151h\u00f6z \u00e9s t\u00f6lt\u0151 k\u00e1belhoroghoz a sz\u00e1ll\u00edt\u00e1shoz<\/li>\n<li>Teherb\u00edr\u00e1s (kg): 150<\/li>\n<li>S\u00faly (kg): 15.7<\/li>\n<\/ul>\n","protected":false},"excerpt":{"rendered":"<p><strong>A k\u00e9szlet tartalma:<\/strong> 1 db MXF DHT MX FUEL\u2122 SZ\u00c1LL\u00cdT\u00d3KOCSI BONT\u00d3KALAP\u00c1CSHOZ<\/p>\n","protected":false},"featured_media":5939,"template":"","meta":[],"product_cat":[234,59,229,228,197,89],"product_tag":[],"class_list":["post-5938","product","type-product","status-publish","has-post-thumbnail","hentry","product_cat-betetek-es-szallito-kocsik","product_cat-milwaukee","product_cat-mx-fuel-rendszer","product_cat-rendszer","product_cat-tarolas","product_cat-termekek"],"yoast_head":"<!-- This site is optimized with the Yoast SEO Premium plugin v21.3 (Yoast SEO v21.3) - https:\/\/yoast.com\/wordpress\/plugins\/seo\/ -->\n<title>MILWAUKEE MXF DHT MX FUEL\u2122 SZ\u00c1LL\u00cdT\u00d3KOCSI BONT\u00d3KALAP\u00c1CSHOZ (4933464879) - Eurosmart - Milwaukee web\u00e1ruh\u00e1z<\/title>\n<meta name=\"robots\" content=\"index, follow, max-snippet:-1, max-image-preview:large, max-video-preview:-1\" \/>\n<link rel=\"canonical\" href=\"https:\/\/www.eurosmart.hu\/shop\/index.php\/termek\/milwaukee-mxf-dht-mx-fuel-szallitokocsi-bontokalapacshoz-4933464879\/\" \/>\n<meta property=\"og:locale\" content=\"hu_HU\" \/>\n<meta property=\"og:type\" content=\"article\" \/>\n<meta property=\"og:title\" content=\"MILWAUKEE MXF DHT MX FUEL\u2122 SZ\u00c1LL\u00cdT\u00d3KOCSI BONT\u00d3KALAP\u00c1CSHOZ (4933464879)\" \/>\n<meta property=\"og:description\" content=\"A k\u00e9szlet tartalma: 1 db MXF DHT MX FUEL\u2122 SZ\u00c1LL\u00cdT\u00d3KOCSI BONT\u00d3KALAP\u00c1CSHOZ\" \/>\n<meta property=\"og:url\" content=\"https:\/\/www.eurosmart.hu\/shop\/index.php\/termek\/milwaukee-mxf-dht-mx-fuel-szallitokocsi-bontokalapacshoz-4933464879\/\" \/>\n<meta property=\"og:site_name\" content=\"Eurosmart - Milwaukee web\u00e1ruh\u00e1z\" \/>\n<meta property=\"article:publisher\" content=\"https:\/\/www.facebook.com\/EurosmartKft\" \/>\n<meta property=\"article:modified_time\" content=\"2024-02-20T14:03:10+00:00\" \/>\n<meta property=\"og:image\" content=\"https:\/\/www.eurosmart.hu\/shop\/wp-content\/uploads\/2024\/02\/4933464879.jpg\" \/>\n\t<meta property=\"og:image:width\" content=\"1000\" \/>\n\t<meta property=\"og:image:height\" content=\"1000\" \/>\n\t<meta property=\"og:image:type\" content=\"image\/jpeg\" \/>\n<meta name=\"twitter:card\" content=\"summary_large_image\" \/>\n<meta name=\"twitter:label1\" content=\"Price\" \/>\n\t<meta name=\"twitter:data1\" content=\"\" \/>\n\t<meta name=\"twitter:label2\" content=\"Availability\" \/>\n\t<meta name=\"twitter:data2\" content=\"On backorder\" \/>\n<script type=\"application\/ld+json\" class=\"yoast-schema-graph\">{\"@context\":\"https:\/\/schema.org\",\"@graph\":[{\"@type\":\"WebPage\",\"@id\":\"https:\/\/www.eurosmart.hu\/shop\/index.php\/termek\/milwaukee-mxf-dht-mx-fuel-szallitokocsi-bontokalapacshoz-4933464879\/\",\"url\":\"https:\/\/www.eurosmart.hu\/shop\/index.php\/termek\/milwaukee-mxf-dht-mx-fuel-szallitokocsi-bontokalapacshoz-4933464879\/\",\"name\":\"MILWAUKEE MXF DHT MX FUEL\u2122 SZ\u00c1LL\u00cdT\u00d3KOCSI BONT\u00d3KALAP\u00c1CSHOZ (4933464879) - Eurosmart - Milwaukee web\u00e1ruh\u00e1z\",\"isPartOf\":{\"@id\":\"https:\/\/www.eurosmart.hu\/shop\/#website\"},\"datePublished\":\"2024-02-20T14:00:53+00:00\",\"dateModified\":\"2024-02-20T14:03:10+00:00\",\"breadcrumb\":{\"@id\":\"https:\/\/www.eurosmart.hu\/shop\/index.php\/termek\/milwaukee-mxf-dht-mx-fuel-szallitokocsi-bontokalapacshoz-4933464879\/#breadcrumb\"},\"inLanguage\":\"hu\",\"potentialAction\":[{\"@type\":\"ReadAction\",\"target\":[\"https:\/\/www.eurosmart.hu\/shop\/index.php\/termek\/milwaukee-mxf-dht-mx-fuel-szallitokocsi-bontokalapacshoz-4933464879\/\"]}]},{\"@type\":\"BreadcrumbList\",\"@id\":\"https:\/\/www.eurosmart.hu\/shop\/index.php\/termek\/milwaukee-mxf-dht-mx-fuel-szallitokocsi-bontokalapacshoz-4933464879\/#breadcrumb\",\"itemListElement\":[{\"@type\":\"ListItem\",\"position\":1,\"name\":\"Kezd\u0151lap\",\"item\":\"https:\/\/www.eurosmart.hu\/shop\/\"},{\"@type\":\"ListItem\",\"position\":2,\"name\":\"Term\u00e9keink\",\"item\":\"https:\/\/www.eurosmart.hu\/shop\/index.php\/uzlet\/\"},{\"@type\":\"ListItem\",\"position\":3,\"name\":\"MILWAUKEE MXF DHT MX FUEL\u2122 SZ\u00c1LL\u00cdT\u00d3KOCSI BONT\u00d3KALAP\u00c1CSHOZ (4933464879)\"}]},{\"@type\":\"WebSite\",\"@id\":\"https:\/\/www.eurosmart.hu\/shop\/#website\",\"url\":\"https:\/\/www.eurosmart.hu\/shop\/\",\"name\":\"Eurosmart - Milwaukee web\u00e1ruh\u00e1z\",\"description\":\"Milwaukee web\u00e1ruh\u00e1z\",\"publisher\":{\"@id\":\"https:\/\/www.eurosmart.hu\/shop\/#organization\"},\"potentialAction\":[{\"@type\":\"SearchAction\",\"target\":{\"@type\":\"EntryPoint\",\"urlTemplate\":\"https:\/\/www.eurosmart.hu\/shop\/?s={search_term_string}\"},\"query-input\":\"required name=search_term_string\"}],\"inLanguage\":\"hu\"},{\"@type\":\"Organization\",\"@id\":\"https:\/\/www.eurosmart.hu\/shop\/#organization\",\"name\":\"Eurosmart - Milwaukee web\u00e1ruh\u00e1z\",\"url\":\"https:\/\/www.eurosmart.hu\/shop\/\",\"logo\":{\"@type\":\"ImageObject\",\"inLanguage\":\"hu\",\"@id\":\"https:\/\/www.eurosmart.hu\/shop\/#\/schema\/logo\/image\/\",\"url\":\"https:\/\/www.eurosmart.hu\/shop\/wp-content\/uploads\/2023\/10\/milwaukee-logo-1.png\",\"contentUrl\":\"https:\/\/www.eurosmart.hu\/shop\/wp-content\/uploads\/2023\/10\/milwaukee-logo-1.png\",\"width\":500,\"height\":200,\"caption\":\"Eurosmart - Milwaukee web\u00e1ruh\u00e1z\"},\"image\":{\"@id\":\"https:\/\/www.eurosmart.hu\/shop\/#\/schema\/logo\/image\/\"},\"sameAs\":[\"https:\/\/www.facebook.com\/EurosmartKft\"]}]}<\/script>\n<meta property=\"product:price:amount\" content=\"0\" \/>\n<meta property=\"product:price:currency\" content=\"HUF\" \/>\n<meta property=\"og:availability\" content=\"backorder\" \/>\n<meta property=\"product:availability\" content=\"available for order\" \/>\n<meta property=\"product:retailer_item_id\" content=\"4933464879\" \/>\n<meta property=\"product:condition\" content=\"new\" \/>\n<!-- \/ Yoast SEO Premium plugin. -->","yoast_head_json":{"title":"MILWAUKEE MXF DHT MX FUEL\u2122 SZ\u00c1LL\u00cdT\u00d3KOCSI BONT\u00d3KALAP\u00c1CSHOZ (4933464879) - Eurosmart - Milwaukee web\u00e1ruh\u00e1z","robots":{"index":"index","follow":"follow","max-snippet":"max-snippet:-1","max-image-preview":"max-image-preview:large","max-video-preview":"max-video-preview:-1"},"canonical":"https:\/\/www.eurosmart.hu\/shop\/index.php\/termek\/milwaukee-mxf-dht-mx-fuel-szallitokocsi-bontokalapacshoz-4933464879\/","og_locale":"hu_HU","og_type":"article","og_title":"MILWAUKEE MXF DHT MX FUEL\u2122 SZ\u00c1LL\u00cdT\u00d3KOCSI BONT\u00d3KALAP\u00c1CSHOZ (4933464879)","og_description":"A k\u00e9szlet tartalma: 1 db MXF DHT MX FUEL\u2122 SZ\u00c1LL\u00cdT\u00d3KOCSI BONT\u00d3KALAP\u00c1CSHOZ","og_url":"https:\/\/www.eurosmart.hu\/shop\/index.php\/termek\/milwaukee-mxf-dht-mx-fuel-szallitokocsi-bontokalapacshoz-4933464879\/","og_site_name":"Eurosmart - Milwaukee web\u00e1ruh\u00e1z","article_publisher":"https:\/\/www.facebook.com\/EurosmartKft","article_modified_time":"2024-02-20T14:03:10+00:00","og_image":[{"width":1000,"height":1000,"url":"https:\/\/www.eurosmart.hu\/shop\/wp-content\/uploads\/2024\/02\/4933464879.jpg","type":"image\/jpeg"}],"twitter_card":"summary_large_image","twitter_misc":{"Price":"","Availability":"On backorder"},"schema":{"@context":"https:\/\/schema.org","@graph":[{"@type":"WebPage","@id":"https:\/\/www.eurosmart.hu\/shop\/index.php\/termek\/milwaukee-mxf-dht-mx-fuel-szallitokocsi-bontokalapacshoz-4933464879\/","url":"https:\/\/www.eurosmart.hu\/shop\/index.php\/termek\/milwaukee-mxf-dht-mx-fuel-szallitokocsi-bontokalapacshoz-4933464879\/","name":"MILWAUKEE MXF DHT MX FUEL\u2122 SZ\u00c1LL\u00cdT\u00d3KOCSI BONT\u00d3KALAP\u00c1CSHOZ (4933464879) - Eurosmart - Milwaukee web\u00e1ruh\u00e1z","isPartOf":{"@id":"https:\/\/www.eurosmart.hu\/shop\/#website"},"datePublished":"2024-02-20T14:00:53+00:00","dateModified":"2024-02-20T14:03:10+00:00","breadcrumb":{"@id":"https:\/\/www.eurosmart.hu\/shop\/index.php\/termek\/milwaukee-mxf-dht-mx-fuel-szallitokocsi-bontokalapacshoz-4933464879\/#breadcrumb"},"inLanguage":"hu","potentialAction":[{"@type":"ReadAction","target":["https:\/\/www.eurosmart.hu\/shop\/index.php\/termek\/milwaukee-mxf-dht-mx-fuel-szallitokocsi-bontokalapacshoz-4933464879\/"]}]},{"@type":"BreadcrumbList","@id":"https:\/\/www.eurosmart.hu\/shop\/index.php\/termek\/milwaukee-mxf-dht-mx-fuel-szallitokocsi-bontokalapacshoz-4933464879\/#breadcrumb","itemListElement":[{"@type":"ListItem","position":1,"name":"Kezd\u0151lap","item":"https:\/\/www.eurosmart.hu\/shop\/"},{"@type":"ListItem","position":2,"name":"Term\u00e9keink","item":"https:\/\/www.eurosmart.hu\/shop\/index.php\/uzlet\/"},{"@type":"ListItem","position":3,"name":"MILWAUKEE MXF DHT MX FUEL\u2122 SZ\u00c1LL\u00cdT\u00d3KOCSI BONT\u00d3KALAP\u00c1CSHOZ (4933464879)"}]},{"@type":"WebSite","@id":"https:\/\/www.eurosmart.hu\/shop\/#website","url":"https:\/\/www.eurosmart.hu\/shop\/","name":"Eurosmart - Milwaukee web\u00e1ruh\u00e1z","description":"Milwaukee web\u00e1ruh\u00e1z","publisher":{"@id":"https:\/\/www.eurosmart.hu\/shop\/#organization"},"potentialAction":[{"@type":"SearchAction","target":{"@type":"EntryPoint","urlTemplate":"https:\/\/www.eurosmart.hu\/shop\/?s={search_term_string}"},"query-input":"required name=search_term_string"}],"inLanguage":"hu"},{"@type":"Organization","@id":"https:\/\/www.eurosmart.hu\/shop\/#organization","name":"Eurosmart - Milwaukee web\u00e1ruh\u00e1z","url":"https:\/\/www.eurosmart.hu\/shop\/","logo":{"@type":"ImageObject","inLanguage":"hu","@id":"https:\/\/www.eurosmart.hu\/shop\/#\/schema\/logo\/image\/","url":"https:\/\/www.eurosmart.hu\/shop\/wp-content\/uploads\/2023\/10\/milwaukee-logo-1.png","contentUrl":"https:\/\/www.eurosmart.hu\/shop\/wp-content\/uploads\/2023\/10\/milwaukee-logo-1.png","width":500,"height":200,"caption":"Eurosmart - Milwaukee web\u00e1ruh\u00e1z"},"image":{"@id":"https:\/\/www.eurosmart.hu\/shop\/#\/schema\/logo\/image\/"},"sameAs":["https:\/\/www.facebook.com\/EurosmartKft"]}]},"product_price_currency":"HUF","og_availability":"backorder","product_availability":"available for order","product_retailer_item_id":"4933464879","product_condition":"new"},"_links":{"self":[{"href":"https:\/\/www.eurosmart.hu\/shop\/index.php\/wp-json\/wp\/v2\/product\/5938","targetHints":{"allow":["GET"]}}],"collection":[{"href":"https:\/\/www.eurosmart.hu\/shop\/index.php\/wp-json\/wp\/v2\/product"}],"about":[{"href":"https:\/\/www.eurosmart.hu\/shop\/index.php\/wp-json\/wp\/v2\/types\/product"}],"wp:featuredmedia":[{"embeddable":true,"href":"https:\/\/www.eurosmart.hu\/shop\/index.php\/wp-json\/wp\/v2\/media\/5939"}],"wp:attachment":[{"href":"https:\/\/www.eurosmart.hu\/shop\/index.php\/wp-json\/wp\/v2\/media?parent=5938"}],"wp:term":[{"taxonomy":"product_cat","embeddable":true,"href":"https:\/\/www.eurosmart.hu\/shop\/index.php\/wp-json\/wp\/v2\/product_cat?post=5938"},{"taxonomy":"product_tag","embeddable":true,"href":"https:\/\/www.eurosmart.hu\/shop\/index.php\/wp-json\/wp\/v2\/product_tag?post=5938"}],"curies":[{"name":"wp","href":"https:\/\/api.w.org\/{rel}","templated":true}]}}