{"id":5740,"date":"2024-02-19T11:02:29","date_gmt":"2024-02-19T11:02:29","guid":{"rendered":"https:\/\/www.eurosmart.hu\/shop\/?post_type=product&#038;p=5740"},"modified":"2024-02-19T11:05:53","modified_gmt":"2024-02-19T11:05:53","slug":"milwaukee-packout-1-4-racsni-keszlet-csavarhuzo-keszlet-habbetetben-4932480717","status":"publish","type":"product","link":"https:\/\/www.eurosmart.hu\/shop\/index.php\/termek\/milwaukee-packout-1-4-racsni-keszlet-csavarhuzo-keszlet-habbetetben-4932480717\/","title":{"rendered":"MILWAUKEE PACKOUT\u2122 1\/4&#8243; RACSNI K\u00c9SZLET + CSAVARH\u00daZ\u00d3 K\u00c9SZLET HABBET\u00c9TBEN (4932480717)"},"content":{"rendered":"<h5>Tulajdons\u00e1gok:<\/h5>\n<ul class=\"ProductFeaturesTextstyles__FeatureList-fxqvf2-1 eacpVB\">\n<li class=\"ProductFeaturesTextstyles__Feature-fxqvf2-3 ggyeUS\">90 fog\u00fa kialak\u00edt\u00e1s\u00fa racsni 4\u00b0-os \u00edvelfordul\u00e1ssal sz\u0171k munkater\u00fcletekhez<\/li>\n<li class=\"ProductFeaturesTextstyles__Feature-fxqvf2-3 ggyeUS\">Csavarkulcsra k\u00e9sz FOUR FLAT\u2122 oldal\u00fa dug\u00f3kulcs az elmozdul\u00e1s megakad\u00e1lyoz\u00e1s\u00e1hoz.<\/li>\n<li class=\"ProductFeaturesTextstyles__Feature-fxqvf2-3 ggyeUS\">T\u00f6k\u00e9letesen illeszkedik a PACKOUT\u2122 fi\u00f3kos t\u00e1rol\u00f3l\u00e1d\u00e1ba<\/li>\n<li class=\"ProductFeaturesTextstyles__Feature-fxqvf2-3 ggyeUS\">L\u00e9zerrel v\u00e1gott kiv\u00e1l\u00f3 min\u0151s\u00e9g\u0171 hab a szersz\u00e1mok t\u00f6k\u00e9letes t\u00e1rol\u00e1s\u00e1ra<\/li>\n<\/ul>\n","protected":false},"excerpt":{"rendered":"<p><strong>A k\u00e9szlet tartalma:<\/strong><\/p>\n<ul>\n<li>1\/4\u02ddracsni v\u00e1lt\u00f3karos<\/li>\n<li>5mm, 5.5mm, 6mm, 7mm, 8mm, 9mm, 10mm, 11mm, 12mm, 13mm, 14mm, 15mm 1\/4\u02dddug\u00f3kulcs \u00e9s dug\u00f3kulcs-hossz\u00fa<\/li>\n<li>76mm \u00e9s 152mm hosszabb\u00edt\u00f3, 1\/4\u02dd univerz\u00e1lis adapter<\/li>\n<li>6 csavarh\u00faz\u00f3 3 oldal\u00fa markolattal (SL3 \/SL 4 \/ SL5 \/ SL 6 \/ PH 1 \/ PH 2)<\/li>\n<li>250 mm \u00e1ll\u00edthat\u00f3 pof\u00e1j\u00fa vill\u00e1skulcs<\/li>\n<\/ul>\n","protected":false},"featured_media":5741,"template":"","meta":[],"product_cat":[59,198,232,228,197,89],"product_tag":[],"class_list":["post-5740","product","type-product","status-publish","has-post-thumbnail","hentry","product_cat-milwaukee","product_cat-packout","product_cat-packout-modularis-tarolorendszer","product_cat-rendszer","product_cat-tarolas","product_cat-termekek"],"yoast_head":"<!-- This site is optimized with the Yoast SEO Premium plugin v21.3 (Yoast SEO v21.3) - https:\/\/yoast.com\/wordpress\/plugins\/seo\/ -->\n<title>MILWAUKEE PACKOUT\u2122 1\/4&quot; RACSNI K\u00c9SZLET + CSAVARH\u00daZ\u00d3 K\u00c9SZLET HABBET\u00c9TBEN (4932480717) - Eurosmart - Milwaukee web\u00e1ruh\u00e1z<\/title>\n<meta name=\"robots\" content=\"index, follow, max-snippet:-1, max-image-preview:large, max-video-preview:-1\" \/>\n<link rel=\"canonical\" href=\"https:\/\/www.eurosmart.hu\/shop\/index.php\/termek\/milwaukee-packout-1-4-racsni-keszlet-csavarhuzo-keszlet-habbetetben-4932480717\/\" \/>\n<meta property=\"og:locale\" content=\"hu_HU\" \/>\n<meta property=\"og:type\" content=\"article\" \/>\n<meta property=\"og:title\" content=\"MILWAUKEE PACKOUT\u2122 1\/4&quot; RACSNI K\u00c9SZLET + CSAVARH\u00daZ\u00d3 K\u00c9SZLET HABBET\u00c9TBEN (4932480717)\" \/>\n<meta property=\"og:description\" content=\"A k\u00e9szlet tartalma:   1\/4\u02ddracsni v\u00e1lt\u00f3karos  5mm, 5.5mm, 6mm, 7mm, 8mm, 9mm, 10mm, 11mm, 12mm, 13mm, 14mm, 15mm 1\/4\u02dddug\u00f3kulcs \u00e9s dug\u00f3kulcs-hossz\u00fa  76mm \u00e9s 152mm hosszabb\u00edt\u00f3, 1\/4\u02dd univerz\u00e1lis adapter  6 csavarh\u00faz\u00f3 3 oldal\u00fa markolattal (SL3 \/SL 4 \/ SL5 \/ SL 6 \/ PH 1 \/ PH 2)  250 mm \u00e1ll\u00edthat\u00f3 pof\u00e1j\u00fa vill\u00e1skulcs\" \/>\n<meta property=\"og:url\" content=\"https:\/\/www.eurosmart.hu\/shop\/index.php\/termek\/milwaukee-packout-1-4-racsni-keszlet-csavarhuzo-keszlet-habbetetben-4932480717\/\" \/>\n<meta property=\"og:site_name\" content=\"Eurosmart - Milwaukee web\u00e1ruh\u00e1z\" \/>\n<meta property=\"article:publisher\" content=\"https:\/\/www.facebook.com\/EurosmartKft\" \/>\n<meta property=\"article:modified_time\" content=\"2024-02-19T11:05:53+00:00\" \/>\n<meta property=\"og:image\" content=\"https:\/\/www.eurosmart.hu\/shop\/wp-content\/uploads\/2024\/02\/4932480717.jpg\" \/>\n\t<meta property=\"og:image:width\" content=\"1000\" \/>\n\t<meta property=\"og:image:height\" content=\"1000\" \/>\n\t<meta property=\"og:image:type\" content=\"image\/jpeg\" \/>\n<meta name=\"twitter:card\" content=\"summary_large_image\" \/>\n<meta name=\"twitter:label1\" content=\"Price\" \/>\n\t<meta name=\"twitter:data1\" content=\"\" \/>\n\t<meta name=\"twitter:label2\" content=\"Availability\" \/>\n\t<meta name=\"twitter:data2\" content=\"On backorder\" \/>\n<script type=\"application\/ld+json\" class=\"yoast-schema-graph\">{\"@context\":\"https:\/\/schema.org\",\"@graph\":[{\"@type\":\"WebPage\",\"@id\":\"https:\/\/www.eurosmart.hu\/shop\/index.php\/termek\/milwaukee-packout-1-4-racsni-keszlet-csavarhuzo-keszlet-habbetetben-4932480717\/\",\"url\":\"https:\/\/www.eurosmart.hu\/shop\/index.php\/termek\/milwaukee-packout-1-4-racsni-keszlet-csavarhuzo-keszlet-habbetetben-4932480717\/\",\"name\":\"MILWAUKEE PACKOUT\u2122 1\/4\\\" RACSNI K\u00c9SZLET + CSAVARH\u00daZ\u00d3 K\u00c9SZLET HABBET\u00c9TBEN (4932480717) - Eurosmart - Milwaukee web\u00e1ruh\u00e1z\",\"isPartOf\":{\"@id\":\"https:\/\/www.eurosmart.hu\/shop\/#website\"},\"datePublished\":\"2024-02-19T11:02:29+00:00\",\"dateModified\":\"2024-02-19T11:05:53+00:00\",\"breadcrumb\":{\"@id\":\"https:\/\/www.eurosmart.hu\/shop\/index.php\/termek\/milwaukee-packout-1-4-racsni-keszlet-csavarhuzo-keszlet-habbetetben-4932480717\/#breadcrumb\"},\"inLanguage\":\"hu\",\"potentialAction\":[{\"@type\":\"ReadAction\",\"target\":[\"https:\/\/www.eurosmart.hu\/shop\/index.php\/termek\/milwaukee-packout-1-4-racsni-keszlet-csavarhuzo-keszlet-habbetetben-4932480717\/\"]}]},{\"@type\":\"BreadcrumbList\",\"@id\":\"https:\/\/www.eurosmart.hu\/shop\/index.php\/termek\/milwaukee-packout-1-4-racsni-keszlet-csavarhuzo-keszlet-habbetetben-4932480717\/#breadcrumb\",\"itemListElement\":[{\"@type\":\"ListItem\",\"position\":1,\"name\":\"Kezd\u0151lap\",\"item\":\"https:\/\/www.eurosmart.hu\/shop\/\"},{\"@type\":\"ListItem\",\"position\":2,\"name\":\"Term\u00e9keink\",\"item\":\"https:\/\/www.eurosmart.hu\/shop\/index.php\/uzlet\/\"},{\"@type\":\"ListItem\",\"position\":3,\"name\":\"MILWAUKEE PACKOUT\u2122 1\/4&#8243; RACSNI K\u00c9SZLET + CSAVARH\u00daZ\u00d3 K\u00c9SZLET HABBET\u00c9TBEN (4932480717)\"}]},{\"@type\":\"WebSite\",\"@id\":\"https:\/\/www.eurosmart.hu\/shop\/#website\",\"url\":\"https:\/\/www.eurosmart.hu\/shop\/\",\"name\":\"Eurosmart - Milwaukee web\u00e1ruh\u00e1z\",\"description\":\"Milwaukee web\u00e1ruh\u00e1z\",\"publisher\":{\"@id\":\"https:\/\/www.eurosmart.hu\/shop\/#organization\"},\"potentialAction\":[{\"@type\":\"SearchAction\",\"target\":{\"@type\":\"EntryPoint\",\"urlTemplate\":\"https:\/\/www.eurosmart.hu\/shop\/?s={search_term_string}\"},\"query-input\":\"required name=search_term_string\"}],\"inLanguage\":\"hu\"},{\"@type\":\"Organization\",\"@id\":\"https:\/\/www.eurosmart.hu\/shop\/#organization\",\"name\":\"Eurosmart - Milwaukee web\u00e1ruh\u00e1z\",\"url\":\"https:\/\/www.eurosmart.hu\/shop\/\",\"logo\":{\"@type\":\"ImageObject\",\"inLanguage\":\"hu\",\"@id\":\"https:\/\/www.eurosmart.hu\/shop\/#\/schema\/logo\/image\/\",\"url\":\"https:\/\/www.eurosmart.hu\/shop\/wp-content\/uploads\/2023\/10\/milwaukee-logo-1.png\",\"contentUrl\":\"https:\/\/www.eurosmart.hu\/shop\/wp-content\/uploads\/2023\/10\/milwaukee-logo-1.png\",\"width\":500,\"height\":200,\"caption\":\"Eurosmart - Milwaukee web\u00e1ruh\u00e1z\"},\"image\":{\"@id\":\"https:\/\/www.eurosmart.hu\/shop\/#\/schema\/logo\/image\/\"},\"sameAs\":[\"https:\/\/www.facebook.com\/EurosmartKft\"]}]}<\/script>\n<meta property=\"product:price:amount\" content=\"0\" \/>\n<meta property=\"product:price:currency\" content=\"HUF\" \/>\n<meta property=\"og:availability\" content=\"backorder\" \/>\n<meta property=\"product:availability\" content=\"available for order\" \/>\n<meta property=\"product:retailer_item_id\" content=\"4932480717\" \/>\n<meta property=\"product:condition\" content=\"new\" \/>\n<!-- \/ Yoast SEO Premium plugin. -->","yoast_head_json":{"title":"MILWAUKEE PACKOUT\u2122 1\/4\" RACSNI K\u00c9SZLET + CSAVARH\u00daZ\u00d3 K\u00c9SZLET HABBET\u00c9TBEN (4932480717) - Eurosmart - Milwaukee web\u00e1ruh\u00e1z","robots":{"index":"index","follow":"follow","max-snippet":"max-snippet:-1","max-image-preview":"max-image-preview:large","max-video-preview":"max-video-preview:-1"},"canonical":"https:\/\/www.eurosmart.hu\/shop\/index.php\/termek\/milwaukee-packout-1-4-racsni-keszlet-csavarhuzo-keszlet-habbetetben-4932480717\/","og_locale":"hu_HU","og_type":"article","og_title":"MILWAUKEE PACKOUT\u2122 1\/4\" RACSNI K\u00c9SZLET + CSAVARH\u00daZ\u00d3 K\u00c9SZLET HABBET\u00c9TBEN (4932480717)","og_description":"A k\u00e9szlet tartalma:   1\/4\u02ddracsni v\u00e1lt\u00f3karos  5mm, 5.5mm, 6mm, 7mm, 8mm, 9mm, 10mm, 11mm, 12mm, 13mm, 14mm, 15mm 1\/4\u02dddug\u00f3kulcs \u00e9s dug\u00f3kulcs-hossz\u00fa  76mm \u00e9s 152mm hosszabb\u00edt\u00f3, 1\/4\u02dd univerz\u00e1lis adapter  6 csavarh\u00faz\u00f3 3 oldal\u00fa markolattal (SL3 \/SL 4 \/ SL5 \/ SL 6 \/ PH 1 \/ PH 2)  250 mm \u00e1ll\u00edthat\u00f3 pof\u00e1j\u00fa vill\u00e1skulcs","og_url":"https:\/\/www.eurosmart.hu\/shop\/index.php\/termek\/milwaukee-packout-1-4-racsni-keszlet-csavarhuzo-keszlet-habbetetben-4932480717\/","og_site_name":"Eurosmart - Milwaukee web\u00e1ruh\u00e1z","article_publisher":"https:\/\/www.facebook.com\/EurosmartKft","article_modified_time":"2024-02-19T11:05:53+00:00","og_image":[{"width":1000,"height":1000,"url":"https:\/\/www.eurosmart.hu\/shop\/wp-content\/uploads\/2024\/02\/4932480717.jpg","type":"image\/jpeg"}],"twitter_card":"summary_large_image","twitter_misc":{"Price":"","Availability":"On backorder"},"schema":{"@context":"https:\/\/schema.org","@graph":[{"@type":"WebPage","@id":"https:\/\/www.eurosmart.hu\/shop\/index.php\/termek\/milwaukee-packout-1-4-racsni-keszlet-csavarhuzo-keszlet-habbetetben-4932480717\/","url":"https:\/\/www.eurosmart.hu\/shop\/index.php\/termek\/milwaukee-packout-1-4-racsni-keszlet-csavarhuzo-keszlet-habbetetben-4932480717\/","name":"MILWAUKEE PACKOUT\u2122 1\/4\" RACSNI K\u00c9SZLET + CSAVARH\u00daZ\u00d3 K\u00c9SZLET HABBET\u00c9TBEN (4932480717) - Eurosmart - Milwaukee web\u00e1ruh\u00e1z","isPartOf":{"@id":"https:\/\/www.eurosmart.hu\/shop\/#website"},"datePublished":"2024-02-19T11:02:29+00:00","dateModified":"2024-02-19T11:05:53+00:00","breadcrumb":{"@id":"https:\/\/www.eurosmart.hu\/shop\/index.php\/termek\/milwaukee-packout-1-4-racsni-keszlet-csavarhuzo-keszlet-habbetetben-4932480717\/#breadcrumb"},"inLanguage":"hu","potentialAction":[{"@type":"ReadAction","target":["https:\/\/www.eurosmart.hu\/shop\/index.php\/termek\/milwaukee-packout-1-4-racsni-keszlet-csavarhuzo-keszlet-habbetetben-4932480717\/"]}]},{"@type":"BreadcrumbList","@id":"https:\/\/www.eurosmart.hu\/shop\/index.php\/termek\/milwaukee-packout-1-4-racsni-keszlet-csavarhuzo-keszlet-habbetetben-4932480717\/#breadcrumb","itemListElement":[{"@type":"ListItem","position":1,"name":"Kezd\u0151lap","item":"https:\/\/www.eurosmart.hu\/shop\/"},{"@type":"ListItem","position":2,"name":"Term\u00e9keink","item":"https:\/\/www.eurosmart.hu\/shop\/index.php\/uzlet\/"},{"@type":"ListItem","position":3,"name":"MILWAUKEE PACKOUT\u2122 1\/4&#8243; RACSNI K\u00c9SZLET + CSAVARH\u00daZ\u00d3 K\u00c9SZLET HABBET\u00c9TBEN (4932480717)"}]},{"@type":"WebSite","@id":"https:\/\/www.eurosmart.hu\/shop\/#website","url":"https:\/\/www.eurosmart.hu\/shop\/","name":"Eurosmart - Milwaukee web\u00e1ruh\u00e1z","description":"Milwaukee web\u00e1ruh\u00e1z","publisher":{"@id":"https:\/\/www.eurosmart.hu\/shop\/#organization"},"potentialAction":[{"@type":"SearchAction","target":{"@type":"EntryPoint","urlTemplate":"https:\/\/www.eurosmart.hu\/shop\/?s={search_term_string}"},"query-input":"required name=search_term_string"}],"inLanguage":"hu"},{"@type":"Organization","@id":"https:\/\/www.eurosmart.hu\/shop\/#organization","name":"Eurosmart - Milwaukee web\u00e1ruh\u00e1z","url":"https:\/\/www.eurosmart.hu\/shop\/","logo":{"@type":"ImageObject","inLanguage":"hu","@id":"https:\/\/www.eurosmart.hu\/shop\/#\/schema\/logo\/image\/","url":"https:\/\/www.eurosmart.hu\/shop\/wp-content\/uploads\/2023\/10\/milwaukee-logo-1.png","contentUrl":"https:\/\/www.eurosmart.hu\/shop\/wp-content\/uploads\/2023\/10\/milwaukee-logo-1.png","width":500,"height":200,"caption":"Eurosmart - Milwaukee web\u00e1ruh\u00e1z"},"image":{"@id":"https:\/\/www.eurosmart.hu\/shop\/#\/schema\/logo\/image\/"},"sameAs":["https:\/\/www.facebook.com\/EurosmartKft"]}]},"product_price_currency":"HUF","og_availability":"backorder","product_availability":"available for order","product_retailer_item_id":"4932480717","product_condition":"new"},"_links":{"self":[{"href":"https:\/\/www.eurosmart.hu\/shop\/index.php\/wp-json\/wp\/v2\/product\/5740","targetHints":{"allow":["GET"]}}],"collection":[{"href":"https:\/\/www.eurosmart.hu\/shop\/index.php\/wp-json\/wp\/v2\/product"}],"about":[{"href":"https:\/\/www.eurosmart.hu\/shop\/index.php\/wp-json\/wp\/v2\/types\/product"}],"wp:featuredmedia":[{"embeddable":true,"href":"https:\/\/www.eurosmart.hu\/shop\/index.php\/wp-json\/wp\/v2\/media\/5741"}],"wp:attachment":[{"href":"https:\/\/www.eurosmart.hu\/shop\/index.php\/wp-json\/wp\/v2\/media?parent=5740"}],"wp:term":[{"taxonomy":"product_cat","embeddable":true,"href":"https:\/\/www.eurosmart.hu\/shop\/index.php\/wp-json\/wp\/v2\/product_cat?post=5740"},{"taxonomy":"product_tag","embeddable":true,"href":"https:\/\/www.eurosmart.hu\/shop\/index.php\/wp-json\/wp\/v2\/product_tag?post=5740"}],"curies":[{"name":"wp","href":"https:\/\/api.w.org\/{rel}","templated":true}]}}