{"id":5716,"date":"2024-02-19T09:41:20","date_gmt":"2024-02-19T09:41:20","guid":{"rendered":"https:\/\/www.eurosmart.hu\/shop\/?post_type=product&#038;p=5716"},"modified":"2024-02-19T09:43:41","modified_gmt":"2024-02-19T09:43:41","slug":"milwaukee-packout-4-reszes-vago-es-mero-keszlet-habbetetben-4932493642","status":"publish","type":"product","link":"https:\/\/www.eurosmart.hu\/shop\/index.php\/termek\/milwaukee-packout-4-reszes-vago-es-mero-keszlet-habbetetben-4932493642\/","title":{"rendered":"MILWAUKEE PACKOUT\u2122 4 R\u00c9SZES V\u00c1G\u00d3 \u00c9S M\u00c9R\u0150 K\u00c9SZLET HABBET\u00c9TBEN (4932493642)"},"content":{"rendered":"<h5>Tulajdons\u00e1gok:<\/h5>\n<ul class=\"ProductFeaturesTextstyles__FeatureList-fxqvf2-1 eacpVB\">\n<li class=\"ProductFeaturesTextstyles__Feature-fxqvf2-3 ggyeUS\">Szersz\u00e1mg\u00e9pmentes pengecser\u00e9l\u00e9s a f\u0171r\u00e9szn\u00e9l, ami ak\u00e1r t\u00edzszer gyorsabb pengecser\u00e9t tesz lehet\u0151v\u00e9.<\/li>\n<li class=\"ProductFeaturesTextstyles__Feature-fxqvf2-3 ggyeUS\">Ak\u00e1r 4-szer tart\u00f3sabb f\u00e9m z\u00e1r a snap k\u00e9sben a leghosszabb \u00e9lettartam\u00e9rt.<\/li>\n<li class=\"ProductFeaturesTextstyles__Feature-fxqvf2-3 ggyeUS\">A szalag els\u0151 15 cm-es r\u00e9sz\u00e9n l\u00e9v\u0151 anti-szakad\u00e1s bevonat a legnagyobb tart\u00f3ss\u00e1got teszi lehet\u0151v\u00e9.<\/li>\n<li class=\"ProductFeaturesTextstyles__Feature-fxqvf2-3 ggyeUS\">Pr\u00e9mium habanyag tart\u00f3ss\u00e1got biztos\u00edt, l\u00e9zerrel v\u00e1gott m\u00e9retek a k\u00f6nny\u0171 \u00e9s gyors azonos\u00edt\u00e1shoz, valamint piros h\u00e1tt\u00e9r a hi\u00e1nyz\u00f3 eszk\u00f6z\u00f6k gyors azonos\u00edt\u00e1s\u00e1hoz.<\/li>\n<\/ul>\n","protected":false},"excerpt":{"rendered":"<p><strong>A k\u00e9szlet tartalma:<\/strong><\/p>\n<ul>\n<li>F\u0171r\u00e9szkeret 300mm (48220050)<\/li>\n<li>T\u00f6rhet\u0151 peng\u00e9s k\u00e9s 7 szelv\u00e9nyes 18 mm (48221961)<\/li>\n<li>Pr\u00e9mium M\u00e1gneses M\u00e9r\u0151szalag 5 m \/ 27 mm &#8211; 1 db (4932464599)<\/li>\n<li>INKZALL\u2122 Jel\u00f6l\u0151 filc V\u00e9kony tart\u00f3s hegy\u0171 Fekete &#8211; 1 db (48223100)<\/li>\n<\/ul>\n","protected":false},"featured_media":5717,"template":"","meta":[],"product_cat":[59,198,232,228,197,89],"product_tag":[],"class_list":["post-5716","product","type-product","status-publish","has-post-thumbnail","hentry","product_cat-milwaukee","product_cat-packout","product_cat-packout-modularis-tarolorendszer","product_cat-rendszer","product_cat-tarolas","product_cat-termekek"],"yoast_head":"<!-- This site is optimized with the Yoast SEO Premium plugin v21.3 (Yoast SEO v21.3) - https:\/\/yoast.com\/wordpress\/plugins\/seo\/ -->\n<title>MILWAUKEE PACKOUT\u2122 4 R\u00c9SZES V\u00c1G\u00d3 \u00c9S M\u00c9R\u0150 K\u00c9SZLET HABBET\u00c9TBEN (4932493642) - Eurosmart - Milwaukee web\u00e1ruh\u00e1z<\/title>\n<meta name=\"robots\" content=\"index, follow, max-snippet:-1, max-image-preview:large, max-video-preview:-1\" \/>\n<link rel=\"canonical\" href=\"https:\/\/www.eurosmart.hu\/shop\/index.php\/termek\/milwaukee-packout-4-reszes-vago-es-mero-keszlet-habbetetben-4932493642\/\" \/>\n<meta property=\"og:locale\" content=\"hu_HU\" \/>\n<meta property=\"og:type\" content=\"article\" \/>\n<meta property=\"og:title\" content=\"MILWAUKEE PACKOUT\u2122 4 R\u00c9SZES V\u00c1G\u00d3 \u00c9S M\u00c9R\u0150 K\u00c9SZLET HABBET\u00c9TBEN (4932493642)\" \/>\n<meta property=\"og:description\" content=\"A k\u00e9szlet tartalma:   F\u0171r\u00e9szkeret 300mm (48220050)  T\u00f6rhet\u0151 peng\u00e9s k\u00e9s 7 szelv\u00e9nyes 18 mm (48221961)  Pr\u00e9mium M\u00e1gneses M\u00e9r\u0151szalag 5 m \/ 27 mm - 1 db (4932464599)  INKZALL\u2122 Jel\u00f6l\u0151 filc V\u00e9kony tart\u00f3s hegy\u0171 Fekete - 1 db (48223100)\" \/>\n<meta property=\"og:url\" content=\"https:\/\/www.eurosmart.hu\/shop\/index.php\/termek\/milwaukee-packout-4-reszes-vago-es-mero-keszlet-habbetetben-4932493642\/\" \/>\n<meta property=\"og:site_name\" content=\"Eurosmart - Milwaukee web\u00e1ruh\u00e1z\" \/>\n<meta property=\"article:publisher\" content=\"https:\/\/www.facebook.com\/EurosmartKft\" \/>\n<meta property=\"article:modified_time\" content=\"2024-02-19T09:43:41+00:00\" \/>\n<meta property=\"og:image\" content=\"https:\/\/www.eurosmart.hu\/shop\/wp-content\/uploads\/2024\/02\/4932493642.jpg\" \/>\n\t<meta property=\"og:image:width\" content=\"1000\" \/>\n\t<meta property=\"og:image:height\" content=\"1000\" \/>\n\t<meta property=\"og:image:type\" content=\"image\/jpeg\" \/>\n<meta name=\"twitter:card\" content=\"summary_large_image\" \/>\n<meta name=\"twitter:label1\" content=\"Price\" \/>\n\t<meta name=\"twitter:data1\" content=\"\" \/>\n\t<meta name=\"twitter:label2\" content=\"Availability\" \/>\n\t<meta name=\"twitter:data2\" content=\"On backorder\" \/>\n<script type=\"application\/ld+json\" class=\"yoast-schema-graph\">{\"@context\":\"https:\/\/schema.org\",\"@graph\":[{\"@type\":\"WebPage\",\"@id\":\"https:\/\/www.eurosmart.hu\/shop\/index.php\/termek\/milwaukee-packout-4-reszes-vago-es-mero-keszlet-habbetetben-4932493642\/\",\"url\":\"https:\/\/www.eurosmart.hu\/shop\/index.php\/termek\/milwaukee-packout-4-reszes-vago-es-mero-keszlet-habbetetben-4932493642\/\",\"name\":\"MILWAUKEE PACKOUT\u2122 4 R\u00c9SZES V\u00c1G\u00d3 \u00c9S M\u00c9R\u0150 K\u00c9SZLET HABBET\u00c9TBEN (4932493642) - Eurosmart - Milwaukee web\u00e1ruh\u00e1z\",\"isPartOf\":{\"@id\":\"https:\/\/www.eurosmart.hu\/shop\/#website\"},\"datePublished\":\"2024-02-19T09:41:20+00:00\",\"dateModified\":\"2024-02-19T09:43:41+00:00\",\"breadcrumb\":{\"@id\":\"https:\/\/www.eurosmart.hu\/shop\/index.php\/termek\/milwaukee-packout-4-reszes-vago-es-mero-keszlet-habbetetben-4932493642\/#breadcrumb\"},\"inLanguage\":\"hu\",\"potentialAction\":[{\"@type\":\"ReadAction\",\"target\":[\"https:\/\/www.eurosmart.hu\/shop\/index.php\/termek\/milwaukee-packout-4-reszes-vago-es-mero-keszlet-habbetetben-4932493642\/\"]}]},{\"@type\":\"BreadcrumbList\",\"@id\":\"https:\/\/www.eurosmart.hu\/shop\/index.php\/termek\/milwaukee-packout-4-reszes-vago-es-mero-keszlet-habbetetben-4932493642\/#breadcrumb\",\"itemListElement\":[{\"@type\":\"ListItem\",\"position\":1,\"name\":\"Kezd\u0151lap\",\"item\":\"https:\/\/www.eurosmart.hu\/shop\/\"},{\"@type\":\"ListItem\",\"position\":2,\"name\":\"Term\u00e9keink\",\"item\":\"https:\/\/www.eurosmart.hu\/shop\/index.php\/uzlet\/\"},{\"@type\":\"ListItem\",\"position\":3,\"name\":\"MILWAUKEE PACKOUT\u2122 4 R\u00c9SZES V\u00c1G\u00d3 \u00c9S M\u00c9R\u0150 K\u00c9SZLET HABBET\u00c9TBEN (4932493642)\"}]},{\"@type\":\"WebSite\",\"@id\":\"https:\/\/www.eurosmart.hu\/shop\/#website\",\"url\":\"https:\/\/www.eurosmart.hu\/shop\/\",\"name\":\"Eurosmart - Milwaukee web\u00e1ruh\u00e1z\",\"description\":\"Milwaukee web\u00e1ruh\u00e1z\",\"publisher\":{\"@id\":\"https:\/\/www.eurosmart.hu\/shop\/#organization\"},\"potentialAction\":[{\"@type\":\"SearchAction\",\"target\":{\"@type\":\"EntryPoint\",\"urlTemplate\":\"https:\/\/www.eurosmart.hu\/shop\/?s={search_term_string}\"},\"query-input\":\"required name=search_term_string\"}],\"inLanguage\":\"hu\"},{\"@type\":\"Organization\",\"@id\":\"https:\/\/www.eurosmart.hu\/shop\/#organization\",\"name\":\"Eurosmart - Milwaukee web\u00e1ruh\u00e1z\",\"url\":\"https:\/\/www.eurosmart.hu\/shop\/\",\"logo\":{\"@type\":\"ImageObject\",\"inLanguage\":\"hu\",\"@id\":\"https:\/\/www.eurosmart.hu\/shop\/#\/schema\/logo\/image\/\",\"url\":\"https:\/\/www.eurosmart.hu\/shop\/wp-content\/uploads\/2023\/10\/milwaukee-logo-1.png\",\"contentUrl\":\"https:\/\/www.eurosmart.hu\/shop\/wp-content\/uploads\/2023\/10\/milwaukee-logo-1.png\",\"width\":500,\"height\":200,\"caption\":\"Eurosmart - Milwaukee web\u00e1ruh\u00e1z\"},\"image\":{\"@id\":\"https:\/\/www.eurosmart.hu\/shop\/#\/schema\/logo\/image\/\"},\"sameAs\":[\"https:\/\/www.facebook.com\/EurosmartKft\"]}]}<\/script>\n<meta property=\"product:price:amount\" content=\"0\" \/>\n<meta property=\"product:price:currency\" content=\"HUF\" \/>\n<meta property=\"og:availability\" content=\"backorder\" \/>\n<meta property=\"product:availability\" content=\"available for order\" \/>\n<meta property=\"product:retailer_item_id\" content=\"4932493642\" \/>\n<meta property=\"product:condition\" content=\"new\" \/>\n<!-- \/ Yoast SEO Premium plugin. -->","yoast_head_json":{"title":"MILWAUKEE PACKOUT\u2122 4 R\u00c9SZES V\u00c1G\u00d3 \u00c9S M\u00c9R\u0150 K\u00c9SZLET HABBET\u00c9TBEN (4932493642) - Eurosmart - Milwaukee web\u00e1ruh\u00e1z","robots":{"index":"index","follow":"follow","max-snippet":"max-snippet:-1","max-image-preview":"max-image-preview:large","max-video-preview":"max-video-preview:-1"},"canonical":"https:\/\/www.eurosmart.hu\/shop\/index.php\/termek\/milwaukee-packout-4-reszes-vago-es-mero-keszlet-habbetetben-4932493642\/","og_locale":"hu_HU","og_type":"article","og_title":"MILWAUKEE PACKOUT\u2122 4 R\u00c9SZES V\u00c1G\u00d3 \u00c9S M\u00c9R\u0150 K\u00c9SZLET HABBET\u00c9TBEN (4932493642)","og_description":"A k\u00e9szlet tartalma:   F\u0171r\u00e9szkeret 300mm (48220050)  T\u00f6rhet\u0151 peng\u00e9s k\u00e9s 7 szelv\u00e9nyes 18 mm (48221961)  Pr\u00e9mium M\u00e1gneses M\u00e9r\u0151szalag 5 m \/ 27 mm - 1 db (4932464599)  INKZALL\u2122 Jel\u00f6l\u0151 filc V\u00e9kony tart\u00f3s hegy\u0171 Fekete - 1 db (48223100)","og_url":"https:\/\/www.eurosmart.hu\/shop\/index.php\/termek\/milwaukee-packout-4-reszes-vago-es-mero-keszlet-habbetetben-4932493642\/","og_site_name":"Eurosmart - Milwaukee web\u00e1ruh\u00e1z","article_publisher":"https:\/\/www.facebook.com\/EurosmartKft","article_modified_time":"2024-02-19T09:43:41+00:00","og_image":[{"width":1000,"height":1000,"url":"https:\/\/www.eurosmart.hu\/shop\/wp-content\/uploads\/2024\/02\/4932493642.jpg","type":"image\/jpeg"}],"twitter_card":"summary_large_image","twitter_misc":{"Price":"","Availability":"On backorder"},"schema":{"@context":"https:\/\/schema.org","@graph":[{"@type":"WebPage","@id":"https:\/\/www.eurosmart.hu\/shop\/index.php\/termek\/milwaukee-packout-4-reszes-vago-es-mero-keszlet-habbetetben-4932493642\/","url":"https:\/\/www.eurosmart.hu\/shop\/index.php\/termek\/milwaukee-packout-4-reszes-vago-es-mero-keszlet-habbetetben-4932493642\/","name":"MILWAUKEE PACKOUT\u2122 4 R\u00c9SZES V\u00c1G\u00d3 \u00c9S M\u00c9R\u0150 K\u00c9SZLET HABBET\u00c9TBEN (4932493642) - Eurosmart - Milwaukee web\u00e1ruh\u00e1z","isPartOf":{"@id":"https:\/\/www.eurosmart.hu\/shop\/#website"},"datePublished":"2024-02-19T09:41:20+00:00","dateModified":"2024-02-19T09:43:41+00:00","breadcrumb":{"@id":"https:\/\/www.eurosmart.hu\/shop\/index.php\/termek\/milwaukee-packout-4-reszes-vago-es-mero-keszlet-habbetetben-4932493642\/#breadcrumb"},"inLanguage":"hu","potentialAction":[{"@type":"ReadAction","target":["https:\/\/www.eurosmart.hu\/shop\/index.php\/termek\/milwaukee-packout-4-reszes-vago-es-mero-keszlet-habbetetben-4932493642\/"]}]},{"@type":"BreadcrumbList","@id":"https:\/\/www.eurosmart.hu\/shop\/index.php\/termek\/milwaukee-packout-4-reszes-vago-es-mero-keszlet-habbetetben-4932493642\/#breadcrumb","itemListElement":[{"@type":"ListItem","position":1,"name":"Kezd\u0151lap","item":"https:\/\/www.eurosmart.hu\/shop\/"},{"@type":"ListItem","position":2,"name":"Term\u00e9keink","item":"https:\/\/www.eurosmart.hu\/shop\/index.php\/uzlet\/"},{"@type":"ListItem","position":3,"name":"MILWAUKEE PACKOUT\u2122 4 R\u00c9SZES V\u00c1G\u00d3 \u00c9S M\u00c9R\u0150 K\u00c9SZLET HABBET\u00c9TBEN (4932493642)"}]},{"@type":"WebSite","@id":"https:\/\/www.eurosmart.hu\/shop\/#website","url":"https:\/\/www.eurosmart.hu\/shop\/","name":"Eurosmart - Milwaukee web\u00e1ruh\u00e1z","description":"Milwaukee web\u00e1ruh\u00e1z","publisher":{"@id":"https:\/\/www.eurosmart.hu\/shop\/#organization"},"potentialAction":[{"@type":"SearchAction","target":{"@type":"EntryPoint","urlTemplate":"https:\/\/www.eurosmart.hu\/shop\/?s={search_term_string}"},"query-input":"required name=search_term_string"}],"inLanguage":"hu"},{"@type":"Organization","@id":"https:\/\/www.eurosmart.hu\/shop\/#organization","name":"Eurosmart - Milwaukee web\u00e1ruh\u00e1z","url":"https:\/\/www.eurosmart.hu\/shop\/","logo":{"@type":"ImageObject","inLanguage":"hu","@id":"https:\/\/www.eurosmart.hu\/shop\/#\/schema\/logo\/image\/","url":"https:\/\/www.eurosmart.hu\/shop\/wp-content\/uploads\/2023\/10\/milwaukee-logo-1.png","contentUrl":"https:\/\/www.eurosmart.hu\/shop\/wp-content\/uploads\/2023\/10\/milwaukee-logo-1.png","width":500,"height":200,"caption":"Eurosmart - Milwaukee web\u00e1ruh\u00e1z"},"image":{"@id":"https:\/\/www.eurosmart.hu\/shop\/#\/schema\/logo\/image\/"},"sameAs":["https:\/\/www.facebook.com\/EurosmartKft"]}]},"product_price_currency":"HUF","og_availability":"backorder","product_availability":"available for order","product_retailer_item_id":"4932493642","product_condition":"new"},"_links":{"self":[{"href":"https:\/\/www.eurosmart.hu\/shop\/index.php\/wp-json\/wp\/v2\/product\/5716","targetHints":{"allow":["GET"]}}],"collection":[{"href":"https:\/\/www.eurosmart.hu\/shop\/index.php\/wp-json\/wp\/v2\/product"}],"about":[{"href":"https:\/\/www.eurosmart.hu\/shop\/index.php\/wp-json\/wp\/v2\/types\/product"}],"wp:featuredmedia":[{"embeddable":true,"href":"https:\/\/www.eurosmart.hu\/shop\/index.php\/wp-json\/wp\/v2\/media\/5717"}],"wp:attachment":[{"href":"https:\/\/www.eurosmart.hu\/shop\/index.php\/wp-json\/wp\/v2\/media?parent=5716"}],"wp:term":[{"taxonomy":"product_cat","embeddable":true,"href":"https:\/\/www.eurosmart.hu\/shop\/index.php\/wp-json\/wp\/v2\/product_cat?post=5716"},{"taxonomy":"product_tag","embeddable":true,"href":"https:\/\/www.eurosmart.hu\/shop\/index.php\/wp-json\/wp\/v2\/product_tag?post=5716"}],"curies":[{"name":"wp","href":"https:\/\/api.w.org\/{rel}","templated":true}]}}