{"id":5706,"date":"2024-02-19T08:57:02","date_gmt":"2024-02-19T08:57:02","guid":{"rendered":"https:\/\/www.eurosmart.hu\/shop\/?post_type=product&#038;p=5706"},"modified":"2024-02-19T09:01:45","modified_gmt":"2024-02-19T09:01:45","slug":"milwaukee-packout-10-reszes-csavarhuzo-es-fogo-szett-4932493638","status":"publish","type":"product","link":"https:\/\/www.eurosmart.hu\/shop\/index.php\/termek\/milwaukee-packout-10-reszes-csavarhuzo-es-fogo-szett-4932493638\/","title":{"rendered":"MILWAUKEE PACKOUT\u2122 10 R\u00c9SZES CSAVARH\u00daZ\u00d3 \u00c9S FOG\u00d3 SZETT HABBET\u00c9TBEN (4932493638)"},"content":{"rendered":"<h5>Tulajdons\u00e1gok:<\/h5>\n<ul class=\"ProductFeaturesTextstyles__FeatureList-fxqvf2-1 eacpVB\">\n<li class=\"ProductFeaturesTextstyles__Feature-fxqvf2-3 ggyeUS\">A magas forgat\u00f3nyomat\u00e9k\u00fa ergonomikus tri-lobe foganty\u00fa kialak\u00edt\u00e1sa a maxim\u00e1lis felhaszn\u00e1l\u00f3i k\u00e9nyelem \u00e9rdek\u00e9ben lett optimaliz\u00e1lva, \u00e9s ide\u00e1lis nagy forgat\u00f3nyomat\u00e9k\u00fa feladatokhoz.<\/li>\n<li class=\"ProductFeaturesTextstyles__Feature-fxqvf2-3 ggyeUS\">Az vizu\u00e1lis illeszt\u0151azonos\u00edt\u00e1s lehet\u0151v\u00e9 teszi a felhaszn\u00e1l\u00f3k sz\u00e1m\u00e1ra, hogy k\u00f6nnyen azonos\u00edts\u00e1k a megfelel\u0151 illeszt\u0151fejet t\u00f6bbf\u00e9le ir\u00e1nyb\u00f3l is.<\/li>\n<li class=\"ProductFeaturesTextstyles__Feature-fxqvf2-3 ggyeUS\">A m\u00e1gneses hegyek maxim\u00e1lis tart\u00f3ss\u00e1got \u00e9s csavar tart\u00e1st biztos\u00edtanak.<\/li>\n<li class=\"ProductFeaturesTextstyles__Feature-fxqvf2-3 ggyeUS\">Maximum teljes\u00edtm\u00e9ny k\u00f6nny\u0171 \u00e9s f\u00e1rads\u00e1gmentes munk\u00e1hoz.<\/li>\n<li class=\"ProductFeaturesTextstyles__Feature-fxqvf2-3 ggyeUS\">Puha tapint\u00e1s\u00fa fejkialak\u00edt\u00e1s kerek\u00edtett \u00e9lekkel a k\u00e9z s\u00e9r\u00fcl\u00e9seinek megel\u0151z\u00e9se \u00e9rdek\u00e9ben.<\/li>\n<li class=\"ProductFeaturesTextstyles__Feature-fxqvf2-3 ggyeUS\">Pr\u00e9mium min\u0151s\u00e9g\u0171 hab hosszabb tart\u00f3ss\u00e1ghoz, l\u00e9zerrel v\u00e1gott m\u00e9retek a k\u00f6nny\u0171 \u00e9s gyors azonos\u00edt\u00e1shoz, valamint piros h\u00e1tt\u00e9r a hi\u00e1nyz\u00f3 eszk\u00f6z\u00f6k gyors azonos\u00edt\u00e1s\u00e1hoz.<\/li>\n<\/ul>\n","protected":false},"excerpt":{"rendered":"<p><strong>A k\u00e9szlet tartalma:<\/strong><\/p>\n<ul>\n<li>V\u00edzpumpa fog\u00f3 250 mm (4932492459)<\/li>\n<li>Kombin\u00e1ltfog\u00f3 180 mm (4932492462)<\/li>\n<li>Hossz\u00facs\u0151r\u0171 kerek fog\u00f3 205 mm &#8211; 1 db (4932492465)<\/li>\n<li>Oldalcs\u00edp\u0151fog\u00f3 160 mm (4932492463)<\/li>\n<li>Csavarh\u00faz\u00f3 3 oldal\u00fa markolattal PZ1x100 &#8211; 1 db (4932471791)<\/li>\n<li>PZ2 x 125 (4932471793)<\/li>\n<li>Csavarh\u00faz\u00f3 3 oldal\u00fa markolattal SL 0.5x3x75 &#8211; 1 db (4932471775)<\/li>\n<li>SL 0.8x4x100 (4932471778)<\/li>\n<li>SL 1.0&#215;5.5&#215;125 (4932471779)<\/li>\n<li>SL 1.2&#215;6.5&#215;125 (4932471781)<\/li>\n<\/ul>\n","protected":false},"featured_media":5707,"template":"","meta":[],"product_cat":[59,198,232,228,197,89],"product_tag":[],"class_list":["post-5706","product","type-product","status-publish","has-post-thumbnail","hentry","product_cat-milwaukee","product_cat-packout","product_cat-packout-modularis-tarolorendszer","product_cat-rendszer","product_cat-tarolas","product_cat-termekek"],"yoast_head":"<!-- This site is optimized with the Yoast SEO Premium plugin v21.3 (Yoast SEO v21.3) - https:\/\/yoast.com\/wordpress\/plugins\/seo\/ -->\n<title>MILWAUKEE PACKOUT\u2122 10 R\u00c9SZES CSAVARH\u00daZ\u00d3 \u00c9S FOG\u00d3 SZETT HABBET\u00c9TBEN (4932493638) - Eurosmart - Milwaukee web\u00e1ruh\u00e1z<\/title>\n<meta name=\"robots\" content=\"index, follow, max-snippet:-1, max-image-preview:large, max-video-preview:-1\" \/>\n<link rel=\"canonical\" href=\"https:\/\/www.eurosmart.hu\/shop\/index.php\/termek\/milwaukee-packout-10-reszes-csavarhuzo-es-fogo-szett-4932493638\/\" \/>\n<meta property=\"og:locale\" content=\"hu_HU\" \/>\n<meta property=\"og:type\" content=\"article\" \/>\n<meta property=\"og:title\" content=\"MILWAUKEE PACKOUT\u2122 10 R\u00c9SZES CSAVARH\u00daZ\u00d3 \u00c9S FOG\u00d3 SZETT HABBET\u00c9TBEN (4932493638)\" \/>\n<meta property=\"og:description\" content=\"A k\u00e9szlet tartalma:   V\u00edzpumpa fog\u00f3 250 mm (4932492459)  Kombin\u00e1ltfog\u00f3 180 mm (4932492462)  Hossz\u00facs\u0151r\u0171 kerek fog\u00f3 205 mm - 1 db (4932492465)  Oldalcs\u00edp\u0151fog\u00f3 160 mm (4932492463)  Csavarh\u00faz\u00f3 3 oldal\u00fa markolattal PZ1x100 - 1 db (4932471791)  PZ2 x 125 (4932471793)  Csavarh\u00faz\u00f3 3 oldal\u00fa markolattal SL 0.5x3x75 - 1 db (4932471775)  SL 0.8x4x100 (4932471778)  SL 1.0x5.5x125 (4932471779)  SL 1.2x6.5x125 (4932471781)\" \/>\n<meta property=\"og:url\" content=\"https:\/\/www.eurosmart.hu\/shop\/index.php\/termek\/milwaukee-packout-10-reszes-csavarhuzo-es-fogo-szett-4932493638\/\" \/>\n<meta property=\"og:site_name\" content=\"Eurosmart - Milwaukee web\u00e1ruh\u00e1z\" \/>\n<meta property=\"article:publisher\" content=\"https:\/\/www.facebook.com\/EurosmartKft\" \/>\n<meta property=\"article:modified_time\" content=\"2024-02-19T09:01:45+00:00\" \/>\n<meta property=\"og:image\" content=\"https:\/\/www.eurosmart.hu\/shop\/wp-content\/uploads\/2024\/02\/4932493638.jpg\" \/>\n\t<meta property=\"og:image:width\" content=\"1000\" \/>\n\t<meta property=\"og:image:height\" content=\"1000\" \/>\n\t<meta property=\"og:image:type\" content=\"image\/jpeg\" \/>\n<meta name=\"twitter:card\" content=\"summary_large_image\" \/>\n<meta name=\"twitter:label1\" content=\"Price\" \/>\n\t<meta name=\"twitter:data1\" content=\"\" \/>\n\t<meta name=\"twitter:label2\" content=\"Availability\" \/>\n\t<meta name=\"twitter:data2\" content=\"On backorder\" \/>\n<script type=\"application\/ld+json\" class=\"yoast-schema-graph\">{\"@context\":\"https:\/\/schema.org\",\"@graph\":[{\"@type\":\"WebPage\",\"@id\":\"https:\/\/www.eurosmart.hu\/shop\/index.php\/termek\/milwaukee-packout-10-reszes-csavarhuzo-es-fogo-szett-4932493638\/\",\"url\":\"https:\/\/www.eurosmart.hu\/shop\/index.php\/termek\/milwaukee-packout-10-reszes-csavarhuzo-es-fogo-szett-4932493638\/\",\"name\":\"MILWAUKEE PACKOUT\u2122 10 R\u00c9SZES CSAVARH\u00daZ\u00d3 \u00c9S FOG\u00d3 SZETT HABBET\u00c9TBEN (4932493638) - Eurosmart - Milwaukee web\u00e1ruh\u00e1z\",\"isPartOf\":{\"@id\":\"https:\/\/www.eurosmart.hu\/shop\/#website\"},\"datePublished\":\"2024-02-19T08:57:02+00:00\",\"dateModified\":\"2024-02-19T09:01:45+00:00\",\"breadcrumb\":{\"@id\":\"https:\/\/www.eurosmart.hu\/shop\/index.php\/termek\/milwaukee-packout-10-reszes-csavarhuzo-es-fogo-szett-4932493638\/#breadcrumb\"},\"inLanguage\":\"hu\",\"potentialAction\":[{\"@type\":\"ReadAction\",\"target\":[\"https:\/\/www.eurosmart.hu\/shop\/index.php\/termek\/milwaukee-packout-10-reszes-csavarhuzo-es-fogo-szett-4932493638\/\"]}]},{\"@type\":\"BreadcrumbList\",\"@id\":\"https:\/\/www.eurosmart.hu\/shop\/index.php\/termek\/milwaukee-packout-10-reszes-csavarhuzo-es-fogo-szett-4932493638\/#breadcrumb\",\"itemListElement\":[{\"@type\":\"ListItem\",\"position\":1,\"name\":\"Kezd\u0151lap\",\"item\":\"https:\/\/www.eurosmart.hu\/shop\/\"},{\"@type\":\"ListItem\",\"position\":2,\"name\":\"Term\u00e9keink\",\"item\":\"https:\/\/www.eurosmart.hu\/shop\/index.php\/uzlet\/\"},{\"@type\":\"ListItem\",\"position\":3,\"name\":\"MILWAUKEE PACKOUT\u2122 10 R\u00c9SZES CSAVARH\u00daZ\u00d3 \u00c9S FOG\u00d3 SZETT HABBET\u00c9TBEN (4932493638)\"}]},{\"@type\":\"WebSite\",\"@id\":\"https:\/\/www.eurosmart.hu\/shop\/#website\",\"url\":\"https:\/\/www.eurosmart.hu\/shop\/\",\"name\":\"Eurosmart - Milwaukee web\u00e1ruh\u00e1z\",\"description\":\"Milwaukee web\u00e1ruh\u00e1z\",\"publisher\":{\"@id\":\"https:\/\/www.eurosmart.hu\/shop\/#organization\"},\"potentialAction\":[{\"@type\":\"SearchAction\",\"target\":{\"@type\":\"EntryPoint\",\"urlTemplate\":\"https:\/\/www.eurosmart.hu\/shop\/?s={search_term_string}\"},\"query-input\":\"required name=search_term_string\"}],\"inLanguage\":\"hu\"},{\"@type\":\"Organization\",\"@id\":\"https:\/\/www.eurosmart.hu\/shop\/#organization\",\"name\":\"Eurosmart - Milwaukee web\u00e1ruh\u00e1z\",\"url\":\"https:\/\/www.eurosmart.hu\/shop\/\",\"logo\":{\"@type\":\"ImageObject\",\"inLanguage\":\"hu\",\"@id\":\"https:\/\/www.eurosmart.hu\/shop\/#\/schema\/logo\/image\/\",\"url\":\"https:\/\/www.eurosmart.hu\/shop\/wp-content\/uploads\/2023\/10\/milwaukee-logo-1.png\",\"contentUrl\":\"https:\/\/www.eurosmart.hu\/shop\/wp-content\/uploads\/2023\/10\/milwaukee-logo-1.png\",\"width\":500,\"height\":200,\"caption\":\"Eurosmart - Milwaukee web\u00e1ruh\u00e1z\"},\"image\":{\"@id\":\"https:\/\/www.eurosmart.hu\/shop\/#\/schema\/logo\/image\/\"},\"sameAs\":[\"https:\/\/www.facebook.com\/EurosmartKft\"]}]}<\/script>\n<meta property=\"product:price:amount\" content=\"0\" \/>\n<meta property=\"product:price:currency\" content=\"HUF\" \/>\n<meta property=\"og:availability\" content=\"backorder\" \/>\n<meta property=\"product:availability\" content=\"available for order\" \/>\n<meta property=\"product:retailer_item_id\" content=\"4932493638\" \/>\n<meta property=\"product:condition\" content=\"new\" \/>\n<!-- \/ Yoast SEO Premium plugin. -->","yoast_head_json":{"title":"MILWAUKEE PACKOUT\u2122 10 R\u00c9SZES CSAVARH\u00daZ\u00d3 \u00c9S FOG\u00d3 SZETT HABBET\u00c9TBEN (4932493638) - Eurosmart - Milwaukee web\u00e1ruh\u00e1z","robots":{"index":"index","follow":"follow","max-snippet":"max-snippet:-1","max-image-preview":"max-image-preview:large","max-video-preview":"max-video-preview:-1"},"canonical":"https:\/\/www.eurosmart.hu\/shop\/index.php\/termek\/milwaukee-packout-10-reszes-csavarhuzo-es-fogo-szett-4932493638\/","og_locale":"hu_HU","og_type":"article","og_title":"MILWAUKEE PACKOUT\u2122 10 R\u00c9SZES CSAVARH\u00daZ\u00d3 \u00c9S FOG\u00d3 SZETT HABBET\u00c9TBEN (4932493638)","og_description":"A k\u00e9szlet tartalma:   V\u00edzpumpa fog\u00f3 250 mm (4932492459)  Kombin\u00e1ltfog\u00f3 180 mm (4932492462)  Hossz\u00facs\u0151r\u0171 kerek fog\u00f3 205 mm - 1 db (4932492465)  Oldalcs\u00edp\u0151fog\u00f3 160 mm (4932492463)  Csavarh\u00faz\u00f3 3 oldal\u00fa markolattal PZ1x100 - 1 db (4932471791)  PZ2 x 125 (4932471793)  Csavarh\u00faz\u00f3 3 oldal\u00fa markolattal SL 0.5x3x75 - 1 db (4932471775)  SL 0.8x4x100 (4932471778)  SL 1.0x5.5x125 (4932471779)  SL 1.2x6.5x125 (4932471781)","og_url":"https:\/\/www.eurosmart.hu\/shop\/index.php\/termek\/milwaukee-packout-10-reszes-csavarhuzo-es-fogo-szett-4932493638\/","og_site_name":"Eurosmart - Milwaukee web\u00e1ruh\u00e1z","article_publisher":"https:\/\/www.facebook.com\/EurosmartKft","article_modified_time":"2024-02-19T09:01:45+00:00","og_image":[{"width":1000,"height":1000,"url":"https:\/\/www.eurosmart.hu\/shop\/wp-content\/uploads\/2024\/02\/4932493638.jpg","type":"image\/jpeg"}],"twitter_card":"summary_large_image","twitter_misc":{"Price":"","Availability":"On backorder"},"schema":{"@context":"https:\/\/schema.org","@graph":[{"@type":"WebPage","@id":"https:\/\/www.eurosmart.hu\/shop\/index.php\/termek\/milwaukee-packout-10-reszes-csavarhuzo-es-fogo-szett-4932493638\/","url":"https:\/\/www.eurosmart.hu\/shop\/index.php\/termek\/milwaukee-packout-10-reszes-csavarhuzo-es-fogo-szett-4932493638\/","name":"MILWAUKEE PACKOUT\u2122 10 R\u00c9SZES CSAVARH\u00daZ\u00d3 \u00c9S FOG\u00d3 SZETT HABBET\u00c9TBEN (4932493638) - Eurosmart - Milwaukee web\u00e1ruh\u00e1z","isPartOf":{"@id":"https:\/\/www.eurosmart.hu\/shop\/#website"},"datePublished":"2024-02-19T08:57:02+00:00","dateModified":"2024-02-19T09:01:45+00:00","breadcrumb":{"@id":"https:\/\/www.eurosmart.hu\/shop\/index.php\/termek\/milwaukee-packout-10-reszes-csavarhuzo-es-fogo-szett-4932493638\/#breadcrumb"},"inLanguage":"hu","potentialAction":[{"@type":"ReadAction","target":["https:\/\/www.eurosmart.hu\/shop\/index.php\/termek\/milwaukee-packout-10-reszes-csavarhuzo-es-fogo-szett-4932493638\/"]}]},{"@type":"BreadcrumbList","@id":"https:\/\/www.eurosmart.hu\/shop\/index.php\/termek\/milwaukee-packout-10-reszes-csavarhuzo-es-fogo-szett-4932493638\/#breadcrumb","itemListElement":[{"@type":"ListItem","position":1,"name":"Kezd\u0151lap","item":"https:\/\/www.eurosmart.hu\/shop\/"},{"@type":"ListItem","position":2,"name":"Term\u00e9keink","item":"https:\/\/www.eurosmart.hu\/shop\/index.php\/uzlet\/"},{"@type":"ListItem","position":3,"name":"MILWAUKEE PACKOUT\u2122 10 R\u00c9SZES CSAVARH\u00daZ\u00d3 \u00c9S FOG\u00d3 SZETT HABBET\u00c9TBEN (4932493638)"}]},{"@type":"WebSite","@id":"https:\/\/www.eurosmart.hu\/shop\/#website","url":"https:\/\/www.eurosmart.hu\/shop\/","name":"Eurosmart - Milwaukee web\u00e1ruh\u00e1z","description":"Milwaukee web\u00e1ruh\u00e1z","publisher":{"@id":"https:\/\/www.eurosmart.hu\/shop\/#organization"},"potentialAction":[{"@type":"SearchAction","target":{"@type":"EntryPoint","urlTemplate":"https:\/\/www.eurosmart.hu\/shop\/?s={search_term_string}"},"query-input":"required name=search_term_string"}],"inLanguage":"hu"},{"@type":"Organization","@id":"https:\/\/www.eurosmart.hu\/shop\/#organization","name":"Eurosmart - Milwaukee web\u00e1ruh\u00e1z","url":"https:\/\/www.eurosmart.hu\/shop\/","logo":{"@type":"ImageObject","inLanguage":"hu","@id":"https:\/\/www.eurosmart.hu\/shop\/#\/schema\/logo\/image\/","url":"https:\/\/www.eurosmart.hu\/shop\/wp-content\/uploads\/2023\/10\/milwaukee-logo-1.png","contentUrl":"https:\/\/www.eurosmart.hu\/shop\/wp-content\/uploads\/2023\/10\/milwaukee-logo-1.png","width":500,"height":200,"caption":"Eurosmart - Milwaukee web\u00e1ruh\u00e1z"},"image":{"@id":"https:\/\/www.eurosmart.hu\/shop\/#\/schema\/logo\/image\/"},"sameAs":["https:\/\/www.facebook.com\/EurosmartKft"]}]},"product_price_currency":"HUF","og_availability":"backorder","product_availability":"available for order","product_retailer_item_id":"4932493638","product_condition":"new"},"_links":{"self":[{"href":"https:\/\/www.eurosmart.hu\/shop\/index.php\/wp-json\/wp\/v2\/product\/5706","targetHints":{"allow":["GET"]}}],"collection":[{"href":"https:\/\/www.eurosmart.hu\/shop\/index.php\/wp-json\/wp\/v2\/product"}],"about":[{"href":"https:\/\/www.eurosmart.hu\/shop\/index.php\/wp-json\/wp\/v2\/types\/product"}],"wp:featuredmedia":[{"embeddable":true,"href":"https:\/\/www.eurosmart.hu\/shop\/index.php\/wp-json\/wp\/v2\/media\/5707"}],"wp:attachment":[{"href":"https:\/\/www.eurosmart.hu\/shop\/index.php\/wp-json\/wp\/v2\/media?parent=5706"}],"wp:term":[{"taxonomy":"product_cat","embeddable":true,"href":"https:\/\/www.eurosmart.hu\/shop\/index.php\/wp-json\/wp\/v2\/product_cat?post=5706"},{"taxonomy":"product_tag","embeddable":true,"href":"https:\/\/www.eurosmart.hu\/shop\/index.php\/wp-json\/wp\/v2\/product_tag?post=5706"}],"curies":[{"name":"wp","href":"https:\/\/api.w.org\/{rel}","templated":true}]}}