{"id":5694,"date":"2024-02-19T07:38:50","date_gmt":"2024-02-19T07:38:50","guid":{"rendered":"https:\/\/www.eurosmart.hu\/shop\/?post_type=product&#038;p=5694"},"modified":"2024-02-19T07:41:46","modified_gmt":"2024-02-19T07:41:46","slug":"milwaukee-packout-elsosegely-keszlet-xl-din-13157-4932492962","status":"publish","type":"product","link":"https:\/\/www.eurosmart.hu\/shop\/index.php\/termek\/milwaukee-packout-elsosegely-keszlet-xl-din-13157-4932492962\/","title":{"rendered":"MILWAUKEE PACKOUT\u2122 ELS\u0150SEG\u00c9LY K\u00c9SZLET XL DIN 13157 (4932492962)"},"content":{"rendered":"<h5>Tulajdons\u00e1gok:<\/h5>\n<ul class=\"ProductFeaturesTextstyles__FeatureList-fxqvf2-1 dUrrwH\">\n<li class=\"ProductFeaturesTextstyles__Feature-fxqvf2-3 ggyeUS\">V\u00e9szhelyzet eset\u00e9n gyorsan azonos\u00edthat\u00f3 a piros sz\u00edn\u0171 PACKOUT\u2122 rendszerez\u0151nek k\u00f6sz\u00f6nhet\u0151en.<\/li>\n<li class=\"ProductFeaturesTextstyles__Feature-fxqvf2-3 ggyeUS\">A PACKOUT\u2122 modul\u00e1ris t\u00e1rol\u00f3rendszer r\u00e9sze.<\/li>\n<li class=\"ProductFeaturesTextstyles__Feature-fxqvf2-3 ggyeUS\">\u00dct\u00e9s\u00e1ll\u00f3 polimerekkel k\u00e9sz\u00fclt a munkater\u00fclet tart\u00f3ss\u00e1ga \u00e9rdek\u00e9ben.<\/li>\n<li class=\"ProductFeaturesTextstyles__Feature-fxqvf2-3 ggyeUS\">IP65 besorol\u00e1s\u00fa id\u0151j\u00e1r\u00e1sv\u00e9d\u0151 t\u00f6m\u00edt\u00e9s az es\u0151 \u00e9s a munkahelyi t\u00f6rmel\u00e9k t\u00e1voltart\u00e1s\u00e1ra.<\/li>\n<li class=\"ProductFeaturesTextstyles__Feature-fxqvf2-3 ggyeUS\">A bels\u0151 t\u00e9r 10 kivehet\u0151 \u00e9s szerelhet\u0151 t\u00e1rol\u00f3val rendelkezik.<\/li>\n<li class=\"ProductFeaturesTextstyles__Feature-fxqvf2-3 ggyeUS\">A sz\u00e1ll\u00edt\u00e1s n\u00e9lk\u00fcli tart\u00e1lyok plomb\u00e1kkal megakad\u00e1lyozz\u00e1k, hogy a tart\u00e1lyok tartalma sz\u00e1ll\u00edt\u00e1s k\u00f6zben a tart\u00e1lyok k\u00f6z\u00f6tt v\u00e1ndoroljon.<\/li>\n<li class=\"ProductFeaturesTextstyles__Feature-fxqvf2-3 ggyeUS\">DIN 13157:2021-11 szabv\u00e1nynak megfelel\u0151 els\u0151seg\u00e9ly-k\u00e9szlet.<\/li>\n<li class=\"ProductFeaturesTextstyles__Feature-fxqvf2-3 ggyeUS\">A csomag tartalma: (DIN 13157 2x PE tasak, 1x S\u00fcrg\u0151ss\u00e9gi takar\u00f3, 210 x 160 cm, 1x k\u00f6tszer DIN 13142-A, 60 x 80 cm, 2x szemborogat\u00f3, 1x Aluderm k\u00f6tszer kicsi, 3x Aluderm k\u00f6tszer k\u00f6zepes, 1x Aluderm k\u00f6tszer nagy, 3x Compress, 10 x 10 cm, 2x Rugalmas r\u00f6gz\u00edt\u0151szalag 4m x 6cm, 2x Rugalmas r\u00f6gz\u00edt\u0151szalag 4m x 8cm, 1x Pol\u00e1r kend\u0151, 200 x 300 mm 2x IIR EN14683:2019 t\u00edpus\u00fa egyszer haszn\u00e1latos orvosi arcmaszk. AC: 2019, 1x S\u00f6hngen ragaszt\u00f3tapasz, 1x DIN 13019-E gyorssebk\u00f6t\u00f6z\u0151 k\u00e9szlet, 10 x 6 cm, 1x Aluderm-aluplast vakolat fajtacsomag (Ujjk\u00f6t\u00e9s, ujjbegyk\u00f6t\u00e9s, gipszcs\u00edkok, Alum\u00ednium bevonat\u00fa, rugalmas, egyenk\u00e9nt lez\u00e1rt, 4x Nedves kend\u0151 a s\u00e9rtetlen b\u0151r tiszt\u00edt\u00e1s\u00e1hoz, 2x h\u00e1romsz\u00f6g alak\u00fa k\u00f6t\u00e9s V SO RD DIN 13168-D, 1x Keszty\u0171k\u00e9szlet (4 db), 1x Azonnali h\u0171t\u00e9si t\u00f6m\u00f6r\u00edt\u00e9s, 1x oll\u00f3, 1x k\u00e9zi), Tov\u00e1bbi tartalom: 1x Szemmos\u00f3; 1x kompresszi\u00f3s k\u00f6tszer, 2x gyors \u00f6lt\u00f6zk\u00f6d\u00e9s, 2x Aluderm-aluplast ragtapasz fajtacsomag, 2x Salvequick steril sebtiszt\u00edt\u00f3 (5 t\u00f6rl\u0151kend\u0151), 1x csipesz, 1x nedves kend\u0151 a s\u00e9rtetlen b\u0151r d\u0151l\u00e9s\u00e9hez (10 t\u00f6rl\u0151kend\u0151), 1x szemtapasz, 1x h\u0171s\u00edt\u0151 borogat\u00e1s.<\/li>\n<li class=\"ProductFeaturesTextstyles__Feature-fxqvf2-3 ggyeUS\">M\u00e9ret: 500x380x120<\/li>\n<\/ul>\n","protected":false},"excerpt":{"rendered":"<p><strong>A k\u00e9szlet tartalma:<\/strong> 1 db PACKOUT\u2122 ELS\u0150SEG\u00c9LY K\u00c9SZLET XL<\/p>\n","protected":false},"featured_media":5695,"template":"","meta":[],"product_cat":[59,198,232,228,197,89],"product_tag":[],"class_list":["post-5694","product","type-product","status-publish","has-post-thumbnail","hentry","product_cat-milwaukee","product_cat-packout","product_cat-packout-modularis-tarolorendszer","product_cat-rendszer","product_cat-tarolas","product_cat-termekek"],"yoast_head":"<!-- This site is optimized with the Yoast SEO Premium plugin v21.3 (Yoast SEO v21.3) - https:\/\/yoast.com\/wordpress\/plugins\/seo\/ -->\n<title>MILWAUKEE PACKOUT\u2122 ELS\u0150SEG\u00c9LY K\u00c9SZLET XL DIN 13157 (4932492962) - Eurosmart - Milwaukee web\u00e1ruh\u00e1z<\/title>\n<meta name=\"robots\" content=\"index, follow, max-snippet:-1, max-image-preview:large, max-video-preview:-1\" \/>\n<link rel=\"canonical\" href=\"https:\/\/www.eurosmart.hu\/shop\/index.php\/termek\/milwaukee-packout-elsosegely-keszlet-xl-din-13157-4932492962\/\" \/>\n<meta property=\"og:locale\" content=\"hu_HU\" \/>\n<meta property=\"og:type\" content=\"article\" \/>\n<meta property=\"og:title\" content=\"MILWAUKEE PACKOUT\u2122 ELS\u0150SEG\u00c9LY K\u00c9SZLET XL DIN 13157 (4932492962)\" \/>\n<meta property=\"og:description\" content=\"A k\u00e9szlet tartalma: 1 db PACKOUT\u2122 ELS\u0150SEG\u00c9LY K\u00c9SZLET XL\" \/>\n<meta property=\"og:url\" content=\"https:\/\/www.eurosmart.hu\/shop\/index.php\/termek\/milwaukee-packout-elsosegely-keszlet-xl-din-13157-4932492962\/\" \/>\n<meta property=\"og:site_name\" content=\"Eurosmart - Milwaukee web\u00e1ruh\u00e1z\" \/>\n<meta property=\"article:publisher\" content=\"https:\/\/www.facebook.com\/EurosmartKft\" \/>\n<meta property=\"article:modified_time\" content=\"2024-02-19T07:41:46+00:00\" \/>\n<meta property=\"og:image\" content=\"https:\/\/www.eurosmart.hu\/shop\/wp-content\/uploads\/2024\/02\/4932492962.jpg\" \/>\n\t<meta property=\"og:image:width\" content=\"1000\" \/>\n\t<meta property=\"og:image:height\" content=\"1000\" \/>\n\t<meta property=\"og:image:type\" content=\"image\/jpeg\" \/>\n<meta name=\"twitter:card\" content=\"summary_large_image\" \/>\n<meta name=\"twitter:label1\" content=\"Price\" \/>\n\t<meta name=\"twitter:data1\" content=\"\" \/>\n\t<meta name=\"twitter:label2\" content=\"Availability\" \/>\n\t<meta name=\"twitter:data2\" content=\"In stock\" \/>\n<script type=\"application\/ld+json\" class=\"yoast-schema-graph\">{\"@context\":\"https:\/\/schema.org\",\"@graph\":[{\"@type\":\"WebPage\",\"@id\":\"https:\/\/www.eurosmart.hu\/shop\/index.php\/termek\/milwaukee-packout-elsosegely-keszlet-xl-din-13157-4932492962\/\",\"url\":\"https:\/\/www.eurosmart.hu\/shop\/index.php\/termek\/milwaukee-packout-elsosegely-keszlet-xl-din-13157-4932492962\/\",\"name\":\"MILWAUKEE PACKOUT\u2122 ELS\u0150SEG\u00c9LY K\u00c9SZLET XL DIN 13157 (4932492962) - Eurosmart - Milwaukee web\u00e1ruh\u00e1z\",\"isPartOf\":{\"@id\":\"https:\/\/www.eurosmart.hu\/shop\/#website\"},\"datePublished\":\"2024-02-19T07:38:50+00:00\",\"dateModified\":\"2024-02-19T07:41:46+00:00\",\"breadcrumb\":{\"@id\":\"https:\/\/www.eurosmart.hu\/shop\/index.php\/termek\/milwaukee-packout-elsosegely-keszlet-xl-din-13157-4932492962\/#breadcrumb\"},\"inLanguage\":\"hu\",\"potentialAction\":[{\"@type\":\"ReadAction\",\"target\":[\"https:\/\/www.eurosmart.hu\/shop\/index.php\/termek\/milwaukee-packout-elsosegely-keszlet-xl-din-13157-4932492962\/\"]}]},{\"@type\":\"BreadcrumbList\",\"@id\":\"https:\/\/www.eurosmart.hu\/shop\/index.php\/termek\/milwaukee-packout-elsosegely-keszlet-xl-din-13157-4932492962\/#breadcrumb\",\"itemListElement\":[{\"@type\":\"ListItem\",\"position\":1,\"name\":\"Kezd\u0151lap\",\"item\":\"https:\/\/www.eurosmart.hu\/shop\/\"},{\"@type\":\"ListItem\",\"position\":2,\"name\":\"Term\u00e9keink\",\"item\":\"https:\/\/www.eurosmart.hu\/shop\/index.php\/uzlet\/\"},{\"@type\":\"ListItem\",\"position\":3,\"name\":\"MILWAUKEE PACKOUT\u2122 ELS\u0150SEG\u00c9LY K\u00c9SZLET XL DIN 13157 (4932492962)\"}]},{\"@type\":\"WebSite\",\"@id\":\"https:\/\/www.eurosmart.hu\/shop\/#website\",\"url\":\"https:\/\/www.eurosmart.hu\/shop\/\",\"name\":\"Eurosmart - Milwaukee web\u00e1ruh\u00e1z\",\"description\":\"Milwaukee web\u00e1ruh\u00e1z\",\"publisher\":{\"@id\":\"https:\/\/www.eurosmart.hu\/shop\/#organization\"},\"potentialAction\":[{\"@type\":\"SearchAction\",\"target\":{\"@type\":\"EntryPoint\",\"urlTemplate\":\"https:\/\/www.eurosmart.hu\/shop\/?s={search_term_string}\"},\"query-input\":\"required name=search_term_string\"}],\"inLanguage\":\"hu\"},{\"@type\":\"Organization\",\"@id\":\"https:\/\/www.eurosmart.hu\/shop\/#organization\",\"name\":\"Eurosmart - Milwaukee web\u00e1ruh\u00e1z\",\"url\":\"https:\/\/www.eurosmart.hu\/shop\/\",\"logo\":{\"@type\":\"ImageObject\",\"inLanguage\":\"hu\",\"@id\":\"https:\/\/www.eurosmart.hu\/shop\/#\/schema\/logo\/image\/\",\"url\":\"https:\/\/www.eurosmart.hu\/shop\/wp-content\/uploads\/2023\/10\/milwaukee-logo-1.png\",\"contentUrl\":\"https:\/\/www.eurosmart.hu\/shop\/wp-content\/uploads\/2023\/10\/milwaukee-logo-1.png\",\"width\":500,\"height\":200,\"caption\":\"Eurosmart - Milwaukee web\u00e1ruh\u00e1z\"},\"image\":{\"@id\":\"https:\/\/www.eurosmart.hu\/shop\/#\/schema\/logo\/image\/\"},\"sameAs\":[\"https:\/\/www.facebook.com\/EurosmartKft\"]}]}<\/script>\n<meta property=\"product:price:amount\" content=\"0\" \/>\n<meta property=\"product:price:currency\" content=\"HUF\" \/>\n<meta property=\"og:availability\" content=\"instock\" \/>\n<meta property=\"product:availability\" content=\"instock\" \/>\n<meta property=\"product:retailer_item_id\" content=\"4932492962\" \/>\n<meta property=\"product:condition\" content=\"new\" \/>\n<!-- \/ Yoast SEO Premium plugin. -->","yoast_head_json":{"title":"MILWAUKEE PACKOUT\u2122 ELS\u0150SEG\u00c9LY K\u00c9SZLET XL DIN 13157 (4932492962) - Eurosmart - Milwaukee web\u00e1ruh\u00e1z","robots":{"index":"index","follow":"follow","max-snippet":"max-snippet:-1","max-image-preview":"max-image-preview:large","max-video-preview":"max-video-preview:-1"},"canonical":"https:\/\/www.eurosmart.hu\/shop\/index.php\/termek\/milwaukee-packout-elsosegely-keszlet-xl-din-13157-4932492962\/","og_locale":"hu_HU","og_type":"article","og_title":"MILWAUKEE PACKOUT\u2122 ELS\u0150SEG\u00c9LY K\u00c9SZLET XL DIN 13157 (4932492962)","og_description":"A k\u00e9szlet tartalma: 1 db PACKOUT\u2122 ELS\u0150SEG\u00c9LY K\u00c9SZLET XL","og_url":"https:\/\/www.eurosmart.hu\/shop\/index.php\/termek\/milwaukee-packout-elsosegely-keszlet-xl-din-13157-4932492962\/","og_site_name":"Eurosmart - Milwaukee web\u00e1ruh\u00e1z","article_publisher":"https:\/\/www.facebook.com\/EurosmartKft","article_modified_time":"2024-02-19T07:41:46+00:00","og_image":[{"width":1000,"height":1000,"url":"https:\/\/www.eurosmart.hu\/shop\/wp-content\/uploads\/2024\/02\/4932492962.jpg","type":"image\/jpeg"}],"twitter_card":"summary_large_image","twitter_misc":{"Price":"","Availability":"In stock"},"schema":{"@context":"https:\/\/schema.org","@graph":[{"@type":"WebPage","@id":"https:\/\/www.eurosmart.hu\/shop\/index.php\/termek\/milwaukee-packout-elsosegely-keszlet-xl-din-13157-4932492962\/","url":"https:\/\/www.eurosmart.hu\/shop\/index.php\/termek\/milwaukee-packout-elsosegely-keszlet-xl-din-13157-4932492962\/","name":"MILWAUKEE PACKOUT\u2122 ELS\u0150SEG\u00c9LY K\u00c9SZLET XL DIN 13157 (4932492962) - Eurosmart - Milwaukee web\u00e1ruh\u00e1z","isPartOf":{"@id":"https:\/\/www.eurosmart.hu\/shop\/#website"},"datePublished":"2024-02-19T07:38:50+00:00","dateModified":"2024-02-19T07:41:46+00:00","breadcrumb":{"@id":"https:\/\/www.eurosmart.hu\/shop\/index.php\/termek\/milwaukee-packout-elsosegely-keszlet-xl-din-13157-4932492962\/#breadcrumb"},"inLanguage":"hu","potentialAction":[{"@type":"ReadAction","target":["https:\/\/www.eurosmart.hu\/shop\/index.php\/termek\/milwaukee-packout-elsosegely-keszlet-xl-din-13157-4932492962\/"]}]},{"@type":"BreadcrumbList","@id":"https:\/\/www.eurosmart.hu\/shop\/index.php\/termek\/milwaukee-packout-elsosegely-keszlet-xl-din-13157-4932492962\/#breadcrumb","itemListElement":[{"@type":"ListItem","position":1,"name":"Kezd\u0151lap","item":"https:\/\/www.eurosmart.hu\/shop\/"},{"@type":"ListItem","position":2,"name":"Term\u00e9keink","item":"https:\/\/www.eurosmart.hu\/shop\/index.php\/uzlet\/"},{"@type":"ListItem","position":3,"name":"MILWAUKEE PACKOUT\u2122 ELS\u0150SEG\u00c9LY K\u00c9SZLET XL DIN 13157 (4932492962)"}]},{"@type":"WebSite","@id":"https:\/\/www.eurosmart.hu\/shop\/#website","url":"https:\/\/www.eurosmart.hu\/shop\/","name":"Eurosmart - Milwaukee web\u00e1ruh\u00e1z","description":"Milwaukee web\u00e1ruh\u00e1z","publisher":{"@id":"https:\/\/www.eurosmart.hu\/shop\/#organization"},"potentialAction":[{"@type":"SearchAction","target":{"@type":"EntryPoint","urlTemplate":"https:\/\/www.eurosmart.hu\/shop\/?s={search_term_string}"},"query-input":"required name=search_term_string"}],"inLanguage":"hu"},{"@type":"Organization","@id":"https:\/\/www.eurosmart.hu\/shop\/#organization","name":"Eurosmart - Milwaukee web\u00e1ruh\u00e1z","url":"https:\/\/www.eurosmart.hu\/shop\/","logo":{"@type":"ImageObject","inLanguage":"hu","@id":"https:\/\/www.eurosmart.hu\/shop\/#\/schema\/logo\/image\/","url":"https:\/\/www.eurosmart.hu\/shop\/wp-content\/uploads\/2023\/10\/milwaukee-logo-1.png","contentUrl":"https:\/\/www.eurosmart.hu\/shop\/wp-content\/uploads\/2023\/10\/milwaukee-logo-1.png","width":500,"height":200,"caption":"Eurosmart - Milwaukee web\u00e1ruh\u00e1z"},"image":{"@id":"https:\/\/www.eurosmart.hu\/shop\/#\/schema\/logo\/image\/"},"sameAs":["https:\/\/www.facebook.com\/EurosmartKft"]}]},"product_price_currency":"HUF","og_availability":"instock","product_availability":"instock","product_retailer_item_id":"4932492962","product_condition":"new"},"_links":{"self":[{"href":"https:\/\/www.eurosmart.hu\/shop\/index.php\/wp-json\/wp\/v2\/product\/5694","targetHints":{"allow":["GET"]}}],"collection":[{"href":"https:\/\/www.eurosmart.hu\/shop\/index.php\/wp-json\/wp\/v2\/product"}],"about":[{"href":"https:\/\/www.eurosmart.hu\/shop\/index.php\/wp-json\/wp\/v2\/types\/product"}],"wp:featuredmedia":[{"embeddable":true,"href":"https:\/\/www.eurosmart.hu\/shop\/index.php\/wp-json\/wp\/v2\/media\/5695"}],"wp:attachment":[{"href":"https:\/\/www.eurosmart.hu\/shop\/index.php\/wp-json\/wp\/v2\/media?parent=5694"}],"wp:term":[{"taxonomy":"product_cat","embeddable":true,"href":"https:\/\/www.eurosmart.hu\/shop\/index.php\/wp-json\/wp\/v2\/product_cat?post=5694"},{"taxonomy":"product_tag","embeddable":true,"href":"https:\/\/www.eurosmart.hu\/shop\/index.php\/wp-json\/wp\/v2\/product_tag?post=5694"}],"curies":[{"name":"wp","href":"https:\/\/api.w.org\/{rel}","templated":true}]}}