{"id":5657,"date":"2024-02-16T11:54:59","date_gmt":"2024-02-16T11:54:59","guid":{"rendered":"https:\/\/www.eurosmart.hu\/shop\/?post_type=product&#038;p=5657"},"modified":"2024-02-16T12:00:32","modified_gmt":"2024-02-16T12:00:32","slug":"milwaukee-m18-onesldp-0-one-key-led-kompakt-helyszinmegvilagito-lampa-es-tolto-4933459163","status":"publish","type":"product","link":"https:\/\/www.eurosmart.hu\/shop\/index.php\/termek\/milwaukee-m18-onesldp-0-one-key-led-kompakt-helyszinmegvilagito-lampa-es-tolto-4933459163\/","title":{"rendered":"MILWAUKEE M18 ONESLDP-0 ONE-KEY\u2122 LED KOMPAKT HELYSZ\u00cdNMEGVIL\u00c1G\u00cdT\u00d3 L\u00c1MPA \u00c9S T\u00d6LT\u0150 (4933459163)"},"content":{"rendered":"<h5>Tulajdons\u00e1gok:<\/h5>\n<ul class=\"ProductFeaturesTextstyles__FeatureList-fxqvf2-1 dUrrwH\">\n<li class=\"ProductFeaturesTextstyles__Feature-fxqvf2-3 ggyeUS\">Optimaliz\u00e1lja a f\u00e9nyer\u0151t \u00e9s a m\u0171k\u00f6d\u00e9si id\u0151t a f\u00e9nykibocs\u00e1t\u00e1s 0 &#8211; 9000 Lumen k\u00f6z\u00f6tti be\u00e1ll\u00edt\u00e1s\u00e1val<\/li>\n<li class=\"ProductFeaturesTextstyles__Feature-fxqvf2-3 ggyeUS\">A\u00a0<a href=\"https:\/\/hu.milwaukeetool.eu\/systems\/one-key\/\">ONE-KEY\u2122<\/a>\u00a0technol\u00f3gia lehet\u0151v\u00e9 teszi a f\u00e9ny nagym\u00e9rt\u00e9k\u0171 m\u00f3dos\u00edt\u00e1s\u00e1t \u00e9s a f\u00e9ny t\u00e1vvez\u00e9rl\u00e9s\u00e9t<\/li>\n<li class=\"ProductFeaturesTextstyles__Feature-fxqvf2-3 ggyeUS\">A\u00a0<a href=\"https:\/\/hu.milwaukeetool.eu\/systems\/one-key\/\">ONE-KEY\u2122<\/a>\u00a0eszk\u00f6zk\u00f6vet\u00e9s \u00e9s biztons\u00e1g ingyenes, felh\u0151alap\u00fa nyomon k\u00f6vet\u00e9si h\u00e1l\u00f3zatot \u00e9s fel\u00fcgyeleti platformot k\u00edn\u00e1l eszk\u00f6zeihez. A\u00a0<a href=\"https:\/\/hu.milwaukeetool.eu\/systems\/one-key\/\">ONE-KEY\u2122<\/a>\u00a0szint\u00e9n rendelkezik t\u00e1voli szersz\u00e1mz\u00e1r funkci\u00f3val.<\/li>\n<li class=\"ProductFeaturesTextstyles__Feature-fxqvf2-3 ggyeUS\">Programozza be az automatikus \u00fctemez\u00e9st, hogy eld\u00f6nthesse, mely napokon\/id\u0151szakokban m\u0171k\u00f6dj\u00f6n a l\u00e1mpa<\/li>\n<li class=\"ProductFeaturesTextstyles__Feature-fxqvf2-3 ggyeUS\">Integr\u00e1lt\u00a0<a href=\"https:\/\/hu.milwaukeetool.eu\/systems\/m18\/\">M18\u2122<\/a>\u00a0t\u00f6lt\u0151 &#8211; legfeljebb 2 akkumul\u00e1tort t\u00f6lt egym\u00e1s ut\u00e1n<\/li>\n<li class=\"ProductFeaturesTextstyles__Feature-fxqvf2-3 ggyeUS\"><a href=\"https:\/\/hu.milwaukeetool.eu\/systems\/m18\/redlithium-ion\/\">M18\u2122 REDLITHIUM\u2122<\/a>\u00a0akkumul\u00e1torral vagy 2,5 m-es t\u00e1pk\u00e1bellel m\u0171k\u00f6dtethet\u0151<\/li>\n<li class=\"ProductFeaturesTextstyles__Feature-fxqvf2-3 ggyeUS\">A v\u00e1ltakoz\u00f3 \u00e1ram\u00fa fali csatlakoz\u00f3 lehet\u0151v\u00e9 teszi t\u00f6bb f\u00e9nysz\u00f3r\u00f3 \u00f6sszek\u00f6t\u00e9s\u00e9t<\/li>\n<li class=\"ProductFeaturesTextstyles__Feature-fxqvf2-3 ggyeUS\">A nagyon tart\u00f3s \u00e9s \u00fct\u00e9s\u00e1ll\u00f3 polikarbon\u00e1t lencse megv\u00e9di a l\u00e1mp\u00e1t a neh\u00e9z munkak\u00f6r\u00fclm\u00e9nyekt\u0151l<\/li>\n<li class=\"ProductFeaturesTextstyles__Feature-fxqvf2-3 ggyeUS\">IP54 min\u0151s\u00edt\u00e9s akkumul\u00e1tor m\u00f3dban \u2013 por \u00e9s fr\u00f6ccsen\u0151 v\u00edz ellen v\u00e9dett<\/li>\n<li class=\"ProductFeaturesTextstyles__Feature-fxqvf2-3 ggyeUS\">TRUEVIEW\u2122 nagy teljes\u00edtm\u00e9ny\u0171 vil\u00e1g\u00edt\u00e1s biztos\u00edtja az egyenletes f\u00e9nykibocs\u00e1t\u00e1st, az optimaliz\u00e1lt sz\u00edn-h\u0151m\u00e9rs\u00e9kletet, a sz\u00ednek \u00e9s a r\u00e9szletek pontos \u00e1br\u00e1zol\u00e1s\u00e1t<\/li>\n<li class=\"ProductFeaturesTextstyles__Feature-fxqvf2-3 ggyeUS\">A v\u00e9dett elemtart\u00f3 ajt\u00f3k seg\u00edtik az akkumul\u00e1torok lop\u00e1s elleni v\u00e9delm\u00e9t (a z\u00e1r nem a sz\u00e1ll\u00edt\u00e1si terjedelem tartalma)<\/li>\n<li class=\"ProductFeaturesTextstyles__Feature-fxqvf2-3 ggyeUS\">Rugalmas akkumul\u00e1tor rendszerrel &#8211; MILWAUKEE\u00ae\u00a0<a href=\"https:\/\/hu.milwaukeetool.eu\/systems\/m18\/\">M18\u2122<\/a>\u00a0akkumul\u00e1torokkal m\u0171k\u00f6dik<\/li>\n<\/ul>\n<h5>M\u0171szaki adatok:<\/h5>\n<ul>\n<li>T\u00edpusa: Akkumul\u00e1toros, Li-ion 18V \/ H\u00e1l\u00f3zati 220-240V<\/li>\n<li>IP oszt\u00e1ly: IP54<\/li>\n<li>Max. magass\u00e1g (m): 0.737<\/li>\n<li>Max. f\u00e9ny\u00e1ram (Lumen): 9000\/4800\/2500<\/li>\n<li>Max. m\u0171k\u00f6d\u00e9si id\u0151 2x M18 B9 akkumul\u00e1torral (\u00f3ra): 3.5\/7\/14<\/li>\n<li>T\u00f6lt\u0151 t\u00edpusa: Sort\u00f6lt\u0151<\/li>\n<li>S\u00faly akkumul\u00e1torral (kg): 12.5<\/li>\n<\/ul>\n","protected":false},"excerpt":{"rendered":"<p><strong>A k\u00e9szlet tartalma:<\/strong> 1 db M18 ONESLDP LED KOMPAKT HELYSZ\u00cdNMEGVIL\u00c1G\u00cdT\u00d3 L\u00c1MPA <em>(akkumul\u00e1tor \u00e9s koffer n\u00e9lk\u00fcl sz\u00e1ll\u00edtva!)<\/em><\/p>\n","protected":false},"featured_media":5658,"template":"","meta":[],"product_cat":[165,196,230,59,228,195,89,192],"product_tag":[],"class_list":["post-5657","product","type-product","status-publish","has-post-thumbnail","hentry","product_cat-akkumulatoros-gepek","product_cat-helyszinmegvilagito-lampak","product_cat-m18-rendszer","product_cat-milwaukee","product_cat-rendszer","product_cat-termegvilagito-lampak","product_cat-termekek","product_cat-vilagitas-termekek"],"yoast_head":"<!-- This site is optimized with the Yoast SEO Premium plugin v21.3 (Yoast SEO v21.3) - https:\/\/yoast.com\/wordpress\/plugins\/seo\/ -->\n<title>MILWAUKEE M18 ONESLDP-0 ONE-KEY\u2122 LED KOMPAKT HELYSZ\u00cdNMEGVIL\u00c1G\u00cdT\u00d3 L\u00c1MPA \u00c9S T\u00d6LT\u0150 (4933459163) - Eurosmart - Milwaukee web\u00e1ruh\u00e1z<\/title>\n<meta name=\"robots\" content=\"index, follow, max-snippet:-1, max-image-preview:large, max-video-preview:-1\" \/>\n<link rel=\"canonical\" href=\"https:\/\/www.eurosmart.hu\/shop\/index.php\/termek\/milwaukee-m18-onesldp-0-one-key-led-kompakt-helyszinmegvilagito-lampa-es-tolto-4933459163\/\" \/>\n<meta property=\"og:locale\" content=\"hu_HU\" \/>\n<meta property=\"og:type\" content=\"article\" \/>\n<meta property=\"og:title\" content=\"MILWAUKEE M18 ONESLDP-0 ONE-KEY\u2122 LED KOMPAKT HELYSZ\u00cdNMEGVIL\u00c1G\u00cdT\u00d3 L\u00c1MPA \u00c9S T\u00d6LT\u0150 (4933459163)\" \/>\n<meta property=\"og:description\" content=\"A k\u00e9szlet tartalma: 1 db M18 ONESLDP LED KOMPAKT HELYSZ\u00cdNMEGVIL\u00c1G\u00cdT\u00d3 L\u00c1MPA (akkumul\u00e1tor \u00e9s koffer n\u00e9lk\u00fcl sz\u00e1ll\u00edtva!)\" \/>\n<meta property=\"og:url\" content=\"https:\/\/www.eurosmart.hu\/shop\/index.php\/termek\/milwaukee-m18-onesldp-0-one-key-led-kompakt-helyszinmegvilagito-lampa-es-tolto-4933459163\/\" \/>\n<meta property=\"og:site_name\" content=\"Eurosmart - Milwaukee web\u00e1ruh\u00e1z\" \/>\n<meta property=\"article:publisher\" content=\"https:\/\/www.facebook.com\/EurosmartKft\" \/>\n<meta property=\"article:modified_time\" content=\"2024-02-16T12:00:32+00:00\" \/>\n<meta property=\"og:image\" content=\"https:\/\/www.eurosmart.hu\/shop\/wp-content\/uploads\/2024\/02\/4933459163.webp\" \/>\n\t<meta property=\"og:image:width\" content=\"1000\" \/>\n\t<meta property=\"og:image:height\" content=\"1000\" \/>\n\t<meta property=\"og:image:type\" content=\"image\/webp\" \/>\n<meta name=\"twitter:card\" content=\"summary_large_image\" \/>\n<meta name=\"twitter:label1\" content=\"Price\" \/>\n\t<meta name=\"twitter:data1\" content=\"\" \/>\n\t<meta name=\"twitter:label2\" content=\"Availability\" \/>\n\t<meta name=\"twitter:data2\" content=\"On backorder\" \/>\n<script type=\"application\/ld+json\" class=\"yoast-schema-graph\">{\"@context\":\"https:\/\/schema.org\",\"@graph\":[{\"@type\":\"WebPage\",\"@id\":\"https:\/\/www.eurosmart.hu\/shop\/index.php\/termek\/milwaukee-m18-onesldp-0-one-key-led-kompakt-helyszinmegvilagito-lampa-es-tolto-4933459163\/\",\"url\":\"https:\/\/www.eurosmart.hu\/shop\/index.php\/termek\/milwaukee-m18-onesldp-0-one-key-led-kompakt-helyszinmegvilagito-lampa-es-tolto-4933459163\/\",\"name\":\"MILWAUKEE M18 ONESLDP-0 ONE-KEY\u2122 LED KOMPAKT HELYSZ\u00cdNMEGVIL\u00c1G\u00cdT\u00d3 L\u00c1MPA \u00c9S T\u00d6LT\u0150 (4933459163) - Eurosmart - Milwaukee web\u00e1ruh\u00e1z\",\"isPartOf\":{\"@id\":\"https:\/\/www.eurosmart.hu\/shop\/#website\"},\"datePublished\":\"2024-02-16T11:54:59+00:00\",\"dateModified\":\"2024-02-16T12:00:32+00:00\",\"breadcrumb\":{\"@id\":\"https:\/\/www.eurosmart.hu\/shop\/index.php\/termek\/milwaukee-m18-onesldp-0-one-key-led-kompakt-helyszinmegvilagito-lampa-es-tolto-4933459163\/#breadcrumb\"},\"inLanguage\":\"hu\",\"potentialAction\":[{\"@type\":\"ReadAction\",\"target\":[\"https:\/\/www.eurosmart.hu\/shop\/index.php\/termek\/milwaukee-m18-onesldp-0-one-key-led-kompakt-helyszinmegvilagito-lampa-es-tolto-4933459163\/\"]}]},{\"@type\":\"BreadcrumbList\",\"@id\":\"https:\/\/www.eurosmart.hu\/shop\/index.php\/termek\/milwaukee-m18-onesldp-0-one-key-led-kompakt-helyszinmegvilagito-lampa-es-tolto-4933459163\/#breadcrumb\",\"itemListElement\":[{\"@type\":\"ListItem\",\"position\":1,\"name\":\"Kezd\u0151lap\",\"item\":\"https:\/\/www.eurosmart.hu\/shop\/\"},{\"@type\":\"ListItem\",\"position\":2,\"name\":\"Term\u00e9keink\",\"item\":\"https:\/\/www.eurosmart.hu\/shop\/index.php\/uzlet\/\"},{\"@type\":\"ListItem\",\"position\":3,\"name\":\"MILWAUKEE M18 ONESLDP-0 ONE-KEY\u2122 LED KOMPAKT HELYSZ\u00cdNMEGVIL\u00c1G\u00cdT\u00d3 L\u00c1MPA \u00c9S T\u00d6LT\u0150 (4933459163)\"}]},{\"@type\":\"WebSite\",\"@id\":\"https:\/\/www.eurosmart.hu\/shop\/#website\",\"url\":\"https:\/\/www.eurosmart.hu\/shop\/\",\"name\":\"Eurosmart - Milwaukee web\u00e1ruh\u00e1z\",\"description\":\"Milwaukee web\u00e1ruh\u00e1z\",\"publisher\":{\"@id\":\"https:\/\/www.eurosmart.hu\/shop\/#organization\"},\"potentialAction\":[{\"@type\":\"SearchAction\",\"target\":{\"@type\":\"EntryPoint\",\"urlTemplate\":\"https:\/\/www.eurosmart.hu\/shop\/?s={search_term_string}\"},\"query-input\":\"required name=search_term_string\"}],\"inLanguage\":\"hu\"},{\"@type\":\"Organization\",\"@id\":\"https:\/\/www.eurosmart.hu\/shop\/#organization\",\"name\":\"Eurosmart - Milwaukee web\u00e1ruh\u00e1z\",\"url\":\"https:\/\/www.eurosmart.hu\/shop\/\",\"logo\":{\"@type\":\"ImageObject\",\"inLanguage\":\"hu\",\"@id\":\"https:\/\/www.eurosmart.hu\/shop\/#\/schema\/logo\/image\/\",\"url\":\"https:\/\/www.eurosmart.hu\/shop\/wp-content\/uploads\/2023\/10\/milwaukee-logo-1.png\",\"contentUrl\":\"https:\/\/www.eurosmart.hu\/shop\/wp-content\/uploads\/2023\/10\/milwaukee-logo-1.png\",\"width\":500,\"height\":200,\"caption\":\"Eurosmart - Milwaukee web\u00e1ruh\u00e1z\"},\"image\":{\"@id\":\"https:\/\/www.eurosmart.hu\/shop\/#\/schema\/logo\/image\/\"},\"sameAs\":[\"https:\/\/www.facebook.com\/EurosmartKft\"]}]}<\/script>\n<meta property=\"product:price:amount\" content=\"0\" \/>\n<meta property=\"product:price:currency\" content=\"HUF\" \/>\n<meta property=\"og:availability\" content=\"backorder\" \/>\n<meta property=\"product:availability\" content=\"available for order\" \/>\n<meta property=\"product:retailer_item_id\" content=\"4933459163\" \/>\n<meta property=\"product:condition\" content=\"new\" \/>\n<!-- \/ Yoast SEO Premium plugin. -->","yoast_head_json":{"title":"MILWAUKEE M18 ONESLDP-0 ONE-KEY\u2122 LED KOMPAKT HELYSZ\u00cdNMEGVIL\u00c1G\u00cdT\u00d3 L\u00c1MPA \u00c9S T\u00d6LT\u0150 (4933459163) - Eurosmart - Milwaukee web\u00e1ruh\u00e1z","robots":{"index":"index","follow":"follow","max-snippet":"max-snippet:-1","max-image-preview":"max-image-preview:large","max-video-preview":"max-video-preview:-1"},"canonical":"https:\/\/www.eurosmart.hu\/shop\/index.php\/termek\/milwaukee-m18-onesldp-0-one-key-led-kompakt-helyszinmegvilagito-lampa-es-tolto-4933459163\/","og_locale":"hu_HU","og_type":"article","og_title":"MILWAUKEE M18 ONESLDP-0 ONE-KEY\u2122 LED KOMPAKT HELYSZ\u00cdNMEGVIL\u00c1G\u00cdT\u00d3 L\u00c1MPA \u00c9S T\u00d6LT\u0150 (4933459163)","og_description":"A k\u00e9szlet tartalma: 1 db M18 ONESLDP LED KOMPAKT HELYSZ\u00cdNMEGVIL\u00c1G\u00cdT\u00d3 L\u00c1MPA (akkumul\u00e1tor \u00e9s koffer n\u00e9lk\u00fcl sz\u00e1ll\u00edtva!)","og_url":"https:\/\/www.eurosmart.hu\/shop\/index.php\/termek\/milwaukee-m18-onesldp-0-one-key-led-kompakt-helyszinmegvilagito-lampa-es-tolto-4933459163\/","og_site_name":"Eurosmart - Milwaukee web\u00e1ruh\u00e1z","article_publisher":"https:\/\/www.facebook.com\/EurosmartKft","article_modified_time":"2024-02-16T12:00:32+00:00","og_image":[{"width":1000,"height":1000,"url":"https:\/\/www.eurosmart.hu\/shop\/wp-content\/uploads\/2024\/02\/4933459163.webp","type":"image\/webp"}],"twitter_card":"summary_large_image","twitter_misc":{"Price":"","Availability":"On backorder"},"schema":{"@context":"https:\/\/schema.org","@graph":[{"@type":"WebPage","@id":"https:\/\/www.eurosmart.hu\/shop\/index.php\/termek\/milwaukee-m18-onesldp-0-one-key-led-kompakt-helyszinmegvilagito-lampa-es-tolto-4933459163\/","url":"https:\/\/www.eurosmart.hu\/shop\/index.php\/termek\/milwaukee-m18-onesldp-0-one-key-led-kompakt-helyszinmegvilagito-lampa-es-tolto-4933459163\/","name":"MILWAUKEE M18 ONESLDP-0 ONE-KEY\u2122 LED KOMPAKT HELYSZ\u00cdNMEGVIL\u00c1G\u00cdT\u00d3 L\u00c1MPA \u00c9S T\u00d6LT\u0150 (4933459163) - Eurosmart - Milwaukee web\u00e1ruh\u00e1z","isPartOf":{"@id":"https:\/\/www.eurosmart.hu\/shop\/#website"},"datePublished":"2024-02-16T11:54:59+00:00","dateModified":"2024-02-16T12:00:32+00:00","breadcrumb":{"@id":"https:\/\/www.eurosmart.hu\/shop\/index.php\/termek\/milwaukee-m18-onesldp-0-one-key-led-kompakt-helyszinmegvilagito-lampa-es-tolto-4933459163\/#breadcrumb"},"inLanguage":"hu","potentialAction":[{"@type":"ReadAction","target":["https:\/\/www.eurosmart.hu\/shop\/index.php\/termek\/milwaukee-m18-onesldp-0-one-key-led-kompakt-helyszinmegvilagito-lampa-es-tolto-4933459163\/"]}]},{"@type":"BreadcrumbList","@id":"https:\/\/www.eurosmart.hu\/shop\/index.php\/termek\/milwaukee-m18-onesldp-0-one-key-led-kompakt-helyszinmegvilagito-lampa-es-tolto-4933459163\/#breadcrumb","itemListElement":[{"@type":"ListItem","position":1,"name":"Kezd\u0151lap","item":"https:\/\/www.eurosmart.hu\/shop\/"},{"@type":"ListItem","position":2,"name":"Term\u00e9keink","item":"https:\/\/www.eurosmart.hu\/shop\/index.php\/uzlet\/"},{"@type":"ListItem","position":3,"name":"MILWAUKEE M18 ONESLDP-0 ONE-KEY\u2122 LED KOMPAKT HELYSZ\u00cdNMEGVIL\u00c1G\u00cdT\u00d3 L\u00c1MPA \u00c9S T\u00d6LT\u0150 (4933459163)"}]},{"@type":"WebSite","@id":"https:\/\/www.eurosmart.hu\/shop\/#website","url":"https:\/\/www.eurosmart.hu\/shop\/","name":"Eurosmart - Milwaukee web\u00e1ruh\u00e1z","description":"Milwaukee web\u00e1ruh\u00e1z","publisher":{"@id":"https:\/\/www.eurosmart.hu\/shop\/#organization"},"potentialAction":[{"@type":"SearchAction","target":{"@type":"EntryPoint","urlTemplate":"https:\/\/www.eurosmart.hu\/shop\/?s={search_term_string}"},"query-input":"required name=search_term_string"}],"inLanguage":"hu"},{"@type":"Organization","@id":"https:\/\/www.eurosmart.hu\/shop\/#organization","name":"Eurosmart - Milwaukee web\u00e1ruh\u00e1z","url":"https:\/\/www.eurosmart.hu\/shop\/","logo":{"@type":"ImageObject","inLanguage":"hu","@id":"https:\/\/www.eurosmart.hu\/shop\/#\/schema\/logo\/image\/","url":"https:\/\/www.eurosmart.hu\/shop\/wp-content\/uploads\/2023\/10\/milwaukee-logo-1.png","contentUrl":"https:\/\/www.eurosmart.hu\/shop\/wp-content\/uploads\/2023\/10\/milwaukee-logo-1.png","width":500,"height":200,"caption":"Eurosmart - Milwaukee web\u00e1ruh\u00e1z"},"image":{"@id":"https:\/\/www.eurosmart.hu\/shop\/#\/schema\/logo\/image\/"},"sameAs":["https:\/\/www.facebook.com\/EurosmartKft"]}]},"product_price_currency":"HUF","og_availability":"backorder","product_availability":"available for order","product_retailer_item_id":"4933459163","product_condition":"new"},"_links":{"self":[{"href":"https:\/\/www.eurosmart.hu\/shop\/index.php\/wp-json\/wp\/v2\/product\/5657","targetHints":{"allow":["GET"]}}],"collection":[{"href":"https:\/\/www.eurosmart.hu\/shop\/index.php\/wp-json\/wp\/v2\/product"}],"about":[{"href":"https:\/\/www.eurosmart.hu\/shop\/index.php\/wp-json\/wp\/v2\/types\/product"}],"wp:featuredmedia":[{"embeddable":true,"href":"https:\/\/www.eurosmart.hu\/shop\/index.php\/wp-json\/wp\/v2\/media\/5658"}],"wp:attachment":[{"href":"https:\/\/www.eurosmart.hu\/shop\/index.php\/wp-json\/wp\/v2\/media?parent=5657"}],"wp:term":[{"taxonomy":"product_cat","embeddable":true,"href":"https:\/\/www.eurosmart.hu\/shop\/index.php\/wp-json\/wp\/v2\/product_cat?post=5657"},{"taxonomy":"product_tag","embeddable":true,"href":"https:\/\/www.eurosmart.hu\/shop\/index.php\/wp-json\/wp\/v2\/product_tag?post=5657"}],"curies":[{"name":"wp","href":"https:\/\/api.w.org\/{rel}","templated":true}]}}