{"id":5649,"date":"2024-02-16T09:35:40","date_gmt":"2024-02-16T09:35:40","guid":{"rendered":"https:\/\/www.eurosmart.hu\/shop\/?post_type=product&#038;p=5649"},"modified":"2024-02-16T09:40:23","modified_gmt":"2024-02-16T09:40:23","slug":"milwaukee-l4-hsl-301-usb-ujratoltheto-lampa-szett-szigetelt-vezetekekhez-4933493968","status":"publish","type":"product","link":"https:\/\/www.eurosmart.hu\/shop\/index.php\/termek\/milwaukee-l4-hsl-301-usb-ujratoltheto-lampa-szett-szigetelt-vezetekekhez-4933493968\/","title":{"rendered":"MILWAUKEE L4 HSL-301 USB \u00daJRAT\u00d6LTHET\u0150 L\u00c1MPA SZETT SZIGETELT VEZET\u00c9KEKHEZ (4933493968)"},"content":{"rendered":"<h5>Tulajdons\u00e1gok:<\/h5>\n<ul class=\"ProductFeaturesTextstyles__FeatureList-fxqvf2-1 dUrrwH\">\n<li class=\"ProductFeaturesTextstyles__Feature-fxqvf2-3 ggyeUS\">A vezet\u00e9kek gyors \u00e9s egyszer\u0171 lev\u00e1laszt\u00e1sa<\/li>\n<li class=\"ProductFeaturesTextstyles__Feature-fxqvf2-3 ggyeUS\">K\u00e9t k\u00fcl\u00f6n\u00e1ll\u00f3 LED l\u00e1mpa 350 lumen nagy intenzit\u00e1s\u00fa megvil\u00e1g\u00edt\u00e1st biztos\u00edt<\/li>\n<li class=\"ProductFeaturesTextstyles__Feature-fxqvf2-3 ggyeUS\">Az \u00e1ll\u00edthat\u00f3 teljes\u00edtm\u00e9nyszinteknek k\u00f6sz\u00f6nhet\u0151en a l\u00e1mpa ak\u00e1r 10 \u00f3r\u00e1n kereszt\u00fcl vil\u00e1g\u00edt teljes akkumul\u00e1tort\u00f6lt\u00e9s mellett<\/li>\n<li class=\"ProductFeaturesTextstyles__Feature-fxqvf2-3 ggyeUS\">A l\u00e1mp\u00e1t a legzordabb k\u00f6r\u00fclm\u00e9nyek k\u00f6z\u00f6tt val\u00f3 haszn\u00e1latra tervezt\u00e9k, \u00fct\u00e9s\u00e1ll\u00f3 alum\u00ednium h\u00e1zzal \u00e9s IP54-es v\u00edz- \u00e9s por\u00e1ll\u00f3s\u00e1ggal rendelkezik.<\/li>\n<li class=\"ProductFeaturesTextstyles__Feature-fxqvf2-3 ggyeUS\">Az USB \u00fajrat\u00f6lthet\u0151 l\u00e1mpa szigetelt vezet\u00e9kekhez 3,0 Ah-s USB \u00fajrat\u00f6lthet\u0151 akkumul\u00e1torral m\u0171k\u00f6dik, \u00edgy eg\u00e9sz napos \u00fczemid\u0151t biztos\u00edt<\/li>\n<li class=\"ProductFeaturesTextstyles__Feature-fxqvf2-3 ggyeUS\">A MILWAUKEE\u00ae USB \u00fajrat\u00f6lthet\u0151 akkumul\u00e1tor \u00fajrat\u00f6lthet\u0151 USB-C-n kereszt\u00fcl, vagy kicser\u00e9lhet\u0151 tov\u00e1bbi USB \u00fajrat\u00f6lthet\u0151 akkumul\u00e1torokkal, \u00edgy gyakorlatilag nincs \u00e1ll\u00e1sid\u0151<\/li>\n<\/ul>\n<h5>M\u0171szaki adatok:<\/h5>\n<ul>\n<li>T\u00edpus: USB akkumul\u00e1toros, Li-ion 4V<\/li>\n<li>Max. f\u00e9ny\u00e1ram (lumens): 350\/100<\/li>\n<li>Max. m\u0171k\u00f6d\u00e9si id\u0151 (\u00f3ra): 2.5\/10<\/li>\n<li>S\u00faly akkumul\u00e1torral (kg): 0.24<\/li>\n<\/ul>\n","protected":false},"excerpt":{"rendered":"<p><strong>A k\u00e9szlet tartalma:<\/strong><\/p>\n<ul>\n<li>1 db L4 HSL USB \u00daJRAT\u00d6LTHET\u0150 L\u00c1MPA<\/li>\n<li>1 db L4 B3 3.0 Ah USB akkumul\u00e1tor<\/li>\n<li>1 db USB k\u00e1bel<\/li>\n<\/ul>\n","protected":false},"featured_media":5650,"template":"","meta":[],"product_cat":[165,59,193,89,192],"product_tag":[],"class_list":["post-5649","product","type-product","status-publish","has-post-thumbnail","hentry","product_cat-akkumulatoros-gepek","product_cat-milwaukee","product_cat-szemelyes-vilagitas","product_cat-termekek","product_cat-vilagitas-termekek"],"yoast_head":"<!-- This site is optimized with the Yoast SEO Premium plugin v21.3 (Yoast SEO v21.3) - https:\/\/yoast.com\/wordpress\/plugins\/seo\/ -->\n<title>MILWAUKEE L4 HSL-301 USB \u00daJRAT\u00d6LTHET\u0150 L\u00c1MPA SZETT SZIGETELT VEZET\u00c9KEKHEZ (4933493968) - Eurosmart - Milwaukee web\u00e1ruh\u00e1z<\/title>\n<meta name=\"robots\" content=\"index, follow, max-snippet:-1, max-image-preview:large, max-video-preview:-1\" \/>\n<link rel=\"canonical\" href=\"https:\/\/www.eurosmart.hu\/shop\/index.php\/termek\/milwaukee-l4-hsl-301-usb-ujratoltheto-lampa-szett-szigetelt-vezetekekhez-4933493968\/\" \/>\n<meta property=\"og:locale\" content=\"hu_HU\" \/>\n<meta property=\"og:type\" content=\"article\" \/>\n<meta property=\"og:title\" content=\"MILWAUKEE L4 HSL-301 USB \u00daJRAT\u00d6LTHET\u0150 L\u00c1MPA SZETT SZIGETELT VEZET\u00c9KEKHEZ (4933493968)\" \/>\n<meta property=\"og:description\" content=\"A k\u00e9szlet tartalma:   1 db L4 HSL USB \u00daJRAT\u00d6LTHET\u0150 L\u00c1MPA  1 db L4 B3 3.0 Ah USB akkumul\u00e1tor  1 db USB k\u00e1bel\" \/>\n<meta property=\"og:url\" content=\"https:\/\/www.eurosmart.hu\/shop\/index.php\/termek\/milwaukee-l4-hsl-301-usb-ujratoltheto-lampa-szett-szigetelt-vezetekekhez-4933493968\/\" \/>\n<meta property=\"og:site_name\" content=\"Eurosmart - Milwaukee web\u00e1ruh\u00e1z\" \/>\n<meta property=\"article:publisher\" content=\"https:\/\/www.facebook.com\/EurosmartKft\" \/>\n<meta property=\"article:modified_time\" content=\"2024-02-16T09:40:23+00:00\" \/>\n<meta property=\"og:image\" content=\"https:\/\/www.eurosmart.hu\/shop\/wp-content\/uploads\/2024\/02\/4933493968.jpg\" \/>\n\t<meta property=\"og:image:width\" content=\"1000\" \/>\n\t<meta property=\"og:image:height\" content=\"1000\" \/>\n\t<meta property=\"og:image:type\" content=\"image\/jpeg\" \/>\n<meta name=\"twitter:card\" content=\"summary_large_image\" \/>\n<meta name=\"twitter:label1\" content=\"Price\" \/>\n\t<meta name=\"twitter:data1\" content=\"\" \/>\n\t<meta name=\"twitter:label2\" content=\"Availability\" \/>\n\t<meta name=\"twitter:data2\" content=\"On backorder\" \/>\n<script type=\"application\/ld+json\" class=\"yoast-schema-graph\">{\"@context\":\"https:\/\/schema.org\",\"@graph\":[{\"@type\":\"WebPage\",\"@id\":\"https:\/\/www.eurosmart.hu\/shop\/index.php\/termek\/milwaukee-l4-hsl-301-usb-ujratoltheto-lampa-szett-szigetelt-vezetekekhez-4933493968\/\",\"url\":\"https:\/\/www.eurosmart.hu\/shop\/index.php\/termek\/milwaukee-l4-hsl-301-usb-ujratoltheto-lampa-szett-szigetelt-vezetekekhez-4933493968\/\",\"name\":\"MILWAUKEE L4 HSL-301 USB \u00daJRAT\u00d6LTHET\u0150 L\u00c1MPA SZETT SZIGETELT VEZET\u00c9KEKHEZ (4933493968) - Eurosmart - Milwaukee web\u00e1ruh\u00e1z\",\"isPartOf\":{\"@id\":\"https:\/\/www.eurosmart.hu\/shop\/#website\"},\"datePublished\":\"2024-02-16T09:35:40+00:00\",\"dateModified\":\"2024-02-16T09:40:23+00:00\",\"breadcrumb\":{\"@id\":\"https:\/\/www.eurosmart.hu\/shop\/index.php\/termek\/milwaukee-l4-hsl-301-usb-ujratoltheto-lampa-szett-szigetelt-vezetekekhez-4933493968\/#breadcrumb\"},\"inLanguage\":\"hu\",\"potentialAction\":[{\"@type\":\"ReadAction\",\"target\":[\"https:\/\/www.eurosmart.hu\/shop\/index.php\/termek\/milwaukee-l4-hsl-301-usb-ujratoltheto-lampa-szett-szigetelt-vezetekekhez-4933493968\/\"]}]},{\"@type\":\"BreadcrumbList\",\"@id\":\"https:\/\/www.eurosmart.hu\/shop\/index.php\/termek\/milwaukee-l4-hsl-301-usb-ujratoltheto-lampa-szett-szigetelt-vezetekekhez-4933493968\/#breadcrumb\",\"itemListElement\":[{\"@type\":\"ListItem\",\"position\":1,\"name\":\"Kezd\u0151lap\",\"item\":\"https:\/\/www.eurosmart.hu\/shop\/\"},{\"@type\":\"ListItem\",\"position\":2,\"name\":\"Term\u00e9keink\",\"item\":\"https:\/\/www.eurosmart.hu\/shop\/index.php\/uzlet\/\"},{\"@type\":\"ListItem\",\"position\":3,\"name\":\"MILWAUKEE L4 HSL-301 USB \u00daJRAT\u00d6LTHET\u0150 L\u00c1MPA SZETT SZIGETELT VEZET\u00c9KEKHEZ (4933493968)\"}]},{\"@type\":\"WebSite\",\"@id\":\"https:\/\/www.eurosmart.hu\/shop\/#website\",\"url\":\"https:\/\/www.eurosmart.hu\/shop\/\",\"name\":\"Eurosmart - Milwaukee web\u00e1ruh\u00e1z\",\"description\":\"Milwaukee web\u00e1ruh\u00e1z\",\"publisher\":{\"@id\":\"https:\/\/www.eurosmart.hu\/shop\/#organization\"},\"potentialAction\":[{\"@type\":\"SearchAction\",\"target\":{\"@type\":\"EntryPoint\",\"urlTemplate\":\"https:\/\/www.eurosmart.hu\/shop\/?s={search_term_string}\"},\"query-input\":\"required name=search_term_string\"}],\"inLanguage\":\"hu\"},{\"@type\":\"Organization\",\"@id\":\"https:\/\/www.eurosmart.hu\/shop\/#organization\",\"name\":\"Eurosmart - Milwaukee web\u00e1ruh\u00e1z\",\"url\":\"https:\/\/www.eurosmart.hu\/shop\/\",\"logo\":{\"@type\":\"ImageObject\",\"inLanguage\":\"hu\",\"@id\":\"https:\/\/www.eurosmart.hu\/shop\/#\/schema\/logo\/image\/\",\"url\":\"https:\/\/www.eurosmart.hu\/shop\/wp-content\/uploads\/2023\/10\/milwaukee-logo-1.png\",\"contentUrl\":\"https:\/\/www.eurosmart.hu\/shop\/wp-content\/uploads\/2023\/10\/milwaukee-logo-1.png\",\"width\":500,\"height\":200,\"caption\":\"Eurosmart - Milwaukee web\u00e1ruh\u00e1z\"},\"image\":{\"@id\":\"https:\/\/www.eurosmart.hu\/shop\/#\/schema\/logo\/image\/\"},\"sameAs\":[\"https:\/\/www.facebook.com\/EurosmartKft\"]}]}<\/script>\n<meta property=\"product:price:amount\" content=\"0\" \/>\n<meta property=\"product:price:currency\" content=\"HUF\" \/>\n<meta property=\"og:availability\" content=\"backorder\" \/>\n<meta property=\"product:availability\" content=\"available for order\" \/>\n<meta property=\"product:retailer_item_id\" content=\"4933493968\" \/>\n<meta property=\"product:condition\" content=\"new\" \/>\n<!-- \/ Yoast SEO Premium plugin. -->","yoast_head_json":{"title":"MILWAUKEE L4 HSL-301 USB \u00daJRAT\u00d6LTHET\u0150 L\u00c1MPA SZETT SZIGETELT VEZET\u00c9KEKHEZ (4933493968) - Eurosmart - Milwaukee web\u00e1ruh\u00e1z","robots":{"index":"index","follow":"follow","max-snippet":"max-snippet:-1","max-image-preview":"max-image-preview:large","max-video-preview":"max-video-preview:-1"},"canonical":"https:\/\/www.eurosmart.hu\/shop\/index.php\/termek\/milwaukee-l4-hsl-301-usb-ujratoltheto-lampa-szett-szigetelt-vezetekekhez-4933493968\/","og_locale":"hu_HU","og_type":"article","og_title":"MILWAUKEE L4 HSL-301 USB \u00daJRAT\u00d6LTHET\u0150 L\u00c1MPA SZETT SZIGETELT VEZET\u00c9KEKHEZ (4933493968)","og_description":"A k\u00e9szlet tartalma:   1 db L4 HSL USB \u00daJRAT\u00d6LTHET\u0150 L\u00c1MPA  1 db L4 B3 3.0 Ah USB akkumul\u00e1tor  1 db USB k\u00e1bel","og_url":"https:\/\/www.eurosmart.hu\/shop\/index.php\/termek\/milwaukee-l4-hsl-301-usb-ujratoltheto-lampa-szett-szigetelt-vezetekekhez-4933493968\/","og_site_name":"Eurosmart - Milwaukee web\u00e1ruh\u00e1z","article_publisher":"https:\/\/www.facebook.com\/EurosmartKft","article_modified_time":"2024-02-16T09:40:23+00:00","og_image":[{"width":1000,"height":1000,"url":"https:\/\/www.eurosmart.hu\/shop\/wp-content\/uploads\/2024\/02\/4933493968.jpg","type":"image\/jpeg"}],"twitter_card":"summary_large_image","twitter_misc":{"Price":"","Availability":"On backorder"},"schema":{"@context":"https:\/\/schema.org","@graph":[{"@type":"WebPage","@id":"https:\/\/www.eurosmart.hu\/shop\/index.php\/termek\/milwaukee-l4-hsl-301-usb-ujratoltheto-lampa-szett-szigetelt-vezetekekhez-4933493968\/","url":"https:\/\/www.eurosmart.hu\/shop\/index.php\/termek\/milwaukee-l4-hsl-301-usb-ujratoltheto-lampa-szett-szigetelt-vezetekekhez-4933493968\/","name":"MILWAUKEE L4 HSL-301 USB \u00daJRAT\u00d6LTHET\u0150 L\u00c1MPA SZETT SZIGETELT VEZET\u00c9KEKHEZ (4933493968) - Eurosmart - Milwaukee web\u00e1ruh\u00e1z","isPartOf":{"@id":"https:\/\/www.eurosmart.hu\/shop\/#website"},"datePublished":"2024-02-16T09:35:40+00:00","dateModified":"2024-02-16T09:40:23+00:00","breadcrumb":{"@id":"https:\/\/www.eurosmart.hu\/shop\/index.php\/termek\/milwaukee-l4-hsl-301-usb-ujratoltheto-lampa-szett-szigetelt-vezetekekhez-4933493968\/#breadcrumb"},"inLanguage":"hu","potentialAction":[{"@type":"ReadAction","target":["https:\/\/www.eurosmart.hu\/shop\/index.php\/termek\/milwaukee-l4-hsl-301-usb-ujratoltheto-lampa-szett-szigetelt-vezetekekhez-4933493968\/"]}]},{"@type":"BreadcrumbList","@id":"https:\/\/www.eurosmart.hu\/shop\/index.php\/termek\/milwaukee-l4-hsl-301-usb-ujratoltheto-lampa-szett-szigetelt-vezetekekhez-4933493968\/#breadcrumb","itemListElement":[{"@type":"ListItem","position":1,"name":"Kezd\u0151lap","item":"https:\/\/www.eurosmart.hu\/shop\/"},{"@type":"ListItem","position":2,"name":"Term\u00e9keink","item":"https:\/\/www.eurosmart.hu\/shop\/index.php\/uzlet\/"},{"@type":"ListItem","position":3,"name":"MILWAUKEE L4 HSL-301 USB \u00daJRAT\u00d6LTHET\u0150 L\u00c1MPA SZETT SZIGETELT VEZET\u00c9KEKHEZ (4933493968)"}]},{"@type":"WebSite","@id":"https:\/\/www.eurosmart.hu\/shop\/#website","url":"https:\/\/www.eurosmart.hu\/shop\/","name":"Eurosmart - Milwaukee web\u00e1ruh\u00e1z","description":"Milwaukee web\u00e1ruh\u00e1z","publisher":{"@id":"https:\/\/www.eurosmart.hu\/shop\/#organization"},"potentialAction":[{"@type":"SearchAction","target":{"@type":"EntryPoint","urlTemplate":"https:\/\/www.eurosmart.hu\/shop\/?s={search_term_string}"},"query-input":"required name=search_term_string"}],"inLanguage":"hu"},{"@type":"Organization","@id":"https:\/\/www.eurosmart.hu\/shop\/#organization","name":"Eurosmart - Milwaukee web\u00e1ruh\u00e1z","url":"https:\/\/www.eurosmart.hu\/shop\/","logo":{"@type":"ImageObject","inLanguage":"hu","@id":"https:\/\/www.eurosmart.hu\/shop\/#\/schema\/logo\/image\/","url":"https:\/\/www.eurosmart.hu\/shop\/wp-content\/uploads\/2023\/10\/milwaukee-logo-1.png","contentUrl":"https:\/\/www.eurosmart.hu\/shop\/wp-content\/uploads\/2023\/10\/milwaukee-logo-1.png","width":500,"height":200,"caption":"Eurosmart - Milwaukee web\u00e1ruh\u00e1z"},"image":{"@id":"https:\/\/www.eurosmart.hu\/shop\/#\/schema\/logo\/image\/"},"sameAs":["https:\/\/www.facebook.com\/EurosmartKft"]}]},"product_price_currency":"HUF","og_availability":"backorder","product_availability":"available for order","product_retailer_item_id":"4933493968","product_condition":"new"},"_links":{"self":[{"href":"https:\/\/www.eurosmart.hu\/shop\/index.php\/wp-json\/wp\/v2\/product\/5649","targetHints":{"allow":["GET"]}}],"collection":[{"href":"https:\/\/www.eurosmart.hu\/shop\/index.php\/wp-json\/wp\/v2\/product"}],"about":[{"href":"https:\/\/www.eurosmart.hu\/shop\/index.php\/wp-json\/wp\/v2\/types\/product"}],"wp:featuredmedia":[{"embeddable":true,"href":"https:\/\/www.eurosmart.hu\/shop\/index.php\/wp-json\/wp\/v2\/media\/5650"}],"wp:attachment":[{"href":"https:\/\/www.eurosmart.hu\/shop\/index.php\/wp-json\/wp\/v2\/media?parent=5649"}],"wp:term":[{"taxonomy":"product_cat","embeddable":true,"href":"https:\/\/www.eurosmart.hu\/shop\/index.php\/wp-json\/wp\/v2\/product_cat?post=5649"},{"taxonomy":"product_tag","embeddable":true,"href":"https:\/\/www.eurosmart.hu\/shop\/index.php\/wp-json\/wp\/v2\/product_tag?post=5649"}],"curies":[{"name":"wp","href":"https:\/\/api.w.org\/{rel}","templated":true}]}}