{"id":5647,"date":"2024-02-16T09:16:47","date_gmt":"2024-02-16T09:16:47","guid":{"rendered":"https:\/\/www.eurosmart.hu\/shop\/?post_type=product&#038;p=5647"},"modified":"2024-02-16T09:21:54","modified_gmt":"2024-02-16T09:21:54","slug":"milwaukee-l4-fl2000-301-usb-ujratoltheto-zseblampa-szett-2000-lumen-4933479637","status":"publish","type":"product","link":"https:\/\/www.eurosmart.hu\/shop\/index.php\/termek\/milwaukee-l4-fl2000-301-usb-ujratoltheto-zseblampa-szett-2000-lumen-4933479637\/","title":{"rendered":"MILWAUKEE L4 FL2000-301 USB \u00daJRAT\u00d6LTHET\u0150 ZSEBL\u00c1MPA SZETT 2000 LUMEN (4933479637)"},"content":{"rendered":"<h5>Tulajdons\u00e1gok:<\/h5>\n<ul class=\"ProductFeaturesTextstyles__FeatureList-fxqvf2-1 dUrrwH\">\n<li class=\"ProductFeaturesTextstyles__Feature-fxqvf2-3 ggyeUS\">2000 lumenes TRUEVIEW\u2122 nagy teljes\u00edtm\u00e9ny\u0171 vil\u00e1g\u00edt\u00e1s ak\u00e1r 250 m sug\u00e1rnyal\u00e1b t\u00e1vols\u00e1gig<\/li>\n<li class=\"ProductFeaturesTextstyles__Feature-fxqvf2-3 ggyeUS\">A zsebl\u00e1mpa prec\u00edzi\u00f3s cs\u00fasztathat\u00f3 f\u00f3kusz\u00e1l\u00e1ssal ell\u00e1tott 4 \u00fczemm\u00f3ddal rendelkezik, amely lehet\u0151v\u00e9 teszi a f\u00e9nysug\u00e1r m\u00e9ret\u00e9nek \u00e9s intenzit\u00e1s\u00e1nak gyors \u00e9s egyszer\u0171 testreszab\u00e1s\u00e1t<\/li>\n<li class=\"ProductFeaturesTextstyles__Feature-fxqvf2-3 ggyeUS\">H\u00e1ts\u00f3 kapcsol\u00f3<\/li>\n<li class=\"ProductFeaturesTextstyles__Feature-fxqvf2-3 ggyeUS\">IP66 &#8211; por \u00e9s fr\u00f6ccsen\u0151 v\u00edz ellen v\u00e9dett<\/li>\n<li class=\"ProductFeaturesTextstyles__Feature-fxqvf2-3 ggyeUS\">Elt\u00e1vol\u00edthat\u00f3 kapocs az optimaliz\u00e1lt r\u00f6gz\u00edt\u00e9shez<\/li>\n<li class=\"ProductFeaturesTextstyles__Feature-fxqvf2-3 ggyeUS\">A t\u00f6lt\u00e9si \u00e1llapotot jelz\u0151 f\u00e9ny, valamint a biztons\u00e1gi villog\u00f3 funkci\u00f3 t\u00e1j\u00e9koztatja a v\u00e9gfelhaszn\u00e1l\u00f3t az akkumul\u00e1tor alacsony t\u00f6lt\u00f6tts\u00e9gi szintj\u00e9r\u0151l<\/li>\n<li class=\"ProductFeaturesTextstyles__Feature-fxqvf2-3 ggyeUS\">A\u00a0<a href=\"https:\/\/hu.milwaukeetool.eu\/systems\/redlithium-usb\/\">REDLITHIUM\u2122 USB<\/a>\u00a0akkumul\u00e1tor k\u00e9nyelmesen felt\u00f6lthet\u0151 micro-USB k\u00e1bellel, tov\u00e1bb\u00e1 USB \u00e1ramforr\u00e1sba vagy h\u00e1l\u00f3zati aljzatba csatlakoztathat\u00f3 (a fali csatlakoz\u00f3 nem k\u00e9pezi a k\u00e9szlet r\u00e9sz\u00e9t)<\/li>\n<li class=\"ProductFeaturesTextstyles__Feature-fxqvf2-3 ggyeUS\">Munkater\u00fcleti k\u00f6r\u00fclm\u00e9nyeknek ellen\u00e1ll\u00f3 fonott mikro-USB k\u00e1bel f\u00e9m v\u00e9gz\u0151d\u00e9sekkel<\/li>\n<\/ul>\n<h5>M\u0171szaki adatok:<\/h5>\n<ul>\n<li>T\u00edpus: USB akkumul\u00e1toros, Li-ion 4V<\/li>\n<li>IP oszt\u00e1ly: IP66<\/li>\n<li>Max. f\u00e9ny\u00e1ram (lumens): 2000\/1300\/800\/100<\/li>\n<li>Max. m\u0171k\u00f6d\u00e9si id\u0151 (\u00f3ra): 4\/8\/24<\/li>\n<li>S\u00faly akkumul\u00e1torral (kg): 0.2<\/li>\n<\/ul>\n","protected":false},"excerpt":{"rendered":"<p><strong>A k\u00e9szlet tartalma:<\/strong><\/p>\n<ul>\n<li>1 db L4 FL2000 USB \u00daJRAT\u00d6LTHET\u0150 ZSEBL\u00c1MPA<\/li>\n<li>1 db L4 B3 3.0 Ah USB akkumul\u00e1tor<\/li>\n<li>1 db USB k\u00e1bel<\/li>\n<\/ul>\n","protected":false},"featured_media":5648,"template":"","meta":[],"product_cat":[165,59,193,89,192],"product_tag":[],"class_list":["post-5647","product","type-product","status-publish","has-post-thumbnail","hentry","product_cat-akkumulatoros-gepek","product_cat-milwaukee","product_cat-szemelyes-vilagitas","product_cat-termekek","product_cat-vilagitas-termekek"],"yoast_head":"<!-- This site is optimized with the Yoast SEO Premium plugin v21.3 (Yoast SEO v21.3) - https:\/\/yoast.com\/wordpress\/plugins\/seo\/ -->\n<title>MILWAUKEE L4 FL2000-301 USB \u00daJRAT\u00d6LTHET\u0150 ZSEBL\u00c1MPA SZETT 2000 LUMEN (4933479637) - Eurosmart - Milwaukee web\u00e1ruh\u00e1z<\/title>\n<meta name=\"robots\" content=\"index, follow, max-snippet:-1, max-image-preview:large, max-video-preview:-1\" \/>\n<link rel=\"canonical\" href=\"https:\/\/www.eurosmart.hu\/shop\/index.php\/termek\/milwaukee-l4-fl2000-301-usb-ujratoltheto-zseblampa-szett-2000-lumen-4933479637\/\" \/>\n<meta property=\"og:locale\" content=\"hu_HU\" \/>\n<meta property=\"og:type\" content=\"article\" \/>\n<meta property=\"og:title\" content=\"MILWAUKEE L4 FL2000-301 USB \u00daJRAT\u00d6LTHET\u0150 ZSEBL\u00c1MPA SZETT 2000 LUMEN (4933479637)\" \/>\n<meta property=\"og:description\" content=\"A k\u00e9szlet tartalma:   1 db L4 FL2000 USB \u00daJRAT\u00d6LTHET\u0150 ZSEBL\u00c1MPA  1 db L4 B3 3.0 Ah USB akkumul\u00e1tor  1 db USB k\u00e1bel\" \/>\n<meta property=\"og:url\" content=\"https:\/\/www.eurosmart.hu\/shop\/index.php\/termek\/milwaukee-l4-fl2000-301-usb-ujratoltheto-zseblampa-szett-2000-lumen-4933479637\/\" \/>\n<meta property=\"og:site_name\" content=\"Eurosmart - Milwaukee web\u00e1ruh\u00e1z\" \/>\n<meta property=\"article:publisher\" content=\"https:\/\/www.facebook.com\/EurosmartKft\" \/>\n<meta property=\"article:modified_time\" content=\"2024-02-16T09:21:54+00:00\" \/>\n<meta property=\"og:image\" content=\"https:\/\/www.eurosmart.hu\/shop\/wp-content\/uploads\/2024\/02\/4933479637.webp\" \/>\n\t<meta property=\"og:image:width\" content=\"1000\" \/>\n\t<meta property=\"og:image:height\" content=\"1000\" \/>\n\t<meta property=\"og:image:type\" content=\"image\/webp\" \/>\n<meta name=\"twitter:card\" content=\"summary_large_image\" \/>\n<meta name=\"twitter:label1\" content=\"Price\" \/>\n\t<meta name=\"twitter:data1\" content=\"\" \/>\n\t<meta name=\"twitter:label2\" content=\"Availability\" \/>\n\t<meta name=\"twitter:data2\" content=\"On backorder\" \/>\n<script type=\"application\/ld+json\" class=\"yoast-schema-graph\">{\"@context\":\"https:\/\/schema.org\",\"@graph\":[{\"@type\":\"WebPage\",\"@id\":\"https:\/\/www.eurosmart.hu\/shop\/index.php\/termek\/milwaukee-l4-fl2000-301-usb-ujratoltheto-zseblampa-szett-2000-lumen-4933479637\/\",\"url\":\"https:\/\/www.eurosmart.hu\/shop\/index.php\/termek\/milwaukee-l4-fl2000-301-usb-ujratoltheto-zseblampa-szett-2000-lumen-4933479637\/\",\"name\":\"MILWAUKEE L4 FL2000-301 USB \u00daJRAT\u00d6LTHET\u0150 ZSEBL\u00c1MPA SZETT 2000 LUMEN (4933479637) - Eurosmart - Milwaukee web\u00e1ruh\u00e1z\",\"isPartOf\":{\"@id\":\"https:\/\/www.eurosmart.hu\/shop\/#website\"},\"datePublished\":\"2024-02-16T09:16:47+00:00\",\"dateModified\":\"2024-02-16T09:21:54+00:00\",\"breadcrumb\":{\"@id\":\"https:\/\/www.eurosmart.hu\/shop\/index.php\/termek\/milwaukee-l4-fl2000-301-usb-ujratoltheto-zseblampa-szett-2000-lumen-4933479637\/#breadcrumb\"},\"inLanguage\":\"hu\",\"potentialAction\":[{\"@type\":\"ReadAction\",\"target\":[\"https:\/\/www.eurosmart.hu\/shop\/index.php\/termek\/milwaukee-l4-fl2000-301-usb-ujratoltheto-zseblampa-szett-2000-lumen-4933479637\/\"]}]},{\"@type\":\"BreadcrumbList\",\"@id\":\"https:\/\/www.eurosmart.hu\/shop\/index.php\/termek\/milwaukee-l4-fl2000-301-usb-ujratoltheto-zseblampa-szett-2000-lumen-4933479637\/#breadcrumb\",\"itemListElement\":[{\"@type\":\"ListItem\",\"position\":1,\"name\":\"Kezd\u0151lap\",\"item\":\"https:\/\/www.eurosmart.hu\/shop\/\"},{\"@type\":\"ListItem\",\"position\":2,\"name\":\"Term\u00e9keink\",\"item\":\"https:\/\/www.eurosmart.hu\/shop\/index.php\/uzlet\/\"},{\"@type\":\"ListItem\",\"position\":3,\"name\":\"MILWAUKEE L4 FL2000-301 USB \u00daJRAT\u00d6LTHET\u0150 ZSEBL\u00c1MPA SZETT 2000 LUMEN (4933479637)\"}]},{\"@type\":\"WebSite\",\"@id\":\"https:\/\/www.eurosmart.hu\/shop\/#website\",\"url\":\"https:\/\/www.eurosmart.hu\/shop\/\",\"name\":\"Eurosmart - Milwaukee web\u00e1ruh\u00e1z\",\"description\":\"Milwaukee web\u00e1ruh\u00e1z\",\"publisher\":{\"@id\":\"https:\/\/www.eurosmart.hu\/shop\/#organization\"},\"potentialAction\":[{\"@type\":\"SearchAction\",\"target\":{\"@type\":\"EntryPoint\",\"urlTemplate\":\"https:\/\/www.eurosmart.hu\/shop\/?s={search_term_string}\"},\"query-input\":\"required name=search_term_string\"}],\"inLanguage\":\"hu\"},{\"@type\":\"Organization\",\"@id\":\"https:\/\/www.eurosmart.hu\/shop\/#organization\",\"name\":\"Eurosmart - Milwaukee web\u00e1ruh\u00e1z\",\"url\":\"https:\/\/www.eurosmart.hu\/shop\/\",\"logo\":{\"@type\":\"ImageObject\",\"inLanguage\":\"hu\",\"@id\":\"https:\/\/www.eurosmart.hu\/shop\/#\/schema\/logo\/image\/\",\"url\":\"https:\/\/www.eurosmart.hu\/shop\/wp-content\/uploads\/2023\/10\/milwaukee-logo-1.png\",\"contentUrl\":\"https:\/\/www.eurosmart.hu\/shop\/wp-content\/uploads\/2023\/10\/milwaukee-logo-1.png\",\"width\":500,\"height\":200,\"caption\":\"Eurosmart - Milwaukee web\u00e1ruh\u00e1z\"},\"image\":{\"@id\":\"https:\/\/www.eurosmart.hu\/shop\/#\/schema\/logo\/image\/\"},\"sameAs\":[\"https:\/\/www.facebook.com\/EurosmartKft\"]}]}<\/script>\n<meta property=\"product:price:amount\" content=\"0\" \/>\n<meta property=\"product:price:currency\" content=\"HUF\" \/>\n<meta property=\"og:availability\" content=\"backorder\" \/>\n<meta property=\"product:availability\" content=\"available for order\" \/>\n<meta property=\"product:retailer_item_id\" content=\"4933479637\" \/>\n<meta property=\"product:condition\" content=\"new\" \/>\n<!-- \/ Yoast SEO Premium plugin. -->","yoast_head_json":{"title":"MILWAUKEE L4 FL2000-301 USB \u00daJRAT\u00d6LTHET\u0150 ZSEBL\u00c1MPA SZETT 2000 LUMEN (4933479637) - Eurosmart - Milwaukee web\u00e1ruh\u00e1z","robots":{"index":"index","follow":"follow","max-snippet":"max-snippet:-1","max-image-preview":"max-image-preview:large","max-video-preview":"max-video-preview:-1"},"canonical":"https:\/\/www.eurosmart.hu\/shop\/index.php\/termek\/milwaukee-l4-fl2000-301-usb-ujratoltheto-zseblampa-szett-2000-lumen-4933479637\/","og_locale":"hu_HU","og_type":"article","og_title":"MILWAUKEE L4 FL2000-301 USB \u00daJRAT\u00d6LTHET\u0150 ZSEBL\u00c1MPA SZETT 2000 LUMEN (4933479637)","og_description":"A k\u00e9szlet tartalma:   1 db L4 FL2000 USB \u00daJRAT\u00d6LTHET\u0150 ZSEBL\u00c1MPA  1 db L4 B3 3.0 Ah USB akkumul\u00e1tor  1 db USB k\u00e1bel","og_url":"https:\/\/www.eurosmart.hu\/shop\/index.php\/termek\/milwaukee-l4-fl2000-301-usb-ujratoltheto-zseblampa-szett-2000-lumen-4933479637\/","og_site_name":"Eurosmart - Milwaukee web\u00e1ruh\u00e1z","article_publisher":"https:\/\/www.facebook.com\/EurosmartKft","article_modified_time":"2024-02-16T09:21:54+00:00","og_image":[{"width":1000,"height":1000,"url":"https:\/\/www.eurosmart.hu\/shop\/wp-content\/uploads\/2024\/02\/4933479637.webp","type":"image\/webp"}],"twitter_card":"summary_large_image","twitter_misc":{"Price":"","Availability":"On backorder"},"schema":{"@context":"https:\/\/schema.org","@graph":[{"@type":"WebPage","@id":"https:\/\/www.eurosmart.hu\/shop\/index.php\/termek\/milwaukee-l4-fl2000-301-usb-ujratoltheto-zseblampa-szett-2000-lumen-4933479637\/","url":"https:\/\/www.eurosmart.hu\/shop\/index.php\/termek\/milwaukee-l4-fl2000-301-usb-ujratoltheto-zseblampa-szett-2000-lumen-4933479637\/","name":"MILWAUKEE L4 FL2000-301 USB \u00daJRAT\u00d6LTHET\u0150 ZSEBL\u00c1MPA SZETT 2000 LUMEN (4933479637) - Eurosmart - Milwaukee web\u00e1ruh\u00e1z","isPartOf":{"@id":"https:\/\/www.eurosmart.hu\/shop\/#website"},"datePublished":"2024-02-16T09:16:47+00:00","dateModified":"2024-02-16T09:21:54+00:00","breadcrumb":{"@id":"https:\/\/www.eurosmart.hu\/shop\/index.php\/termek\/milwaukee-l4-fl2000-301-usb-ujratoltheto-zseblampa-szett-2000-lumen-4933479637\/#breadcrumb"},"inLanguage":"hu","potentialAction":[{"@type":"ReadAction","target":["https:\/\/www.eurosmart.hu\/shop\/index.php\/termek\/milwaukee-l4-fl2000-301-usb-ujratoltheto-zseblampa-szett-2000-lumen-4933479637\/"]}]},{"@type":"BreadcrumbList","@id":"https:\/\/www.eurosmart.hu\/shop\/index.php\/termek\/milwaukee-l4-fl2000-301-usb-ujratoltheto-zseblampa-szett-2000-lumen-4933479637\/#breadcrumb","itemListElement":[{"@type":"ListItem","position":1,"name":"Kezd\u0151lap","item":"https:\/\/www.eurosmart.hu\/shop\/"},{"@type":"ListItem","position":2,"name":"Term\u00e9keink","item":"https:\/\/www.eurosmart.hu\/shop\/index.php\/uzlet\/"},{"@type":"ListItem","position":3,"name":"MILWAUKEE L4 FL2000-301 USB \u00daJRAT\u00d6LTHET\u0150 ZSEBL\u00c1MPA SZETT 2000 LUMEN (4933479637)"}]},{"@type":"WebSite","@id":"https:\/\/www.eurosmart.hu\/shop\/#website","url":"https:\/\/www.eurosmart.hu\/shop\/","name":"Eurosmart - Milwaukee web\u00e1ruh\u00e1z","description":"Milwaukee web\u00e1ruh\u00e1z","publisher":{"@id":"https:\/\/www.eurosmart.hu\/shop\/#organization"},"potentialAction":[{"@type":"SearchAction","target":{"@type":"EntryPoint","urlTemplate":"https:\/\/www.eurosmart.hu\/shop\/?s={search_term_string}"},"query-input":"required name=search_term_string"}],"inLanguage":"hu"},{"@type":"Organization","@id":"https:\/\/www.eurosmart.hu\/shop\/#organization","name":"Eurosmart - Milwaukee web\u00e1ruh\u00e1z","url":"https:\/\/www.eurosmart.hu\/shop\/","logo":{"@type":"ImageObject","inLanguage":"hu","@id":"https:\/\/www.eurosmart.hu\/shop\/#\/schema\/logo\/image\/","url":"https:\/\/www.eurosmart.hu\/shop\/wp-content\/uploads\/2023\/10\/milwaukee-logo-1.png","contentUrl":"https:\/\/www.eurosmart.hu\/shop\/wp-content\/uploads\/2023\/10\/milwaukee-logo-1.png","width":500,"height":200,"caption":"Eurosmart - Milwaukee web\u00e1ruh\u00e1z"},"image":{"@id":"https:\/\/www.eurosmart.hu\/shop\/#\/schema\/logo\/image\/"},"sameAs":["https:\/\/www.facebook.com\/EurosmartKft"]}]},"product_price_currency":"HUF","og_availability":"backorder","product_availability":"available for order","product_retailer_item_id":"4933479637","product_condition":"new"},"_links":{"self":[{"href":"https:\/\/www.eurosmart.hu\/shop\/index.php\/wp-json\/wp\/v2\/product\/5647","targetHints":{"allow":["GET"]}}],"collection":[{"href":"https:\/\/www.eurosmart.hu\/shop\/index.php\/wp-json\/wp\/v2\/product"}],"about":[{"href":"https:\/\/www.eurosmart.hu\/shop\/index.php\/wp-json\/wp\/v2\/types\/product"}],"wp:featuredmedia":[{"embeddable":true,"href":"https:\/\/www.eurosmart.hu\/shop\/index.php\/wp-json\/wp\/v2\/media\/5648"}],"wp:attachment":[{"href":"https:\/\/www.eurosmart.hu\/shop\/index.php\/wp-json\/wp\/v2\/media?parent=5647"}],"wp:term":[{"taxonomy":"product_cat","embeddable":true,"href":"https:\/\/www.eurosmart.hu\/shop\/index.php\/wp-json\/wp\/v2\/product_cat?post=5647"},{"taxonomy":"product_tag","embeddable":true,"href":"https:\/\/www.eurosmart.hu\/shop\/index.php\/wp-json\/wp\/v2\/product_tag?post=5647"}],"curies":[{"name":"wp","href":"https:\/\/api.w.org\/{rel}","templated":true}]}}