{"id":5629,"date":"2024-02-16T08:18:15","date_gmt":"2024-02-16T08:18:15","guid":{"rendered":"https:\/\/www.eurosmart.hu\/shop\/?post_type=product&#038;p=5629"},"modified":"2024-02-16T08:24:35","modified_gmt":"2024-02-16T08:24:35","slug":"milwaukee-m12-bhcs3l-201-switch-tank-vegyszer-permetezo-szett-4933480782","status":"publish","type":"product","link":"https:\/\/www.eurosmart.hu\/shop\/index.php\/termek\/milwaukee-m12-bhcs3l-201-switch-tank-vegyszer-permetezo-szett-4933480782\/","title":{"rendered":"MILWAUKEE M12 BHCS3L-201 SWITCH TANK\u2122 VEGYSZER PERMETEZ\u0150 SZETT (4933480782)"},"content":{"rendered":"<h5>Tulajdons\u00e1gok:<\/h5>\n<ul class=\"ProductFeaturesTextstyles__FeatureList-fxqvf2-1 dUrrwH\">\n<li class=\"ProductFeaturesTextstyles__Feature-fxqvf2-3 ggyeUS\">Azonnali, \u00e1lland\u00f3 \u00e9s \u00e1ll\u00edthat\u00f3 nyom\u00e1s a kateg\u00f3ri\u00e1j\u00e1ban legjobb szab\u00e1lyoz\u00e1s\u00e9rt<\/li>\n<li class=\"ProductFeaturesTextstyles__Feature-fxqvf2-3 ggyeUS\">A h\u00e1rom nyom\u00e1sbe\u00e1ll\u00edt\u00e1s lehet\u0151v\u00e9 teszi a teljes\u00edtm\u00e9ny optimaliz\u00e1l\u00e1s\u00e1t sz\u00e1mos alkalmaz\u00e1shoz, mint p\u00e9ld\u00e1ul a helysz\u00edni-, sz\u00f3rt- \u00e9s t\u00e1vols\u00e1gi permetez\u00e9shez<\/li>\n<li class=\"ProductFeaturesTextstyles__Feature-fxqvf2-3 ggyeUS\">Nincs k\u00e9zi szivatty\u00faz\u00e1s, ami gyorsabb alkalmaz\u00e1si sebess\u00e9get tesz lehet\u0151v\u00e9, \u00e9s cs\u00f6kkenti a felhaszn\u00e1l\u00f3 f\u00e1radts\u00e1g\u00e1t a t\u00f6bbi k\u00e9zi permetez\u0151h\u00f6z k\u00e9pest<\/li>\n<li class=\"ProductFeaturesTextstyles__Feature-fxqvf2-3 ggyeUS\">Ak\u00e1r 5,5 bar nyom\u00e1s \u00e9s 5,2 m f\u00fcgg\u0151leges sz\u00f3r\u00e1si t\u00e1vols\u00e1g a nagyobb teljes\u00edtm\u00e9ny \u00e9rdek\u00e9ben<\/li>\n<li class=\"ProductFeaturesTextstyles__Feature-fxqvf2-3 ggyeUS\">Ak\u00e1r 300 liter permetez\u00e9st biztos\u00edt egy felt\u00f6lt\u00e9ssel\u00a0<a href=\"https:\/\/hu.milwaukeetool.eu\/systems\/m12\/\">M12\u2122<\/a>\u00a0B2 akkumul\u00e1torral<\/li>\n<li class=\"ProductFeaturesTextstyles__Feature-fxqvf2-3 ggyeUS\">A levehet\u0151 kiold\u00f3 foganty\u00fa biztos\u00edtja az optim\u00e1lis ergon\u00f3mi\u00e1t egy vagy k\u00e9tkezes haszn\u00e1lathoz<\/li>\n<li class=\"ProductFeaturesTextstyles__Feature-fxqvf2-3 ggyeUS\">A kiold\u00f3z\u00e1r kik\u00fcsz\u00f6b\u00f6li a nem sz\u00e1nd\u00e9kos vegyszerpermetez\u00e9s kock\u00e1zat\u00e1t<\/li>\n<li class=\"ProductFeaturesTextstyles__Feature-fxqvf2-3 ggyeUS\">Haszn\u00e1lhat\u00f3 peszticidekhez, gyomirt\u00f3khoz, rovar\u00f6l\u0151 szerekhez, gomba\u00f6l\u0151kh\u00f6z \u00e9s m\u0171tr\u00e1gy\u00e1khoz<\/li>\n<li class=\"ProductFeaturesTextstyles__Feature-fxqvf2-3 ggyeUS\">Rugalmas akkumul\u00e1tor rendszerrel &#8211; MILWAUKEE\u00ae\u00a0<a href=\"https:\/\/hu.milwaukeetool.eu\/systems\/m12\/\">M12\u2122<\/a>\u00a0akkumul\u00e1torokkal m\u0171k\u00f6dik<\/li>\n<\/ul>\n<h5>M\u0171szaki adatok:<\/h5>\n<ul>\n<li>T\u00edpus: Akkumul\u00e1toros, Li-ion 12V<\/li>\n<li>Fordulatsz\u00e1m szab\u00e1lyoz\u00e1s: 3<\/li>\n<li>\u0170rtartalom (l): 3.7<\/li>\n<li>Nyom\u00e1s (bar): 1.3-5.5<\/li>\n<li>Sz\u00f3r\u00e1si t\u00e1vols\u00e1g (m): 5.2<\/li>\n<li>S\u00faly akkumul\u00e1torral (kg): 3.5<\/li>\n<\/ul>\n","protected":false},"excerpt":{"rendered":"<p><strong>A k\u00e9szlet tartalma:<\/strong><\/p>\n<ul>\n<li>1 db M12 BHCS3L SWITCH TANK\u2122 VEGYSZER PERMETEZ\u0150 <em>(koffer n\u00e9lk\u00fcl sz\u00e1ll\u00edtva!)<\/em><\/li>\n<li>1 db M12 B2 2.0 Ah akkumul\u00e1tor<\/li>\n<li>1 db M12 C12 C t\u00f6lt\u0151<\/li>\n<li>Ventil\u00e1tor f\u00fav\u00f3ka, ferde adapter, v\u00e1llp\u00e1nt, m\u00e9r\u0151poh\u00e1r, t\u00f6lcs\u00e9r<\/li>\n<\/ul>\n","protected":false},"featured_media":5630,"template":"","meta":[],"product_cat":[165,176,184,231,59,228,188,89],"product_tag":[],"class_list":["post-5629","product","type-product","status-publish","has-post-thumbnail","hentry","product_cat-akkumulatoros-gepek","product_cat-egyeb-akkus-gepek","product_cat-kerti-gepek","product_cat-m12-rendszer","product_cat-milwaukee","product_cat-rendszer","product_cat-switch-tank-permetezok","product_cat-termekek"],"yoast_head":"<!-- This site is optimized with the Yoast SEO Premium plugin v21.3 (Yoast SEO v21.3) - https:\/\/yoast.com\/wordpress\/plugins\/seo\/ -->\n<title>MILWAUKEE M12 BHCS3L-201 SWITCH TANK\u2122 VEGYSZER PERMETEZ\u0150 SZETT (4933480782) - Eurosmart - Milwaukee web\u00e1ruh\u00e1z<\/title>\n<meta name=\"robots\" content=\"index, follow, max-snippet:-1, max-image-preview:large, max-video-preview:-1\" \/>\n<link rel=\"canonical\" href=\"https:\/\/www.eurosmart.hu\/shop\/index.php\/termek\/milwaukee-m12-bhcs3l-201-switch-tank-vegyszer-permetezo-szett-4933480782\/\" \/>\n<meta property=\"og:locale\" content=\"hu_HU\" \/>\n<meta property=\"og:type\" content=\"article\" \/>\n<meta property=\"og:title\" content=\"MILWAUKEE M12 BHCS3L-201 SWITCH TANK\u2122 VEGYSZER PERMETEZ\u0150 SZETT (4933480782)\" \/>\n<meta property=\"og:description\" content=\"A k\u00e9szlet tartalma:   1 db M12 BHCS3L SWITCH TANK\u2122 VEGYSZER PERMETEZ\u0150 (koffer n\u00e9lk\u00fcl sz\u00e1ll\u00edtva!)  1 db M12 B2 2.0 Ah akkumul\u00e1tor  1 db M12 C12 C t\u00f6lt\u0151  Ventil\u00e1tor f\u00fav\u00f3ka, ferde adapter, v\u00e1llp\u00e1nt, m\u00e9r\u0151poh\u00e1r, t\u00f6lcs\u00e9r\" \/>\n<meta property=\"og:url\" content=\"https:\/\/www.eurosmart.hu\/shop\/index.php\/termek\/milwaukee-m12-bhcs3l-201-switch-tank-vegyszer-permetezo-szett-4933480782\/\" \/>\n<meta property=\"og:site_name\" content=\"Eurosmart - Milwaukee web\u00e1ruh\u00e1z\" \/>\n<meta property=\"article:publisher\" content=\"https:\/\/www.facebook.com\/EurosmartKft\" \/>\n<meta property=\"article:modified_time\" content=\"2024-02-16T08:24:35+00:00\" \/>\n<meta property=\"og:image\" content=\"https:\/\/www.eurosmart.hu\/shop\/wp-content\/uploads\/2024\/02\/4933480782.webp\" \/>\n\t<meta property=\"og:image:width\" content=\"1000\" \/>\n\t<meta property=\"og:image:height\" content=\"1000\" \/>\n\t<meta property=\"og:image:type\" content=\"image\/webp\" \/>\n<meta name=\"twitter:card\" content=\"summary_large_image\" \/>\n<meta name=\"twitter:label1\" content=\"Price\" \/>\n\t<meta name=\"twitter:data1\" content=\"\" \/>\n\t<meta name=\"twitter:label2\" content=\"Availability\" \/>\n\t<meta name=\"twitter:data2\" content=\"On backorder\" \/>\n<script type=\"application\/ld+json\" class=\"yoast-schema-graph\">{\"@context\":\"https:\/\/schema.org\",\"@graph\":[{\"@type\":\"WebPage\",\"@id\":\"https:\/\/www.eurosmart.hu\/shop\/index.php\/termek\/milwaukee-m12-bhcs3l-201-switch-tank-vegyszer-permetezo-szett-4933480782\/\",\"url\":\"https:\/\/www.eurosmart.hu\/shop\/index.php\/termek\/milwaukee-m12-bhcs3l-201-switch-tank-vegyszer-permetezo-szett-4933480782\/\",\"name\":\"MILWAUKEE M12 BHCS3L-201 SWITCH TANK\u2122 VEGYSZER PERMETEZ\u0150 SZETT (4933480782) - Eurosmart - Milwaukee web\u00e1ruh\u00e1z\",\"isPartOf\":{\"@id\":\"https:\/\/www.eurosmart.hu\/shop\/#website\"},\"datePublished\":\"2024-02-16T08:18:15+00:00\",\"dateModified\":\"2024-02-16T08:24:35+00:00\",\"breadcrumb\":{\"@id\":\"https:\/\/www.eurosmart.hu\/shop\/index.php\/termek\/milwaukee-m12-bhcs3l-201-switch-tank-vegyszer-permetezo-szett-4933480782\/#breadcrumb\"},\"inLanguage\":\"hu\",\"potentialAction\":[{\"@type\":\"ReadAction\",\"target\":[\"https:\/\/www.eurosmart.hu\/shop\/index.php\/termek\/milwaukee-m12-bhcs3l-201-switch-tank-vegyszer-permetezo-szett-4933480782\/\"]}]},{\"@type\":\"BreadcrumbList\",\"@id\":\"https:\/\/www.eurosmart.hu\/shop\/index.php\/termek\/milwaukee-m12-bhcs3l-201-switch-tank-vegyszer-permetezo-szett-4933480782\/#breadcrumb\",\"itemListElement\":[{\"@type\":\"ListItem\",\"position\":1,\"name\":\"Kezd\u0151lap\",\"item\":\"https:\/\/www.eurosmart.hu\/shop\/\"},{\"@type\":\"ListItem\",\"position\":2,\"name\":\"Term\u00e9keink\",\"item\":\"https:\/\/www.eurosmart.hu\/shop\/index.php\/uzlet\/\"},{\"@type\":\"ListItem\",\"position\":3,\"name\":\"MILWAUKEE M12 BHCS3L-201 SWITCH TANK\u2122 VEGYSZER PERMETEZ\u0150 SZETT (4933480782)\"}]},{\"@type\":\"WebSite\",\"@id\":\"https:\/\/www.eurosmart.hu\/shop\/#website\",\"url\":\"https:\/\/www.eurosmart.hu\/shop\/\",\"name\":\"Eurosmart - Milwaukee web\u00e1ruh\u00e1z\",\"description\":\"Milwaukee web\u00e1ruh\u00e1z\",\"publisher\":{\"@id\":\"https:\/\/www.eurosmart.hu\/shop\/#organization\"},\"potentialAction\":[{\"@type\":\"SearchAction\",\"target\":{\"@type\":\"EntryPoint\",\"urlTemplate\":\"https:\/\/www.eurosmart.hu\/shop\/?s={search_term_string}\"},\"query-input\":\"required name=search_term_string\"}],\"inLanguage\":\"hu\"},{\"@type\":\"Organization\",\"@id\":\"https:\/\/www.eurosmart.hu\/shop\/#organization\",\"name\":\"Eurosmart - Milwaukee web\u00e1ruh\u00e1z\",\"url\":\"https:\/\/www.eurosmart.hu\/shop\/\",\"logo\":{\"@type\":\"ImageObject\",\"inLanguage\":\"hu\",\"@id\":\"https:\/\/www.eurosmart.hu\/shop\/#\/schema\/logo\/image\/\",\"url\":\"https:\/\/www.eurosmart.hu\/shop\/wp-content\/uploads\/2023\/10\/milwaukee-logo-1.png\",\"contentUrl\":\"https:\/\/www.eurosmart.hu\/shop\/wp-content\/uploads\/2023\/10\/milwaukee-logo-1.png\",\"width\":500,\"height\":200,\"caption\":\"Eurosmart - Milwaukee web\u00e1ruh\u00e1z\"},\"image\":{\"@id\":\"https:\/\/www.eurosmart.hu\/shop\/#\/schema\/logo\/image\/\"},\"sameAs\":[\"https:\/\/www.facebook.com\/EurosmartKft\"]}]}<\/script>\n<meta property=\"product:price:amount\" content=\"0\" \/>\n<meta property=\"product:price:currency\" content=\"HUF\" \/>\n<meta property=\"og:availability\" content=\"backorder\" \/>\n<meta property=\"product:availability\" content=\"available for order\" \/>\n<meta property=\"product:retailer_item_id\" content=\"4933480782\" \/>\n<meta property=\"product:condition\" content=\"new\" \/>\n<!-- \/ Yoast SEO Premium plugin. -->","yoast_head_json":{"title":"MILWAUKEE M12 BHCS3L-201 SWITCH TANK\u2122 VEGYSZER PERMETEZ\u0150 SZETT (4933480782) - Eurosmart - Milwaukee web\u00e1ruh\u00e1z","robots":{"index":"index","follow":"follow","max-snippet":"max-snippet:-1","max-image-preview":"max-image-preview:large","max-video-preview":"max-video-preview:-1"},"canonical":"https:\/\/www.eurosmart.hu\/shop\/index.php\/termek\/milwaukee-m12-bhcs3l-201-switch-tank-vegyszer-permetezo-szett-4933480782\/","og_locale":"hu_HU","og_type":"article","og_title":"MILWAUKEE M12 BHCS3L-201 SWITCH TANK\u2122 VEGYSZER PERMETEZ\u0150 SZETT (4933480782)","og_description":"A k\u00e9szlet tartalma:   1 db M12 BHCS3L SWITCH TANK\u2122 VEGYSZER PERMETEZ\u0150 (koffer n\u00e9lk\u00fcl sz\u00e1ll\u00edtva!)  1 db M12 B2 2.0 Ah akkumul\u00e1tor  1 db M12 C12 C t\u00f6lt\u0151  Ventil\u00e1tor f\u00fav\u00f3ka, ferde adapter, v\u00e1llp\u00e1nt, m\u00e9r\u0151poh\u00e1r, t\u00f6lcs\u00e9r","og_url":"https:\/\/www.eurosmart.hu\/shop\/index.php\/termek\/milwaukee-m12-bhcs3l-201-switch-tank-vegyszer-permetezo-szett-4933480782\/","og_site_name":"Eurosmart - Milwaukee web\u00e1ruh\u00e1z","article_publisher":"https:\/\/www.facebook.com\/EurosmartKft","article_modified_time":"2024-02-16T08:24:35+00:00","og_image":[{"width":1000,"height":1000,"url":"https:\/\/www.eurosmart.hu\/shop\/wp-content\/uploads\/2024\/02\/4933480782.webp","type":"image\/webp"}],"twitter_card":"summary_large_image","twitter_misc":{"Price":"","Availability":"On backorder"},"schema":{"@context":"https:\/\/schema.org","@graph":[{"@type":"WebPage","@id":"https:\/\/www.eurosmart.hu\/shop\/index.php\/termek\/milwaukee-m12-bhcs3l-201-switch-tank-vegyszer-permetezo-szett-4933480782\/","url":"https:\/\/www.eurosmart.hu\/shop\/index.php\/termek\/milwaukee-m12-bhcs3l-201-switch-tank-vegyszer-permetezo-szett-4933480782\/","name":"MILWAUKEE M12 BHCS3L-201 SWITCH TANK\u2122 VEGYSZER PERMETEZ\u0150 SZETT (4933480782) - Eurosmart - Milwaukee web\u00e1ruh\u00e1z","isPartOf":{"@id":"https:\/\/www.eurosmart.hu\/shop\/#website"},"datePublished":"2024-02-16T08:18:15+00:00","dateModified":"2024-02-16T08:24:35+00:00","breadcrumb":{"@id":"https:\/\/www.eurosmart.hu\/shop\/index.php\/termek\/milwaukee-m12-bhcs3l-201-switch-tank-vegyszer-permetezo-szett-4933480782\/#breadcrumb"},"inLanguage":"hu","potentialAction":[{"@type":"ReadAction","target":["https:\/\/www.eurosmart.hu\/shop\/index.php\/termek\/milwaukee-m12-bhcs3l-201-switch-tank-vegyszer-permetezo-szett-4933480782\/"]}]},{"@type":"BreadcrumbList","@id":"https:\/\/www.eurosmart.hu\/shop\/index.php\/termek\/milwaukee-m12-bhcs3l-201-switch-tank-vegyszer-permetezo-szett-4933480782\/#breadcrumb","itemListElement":[{"@type":"ListItem","position":1,"name":"Kezd\u0151lap","item":"https:\/\/www.eurosmart.hu\/shop\/"},{"@type":"ListItem","position":2,"name":"Term\u00e9keink","item":"https:\/\/www.eurosmart.hu\/shop\/index.php\/uzlet\/"},{"@type":"ListItem","position":3,"name":"MILWAUKEE M12 BHCS3L-201 SWITCH TANK\u2122 VEGYSZER PERMETEZ\u0150 SZETT (4933480782)"}]},{"@type":"WebSite","@id":"https:\/\/www.eurosmart.hu\/shop\/#website","url":"https:\/\/www.eurosmart.hu\/shop\/","name":"Eurosmart - Milwaukee web\u00e1ruh\u00e1z","description":"Milwaukee web\u00e1ruh\u00e1z","publisher":{"@id":"https:\/\/www.eurosmart.hu\/shop\/#organization"},"potentialAction":[{"@type":"SearchAction","target":{"@type":"EntryPoint","urlTemplate":"https:\/\/www.eurosmart.hu\/shop\/?s={search_term_string}"},"query-input":"required name=search_term_string"}],"inLanguage":"hu"},{"@type":"Organization","@id":"https:\/\/www.eurosmart.hu\/shop\/#organization","name":"Eurosmart - Milwaukee web\u00e1ruh\u00e1z","url":"https:\/\/www.eurosmart.hu\/shop\/","logo":{"@type":"ImageObject","inLanguage":"hu","@id":"https:\/\/www.eurosmart.hu\/shop\/#\/schema\/logo\/image\/","url":"https:\/\/www.eurosmart.hu\/shop\/wp-content\/uploads\/2023\/10\/milwaukee-logo-1.png","contentUrl":"https:\/\/www.eurosmart.hu\/shop\/wp-content\/uploads\/2023\/10\/milwaukee-logo-1.png","width":500,"height":200,"caption":"Eurosmart - Milwaukee web\u00e1ruh\u00e1z"},"image":{"@id":"https:\/\/www.eurosmart.hu\/shop\/#\/schema\/logo\/image\/"},"sameAs":["https:\/\/www.facebook.com\/EurosmartKft"]}]},"product_price_currency":"HUF","og_availability":"backorder","product_availability":"available for order","product_retailer_item_id":"4933480782","product_condition":"new"},"_links":{"self":[{"href":"https:\/\/www.eurosmart.hu\/shop\/index.php\/wp-json\/wp\/v2\/product\/5629","targetHints":{"allow":["GET"]}}],"collection":[{"href":"https:\/\/www.eurosmart.hu\/shop\/index.php\/wp-json\/wp\/v2\/product"}],"about":[{"href":"https:\/\/www.eurosmart.hu\/shop\/index.php\/wp-json\/wp\/v2\/types\/product"}],"wp:featuredmedia":[{"embeddable":true,"href":"https:\/\/www.eurosmart.hu\/shop\/index.php\/wp-json\/wp\/v2\/media\/5630"}],"wp:attachment":[{"href":"https:\/\/www.eurosmart.hu\/shop\/index.php\/wp-json\/wp\/v2\/media?parent=5629"}],"wp:term":[{"taxonomy":"product_cat","embeddable":true,"href":"https:\/\/www.eurosmart.hu\/shop\/index.php\/wp-json\/wp\/v2\/product_cat?post=5629"},{"taxonomy":"product_tag","embeddable":true,"href":"https:\/\/www.eurosmart.hu\/shop\/index.php\/wp-json\/wp\/v2\/product_tag?post=5629"}],"curies":[{"name":"wp","href":"https:\/\/api.w.org\/{rel}","templated":true}]}}