{"id":5063,"date":"2024-02-05T11:11:41","date_gmt":"2024-02-05T11:11:41","guid":{"rendered":"https:\/\/www.eurosmart.hu\/shop\/?post_type=product&#038;p=5063"},"modified":"2024-02-05T11:13:26","modified_gmt":"2024-02-05T11:13:26","slug":"milwaukee-m18-28-cpdex-0-fuel-sds-plus-porelszivo-4933446810","status":"publish","type":"product","link":"https:\/\/www.eurosmart.hu\/shop\/index.php\/termek\/milwaukee-m18-28-cpdex-0-fuel-sds-plus-porelszivo-4933446810\/","title":{"rendered":"MILWAUKEE M18-28 CPDEX-0 FUEL\u2122 SDS-PLUS PORELSZ\u00cdV\u00d3 (4933446810)"},"content":{"rendered":"<h5>Tulajdons\u00e1gok:<\/h5>\n<ul class=\"ProductFeaturesTextstyles__FeatureList-fxqvf2-1 dUrrwH\">\n<li class=\"ProductFeaturesTextstyles__Feature-fxqvf2-3 ggyeUS\">\u00dagy lett tervezve, hogy hat\u00e9konyan \u00f6sszegy\u0171jtse a port, automatikusan ind\u00edthat\u00f3 a g\u00e9p ki- \u00e9s bekapcsol\u00f3j\u00e1val<\/li>\n<li class=\"ProductFeaturesTextstyles__Feature-fxqvf2-3 ggyeUS\">HEPA sz\u0171r\u0151: kiv\u00e1l\u00f3 sz\u0171r\u0151, a k\u00fcl\u00f6nb\u00f6z\u0151 m\u00e9ret\u0171 porszemcs\u00e9k hat\u00e9kony \u00f6sszegy\u0171jt\u00e9s\u00e9hez. Hat\u00e9konys\u00e1g 99,75%<\/li>\n<li class=\"ProductFeaturesTextstyles__Feature-fxqvf2-3 ggyeUS\">Nagy porgy\u0171jt\u0151 doboz<\/li>\n<li class=\"ProductFeaturesTextstyles__Feature-fxqvf2-3 ggyeUS\">A porelsz\u00edv\u00f3 cs\u0151 poz\u00edci\u00f3ja a f\u00far\u00f3sz\u00e1r m\u00e9ret\u00e9nek megfelel\u0151en \u00e1ll\u00edthat\u00f3, max. 16 mm hossz\u00fa \u00e9s 90 mm m\u00e9ly<\/li>\n<li class=\"ProductFeaturesTextstyles__Feature-fxqvf2-3 ggyeUS\">Kompatibilis az M18 CHPX \u00e9s\u00a0<a href=\"https:\/\/hu.milwaukeetool.eu\/hu-hu\/28-v-tolto\/m28-c\/\">M28 C<\/a>HPX kalap\u00e1csokkal<\/li>\n<li class=\"ProductFeaturesTextstyles__Feature-fxqvf2-3 ggyeUS\">Rugalmas akkumul\u00e1tor rendszerrel &#8211; MILWAUKEE\u00ae\u00a0<a href=\"https:\/\/hu.milwaukeetool.eu\/systems\/m18\/\">M18\u2122<\/a>\u00a0akkumul\u00e1torokkal m\u0171k\u00f6dik<\/li>\n<\/ul>\n<h5>M\u0171szaki adatok:<\/h5>\n<ul>\n<li>T\u00edpusa: Akkumul\u00e1toros, Li-ion 18V<\/li>\n<li>L\u00f6kethossz (mm): 100<\/li>\n<li>Max. f\u00far\u00e1si m\u00e9lys\u00e9g (mm): 90<\/li>\n<li>Max. f\u00far\u00f3sz\u00e1r \u00e1tm\u00e9r\u0151 (mm): 16<\/li>\n<li>Max. f\u00far\u00f3sz\u00e1r hossz (mm): 160<\/li>\n<\/ul>\n","protected":false},"excerpt":{"rendered":"<p><strong>A k\u00e9szlet tartalma:<\/strong><\/p>\n<ul>\n<li>1 db M18-28 CPDEX FUEL\u2122 SDS-PLUS PORELSZ\u00cdV\u00d3 <em>(akkumul\u00e1tor, t\u00f6lt\u0151 \u00e9s porzs\u00e1k n\u00e9l\u00fcl sz\u00e1ll\u00edtva!)<\/em><\/li>\n<li>Cser\u00e9lhet\u0151 gumi gy\u0171r\u0171<\/li>\n<\/ul>\n","protected":false},"featured_media":5062,"template":"","meta":[],"product_cat":[165,175,230,59,228,89],"product_tag":[],"class_list":["post-5063","product","type-product","status-publish","has-post-thumbnail","hentry","product_cat-akkumulatoros-gepek","product_cat-akkus-ipari-porszivok","product_cat-m18-rendszer","product_cat-milwaukee","product_cat-rendszer","product_cat-termekek"],"yoast_head":"<!-- This site is optimized with the Yoast SEO Premium plugin v21.3 (Yoast SEO v21.3) - https:\/\/yoast.com\/wordpress\/plugins\/seo\/ -->\n<title>MILWAUKEE M18-28 CPDEX-0 FUEL\u2122 SDS-PLUS PORELSZ\u00cdV\u00d3 (4933446810) - Eurosmart - Milwaukee web\u00e1ruh\u00e1z<\/title>\n<meta name=\"robots\" content=\"index, follow, max-snippet:-1, max-image-preview:large, max-video-preview:-1\" \/>\n<link rel=\"canonical\" href=\"https:\/\/www.eurosmart.hu\/shop\/index.php\/termek\/milwaukee-m18-28-cpdex-0-fuel-sds-plus-porelszivo-4933446810\/\" \/>\n<meta property=\"og:locale\" content=\"hu_HU\" \/>\n<meta property=\"og:type\" content=\"article\" \/>\n<meta property=\"og:title\" content=\"MILWAUKEE M18-28 CPDEX-0 FUEL\u2122 SDS-PLUS PORELSZ\u00cdV\u00d3 (4933446810)\" \/>\n<meta property=\"og:description\" content=\"A k\u00e9szlet tartalma:   1 db M18-28 CPDEX FUEL\u2122 SDS-PLUS PORELSZ\u00cdV\u00d3 (akkumul\u00e1tor, t\u00f6lt\u0151 \u00e9s porzs\u00e1k n\u00e9l\u00fcl sz\u00e1ll\u00edtva!)  Cser\u00e9lhet\u0151 gumi gy\u0171r\u0171\" \/>\n<meta property=\"og:url\" content=\"https:\/\/www.eurosmart.hu\/shop\/index.php\/termek\/milwaukee-m18-28-cpdex-0-fuel-sds-plus-porelszivo-4933446810\/\" \/>\n<meta property=\"og:site_name\" content=\"Eurosmart - Milwaukee web\u00e1ruh\u00e1z\" \/>\n<meta property=\"article:publisher\" content=\"https:\/\/www.facebook.com\/EurosmartKft\" \/>\n<meta property=\"article:modified_time\" content=\"2024-02-05T11:13:26+00:00\" \/>\n<meta property=\"og:image\" content=\"https:\/\/www.eurosmart.hu\/shop\/wp-content\/uploads\/2024\/02\/4933447450.webp\" \/>\n\t<meta property=\"og:image:width\" content=\"1000\" \/>\n\t<meta property=\"og:image:height\" content=\"1000\" \/>\n\t<meta property=\"og:image:type\" content=\"image\/webp\" \/>\n<meta name=\"twitter:card\" content=\"summary_large_image\" \/>\n<meta name=\"twitter:label1\" content=\"Price\" \/>\n\t<meta name=\"twitter:data1\" content=\"\" \/>\n\t<meta name=\"twitter:label2\" content=\"Availability\" \/>\n\t<meta name=\"twitter:data2\" content=\"On backorder\" \/>\n<script type=\"application\/ld+json\" class=\"yoast-schema-graph\">{\"@context\":\"https:\/\/schema.org\",\"@graph\":[{\"@type\":\"WebPage\",\"@id\":\"https:\/\/www.eurosmart.hu\/shop\/index.php\/termek\/milwaukee-m18-28-cpdex-0-fuel-sds-plus-porelszivo-4933446810\/\",\"url\":\"https:\/\/www.eurosmart.hu\/shop\/index.php\/termek\/milwaukee-m18-28-cpdex-0-fuel-sds-plus-porelszivo-4933446810\/\",\"name\":\"MILWAUKEE M18-28 CPDEX-0 FUEL\u2122 SDS-PLUS PORELSZ\u00cdV\u00d3 (4933446810) - Eurosmart - Milwaukee web\u00e1ruh\u00e1z\",\"isPartOf\":{\"@id\":\"https:\/\/www.eurosmart.hu\/shop\/#website\"},\"datePublished\":\"2024-02-05T11:11:41+00:00\",\"dateModified\":\"2024-02-05T11:13:26+00:00\",\"breadcrumb\":{\"@id\":\"https:\/\/www.eurosmart.hu\/shop\/index.php\/termek\/milwaukee-m18-28-cpdex-0-fuel-sds-plus-porelszivo-4933446810\/#breadcrumb\"},\"inLanguage\":\"hu\",\"potentialAction\":[{\"@type\":\"ReadAction\",\"target\":[\"https:\/\/www.eurosmart.hu\/shop\/index.php\/termek\/milwaukee-m18-28-cpdex-0-fuel-sds-plus-porelszivo-4933446810\/\"]}]},{\"@type\":\"BreadcrumbList\",\"@id\":\"https:\/\/www.eurosmart.hu\/shop\/index.php\/termek\/milwaukee-m18-28-cpdex-0-fuel-sds-plus-porelszivo-4933446810\/#breadcrumb\",\"itemListElement\":[{\"@type\":\"ListItem\",\"position\":1,\"name\":\"Kezd\u0151lap\",\"item\":\"https:\/\/www.eurosmart.hu\/shop\/\"},{\"@type\":\"ListItem\",\"position\":2,\"name\":\"Term\u00e9keink\",\"item\":\"https:\/\/www.eurosmart.hu\/shop\/index.php\/uzlet\/\"},{\"@type\":\"ListItem\",\"position\":3,\"name\":\"MILWAUKEE M18-28 CPDEX-0 FUEL\u2122 SDS-PLUS PORELSZ\u00cdV\u00d3 (4933446810)\"}]},{\"@type\":\"WebSite\",\"@id\":\"https:\/\/www.eurosmart.hu\/shop\/#website\",\"url\":\"https:\/\/www.eurosmart.hu\/shop\/\",\"name\":\"Eurosmart - Milwaukee web\u00e1ruh\u00e1z\",\"description\":\"Milwaukee web\u00e1ruh\u00e1z\",\"publisher\":{\"@id\":\"https:\/\/www.eurosmart.hu\/shop\/#organization\"},\"potentialAction\":[{\"@type\":\"SearchAction\",\"target\":{\"@type\":\"EntryPoint\",\"urlTemplate\":\"https:\/\/www.eurosmart.hu\/shop\/?s={search_term_string}\"},\"query-input\":\"required name=search_term_string\"}],\"inLanguage\":\"hu\"},{\"@type\":\"Organization\",\"@id\":\"https:\/\/www.eurosmart.hu\/shop\/#organization\",\"name\":\"Eurosmart - Milwaukee web\u00e1ruh\u00e1z\",\"url\":\"https:\/\/www.eurosmart.hu\/shop\/\",\"logo\":{\"@type\":\"ImageObject\",\"inLanguage\":\"hu\",\"@id\":\"https:\/\/www.eurosmart.hu\/shop\/#\/schema\/logo\/image\/\",\"url\":\"https:\/\/www.eurosmart.hu\/shop\/wp-content\/uploads\/2023\/10\/milwaukee-logo-1.png\",\"contentUrl\":\"https:\/\/www.eurosmart.hu\/shop\/wp-content\/uploads\/2023\/10\/milwaukee-logo-1.png\",\"width\":500,\"height\":200,\"caption\":\"Eurosmart - Milwaukee web\u00e1ruh\u00e1z\"},\"image\":{\"@id\":\"https:\/\/www.eurosmart.hu\/shop\/#\/schema\/logo\/image\/\"},\"sameAs\":[\"https:\/\/www.facebook.com\/EurosmartKft\"]}]}<\/script>\n<meta property=\"product:price:amount\" content=\"0\" \/>\n<meta property=\"product:price:currency\" content=\"HUF\" \/>\n<meta property=\"og:availability\" content=\"backorder\" \/>\n<meta property=\"product:availability\" content=\"available for order\" \/>\n<meta property=\"product:retailer_item_id\" content=\"4933446810\" \/>\n<meta property=\"product:condition\" content=\"new\" \/>\n<!-- \/ Yoast SEO Premium plugin. -->","yoast_head_json":{"title":"MILWAUKEE M18-28 CPDEX-0 FUEL\u2122 SDS-PLUS PORELSZ\u00cdV\u00d3 (4933446810) - Eurosmart - Milwaukee web\u00e1ruh\u00e1z","robots":{"index":"index","follow":"follow","max-snippet":"max-snippet:-1","max-image-preview":"max-image-preview:large","max-video-preview":"max-video-preview:-1"},"canonical":"https:\/\/www.eurosmart.hu\/shop\/index.php\/termek\/milwaukee-m18-28-cpdex-0-fuel-sds-plus-porelszivo-4933446810\/","og_locale":"hu_HU","og_type":"article","og_title":"MILWAUKEE M18-28 CPDEX-0 FUEL\u2122 SDS-PLUS PORELSZ\u00cdV\u00d3 (4933446810)","og_description":"A k\u00e9szlet tartalma:   1 db M18-28 CPDEX FUEL\u2122 SDS-PLUS PORELSZ\u00cdV\u00d3 (akkumul\u00e1tor, t\u00f6lt\u0151 \u00e9s porzs\u00e1k n\u00e9l\u00fcl sz\u00e1ll\u00edtva!)  Cser\u00e9lhet\u0151 gumi gy\u0171r\u0171","og_url":"https:\/\/www.eurosmart.hu\/shop\/index.php\/termek\/milwaukee-m18-28-cpdex-0-fuel-sds-plus-porelszivo-4933446810\/","og_site_name":"Eurosmart - Milwaukee web\u00e1ruh\u00e1z","article_publisher":"https:\/\/www.facebook.com\/EurosmartKft","article_modified_time":"2024-02-05T11:13:26+00:00","og_image":[{"width":1000,"height":1000,"url":"https:\/\/www.eurosmart.hu\/shop\/wp-content\/uploads\/2024\/02\/4933447450.webp","type":"image\/webp"}],"twitter_card":"summary_large_image","twitter_misc":{"Price":"","Availability":"On backorder"},"schema":{"@context":"https:\/\/schema.org","@graph":[{"@type":"WebPage","@id":"https:\/\/www.eurosmart.hu\/shop\/index.php\/termek\/milwaukee-m18-28-cpdex-0-fuel-sds-plus-porelszivo-4933446810\/","url":"https:\/\/www.eurosmart.hu\/shop\/index.php\/termek\/milwaukee-m18-28-cpdex-0-fuel-sds-plus-porelszivo-4933446810\/","name":"MILWAUKEE M18-28 CPDEX-0 FUEL\u2122 SDS-PLUS PORELSZ\u00cdV\u00d3 (4933446810) - Eurosmart - Milwaukee web\u00e1ruh\u00e1z","isPartOf":{"@id":"https:\/\/www.eurosmart.hu\/shop\/#website"},"datePublished":"2024-02-05T11:11:41+00:00","dateModified":"2024-02-05T11:13:26+00:00","breadcrumb":{"@id":"https:\/\/www.eurosmart.hu\/shop\/index.php\/termek\/milwaukee-m18-28-cpdex-0-fuel-sds-plus-porelszivo-4933446810\/#breadcrumb"},"inLanguage":"hu","potentialAction":[{"@type":"ReadAction","target":["https:\/\/www.eurosmart.hu\/shop\/index.php\/termek\/milwaukee-m18-28-cpdex-0-fuel-sds-plus-porelszivo-4933446810\/"]}]},{"@type":"BreadcrumbList","@id":"https:\/\/www.eurosmart.hu\/shop\/index.php\/termek\/milwaukee-m18-28-cpdex-0-fuel-sds-plus-porelszivo-4933446810\/#breadcrumb","itemListElement":[{"@type":"ListItem","position":1,"name":"Kezd\u0151lap","item":"https:\/\/www.eurosmart.hu\/shop\/"},{"@type":"ListItem","position":2,"name":"Term\u00e9keink","item":"https:\/\/www.eurosmart.hu\/shop\/index.php\/uzlet\/"},{"@type":"ListItem","position":3,"name":"MILWAUKEE M18-28 CPDEX-0 FUEL\u2122 SDS-PLUS PORELSZ\u00cdV\u00d3 (4933446810)"}]},{"@type":"WebSite","@id":"https:\/\/www.eurosmart.hu\/shop\/#website","url":"https:\/\/www.eurosmart.hu\/shop\/","name":"Eurosmart - Milwaukee web\u00e1ruh\u00e1z","description":"Milwaukee web\u00e1ruh\u00e1z","publisher":{"@id":"https:\/\/www.eurosmart.hu\/shop\/#organization"},"potentialAction":[{"@type":"SearchAction","target":{"@type":"EntryPoint","urlTemplate":"https:\/\/www.eurosmart.hu\/shop\/?s={search_term_string}"},"query-input":"required name=search_term_string"}],"inLanguage":"hu"},{"@type":"Organization","@id":"https:\/\/www.eurosmart.hu\/shop\/#organization","name":"Eurosmart - Milwaukee web\u00e1ruh\u00e1z","url":"https:\/\/www.eurosmart.hu\/shop\/","logo":{"@type":"ImageObject","inLanguage":"hu","@id":"https:\/\/www.eurosmart.hu\/shop\/#\/schema\/logo\/image\/","url":"https:\/\/www.eurosmart.hu\/shop\/wp-content\/uploads\/2023\/10\/milwaukee-logo-1.png","contentUrl":"https:\/\/www.eurosmart.hu\/shop\/wp-content\/uploads\/2023\/10\/milwaukee-logo-1.png","width":500,"height":200,"caption":"Eurosmart - Milwaukee web\u00e1ruh\u00e1z"},"image":{"@id":"https:\/\/www.eurosmart.hu\/shop\/#\/schema\/logo\/image\/"},"sameAs":["https:\/\/www.facebook.com\/EurosmartKft"]}]},"product_price_currency":"HUF","og_availability":"backorder","product_availability":"available for order","product_retailer_item_id":"4933446810","product_condition":"new"},"_links":{"self":[{"href":"https:\/\/www.eurosmart.hu\/shop\/index.php\/wp-json\/wp\/v2\/product\/5063","targetHints":{"allow":["GET"]}}],"collection":[{"href":"https:\/\/www.eurosmart.hu\/shop\/index.php\/wp-json\/wp\/v2\/product"}],"about":[{"href":"https:\/\/www.eurosmart.hu\/shop\/index.php\/wp-json\/wp\/v2\/types\/product"}],"wp:featuredmedia":[{"embeddable":true,"href":"https:\/\/www.eurosmart.hu\/shop\/index.php\/wp-json\/wp\/v2\/media\/5062"}],"wp:attachment":[{"href":"https:\/\/www.eurosmart.hu\/shop\/index.php\/wp-json\/wp\/v2\/media?parent=5063"}],"wp:term":[{"taxonomy":"product_cat","embeddable":true,"href":"https:\/\/www.eurosmart.hu\/shop\/index.php\/wp-json\/wp\/v2\/product_cat?post=5063"},{"taxonomy":"product_tag","embeddable":true,"href":"https:\/\/www.eurosmart.hu\/shop\/index.php\/wp-json\/wp\/v2\/product_tag?post=5063"}],"curies":[{"name":"wp","href":"https:\/\/api.w.org\/{rel}","templated":true}]}}