{"id":5056,"date":"2024-02-05T10:39:58","date_gmt":"2024-02-05T10:39:58","guid":{"rendered":"https:\/\/www.eurosmart.hu\/shop\/?post_type=product&#038;p=5056"},"modified":"2024-02-05T10:48:54","modified_gmt":"2024-02-05T10:48:54","slug":"milwaukee-m18-hsfsm-0-fuel-nagy-sebessegu-csotisztitogep-4933480721","status":"publish","type":"product","link":"https:\/\/www.eurosmart.hu\/shop\/index.php\/termek\/milwaukee-m18-hsfsm-0-fuel-nagy-sebessegu-csotisztitogep-4933480721\/","title":{"rendered":"MILWAUKEE M18 HSFSM-0 FUEL\u2122 NAGY SEBESS\u00c9G\u0170 CS\u0150TISZT\u00cdT\u00d3G\u00c9P (4933480721)"},"content":{"rendered":"<h5>Tulajdons\u00e1gok:<\/h5>\n<ul class=\"ProductFeaturesTextstyles__FeatureList-fxqvf2-1 eacpVB\">\n<li class=\"ProductFeaturesTextstyles__Feature-fxqvf2-3 ggyeUS\">Elt\u00e1vol\u00edtja az elt\u00f6m\u0151d\u00e9seket a 32 mm-es (1 \u00bc\u2033 \u2013 110 mm-es (4\u2033) cs\u00f6vekben 23 m-ig a gy\u00e1rt\u00f3sorig<\/li>\n<li class=\"ProductFeaturesTextstyles__Feature-fxqvf2-3 ggyeUS\">V\u00e9gtelen, v\u00e1ltoztathat\u00f3 fordulatsz\u00e1m 600 \u00e9s 2200 ford.\/perc k\u00f6z\u00f6tt a jobb vez\u00e9rl\u00e9s \u00e9rdek\u00e9ben a vonalon \u00e9s a legjobb falt\u00f3l falig tart\u00f3 tisztas\u00e1g \u00e9rdek\u00e9ben<\/li>\n<li class=\"ProductFeaturesTextstyles__Feature-fxqvf2-3 ggyeUS\">Be\u00e9p\u00edtett mechanikus tengelykapcsol\u00f3, amely v\u00e9di a k\u00e1belt k\u00f6t\u00e9skor<\/li>\n<li class=\"ProductFeaturesTextstyles__Feature-fxqvf2-3 ggyeUS\">Nylon bevonat\u00fa 8 mm-es k\u00e1bel univerz\u00e1lis befog\u00e1ssal, hogy illeszkedjen \u00e9s haszn\u00e1lhat\u00f3 legyen a piacon kaphat\u00f3 leggyakoribb r\u00f6gz\u00edt\u0151fejekkel<\/li>\n<li class=\"ProductFeaturesTextstyles__Feature-fxqvf2-3 ggyeUS\">Elektronikus l\u00e1bped\u00e1l \u00e9s be\u00e9p\u00edtett dobf\u00e9k, amely elektronikusan szupergyorsan lass\u00edtja a dobot a nagyobb ir\u00e1ny\u00edthat\u00f3s\u00e1g \u00e9s biztons\u00e1g \u00e9rdek\u00e9ben<\/li>\n<li class=\"ProductFeaturesTextstyles__Feature-fxqvf2-3 ggyeUS\">Terepj\u00e1r\u00f3 kerekek \u00e9s kih\u00fazhat\u00f3 teleszk\u00f3pos foganty\u00fa a k\u00f6nnyebb sz\u00e1ll\u00edt\u00e1s \u00e9rdek\u00e9ben<\/li>\n<li class=\"ProductFeaturesTextstyles__Feature-fxqvf2-3 ggyeUS\">Nagyobb tart\u00f3ss\u00e1g k\u00fcls\u0151 kerettel \u00e9s a k\u00e1belek egyszer\u0171 helysz\u00edni jav\u00edt\u00e1s\u00e1val<\/li>\n<li class=\"ProductFeaturesTextstyles__Feature-fxqvf2-3 ggyeUS\">FUEL\u2122 platformunk DNS-e \u00fajradefini\u00e1lja a vezet\u00e9k n\u00e9lk\u00fcli technol\u00f3gia egyens\u00faly\u00e1t. A MILWAUKEE\u00ae POWERSTATE\u2122 sz\u00e9nkefe n\u00e9lk\u00fcli motor, REDLITHIUM\u2122 akkumul\u00e1tor \u00e9s REDLINK PLUS\u2122 intelligens elektronika p\u00e1ratlan teljes\u00edtm\u00e9nyt, \u00fczemid\u0151t \u00e9s tart\u00f3ss\u00e1got biztos\u00edt.<\/li>\n<li class=\"ProductFeaturesTextstyles__Feature-fxqvf2-3 ggyeUS\">Rugalmas akkumul\u00e1tor rendszerrel &#8211; MILWAUKEE\u00ae\u00a0<a href=\"https:\/\/hu.milwaukeetool.eu\/systems\/m18\/\">M18\u2122<\/a>\u00a0akkumul\u00e1torokkal m\u0171k\u00f6dik<\/li>\n<\/ul>\n<h5>M\u0171szaki adatok:<\/h5>\n<ul>\n<li>T\u00edpus: Akkumul\u00e1toros, Li-ion, 18V<\/li>\n<li>\u00dcresj\u00e1rati fordulatsz\u00e1m (ford\/perc): 600-2200<\/li>\n<li>Cs\u0151 \u00e1tm\u00e9r\u0151je (mm): 32-110<\/li>\n<li>K\u00e1bel \u00e1tm\u00e9r\u0151je (mm): 8<\/li>\n<li>K\u00e1bel hossza (mm): 23<\/li>\n<li>S\u00faly akkumul\u00e1torral (kg): 29.52<\/li>\n<\/ul>\n","protected":false},"excerpt":{"rendered":"<p><strong>A k\u00e9szlet tartalma: <\/strong><\/p>\n<ul>\n<li>1 db M18 HSFSM nagy sebess\u00e9g\u0171 cs\u0151tiszt\u00edt\u00f3g\u00e9p <em>(akkumul\u00e1tor, t\u00f6lt\u0151 \u00e9s koffer n\u00e9lk\u00fcl sz\u00e1ll\u00edtva!)<\/em><\/li>\n<\/ul>\n","protected":false},"featured_media":5057,"template":"","meta":[],"product_cat":[165,174,230,59,228,89],"product_tag":[],"class_list":["post-5056","product","type-product","status-publish","has-post-thumbnail","hentry","product_cat-akkumulatoros-gepek","product_cat-akkus-lefolyotisztitok","product_cat-m18-rendszer","product_cat-milwaukee","product_cat-rendszer","product_cat-termekek"],"yoast_head":"<!-- This site is optimized with the Yoast SEO Premium plugin v21.3 (Yoast SEO v21.3) - https:\/\/yoast.com\/wordpress\/plugins\/seo\/ -->\n<title>MILWAUKEE M18 HSFSM-0 FUEL\u2122 NAGY SEBESS\u00c9G\u0170 CS\u0150TISZT\u00cdT\u00d3G\u00c9P (4933480721) - Eurosmart - Milwaukee web\u00e1ruh\u00e1z<\/title>\n<meta name=\"robots\" content=\"index, follow, max-snippet:-1, max-image-preview:large, max-video-preview:-1\" \/>\n<link rel=\"canonical\" href=\"https:\/\/www.eurosmart.hu\/shop\/index.php\/termek\/milwaukee-m18-hsfsm-0-fuel-nagy-sebessegu-csotisztitogep-4933480721\/\" \/>\n<meta property=\"og:locale\" content=\"hu_HU\" \/>\n<meta property=\"og:type\" content=\"article\" \/>\n<meta property=\"og:title\" content=\"MILWAUKEE M18 HSFSM-0 FUEL\u2122 NAGY SEBESS\u00c9G\u0170 CS\u0150TISZT\u00cdT\u00d3G\u00c9P (4933480721)\" \/>\n<meta property=\"og:description\" content=\"A k\u00e9szlet tartalma:    1 db M18 HSFSM nagy sebess\u00e9g\u0171 cs\u0151tiszt\u00edt\u00f3g\u00e9p (akkumul\u00e1tor, t\u00f6lt\u0151 \u00e9s koffer n\u00e9lk\u00fcl sz\u00e1ll\u00edtva!)\" \/>\n<meta property=\"og:url\" content=\"https:\/\/www.eurosmart.hu\/shop\/index.php\/termek\/milwaukee-m18-hsfsm-0-fuel-nagy-sebessegu-csotisztitogep-4933480721\/\" \/>\n<meta property=\"og:site_name\" content=\"Eurosmart - Milwaukee web\u00e1ruh\u00e1z\" \/>\n<meta property=\"article:publisher\" content=\"https:\/\/www.facebook.com\/EurosmartKft\" \/>\n<meta property=\"article:modified_time\" content=\"2024-02-05T10:48:54+00:00\" \/>\n<meta property=\"og:image\" content=\"https:\/\/www.eurosmart.hu\/shop\/wp-content\/uploads\/2024\/02\/4933480721.jpg\" \/>\n\t<meta property=\"og:image:width\" content=\"1000\" \/>\n\t<meta property=\"og:image:height\" content=\"1000\" \/>\n\t<meta property=\"og:image:type\" content=\"image\/jpeg\" \/>\n<meta name=\"twitter:card\" content=\"summary_large_image\" \/>\n<meta name=\"twitter:label1\" content=\"Price\" \/>\n\t<meta name=\"twitter:data1\" content=\"\" \/>\n\t<meta name=\"twitter:label2\" content=\"Availability\" \/>\n\t<meta name=\"twitter:data2\" content=\"On backorder\" \/>\n<script type=\"application\/ld+json\" class=\"yoast-schema-graph\">{\"@context\":\"https:\/\/schema.org\",\"@graph\":[{\"@type\":\"WebPage\",\"@id\":\"https:\/\/www.eurosmart.hu\/shop\/index.php\/termek\/milwaukee-m18-hsfsm-0-fuel-nagy-sebessegu-csotisztitogep-4933480721\/\",\"url\":\"https:\/\/www.eurosmart.hu\/shop\/index.php\/termek\/milwaukee-m18-hsfsm-0-fuel-nagy-sebessegu-csotisztitogep-4933480721\/\",\"name\":\"MILWAUKEE M18 HSFSM-0 FUEL\u2122 NAGY SEBESS\u00c9G\u0170 CS\u0150TISZT\u00cdT\u00d3G\u00c9P (4933480721) - Eurosmart - Milwaukee web\u00e1ruh\u00e1z\",\"isPartOf\":{\"@id\":\"https:\/\/www.eurosmart.hu\/shop\/#website\"},\"datePublished\":\"2024-02-05T10:39:58+00:00\",\"dateModified\":\"2024-02-05T10:48:54+00:00\",\"breadcrumb\":{\"@id\":\"https:\/\/www.eurosmart.hu\/shop\/index.php\/termek\/milwaukee-m18-hsfsm-0-fuel-nagy-sebessegu-csotisztitogep-4933480721\/#breadcrumb\"},\"inLanguage\":\"hu\",\"potentialAction\":[{\"@type\":\"ReadAction\",\"target\":[\"https:\/\/www.eurosmart.hu\/shop\/index.php\/termek\/milwaukee-m18-hsfsm-0-fuel-nagy-sebessegu-csotisztitogep-4933480721\/\"]}]},{\"@type\":\"BreadcrumbList\",\"@id\":\"https:\/\/www.eurosmart.hu\/shop\/index.php\/termek\/milwaukee-m18-hsfsm-0-fuel-nagy-sebessegu-csotisztitogep-4933480721\/#breadcrumb\",\"itemListElement\":[{\"@type\":\"ListItem\",\"position\":1,\"name\":\"Kezd\u0151lap\",\"item\":\"https:\/\/www.eurosmart.hu\/shop\/\"},{\"@type\":\"ListItem\",\"position\":2,\"name\":\"Term\u00e9keink\",\"item\":\"https:\/\/www.eurosmart.hu\/shop\/index.php\/uzlet\/\"},{\"@type\":\"ListItem\",\"position\":3,\"name\":\"MILWAUKEE M18 HSFSM-0 FUEL\u2122 NAGY SEBESS\u00c9G\u0170 CS\u0150TISZT\u00cdT\u00d3G\u00c9P (4933480721)\"}]},{\"@type\":\"WebSite\",\"@id\":\"https:\/\/www.eurosmart.hu\/shop\/#website\",\"url\":\"https:\/\/www.eurosmart.hu\/shop\/\",\"name\":\"Eurosmart - Milwaukee web\u00e1ruh\u00e1z\",\"description\":\"Milwaukee web\u00e1ruh\u00e1z\",\"publisher\":{\"@id\":\"https:\/\/www.eurosmart.hu\/shop\/#organization\"},\"potentialAction\":[{\"@type\":\"SearchAction\",\"target\":{\"@type\":\"EntryPoint\",\"urlTemplate\":\"https:\/\/www.eurosmart.hu\/shop\/?s={search_term_string}\"},\"query-input\":\"required name=search_term_string\"}],\"inLanguage\":\"hu\"},{\"@type\":\"Organization\",\"@id\":\"https:\/\/www.eurosmart.hu\/shop\/#organization\",\"name\":\"Eurosmart - Milwaukee web\u00e1ruh\u00e1z\",\"url\":\"https:\/\/www.eurosmart.hu\/shop\/\",\"logo\":{\"@type\":\"ImageObject\",\"inLanguage\":\"hu\",\"@id\":\"https:\/\/www.eurosmart.hu\/shop\/#\/schema\/logo\/image\/\",\"url\":\"https:\/\/www.eurosmart.hu\/shop\/wp-content\/uploads\/2023\/10\/milwaukee-logo-1.png\",\"contentUrl\":\"https:\/\/www.eurosmart.hu\/shop\/wp-content\/uploads\/2023\/10\/milwaukee-logo-1.png\",\"width\":500,\"height\":200,\"caption\":\"Eurosmart - Milwaukee web\u00e1ruh\u00e1z\"},\"image\":{\"@id\":\"https:\/\/www.eurosmart.hu\/shop\/#\/schema\/logo\/image\/\"},\"sameAs\":[\"https:\/\/www.facebook.com\/EurosmartKft\"]}]}<\/script>\n<meta property=\"product:price:amount\" content=\"0\" \/>\n<meta property=\"product:price:currency\" content=\"HUF\" \/>\n<meta property=\"og:availability\" content=\"backorder\" \/>\n<meta property=\"product:availability\" content=\"available for order\" \/>\n<meta property=\"product:retailer_item_id\" content=\"4933480721\" \/>\n<meta property=\"product:condition\" content=\"new\" \/>\n<!-- \/ Yoast SEO Premium plugin. -->","yoast_head_json":{"title":"MILWAUKEE M18 HSFSM-0 FUEL\u2122 NAGY SEBESS\u00c9G\u0170 CS\u0150TISZT\u00cdT\u00d3G\u00c9P (4933480721) - Eurosmart - Milwaukee web\u00e1ruh\u00e1z","robots":{"index":"index","follow":"follow","max-snippet":"max-snippet:-1","max-image-preview":"max-image-preview:large","max-video-preview":"max-video-preview:-1"},"canonical":"https:\/\/www.eurosmart.hu\/shop\/index.php\/termek\/milwaukee-m18-hsfsm-0-fuel-nagy-sebessegu-csotisztitogep-4933480721\/","og_locale":"hu_HU","og_type":"article","og_title":"MILWAUKEE M18 HSFSM-0 FUEL\u2122 NAGY SEBESS\u00c9G\u0170 CS\u0150TISZT\u00cdT\u00d3G\u00c9P (4933480721)","og_description":"A k\u00e9szlet tartalma:    1 db M18 HSFSM nagy sebess\u00e9g\u0171 cs\u0151tiszt\u00edt\u00f3g\u00e9p (akkumul\u00e1tor, t\u00f6lt\u0151 \u00e9s koffer n\u00e9lk\u00fcl sz\u00e1ll\u00edtva!)","og_url":"https:\/\/www.eurosmart.hu\/shop\/index.php\/termek\/milwaukee-m18-hsfsm-0-fuel-nagy-sebessegu-csotisztitogep-4933480721\/","og_site_name":"Eurosmart - Milwaukee web\u00e1ruh\u00e1z","article_publisher":"https:\/\/www.facebook.com\/EurosmartKft","article_modified_time":"2024-02-05T10:48:54+00:00","og_image":[{"width":1000,"height":1000,"url":"https:\/\/www.eurosmart.hu\/shop\/wp-content\/uploads\/2024\/02\/4933480721.jpg","type":"image\/jpeg"}],"twitter_card":"summary_large_image","twitter_misc":{"Price":"","Availability":"On backorder"},"schema":{"@context":"https:\/\/schema.org","@graph":[{"@type":"WebPage","@id":"https:\/\/www.eurosmart.hu\/shop\/index.php\/termek\/milwaukee-m18-hsfsm-0-fuel-nagy-sebessegu-csotisztitogep-4933480721\/","url":"https:\/\/www.eurosmart.hu\/shop\/index.php\/termek\/milwaukee-m18-hsfsm-0-fuel-nagy-sebessegu-csotisztitogep-4933480721\/","name":"MILWAUKEE M18 HSFSM-0 FUEL\u2122 NAGY SEBESS\u00c9G\u0170 CS\u0150TISZT\u00cdT\u00d3G\u00c9P (4933480721) - Eurosmart - Milwaukee web\u00e1ruh\u00e1z","isPartOf":{"@id":"https:\/\/www.eurosmart.hu\/shop\/#website"},"datePublished":"2024-02-05T10:39:58+00:00","dateModified":"2024-02-05T10:48:54+00:00","breadcrumb":{"@id":"https:\/\/www.eurosmart.hu\/shop\/index.php\/termek\/milwaukee-m18-hsfsm-0-fuel-nagy-sebessegu-csotisztitogep-4933480721\/#breadcrumb"},"inLanguage":"hu","potentialAction":[{"@type":"ReadAction","target":["https:\/\/www.eurosmart.hu\/shop\/index.php\/termek\/milwaukee-m18-hsfsm-0-fuel-nagy-sebessegu-csotisztitogep-4933480721\/"]}]},{"@type":"BreadcrumbList","@id":"https:\/\/www.eurosmart.hu\/shop\/index.php\/termek\/milwaukee-m18-hsfsm-0-fuel-nagy-sebessegu-csotisztitogep-4933480721\/#breadcrumb","itemListElement":[{"@type":"ListItem","position":1,"name":"Kezd\u0151lap","item":"https:\/\/www.eurosmart.hu\/shop\/"},{"@type":"ListItem","position":2,"name":"Term\u00e9keink","item":"https:\/\/www.eurosmart.hu\/shop\/index.php\/uzlet\/"},{"@type":"ListItem","position":3,"name":"MILWAUKEE M18 HSFSM-0 FUEL\u2122 NAGY SEBESS\u00c9G\u0170 CS\u0150TISZT\u00cdT\u00d3G\u00c9P (4933480721)"}]},{"@type":"WebSite","@id":"https:\/\/www.eurosmart.hu\/shop\/#website","url":"https:\/\/www.eurosmart.hu\/shop\/","name":"Eurosmart - Milwaukee web\u00e1ruh\u00e1z","description":"Milwaukee web\u00e1ruh\u00e1z","publisher":{"@id":"https:\/\/www.eurosmart.hu\/shop\/#organization"},"potentialAction":[{"@type":"SearchAction","target":{"@type":"EntryPoint","urlTemplate":"https:\/\/www.eurosmart.hu\/shop\/?s={search_term_string}"},"query-input":"required name=search_term_string"}],"inLanguage":"hu"},{"@type":"Organization","@id":"https:\/\/www.eurosmart.hu\/shop\/#organization","name":"Eurosmart - Milwaukee web\u00e1ruh\u00e1z","url":"https:\/\/www.eurosmart.hu\/shop\/","logo":{"@type":"ImageObject","inLanguage":"hu","@id":"https:\/\/www.eurosmart.hu\/shop\/#\/schema\/logo\/image\/","url":"https:\/\/www.eurosmart.hu\/shop\/wp-content\/uploads\/2023\/10\/milwaukee-logo-1.png","contentUrl":"https:\/\/www.eurosmart.hu\/shop\/wp-content\/uploads\/2023\/10\/milwaukee-logo-1.png","width":500,"height":200,"caption":"Eurosmart - Milwaukee web\u00e1ruh\u00e1z"},"image":{"@id":"https:\/\/www.eurosmart.hu\/shop\/#\/schema\/logo\/image\/"},"sameAs":["https:\/\/www.facebook.com\/EurosmartKft"]}]},"product_price_currency":"HUF","og_availability":"backorder","product_availability":"available for order","product_retailer_item_id":"4933480721","product_condition":"new"},"_links":{"self":[{"href":"https:\/\/www.eurosmart.hu\/shop\/index.php\/wp-json\/wp\/v2\/product\/5056","targetHints":{"allow":["GET"]}}],"collection":[{"href":"https:\/\/www.eurosmart.hu\/shop\/index.php\/wp-json\/wp\/v2\/product"}],"about":[{"href":"https:\/\/www.eurosmart.hu\/shop\/index.php\/wp-json\/wp\/v2\/types\/product"}],"wp:featuredmedia":[{"embeddable":true,"href":"https:\/\/www.eurosmart.hu\/shop\/index.php\/wp-json\/wp\/v2\/media\/5057"}],"wp:attachment":[{"href":"https:\/\/www.eurosmart.hu\/shop\/index.php\/wp-json\/wp\/v2\/media?parent=5056"}],"wp:term":[{"taxonomy":"product_cat","embeddable":true,"href":"https:\/\/www.eurosmart.hu\/shop\/index.php\/wp-json\/wp\/v2\/product_cat?post=5056"},{"taxonomy":"product_tag","embeddable":true,"href":"https:\/\/www.eurosmart.hu\/shop\/index.php\/wp-json\/wp\/v2\/product_tag?post=5056"}],"curies":[{"name":"wp","href":"https:\/\/api.w.org\/{rel}","templated":true}]}}