{"id":5027,"date":"2024-01-25T15:13:01","date_gmt":"2024-01-25T15:13:01","guid":{"rendered":"https:\/\/www.eurosmart.hu\/shop\/?post_type=product&#038;p=5027"},"modified":"2024-01-25T15:18:03","modified_gmt":"2024-01-25T15:18:03","slug":"milwaukee-mxf-lsdp-301-one-key-mx-fuel-dugulaselharito-szett-powertredz-vel-4933471851","status":"publish","type":"product","link":"https:\/\/www.eurosmart.hu\/shop\/index.php\/termek\/milwaukee-mxf-lsdp-301-one-key-mx-fuel-dugulaselharito-szett-powertredz-vel-4933471851\/","title":{"rendered":"MILWAUKEE MXF LSDP-301 ONE-KEY\u2122 MX FUEL\u2122 DUGUL\u00c1SELH\u00c1R\u00cdT\u00d3 SZETT POWERTREDZ\u2122-VEL (4933471851)"},"content":{"rendered":"<h5>Tulajdons\u00e1gok:<\/h5>\n<ul class=\"ProductFeaturesTextstyles__FeatureList-fxqvf2-1 eacpVB\">\n<li class=\"ProductFeaturesTextstyles__Feature-fxqvf2-3 ggyeUS\">Az\u00a0<a href=\"https:\/\/hu.milwaukeetool.eu\/systems\/mx-fuel\/\">MX FUEL\u2122<\/a>\u00a0dugul\u00e1selh\u00e1r\u00edt\u00f3 be\u00e9p\u00edtett POWERTREDZ\u2122 technol\u00f3gi\u00e1val lehet\u0151v\u00e9 teszi az egyszem\u00e9lyes sz\u00e1ll\u00edt\u00e1st a haszong\u00e9pj\u00e1rm\u0171ben \u00e9s a l\u00e9pcs\u0151n felfel\u00e9 \u00e9s lefel\u00e9<\/li>\n<li class=\"ProductFeaturesTextstyles__Feature-fxqvf2-3 ggyeUS\">Kateg\u00f3ri\u00e1j\u00e1ban az els\u0151 akkumul\u00e1toros dugul\u00e1selh\u00e1r\u00edt\u00f3 g\u00e9p, amely MILWAUKEE\u00ae 16 mm-es \u00e9s 20 mm-es bels\u0151 magk\u00e1beleket haszn\u00e1l a 75-200 mm-es lefoly\u00f3kban, \u00e9s ak\u00e1r 60 m\u00e9ter t\u00e1vols\u00e1gig k\u00e9pes elt\u00e1vol\u00edtani a dugul\u00e1st<\/li>\n<li class=\"ProductFeaturesTextstyles__Feature-fxqvf2-3 ggyeUS\">Teljesen z\u00e1rt dob a fokozott v\u00e9delem \u00e9rdek\u00e9ben<\/li>\n<li class=\"ProductFeaturesTextstyles__Feature-fxqvf2-3 ggyeUS\">A nagy tapad\u00e1s\u00fa elektronikus l\u00e1bkapcsol\u00f3 \u00e9s az elektronikus dobf\u00e9k egy\u00fctt, nagyon gyorsan lelass\u00edtja a dobot, maxim\u00e1lis ir\u00e1ny\u00edt\u00e1st \u00e9s biztons\u00e1got ny\u00fajtva a felhaszn\u00e1l\u00f3 sz\u00e1m\u00e1ra<\/li>\n<li class=\"ProductFeaturesTextstyles__Feature-fxqvf2-3 ggyeUS\"><a href=\"https:\/\/hu.milwaukeetool.eu\/systems\/mx-fuel\/\">MX FUEL\u2122<\/a>\u00a0dob kapacit\u00e1sa 16 mm sz\u00e9les \u00e9s 30 m hossz\u00fa vagy 20 mm sz\u00e9les \u00e9s 30 m hossz\u00fa dugul\u00e1selh\u00e1r\u00edt\u00f3 k\u00e1belhez<\/li>\n<li class=\"ProductFeaturesTextstyles__Feature-fxqvf2-3 ggyeUS\">A\u00a0<a href=\"https:\/\/hu.milwaukeetool.eu\/systems\/one-key\/\">ONE-KEY\u2122<\/a>\u00a0eszk\u00f6zk\u00f6vet\u00e9s \u00e9s biztons\u00e1g ingyenes, felh\u0151alap\u00fa nyomon k\u00f6vet\u00e9si h\u00e1l\u00f3zatot \u00e9s fel\u00fcgyeleti platformot k\u00edn\u00e1l eszk\u00f6zeihez. A\u00a0<a href=\"https:\/\/hu.milwaukeetool.eu\/systems\/one-key\/\">ONE-KEY\u2122<\/a>\u00a0szint\u00e9n rendelkezik t\u00e1voli szersz\u00e1mz\u00e1r funkci\u00f3val.<\/li>\n<li class=\"ProductFeaturesTextstyles__Feature-fxqvf2-3 ggyeUS\">A FUEL\u2122 technol\u00f3gia er\u0151ss\u00e9geire \u00e9p\u00edtve az\u00a0<a href=\"https:\/\/hu.milwaukeetool.eu\/systems\/mx-fuel\/\">MX FUEL\u2122<\/a>\u00a0rendszer \u00faj szintre emeli a vezet\u00e9k n\u00e9lk\u00fcli teljes\u00edtm\u00e9nyt. Ezek a szersz\u00e1mok, amelyek a benzin\u00fczem\u0171, a vezet\u00e9kes \u00e9s a pneumatikus teljes\u00edtm\u00e9nyre \u00f6sszpontos\u00edtanak, biztos\u00edtj\u00e1k a munk\u00e1t a k\u00e1rosanyag-kibocs\u00e1t\u00e1s, a zaj, a rezg\u00e9s, \u00e9s az \u00e1tfog\u00f3 karbantart\u00e1s okozta frusztr\u00e1ci\u00f3 n\u00e9lk\u00fcl.<\/li>\n<\/ul>\n<h5>M\u0171szaki adatok:<\/h5>\n<ul>\n<li>T\u00edpus: Akkumul\u00e1toros, Li-ion, 18V<\/li>\n<li>\u00dcresj\u00e1rati fordulatsz\u00e1m (ford\/perc): 200<\/li>\n<li>Automatikus adagol\u00e1s: Igen<\/li>\n<li>Spir\u00e1l \u00e1tm\u00e9r\u0151je (mm): 20<\/li>\n<li>Spir\u00e1l hossza (m): 23<\/li>\n<li>Tiszt\u00edthat\u00f3 cs\u00f6vek \u00e1tm\u00e9r\u0151je (mm): 75-200<\/li>\n<li>S\u00faly akkumul\u00e1torral (kg): 56.6<\/li>\n<\/ul>\n","protected":false},"excerpt":{"rendered":"<p><strong>A k\u00e9szlet tartalma: <\/strong><\/p>\n<ul>\n<li>1 db MXF LSDP dugul\u00e1selh\u00e1r\u00edt\u00f3 <em>(koffer n\u00e9lk\u00fcl sz\u00e1ll\u00edtva!)<\/em><\/li>\n<li>1 db MXF CP203 3.0 Ah akkumul\u00e1tor<\/li>\n<li>1 db MXF C t\u00f6lt\u0151<\/li>\n<li>1 x 20 mm x 15,2 m bels\u0151 magk\u00e1bel, 1 x 20 mm x 7,6 m bels\u0151 magk\u00e1bel, 1 x 9 db tiszt\u00edt\u00f3fej k\u00e9szlet<\/li>\n<\/ul>\n","protected":false},"featured_media":5028,"template":"","meta":[],"product_cat":[165,174,59,229,228,89],"product_tag":[],"class_list":["post-5027","product","type-product","status-publish","has-post-thumbnail","hentry","product_cat-akkumulatoros-gepek","product_cat-akkus-lefolyotisztitok","product_cat-milwaukee","product_cat-mx-fuel-rendszer","product_cat-rendszer","product_cat-termekek"],"yoast_head":"<!-- This site is optimized with the Yoast SEO Premium plugin v21.3 (Yoast SEO v21.3) - https:\/\/yoast.com\/wordpress\/plugins\/seo\/ -->\n<title>MILWAUKEE MXF LSDP-301 ONE-KEY\u2122 MX FUEL\u2122 DUGUL\u00c1SELH\u00c1R\u00cdT\u00d3 SZETT POWERTREDZ\u2122-VEL (4933471851) - Eurosmart - Milwaukee web\u00e1ruh\u00e1z<\/title>\n<meta name=\"robots\" content=\"index, follow, max-snippet:-1, max-image-preview:large, max-video-preview:-1\" \/>\n<link rel=\"canonical\" href=\"https:\/\/www.eurosmart.hu\/shop\/index.php\/termek\/milwaukee-mxf-lsdp-301-one-key-mx-fuel-dugulaselharito-szett-powertredz-vel-4933471851\/\" \/>\n<meta property=\"og:locale\" content=\"hu_HU\" \/>\n<meta property=\"og:type\" content=\"article\" \/>\n<meta property=\"og:title\" content=\"MILWAUKEE MXF LSDP-301 ONE-KEY\u2122 MX FUEL\u2122 DUGUL\u00c1SELH\u00c1R\u00cdT\u00d3 SZETT POWERTREDZ\u2122-VEL (4933471851)\" \/>\n<meta property=\"og:description\" content=\"A k\u00e9szlet tartalma:    1 db MXF LSDP dugul\u00e1selh\u00e1r\u00edt\u00f3 (koffer n\u00e9lk\u00fcl sz\u00e1ll\u00edtva!)  1 db MXF CP203 3.0 Ah akkumul\u00e1tor  1 db MXF C t\u00f6lt\u0151  1 x 20 mm x 15,2 m bels\u0151 magk\u00e1bel, 1 x 20 mm x 7,6 m bels\u0151 magk\u00e1bel, 1 x 9 db tiszt\u00edt\u00f3fej k\u00e9szlet\" \/>\n<meta property=\"og:url\" content=\"https:\/\/www.eurosmart.hu\/shop\/index.php\/termek\/milwaukee-mxf-lsdp-301-one-key-mx-fuel-dugulaselharito-szett-powertredz-vel-4933471851\/\" \/>\n<meta property=\"og:site_name\" content=\"Eurosmart - Milwaukee web\u00e1ruh\u00e1z\" \/>\n<meta property=\"article:publisher\" content=\"https:\/\/www.facebook.com\/EurosmartKft\" \/>\n<meta property=\"article:modified_time\" content=\"2024-01-25T15:18:03+00:00\" \/>\n<meta property=\"og:image\" content=\"https:\/\/www.eurosmart.hu\/shop\/wp-content\/uploads\/2024\/01\/4933471851.webp\" \/>\n\t<meta property=\"og:image:width\" content=\"1000\" \/>\n\t<meta property=\"og:image:height\" content=\"1000\" \/>\n\t<meta property=\"og:image:type\" content=\"image\/webp\" \/>\n<meta name=\"twitter:card\" content=\"summary_large_image\" \/>\n<meta name=\"twitter:label1\" content=\"Price\" \/>\n\t<meta name=\"twitter:data1\" content=\"\" \/>\n\t<meta name=\"twitter:label2\" content=\"Availability\" \/>\n\t<meta name=\"twitter:data2\" content=\"On backorder\" \/>\n<script type=\"application\/ld+json\" class=\"yoast-schema-graph\">{\"@context\":\"https:\/\/schema.org\",\"@graph\":[{\"@type\":\"WebPage\",\"@id\":\"https:\/\/www.eurosmart.hu\/shop\/index.php\/termek\/milwaukee-mxf-lsdp-301-one-key-mx-fuel-dugulaselharito-szett-powertredz-vel-4933471851\/\",\"url\":\"https:\/\/www.eurosmart.hu\/shop\/index.php\/termek\/milwaukee-mxf-lsdp-301-one-key-mx-fuel-dugulaselharito-szett-powertredz-vel-4933471851\/\",\"name\":\"MILWAUKEE MXF LSDP-301 ONE-KEY\u2122 MX FUEL\u2122 DUGUL\u00c1SELH\u00c1R\u00cdT\u00d3 SZETT POWERTREDZ\u2122-VEL (4933471851) - Eurosmart - Milwaukee web\u00e1ruh\u00e1z\",\"isPartOf\":{\"@id\":\"https:\/\/www.eurosmart.hu\/shop\/#website\"},\"datePublished\":\"2024-01-25T15:13:01+00:00\",\"dateModified\":\"2024-01-25T15:18:03+00:00\",\"breadcrumb\":{\"@id\":\"https:\/\/www.eurosmart.hu\/shop\/index.php\/termek\/milwaukee-mxf-lsdp-301-one-key-mx-fuel-dugulaselharito-szett-powertredz-vel-4933471851\/#breadcrumb\"},\"inLanguage\":\"hu\",\"potentialAction\":[{\"@type\":\"ReadAction\",\"target\":[\"https:\/\/www.eurosmart.hu\/shop\/index.php\/termek\/milwaukee-mxf-lsdp-301-one-key-mx-fuel-dugulaselharito-szett-powertredz-vel-4933471851\/\"]}]},{\"@type\":\"BreadcrumbList\",\"@id\":\"https:\/\/www.eurosmart.hu\/shop\/index.php\/termek\/milwaukee-mxf-lsdp-301-one-key-mx-fuel-dugulaselharito-szett-powertredz-vel-4933471851\/#breadcrumb\",\"itemListElement\":[{\"@type\":\"ListItem\",\"position\":1,\"name\":\"Kezd\u0151lap\",\"item\":\"https:\/\/www.eurosmart.hu\/shop\/\"},{\"@type\":\"ListItem\",\"position\":2,\"name\":\"Term\u00e9keink\",\"item\":\"https:\/\/www.eurosmart.hu\/shop\/index.php\/uzlet\/\"},{\"@type\":\"ListItem\",\"position\":3,\"name\":\"MILWAUKEE MXF LSDP-301 ONE-KEY\u2122 MX FUEL\u2122 DUGUL\u00c1SELH\u00c1R\u00cdT\u00d3 SZETT POWERTREDZ\u2122-VEL (4933471851)\"}]},{\"@type\":\"WebSite\",\"@id\":\"https:\/\/www.eurosmart.hu\/shop\/#website\",\"url\":\"https:\/\/www.eurosmart.hu\/shop\/\",\"name\":\"Eurosmart - Milwaukee web\u00e1ruh\u00e1z\",\"description\":\"Milwaukee web\u00e1ruh\u00e1z\",\"publisher\":{\"@id\":\"https:\/\/www.eurosmart.hu\/shop\/#organization\"},\"potentialAction\":[{\"@type\":\"SearchAction\",\"target\":{\"@type\":\"EntryPoint\",\"urlTemplate\":\"https:\/\/www.eurosmart.hu\/shop\/?s={search_term_string}\"},\"query-input\":\"required name=search_term_string\"}],\"inLanguage\":\"hu\"},{\"@type\":\"Organization\",\"@id\":\"https:\/\/www.eurosmart.hu\/shop\/#organization\",\"name\":\"Eurosmart - Milwaukee web\u00e1ruh\u00e1z\",\"url\":\"https:\/\/www.eurosmart.hu\/shop\/\",\"logo\":{\"@type\":\"ImageObject\",\"inLanguage\":\"hu\",\"@id\":\"https:\/\/www.eurosmart.hu\/shop\/#\/schema\/logo\/image\/\",\"url\":\"https:\/\/www.eurosmart.hu\/shop\/wp-content\/uploads\/2023\/10\/milwaukee-logo-1.png\",\"contentUrl\":\"https:\/\/www.eurosmart.hu\/shop\/wp-content\/uploads\/2023\/10\/milwaukee-logo-1.png\",\"width\":500,\"height\":200,\"caption\":\"Eurosmart - Milwaukee web\u00e1ruh\u00e1z\"},\"image\":{\"@id\":\"https:\/\/www.eurosmart.hu\/shop\/#\/schema\/logo\/image\/\"},\"sameAs\":[\"https:\/\/www.facebook.com\/EurosmartKft\"]}]}<\/script>\n<meta property=\"product:price:amount\" content=\"0\" \/>\n<meta property=\"product:price:currency\" content=\"HUF\" \/>\n<meta property=\"og:availability\" content=\"backorder\" \/>\n<meta property=\"product:availability\" content=\"available for order\" \/>\n<meta property=\"product:retailer_item_id\" content=\"4933471851\" \/>\n<meta property=\"product:condition\" content=\"new\" \/>\n<!-- \/ Yoast SEO Premium plugin. -->","yoast_head_json":{"title":"MILWAUKEE MXF LSDP-301 ONE-KEY\u2122 MX FUEL\u2122 DUGUL\u00c1SELH\u00c1R\u00cdT\u00d3 SZETT POWERTREDZ\u2122-VEL (4933471851) - Eurosmart - Milwaukee web\u00e1ruh\u00e1z","robots":{"index":"index","follow":"follow","max-snippet":"max-snippet:-1","max-image-preview":"max-image-preview:large","max-video-preview":"max-video-preview:-1"},"canonical":"https:\/\/www.eurosmart.hu\/shop\/index.php\/termek\/milwaukee-mxf-lsdp-301-one-key-mx-fuel-dugulaselharito-szett-powertredz-vel-4933471851\/","og_locale":"hu_HU","og_type":"article","og_title":"MILWAUKEE MXF LSDP-301 ONE-KEY\u2122 MX FUEL\u2122 DUGUL\u00c1SELH\u00c1R\u00cdT\u00d3 SZETT POWERTREDZ\u2122-VEL (4933471851)","og_description":"A k\u00e9szlet tartalma:    1 db MXF LSDP dugul\u00e1selh\u00e1r\u00edt\u00f3 (koffer n\u00e9lk\u00fcl sz\u00e1ll\u00edtva!)  1 db MXF CP203 3.0 Ah akkumul\u00e1tor  1 db MXF C t\u00f6lt\u0151  1 x 20 mm x 15,2 m bels\u0151 magk\u00e1bel, 1 x 20 mm x 7,6 m bels\u0151 magk\u00e1bel, 1 x 9 db tiszt\u00edt\u00f3fej k\u00e9szlet","og_url":"https:\/\/www.eurosmart.hu\/shop\/index.php\/termek\/milwaukee-mxf-lsdp-301-one-key-mx-fuel-dugulaselharito-szett-powertredz-vel-4933471851\/","og_site_name":"Eurosmart - Milwaukee web\u00e1ruh\u00e1z","article_publisher":"https:\/\/www.facebook.com\/EurosmartKft","article_modified_time":"2024-01-25T15:18:03+00:00","og_image":[{"width":1000,"height":1000,"url":"https:\/\/www.eurosmart.hu\/shop\/wp-content\/uploads\/2024\/01\/4933471851.webp","type":"image\/webp"}],"twitter_card":"summary_large_image","twitter_misc":{"Price":"","Availability":"On backorder"},"schema":{"@context":"https:\/\/schema.org","@graph":[{"@type":"WebPage","@id":"https:\/\/www.eurosmart.hu\/shop\/index.php\/termek\/milwaukee-mxf-lsdp-301-one-key-mx-fuel-dugulaselharito-szett-powertredz-vel-4933471851\/","url":"https:\/\/www.eurosmart.hu\/shop\/index.php\/termek\/milwaukee-mxf-lsdp-301-one-key-mx-fuel-dugulaselharito-szett-powertredz-vel-4933471851\/","name":"MILWAUKEE MXF LSDP-301 ONE-KEY\u2122 MX FUEL\u2122 DUGUL\u00c1SELH\u00c1R\u00cdT\u00d3 SZETT POWERTREDZ\u2122-VEL (4933471851) - Eurosmart - Milwaukee web\u00e1ruh\u00e1z","isPartOf":{"@id":"https:\/\/www.eurosmart.hu\/shop\/#website"},"datePublished":"2024-01-25T15:13:01+00:00","dateModified":"2024-01-25T15:18:03+00:00","breadcrumb":{"@id":"https:\/\/www.eurosmart.hu\/shop\/index.php\/termek\/milwaukee-mxf-lsdp-301-one-key-mx-fuel-dugulaselharito-szett-powertredz-vel-4933471851\/#breadcrumb"},"inLanguage":"hu","potentialAction":[{"@type":"ReadAction","target":["https:\/\/www.eurosmart.hu\/shop\/index.php\/termek\/milwaukee-mxf-lsdp-301-one-key-mx-fuel-dugulaselharito-szett-powertredz-vel-4933471851\/"]}]},{"@type":"BreadcrumbList","@id":"https:\/\/www.eurosmart.hu\/shop\/index.php\/termek\/milwaukee-mxf-lsdp-301-one-key-mx-fuel-dugulaselharito-szett-powertredz-vel-4933471851\/#breadcrumb","itemListElement":[{"@type":"ListItem","position":1,"name":"Kezd\u0151lap","item":"https:\/\/www.eurosmart.hu\/shop\/"},{"@type":"ListItem","position":2,"name":"Term\u00e9keink","item":"https:\/\/www.eurosmart.hu\/shop\/index.php\/uzlet\/"},{"@type":"ListItem","position":3,"name":"MILWAUKEE MXF LSDP-301 ONE-KEY\u2122 MX FUEL\u2122 DUGUL\u00c1SELH\u00c1R\u00cdT\u00d3 SZETT POWERTREDZ\u2122-VEL (4933471851)"}]},{"@type":"WebSite","@id":"https:\/\/www.eurosmart.hu\/shop\/#website","url":"https:\/\/www.eurosmart.hu\/shop\/","name":"Eurosmart - Milwaukee web\u00e1ruh\u00e1z","description":"Milwaukee web\u00e1ruh\u00e1z","publisher":{"@id":"https:\/\/www.eurosmart.hu\/shop\/#organization"},"potentialAction":[{"@type":"SearchAction","target":{"@type":"EntryPoint","urlTemplate":"https:\/\/www.eurosmart.hu\/shop\/?s={search_term_string}"},"query-input":"required name=search_term_string"}],"inLanguage":"hu"},{"@type":"Organization","@id":"https:\/\/www.eurosmart.hu\/shop\/#organization","name":"Eurosmart - Milwaukee web\u00e1ruh\u00e1z","url":"https:\/\/www.eurosmart.hu\/shop\/","logo":{"@type":"ImageObject","inLanguage":"hu","@id":"https:\/\/www.eurosmart.hu\/shop\/#\/schema\/logo\/image\/","url":"https:\/\/www.eurosmart.hu\/shop\/wp-content\/uploads\/2023\/10\/milwaukee-logo-1.png","contentUrl":"https:\/\/www.eurosmart.hu\/shop\/wp-content\/uploads\/2023\/10\/milwaukee-logo-1.png","width":500,"height":200,"caption":"Eurosmart - Milwaukee web\u00e1ruh\u00e1z"},"image":{"@id":"https:\/\/www.eurosmart.hu\/shop\/#\/schema\/logo\/image\/"},"sameAs":["https:\/\/www.facebook.com\/EurosmartKft"]}]},"product_price_currency":"HUF","og_availability":"backorder","product_availability":"available for order","product_retailer_item_id":"4933471851","product_condition":"new"},"_links":{"self":[{"href":"https:\/\/www.eurosmart.hu\/shop\/index.php\/wp-json\/wp\/v2\/product\/5027","targetHints":{"allow":["GET"]}}],"collection":[{"href":"https:\/\/www.eurosmart.hu\/shop\/index.php\/wp-json\/wp\/v2\/product"}],"about":[{"href":"https:\/\/www.eurosmart.hu\/shop\/index.php\/wp-json\/wp\/v2\/types\/product"}],"wp:featuredmedia":[{"embeddable":true,"href":"https:\/\/www.eurosmart.hu\/shop\/index.php\/wp-json\/wp\/v2\/media\/5028"}],"wp:attachment":[{"href":"https:\/\/www.eurosmart.hu\/shop\/index.php\/wp-json\/wp\/v2\/media?parent=5027"}],"wp:term":[{"taxonomy":"product_cat","embeddable":true,"href":"https:\/\/www.eurosmart.hu\/shop\/index.php\/wp-json\/wp\/v2\/product_cat?post=5027"},{"taxonomy":"product_tag","embeddable":true,"href":"https:\/\/www.eurosmart.hu\/shop\/index.php\/wp-json\/wp\/v2\/product_tag?post=5027"}],"curies":[{"name":"wp","href":"https:\/\/api.w.org\/{rel}","templated":true}]}}