{"id":5014,"date":"2024-01-25T12:15:08","date_gmt":"2024-01-25T12:15:08","guid":{"rendered":"https:\/\/www.eurosmart.hu\/shop\/?post_type=product&#038;p=5014"},"modified":"2024-01-25T12:17:36","modified_gmt":"2024-01-25T12:17:36","slug":"milwaukee-m18-fdcpf10-201c-fuel-lefolyocsotisztito-szett-10-mm-4933459685","status":"publish","type":"product","link":"https:\/\/www.eurosmart.hu\/shop\/index.php\/termek\/milwaukee-m18-fdcpf10-201c-fuel-lefolyocsotisztito-szett-10-mm-4933459685\/","title":{"rendered":"MILWAUKEE M18 FDCPF10-201C FUEL\u2122 LEFOLY\u00d3CS\u0150TISZT\u00cdT\u00d3 SZETT 10 MM (4933459685)"},"content":{"rendered":"<h5>Tulajdons\u00e1gok:<\/h5>\n<ul class=\"ProductFeaturesTextstyles__FeatureList-fxqvf2-1 eacpVB\">\n<li class=\"ProductFeaturesTextstyles__Feature-fxqvf2-3 ggyeUS\">Kateg\u00f3ri\u00e1j\u00e1ban az els\u0151 k\u00e9zi 18 V lefoly\u00f3cs\u0151tiszt\u00edt\u00f3, automatikus el\u0151tol\u00e1ssal \u00e9s visszah\u00faz\u00e1ssal, amely mind a MILWAUKEE\u00ae, mind m\u00e1s gy\u00e1rt\u00f3k 6 mm-es, 8 mm-es \u00e9s 10 mm-es spir\u00e1ljaival haszn\u00e1lhat\u00f3, 32 mm-t\u0151l 75 mm-ig terjed\u0151 cs\u00f6vekben, legfeljebb 15 m m\u00e9lyre, kik\u00fcsz\u00f6b\u00f6lve az \u00f6sszes olyan \u00e1ram\u00fct\u00e9s vesz\u00e9ly\u00e9t, amelyet a felhaszn\u00e1l\u00f3k ma vezet\u00e9k n\u00e9lk\u00fcli eszk\u00f6zeikkel tapasztalnak<\/li>\n<li class=\"ProductFeaturesTextstyles__Feature-fxqvf2-3 ggyeUS\">A lapos talp lehet\u0151v\u00e9 teszi a felhaszn\u00e1l\u00f3 sz\u00e1m\u00e1ra, hogy letegye a szersz\u00e1mot \u00e9s az egyik kez\u00e9vel szabadon ir\u00e1ny\u00edtsa a k\u00e1belt a lefoly\u00f3ba \u00e9s ki, \u00edgy a felhaszn\u00e1l\u00f3 jobban ellen\u0151rizheti a csatorn\u00e1k elt\u00f6m\u0151d\u00e9s\u00e9t<\/li>\n<li class=\"ProductFeaturesTextstyles__Feature-fxqvf2-3 ggyeUS\">A CABLE-DRIVE reteszel\u0151 rendszer fenntartja a kiv\u00e1lasztott el\u0151tol\u00e1si sebess\u00e9get, \u00e9s automatikusan be\u00e1ll\u00edtja a kompatibilis k\u00e1belm\u00e9reteket a legjobb k\u00e1belvezet\u00e9shez a bet\u00f6lt\u00e9s \u00e9s a megmunk\u00e1l\u00e1s sor\u00e1n<\/li>\n<li class=\"ProductFeaturesTextstyles__Feature-fxqvf2-3 ggyeUS\">Teljesen z\u00e1rt dob a legjobb v\u00e9delem \u00e9s a rend fenntart\u00e1sa \u00e9rdek\u00e9ben<\/li>\n<li class=\"ProductFeaturesTextstyles__Feature-fxqvf2-3 ggyeUS\">FUEL\u2122 platformunk DNS-e \u00fajradefini\u00e1lja a vezet\u00e9k n\u00e9lk\u00fcli technol\u00f3gia egyens\u00faly\u00e1t. A MILWAUKEE\u00ae POWERSTATE\u2122 sz\u00e9nkefe n\u00e9lk\u00fcli motor, REDLITHIUM\u2122 akkumul\u00e1tor \u00e9s REDLINK PLUS\u2122 intelligens elektronika p\u00e1ratlan teljes\u00edtm\u00e9nyt, \u00fczemid\u0151t \u00e9s tart\u00f3ss\u00e1got biztos\u00edt.<\/li>\n<li class=\"ProductFeaturesTextstyles__Feature-fxqvf2-3 ggyeUS\">A LED f\u00e9ny megvil\u00e1g\u00edtja a munkafel\u00fcletet a mosd\u00f3k alatt \u00e9s m\u00e1s s\u00f6t\u00e9t helyeken<\/li>\n<li class=\"ProductFeaturesTextstyles__Feature-fxqvf2-3 ggyeUS\">Rugalmas akkumul\u00e1tor rendszerrel &#8211; MILWAUKEE\u00ae\u00a0<a href=\"https:\/\/hu.milwaukeetool.eu\/systems\/m18\/\">M18\u2122<\/a>\u00a0akkumul\u00e1torokkal m\u0171k\u00f6dik<\/li>\n<\/ul>\n<h5>M\u0171szaki adatok:<\/h5>\n<ul>\n<li>T\u00edpus: Akkumul\u00e1toros, Li-ion, 18V<\/li>\n<li>\u00dcresj\u00e1rati fordulatsz\u00e1m (ford\/perc): 0-600<\/li>\n<li>Automatikus adagol\u00e1s: Igen<\/li>\n<li>Spir\u00e1l \u00e1tm\u00e9r\u0151je (mm): 10<\/li>\n<li>Spir\u00e1l hossza (m): 10.6<\/li>\n<li>Tiszt\u00edthat\u00f3 cs\u00f6vek \u00e1tm\u00e9r\u0151je (mm): 32-75<\/li>\n<li>V\u00f6d\u00f6r kapacit\u00e1sa (L): 23<\/li>\n<li>S\u00faly akkumul\u00e1torral (kg): 6.9<\/li>\n<\/ul>\n","protected":false},"excerpt":{"rendered":"<p><strong>A k\u00e9szlet tartalma: <\/strong><\/p>\n<ul>\n<li>1 db M18 FDCPF10 lefoly\u00f3cs\u0151tiszt\u00edt\u00f3 <em>(koffer n\u00e9lk\u00fcl sz\u00e1ll\u00edtva!)<\/em><\/li>\n<li>1 db M18 B2 2.0 Ah akkumul\u00e1tor<\/li>\n<li>1 db M12-18 FC gyorst\u00f6lt\u0151<\/li>\n<li>1 db Z\u00e1rt v\u00f6d\u00f6r<\/li>\n<li>1 x 10 mm x 10.6 m k\u00e1bellel (<a href=\"https:\/\/hu.milwaukeetool.eu\/hu-hu\/buzoganyfeju-spiral-hh\/\">48532675<\/a>), 5 darabos tiszt\u00edt\u00f3fej k\u00e9szlettel (<a href=\"https:\/\/hu.milwaukeetool.eu\/hu-hu\/tisztitofej-keszlet-hh\/\">48532685<\/a>), elt\u00e1vol\u00edt\u00f3 t\u0171vel<\/li>\n<\/ul>\n","protected":false},"featured_media":5015,"template":"","meta":[],"product_cat":[165,174,230,59,228,89],"product_tag":[],"class_list":["post-5014","product","type-product","status-publish","has-post-thumbnail","hentry","product_cat-akkumulatoros-gepek","product_cat-akkus-lefolyotisztitok","product_cat-m18-rendszer","product_cat-milwaukee","product_cat-rendszer","product_cat-termekek"],"yoast_head":"<!-- This site is optimized with the Yoast SEO Premium plugin v21.3 (Yoast SEO v21.3) - https:\/\/yoast.com\/wordpress\/plugins\/seo\/ -->\n<title>MILWAUKEE M18 FDCPF10-201C FUEL\u2122 LEFOLY\u00d3CS\u0150TISZT\u00cdT\u00d3 SZETT 10 MM (4933459685) - Eurosmart - Milwaukee web\u00e1ruh\u00e1z<\/title>\n<meta name=\"robots\" content=\"index, follow, max-snippet:-1, max-image-preview:large, max-video-preview:-1\" \/>\n<link rel=\"canonical\" href=\"https:\/\/www.eurosmart.hu\/shop\/index.php\/termek\/milwaukee-m18-fdcpf10-201c-fuel-lefolyocsotisztito-szett-10-mm-4933459685\/\" \/>\n<meta property=\"og:locale\" content=\"hu_HU\" \/>\n<meta property=\"og:type\" content=\"article\" \/>\n<meta property=\"og:title\" content=\"MILWAUKEE M18 FDCPF10-201C FUEL\u2122 LEFOLY\u00d3CS\u0150TISZT\u00cdT\u00d3 SZETT 10 MM (4933459685)\" \/>\n<meta property=\"og:description\" content=\"A k\u00e9szlet tartalma:    1 db M18 FDCPF10 lefoly\u00f3cs\u0151tiszt\u00edt\u00f3 (koffer n\u00e9lk\u00fcl sz\u00e1ll\u00edtva!)  1 db M18 B2 2.0 Ah akkumul\u00e1tor  1 db M12-18 FC gyorst\u00f6lt\u0151  1 db Z\u00e1rt v\u00f6d\u00f6r  1 x 10 mm x 10.6 m k\u00e1bellel (48532675), 5 darabos tiszt\u00edt\u00f3fej k\u00e9szlettel (48532685), elt\u00e1vol\u00edt\u00f3 t\u0171vel\" \/>\n<meta property=\"og:url\" content=\"https:\/\/www.eurosmart.hu\/shop\/index.php\/termek\/milwaukee-m18-fdcpf10-201c-fuel-lefolyocsotisztito-szett-10-mm-4933459685\/\" \/>\n<meta property=\"og:site_name\" content=\"Eurosmart - Milwaukee web\u00e1ruh\u00e1z\" \/>\n<meta property=\"article:publisher\" content=\"https:\/\/www.facebook.com\/EurosmartKft\" \/>\n<meta property=\"article:modified_time\" content=\"2024-01-25T12:17:36+00:00\" \/>\n<meta property=\"og:image\" content=\"https:\/\/www.eurosmart.hu\/shop\/wp-content\/uploads\/2024\/01\/4933459685.webp\" \/>\n\t<meta property=\"og:image:width\" content=\"1000\" \/>\n\t<meta property=\"og:image:height\" content=\"1000\" \/>\n\t<meta property=\"og:image:type\" content=\"image\/webp\" \/>\n<meta name=\"twitter:card\" content=\"summary_large_image\" \/>\n<meta name=\"twitter:label1\" content=\"Price\" \/>\n\t<meta name=\"twitter:data1\" content=\"\" \/>\n\t<meta name=\"twitter:label2\" content=\"Availability\" \/>\n\t<meta name=\"twitter:data2\" content=\"On backorder\" \/>\n<script type=\"application\/ld+json\" class=\"yoast-schema-graph\">{\"@context\":\"https:\/\/schema.org\",\"@graph\":[{\"@type\":\"WebPage\",\"@id\":\"https:\/\/www.eurosmart.hu\/shop\/index.php\/termek\/milwaukee-m18-fdcpf10-201c-fuel-lefolyocsotisztito-szett-10-mm-4933459685\/\",\"url\":\"https:\/\/www.eurosmart.hu\/shop\/index.php\/termek\/milwaukee-m18-fdcpf10-201c-fuel-lefolyocsotisztito-szett-10-mm-4933459685\/\",\"name\":\"MILWAUKEE M18 FDCPF10-201C FUEL\u2122 LEFOLY\u00d3CS\u0150TISZT\u00cdT\u00d3 SZETT 10 MM (4933459685) - Eurosmart - Milwaukee web\u00e1ruh\u00e1z\",\"isPartOf\":{\"@id\":\"https:\/\/www.eurosmart.hu\/shop\/#website\"},\"datePublished\":\"2024-01-25T12:15:08+00:00\",\"dateModified\":\"2024-01-25T12:17:36+00:00\",\"breadcrumb\":{\"@id\":\"https:\/\/www.eurosmart.hu\/shop\/index.php\/termek\/milwaukee-m18-fdcpf10-201c-fuel-lefolyocsotisztito-szett-10-mm-4933459685\/#breadcrumb\"},\"inLanguage\":\"hu\",\"potentialAction\":[{\"@type\":\"ReadAction\",\"target\":[\"https:\/\/www.eurosmart.hu\/shop\/index.php\/termek\/milwaukee-m18-fdcpf10-201c-fuel-lefolyocsotisztito-szett-10-mm-4933459685\/\"]}]},{\"@type\":\"BreadcrumbList\",\"@id\":\"https:\/\/www.eurosmart.hu\/shop\/index.php\/termek\/milwaukee-m18-fdcpf10-201c-fuel-lefolyocsotisztito-szett-10-mm-4933459685\/#breadcrumb\",\"itemListElement\":[{\"@type\":\"ListItem\",\"position\":1,\"name\":\"Kezd\u0151lap\",\"item\":\"https:\/\/www.eurosmart.hu\/shop\/\"},{\"@type\":\"ListItem\",\"position\":2,\"name\":\"Term\u00e9keink\",\"item\":\"https:\/\/www.eurosmart.hu\/shop\/index.php\/uzlet\/\"},{\"@type\":\"ListItem\",\"position\":3,\"name\":\"MILWAUKEE M18 FDCPF10-201C FUEL\u2122 LEFOLY\u00d3CS\u0150TISZT\u00cdT\u00d3 SZETT 10 MM (4933459685)\"}]},{\"@type\":\"WebSite\",\"@id\":\"https:\/\/www.eurosmart.hu\/shop\/#website\",\"url\":\"https:\/\/www.eurosmart.hu\/shop\/\",\"name\":\"Eurosmart - Milwaukee web\u00e1ruh\u00e1z\",\"description\":\"Milwaukee web\u00e1ruh\u00e1z\",\"publisher\":{\"@id\":\"https:\/\/www.eurosmart.hu\/shop\/#organization\"},\"potentialAction\":[{\"@type\":\"SearchAction\",\"target\":{\"@type\":\"EntryPoint\",\"urlTemplate\":\"https:\/\/www.eurosmart.hu\/shop\/?s={search_term_string}\"},\"query-input\":\"required name=search_term_string\"}],\"inLanguage\":\"hu\"},{\"@type\":\"Organization\",\"@id\":\"https:\/\/www.eurosmart.hu\/shop\/#organization\",\"name\":\"Eurosmart - Milwaukee web\u00e1ruh\u00e1z\",\"url\":\"https:\/\/www.eurosmart.hu\/shop\/\",\"logo\":{\"@type\":\"ImageObject\",\"inLanguage\":\"hu\",\"@id\":\"https:\/\/www.eurosmart.hu\/shop\/#\/schema\/logo\/image\/\",\"url\":\"https:\/\/www.eurosmart.hu\/shop\/wp-content\/uploads\/2023\/10\/milwaukee-logo-1.png\",\"contentUrl\":\"https:\/\/www.eurosmart.hu\/shop\/wp-content\/uploads\/2023\/10\/milwaukee-logo-1.png\",\"width\":500,\"height\":200,\"caption\":\"Eurosmart - Milwaukee web\u00e1ruh\u00e1z\"},\"image\":{\"@id\":\"https:\/\/www.eurosmart.hu\/shop\/#\/schema\/logo\/image\/\"},\"sameAs\":[\"https:\/\/www.facebook.com\/EurosmartKft\"]}]}<\/script>\n<meta property=\"product:price:amount\" content=\"0\" \/>\n<meta property=\"product:price:currency\" content=\"HUF\" \/>\n<meta property=\"og:availability\" content=\"backorder\" \/>\n<meta property=\"product:availability\" content=\"available for order\" \/>\n<meta property=\"product:retailer_item_id\" content=\"4933459685\" \/>\n<meta property=\"product:condition\" content=\"new\" \/>\n<!-- \/ Yoast SEO Premium plugin. -->","yoast_head_json":{"title":"MILWAUKEE M18 FDCPF10-201C FUEL\u2122 LEFOLY\u00d3CS\u0150TISZT\u00cdT\u00d3 SZETT 10 MM (4933459685) - Eurosmart - Milwaukee web\u00e1ruh\u00e1z","robots":{"index":"index","follow":"follow","max-snippet":"max-snippet:-1","max-image-preview":"max-image-preview:large","max-video-preview":"max-video-preview:-1"},"canonical":"https:\/\/www.eurosmart.hu\/shop\/index.php\/termek\/milwaukee-m18-fdcpf10-201c-fuel-lefolyocsotisztito-szett-10-mm-4933459685\/","og_locale":"hu_HU","og_type":"article","og_title":"MILWAUKEE M18 FDCPF10-201C FUEL\u2122 LEFOLY\u00d3CS\u0150TISZT\u00cdT\u00d3 SZETT 10 MM (4933459685)","og_description":"A k\u00e9szlet tartalma:    1 db M18 FDCPF10 lefoly\u00f3cs\u0151tiszt\u00edt\u00f3 (koffer n\u00e9lk\u00fcl sz\u00e1ll\u00edtva!)  1 db M18 B2 2.0 Ah akkumul\u00e1tor  1 db M12-18 FC gyorst\u00f6lt\u0151  1 db Z\u00e1rt v\u00f6d\u00f6r  1 x 10 mm x 10.6 m k\u00e1bellel (48532675), 5 darabos tiszt\u00edt\u00f3fej k\u00e9szlettel (48532685), elt\u00e1vol\u00edt\u00f3 t\u0171vel","og_url":"https:\/\/www.eurosmart.hu\/shop\/index.php\/termek\/milwaukee-m18-fdcpf10-201c-fuel-lefolyocsotisztito-szett-10-mm-4933459685\/","og_site_name":"Eurosmart - Milwaukee web\u00e1ruh\u00e1z","article_publisher":"https:\/\/www.facebook.com\/EurosmartKft","article_modified_time":"2024-01-25T12:17:36+00:00","og_image":[{"width":1000,"height":1000,"url":"https:\/\/www.eurosmart.hu\/shop\/wp-content\/uploads\/2024\/01\/4933459685.webp","type":"image\/webp"}],"twitter_card":"summary_large_image","twitter_misc":{"Price":"","Availability":"On backorder"},"schema":{"@context":"https:\/\/schema.org","@graph":[{"@type":"WebPage","@id":"https:\/\/www.eurosmart.hu\/shop\/index.php\/termek\/milwaukee-m18-fdcpf10-201c-fuel-lefolyocsotisztito-szett-10-mm-4933459685\/","url":"https:\/\/www.eurosmart.hu\/shop\/index.php\/termek\/milwaukee-m18-fdcpf10-201c-fuel-lefolyocsotisztito-szett-10-mm-4933459685\/","name":"MILWAUKEE M18 FDCPF10-201C FUEL\u2122 LEFOLY\u00d3CS\u0150TISZT\u00cdT\u00d3 SZETT 10 MM (4933459685) - Eurosmart - Milwaukee web\u00e1ruh\u00e1z","isPartOf":{"@id":"https:\/\/www.eurosmart.hu\/shop\/#website"},"datePublished":"2024-01-25T12:15:08+00:00","dateModified":"2024-01-25T12:17:36+00:00","breadcrumb":{"@id":"https:\/\/www.eurosmart.hu\/shop\/index.php\/termek\/milwaukee-m18-fdcpf10-201c-fuel-lefolyocsotisztito-szett-10-mm-4933459685\/#breadcrumb"},"inLanguage":"hu","potentialAction":[{"@type":"ReadAction","target":["https:\/\/www.eurosmart.hu\/shop\/index.php\/termek\/milwaukee-m18-fdcpf10-201c-fuel-lefolyocsotisztito-szett-10-mm-4933459685\/"]}]},{"@type":"BreadcrumbList","@id":"https:\/\/www.eurosmart.hu\/shop\/index.php\/termek\/milwaukee-m18-fdcpf10-201c-fuel-lefolyocsotisztito-szett-10-mm-4933459685\/#breadcrumb","itemListElement":[{"@type":"ListItem","position":1,"name":"Kezd\u0151lap","item":"https:\/\/www.eurosmart.hu\/shop\/"},{"@type":"ListItem","position":2,"name":"Term\u00e9keink","item":"https:\/\/www.eurosmart.hu\/shop\/index.php\/uzlet\/"},{"@type":"ListItem","position":3,"name":"MILWAUKEE M18 FDCPF10-201C FUEL\u2122 LEFOLY\u00d3CS\u0150TISZT\u00cdT\u00d3 SZETT 10 MM (4933459685)"}]},{"@type":"WebSite","@id":"https:\/\/www.eurosmart.hu\/shop\/#website","url":"https:\/\/www.eurosmart.hu\/shop\/","name":"Eurosmart - Milwaukee web\u00e1ruh\u00e1z","description":"Milwaukee web\u00e1ruh\u00e1z","publisher":{"@id":"https:\/\/www.eurosmart.hu\/shop\/#organization"},"potentialAction":[{"@type":"SearchAction","target":{"@type":"EntryPoint","urlTemplate":"https:\/\/www.eurosmart.hu\/shop\/?s={search_term_string}"},"query-input":"required name=search_term_string"}],"inLanguage":"hu"},{"@type":"Organization","@id":"https:\/\/www.eurosmart.hu\/shop\/#organization","name":"Eurosmart - Milwaukee web\u00e1ruh\u00e1z","url":"https:\/\/www.eurosmart.hu\/shop\/","logo":{"@type":"ImageObject","inLanguage":"hu","@id":"https:\/\/www.eurosmart.hu\/shop\/#\/schema\/logo\/image\/","url":"https:\/\/www.eurosmart.hu\/shop\/wp-content\/uploads\/2023\/10\/milwaukee-logo-1.png","contentUrl":"https:\/\/www.eurosmart.hu\/shop\/wp-content\/uploads\/2023\/10\/milwaukee-logo-1.png","width":500,"height":200,"caption":"Eurosmart - Milwaukee web\u00e1ruh\u00e1z"},"image":{"@id":"https:\/\/www.eurosmart.hu\/shop\/#\/schema\/logo\/image\/"},"sameAs":["https:\/\/www.facebook.com\/EurosmartKft"]}]},"product_price_currency":"HUF","og_availability":"backorder","product_availability":"available for order","product_retailer_item_id":"4933459685","product_condition":"new"},"_links":{"self":[{"href":"https:\/\/www.eurosmart.hu\/shop\/index.php\/wp-json\/wp\/v2\/product\/5014","targetHints":{"allow":["GET"]}}],"collection":[{"href":"https:\/\/www.eurosmart.hu\/shop\/index.php\/wp-json\/wp\/v2\/product"}],"about":[{"href":"https:\/\/www.eurosmart.hu\/shop\/index.php\/wp-json\/wp\/v2\/types\/product"}],"wp:featuredmedia":[{"embeddable":true,"href":"https:\/\/www.eurosmart.hu\/shop\/index.php\/wp-json\/wp\/v2\/media\/5015"}],"wp:attachment":[{"href":"https:\/\/www.eurosmart.hu\/shop\/index.php\/wp-json\/wp\/v2\/media?parent=5014"}],"wp:term":[{"taxonomy":"product_cat","embeddable":true,"href":"https:\/\/www.eurosmart.hu\/shop\/index.php\/wp-json\/wp\/v2\/product_cat?post=5014"},{"taxonomy":"product_tag","embeddable":true,"href":"https:\/\/www.eurosmart.hu\/shop\/index.php\/wp-json\/wp\/v2\/product_tag?post=5014"}],"curies":[{"name":"wp","href":"https:\/\/api.w.org\/{rel}","templated":true}]}}