{"id":4973,"date":"2024-01-24T11:58:08","date_gmt":"2024-01-24T11:58:08","guid":{"rendered":"https:\/\/www.eurosmart.hu\/shop\/?post_type=product&#038;p=4973"},"modified":"2024-01-24T11:59:29","modified_gmt":"2024-01-24T11:59:29","slug":"milwaukee-m18-hdct-0c-force-logic-hidraulikus-kabelkrimpelo-betet-nelkul-kofferben-4933471949","status":"publish","type":"product","link":"https:\/\/www.eurosmart.hu\/shop\/index.php\/termek\/milwaukee-m18-hdct-0c-force-logic-hidraulikus-kabelkrimpelo-betet-nelkul-kofferben-4933471949\/","title":{"rendered":"MILWAUKEE M18 HDCT-0C FORCE LOGIC\u2122 HIDRAULIKUS K\u00c1BELKRIMPEL\u0150 BET\u00c9T N\u00c9LK\u00dcL KOFFERBEN (4933471949)"},"content":{"rendered":"<h5>Tulajdons\u00e1gok:<\/h5>\n<ul class=\"ProductFeaturesTextstyles__FeatureList-fxqvf2-1 dUrrwH\">\n<li class=\"ProductFeaturesTextstyles__Feature-fxqvf2-3 ggyeUS\">Az\u00a0<a href=\"https:\/\/hu.milwaukeetool.eu\/systems\/m18\/\">M18\u2122<\/a>\u00a0FORCE LOGIC\u2122 HDCT 10\u2013300 mm\u00b2-es flexibilis k\u00e1beleket krimpeli bet\u00e9tek haszn\u00e1lata n\u00e9lk\u00fcl.<\/li>\n<li class=\"ProductFeaturesTextstyles__Feature-fxqvf2-3 ggyeUS\">Az automatikus t\u00e1vols\u00e1gvez\u00e9rl\u00e9s folyamatosan m\u00e9ri a t\u00e1vols\u00e1got \u00e9s a nyom\u00e1st az egyenletes krimpel\u00e9s \u00e9rdek\u00e9ben a pr\u00e9sel\u00e9si tartom\u00e1ny minden m\u00e9ret\u00e9ben<\/li>\n<li class=\"ProductFeaturesTextstyles__Feature-fxqvf2-3 ggyeUS\">A 180\u00b0 -ban forgathat\u00f3 fej \u00e9s a k\u00f6nnyen hozz\u00e1f\u00e9rhet\u0151 retesz k\u00f6nny\u0171 be\u00e1ll\u00edt\u00e1st \u00e9s szabad felhaszn\u00e1l\u00e1st biztos\u00edt az anyag megtart\u00e1s\u00e1hoz<\/li>\n<li class=\"ProductFeaturesTextstyles__Feature-fxqvf2-3 ggyeUS\">PFM\u2122 (El\u0151rejelz\u0151 er\u0151figyel\u00e9s): a csatlakoz\u00f3nak megfelel\u0151en automatikusan m\u00f3dos\u00edtja a kimeneti teljes\u00edtm\u00e9nyt, \u00edgy mindig biztos\u00edtja az optim\u00e1lis pr\u00e9ser\u0151t, \u00e9s z\u00f6ld f\u00e9nnyel jelez<\/li>\n<li class=\"ProductFeaturesTextstyles__Feature-fxqvf2-3 ggyeUS\">A g\u00e9p megjegyzi \u00e9s t\u00e1rolja az \u00f6sszes elv\u00e9gzett krimpel\u00e9st. Lehet\u0151v\u00e9 teszi a jelent\u00e9sk\u00e9sz\u00edt\u00e9st a\u00a0<a href=\"https:\/\/hu.milwaukeetool.eu\/systems\/one-key\/\">ONE-KEY\u2122<\/a>\u00a0alkalmaz\u00e1son kereszt\u00fcl<\/li>\n<li class=\"ProductFeaturesTextstyles__Feature-fxqvf2-3 ggyeUS\">Krimpel\u00e9si m\u0171velet el\u0151tti akkuellen\u0151rz\u00e9s automatikusan biztos\u00edtja, hogy elegend\u0151 t\u00f6lt\u00e9s legyen az akkuban minden krimpel\u00e9s befejez\u00e9s\u00e9hez<\/li>\n<li class=\"ProductFeaturesTextstyles__Feature-fxqvf2-3 ggyeUS\">Ak\u00e1r 90 krimpel\u00e9s egy akkumul\u00e1tor t\u00f6lt\u00e9ssel,\u00a0<a href=\"https:\/\/hu.milwaukeetool.eu\/systems\/m18\/redlithium-ion\/\">M18\u2122 REDLITHIUM\u2122<\/a>\u00a02,0 Ah akkumul\u00e1torral<\/li>\n<li class=\"ProductFeaturesTextstyles__Feature-fxqvf2-3 ggyeUS\">Burkolt elektronika ellen\u00e1ll a mostoha k\u00f6r\u00fclm\u00e9nyeknek (szennyez\u00e9s, por, \u00e9s nedvess\u00e9g)<\/li>\n<li class=\"ProductFeaturesTextstyles__Feature-fxqvf2-3 ggyeUS\">Rugalmas akkumul\u00e1tor rendszerrel &#8211; MILWAUKEE\u00ae\u00a0<a href=\"https:\/\/hu.milwaukeetool.eu\/systems\/m18\/\">M18\u2122<\/a>\u00a0akkumul\u00e1torokkal m\u0171k\u00f6dik<\/li>\n<\/ul>\n<h5>M\u0171szaki adatok:<\/h5>\n<ul>\n<li>T\u00edpus: Akkumul\u00e1toros, Li-ion 18V<\/li>\n<li class=\"ProductSpecificationsstyles__Row-sc-1lyanq9-9 uhslJ\"><span class=\"ProductSpecificationsstyles__RowTitle-sc-1lyanq9-10 cRNhzO\">Sz\u0171k\u00edt\u00e9si tartom\u00e1ny (mm\u00b2): 10-300<\/span><\/li>\n<li>S\u00faly akkumul\u00e1torral (kg): 4.5<\/li>\n<\/ul>\n<p>&nbsp;<\/p>\n","protected":false},"excerpt":{"rendered":"<h5>A k\u00e9szlet tartalma:<\/h5>\n<ul>\n<li>1 db M18 HDCT hidraulikus k\u00e1belkrimpel\u0151 bet\u00e9t n\u00e9lk\u00fcl <em>(Akkumul\u00e1tor \u00e9s t\u00f6lt\u0151 n\u00e9lk\u00fcl sz\u00e1ll\u00edtva!)<\/em><\/li>\n<li>1 db Szersz\u00e1mkoffer<\/li>\n<\/ul>\n","protected":false},"featured_media":4974,"template":"","meta":[],"product_cat":[165,172,230,59,228,89],"product_tag":[],"class_list":["post-4973","product","type-product","status-publish","has-post-thumbnail","hentry","product_cat-akkumulatoros-gepek","product_cat-force-logic","product_cat-m18-rendszer","product_cat-milwaukee","product_cat-rendszer","product_cat-termekek"],"yoast_head":"<!-- This site is optimized with the Yoast SEO Premium plugin v21.3 (Yoast SEO v21.3) - https:\/\/yoast.com\/wordpress\/plugins\/seo\/ -->\n<title>MILWAUKEE M18 HDCT-0C FORCE LOGIC\u2122 HIDRAULIKUS K\u00c1BELKRIMPEL\u0150 BET\u00c9T N\u00c9LK\u00dcL KOFFERBEN (4933471949) - Eurosmart - Milwaukee web\u00e1ruh\u00e1z<\/title>\n<meta name=\"robots\" content=\"index, follow, max-snippet:-1, max-image-preview:large, max-video-preview:-1\" \/>\n<link rel=\"canonical\" href=\"https:\/\/www.eurosmart.hu\/shop\/index.php\/termek\/milwaukee-m18-hdct-0c-force-logic-hidraulikus-kabelkrimpelo-betet-nelkul-kofferben-4933471949\/\" \/>\n<meta property=\"og:locale\" content=\"hu_HU\" \/>\n<meta property=\"og:type\" content=\"article\" \/>\n<meta property=\"og:title\" content=\"MILWAUKEE M18 HDCT-0C FORCE LOGIC\u2122 HIDRAULIKUS K\u00c1BELKRIMPEL\u0150 BET\u00c9T N\u00c9LK\u00dcL KOFFERBEN (4933471949)\" \/>\n<meta property=\"og:description\" content=\"A k\u00e9szlet tartalma:   1 db M18 HDCT hidraulikus k\u00e1belkrimpel\u0151 bet\u00e9t n\u00e9lk\u00fcl (Akkumul\u00e1tor \u00e9s t\u00f6lt\u0151 n\u00e9lk\u00fcl sz\u00e1ll\u00edtva!)  1 db Szersz\u00e1mkoffer\" \/>\n<meta property=\"og:url\" content=\"https:\/\/www.eurosmart.hu\/shop\/index.php\/termek\/milwaukee-m18-hdct-0c-force-logic-hidraulikus-kabelkrimpelo-betet-nelkul-kofferben-4933471949\/\" \/>\n<meta property=\"og:site_name\" content=\"Eurosmart - Milwaukee web\u00e1ruh\u00e1z\" \/>\n<meta property=\"article:publisher\" content=\"https:\/\/www.facebook.com\/EurosmartKft\" \/>\n<meta property=\"article:modified_time\" content=\"2024-01-24T11:59:29+00:00\" \/>\n<meta property=\"og:image\" content=\"https:\/\/www.eurosmart.hu\/shop\/wp-content\/uploads\/2024\/01\/4933471949.webp\" \/>\n\t<meta property=\"og:image:width\" content=\"1000\" \/>\n\t<meta property=\"og:image:height\" content=\"1000\" \/>\n\t<meta property=\"og:image:type\" content=\"image\/webp\" \/>\n<meta name=\"twitter:card\" content=\"summary_large_image\" \/>\n<meta name=\"twitter:label1\" content=\"Price\" \/>\n\t<meta name=\"twitter:data1\" content=\"\" \/>\n\t<meta name=\"twitter:label2\" content=\"Availability\" \/>\n\t<meta name=\"twitter:data2\" content=\"On backorder\" \/>\n<script type=\"application\/ld+json\" class=\"yoast-schema-graph\">{\"@context\":\"https:\/\/schema.org\",\"@graph\":[{\"@type\":\"WebPage\",\"@id\":\"https:\/\/www.eurosmart.hu\/shop\/index.php\/termek\/milwaukee-m18-hdct-0c-force-logic-hidraulikus-kabelkrimpelo-betet-nelkul-kofferben-4933471949\/\",\"url\":\"https:\/\/www.eurosmart.hu\/shop\/index.php\/termek\/milwaukee-m18-hdct-0c-force-logic-hidraulikus-kabelkrimpelo-betet-nelkul-kofferben-4933471949\/\",\"name\":\"MILWAUKEE M18 HDCT-0C FORCE LOGIC\u2122 HIDRAULIKUS K\u00c1BELKRIMPEL\u0150 BET\u00c9T N\u00c9LK\u00dcL KOFFERBEN (4933471949) - Eurosmart - Milwaukee web\u00e1ruh\u00e1z\",\"isPartOf\":{\"@id\":\"https:\/\/www.eurosmart.hu\/shop\/#website\"},\"datePublished\":\"2024-01-24T11:58:08+00:00\",\"dateModified\":\"2024-01-24T11:59:29+00:00\",\"breadcrumb\":{\"@id\":\"https:\/\/www.eurosmart.hu\/shop\/index.php\/termek\/milwaukee-m18-hdct-0c-force-logic-hidraulikus-kabelkrimpelo-betet-nelkul-kofferben-4933471949\/#breadcrumb\"},\"inLanguage\":\"hu\",\"potentialAction\":[{\"@type\":\"ReadAction\",\"target\":[\"https:\/\/www.eurosmart.hu\/shop\/index.php\/termek\/milwaukee-m18-hdct-0c-force-logic-hidraulikus-kabelkrimpelo-betet-nelkul-kofferben-4933471949\/\"]}]},{\"@type\":\"BreadcrumbList\",\"@id\":\"https:\/\/www.eurosmart.hu\/shop\/index.php\/termek\/milwaukee-m18-hdct-0c-force-logic-hidraulikus-kabelkrimpelo-betet-nelkul-kofferben-4933471949\/#breadcrumb\",\"itemListElement\":[{\"@type\":\"ListItem\",\"position\":1,\"name\":\"Kezd\u0151lap\",\"item\":\"https:\/\/www.eurosmart.hu\/shop\/\"},{\"@type\":\"ListItem\",\"position\":2,\"name\":\"Term\u00e9keink\",\"item\":\"https:\/\/www.eurosmart.hu\/shop\/index.php\/uzlet\/\"},{\"@type\":\"ListItem\",\"position\":3,\"name\":\"MILWAUKEE M18 HDCT-0C FORCE LOGIC\u2122 HIDRAULIKUS K\u00c1BELKRIMPEL\u0150 BET\u00c9T N\u00c9LK\u00dcL KOFFERBEN (4933471949)\"}]},{\"@type\":\"WebSite\",\"@id\":\"https:\/\/www.eurosmart.hu\/shop\/#website\",\"url\":\"https:\/\/www.eurosmart.hu\/shop\/\",\"name\":\"Eurosmart - Milwaukee web\u00e1ruh\u00e1z\",\"description\":\"Milwaukee web\u00e1ruh\u00e1z\",\"publisher\":{\"@id\":\"https:\/\/www.eurosmart.hu\/shop\/#organization\"},\"potentialAction\":[{\"@type\":\"SearchAction\",\"target\":{\"@type\":\"EntryPoint\",\"urlTemplate\":\"https:\/\/www.eurosmart.hu\/shop\/?s={search_term_string}\"},\"query-input\":\"required name=search_term_string\"}],\"inLanguage\":\"hu\"},{\"@type\":\"Organization\",\"@id\":\"https:\/\/www.eurosmart.hu\/shop\/#organization\",\"name\":\"Eurosmart - Milwaukee web\u00e1ruh\u00e1z\",\"url\":\"https:\/\/www.eurosmart.hu\/shop\/\",\"logo\":{\"@type\":\"ImageObject\",\"inLanguage\":\"hu\",\"@id\":\"https:\/\/www.eurosmart.hu\/shop\/#\/schema\/logo\/image\/\",\"url\":\"https:\/\/www.eurosmart.hu\/shop\/wp-content\/uploads\/2023\/10\/milwaukee-logo-1.png\",\"contentUrl\":\"https:\/\/www.eurosmart.hu\/shop\/wp-content\/uploads\/2023\/10\/milwaukee-logo-1.png\",\"width\":500,\"height\":200,\"caption\":\"Eurosmart - Milwaukee web\u00e1ruh\u00e1z\"},\"image\":{\"@id\":\"https:\/\/www.eurosmart.hu\/shop\/#\/schema\/logo\/image\/\"},\"sameAs\":[\"https:\/\/www.facebook.com\/EurosmartKft\"]}]}<\/script>\n<meta property=\"product:price:amount\" content=\"0\" \/>\n<meta property=\"product:price:currency\" content=\"HUF\" \/>\n<meta property=\"og:availability\" content=\"backorder\" \/>\n<meta property=\"product:availability\" content=\"available for order\" \/>\n<meta property=\"product:retailer_item_id\" content=\"4933471949\" \/>\n<meta property=\"product:condition\" content=\"new\" \/>\n<!-- \/ Yoast SEO Premium plugin. -->","yoast_head_json":{"title":"MILWAUKEE M18 HDCT-0C FORCE LOGIC\u2122 HIDRAULIKUS K\u00c1BELKRIMPEL\u0150 BET\u00c9T N\u00c9LK\u00dcL KOFFERBEN (4933471949) - Eurosmart - Milwaukee web\u00e1ruh\u00e1z","robots":{"index":"index","follow":"follow","max-snippet":"max-snippet:-1","max-image-preview":"max-image-preview:large","max-video-preview":"max-video-preview:-1"},"canonical":"https:\/\/www.eurosmart.hu\/shop\/index.php\/termek\/milwaukee-m18-hdct-0c-force-logic-hidraulikus-kabelkrimpelo-betet-nelkul-kofferben-4933471949\/","og_locale":"hu_HU","og_type":"article","og_title":"MILWAUKEE M18 HDCT-0C FORCE LOGIC\u2122 HIDRAULIKUS K\u00c1BELKRIMPEL\u0150 BET\u00c9T N\u00c9LK\u00dcL KOFFERBEN (4933471949)","og_description":"A k\u00e9szlet tartalma:   1 db M18 HDCT hidraulikus k\u00e1belkrimpel\u0151 bet\u00e9t n\u00e9lk\u00fcl (Akkumul\u00e1tor \u00e9s t\u00f6lt\u0151 n\u00e9lk\u00fcl sz\u00e1ll\u00edtva!)  1 db Szersz\u00e1mkoffer","og_url":"https:\/\/www.eurosmart.hu\/shop\/index.php\/termek\/milwaukee-m18-hdct-0c-force-logic-hidraulikus-kabelkrimpelo-betet-nelkul-kofferben-4933471949\/","og_site_name":"Eurosmart - Milwaukee web\u00e1ruh\u00e1z","article_publisher":"https:\/\/www.facebook.com\/EurosmartKft","article_modified_time":"2024-01-24T11:59:29+00:00","og_image":[{"width":1000,"height":1000,"url":"https:\/\/www.eurosmart.hu\/shop\/wp-content\/uploads\/2024\/01\/4933471949.webp","type":"image\/webp"}],"twitter_card":"summary_large_image","twitter_misc":{"Price":"","Availability":"On backorder"},"schema":{"@context":"https:\/\/schema.org","@graph":[{"@type":"WebPage","@id":"https:\/\/www.eurosmart.hu\/shop\/index.php\/termek\/milwaukee-m18-hdct-0c-force-logic-hidraulikus-kabelkrimpelo-betet-nelkul-kofferben-4933471949\/","url":"https:\/\/www.eurosmart.hu\/shop\/index.php\/termek\/milwaukee-m18-hdct-0c-force-logic-hidraulikus-kabelkrimpelo-betet-nelkul-kofferben-4933471949\/","name":"MILWAUKEE M18 HDCT-0C FORCE LOGIC\u2122 HIDRAULIKUS K\u00c1BELKRIMPEL\u0150 BET\u00c9T N\u00c9LK\u00dcL KOFFERBEN (4933471949) - Eurosmart - Milwaukee web\u00e1ruh\u00e1z","isPartOf":{"@id":"https:\/\/www.eurosmart.hu\/shop\/#website"},"datePublished":"2024-01-24T11:58:08+00:00","dateModified":"2024-01-24T11:59:29+00:00","breadcrumb":{"@id":"https:\/\/www.eurosmart.hu\/shop\/index.php\/termek\/milwaukee-m18-hdct-0c-force-logic-hidraulikus-kabelkrimpelo-betet-nelkul-kofferben-4933471949\/#breadcrumb"},"inLanguage":"hu","potentialAction":[{"@type":"ReadAction","target":["https:\/\/www.eurosmart.hu\/shop\/index.php\/termek\/milwaukee-m18-hdct-0c-force-logic-hidraulikus-kabelkrimpelo-betet-nelkul-kofferben-4933471949\/"]}]},{"@type":"BreadcrumbList","@id":"https:\/\/www.eurosmart.hu\/shop\/index.php\/termek\/milwaukee-m18-hdct-0c-force-logic-hidraulikus-kabelkrimpelo-betet-nelkul-kofferben-4933471949\/#breadcrumb","itemListElement":[{"@type":"ListItem","position":1,"name":"Kezd\u0151lap","item":"https:\/\/www.eurosmart.hu\/shop\/"},{"@type":"ListItem","position":2,"name":"Term\u00e9keink","item":"https:\/\/www.eurosmart.hu\/shop\/index.php\/uzlet\/"},{"@type":"ListItem","position":3,"name":"MILWAUKEE M18 HDCT-0C FORCE LOGIC\u2122 HIDRAULIKUS K\u00c1BELKRIMPEL\u0150 BET\u00c9T N\u00c9LK\u00dcL KOFFERBEN (4933471949)"}]},{"@type":"WebSite","@id":"https:\/\/www.eurosmart.hu\/shop\/#website","url":"https:\/\/www.eurosmart.hu\/shop\/","name":"Eurosmart - Milwaukee web\u00e1ruh\u00e1z","description":"Milwaukee web\u00e1ruh\u00e1z","publisher":{"@id":"https:\/\/www.eurosmart.hu\/shop\/#organization"},"potentialAction":[{"@type":"SearchAction","target":{"@type":"EntryPoint","urlTemplate":"https:\/\/www.eurosmart.hu\/shop\/?s={search_term_string}"},"query-input":"required name=search_term_string"}],"inLanguage":"hu"},{"@type":"Organization","@id":"https:\/\/www.eurosmart.hu\/shop\/#organization","name":"Eurosmart - Milwaukee web\u00e1ruh\u00e1z","url":"https:\/\/www.eurosmart.hu\/shop\/","logo":{"@type":"ImageObject","inLanguage":"hu","@id":"https:\/\/www.eurosmart.hu\/shop\/#\/schema\/logo\/image\/","url":"https:\/\/www.eurosmart.hu\/shop\/wp-content\/uploads\/2023\/10\/milwaukee-logo-1.png","contentUrl":"https:\/\/www.eurosmart.hu\/shop\/wp-content\/uploads\/2023\/10\/milwaukee-logo-1.png","width":500,"height":200,"caption":"Eurosmart - Milwaukee web\u00e1ruh\u00e1z"},"image":{"@id":"https:\/\/www.eurosmart.hu\/shop\/#\/schema\/logo\/image\/"},"sameAs":["https:\/\/www.facebook.com\/EurosmartKft"]}]},"product_price_currency":"HUF","og_availability":"backorder","product_availability":"available for order","product_retailer_item_id":"4933471949","product_condition":"new"},"_links":{"self":[{"href":"https:\/\/www.eurosmart.hu\/shop\/index.php\/wp-json\/wp\/v2\/product\/4973","targetHints":{"allow":["GET"]}}],"collection":[{"href":"https:\/\/www.eurosmart.hu\/shop\/index.php\/wp-json\/wp\/v2\/product"}],"about":[{"href":"https:\/\/www.eurosmart.hu\/shop\/index.php\/wp-json\/wp\/v2\/types\/product"}],"wp:featuredmedia":[{"embeddable":true,"href":"https:\/\/www.eurosmart.hu\/shop\/index.php\/wp-json\/wp\/v2\/media\/4974"}],"wp:attachment":[{"href":"https:\/\/www.eurosmart.hu\/shop\/index.php\/wp-json\/wp\/v2\/media?parent=4973"}],"wp:term":[{"taxonomy":"product_cat","embeddable":true,"href":"https:\/\/www.eurosmart.hu\/shop\/index.php\/wp-json\/wp\/v2\/product_cat?post=4973"},{"taxonomy":"product_tag","embeddable":true,"href":"https:\/\/www.eurosmart.hu\/shop\/index.php\/wp-json\/wp\/v2\/product_tag?post=4973"}],"curies":[{"name":"wp","href":"https:\/\/api.w.org\/{rel}","templated":true}]}}