{"id":4969,"date":"2024-01-24T11:49:40","date_gmt":"2024-01-24T11:49:40","guid":{"rendered":"https:\/\/www.eurosmart.hu\/shop\/?post_type=product&#038;p=4969"},"modified":"2024-01-24T11:53:50","modified_gmt":"2024-01-24T11:53:50","slug":"milwaukee-m18-hcct-201c-force-logic-hidraulikus-kabelkrimpelo-szett-kofferben-4933451194","status":"publish","type":"product","link":"https:\/\/www.eurosmart.hu\/shop\/index.php\/termek\/milwaukee-m18-hcct-201c-force-logic-hidraulikus-kabelkrimpelo-szett-kofferben-4933451194\/","title":{"rendered":"MILWAUKEE M18 HCCT-201C FORCE LOGIC\u2122 HIDRAULIKUS K\u00c1BELKRIMPEL\u0150 SZETT KOFFERBEN (4933451194)"},"content":{"rendered":"<h5>Tulajdons\u00e1gok:<\/h5>\n<ul class=\"ProductFeaturesTextstyles__FeatureList-fxqvf2-1 dUrrwH\">\n<li class=\"ProductFeaturesTextstyles__Feature-fxqvf2-3 ggyeUS\">FORCE LOGIC\u2122 hidraulikus k\u00e1belkrimpel\u0151 53 kN er\u0151vel krimpeli a csatlakoz\u00f3kat kevesebb, mint 3 m\u00e1sodperc alatt<\/li>\n<li class=\"ProductFeaturesTextstyles__Feature-fxqvf2-3 ggyeUS\">Forradalmi kialak\u00edt\u00e1s\u00fa pofa tartja a csatlakoz\u00f3t a k\u00e1bel \u00e9s a csatlakoz\u00f3 legjobb be\u00e1ll\u00edt\u00e1sa \u00e9rdek\u00e9ben<\/li>\n<li class=\"ProductFeaturesTextstyles__Feature-fxqvf2-3 ggyeUS\">2 az 1-ben megold\u00e1s: a pr\u00e9spofa cser\u00e9lhet\u0151 CU \/ AL k\u00e1bel v\u00e1g\u00f3pof\u00e1ra<\/li>\n<li class=\"ProductFeaturesTextstyles__Feature-fxqvf2-3 ggyeUS\">Az egykezes m\u0171k\u00f6dtet\u00e9s k\u00f6vetkezt\u00e9ben a legjobban kiegyens\u00falyozott g\u00e9p, a legk\u00f6nnyebb ir\u00e1ny\u00edthat\u00f3s\u00e1g<\/li>\n<li class=\"ProductFeaturesTextstyles__Feature-fxqvf2-3 ggyeUS\">Kompakt, egyenes, karcs\u00fa pofakonstrukci\u00f3 \u00e9s 350\u00b0-kal elford\u00edthat\u00f3 fej k\u00f6nny\u0171 krimpel\u00e9seket tesz lehet\u0151v\u00e9 \u2013 sz\u0171k helyeken is<\/li>\n<li class=\"ProductFeaturesTextstyles__Feature-fxqvf2-3 ggyeUS\">PFM\u2122 (El\u0151rejelz\u0151 er\u0151figyel\u00e9s): a csatlakoz\u00f3nak megfelel\u0151en automatikusan m\u00f3dos\u00edtja a kimeneti teljes\u00edtm\u00e9nyt, \u00edgy mindig biztos\u00edtja az optim\u00e1lis pr\u00e9ser\u0151t, \u00e9s z\u00f6ld f\u00e9nnyel jelez<\/li>\n<li class=\"ProductFeaturesTextstyles__Feature-fxqvf2-3 ggyeUS\">Lehet\u0151v\u00e9 teszi csatlakoz\u00f3k krimpel\u00e9s\u00e9t ak\u00e1r 300 mm\u00b2 -ig<\/li>\n<li class=\"ProductFeaturesTextstyles__Feature-fxqvf2-3 ggyeUS\">Univerz\u00e1lis szersz\u00e1mfogad\u00e1s a piacon tal\u00e1lhat\u00f3 legszok\u00e1sosabb 60 kN szersz\u00e1mok (C szersz\u00e1mok) fogad\u00e1s\u00e1ra<\/li>\n<li class=\"ProductFeaturesTextstyles__Feature-fxqvf2-3 ggyeUS\">A g\u00e9p megjegyzi \u00e9s t\u00e1rolja az \u00f6sszes elv\u00e9gzett krimpel\u00e9st. A\u00a0<a href=\"https:\/\/hu.milwaukeetool.eu\/systems\/one-key\/\">ONE-KEY\u2122<\/a>\u00a0alkalmaz\u00e1s lehet\u0151v\u00e9 teszi a jelent\u00e9sk\u00e9sz\u00edt\u00e9st a\u00a0<a href=\"https:\/\/hu.milwaukeetool.eu\/systems\/one-key\/\">ONE-KEY\u2122<\/a>\u00a0adapteren vagy\u00a0<a href=\"https:\/\/hu.milwaukeetool.eu\/systems\/one-key\/\">ONE-KEY\u2122<\/a>\u00a0alkalmaz\u00e1son kereszt\u00fcl<\/li>\n<li class=\"ProductFeaturesTextstyles__Feature-fxqvf2-3 ggyeUS\">A\u00a0<a href=\"https:\/\/hu.milwaukeetool.eu\/systems\/one-key\/\">ONE-KEY\u2122<\/a>\u00a0eszk\u00f6zk\u00f6vet\u00e9s \u00e9s biztons\u00e1g ingyenes, felh\u0151alap\u00fa nyomon k\u00f6vet\u00e9si h\u00e1l\u00f3zatot \u00e9s fel\u00fcgyeleti platformot k\u00edn\u00e1l eszk\u00f6zeihez. A\u00a0<a href=\"https:\/\/hu.milwaukeetool.eu\/systems\/one-key\/\">ONE-KEY\u2122<\/a>\u00a0szint\u00e9n rendelkezik t\u00e1voli szersz\u00e1mz\u00e1r funkci\u00f3val.<\/li>\n<li class=\"ProductFeaturesTextstyles__Feature-fxqvf2-3 ggyeUS\">Az el\u0151nyom\u00e1sos akkumul\u00e1tortesztel\u00e9s biztos\u00edtja az elegend\u0151 t\u00f6lt\u00e9st a kiv\u00e1l\u00f3 krimpel\u00e9shez<\/li>\n<li class=\"ProductFeaturesTextstyles__Feature-fxqvf2-3 ggyeUS\">Burkolt elektronika ellen\u00e1ll a mostoha k\u00f6r\u00fclm\u00e9nyeknek (szennyez\u00e9s, por, \u00e9s nedvess\u00e9g)<\/li>\n<li class=\"ProductFeaturesTextstyles__Feature-fxqvf2-3 ggyeUS\">A sz\u00e9nkefe n\u00e9lk\u00fcli motor, a REDLITHIUM\u2122 akkumul\u00e1tor \u00e9s a REDLINK\u2122 elektronika biztos\u00edtja a teljes\u00edtm\u00e9nyt, m\u0171k\u00f6d\u00e9si id\u0151t \u00e9s tart\u00f3ss\u00e1got.<\/li>\n<li class=\"ProductFeaturesTextstyles__Feature-fxqvf2-3 ggyeUS\">Rugalmas akkumul\u00e1tor rendszerrel &#8211; MILWAUKEE\u00ae\u00a0<a href=\"https:\/\/hu.milwaukeetool.eu\/systems\/m18\/\">M18\u2122<\/a>\u00a0akkumul\u00e1torokkal m\u0171k\u00f6dik<\/li>\n<\/ul>\n<h5>M\u0171szaki adatok:<\/h5>\n<ul>\n<li>T\u00edpus: Akkumul\u00e1toros, Li-ion 18V<\/li>\n<li class=\"ProductSpecificationsstyles__Row-sc-1lyanq9-9 uhslJ\"><span class=\"ProductSpecificationsstyles__RowTitle-sc-1lyanq9-10 cRNhzO\">Max. pr\u00e9sel\u00e9si nyom\u00e1s (KN): 53<\/span><\/li>\n<li class=\"ProductSpecificationsstyles__Row-sc-1lyanq9-9 uhslJ\">Pr\u00e9sel\u00e9si tartom\u00e1ny: 30000<\/li>\n<li>S\u00faly akkumul\u00e1torral (kg): 3.7<\/li>\n<\/ul>\n<p>&nbsp;<\/p>\n","protected":false},"excerpt":{"rendered":"<h5>A k\u00e9szlet tartalma:<\/h5>\n<ul>\n<li>1 db M18 HCCT hidraulikus k\u00e1belkrimpel\u0151<\/li>\n<li>1 db M18 B2 2.0 Ah akkumul\u00e1tor<\/li>\n<li>1 db M12-M18C intelligens t\u00f6lt\u0151<\/li>\n<li>krimpel\u0151 fog\u00f3 pofa<\/li>\n<li>1 db Szersz\u00e1mkoffer<\/li>\n<\/ul>\n","protected":false},"featured_media":4970,"template":"","meta":[],"product_cat":[165,172,230,59,228,89],"product_tag":[],"class_list":["post-4969","product","type-product","status-publish","has-post-thumbnail","hentry","product_cat-akkumulatoros-gepek","product_cat-force-logic","product_cat-m18-rendszer","product_cat-milwaukee","product_cat-rendszer","product_cat-termekek"],"yoast_head":"<!-- This site is optimized with the Yoast SEO Premium plugin v21.3 (Yoast SEO v21.3) - https:\/\/yoast.com\/wordpress\/plugins\/seo\/ -->\n<title>MILWAUKEE M18 HCCT-201C FORCE LOGIC\u2122 HIDRAULIKUS K\u00c1BELKRIMPEL\u0150 SZETT KOFFERBEN (4933451194) - Eurosmart - Milwaukee web\u00e1ruh\u00e1z<\/title>\n<meta name=\"robots\" content=\"index, follow, max-snippet:-1, max-image-preview:large, max-video-preview:-1\" \/>\n<link rel=\"canonical\" href=\"https:\/\/www.eurosmart.hu\/shop\/index.php\/termek\/milwaukee-m18-hcct-201c-force-logic-hidraulikus-kabelkrimpelo-szett-kofferben-4933451194\/\" \/>\n<meta property=\"og:locale\" content=\"hu_HU\" \/>\n<meta property=\"og:type\" content=\"article\" \/>\n<meta property=\"og:title\" content=\"MILWAUKEE M18 HCCT-201C FORCE LOGIC\u2122 HIDRAULIKUS K\u00c1BELKRIMPEL\u0150 SZETT KOFFERBEN (4933451194)\" \/>\n<meta property=\"og:description\" content=\"A k\u00e9szlet tartalma:   1 db M18 HCCT hidraulikus k\u00e1belkrimpel\u0151  1 db M18 B2 2.0 Ah akkumul\u00e1tor  1 db M12-M18C intelligens t\u00f6lt\u0151  krimpel\u0151 fog\u00f3 pofa  1 db Szersz\u00e1mkoffer\" \/>\n<meta property=\"og:url\" content=\"https:\/\/www.eurosmart.hu\/shop\/index.php\/termek\/milwaukee-m18-hcct-201c-force-logic-hidraulikus-kabelkrimpelo-szett-kofferben-4933451194\/\" \/>\n<meta property=\"og:site_name\" content=\"Eurosmart - Milwaukee web\u00e1ruh\u00e1z\" \/>\n<meta property=\"article:publisher\" content=\"https:\/\/www.facebook.com\/EurosmartKft\" \/>\n<meta property=\"article:modified_time\" content=\"2024-01-24T11:53:50+00:00\" \/>\n<meta property=\"og:image\" content=\"https:\/\/www.eurosmart.hu\/shop\/wp-content\/uploads\/2024\/01\/4933451194.webp\" \/>\n\t<meta property=\"og:image:width\" content=\"1000\" \/>\n\t<meta property=\"og:image:height\" content=\"1000\" \/>\n\t<meta property=\"og:image:type\" content=\"image\/webp\" \/>\n<meta name=\"twitter:card\" content=\"summary_large_image\" \/>\n<meta name=\"twitter:label1\" content=\"Price\" \/>\n\t<meta name=\"twitter:data1\" content=\"\" \/>\n\t<meta name=\"twitter:label2\" content=\"Availability\" \/>\n\t<meta name=\"twitter:data2\" content=\"On backorder\" \/>\n<script type=\"application\/ld+json\" class=\"yoast-schema-graph\">{\"@context\":\"https:\/\/schema.org\",\"@graph\":[{\"@type\":\"WebPage\",\"@id\":\"https:\/\/www.eurosmart.hu\/shop\/index.php\/termek\/milwaukee-m18-hcct-201c-force-logic-hidraulikus-kabelkrimpelo-szett-kofferben-4933451194\/\",\"url\":\"https:\/\/www.eurosmart.hu\/shop\/index.php\/termek\/milwaukee-m18-hcct-201c-force-logic-hidraulikus-kabelkrimpelo-szett-kofferben-4933451194\/\",\"name\":\"MILWAUKEE M18 HCCT-201C FORCE LOGIC\u2122 HIDRAULIKUS K\u00c1BELKRIMPEL\u0150 SZETT KOFFERBEN (4933451194) - Eurosmart - Milwaukee web\u00e1ruh\u00e1z\",\"isPartOf\":{\"@id\":\"https:\/\/www.eurosmart.hu\/shop\/#website\"},\"datePublished\":\"2024-01-24T11:49:40+00:00\",\"dateModified\":\"2024-01-24T11:53:50+00:00\",\"breadcrumb\":{\"@id\":\"https:\/\/www.eurosmart.hu\/shop\/index.php\/termek\/milwaukee-m18-hcct-201c-force-logic-hidraulikus-kabelkrimpelo-szett-kofferben-4933451194\/#breadcrumb\"},\"inLanguage\":\"hu\",\"potentialAction\":[{\"@type\":\"ReadAction\",\"target\":[\"https:\/\/www.eurosmart.hu\/shop\/index.php\/termek\/milwaukee-m18-hcct-201c-force-logic-hidraulikus-kabelkrimpelo-szett-kofferben-4933451194\/\"]}]},{\"@type\":\"BreadcrumbList\",\"@id\":\"https:\/\/www.eurosmart.hu\/shop\/index.php\/termek\/milwaukee-m18-hcct-201c-force-logic-hidraulikus-kabelkrimpelo-szett-kofferben-4933451194\/#breadcrumb\",\"itemListElement\":[{\"@type\":\"ListItem\",\"position\":1,\"name\":\"Kezd\u0151lap\",\"item\":\"https:\/\/www.eurosmart.hu\/shop\/\"},{\"@type\":\"ListItem\",\"position\":2,\"name\":\"Term\u00e9keink\",\"item\":\"https:\/\/www.eurosmart.hu\/shop\/index.php\/uzlet\/\"},{\"@type\":\"ListItem\",\"position\":3,\"name\":\"MILWAUKEE M18 HCCT-201C FORCE LOGIC\u2122 HIDRAULIKUS K\u00c1BELKRIMPEL\u0150 SZETT KOFFERBEN (4933451194)\"}]},{\"@type\":\"WebSite\",\"@id\":\"https:\/\/www.eurosmart.hu\/shop\/#website\",\"url\":\"https:\/\/www.eurosmart.hu\/shop\/\",\"name\":\"Eurosmart - Milwaukee web\u00e1ruh\u00e1z\",\"description\":\"Milwaukee web\u00e1ruh\u00e1z\",\"publisher\":{\"@id\":\"https:\/\/www.eurosmart.hu\/shop\/#organization\"},\"potentialAction\":[{\"@type\":\"SearchAction\",\"target\":{\"@type\":\"EntryPoint\",\"urlTemplate\":\"https:\/\/www.eurosmart.hu\/shop\/?s={search_term_string}\"},\"query-input\":\"required name=search_term_string\"}],\"inLanguage\":\"hu\"},{\"@type\":\"Organization\",\"@id\":\"https:\/\/www.eurosmart.hu\/shop\/#organization\",\"name\":\"Eurosmart - Milwaukee web\u00e1ruh\u00e1z\",\"url\":\"https:\/\/www.eurosmart.hu\/shop\/\",\"logo\":{\"@type\":\"ImageObject\",\"inLanguage\":\"hu\",\"@id\":\"https:\/\/www.eurosmart.hu\/shop\/#\/schema\/logo\/image\/\",\"url\":\"https:\/\/www.eurosmart.hu\/shop\/wp-content\/uploads\/2023\/10\/milwaukee-logo-1.png\",\"contentUrl\":\"https:\/\/www.eurosmart.hu\/shop\/wp-content\/uploads\/2023\/10\/milwaukee-logo-1.png\",\"width\":500,\"height\":200,\"caption\":\"Eurosmart - Milwaukee web\u00e1ruh\u00e1z\"},\"image\":{\"@id\":\"https:\/\/www.eurosmart.hu\/shop\/#\/schema\/logo\/image\/\"},\"sameAs\":[\"https:\/\/www.facebook.com\/EurosmartKft\"]}]}<\/script>\n<meta property=\"product:price:amount\" content=\"0\" \/>\n<meta property=\"product:price:currency\" content=\"HUF\" \/>\n<meta property=\"og:availability\" content=\"backorder\" \/>\n<meta property=\"product:availability\" content=\"available for order\" \/>\n<meta property=\"product:retailer_item_id\" content=\"4933451194\" \/>\n<meta property=\"product:condition\" content=\"new\" \/>\n<!-- \/ Yoast SEO Premium plugin. -->","yoast_head_json":{"title":"MILWAUKEE M18 HCCT-201C FORCE LOGIC\u2122 HIDRAULIKUS K\u00c1BELKRIMPEL\u0150 SZETT KOFFERBEN (4933451194) - Eurosmart - Milwaukee web\u00e1ruh\u00e1z","robots":{"index":"index","follow":"follow","max-snippet":"max-snippet:-1","max-image-preview":"max-image-preview:large","max-video-preview":"max-video-preview:-1"},"canonical":"https:\/\/www.eurosmart.hu\/shop\/index.php\/termek\/milwaukee-m18-hcct-201c-force-logic-hidraulikus-kabelkrimpelo-szett-kofferben-4933451194\/","og_locale":"hu_HU","og_type":"article","og_title":"MILWAUKEE M18 HCCT-201C FORCE LOGIC\u2122 HIDRAULIKUS K\u00c1BELKRIMPEL\u0150 SZETT KOFFERBEN (4933451194)","og_description":"A k\u00e9szlet tartalma:   1 db M18 HCCT hidraulikus k\u00e1belkrimpel\u0151  1 db M18 B2 2.0 Ah akkumul\u00e1tor  1 db M12-M18C intelligens t\u00f6lt\u0151  krimpel\u0151 fog\u00f3 pofa  1 db Szersz\u00e1mkoffer","og_url":"https:\/\/www.eurosmart.hu\/shop\/index.php\/termek\/milwaukee-m18-hcct-201c-force-logic-hidraulikus-kabelkrimpelo-szett-kofferben-4933451194\/","og_site_name":"Eurosmart - Milwaukee web\u00e1ruh\u00e1z","article_publisher":"https:\/\/www.facebook.com\/EurosmartKft","article_modified_time":"2024-01-24T11:53:50+00:00","og_image":[{"width":1000,"height":1000,"url":"https:\/\/www.eurosmart.hu\/shop\/wp-content\/uploads\/2024\/01\/4933451194.webp","type":"image\/webp"}],"twitter_card":"summary_large_image","twitter_misc":{"Price":"","Availability":"On backorder"},"schema":{"@context":"https:\/\/schema.org","@graph":[{"@type":"WebPage","@id":"https:\/\/www.eurosmart.hu\/shop\/index.php\/termek\/milwaukee-m18-hcct-201c-force-logic-hidraulikus-kabelkrimpelo-szett-kofferben-4933451194\/","url":"https:\/\/www.eurosmart.hu\/shop\/index.php\/termek\/milwaukee-m18-hcct-201c-force-logic-hidraulikus-kabelkrimpelo-szett-kofferben-4933451194\/","name":"MILWAUKEE M18 HCCT-201C FORCE LOGIC\u2122 HIDRAULIKUS K\u00c1BELKRIMPEL\u0150 SZETT KOFFERBEN (4933451194) - Eurosmart - Milwaukee web\u00e1ruh\u00e1z","isPartOf":{"@id":"https:\/\/www.eurosmart.hu\/shop\/#website"},"datePublished":"2024-01-24T11:49:40+00:00","dateModified":"2024-01-24T11:53:50+00:00","breadcrumb":{"@id":"https:\/\/www.eurosmart.hu\/shop\/index.php\/termek\/milwaukee-m18-hcct-201c-force-logic-hidraulikus-kabelkrimpelo-szett-kofferben-4933451194\/#breadcrumb"},"inLanguage":"hu","potentialAction":[{"@type":"ReadAction","target":["https:\/\/www.eurosmart.hu\/shop\/index.php\/termek\/milwaukee-m18-hcct-201c-force-logic-hidraulikus-kabelkrimpelo-szett-kofferben-4933451194\/"]}]},{"@type":"BreadcrumbList","@id":"https:\/\/www.eurosmart.hu\/shop\/index.php\/termek\/milwaukee-m18-hcct-201c-force-logic-hidraulikus-kabelkrimpelo-szett-kofferben-4933451194\/#breadcrumb","itemListElement":[{"@type":"ListItem","position":1,"name":"Kezd\u0151lap","item":"https:\/\/www.eurosmart.hu\/shop\/"},{"@type":"ListItem","position":2,"name":"Term\u00e9keink","item":"https:\/\/www.eurosmart.hu\/shop\/index.php\/uzlet\/"},{"@type":"ListItem","position":3,"name":"MILWAUKEE M18 HCCT-201C FORCE LOGIC\u2122 HIDRAULIKUS K\u00c1BELKRIMPEL\u0150 SZETT KOFFERBEN (4933451194)"}]},{"@type":"WebSite","@id":"https:\/\/www.eurosmart.hu\/shop\/#website","url":"https:\/\/www.eurosmart.hu\/shop\/","name":"Eurosmart - Milwaukee web\u00e1ruh\u00e1z","description":"Milwaukee web\u00e1ruh\u00e1z","publisher":{"@id":"https:\/\/www.eurosmart.hu\/shop\/#organization"},"potentialAction":[{"@type":"SearchAction","target":{"@type":"EntryPoint","urlTemplate":"https:\/\/www.eurosmart.hu\/shop\/?s={search_term_string}"},"query-input":"required name=search_term_string"}],"inLanguage":"hu"},{"@type":"Organization","@id":"https:\/\/www.eurosmart.hu\/shop\/#organization","name":"Eurosmart - Milwaukee web\u00e1ruh\u00e1z","url":"https:\/\/www.eurosmart.hu\/shop\/","logo":{"@type":"ImageObject","inLanguage":"hu","@id":"https:\/\/www.eurosmart.hu\/shop\/#\/schema\/logo\/image\/","url":"https:\/\/www.eurosmart.hu\/shop\/wp-content\/uploads\/2023\/10\/milwaukee-logo-1.png","contentUrl":"https:\/\/www.eurosmart.hu\/shop\/wp-content\/uploads\/2023\/10\/milwaukee-logo-1.png","width":500,"height":200,"caption":"Eurosmart - Milwaukee web\u00e1ruh\u00e1z"},"image":{"@id":"https:\/\/www.eurosmart.hu\/shop\/#\/schema\/logo\/image\/"},"sameAs":["https:\/\/www.facebook.com\/EurosmartKft"]}]},"product_price_currency":"HUF","og_availability":"backorder","product_availability":"available for order","product_retailer_item_id":"4933451194","product_condition":"new"},"_links":{"self":[{"href":"https:\/\/www.eurosmart.hu\/shop\/index.php\/wp-json\/wp\/v2\/product\/4969","targetHints":{"allow":["GET"]}}],"collection":[{"href":"https:\/\/www.eurosmart.hu\/shop\/index.php\/wp-json\/wp\/v2\/product"}],"about":[{"href":"https:\/\/www.eurosmart.hu\/shop\/index.php\/wp-json\/wp\/v2\/types\/product"}],"wp:featuredmedia":[{"embeddable":true,"href":"https:\/\/www.eurosmart.hu\/shop\/index.php\/wp-json\/wp\/v2\/media\/4970"}],"wp:attachment":[{"href":"https:\/\/www.eurosmart.hu\/shop\/index.php\/wp-json\/wp\/v2\/media?parent=4969"}],"wp:term":[{"taxonomy":"product_cat","embeddable":true,"href":"https:\/\/www.eurosmart.hu\/shop\/index.php\/wp-json\/wp\/v2\/product_cat?post=4969"},{"taxonomy":"product_tag","embeddable":true,"href":"https:\/\/www.eurosmart.hu\/shop\/index.php\/wp-json\/wp\/v2\/product_tag?post=4969"}],"curies":[{"name":"wp","href":"https:\/\/api.w.org\/{rel}","templated":true}]}}