{"id":4942,"date":"2024-01-23T14:27:10","date_gmt":"2024-01-23T14:27:10","guid":{"rendered":"https:\/\/www.eurosmart.hu\/shop\/?post_type=product&#038;p=4942"},"modified":"2024-01-23T14:28:24","modified_gmt":"2024-01-23T14:28:24","slug":"milwaukee-m18-oneblhpt-302c-force-logic-one-key-szenkefe-nelkuli-hidraulikus-pres-szett-kofferben-4933478306","status":"publish","type":"product","link":"https:\/\/www.eurosmart.hu\/shop\/index.php\/termek\/milwaukee-m18-oneblhpt-302c-force-logic-one-key-szenkefe-nelkuli-hidraulikus-pres-szett-kofferben-4933478306\/","title":{"rendered":"MILWAUKEE M18 ONEBLHPT-302C FORCE LOGIC\u2122 ONE-KEY\u2122 SZ\u00c9NKEFE N\u00c9LK\u00dcLI HIDRAULIKUS PR\u00c9S SZETT KOFFERBEN (4933478306)"},"content":{"rendered":"<h5>Tulajdons\u00e1gok:<\/h5>\n<ul class=\"ProductFeaturesTextstyles__FeatureList-fxqvf2-1 eacpVB\">\n<li class=\"ProductFeaturesTextstyles__Feature-fxqvf2-3 ggyeUS\">A FORCE LOGIC\u2122 pr\u00e9sszersz\u00e1mok kompakt, sz\u00e9nkefe n\u00e9lk\u00fcli motorja 10%-kal gyorsabb csatlakoz\u00e1st \u00e9s 20%-kal t\u00f6bb \u00fczemid\u0151t biztos\u00edt<\/li>\n<li class=\"ProductFeaturesTextstyles__Feature-fxqvf2-3 ggyeUS\">FORCE LOGIC\u2122 pr\u00e9skijelz\u0151<\/li>\n<li class=\"ProductFeaturesTextstyles__Feature-fxqvf2-3 ggyeUS\">Egykezes m\u0171k\u00f6dtet\u00e9s\u0171 szersz\u00e1m fej feletti alkalmaz\u00e1sokhoz \u00e9s sz\u0171k terekben val\u00f3 munkav\u00e9gz\u00e9shez<\/li>\n<li class=\"ProductFeaturesTextstyles__Feature-fxqvf2-3 ggyeUS\">Az eszk\u00f6z r\u00f6gz\u00edti \u00e9s elt\u00e1rolja az \u00f6sszes v\u00e9grehajtott pr\u00e9sel\u00e9st. A\u00a0<a href=\"https:\/\/hu.milwaukeetool.eu\/systems\/one-key\/\">ONE-KEY\u2122<\/a>\u00a0enged\u00e9lyezve van a professzion\u00e1lis jelent\u00e9sk\u00e9sz\u00edt\u00e9shez a\u00a0<a href=\"https:\/\/hu.milwaukeetool.eu\/systems\/one-key\/\">ONE-KEY\u2122<\/a>\u00a0alkalmaz\u00e1son vagy a\u00a0<a href=\"https:\/\/hu.milwaukeetool.eu\/systems\/one-key\/\">ONE-KEY\u2122<\/a>\u00a0b\u00f6ng\u00e9sz\u0151 verzi\u00f3n kereszt\u00fcl<\/li>\n<li class=\"ProductFeaturesTextstyles__Feature-fxqvf2-3 ggyeUS\">A\u00a0<a href=\"https:\/\/hu.milwaukeetool.eu\/systems\/one-key\/\">ONE-KEY\u2122<\/a>\u00a0eszk\u00f6zk\u00f6vet\u00e9s \u00e9s biztons\u00e1g olyan felh\u0151alap\u00fa k\u00e9szletfel\u00fcgyeleti platformot k\u00edn\u00e1l, mely t\u00e1mogatja a helymeghat\u00e1roz\u00e1st \u00e9s a lop\u00e1s megel\u0151z\u00e9s\u00e9t is<\/li>\n<li class=\"ProductFeaturesTextstyles__Feature-fxqvf2-3 ggyeUS\">FORCE LOGIC\u2122 hossz\u00fa \u00e9lettartam\u00fa megb\u00edzhat\u00f3s\u00e1g: a 3 \u00e9ves karbantart\u00e1si intervallumon bel\u00fcl nincs pr\u00e9sel\u00e9si ciklus korl\u00e1toz\u00e1s<\/li>\n<li class=\"ProductFeaturesTextstyles__Feature-fxqvf2-3 ggyeUS\">Ak\u00e1r 108 mm \u00e1tm\u00e9r\u0151j\u0171 f\u00e9mcs\u00f6vekkel \u00e9s 110 mm \u00e1tm\u00e9r\u0151j\u0171 kompozit cs\u00f6vekkel is haszn\u00e1lhat\u00f3 pr\u00e9srendszer<\/li>\n<li class=\"ProductFeaturesTextstyles__Feature-fxqvf2-3 ggyeUS\">Univerz\u00e1lis befog\u00e1s, a piacon el\u00e9rhet\u0151 legt\u00f6bb pr\u00e9spof\u00e1hoz haszn\u00e1lhat\u00f3<\/li>\n<li class=\"ProductFeaturesTextstyles__Feature-fxqvf2-3 ggyeUS\">Az automatikus ciklus funkci\u00f3 biztos\u00edtja, hogy minden pr\u00e9scsatlakoz\u00e1ssal a teljes pr\u00e9sel\u00e9si ciklus befejez\u0151djen<\/li>\n<li class=\"ProductFeaturesTextstyles__Feature-fxqvf2-3 ggyeUS\">Akkumul\u00e1tor \u2013 szersz\u00e1m kommunik\u00e1ci\u00f3: a pr\u00e9sg\u00e9p az akkumul\u00e1tor alacsony t\u00f6lt\u00f6tts\u00e9g\u00e9n\u00e9l megg\u00e1tolja a g\u00e9p indul\u00e1s\u00e1t, ezzel elker\u00fclhet\u0151 a nem megfelel\u0151, be nem fejezett pr\u00e9sel\u00e9s<\/li>\n<li class=\"ProductFeaturesTextstyles__Feature-fxqvf2-3 ggyeUS\">REDLINK\u2122 egyedi cellafigyel\u0151 rendszer optimaliz\u00e1lja a m\u0171k\u00f6d\u00e9si id\u0151t \u00e9s biztos\u00edtja az akkumul\u00e1tor hossz\u00fa \u00e9lettartam\u00e1t<\/li>\n<li class=\"ProductFeaturesTextstyles__Feature-fxqvf2-3 ggyeUS\">Rugalmas akkumul\u00e1tor rendszerrel &#8211; MILWAUKEE\u00ae\u00a0<a href=\"https:\/\/hu.milwaukeetool.eu\/systems\/m18\/\">M18\u2122<\/a>\u00a0akkumul\u00e1torokkal m\u0171k\u00f6dik<\/li>\n<\/ul>\n<h5>M\u0171szaki adatok:<\/h5>\n<ul>\n<li>T\u00edpus: Akkumul\u00e1toros, Li-ion 18V<\/li>\n<li>Max. pr\u00e9sel\u00e9si nyom\u00e1s (KN): 32<\/li>\n<li>Max. sajtol\u00e1si m\u00e9ret f\u00e9mbe (mm): 108<\/li>\n<li>Max. sajtol\u00e1si m\u00e9ret m\u0171anyagba (mm): 110<\/li>\n<li>Pr\u00e9sel\u00e9si tartom\u00e1ny: 40000<\/li>\n<li>S\u00faly akkumul\u00e1torral (kg): 2.9<\/li>\n<\/ul>\n","protected":false},"excerpt":{"rendered":"<p><strong>A k\u00e9szlet tartalma:\u00a0<\/strong><\/p>\n<ul>\n<li>1 db M18 ONEBLHPT sz\u00e9nkefe n\u00e9lk\u00fcli hidraulikus pr\u00e9s<\/li>\n<li>2 db M18 HB3 3.0 Ah akkumul\u00e1tor<\/li>\n<li>1 db M12-18 FC gyorst\u00f6lt\u0151<\/li>\n<li>1 db Szersz\u00e1mkoffer<\/li>\n<\/ul>\n<div id=\"gtx-trans\" style=\"position: absolute; left: 29px; top: 102px;\">\n<div class=\"gtx-trans-icon\"><\/div>\n<\/div>\n","protected":false},"featured_media":4941,"template":"","meta":[],"product_cat":[165,172,230,59,228,89],"product_tag":[],"class_list":["post-4942","product","type-product","status-publish","has-post-thumbnail","hentry","product_cat-akkumulatoros-gepek","product_cat-force-logic","product_cat-m18-rendszer","product_cat-milwaukee","product_cat-rendszer","product_cat-termekek"],"yoast_head":"<!-- This site is optimized with the Yoast SEO Premium plugin v21.3 (Yoast SEO v21.3) - https:\/\/yoast.com\/wordpress\/plugins\/seo\/ -->\n<title>MILWAUKEE M18 ONEBLHPT-302C FORCE LOGIC\u2122 ONE-KEY\u2122 SZ\u00c9NKEFE N\u00c9LK\u00dcLI HIDRAULIKUS PR\u00c9S SZETT KOFFERBEN (4933478306) - Eurosmart - Milwaukee web\u00e1ruh\u00e1z<\/title>\n<meta name=\"robots\" content=\"index, follow, max-snippet:-1, max-image-preview:large, max-video-preview:-1\" \/>\n<link rel=\"canonical\" href=\"https:\/\/www.eurosmart.hu\/shop\/index.php\/termek\/milwaukee-m18-oneblhpt-302c-force-logic-one-key-szenkefe-nelkuli-hidraulikus-pres-szett-kofferben-4933478306\/\" \/>\n<meta property=\"og:locale\" content=\"hu_HU\" \/>\n<meta property=\"og:type\" content=\"article\" \/>\n<meta property=\"og:title\" content=\"MILWAUKEE M18 ONEBLHPT-302C FORCE LOGIC\u2122 ONE-KEY\u2122 SZ\u00c9NKEFE N\u00c9LK\u00dcLI HIDRAULIKUS PR\u00c9S SZETT KOFFERBEN (4933478306)\" \/>\n<meta property=\"og:description\" content=\"A k\u00e9szlet tartalma:\u00a0   1 db M18 ONEBLHPT sz\u00e9nkefe n\u00e9lk\u00fcli hidraulikus pr\u00e9s  2 db M18 HB3 3.0 Ah akkumul\u00e1tor  1 db M12-18 FC gyorst\u00f6lt\u0151  1 db Szersz\u00e1mkoffer\" \/>\n<meta property=\"og:url\" content=\"https:\/\/www.eurosmart.hu\/shop\/index.php\/termek\/milwaukee-m18-oneblhpt-302c-force-logic-one-key-szenkefe-nelkuli-hidraulikus-pres-szett-kofferben-4933478306\/\" \/>\n<meta property=\"og:site_name\" content=\"Eurosmart - Milwaukee web\u00e1ruh\u00e1z\" \/>\n<meta property=\"article:publisher\" content=\"https:\/\/www.facebook.com\/EurosmartKft\" \/>\n<meta property=\"article:modified_time\" content=\"2024-01-23T14:28:24+00:00\" \/>\n<meta property=\"og:image\" content=\"https:\/\/www.eurosmart.hu\/shop\/wp-content\/uploads\/2024\/01\/4933478306.webp\" \/>\n\t<meta property=\"og:image:width\" content=\"1000\" \/>\n\t<meta property=\"og:image:height\" content=\"1000\" \/>\n\t<meta property=\"og:image:type\" content=\"image\/webp\" \/>\n<meta name=\"twitter:card\" content=\"summary_large_image\" \/>\n<meta name=\"twitter:label1\" content=\"Price\" \/>\n\t<meta name=\"twitter:data1\" content=\"\" \/>\n\t<meta name=\"twitter:label2\" content=\"Availability\" \/>\n\t<meta name=\"twitter:data2\" content=\"On backorder\" \/>\n<script type=\"application\/ld+json\" class=\"yoast-schema-graph\">{\"@context\":\"https:\/\/schema.org\",\"@graph\":[{\"@type\":\"WebPage\",\"@id\":\"https:\/\/www.eurosmart.hu\/shop\/index.php\/termek\/milwaukee-m18-oneblhpt-302c-force-logic-one-key-szenkefe-nelkuli-hidraulikus-pres-szett-kofferben-4933478306\/\",\"url\":\"https:\/\/www.eurosmart.hu\/shop\/index.php\/termek\/milwaukee-m18-oneblhpt-302c-force-logic-one-key-szenkefe-nelkuli-hidraulikus-pres-szett-kofferben-4933478306\/\",\"name\":\"MILWAUKEE M18 ONEBLHPT-302C FORCE LOGIC\u2122 ONE-KEY\u2122 SZ\u00c9NKEFE N\u00c9LK\u00dcLI HIDRAULIKUS PR\u00c9S SZETT KOFFERBEN (4933478306) - Eurosmart - Milwaukee web\u00e1ruh\u00e1z\",\"isPartOf\":{\"@id\":\"https:\/\/www.eurosmart.hu\/shop\/#website\"},\"datePublished\":\"2024-01-23T14:27:10+00:00\",\"dateModified\":\"2024-01-23T14:28:24+00:00\",\"breadcrumb\":{\"@id\":\"https:\/\/www.eurosmart.hu\/shop\/index.php\/termek\/milwaukee-m18-oneblhpt-302c-force-logic-one-key-szenkefe-nelkuli-hidraulikus-pres-szett-kofferben-4933478306\/#breadcrumb\"},\"inLanguage\":\"hu\",\"potentialAction\":[{\"@type\":\"ReadAction\",\"target\":[\"https:\/\/www.eurosmart.hu\/shop\/index.php\/termek\/milwaukee-m18-oneblhpt-302c-force-logic-one-key-szenkefe-nelkuli-hidraulikus-pres-szett-kofferben-4933478306\/\"]}]},{\"@type\":\"BreadcrumbList\",\"@id\":\"https:\/\/www.eurosmart.hu\/shop\/index.php\/termek\/milwaukee-m18-oneblhpt-302c-force-logic-one-key-szenkefe-nelkuli-hidraulikus-pres-szett-kofferben-4933478306\/#breadcrumb\",\"itemListElement\":[{\"@type\":\"ListItem\",\"position\":1,\"name\":\"Kezd\u0151lap\",\"item\":\"https:\/\/www.eurosmart.hu\/shop\/\"},{\"@type\":\"ListItem\",\"position\":2,\"name\":\"Term\u00e9keink\",\"item\":\"https:\/\/www.eurosmart.hu\/shop\/index.php\/uzlet\/\"},{\"@type\":\"ListItem\",\"position\":3,\"name\":\"MILWAUKEE M18 ONEBLHPT-302C FORCE LOGIC\u2122 ONE-KEY\u2122 SZ\u00c9NKEFE N\u00c9LK\u00dcLI HIDRAULIKUS PR\u00c9S SZETT KOFFERBEN (4933478306)\"}]},{\"@type\":\"WebSite\",\"@id\":\"https:\/\/www.eurosmart.hu\/shop\/#website\",\"url\":\"https:\/\/www.eurosmart.hu\/shop\/\",\"name\":\"Eurosmart - Milwaukee web\u00e1ruh\u00e1z\",\"description\":\"Milwaukee web\u00e1ruh\u00e1z\",\"publisher\":{\"@id\":\"https:\/\/www.eurosmart.hu\/shop\/#organization\"},\"potentialAction\":[{\"@type\":\"SearchAction\",\"target\":{\"@type\":\"EntryPoint\",\"urlTemplate\":\"https:\/\/www.eurosmart.hu\/shop\/?s={search_term_string}\"},\"query-input\":\"required name=search_term_string\"}],\"inLanguage\":\"hu\"},{\"@type\":\"Organization\",\"@id\":\"https:\/\/www.eurosmart.hu\/shop\/#organization\",\"name\":\"Eurosmart - Milwaukee web\u00e1ruh\u00e1z\",\"url\":\"https:\/\/www.eurosmart.hu\/shop\/\",\"logo\":{\"@type\":\"ImageObject\",\"inLanguage\":\"hu\",\"@id\":\"https:\/\/www.eurosmart.hu\/shop\/#\/schema\/logo\/image\/\",\"url\":\"https:\/\/www.eurosmart.hu\/shop\/wp-content\/uploads\/2023\/10\/milwaukee-logo-1.png\",\"contentUrl\":\"https:\/\/www.eurosmart.hu\/shop\/wp-content\/uploads\/2023\/10\/milwaukee-logo-1.png\",\"width\":500,\"height\":200,\"caption\":\"Eurosmart - Milwaukee web\u00e1ruh\u00e1z\"},\"image\":{\"@id\":\"https:\/\/www.eurosmart.hu\/shop\/#\/schema\/logo\/image\/\"},\"sameAs\":[\"https:\/\/www.facebook.com\/EurosmartKft\"]}]}<\/script>\n<meta property=\"product:price:amount\" content=\"0\" \/>\n<meta property=\"product:price:currency\" content=\"HUF\" \/>\n<meta property=\"og:availability\" content=\"backorder\" \/>\n<meta property=\"product:availability\" content=\"available for order\" \/>\n<meta property=\"product:retailer_item_id\" content=\"4933478306\" \/>\n<meta property=\"product:condition\" content=\"new\" \/>\n<!-- \/ Yoast SEO Premium plugin. -->","yoast_head_json":{"title":"MILWAUKEE M18 ONEBLHPT-302C FORCE LOGIC\u2122 ONE-KEY\u2122 SZ\u00c9NKEFE N\u00c9LK\u00dcLI HIDRAULIKUS PR\u00c9S SZETT KOFFERBEN (4933478306) - Eurosmart - Milwaukee web\u00e1ruh\u00e1z","robots":{"index":"index","follow":"follow","max-snippet":"max-snippet:-1","max-image-preview":"max-image-preview:large","max-video-preview":"max-video-preview:-1"},"canonical":"https:\/\/www.eurosmart.hu\/shop\/index.php\/termek\/milwaukee-m18-oneblhpt-302c-force-logic-one-key-szenkefe-nelkuli-hidraulikus-pres-szett-kofferben-4933478306\/","og_locale":"hu_HU","og_type":"article","og_title":"MILWAUKEE M18 ONEBLHPT-302C FORCE LOGIC\u2122 ONE-KEY\u2122 SZ\u00c9NKEFE N\u00c9LK\u00dcLI HIDRAULIKUS PR\u00c9S SZETT KOFFERBEN (4933478306)","og_description":"A k\u00e9szlet tartalma:\u00a0   1 db M18 ONEBLHPT sz\u00e9nkefe n\u00e9lk\u00fcli hidraulikus pr\u00e9s  2 db M18 HB3 3.0 Ah akkumul\u00e1tor  1 db M12-18 FC gyorst\u00f6lt\u0151  1 db Szersz\u00e1mkoffer","og_url":"https:\/\/www.eurosmart.hu\/shop\/index.php\/termek\/milwaukee-m18-oneblhpt-302c-force-logic-one-key-szenkefe-nelkuli-hidraulikus-pres-szett-kofferben-4933478306\/","og_site_name":"Eurosmart - Milwaukee web\u00e1ruh\u00e1z","article_publisher":"https:\/\/www.facebook.com\/EurosmartKft","article_modified_time":"2024-01-23T14:28:24+00:00","og_image":[{"width":1000,"height":1000,"url":"https:\/\/www.eurosmart.hu\/shop\/wp-content\/uploads\/2024\/01\/4933478306.webp","type":"image\/webp"}],"twitter_card":"summary_large_image","twitter_misc":{"Price":"","Availability":"On backorder"},"schema":{"@context":"https:\/\/schema.org","@graph":[{"@type":"WebPage","@id":"https:\/\/www.eurosmart.hu\/shop\/index.php\/termek\/milwaukee-m18-oneblhpt-302c-force-logic-one-key-szenkefe-nelkuli-hidraulikus-pres-szett-kofferben-4933478306\/","url":"https:\/\/www.eurosmart.hu\/shop\/index.php\/termek\/milwaukee-m18-oneblhpt-302c-force-logic-one-key-szenkefe-nelkuli-hidraulikus-pres-szett-kofferben-4933478306\/","name":"MILWAUKEE M18 ONEBLHPT-302C FORCE LOGIC\u2122 ONE-KEY\u2122 SZ\u00c9NKEFE N\u00c9LK\u00dcLI HIDRAULIKUS PR\u00c9S SZETT KOFFERBEN (4933478306) - Eurosmart - Milwaukee web\u00e1ruh\u00e1z","isPartOf":{"@id":"https:\/\/www.eurosmart.hu\/shop\/#website"},"datePublished":"2024-01-23T14:27:10+00:00","dateModified":"2024-01-23T14:28:24+00:00","breadcrumb":{"@id":"https:\/\/www.eurosmart.hu\/shop\/index.php\/termek\/milwaukee-m18-oneblhpt-302c-force-logic-one-key-szenkefe-nelkuli-hidraulikus-pres-szett-kofferben-4933478306\/#breadcrumb"},"inLanguage":"hu","potentialAction":[{"@type":"ReadAction","target":["https:\/\/www.eurosmart.hu\/shop\/index.php\/termek\/milwaukee-m18-oneblhpt-302c-force-logic-one-key-szenkefe-nelkuli-hidraulikus-pres-szett-kofferben-4933478306\/"]}]},{"@type":"BreadcrumbList","@id":"https:\/\/www.eurosmart.hu\/shop\/index.php\/termek\/milwaukee-m18-oneblhpt-302c-force-logic-one-key-szenkefe-nelkuli-hidraulikus-pres-szett-kofferben-4933478306\/#breadcrumb","itemListElement":[{"@type":"ListItem","position":1,"name":"Kezd\u0151lap","item":"https:\/\/www.eurosmart.hu\/shop\/"},{"@type":"ListItem","position":2,"name":"Term\u00e9keink","item":"https:\/\/www.eurosmart.hu\/shop\/index.php\/uzlet\/"},{"@type":"ListItem","position":3,"name":"MILWAUKEE M18 ONEBLHPT-302C FORCE LOGIC\u2122 ONE-KEY\u2122 SZ\u00c9NKEFE N\u00c9LK\u00dcLI HIDRAULIKUS PR\u00c9S SZETT KOFFERBEN (4933478306)"}]},{"@type":"WebSite","@id":"https:\/\/www.eurosmart.hu\/shop\/#website","url":"https:\/\/www.eurosmart.hu\/shop\/","name":"Eurosmart - Milwaukee web\u00e1ruh\u00e1z","description":"Milwaukee web\u00e1ruh\u00e1z","publisher":{"@id":"https:\/\/www.eurosmart.hu\/shop\/#organization"},"potentialAction":[{"@type":"SearchAction","target":{"@type":"EntryPoint","urlTemplate":"https:\/\/www.eurosmart.hu\/shop\/?s={search_term_string}"},"query-input":"required name=search_term_string"}],"inLanguage":"hu"},{"@type":"Organization","@id":"https:\/\/www.eurosmart.hu\/shop\/#organization","name":"Eurosmart - Milwaukee web\u00e1ruh\u00e1z","url":"https:\/\/www.eurosmart.hu\/shop\/","logo":{"@type":"ImageObject","inLanguage":"hu","@id":"https:\/\/www.eurosmart.hu\/shop\/#\/schema\/logo\/image\/","url":"https:\/\/www.eurosmart.hu\/shop\/wp-content\/uploads\/2023\/10\/milwaukee-logo-1.png","contentUrl":"https:\/\/www.eurosmart.hu\/shop\/wp-content\/uploads\/2023\/10\/milwaukee-logo-1.png","width":500,"height":200,"caption":"Eurosmart - Milwaukee web\u00e1ruh\u00e1z"},"image":{"@id":"https:\/\/www.eurosmart.hu\/shop\/#\/schema\/logo\/image\/"},"sameAs":["https:\/\/www.facebook.com\/EurosmartKft"]}]},"product_price_currency":"HUF","og_availability":"backorder","product_availability":"available for order","product_retailer_item_id":"4933478306","product_condition":"new"},"_links":{"self":[{"href":"https:\/\/www.eurosmart.hu\/shop\/index.php\/wp-json\/wp\/v2\/product\/4942","targetHints":{"allow":["GET"]}}],"collection":[{"href":"https:\/\/www.eurosmart.hu\/shop\/index.php\/wp-json\/wp\/v2\/product"}],"about":[{"href":"https:\/\/www.eurosmart.hu\/shop\/index.php\/wp-json\/wp\/v2\/types\/product"}],"wp:featuredmedia":[{"embeddable":true,"href":"https:\/\/www.eurosmart.hu\/shop\/index.php\/wp-json\/wp\/v2\/media\/4941"}],"wp:attachment":[{"href":"https:\/\/www.eurosmart.hu\/shop\/index.php\/wp-json\/wp\/v2\/media?parent=4942"}],"wp:term":[{"taxonomy":"product_cat","embeddable":true,"href":"https:\/\/www.eurosmart.hu\/shop\/index.php\/wp-json\/wp\/v2\/product_cat?post=4942"},{"taxonomy":"product_tag","embeddable":true,"href":"https:\/\/www.eurosmart.hu\/shop\/index.php\/wp-json\/wp\/v2\/product_tag?post=4942"}],"curies":[{"name":"wp","href":"https:\/\/api.w.org\/{rel}","templated":true}]}}