{"id":4894,"date":"2024-01-23T09:38:22","date_gmt":"2024-01-23T09:38:22","guid":{"rendered":"https:\/\/www.eurosmart.hu\/shop\/?post_type=product&#038;p=4894"},"modified":"2024-01-23T09:42:36","modified_gmt":"2024-01-23T09:42:36","slug":"milwaukee-m18-onepp2a3-502x-fuel-one-key-erocsomag-2x50ah-hd-kofferben-4933493244","status":"publish","type":"product","link":"https:\/\/www.eurosmart.hu\/shop\/index.php\/termek\/milwaukee-m18-onepp2a3-502x-fuel-one-key-erocsomag-2x50ah-hd-kofferben-4933493244\/","title":{"rendered":"MILWAUKEE M18 ONEPP2A3-502X FUEL\u2122 ONE-KEY\u2122 ER\u0150CSOMAG 2X5,0Ah HD KOFFERBEN (4933493244)"},"content":{"rendered":"<h5>M18 ONEPD3 FUEL\u2122 ONE-KEY\u2122 \u00dcTVEF\u00daR\u00d3-CSAVAROZ\u00d3<\/h5>\n<ul>\n<li class=\"ProductFeaturesTextstyles__Feature-fxqvf2-3 ggyeUS\">Nagyobb teljes\u00edtm\u00e9ny terhel\u00e9s alatt &#8211; kiemelked\u0151, 158 Nm nyomat\u00e9k<\/li>\n<li class=\"ProductFeaturesTextstyles__Feature-fxqvf2-3 ggyeUS\">Rendk\u00edv\u00fcl kompakt, 175 mm hossz\u00fa kialak\u00edt\u00e1s sz\u0171k helyeken v\u00e9gzett feladatokhoz<\/li>\n<li class=\"ProductFeaturesTextstyles__Feature-fxqvf2-3 ggyeUS\">Csatlakozzon Bluetooth\u00ae eszk\u00f6z\u00f6n kereszt\u00fcl a\u00a0<a href=\"https:\/\/hu.milwaukeetool.eu\/systems\/one-key\/\">ONE-KEY\u2122<\/a>\u00a0alkalmaz\u00e1shoz<\/li>\n<li class=\"ProductFeaturesTextstyles__Feature-fxqvf2-3 ggyeUS\">Ak\u00e1r 3 egy\u00e9ni be\u00e1ll\u00edt\u00e1st is elmenthet a szersz\u00e1mmem\u00f3ri\u00e1ba a gyors kiv\u00e1laszt\u00e1shoz a munkater\u00fcleten<\/li>\n<li class=\"ProductFeaturesTextstyles__Feature-fxqvf2-3 ggyeUS\">A\u00a0<a href=\"https:\/\/hu.milwaukeetool.eu\/systems\/one-key\/\">ONE-KEY\u2122<\/a>\u00a0eszk\u00f6zk\u00f6vet\u00e9s \u00e9s biztons\u00e1g ingyenes, felh\u0151alap\u00fa nyomon k\u00f6vet\u00e9si h\u00e1l\u00f3zatot \u00e9s fel\u00fcgyeleti platformot k\u00edn\u00e1l eszk\u00f6zeihez. A\u00a0<a href=\"https:\/\/hu.milwaukeetool.eu\/systems\/one-key\/\">ONE-KEY\u2122<\/a>\u00a0szint\u00e9n rendelkezik t\u00e1voli szersz\u00e1mz\u00e1r funkci\u00f3val.<\/li>\n<li class=\"ProductFeaturesTextstyles__Feature-fxqvf2-3 ggyeUS\">\u00c1ll\u00edthat\u00f3 kapcsol\u00f3 vez\u00e9rl\u00e9s minden alkalmaz\u00e1shoz a\u00a0<a href=\"https:\/\/hu.milwaukeetool.eu\/systems\/one-key\/\">ONE-KEY\u2122<\/a>\u00a0seg\u00edts\u00e9g\u00e9vel<\/li>\n<li class=\"ProductFeaturesTextstyles__Feature-fxqvf2-3 ggyeUS\">Konfigur\u00e1lja b\u00e1rmilyen alkalmaz\u00e1shoz, optim\u00e1lis szersz\u00e1mbe\u00e1ll\u00edt\u00e1sokat v\u00e1lasztva az ism\u00e9telhet\u0151 pontoss\u00e1g \u00e9rdek\u00e9ben<\/li>\n<li class=\"ProductFeaturesTextstyles__Feature-fxqvf2-3 ggyeUS\">Szab\u00e1lyozhatja a fordulatsz\u00e1mot, a nyomat\u00e9kot, a kezd\u0151- \u00e9s v\u00e9gsebess\u00e9get, a visszar\u00fag\u00e1s-g\u00e1tl\u00f3 funkci\u00f3kat \u00e9s a LED-et<\/li>\n<li class=\"ProductFeaturesTextstyles__Feature-fxqvf2-3 ggyeUS\">Teljesen megford\u00edthat\u00f3 f\u00e9m \u00f6vcsipesz a szersz\u00e1m gyors \u00e9s egyszer\u0171 felakaszt\u00e1s\u00e1hoz<\/li>\n<li class=\"ProductFeaturesTextstyles__Feature-fxqvf2-3 ggyeUS\">Rugalmas akkumul\u00e1tor rendszerrel &#8211; MILWAUKEE\u00ae<a href=\"https:\/\/hu.milwaukeetool.eu\/systems\/m18\/\">M18\u2122<\/a>\u00a0akkumul\u00e1torokkal m\u0171k\u00f6dik<\/li>\n<\/ul>\n<h5>M18 ONEID3 FUEL\u2122 ONE-KEY\u2122 1\/4&#8243; HEX \u00dcTVECSAVAROZ\u00d3<\/h5>\n<ul>\n<li class=\"ProductFeaturesTextstyles__Feature-fxqvf2-3 ggyeUS\">Ak\u00e1r 3 egy\u00e9ni be\u00e1ll\u00edt\u00e1st is elmenthet a szersz\u00e1mmem\u00f3ri\u00e1ba a gyors kiv\u00e1laszt\u00e1shoz a munkater\u00fcleten<\/li>\n<li class=\"ProductFeaturesTextstyles__Feature-fxqvf2-3 ggyeUS\">Csatlakozzon Bluetooth\u00ae eszk\u00f6z\u00f6n kereszt\u00fcl a ONE-KEY \u2122alkalmaz\u00e1son kereszt\u00fcl<\/li>\n<li class=\"ProductFeaturesTextstyles__Feature-fxqvf2-3 ggyeUS\">Magasabb fordulatsz\u00e1m a kor\u00e1bbi modellhez k\u00e9pest, ak\u00e1r 3900 ford.\/perc \u00e9s 4400 \u00fct\u00e9s\/perc<\/li>\n<li class=\"ProductFeaturesTextstyles__Feature-fxqvf2-3 ggyeUS\">Rendk\u00edv\u00fcl kompakt, 113 mm hossz\u00fa kialak\u00edt\u00e1s sz\u0171k helyeken t\u00f6rt\u00e9n\u0151 munkav\u00e9gz\u00e9shez<\/li>\n<li class=\"ProductFeaturesTextstyles__Feature-fxqvf2-3 ggyeUS\">\u00c1ll\u00edthat\u00f3 kapcsol\u00f3 vez\u00e9rl\u00e9s minden alkalmaz\u00e1shoz a\u00a0<a href=\"https:\/\/hu.milwaukeetool.eu\/systems\/one-key\/\">ONE-KEY\u2122<\/a>\u00a0seg\u00edts\u00e9g\u00e9vel<\/li>\n<li class=\"ProductFeaturesTextstyles__Feature-fxqvf2-3 ggyeUS\">Konfigur\u00e1lja b\u00e1rmilyen alkalmaz\u00e1shoz, optim\u00e1lis szersz\u00e1mbe\u00e1ll\u00edt\u00e1sokat v\u00e1lasztva az ism\u00e9telhet\u0151 pontoss\u00e1g \u00e9rdek\u00e9ben<\/li>\n<li class=\"ProductFeaturesTextstyles__Feature-fxqvf2-3 ggyeUS\">Vez\u00e9rl\u00e9si sebess\u00e9g, nyomat\u00e9k, \u00fct\u00e9sek, ind\u00edt\u00e1si \u00e9s befejez\u00e9si sebess\u00e9gek, visszar\u00fag\u00e1sg\u00e1tl\u00f3 funkci\u00f3k \u00e9s LED<\/li>\n<li class=\"ProductFeaturesTextstyles__Feature-fxqvf2-3 ggyeUS\">Teljesen megford\u00edthat\u00f3 f\u00e9m \u00f6vcsipesz a szersz\u00e1m gyors \u00e9s egyszer\u0171 felakaszt\u00e1s\u00e1hoz<\/li>\n<li class=\"ProductFeaturesTextstyles__Feature-fxqvf2-3 ggyeUS\">Profilok ment\u00e9se az alkalmaz\u00e1sspecifikus, megism\u00e9telhet\u0151 pontoss\u00e1g \u00e9rdek\u00e9ben<\/li>\n<li class=\"ProductFeaturesTextstyles__Feature-fxqvf2-3 ggyeUS\">Rugalmas akkumul\u00e1tor rendszerrel &#8211; MILWAUKEE\u00ae\u00a0<a href=\"https:\/\/hu.milwaukeetool.eu\/systems\/m18\/\">M18\u2122<\/a>\u00a0akkumul\u00e1torokkal m\u0171k\u00f6dik<\/li>\n<\/ul>\n","protected":false},"excerpt":{"rendered":"<p><strong>A k\u00e9szlet tartalma:<\/strong><\/p>\n<ul>\n<li>1 db M18 ONEPD3 FUEL\u2122 ONE-KEY\u2122 \u00dcTVEF\u00daR\u00d3-CSAVAROZ\u00d3<\/li>\n<li>1 db M18 ONEID3 FUEL\u2122 ONE-KEY\u2122 1\/4&#8243; HEX \u00dcTVECSAVAROZ\u00d3<\/li>\n<li>2 db M18 B5 5.0 Ah akkumul\u00e1tor<\/li>\n<li>1 db M12-18 FC gyorst\u00f6lt\u0151<\/li>\n<li>1 db Heavy Duty koffer<\/li>\n<\/ul>\n","protected":false},"featured_media":4895,"template":"","meta":[],"product_cat":[165,171,230,59,228,89],"product_tag":[],"class_list":["post-4894","product","type-product","status-publish","has-post-thumbnail","hentry","product_cat-akkumulatoros-gepek","product_cat-akkus-erocsomagok","product_cat-m18-rendszer","product_cat-milwaukee","product_cat-rendszer","product_cat-termekek"],"yoast_head":"<!-- This site is optimized with the Yoast SEO Premium plugin v21.3 (Yoast SEO v21.3) - https:\/\/yoast.com\/wordpress\/plugins\/seo\/ -->\n<title>MILWAUKEE M18 ONEPP2A3-502X FUEL\u2122 ONE-KEY\u2122 ER\u0150CSOMAG 2X5,0Ah HD KOFFERBEN (4933493244) - Eurosmart - Milwaukee web\u00e1ruh\u00e1z<\/title>\n<meta name=\"robots\" content=\"index, follow, max-snippet:-1, max-image-preview:large, max-video-preview:-1\" \/>\n<link rel=\"canonical\" href=\"https:\/\/www.eurosmart.hu\/shop\/index.php\/termek\/milwaukee-m18-onepp2a3-502x-fuel-one-key-erocsomag-2x50ah-hd-kofferben-4933493244\/\" \/>\n<meta property=\"og:locale\" content=\"hu_HU\" \/>\n<meta property=\"og:type\" content=\"article\" \/>\n<meta property=\"og:title\" content=\"MILWAUKEE M18 ONEPP2A3-502X FUEL\u2122 ONE-KEY\u2122 ER\u0150CSOMAG 2X5,0Ah HD KOFFERBEN (4933493244)\" \/>\n<meta property=\"og:description\" content=\"A k\u00e9szlet tartalma:   1 db M18 ONEPD3 FUEL\u2122 ONE-KEY\u2122 \u00dcTVEF\u00daR\u00d3-CSAVAROZ\u00d3  1 db M18 ONEID3 FUEL\u2122 ONE-KEY\u2122 1\/4&quot; HEX \u00dcTVECSAVAROZ\u00d3  2 db M18 B5 5.0 Ah akkumul\u00e1tor  1 db M12-18 FC gyorst\u00f6lt\u0151  1 db Heavy Duty koffer\" \/>\n<meta property=\"og:url\" content=\"https:\/\/www.eurosmart.hu\/shop\/index.php\/termek\/milwaukee-m18-onepp2a3-502x-fuel-one-key-erocsomag-2x50ah-hd-kofferben-4933493244\/\" \/>\n<meta property=\"og:site_name\" content=\"Eurosmart - Milwaukee web\u00e1ruh\u00e1z\" \/>\n<meta property=\"article:publisher\" content=\"https:\/\/www.facebook.com\/EurosmartKft\" \/>\n<meta property=\"article:modified_time\" content=\"2024-01-23T09:42:36+00:00\" \/>\n<meta property=\"og:image\" content=\"https:\/\/www.eurosmart.hu\/shop\/wp-content\/uploads\/2024\/01\/4933493244.jpg\" \/>\n\t<meta property=\"og:image:width\" content=\"1000\" \/>\n\t<meta property=\"og:image:height\" content=\"1000\" \/>\n\t<meta property=\"og:image:type\" content=\"image\/jpeg\" \/>\n<meta name=\"twitter:card\" content=\"summary_large_image\" \/>\n<meta name=\"twitter:label1\" content=\"Price\" \/>\n\t<meta name=\"twitter:data1\" content=\"\" \/>\n\t<meta name=\"twitter:label2\" content=\"Availability\" \/>\n\t<meta name=\"twitter:data2\" content=\"On backorder\" \/>\n<script type=\"application\/ld+json\" class=\"yoast-schema-graph\">{\"@context\":\"https:\/\/schema.org\",\"@graph\":[{\"@type\":\"WebPage\",\"@id\":\"https:\/\/www.eurosmart.hu\/shop\/index.php\/termek\/milwaukee-m18-onepp2a3-502x-fuel-one-key-erocsomag-2x50ah-hd-kofferben-4933493244\/\",\"url\":\"https:\/\/www.eurosmart.hu\/shop\/index.php\/termek\/milwaukee-m18-onepp2a3-502x-fuel-one-key-erocsomag-2x50ah-hd-kofferben-4933493244\/\",\"name\":\"MILWAUKEE M18 ONEPP2A3-502X FUEL\u2122 ONE-KEY\u2122 ER\u0150CSOMAG 2X5,0Ah HD KOFFERBEN (4933493244) - Eurosmart - Milwaukee web\u00e1ruh\u00e1z\",\"isPartOf\":{\"@id\":\"https:\/\/www.eurosmart.hu\/shop\/#website\"},\"datePublished\":\"2024-01-23T09:38:22+00:00\",\"dateModified\":\"2024-01-23T09:42:36+00:00\",\"breadcrumb\":{\"@id\":\"https:\/\/www.eurosmart.hu\/shop\/index.php\/termek\/milwaukee-m18-onepp2a3-502x-fuel-one-key-erocsomag-2x50ah-hd-kofferben-4933493244\/#breadcrumb\"},\"inLanguage\":\"hu\",\"potentialAction\":[{\"@type\":\"ReadAction\",\"target\":[\"https:\/\/www.eurosmart.hu\/shop\/index.php\/termek\/milwaukee-m18-onepp2a3-502x-fuel-one-key-erocsomag-2x50ah-hd-kofferben-4933493244\/\"]}]},{\"@type\":\"BreadcrumbList\",\"@id\":\"https:\/\/www.eurosmart.hu\/shop\/index.php\/termek\/milwaukee-m18-onepp2a3-502x-fuel-one-key-erocsomag-2x50ah-hd-kofferben-4933493244\/#breadcrumb\",\"itemListElement\":[{\"@type\":\"ListItem\",\"position\":1,\"name\":\"Kezd\u0151lap\",\"item\":\"https:\/\/www.eurosmart.hu\/shop\/\"},{\"@type\":\"ListItem\",\"position\":2,\"name\":\"Term\u00e9keink\",\"item\":\"https:\/\/www.eurosmart.hu\/shop\/index.php\/uzlet\/\"},{\"@type\":\"ListItem\",\"position\":3,\"name\":\"MILWAUKEE M18 ONEPP2A3-502X FUEL\u2122 ONE-KEY\u2122 ER\u0150CSOMAG 2X5,0Ah HD KOFFERBEN (4933493244)\"}]},{\"@type\":\"WebSite\",\"@id\":\"https:\/\/www.eurosmart.hu\/shop\/#website\",\"url\":\"https:\/\/www.eurosmart.hu\/shop\/\",\"name\":\"Eurosmart - Milwaukee web\u00e1ruh\u00e1z\",\"description\":\"Milwaukee web\u00e1ruh\u00e1z\",\"publisher\":{\"@id\":\"https:\/\/www.eurosmart.hu\/shop\/#organization\"},\"potentialAction\":[{\"@type\":\"SearchAction\",\"target\":{\"@type\":\"EntryPoint\",\"urlTemplate\":\"https:\/\/www.eurosmart.hu\/shop\/?s={search_term_string}\"},\"query-input\":\"required name=search_term_string\"}],\"inLanguage\":\"hu\"},{\"@type\":\"Organization\",\"@id\":\"https:\/\/www.eurosmart.hu\/shop\/#organization\",\"name\":\"Eurosmart - Milwaukee web\u00e1ruh\u00e1z\",\"url\":\"https:\/\/www.eurosmart.hu\/shop\/\",\"logo\":{\"@type\":\"ImageObject\",\"inLanguage\":\"hu\",\"@id\":\"https:\/\/www.eurosmart.hu\/shop\/#\/schema\/logo\/image\/\",\"url\":\"https:\/\/www.eurosmart.hu\/shop\/wp-content\/uploads\/2023\/10\/milwaukee-logo-1.png\",\"contentUrl\":\"https:\/\/www.eurosmart.hu\/shop\/wp-content\/uploads\/2023\/10\/milwaukee-logo-1.png\",\"width\":500,\"height\":200,\"caption\":\"Eurosmart - Milwaukee web\u00e1ruh\u00e1z\"},\"image\":{\"@id\":\"https:\/\/www.eurosmart.hu\/shop\/#\/schema\/logo\/image\/\"},\"sameAs\":[\"https:\/\/www.facebook.com\/EurosmartKft\"]}]}<\/script>\n<meta property=\"product:price:amount\" content=\"0\" \/>\n<meta property=\"product:price:currency\" content=\"HUF\" \/>\n<meta property=\"og:availability\" content=\"backorder\" \/>\n<meta property=\"product:availability\" content=\"available for order\" \/>\n<meta property=\"product:retailer_item_id\" content=\"4933493244\" \/>\n<meta property=\"product:condition\" content=\"new\" \/>\n<!-- \/ Yoast SEO Premium plugin. -->","yoast_head_json":{"title":"MILWAUKEE M18 ONEPP2A3-502X FUEL\u2122 ONE-KEY\u2122 ER\u0150CSOMAG 2X5,0Ah HD KOFFERBEN (4933493244) - Eurosmart - Milwaukee web\u00e1ruh\u00e1z","robots":{"index":"index","follow":"follow","max-snippet":"max-snippet:-1","max-image-preview":"max-image-preview:large","max-video-preview":"max-video-preview:-1"},"canonical":"https:\/\/www.eurosmart.hu\/shop\/index.php\/termek\/milwaukee-m18-onepp2a3-502x-fuel-one-key-erocsomag-2x50ah-hd-kofferben-4933493244\/","og_locale":"hu_HU","og_type":"article","og_title":"MILWAUKEE M18 ONEPP2A3-502X FUEL\u2122 ONE-KEY\u2122 ER\u0150CSOMAG 2X5,0Ah HD KOFFERBEN (4933493244)","og_description":"A k\u00e9szlet tartalma:   1 db M18 ONEPD3 FUEL\u2122 ONE-KEY\u2122 \u00dcTVEF\u00daR\u00d3-CSAVAROZ\u00d3  1 db M18 ONEID3 FUEL\u2122 ONE-KEY\u2122 1\/4\" HEX \u00dcTVECSAVAROZ\u00d3  2 db M18 B5 5.0 Ah akkumul\u00e1tor  1 db M12-18 FC gyorst\u00f6lt\u0151  1 db Heavy Duty koffer","og_url":"https:\/\/www.eurosmart.hu\/shop\/index.php\/termek\/milwaukee-m18-onepp2a3-502x-fuel-one-key-erocsomag-2x50ah-hd-kofferben-4933493244\/","og_site_name":"Eurosmart - Milwaukee web\u00e1ruh\u00e1z","article_publisher":"https:\/\/www.facebook.com\/EurosmartKft","article_modified_time":"2024-01-23T09:42:36+00:00","og_image":[{"width":1000,"height":1000,"url":"https:\/\/www.eurosmart.hu\/shop\/wp-content\/uploads\/2024\/01\/4933493244.jpg","type":"image\/jpeg"}],"twitter_card":"summary_large_image","twitter_misc":{"Price":"","Availability":"On backorder"},"schema":{"@context":"https:\/\/schema.org","@graph":[{"@type":"WebPage","@id":"https:\/\/www.eurosmart.hu\/shop\/index.php\/termek\/milwaukee-m18-onepp2a3-502x-fuel-one-key-erocsomag-2x50ah-hd-kofferben-4933493244\/","url":"https:\/\/www.eurosmart.hu\/shop\/index.php\/termek\/milwaukee-m18-onepp2a3-502x-fuel-one-key-erocsomag-2x50ah-hd-kofferben-4933493244\/","name":"MILWAUKEE M18 ONEPP2A3-502X FUEL\u2122 ONE-KEY\u2122 ER\u0150CSOMAG 2X5,0Ah HD KOFFERBEN (4933493244) - Eurosmart - Milwaukee web\u00e1ruh\u00e1z","isPartOf":{"@id":"https:\/\/www.eurosmart.hu\/shop\/#website"},"datePublished":"2024-01-23T09:38:22+00:00","dateModified":"2024-01-23T09:42:36+00:00","breadcrumb":{"@id":"https:\/\/www.eurosmart.hu\/shop\/index.php\/termek\/milwaukee-m18-onepp2a3-502x-fuel-one-key-erocsomag-2x50ah-hd-kofferben-4933493244\/#breadcrumb"},"inLanguage":"hu","potentialAction":[{"@type":"ReadAction","target":["https:\/\/www.eurosmart.hu\/shop\/index.php\/termek\/milwaukee-m18-onepp2a3-502x-fuel-one-key-erocsomag-2x50ah-hd-kofferben-4933493244\/"]}]},{"@type":"BreadcrumbList","@id":"https:\/\/www.eurosmart.hu\/shop\/index.php\/termek\/milwaukee-m18-onepp2a3-502x-fuel-one-key-erocsomag-2x50ah-hd-kofferben-4933493244\/#breadcrumb","itemListElement":[{"@type":"ListItem","position":1,"name":"Kezd\u0151lap","item":"https:\/\/www.eurosmart.hu\/shop\/"},{"@type":"ListItem","position":2,"name":"Term\u00e9keink","item":"https:\/\/www.eurosmart.hu\/shop\/index.php\/uzlet\/"},{"@type":"ListItem","position":3,"name":"MILWAUKEE M18 ONEPP2A3-502X FUEL\u2122 ONE-KEY\u2122 ER\u0150CSOMAG 2X5,0Ah HD KOFFERBEN (4933493244)"}]},{"@type":"WebSite","@id":"https:\/\/www.eurosmart.hu\/shop\/#website","url":"https:\/\/www.eurosmart.hu\/shop\/","name":"Eurosmart - Milwaukee web\u00e1ruh\u00e1z","description":"Milwaukee web\u00e1ruh\u00e1z","publisher":{"@id":"https:\/\/www.eurosmart.hu\/shop\/#organization"},"potentialAction":[{"@type":"SearchAction","target":{"@type":"EntryPoint","urlTemplate":"https:\/\/www.eurosmart.hu\/shop\/?s={search_term_string}"},"query-input":"required name=search_term_string"}],"inLanguage":"hu"},{"@type":"Organization","@id":"https:\/\/www.eurosmart.hu\/shop\/#organization","name":"Eurosmart - Milwaukee web\u00e1ruh\u00e1z","url":"https:\/\/www.eurosmart.hu\/shop\/","logo":{"@type":"ImageObject","inLanguage":"hu","@id":"https:\/\/www.eurosmart.hu\/shop\/#\/schema\/logo\/image\/","url":"https:\/\/www.eurosmart.hu\/shop\/wp-content\/uploads\/2023\/10\/milwaukee-logo-1.png","contentUrl":"https:\/\/www.eurosmart.hu\/shop\/wp-content\/uploads\/2023\/10\/milwaukee-logo-1.png","width":500,"height":200,"caption":"Eurosmart - Milwaukee web\u00e1ruh\u00e1z"},"image":{"@id":"https:\/\/www.eurosmart.hu\/shop\/#\/schema\/logo\/image\/"},"sameAs":["https:\/\/www.facebook.com\/EurosmartKft"]}]},"product_price_currency":"HUF","og_availability":"backorder","product_availability":"available for order","product_retailer_item_id":"4933493244","product_condition":"new"},"_links":{"self":[{"href":"https:\/\/www.eurosmart.hu\/shop\/index.php\/wp-json\/wp\/v2\/product\/4894","targetHints":{"allow":["GET"]}}],"collection":[{"href":"https:\/\/www.eurosmart.hu\/shop\/index.php\/wp-json\/wp\/v2\/product"}],"about":[{"href":"https:\/\/www.eurosmart.hu\/shop\/index.php\/wp-json\/wp\/v2\/types\/product"}],"wp:featuredmedia":[{"embeddable":true,"href":"https:\/\/www.eurosmart.hu\/shop\/index.php\/wp-json\/wp\/v2\/media\/4895"}],"wp:attachment":[{"href":"https:\/\/www.eurosmart.hu\/shop\/index.php\/wp-json\/wp\/v2\/media?parent=4894"}],"wp:term":[{"taxonomy":"product_cat","embeddable":true,"href":"https:\/\/www.eurosmart.hu\/shop\/index.php\/wp-json\/wp\/v2\/product_cat?post=4894"},{"taxonomy":"product_tag","embeddable":true,"href":"https:\/\/www.eurosmart.hu\/shop\/index.php\/wp-json\/wp\/v2\/product_tag?post=4894"}],"curies":[{"name":"wp","href":"https:\/\/api.w.org\/{rel}","templated":true}]}}