{"id":4892,"date":"2024-01-23T09:32:01","date_gmt":"2024-01-23T09:32:01","guid":{"rendered":"https:\/\/www.eurosmart.hu\/shop\/?post_type=product&#038;p=4892"},"modified":"2024-01-23T09:37:38","modified_gmt":"2024-01-23T09:37:38","slug":"milwaukee-m18-onepp2a2-502x-fuel-one-key-erocsomag-2x50ah-hd-kofferben-4933464529","status":"publish","type":"product","link":"https:\/\/www.eurosmart.hu\/shop\/index.php\/termek\/milwaukee-m18-onepp2a2-502x-fuel-one-key-erocsomag-2x50ah-hd-kofferben-4933464529\/","title":{"rendered":"MILWAUKEE M18 ONEPP2A2-502X FUEL\u2122 ONE-KEY\u2122 ER\u0150CSOMAG 2X5,0Ah HD KOFFERBEN (4933464529)"},"content":{"rendered":"<h5>M18 ONEPD2 FUEL\u2122 ONE-KEY\u2122 \u00dcTVEF\u00daR\u00d3-CSAVAROZ\u00d3<\/h5>\n<ul>\n<li class=\"ProductFeaturesTextstyles__Feature-fxqvf2-3 ggyeUS\">Nagyobb teljes\u00edtm\u00e9ny terhel\u00e9s alatt &#8211; p\u00e1ratlan 135 Nm nyomat\u00e9k<\/li>\n<li class=\"ProductFeaturesTextstyles__Feature-fxqvf2-3 ggyeUS\">Extr\u00e9m kompakt kialak\u00edt\u00e1s &#8211; 175 mm hossz\u00fa a sz\u0171k helyeken val\u00f3 hozz\u00e1f\u00e9r\u00e9s\u00e9rt<\/li>\n<li class=\"ProductFeaturesTextstyles__Feature-fxqvf2-3 ggyeUS\">Tov\u00e1bbfejlesztett heavy duty tokm\u00e1ny amely jav\u00edtja a bit-befog\u00e1st<\/li>\n<li class=\"ProductFeaturesTextstyles__Feature-fxqvf2-3 ggyeUS\">Csatlakozzon Bluetooth\u00ae-on kereszt\u00fcl a\u00a0<a href=\"https:\/\/hu.milwaukeetool.eu\/systems\/one-key\/\">ONE-KEY\u2122<\/a>\u00a0alkalmaz\u00e1shoz<\/li>\n<li class=\"ProductFeaturesTextstyles__Feature-fxqvf2-3 ggyeUS\">Visszar\u00fag\u00e1s elleni v\u00e9delem testreszab\u00e1sa a\u00a0<a href=\"https:\/\/hu.milwaukeetool.eu\/systems\/one-key\/\">ONE-KEY\u2122<\/a>\u00a0alkalmaz\u00e1ssal<\/li>\n<li class=\"ProductFeaturesTextstyles__Feature-fxqvf2-3 ggyeUS\">A\u00a0<a href=\"https:\/\/hu.milwaukeetool.eu\/systems\/one-key\/\">ONE-KEY\u2122<\/a>\u00a0eszk\u00f6zk\u00f6vet\u00e9s \u00e9s biztons\u00e1g ingyenes, felh\u0151alap\u00fa nyomon k\u00f6vet\u00e9si h\u00e1l\u00f3zatot \u00e9s fel\u00fcgyeleti platformot k\u00edn\u00e1l eszk\u00f6zeihez. A\u00a0<a href=\"https:\/\/hu.milwaukeetool.eu\/systems\/one-key\/\">ONE-KEY\u2122<\/a>\u00a0szint\u00e9n rendelkezik t\u00e1voli szersz\u00e1mz\u00e1r funkci\u00f3val.<\/li>\n<li class=\"ProductFeaturesTextstyles__Feature-fxqvf2-3 ggyeUS\">Mentsen el ak\u00e1r 4 egyedi be\u00e1ll\u00edt\u00e1st a g\u00e9pek mem\u00f3ri\u00e1j\u00e1ba a munkahelyen val\u00f3 gyors kiv\u00e1laszt\u00e1s \u00e9rdek\u00e9ben<\/li>\n<li class=\"ProductFeaturesTextstyles__Feature-fxqvf2-3 ggyeUS\">V\u00e9gezze el b\u00e1rmely alkalmaz\u00e1s konfigur\u00e1l\u00e1s\u00e1t, kiv\u00e1lasztva az optim\u00e1lis g\u00e9p be\u00e1ll\u00edt\u00e1sokat az ism\u00e9telhet\u0151 pontoss\u00e1g\u00e9rt<\/li>\n<li class=\"ProductFeaturesTextstyles__Feature-fxqvf2-3 ggyeUS\">Be\u00e1ll\u00edthatja a sebess\u00e9get, nyomat\u00e9kot, ind\u00edt\u00e1si \u00e9s befejez\u00e9si sebess\u00e9geket, visszar\u00fag\u00e1s g\u00e1tl\u00f3 funkci\u00f3kat \u00e9s LED l\u00e1mp\u00e1t<\/li>\n<li class=\"ProductFeaturesTextstyles__Feature-fxqvf2-3 ggyeUS\">Teljesen f\u00e9m megford\u00edthat\u00f3 \u00f6vcsat &#8211; gyors \u00e9s k\u00f6nny\u0171 szersz\u00e1m t\u00e1rol\u00e1s<\/li>\n<li class=\"ProductFeaturesTextstyles__Feature-fxqvf2-3 ggyeUS\">Rugalmas akkumul\u00e1tor rendszerrel &#8211; MILWAUKEE\u00ae\u00a0<a href=\"https:\/\/hu.milwaukeetool.eu\/systems\/m18\/\">M18\u2122<\/a>\u00a0akkumul\u00e1torokkal m\u0171k\u00f6dik<\/li>\n<\/ul>\n<h5>M18 ONEID2 FUEL\u2122 ONE-KEY\u2122 1\/4&#8243; HEX \u00dcTVECSAVAROZ\u00d3<\/h5>\n<ul>\n<li class=\"ProductFeaturesTextstyles__Feature-fxqvf2-3 ggyeUS\">Nagyobb teljes\u00edtm\u00e9ny terhel\u00e9s alatt &#8211; p\u00e1ratlan 226 Nm nyomat\u00e9k<\/li>\n<li class=\"ProductFeaturesTextstyles__Feature-fxqvf2-3 ggyeUS\">Magasabb fordulatsz\u00e1m a kor\u00e1bbi modellhez k\u00e9pest &#8211; ak\u00e1r 3600 fordulat\/perc \u00e9s 4300 \u00fct\u00e9s\/perc<\/li>\n<li class=\"ProductFeaturesTextstyles__Feature-fxqvf2-3 ggyeUS\">Extr\u00e9m kompakt kialak\u00edt\u00e1s &#8211; teljes hossz csup\u00e1n 117 mm, kiv\u00e1l\u00f3 a sz\u0171k helyeken v\u00e9gzett feladatokhoz<\/li>\n<li class=\"ProductFeaturesTextstyles__Feature-fxqvf2-3 ggyeUS\">Csatlakozzon Bluetooth\u00ae-on kereszt\u00fcl a\u00a0<a href=\"https:\/\/hu.milwaukeetool.eu\/systems\/one-key\/\">ONE-KEY\u2122<\/a>\u00a0alkalmaz\u00e1shoz<\/li>\n<li class=\"ProductFeaturesTextstyles__Feature-fxqvf2-3 ggyeUS\">A\u00a0<a href=\"https:\/\/hu.milwaukeetool.eu\/systems\/one-key\/\">ONE-KEY\u2122<\/a>\u00a0alkalmaz\u00e1s k\u00e9szletgazd\u00e1lkod\u00e1s funkci\u00f3t is biztos\u00edt az \u00d6n komplett g\u00e9p \/ berendez\u00e9s \u00e1llom\u00e1ny\u00e1nak teljes kezel\u00e9se \u00e9rdek\u00e9ben<\/li>\n<li class=\"ProductFeaturesTextstyles__Feature-fxqvf2-3 ggyeUS\">Mentsen el ak\u00e1r 4 egyedi be\u00e1ll\u00edt\u00e1st a g\u00e9pek mem\u00f3ri\u00e1j\u00e1ba a munkahelyen val\u00f3 gyors kiv\u00e1laszt\u00e1s \u00e9rdek\u00e9ben<\/li>\n<li class=\"ProductFeaturesTextstyles__Feature-fxqvf2-3 ggyeUS\">V\u00e9gezze el b\u00e1rmely alkalmaz\u00e1s konfigur\u00e1l\u00e1s\u00e1t, kiv\u00e1lasztva az optim\u00e1lis g\u00e9p be\u00e1ll\u00edt\u00e1sokat az ism\u00e9telhet\u0151 pontoss\u00e1g\u00e9rt<\/li>\n<li class=\"ProductFeaturesTextstyles__Feature-fxqvf2-3 ggyeUS\">Be\u00e1ll\u00edthatja a sebess\u00e9get, nyomat\u00e9kot, ind\u00edt\u00e1si \u00e9s befejez\u00e9si sebess\u00e9geket \u00e9s LED l\u00e1mp\u00e1t<\/li>\n<li class=\"ProductFeaturesTextstyles__Feature-fxqvf2-3 ggyeUS\">Rugalmas akkumul\u00e1tor rendszerrel &#8211; MILWAUKEE\u00ae\u00a0<a href=\"https:\/\/hu.milwaukeetool.eu\/systems\/m18\/\">M18\u2122<\/a> akkumul\u00e1torokkal m\u0171k\u00f6dik<\/li>\n<\/ul>\n","protected":false},"excerpt":{"rendered":"<p><strong>A k\u00e9szlet tartalma:<\/strong><\/p>\n<ul>\n<li>1 db M18 ONEPD2 FUEL\u2122 ONE-KEY\u2122 \u00dcTVEF\u00daR\u00d3-CSAVAROZ\u00d3<\/li>\n<li>1 db M18 ONEID2 FUEL\u2122 ONE-KEY\u2122 1\/4&#8243; HEX \u00dcTVECSAVAROZ\u00d3<\/li>\n<li>2 db M18 B5 5.0 Ah akkumul\u00e1tor<\/li>\n<li>1 db M12-18 FC gyorst\u00f6lt\u0151<\/li>\n<li>1 db Heavy Duty koffer<\/li>\n<\/ul>\n","protected":false},"featured_media":4893,"template":"","meta":[],"product_cat":[165,171,230,59,228,89],"product_tag":[],"class_list":["post-4892","product","type-product","status-publish","has-post-thumbnail","hentry","product_cat-akkumulatoros-gepek","product_cat-akkus-erocsomagok","product_cat-m18-rendszer","product_cat-milwaukee","product_cat-rendszer","product_cat-termekek"],"yoast_head":"<!-- This site is optimized with the Yoast SEO Premium plugin v21.3 (Yoast SEO v21.3) - https:\/\/yoast.com\/wordpress\/plugins\/seo\/ -->\n<title>MILWAUKEE M18 ONEPP2A2-502X FUEL\u2122 ONE-KEY\u2122 ER\u0150CSOMAG 2X5,0Ah HD KOFFERBEN (4933464529) - Eurosmart - Milwaukee web\u00e1ruh\u00e1z<\/title>\n<meta name=\"robots\" content=\"index, follow, max-snippet:-1, max-image-preview:large, max-video-preview:-1\" \/>\n<link rel=\"canonical\" href=\"https:\/\/www.eurosmart.hu\/shop\/index.php\/termek\/milwaukee-m18-onepp2a2-502x-fuel-one-key-erocsomag-2x50ah-hd-kofferben-4933464529\/\" \/>\n<meta property=\"og:locale\" content=\"hu_HU\" \/>\n<meta property=\"og:type\" content=\"article\" \/>\n<meta property=\"og:title\" content=\"MILWAUKEE M18 ONEPP2A2-502X FUEL\u2122 ONE-KEY\u2122 ER\u0150CSOMAG 2X5,0Ah HD KOFFERBEN (4933464529)\" \/>\n<meta property=\"og:description\" content=\"A k\u00e9szlet tartalma:   1 db M18 ONEPD2 FUEL\u2122 ONE-KEY\u2122 \u00dcTVEF\u00daR\u00d3-CSAVAROZ\u00d3  1 db M18 ONEID2 FUEL\u2122 ONE-KEY\u2122 1\/4&quot; HEX \u00dcTVECSAVAROZ\u00d3  2 db M18 B5 5.0 Ah akkumul\u00e1tor  1 db M12-18 FC gyorst\u00f6lt\u0151  1 db Heavy Duty koffer\" \/>\n<meta property=\"og:url\" content=\"https:\/\/www.eurosmart.hu\/shop\/index.php\/termek\/milwaukee-m18-onepp2a2-502x-fuel-one-key-erocsomag-2x50ah-hd-kofferben-4933464529\/\" \/>\n<meta property=\"og:site_name\" content=\"Eurosmart - Milwaukee web\u00e1ruh\u00e1z\" \/>\n<meta property=\"article:publisher\" content=\"https:\/\/www.facebook.com\/EurosmartKft\" \/>\n<meta property=\"article:modified_time\" content=\"2024-01-23T09:37:38+00:00\" \/>\n<meta property=\"og:image\" content=\"https:\/\/www.eurosmart.hu\/shop\/wp-content\/uploads\/2024\/01\/4933464529.webp\" \/>\n\t<meta property=\"og:image:width\" content=\"1000\" \/>\n\t<meta property=\"og:image:height\" content=\"1000\" \/>\n\t<meta property=\"og:image:type\" content=\"image\/webp\" \/>\n<meta name=\"twitter:card\" content=\"summary_large_image\" \/>\n<meta name=\"twitter:label1\" content=\"Price\" \/>\n\t<meta name=\"twitter:data1\" content=\"\" \/>\n\t<meta name=\"twitter:label2\" content=\"Availability\" \/>\n\t<meta name=\"twitter:data2\" content=\"On backorder\" \/>\n<script type=\"application\/ld+json\" class=\"yoast-schema-graph\">{\"@context\":\"https:\/\/schema.org\",\"@graph\":[{\"@type\":\"WebPage\",\"@id\":\"https:\/\/www.eurosmart.hu\/shop\/index.php\/termek\/milwaukee-m18-onepp2a2-502x-fuel-one-key-erocsomag-2x50ah-hd-kofferben-4933464529\/\",\"url\":\"https:\/\/www.eurosmart.hu\/shop\/index.php\/termek\/milwaukee-m18-onepp2a2-502x-fuel-one-key-erocsomag-2x50ah-hd-kofferben-4933464529\/\",\"name\":\"MILWAUKEE M18 ONEPP2A2-502X FUEL\u2122 ONE-KEY\u2122 ER\u0150CSOMAG 2X5,0Ah HD KOFFERBEN (4933464529) - Eurosmart - Milwaukee web\u00e1ruh\u00e1z\",\"isPartOf\":{\"@id\":\"https:\/\/www.eurosmart.hu\/shop\/#website\"},\"datePublished\":\"2024-01-23T09:32:01+00:00\",\"dateModified\":\"2024-01-23T09:37:38+00:00\",\"breadcrumb\":{\"@id\":\"https:\/\/www.eurosmart.hu\/shop\/index.php\/termek\/milwaukee-m18-onepp2a2-502x-fuel-one-key-erocsomag-2x50ah-hd-kofferben-4933464529\/#breadcrumb\"},\"inLanguage\":\"hu\",\"potentialAction\":[{\"@type\":\"ReadAction\",\"target\":[\"https:\/\/www.eurosmart.hu\/shop\/index.php\/termek\/milwaukee-m18-onepp2a2-502x-fuel-one-key-erocsomag-2x50ah-hd-kofferben-4933464529\/\"]}]},{\"@type\":\"BreadcrumbList\",\"@id\":\"https:\/\/www.eurosmart.hu\/shop\/index.php\/termek\/milwaukee-m18-onepp2a2-502x-fuel-one-key-erocsomag-2x50ah-hd-kofferben-4933464529\/#breadcrumb\",\"itemListElement\":[{\"@type\":\"ListItem\",\"position\":1,\"name\":\"Kezd\u0151lap\",\"item\":\"https:\/\/www.eurosmart.hu\/shop\/\"},{\"@type\":\"ListItem\",\"position\":2,\"name\":\"Term\u00e9keink\",\"item\":\"https:\/\/www.eurosmart.hu\/shop\/index.php\/uzlet\/\"},{\"@type\":\"ListItem\",\"position\":3,\"name\":\"MILWAUKEE M18 ONEPP2A2-502X FUEL\u2122 ONE-KEY\u2122 ER\u0150CSOMAG 2X5,0Ah HD KOFFERBEN (4933464529)\"}]},{\"@type\":\"WebSite\",\"@id\":\"https:\/\/www.eurosmart.hu\/shop\/#website\",\"url\":\"https:\/\/www.eurosmart.hu\/shop\/\",\"name\":\"Eurosmart - Milwaukee web\u00e1ruh\u00e1z\",\"description\":\"Milwaukee web\u00e1ruh\u00e1z\",\"publisher\":{\"@id\":\"https:\/\/www.eurosmart.hu\/shop\/#organization\"},\"potentialAction\":[{\"@type\":\"SearchAction\",\"target\":{\"@type\":\"EntryPoint\",\"urlTemplate\":\"https:\/\/www.eurosmart.hu\/shop\/?s={search_term_string}\"},\"query-input\":\"required name=search_term_string\"}],\"inLanguage\":\"hu\"},{\"@type\":\"Organization\",\"@id\":\"https:\/\/www.eurosmart.hu\/shop\/#organization\",\"name\":\"Eurosmart - Milwaukee web\u00e1ruh\u00e1z\",\"url\":\"https:\/\/www.eurosmart.hu\/shop\/\",\"logo\":{\"@type\":\"ImageObject\",\"inLanguage\":\"hu\",\"@id\":\"https:\/\/www.eurosmart.hu\/shop\/#\/schema\/logo\/image\/\",\"url\":\"https:\/\/www.eurosmart.hu\/shop\/wp-content\/uploads\/2023\/10\/milwaukee-logo-1.png\",\"contentUrl\":\"https:\/\/www.eurosmart.hu\/shop\/wp-content\/uploads\/2023\/10\/milwaukee-logo-1.png\",\"width\":500,\"height\":200,\"caption\":\"Eurosmart - Milwaukee web\u00e1ruh\u00e1z\"},\"image\":{\"@id\":\"https:\/\/www.eurosmart.hu\/shop\/#\/schema\/logo\/image\/\"},\"sameAs\":[\"https:\/\/www.facebook.com\/EurosmartKft\"]}]}<\/script>\n<meta property=\"product:price:amount\" content=\"0\" \/>\n<meta property=\"product:price:currency\" content=\"HUF\" \/>\n<meta property=\"og:availability\" content=\"backorder\" \/>\n<meta property=\"product:availability\" content=\"available for order\" \/>\n<meta property=\"product:retailer_item_id\" content=\"4933464529\" \/>\n<meta property=\"product:condition\" content=\"new\" \/>\n<!-- \/ Yoast SEO Premium plugin. -->","yoast_head_json":{"title":"MILWAUKEE M18 ONEPP2A2-502X FUEL\u2122 ONE-KEY\u2122 ER\u0150CSOMAG 2X5,0Ah HD KOFFERBEN (4933464529) - Eurosmart - Milwaukee web\u00e1ruh\u00e1z","robots":{"index":"index","follow":"follow","max-snippet":"max-snippet:-1","max-image-preview":"max-image-preview:large","max-video-preview":"max-video-preview:-1"},"canonical":"https:\/\/www.eurosmart.hu\/shop\/index.php\/termek\/milwaukee-m18-onepp2a2-502x-fuel-one-key-erocsomag-2x50ah-hd-kofferben-4933464529\/","og_locale":"hu_HU","og_type":"article","og_title":"MILWAUKEE M18 ONEPP2A2-502X FUEL\u2122 ONE-KEY\u2122 ER\u0150CSOMAG 2X5,0Ah HD KOFFERBEN (4933464529)","og_description":"A k\u00e9szlet tartalma:   1 db M18 ONEPD2 FUEL\u2122 ONE-KEY\u2122 \u00dcTVEF\u00daR\u00d3-CSAVAROZ\u00d3  1 db M18 ONEID2 FUEL\u2122 ONE-KEY\u2122 1\/4\" HEX \u00dcTVECSAVAROZ\u00d3  2 db M18 B5 5.0 Ah akkumul\u00e1tor  1 db M12-18 FC gyorst\u00f6lt\u0151  1 db Heavy Duty koffer","og_url":"https:\/\/www.eurosmart.hu\/shop\/index.php\/termek\/milwaukee-m18-onepp2a2-502x-fuel-one-key-erocsomag-2x50ah-hd-kofferben-4933464529\/","og_site_name":"Eurosmart - Milwaukee web\u00e1ruh\u00e1z","article_publisher":"https:\/\/www.facebook.com\/EurosmartKft","article_modified_time":"2024-01-23T09:37:38+00:00","og_image":[{"width":1000,"height":1000,"url":"https:\/\/www.eurosmart.hu\/shop\/wp-content\/uploads\/2024\/01\/4933464529.webp","type":"image\/webp"}],"twitter_card":"summary_large_image","twitter_misc":{"Price":"","Availability":"On backorder"},"schema":{"@context":"https:\/\/schema.org","@graph":[{"@type":"WebPage","@id":"https:\/\/www.eurosmart.hu\/shop\/index.php\/termek\/milwaukee-m18-onepp2a2-502x-fuel-one-key-erocsomag-2x50ah-hd-kofferben-4933464529\/","url":"https:\/\/www.eurosmart.hu\/shop\/index.php\/termek\/milwaukee-m18-onepp2a2-502x-fuel-one-key-erocsomag-2x50ah-hd-kofferben-4933464529\/","name":"MILWAUKEE M18 ONEPP2A2-502X FUEL\u2122 ONE-KEY\u2122 ER\u0150CSOMAG 2X5,0Ah HD KOFFERBEN (4933464529) - Eurosmart - Milwaukee web\u00e1ruh\u00e1z","isPartOf":{"@id":"https:\/\/www.eurosmart.hu\/shop\/#website"},"datePublished":"2024-01-23T09:32:01+00:00","dateModified":"2024-01-23T09:37:38+00:00","breadcrumb":{"@id":"https:\/\/www.eurosmart.hu\/shop\/index.php\/termek\/milwaukee-m18-onepp2a2-502x-fuel-one-key-erocsomag-2x50ah-hd-kofferben-4933464529\/#breadcrumb"},"inLanguage":"hu","potentialAction":[{"@type":"ReadAction","target":["https:\/\/www.eurosmart.hu\/shop\/index.php\/termek\/milwaukee-m18-onepp2a2-502x-fuel-one-key-erocsomag-2x50ah-hd-kofferben-4933464529\/"]}]},{"@type":"BreadcrumbList","@id":"https:\/\/www.eurosmart.hu\/shop\/index.php\/termek\/milwaukee-m18-onepp2a2-502x-fuel-one-key-erocsomag-2x50ah-hd-kofferben-4933464529\/#breadcrumb","itemListElement":[{"@type":"ListItem","position":1,"name":"Kezd\u0151lap","item":"https:\/\/www.eurosmart.hu\/shop\/"},{"@type":"ListItem","position":2,"name":"Term\u00e9keink","item":"https:\/\/www.eurosmart.hu\/shop\/index.php\/uzlet\/"},{"@type":"ListItem","position":3,"name":"MILWAUKEE M18 ONEPP2A2-502X FUEL\u2122 ONE-KEY\u2122 ER\u0150CSOMAG 2X5,0Ah HD KOFFERBEN (4933464529)"}]},{"@type":"WebSite","@id":"https:\/\/www.eurosmart.hu\/shop\/#website","url":"https:\/\/www.eurosmart.hu\/shop\/","name":"Eurosmart - Milwaukee web\u00e1ruh\u00e1z","description":"Milwaukee web\u00e1ruh\u00e1z","publisher":{"@id":"https:\/\/www.eurosmart.hu\/shop\/#organization"},"potentialAction":[{"@type":"SearchAction","target":{"@type":"EntryPoint","urlTemplate":"https:\/\/www.eurosmart.hu\/shop\/?s={search_term_string}"},"query-input":"required name=search_term_string"}],"inLanguage":"hu"},{"@type":"Organization","@id":"https:\/\/www.eurosmart.hu\/shop\/#organization","name":"Eurosmart - Milwaukee web\u00e1ruh\u00e1z","url":"https:\/\/www.eurosmart.hu\/shop\/","logo":{"@type":"ImageObject","inLanguage":"hu","@id":"https:\/\/www.eurosmart.hu\/shop\/#\/schema\/logo\/image\/","url":"https:\/\/www.eurosmart.hu\/shop\/wp-content\/uploads\/2023\/10\/milwaukee-logo-1.png","contentUrl":"https:\/\/www.eurosmart.hu\/shop\/wp-content\/uploads\/2023\/10\/milwaukee-logo-1.png","width":500,"height":200,"caption":"Eurosmart - Milwaukee web\u00e1ruh\u00e1z"},"image":{"@id":"https:\/\/www.eurosmart.hu\/shop\/#\/schema\/logo\/image\/"},"sameAs":["https:\/\/www.facebook.com\/EurosmartKft"]}]},"product_price_currency":"HUF","og_availability":"backorder","product_availability":"available for order","product_retailer_item_id":"4933464529","product_condition":"new"},"_links":{"self":[{"href":"https:\/\/www.eurosmart.hu\/shop\/index.php\/wp-json\/wp\/v2\/product\/4892","targetHints":{"allow":["GET"]}}],"collection":[{"href":"https:\/\/www.eurosmart.hu\/shop\/index.php\/wp-json\/wp\/v2\/product"}],"about":[{"href":"https:\/\/www.eurosmart.hu\/shop\/index.php\/wp-json\/wp\/v2\/types\/product"}],"wp:featuredmedia":[{"embeddable":true,"href":"https:\/\/www.eurosmart.hu\/shop\/index.php\/wp-json\/wp\/v2\/media\/4893"}],"wp:attachment":[{"href":"https:\/\/www.eurosmart.hu\/shop\/index.php\/wp-json\/wp\/v2\/media?parent=4892"}],"wp:term":[{"taxonomy":"product_cat","embeddable":true,"href":"https:\/\/www.eurosmart.hu\/shop\/index.php\/wp-json\/wp\/v2\/product_cat?post=4892"},{"taxonomy":"product_tag","embeddable":true,"href":"https:\/\/www.eurosmart.hu\/shop\/index.php\/wp-json\/wp\/v2\/product_tag?post=4892"}],"curies":[{"name":"wp","href":"https:\/\/api.w.org\/{rel}","templated":true}]}}