{"id":4887,"date":"2024-01-22T15:15:29","date_gmt":"2024-01-22T15:15:29","guid":{"rendered":"https:\/\/www.eurosmart.hu\/shop\/?post_type=product&#038;p=4887"},"modified":"2024-01-22T15:22:51","modified_gmt":"2024-01-22T15:22:51","slug":"milwaukee-m18-fpp5k-502b-erocsomag-2x50ah-szerszamtaskaban-4933471209","status":"publish","type":"product","link":"https:\/\/www.eurosmart.hu\/shop\/index.php\/termek\/milwaukee-m18-fpp5k-502b-erocsomag-2x50ah-szerszamtaskaban-4933471209\/","title":{"rendered":"MILWAUKEE M18 FPP5K-502B ER\u0150CSOMAG 2X5,0Ah SZERSZ\u00c1MT\u00c1SK\u00c1BAN (4933471209)"},"content":{"rendered":"<h5 class=\"ProductDetailsContentstyles__H3-x8zwy7-4 iYptdr\">M18 CBLDD KOMPAKT SZ\u00c9NKEFE N\u00c9LK\u00dcLI F\u00daR\u00d3CSAVAROZ\u00d3<\/h5>\n<ul class=\"ProductFeaturesTextstyles__FeatureList-fxqvf2-1 eacpVB\">\n<li class=\"ProductFeaturesTextstyles__Feature-fxqvf2-3 ggyeUS\">Kompakt sz\u00e9nkefe n\u00e9lk\u00fcli f\u00far\u00f3csavaroz\u00f3, amely csak 165 mm hossz\u00fa a sz\u0171k helyeken val\u00f3 hozz\u00e1f\u00e9r\u00e9shez<\/li>\n<li class=\"ProductFeaturesTextstyles__Feature-fxqvf2-3 ggyeUS\">13 mm f\u00e9m tokm\u00e1ny a gyors bit cser\u00e9\u00e9rt \u00e9s befog\u00e1s\u00e9rt<\/li>\n<li class=\"ProductFeaturesTextstyles__Feature-fxqvf2-3 ggyeUS\">60 Nm nyomat\u00e9k, a legjobb er\u0151 s\u00faly ar\u00e1ny<\/li>\n<li class=\"ProductFeaturesTextstyles__Feature-fxqvf2-3 ggyeUS\">REDLINK\u2122 t\u00falterhel\u00e9s v\u00e9delmi elektronika a g\u00e9pben \u00e9s az akkumul\u00e1torban, kateg\u00f3ri\u00e1j\u00e1ban a legjobb tart\u00f3ss\u00e1got biztos\u00edtja<\/li>\n<li class=\"ProductFeaturesTextstyles__Feature-fxqvf2-3 ggyeUS\">A REDLITHIUM\u2122 akkumul\u00e1tor kit\u0171n\u0151 min\u0151s\u00e9g\u0171 konstrukci\u00f3t \u00e9s elektronik\u00e1t k\u00edn\u00e1l, valamint lemer\u00fcl\u00e9s-biztos, \u00edgy hosszabb m\u0171k\u00f6d\u00e9si id\u0151t \u00e9s hosszabb ideig tart\u00f3 munkav\u00e9gz\u00e9st biztos\u00edt az akkumul\u00e1tor \u00e9lettartama alatt<\/li>\n<li class=\"ProductFeaturesTextstyles__Feature-fxqvf2-3 ggyeUS\">Teljesen f\u00e9m megford\u00edthat\u00f3 \u00f6vcsipesz &#8211; gyors \u00e9s k\u00f6nny\u0171 szersz\u00e1m t\u00e1rol\u00e1s<\/li>\n<li class=\"ProductFeaturesTextstyles__Feature-fxqvf2-3 ggyeUS\">T\u00f6lt\u00e9sszintjelz\u0151 \u00e9s LED f\u00e9ny<\/li>\n<li class=\"ProductFeaturesTextstyles__Feature-fxqvf2-3 ggyeUS\">Rugalmas akkumul\u00e1tor rendszerrel &#8211; MILWAUKEE\u00ae\u00a0<a href=\"https:\/\/hu.milwaukeetool.eu\/systems\/m18\/\">M18\u2122<\/a>\u00a0akkumul\u00e1torokkal m\u0171k\u00f6dik<\/li>\n<\/ul>\n<h5 class=\"ProductDetailsContentstyles__H3-x8zwy7-4 iYptdr\">M18 CBLID\u00a0KOMPAKT SZ\u00c9NKEFE N\u00c9LK\u00dcLI 1\/4\u2033 HEX \u00dcTVECSAVAROZ\u00d3<\/h5>\n<ul class=\"ProductFeaturesTextstyles__FeatureList-fxqvf2-1 eacpVB\">\n<li class=\"ProductFeaturesTextstyles__Feature-fxqvf2-3 ggyeUS\">Kompakt \u00fctvecsavaroz\u00f3 csup\u00e1n 130 mm hossz\u00fa, kiv\u00e1l\u00f3 a sz\u0171k helyeken v\u00e9gzett feladatokhoz<\/li>\n<li class=\"ProductFeaturesTextstyles__Feature-fxqvf2-3 ggyeUS\">Sz\u00e9nkefe n\u00e9lk\u00fcli motor technol\u00f3gia 180 Nm nyomat\u00e9kot szolg\u00e1ltat, 3400 percenk\u00e9nti fordulattal \u00e9s 4200 percenk\u00e9nti \u00fct\u00e9ssz\u00e1mmal<\/li>\n<li class=\"ProductFeaturesTextstyles__Feature-fxqvf2-3 ggyeUS\">Heavy duty teljesen f\u00e9m hajt\u00f3m\u0171h\u00e1z \u00e9s hajt\u00f3m\u0171 a kiemelked\u0151 tart\u00f3ss\u00e1g\u00e9rt \u00e9s maximum nyomat\u00e9k\u00e9rt<\/li>\n<li class=\"ProductFeaturesTextstyles__Feature-fxqvf2-3 ggyeUS\">REDLINK\u2122 t\u00falterhel\u00e9s v\u00e9delmi elektronika a g\u00e9pben \u00e9s az akkumul\u00e1torban, kateg\u00f3ri\u00e1j\u00e1ban a legjobb tart\u00f3ss\u00e1got biztos\u00edtja<\/li>\n<li class=\"ProductFeaturesTextstyles__Feature-fxqvf2-3 ggyeUS\">A REDLITHIUM\u2122 akkumul\u00e1tor kit\u0171n\u0151 min\u0151s\u00e9g\u0171 konstrukci\u00f3t \u00e9s elektronik\u00e1t k\u00edn\u00e1l, valamint lemer\u00fcl\u00e9sbiztos, \u00edgy hosszabb m\u0171k\u00f6d\u00e9si id\u0151t \u00e9s hosszabb ideig tart\u00f3 munkav\u00e9gz\u00e9st biztos\u00edt az akkumul\u00e1tor \u00e9lettartama alatt<\/li>\n<li class=\"ProductFeaturesTextstyles__Feature-fxqvf2-3 ggyeUS\">T\u00f6lt\u00e9sszintjelz\u0151 \u00e9s LED f\u00e9ny<\/li>\n<li class=\"ProductFeaturesTextstyles__Feature-fxqvf2-3 ggyeUS\">Teljesen f\u00e9m megford\u00edthat\u00f3 \u00f6vcsat &#8211; gyors \u00e9s k\u00f6nny\u0171 szersz\u00e1m t\u00e1rol\u00e1s<\/li>\n<li class=\"ProductFeaturesTextstyles__Feature-fxqvf2-3 ggyeUS\">Rugalmas akkumul\u00e1tor rendszerrel &#8211; MILWAUKEE\u00ae\u00a0<a href=\"https:\/\/hu.milwaukeetool.eu\/systems\/m18\/\">M18\u2122<\/a>\u00a0akkumul\u00e1torokkal m\u0171k\u00f6dik<\/li>\n<\/ul>\n<h5 class=\"ProductDetailsContentstyles__H3-x8zwy7-4 iYptdr\">M18 CCS55 FUEL\u2122 K\u00d6RF\u0170R\u00c9SZ F\u00c1HOZ \u00c9S M\u0170ANYAGHOZ 55 MM-ES V\u00c1G\u00c1SI M\u00c9LYS\u00c9GGEL<\/h5>\n<ul>\n<li class=\"ProductFeaturesTextstyles__Feature-fxqvf2-3 ggyeUS\">Sz\u00e9nkefe n\u00e9lk\u00fcli POWERSTATE\u2122 motor: ak\u00e1r 3x hosszabb \u00e9lettartam \u00e9s ak\u00e1r 2x t\u00f6bb v\u00e1g\u00e1s t\u00f6lt\u00e9senk\u00e9nt<\/li>\n<li class=\"ProductFeaturesTextstyles__Feature-fxqvf2-3 ggyeUS\">Magn\u00e9zium fels\u0151 \u00e9s als\u00f3 v\u00e9d\u0151burkolat, oszt\u00e1ly\u00e1ban legkiv\u00e1l\u00f3bb \u00fct\u00e9s\u00e1ll\u00f3s\u00e1g<\/li>\n<li class=\"ProductFeaturesTextstyles__Feature-fxqvf2-3 ggyeUS\">A be\u00e9p\u00edtett porelvezet\u0151 tiszt\u00e1n tartja a v\u00e1g\u00e1s vonal\u00e1t<\/li>\n<li class=\"ProductFeaturesTextstyles__Feature-fxqvf2-3 ggyeUS\">50\u00b0 ferdev\u00e1g\u00e1s tartom\u00e1ny<\/li>\n<li class=\"ProductFeaturesTextstyles__Feature-fxqvf2-3 ggyeUS\">Magn\u00e9zium alaplap<\/li>\n<li class=\"ProductFeaturesTextstyles__Feature-fxqvf2-3 ggyeUS\">Praktikus akaszt\u00f3, a g\u00e9p biztons\u00e1gos t\u00e1rol\u00e1s\u00e1\u00e9rt<\/li>\n<li class=\"ProductFeaturesTextstyles__Feature-fxqvf2-3 ggyeUS\">Be\u00e9p\u00edtett t\u00f6lt\u00e9sszintjelz\u0151 \u00e9s LED f\u00e9ny<\/li>\n<li class=\"ProductFeaturesTextstyles__Feature-fxqvf2-3 ggyeUS\">Egyedi cellafigyel\u0151 rendszer<\/li>\n<li class=\"ProductFeaturesTextstyles__Feature-fxqvf2-3 ggyeUS\">FUEL\u2122 platformunk DNS-e \u00fajradefini\u00e1lja a vezet\u00e9k n\u00e9lk\u00fcli technol\u00f3gia egyens\u00faly\u00e1t. A MILWAUKEE\u00ae POWERSTATE\u2122 sz\u00e9nkefe n\u00e9lk\u00fcli motor, REDLITHIUM\u2122 akkumul\u00e1tor \u00e9s REDLINK PLUS\u2122 intelligens elektronika p\u00e1ratlan teljes\u00edtm\u00e9nyt, \u00fczemid\u0151t \u00e9s tart\u00f3ss\u00e1got biztos\u00edt.<\/li>\n<li class=\"ProductFeaturesTextstyles__Feature-fxqvf2-3 ggyeUS\">Rugalmas akkumul\u00e1tor rendszerrel &#8211; MILWAUKEE\u00ae\u00a0<a href=\"https:\/\/hu.milwaukeetool.eu\/systems\/m18\/\">M18\u2122<\/a>\u00a0akkumul\u00e1torokkal m\u0171k\u00f6dik<\/li>\n<\/ul>\n<h5 class=\"ProductDetailsContentstyles__H3-x8zwy7-4 iYptdr\">M18 BMT MULTI-TOOL<\/h5>\n<ul class=\"ProductFeaturesTextstyles__FeatureList-fxqvf2-1 eacpVB\">\n<li class=\"ProductFeaturesTextstyles__Feature-fxqvf2-3 ggyeUS\">Egyed\u00fcl\u00e1ll\u00f3 m\u00e9lys\u00e9g\u00fctk\u00f6z\u0151, hogy elker\u00fclje a t\u00falzott v\u00e1g\u00e1st az anyagban<\/li>\n<li class=\"ProductFeaturesTextstyles__Feature-fxqvf2-3 ggyeUS\">FIXTEC\u2122 szersz\u00e1m n\u00e9lk\u00fcli f\u0171r\u00e9szlap csere, univerz\u00e1lis adapterrel sz\u00e1ll\u00edtva<\/li>\n<li class=\"ProductFeaturesTextstyles__Feature-fxqvf2-3 ggyeUS\">12 fokozat\u00fa v\u00e1ltoztathat\u00f3 sebess\u00e9g (12,000 &#8211; 18,000 ford\/perc) \u00e9s 3.4\u00b0-os jobbra\/balra t\u00f6rt\u00e9n\u0151 oszcill\u00e1ci\u00f3s mozg\u00e1s, lehet\u0151v\u00e9 teszi a gyors befejez\u00e9s\u00e9t a profi alkalmaz\u00e1soknak ak\u00e1r a f\u00e9mben, f\u00e1ban vagy m\u0171anyagban<\/li>\n<li class=\"ProductFeaturesTextstyles__Feature-fxqvf2-3 ggyeUS\">Ak\u00e1r 50%-kal gyorsabb, sokoldal\u00fa akkumul\u00e1toros megold\u00e1s v\u00e1g\u00e1si \u00e9s fel\u00fcletkezel\u00e9si alkalmaz\u00e1sokhoz a vezet\u00e9kes g\u00e9pek erej\u00e9vel<\/li>\n<li class=\"ProductFeaturesTextstyles__Feature-fxqvf2-3 ggyeUS\">Egyedi porelsz\u00edv\u00f3 szett, a munkater\u00fclet tiszt\u00e1n tart\u00e1s\u00e1hoz<\/li>\n<li class=\"ProductFeaturesTextstyles__Feature-fxqvf2-3 ggyeUS\">LED f\u00e9ny a munkater\u00fclet megvil\u00e1g\u00edt\u00e1s\u00e1hoz<\/li>\n<li class=\"ProductFeaturesTextstyles__Feature-fxqvf2-3 ggyeUS\">Kiv\u00e1l\u00f3 min\u0151s\u00e9g\u0171 4 p\u00f3lus\u00fa motor, REDLITHIUM\u2122 akkumul\u00e1tor \u00e9s REDLINK\u2122 elektronika biztos\u00edtja a sz\u00fcks\u00e9ges teljes\u00edtm\u00e9nyt, m\u0171k\u00f6d\u00e9si id\u0151t \u00e9s tart\u00f3ss\u00e1got.<\/li>\n<li class=\"ProductFeaturesTextstyles__Feature-fxqvf2-3 ggyeUS\">Rugalmas akkumul\u00e1tor rendszerrel &#8211; MILWAUKEE\u00ae\u00a0<a href=\"https:\/\/hu.milwaukeetool.eu\/systems\/m18\/\">M18\u2122<\/a>\u00a0akkumul\u00e1torokkal m\u0171k\u00f6dik<\/li>\n<\/ul>\n<h5 class=\"ProductDetailsContentstyles__H3-x8zwy7-4 iYptdr\">M18 FBJS FUEL\u2122 SZ\u00daR\u00d3F\u0170R\u00c9SZ<\/h5>\n<ul class=\"ProductFeaturesTextstyles__FeatureList-fxqvf2-1 eacpVB\">\n<li class=\"ProductFeaturesTextstyles__Feature-fxqvf2-3 ggyeUS\">Szabadalmaztatott FIXTEC\u2122 befog\u00e1s a gyors \u00e9s k\u00f6nny\u0171 kulcsn\u00e9lk\u00fcli f\u0171r\u00e9szlapcser\u00e9\u00e9rt<\/li>\n<li class=\"ProductFeaturesTextstyles__Feature-fxqvf2-3 ggyeUS\">A 3500 l\u00f6ket\/perc sebess\u00e9g sima v\u00e1g\u00e1st, alacsony vibr\u00e1ci\u00f3val t\u00f6rt\u00e9n\u0151 m\u0171k\u00f6d\u00e9st biztos\u00edt<\/li>\n<li class=\"ProductFeaturesTextstyles__Feature-fxqvf2-3 ggyeUS\">5 fokozat\u00fa ingael\u0151tol\u00e1s a megn\u00f6velt v\u00e1g\u00e1si teljes\u00edtm\u00e9ny\u00e9rt<\/li>\n<li class=\"ProductFeaturesTextstyles__Feature-fxqvf2-3 ggyeUS\">Sz\u00e9nkefe n\u00e9lk\u00fcli POWERSTATE\u2122 motor \u2013 gyors v\u00e1g\u00e1s, hosszabb \u00e9lettartam \u00e9s ak\u00e1r 32 m 19 mm-es OSB lapban (5.0 Ah akkumul\u00e1torral)<\/li>\n<li class=\"ProductFeaturesTextstyles__Feature-fxqvf2-3 ggyeUS\">A k\u00e9t k\u00e9zzel m\u0171k\u00f6dtethet\u0151 kapcsol\u00f3 lehet\u0151v\u00e9 teszi a felhaszn\u00e1l\u00f3 sz\u00e1m\u00e1ra, hogy b\u00e1rmilyen helyzetben bekapcsolja a szersz\u00e1mot<\/li>\n<li class=\"ProductFeaturesTextstyles__Feature-fxqvf2-3 ggyeUS\">A 6 sebess\u00e9g-be\u00e1ll\u00edt\u00e1s \u00e9s az automatikus vez\u00e9rl\u00e9s\u0171 ind\u00edt\u00e1s a v\u00e1g\u00e1s sima \u00e9s pontos megkezd\u00e9se \u00e9rdek\u00e9ben lehet\u0151v\u00e9 teszi a szersz\u00e1m lass\u00fa beind\u00edt\u00e1s\u00e1t \u00e9s a teljes fordulatsz\u00e1m el\u00e9r\u00e9s\u00e9t amikor a szersz\u00e1m terhel\u00e9st \u00e9rz\u00e9kel<\/li>\n<li class=\"ProductFeaturesTextstyles__Feature-fxqvf2-3 ggyeUS\">Porelf\u00fav\u00f3 tiszt\u00e1n tartja a v\u00e1g\u00e1si vonalat<\/li>\n<li class=\"ProductFeaturesTextstyles__Feature-fxqvf2-3 ggyeUS\">Be\u00e9p\u00edtett LED vil\u00e1g\u00edt\u00e1s a munkater\u00fclet megvil\u00e1g\u00edt\u00e1sa \u00e9rdek\u00e9ben<\/li>\n<li class=\"ProductFeaturesTextstyles__Feature-fxqvf2-3 ggyeUS\">A levehet\u0151 alaplapnak k\u00f6sz\u00f6nhet\u0151en elker\u00fclhet\u0151ek a karcol\u00e1sok puha anyag v\u00e1g\u00e1sa eset\u00e9n<\/li>\n<li class=\"ProductFeaturesTextstyles__Feature-fxqvf2-3 ggyeUS\">1 x f\u0171r\u00e9szlappal, porelsz\u00edv\u00f3 adapterrel, porv\u00e9d\u0151vel, vezet\u0151s\u00ednnel \u00e9s alaplappal sz\u00e1ll\u00edtva<\/li>\n<li class=\"ProductFeaturesTextstyles__Feature-fxqvf2-3 ggyeUS\">Rugalmas akkumul\u00e1tor rendszerrel &#8211; MILWAUKEE\u00ae\u00a0<a href=\"https:\/\/hu.milwaukeetool.eu\/systems\/m18\/\">M18\u2122<\/a>\u00a0akkumul\u00e1torokkal m\u0171k\u00f6dik<\/li>\n<\/ul>\n","protected":false},"excerpt":{"rendered":"<p><strong>A k\u00e9szlet tartalma:<\/strong><\/p>\n<ul>\n<li>1 db M18 CBLDD KOMPAKT SZ\u00c9NKEFE N\u00c9LK\u00dcLI F\u00daR\u00d3CSAVAROZ\u00d3<\/li>\n<li>1 db M18 CBLID KOMPAKT SZ\u00c9NKEFE N\u00c9LK\u00dcLI 1\/4\u2033 HEX \u00dcTVECSAVAROZ\u00d3<\/li>\n<li>1 db M18 CCS55 FUEL\u2122 K\u00d6RF\u0170R\u00c9SZ F\u00c1HOZ \u00c9S M\u0170ANYAGHOZ 55 MM-ES V\u00c1G\u00c1SI M\u00c9LYS\u00c9GGEL<\/li>\n<li>1 db M18 BMT MULTI-TOOL<\/li>\n<li>1 db M18 FBJS FUEL\u2122 SZ\u00daR\u00d3F\u0170R\u00c9SZ<\/li>\n<li>2 db M18 HB5 5.0 Ah akkumul\u00e1tor<\/li>\n<li>1 db M12-18 FC gyorst\u00f6lt\u0151<\/li>\n<li>1 db Szersz\u00e1mt\u00e1ska<\/li>\n<\/ul>\n","protected":false},"featured_media":4888,"template":"","meta":[],"product_cat":[165,171,230,59,228,89],"product_tag":[],"class_list":["post-4887","product","type-product","status-publish","has-post-thumbnail","hentry","product_cat-akkumulatoros-gepek","product_cat-akkus-erocsomagok","product_cat-m18-rendszer","product_cat-milwaukee","product_cat-rendszer","product_cat-termekek"],"yoast_head":"<!-- This site is optimized with the Yoast SEO Premium plugin v21.3 (Yoast SEO v21.3) - https:\/\/yoast.com\/wordpress\/plugins\/seo\/ -->\n<title>MILWAUKEE M18 FPP5K-502B ER\u0150CSOMAG 2X5,0Ah SZERSZ\u00c1MT\u00c1SK\u00c1BAN (4933471209) - Eurosmart - Milwaukee web\u00e1ruh\u00e1z<\/title>\n<meta name=\"robots\" content=\"index, follow, max-snippet:-1, max-image-preview:large, max-video-preview:-1\" \/>\n<link rel=\"canonical\" href=\"https:\/\/www.eurosmart.hu\/shop\/index.php\/termek\/milwaukee-m18-fpp5k-502b-erocsomag-2x50ah-szerszamtaskaban-4933471209\/\" \/>\n<meta property=\"og:locale\" content=\"hu_HU\" \/>\n<meta property=\"og:type\" content=\"article\" \/>\n<meta property=\"og:title\" content=\"MILWAUKEE M18 FPP5K-502B ER\u0150CSOMAG 2X5,0Ah SZERSZ\u00c1MT\u00c1SK\u00c1BAN (4933471209)\" \/>\n<meta property=\"og:description\" content=\"A k\u00e9szlet tartalma:   1 db M18 CBLDD KOMPAKT SZ\u00c9NKEFE N\u00c9LK\u00dcLI F\u00daR\u00d3CSAVAROZ\u00d3  1 db M18 CBLID KOMPAKT SZ\u00c9NKEFE N\u00c9LK\u00dcLI 1\/4\u2033 HEX \u00dcTVECSAVAROZ\u00d3  1 db M18 CCS55 FUEL\u2122 K\u00d6RF\u0170R\u00c9SZ F\u00c1HOZ \u00c9S M\u0170ANYAGHOZ 55 MM-ES V\u00c1G\u00c1SI M\u00c9LYS\u00c9GGEL  1 db M18 BMT MULTI-TOOL  1 db M18 FBJS FUEL\u2122 SZ\u00daR\u00d3F\u0170R\u00c9SZ  2 db M18 HB5 5.0 Ah akkumul\u00e1tor  1 db M12-18 FC gyorst\u00f6lt\u0151  1 db Szersz\u00e1mt\u00e1ska\" \/>\n<meta property=\"og:url\" content=\"https:\/\/www.eurosmart.hu\/shop\/index.php\/termek\/milwaukee-m18-fpp5k-502b-erocsomag-2x50ah-szerszamtaskaban-4933471209\/\" \/>\n<meta property=\"og:site_name\" content=\"Eurosmart - Milwaukee web\u00e1ruh\u00e1z\" \/>\n<meta property=\"article:publisher\" content=\"https:\/\/www.facebook.com\/EurosmartKft\" \/>\n<meta property=\"article:modified_time\" content=\"2024-01-22T15:22:51+00:00\" \/>\n<meta property=\"og:image\" content=\"https:\/\/www.eurosmart.hu\/shop\/wp-content\/uploads\/2024\/01\/4933471209.webp\" \/>\n\t<meta property=\"og:image:width\" content=\"1000\" \/>\n\t<meta property=\"og:image:height\" content=\"1000\" \/>\n\t<meta property=\"og:image:type\" content=\"image\/webp\" \/>\n<meta name=\"twitter:card\" content=\"summary_large_image\" \/>\n<meta name=\"twitter:label1\" content=\"Price\" \/>\n\t<meta name=\"twitter:data1\" content=\"\" \/>\n\t<meta name=\"twitter:label2\" content=\"Availability\" \/>\n\t<meta name=\"twitter:data2\" content=\"On backorder\" \/>\n<script type=\"application\/ld+json\" class=\"yoast-schema-graph\">{\"@context\":\"https:\/\/schema.org\",\"@graph\":[{\"@type\":\"WebPage\",\"@id\":\"https:\/\/www.eurosmart.hu\/shop\/index.php\/termek\/milwaukee-m18-fpp5k-502b-erocsomag-2x50ah-szerszamtaskaban-4933471209\/\",\"url\":\"https:\/\/www.eurosmart.hu\/shop\/index.php\/termek\/milwaukee-m18-fpp5k-502b-erocsomag-2x50ah-szerszamtaskaban-4933471209\/\",\"name\":\"MILWAUKEE M18 FPP5K-502B ER\u0150CSOMAG 2X5,0Ah SZERSZ\u00c1MT\u00c1SK\u00c1BAN (4933471209) - Eurosmart - Milwaukee web\u00e1ruh\u00e1z\",\"isPartOf\":{\"@id\":\"https:\/\/www.eurosmart.hu\/shop\/#website\"},\"datePublished\":\"2024-01-22T15:15:29+00:00\",\"dateModified\":\"2024-01-22T15:22:51+00:00\",\"breadcrumb\":{\"@id\":\"https:\/\/www.eurosmart.hu\/shop\/index.php\/termek\/milwaukee-m18-fpp5k-502b-erocsomag-2x50ah-szerszamtaskaban-4933471209\/#breadcrumb\"},\"inLanguage\":\"hu\",\"potentialAction\":[{\"@type\":\"ReadAction\",\"target\":[\"https:\/\/www.eurosmart.hu\/shop\/index.php\/termek\/milwaukee-m18-fpp5k-502b-erocsomag-2x50ah-szerszamtaskaban-4933471209\/\"]}]},{\"@type\":\"BreadcrumbList\",\"@id\":\"https:\/\/www.eurosmart.hu\/shop\/index.php\/termek\/milwaukee-m18-fpp5k-502b-erocsomag-2x50ah-szerszamtaskaban-4933471209\/#breadcrumb\",\"itemListElement\":[{\"@type\":\"ListItem\",\"position\":1,\"name\":\"Kezd\u0151lap\",\"item\":\"https:\/\/www.eurosmart.hu\/shop\/\"},{\"@type\":\"ListItem\",\"position\":2,\"name\":\"Term\u00e9keink\",\"item\":\"https:\/\/www.eurosmart.hu\/shop\/index.php\/uzlet\/\"},{\"@type\":\"ListItem\",\"position\":3,\"name\":\"MILWAUKEE M18 FPP5K-502B ER\u0150CSOMAG 2X5,0Ah SZERSZ\u00c1MT\u00c1SK\u00c1BAN (4933471209)\"}]},{\"@type\":\"WebSite\",\"@id\":\"https:\/\/www.eurosmart.hu\/shop\/#website\",\"url\":\"https:\/\/www.eurosmart.hu\/shop\/\",\"name\":\"Eurosmart - Milwaukee web\u00e1ruh\u00e1z\",\"description\":\"Milwaukee web\u00e1ruh\u00e1z\",\"publisher\":{\"@id\":\"https:\/\/www.eurosmart.hu\/shop\/#organization\"},\"potentialAction\":[{\"@type\":\"SearchAction\",\"target\":{\"@type\":\"EntryPoint\",\"urlTemplate\":\"https:\/\/www.eurosmart.hu\/shop\/?s={search_term_string}\"},\"query-input\":\"required name=search_term_string\"}],\"inLanguage\":\"hu\"},{\"@type\":\"Organization\",\"@id\":\"https:\/\/www.eurosmart.hu\/shop\/#organization\",\"name\":\"Eurosmart - Milwaukee web\u00e1ruh\u00e1z\",\"url\":\"https:\/\/www.eurosmart.hu\/shop\/\",\"logo\":{\"@type\":\"ImageObject\",\"inLanguage\":\"hu\",\"@id\":\"https:\/\/www.eurosmart.hu\/shop\/#\/schema\/logo\/image\/\",\"url\":\"https:\/\/www.eurosmart.hu\/shop\/wp-content\/uploads\/2023\/10\/milwaukee-logo-1.png\",\"contentUrl\":\"https:\/\/www.eurosmart.hu\/shop\/wp-content\/uploads\/2023\/10\/milwaukee-logo-1.png\",\"width\":500,\"height\":200,\"caption\":\"Eurosmart - Milwaukee web\u00e1ruh\u00e1z\"},\"image\":{\"@id\":\"https:\/\/www.eurosmart.hu\/shop\/#\/schema\/logo\/image\/\"},\"sameAs\":[\"https:\/\/www.facebook.com\/EurosmartKft\"]}]}<\/script>\n<meta property=\"product:price:amount\" content=\"0\" \/>\n<meta property=\"product:price:currency\" content=\"HUF\" \/>\n<meta property=\"og:availability\" content=\"backorder\" \/>\n<meta property=\"product:availability\" content=\"available for order\" \/>\n<meta property=\"product:retailer_item_id\" content=\"4933471209\" \/>\n<meta property=\"product:condition\" content=\"new\" \/>\n<!-- \/ Yoast SEO Premium plugin. -->","yoast_head_json":{"title":"MILWAUKEE M18 FPP5K-502B ER\u0150CSOMAG 2X5,0Ah SZERSZ\u00c1MT\u00c1SK\u00c1BAN (4933471209) - Eurosmart - Milwaukee web\u00e1ruh\u00e1z","robots":{"index":"index","follow":"follow","max-snippet":"max-snippet:-1","max-image-preview":"max-image-preview:large","max-video-preview":"max-video-preview:-1"},"canonical":"https:\/\/www.eurosmart.hu\/shop\/index.php\/termek\/milwaukee-m18-fpp5k-502b-erocsomag-2x50ah-szerszamtaskaban-4933471209\/","og_locale":"hu_HU","og_type":"article","og_title":"MILWAUKEE M18 FPP5K-502B ER\u0150CSOMAG 2X5,0Ah SZERSZ\u00c1MT\u00c1SK\u00c1BAN (4933471209)","og_description":"A k\u00e9szlet tartalma:   1 db M18 CBLDD KOMPAKT SZ\u00c9NKEFE N\u00c9LK\u00dcLI F\u00daR\u00d3CSAVAROZ\u00d3  1 db M18 CBLID KOMPAKT SZ\u00c9NKEFE N\u00c9LK\u00dcLI 1\/4\u2033 HEX \u00dcTVECSAVAROZ\u00d3  1 db M18 CCS55 FUEL\u2122 K\u00d6RF\u0170R\u00c9SZ F\u00c1HOZ \u00c9S M\u0170ANYAGHOZ 55 MM-ES V\u00c1G\u00c1SI M\u00c9LYS\u00c9GGEL  1 db M18 BMT MULTI-TOOL  1 db M18 FBJS FUEL\u2122 SZ\u00daR\u00d3F\u0170R\u00c9SZ  2 db M18 HB5 5.0 Ah akkumul\u00e1tor  1 db M12-18 FC gyorst\u00f6lt\u0151  1 db Szersz\u00e1mt\u00e1ska","og_url":"https:\/\/www.eurosmart.hu\/shop\/index.php\/termek\/milwaukee-m18-fpp5k-502b-erocsomag-2x50ah-szerszamtaskaban-4933471209\/","og_site_name":"Eurosmart - Milwaukee web\u00e1ruh\u00e1z","article_publisher":"https:\/\/www.facebook.com\/EurosmartKft","article_modified_time":"2024-01-22T15:22:51+00:00","og_image":[{"width":1000,"height":1000,"url":"https:\/\/www.eurosmart.hu\/shop\/wp-content\/uploads\/2024\/01\/4933471209.webp","type":"image\/webp"}],"twitter_card":"summary_large_image","twitter_misc":{"Price":"","Availability":"On backorder"},"schema":{"@context":"https:\/\/schema.org","@graph":[{"@type":"WebPage","@id":"https:\/\/www.eurosmart.hu\/shop\/index.php\/termek\/milwaukee-m18-fpp5k-502b-erocsomag-2x50ah-szerszamtaskaban-4933471209\/","url":"https:\/\/www.eurosmart.hu\/shop\/index.php\/termek\/milwaukee-m18-fpp5k-502b-erocsomag-2x50ah-szerszamtaskaban-4933471209\/","name":"MILWAUKEE M18 FPP5K-502B ER\u0150CSOMAG 2X5,0Ah SZERSZ\u00c1MT\u00c1SK\u00c1BAN (4933471209) - Eurosmart - Milwaukee web\u00e1ruh\u00e1z","isPartOf":{"@id":"https:\/\/www.eurosmart.hu\/shop\/#website"},"datePublished":"2024-01-22T15:15:29+00:00","dateModified":"2024-01-22T15:22:51+00:00","breadcrumb":{"@id":"https:\/\/www.eurosmart.hu\/shop\/index.php\/termek\/milwaukee-m18-fpp5k-502b-erocsomag-2x50ah-szerszamtaskaban-4933471209\/#breadcrumb"},"inLanguage":"hu","potentialAction":[{"@type":"ReadAction","target":["https:\/\/www.eurosmart.hu\/shop\/index.php\/termek\/milwaukee-m18-fpp5k-502b-erocsomag-2x50ah-szerszamtaskaban-4933471209\/"]}]},{"@type":"BreadcrumbList","@id":"https:\/\/www.eurosmart.hu\/shop\/index.php\/termek\/milwaukee-m18-fpp5k-502b-erocsomag-2x50ah-szerszamtaskaban-4933471209\/#breadcrumb","itemListElement":[{"@type":"ListItem","position":1,"name":"Kezd\u0151lap","item":"https:\/\/www.eurosmart.hu\/shop\/"},{"@type":"ListItem","position":2,"name":"Term\u00e9keink","item":"https:\/\/www.eurosmart.hu\/shop\/index.php\/uzlet\/"},{"@type":"ListItem","position":3,"name":"MILWAUKEE M18 FPP5K-502B ER\u0150CSOMAG 2X5,0Ah SZERSZ\u00c1MT\u00c1SK\u00c1BAN (4933471209)"}]},{"@type":"WebSite","@id":"https:\/\/www.eurosmart.hu\/shop\/#website","url":"https:\/\/www.eurosmart.hu\/shop\/","name":"Eurosmart - Milwaukee web\u00e1ruh\u00e1z","description":"Milwaukee web\u00e1ruh\u00e1z","publisher":{"@id":"https:\/\/www.eurosmart.hu\/shop\/#organization"},"potentialAction":[{"@type":"SearchAction","target":{"@type":"EntryPoint","urlTemplate":"https:\/\/www.eurosmart.hu\/shop\/?s={search_term_string}"},"query-input":"required name=search_term_string"}],"inLanguage":"hu"},{"@type":"Organization","@id":"https:\/\/www.eurosmart.hu\/shop\/#organization","name":"Eurosmart - Milwaukee web\u00e1ruh\u00e1z","url":"https:\/\/www.eurosmart.hu\/shop\/","logo":{"@type":"ImageObject","inLanguage":"hu","@id":"https:\/\/www.eurosmart.hu\/shop\/#\/schema\/logo\/image\/","url":"https:\/\/www.eurosmart.hu\/shop\/wp-content\/uploads\/2023\/10\/milwaukee-logo-1.png","contentUrl":"https:\/\/www.eurosmart.hu\/shop\/wp-content\/uploads\/2023\/10\/milwaukee-logo-1.png","width":500,"height":200,"caption":"Eurosmart - Milwaukee web\u00e1ruh\u00e1z"},"image":{"@id":"https:\/\/www.eurosmart.hu\/shop\/#\/schema\/logo\/image\/"},"sameAs":["https:\/\/www.facebook.com\/EurosmartKft"]}]},"product_price_currency":"HUF","og_availability":"backorder","product_availability":"available for order","product_retailer_item_id":"4933471209","product_condition":"new"},"_links":{"self":[{"href":"https:\/\/www.eurosmart.hu\/shop\/index.php\/wp-json\/wp\/v2\/product\/4887","targetHints":{"allow":["GET"]}}],"collection":[{"href":"https:\/\/www.eurosmart.hu\/shop\/index.php\/wp-json\/wp\/v2\/product"}],"about":[{"href":"https:\/\/www.eurosmart.hu\/shop\/index.php\/wp-json\/wp\/v2\/types\/product"}],"wp:featuredmedia":[{"embeddable":true,"href":"https:\/\/www.eurosmart.hu\/shop\/index.php\/wp-json\/wp\/v2\/media\/4888"}],"wp:attachment":[{"href":"https:\/\/www.eurosmart.hu\/shop\/index.php\/wp-json\/wp\/v2\/media?parent=4887"}],"wp:term":[{"taxonomy":"product_cat","embeddable":true,"href":"https:\/\/www.eurosmart.hu\/shop\/index.php\/wp-json\/wp\/v2\/product_cat?post=4887"},{"taxonomy":"product_tag","embeddable":true,"href":"https:\/\/www.eurosmart.hu\/shop\/index.php\/wp-json\/wp\/v2\/product_tag?post=4887"}],"curies":[{"name":"wp","href":"https:\/\/api.w.org\/{rel}","templated":true}]}}