{"id":4810,"date":"2024-01-16T14:22:29","date_gmt":"2024-01-16T14:22:29","guid":{"rendered":"https:\/\/www.eurosmart.hu\/shop\/?post_type=product&#038;p=4810"},"modified":"2024-01-16T14:24:08","modified_gmt":"2024-01-16T14:24:08","slug":"milwaukee-m18-sal2-502b-allvanyos-termegvilagito-led-lampa-szett-szerszamtaskaban-4933492903","status":"publish","type":"product","link":"https:\/\/www.eurosmart.hu\/shop\/index.php\/termek\/milwaukee-m18-sal2-502b-allvanyos-termegvilagito-led-lampa-szett-szerszamtaskaban-4933492903\/","title":{"rendered":"MILWAUKEE M18 SAL2-502B \u00c1LLV\u00c1NYOS T\u00c9RMEGVIL\u00c1G\u00cdT\u00d3 LED L\u00c1MPA SZETT SZERSZ\u00c1MT\u00c1SK\u00c1BAN (4933492903)"},"content":{"rendered":"<h5>Tulajdons\u00e1gok:<\/h5>\n<ul>\n<li class=\"ProductFeaturesTextstyles__Feature-fxqvf2-3 ggyeUS\">TRUEVIEW\u2122 nagy teljes\u00edtm\u00e9ny\u0171 vil\u00e1g\u00edt\u00e1s<\/li>\n<li class=\"ProductFeaturesTextstyles__Feature-fxqvf2-3 ggyeUS\">12 nagy teljes\u00edtm\u00e9ny\u0171 LED 2800 Lumen f\u00e9nyer\u0151t biztos\u00edt nagy f\u00e9nykibocs\u00e1t\u00e1s eset\u00e9n<\/li>\n<li class=\"ProductFeaturesTextstyles__Feature-fxqvf2-3 ggyeUS\">\u00dct\u00e9s\u00e1ll\u00f3, \u00e1ll\u00edthat\u00f3 l\u00e1mpafej nagyon tart\u00f3s polikarbon\u00e1t lencs\u00e9kkel. A fej f\u00fcgg\u0151legesen 230\u00b0-kal illetve v\u00edzszintesen 240\u00b0-kal elford\u00edthat\u00f3<\/li>\n<li class=\"ProductFeaturesTextstyles__Feature-fxqvf2-3 ggyeUS\">V\u00e9d\u0151burkolat v\u00e9di a l\u00e1mpafejet \u00e9s lencs\u00e9ket amikor a l\u00e1mpa \u00f6ssze van csukva t\u00e1rol\u00e1shoz vagy sz\u00e1ll\u00edt\u00e1shoz<\/li>\n<li class=\"ProductFeaturesTextstyles__Feature-fxqvf2-3 ggyeUS\">1,1 \u2013 2,2 m magass\u00e1gra kih\u00fazhat\u00f3 \u00e1llv\u00e1ny \u00e1rny\u00e9k n\u00e9lk\u00fcli fel\u00fclr\u0151l megvil\u00e1g\u00edt\u00e1shoz<\/li>\n<li class=\"ProductFeaturesTextstyles__Feature-fxqvf2-3 ggyeUS\">IP54 \u2013 por \u00e9s fr\u00f6ccsen\u0151 v\u00edz ellen v\u00e9dett<\/li>\n<li class=\"ProductFeaturesTextstyles__Feature-fxqvf2-3 ggyeUS\">Kis helyig\u00e9ny alacsony s\u00falyponttal, illetve \u00fct\u00e9s\u00e1ll\u00f3 meger\u0151s\u00edtett nylon l\u00e1bak a mostoha munkahelyi k\u00f6r\u00fclm\u00e9nyek elleni v\u00e9delem\u00e9rt<\/li>\n<li class=\"ProductFeaturesTextstyles__Feature-fxqvf2-3 ggyeUS\">Hordoz\u00f3foganty\u00fak k\u00e9t helyen felszerelve a k\u00f6nny\u0171 egykezes sz\u00e1ll\u00edt\u00e1s\u00e9rt: \u00f6sszecsukott \u00e1llapotban egyenl\u0151 s\u00falyeloszt\u00e1s<\/li>\n<li class=\"ProductFeaturesTextstyles__Feature-fxqvf2-3 ggyeUS\">Alacsony t\u00f6lt\u00e9sszint kijelz\u00e9se \u2013 villog\u00f3 f\u00e9ny alacsony akkumul\u00e1tor t\u00f6lt\u00f6tts\u00e9gn\u00e9l<\/li>\n<li class=\"ProductFeaturesTextstyles__Feature-fxqvf2-3 ggyeUS\">Rugalmas akkumul\u00e1tor rendszerrel &#8211; MILWAUKEE\u00ae\u00a0<a href=\"https:\/\/hu.milwaukeetool.eu\/systems\/m18\/\">M18\u2122<\/a>\u00a0akkumul\u00e1torokkal m\u0171k\u00f6dik<\/li>\n<\/ul>\n<h5>M\u0171szaki adatok:<\/h5>\n<ul>\n<li>T\u00edpus: Akkumul\u00e1toros, Li-ion 18V<\/li>\n<li>IP oszt\u00e1ly: IP54<\/li>\n<li>Max f\u00e9ny\u00e1ram (lumen):\u00a0 2800\/1300\/860<\/li>\n<li>Max. m\u0171k\u00f6d\u00e9si id\u0151 (\u00f3ra): 4.5\/8.5\/13.5<\/li>\n<li>Max. magass\u00e1g (m): 2.2<\/li>\n<li>S\u00faly akkumul\u00e1torral (kg) 7.6<\/li>\n<\/ul>\n","protected":false},"excerpt":{"rendered":"<p><strong>A k\u00e9szlet tartalma:<\/strong><\/p>\n<ul>\n<li>1 db M18 SAL2 \u00e1llv\u00e1nyos LED l\u00e1mpa<\/li>\n<li>2 db M18 B5 5.0 Ah akkumul\u00e1tor<\/li>\n<li>1 db M12-18C intelligens t\u00f6lt\u0151<\/li>\n<li>1 db Szersz\u00e1mt\u00e1ska<\/li>\n<\/ul>\n","protected":false},"featured_media":4809,"template":"","meta":[],"product_cat":[165,230,59,228,195,89,192],"product_tag":[],"class_list":["post-4810","product","type-product","status-publish","has-post-thumbnail","hentry","product_cat-akkumulatoros-gepek","product_cat-m18-rendszer","product_cat-milwaukee","product_cat-rendszer","product_cat-termegvilagito-lampak","product_cat-termekek","product_cat-vilagitas-termekek"],"yoast_head":"<!-- This site is optimized with the Yoast SEO Premium plugin v21.3 (Yoast SEO v21.3) - https:\/\/yoast.com\/wordpress\/plugins\/seo\/ -->\n<title>MILWAUKEE M18 SAL2-502B \u00c1LLV\u00c1NYOS T\u00c9RMEGVIL\u00c1G\u00cdT\u00d3 LED L\u00c1MPA SZETT SZERSZ\u00c1MT\u00c1SK\u00c1BAN (4933492903) - Eurosmart - Milwaukee web\u00e1ruh\u00e1z<\/title>\n<meta name=\"robots\" content=\"index, follow, max-snippet:-1, max-image-preview:large, max-video-preview:-1\" \/>\n<link rel=\"canonical\" href=\"https:\/\/www.eurosmart.hu\/shop\/index.php\/termek\/milwaukee-m18-sal2-502b-allvanyos-termegvilagito-led-lampa-szett-szerszamtaskaban-4933492903\/\" \/>\n<meta property=\"og:locale\" content=\"hu_HU\" \/>\n<meta property=\"og:type\" content=\"article\" \/>\n<meta property=\"og:title\" content=\"MILWAUKEE M18 SAL2-502B \u00c1LLV\u00c1NYOS T\u00c9RMEGVIL\u00c1G\u00cdT\u00d3 LED L\u00c1MPA SZETT SZERSZ\u00c1MT\u00c1SK\u00c1BAN (4933492903)\" \/>\n<meta property=\"og:description\" content=\"A k\u00e9szlet tartalma:   1 db M18 SAL2 \u00e1llv\u00e1nyos LED l\u00e1mpa  2 db M18 B5 5.0 Ah akkumul\u00e1tor  1 db M12-18C intelligens t\u00f6lt\u0151  1 db Szersz\u00e1mt\u00e1ska\" \/>\n<meta property=\"og:url\" content=\"https:\/\/www.eurosmart.hu\/shop\/index.php\/termek\/milwaukee-m18-sal2-502b-allvanyos-termegvilagito-led-lampa-szett-szerszamtaskaban-4933492903\/\" \/>\n<meta property=\"og:site_name\" content=\"Eurosmart - Milwaukee web\u00e1ruh\u00e1z\" \/>\n<meta property=\"article:publisher\" content=\"https:\/\/www.facebook.com\/EurosmartKft\" \/>\n<meta property=\"article:modified_time\" content=\"2024-01-16T14:24:08+00:00\" \/>\n<meta property=\"og:image\" content=\"https:\/\/www.eurosmart.hu\/shop\/wp-content\/uploads\/2024\/01\/4933492486.webp\" \/>\n\t<meta property=\"og:image:width\" content=\"1000\" \/>\n\t<meta property=\"og:image:height\" content=\"1000\" \/>\n\t<meta property=\"og:image:type\" content=\"image\/webp\" \/>\n<meta name=\"twitter:card\" content=\"summary_large_image\" \/>\n<meta name=\"twitter:label1\" content=\"Price\" \/>\n\t<meta name=\"twitter:data1\" content=\"\" \/>\n\t<meta name=\"twitter:label2\" content=\"Availability\" \/>\n\t<meta name=\"twitter:data2\" content=\"On backorder\" \/>\n<script type=\"application\/ld+json\" class=\"yoast-schema-graph\">{\"@context\":\"https:\/\/schema.org\",\"@graph\":[{\"@type\":\"WebPage\",\"@id\":\"https:\/\/www.eurosmart.hu\/shop\/index.php\/termek\/milwaukee-m18-sal2-502b-allvanyos-termegvilagito-led-lampa-szett-szerszamtaskaban-4933492903\/\",\"url\":\"https:\/\/www.eurosmart.hu\/shop\/index.php\/termek\/milwaukee-m18-sal2-502b-allvanyos-termegvilagito-led-lampa-szett-szerszamtaskaban-4933492903\/\",\"name\":\"MILWAUKEE M18 SAL2-502B \u00c1LLV\u00c1NYOS T\u00c9RMEGVIL\u00c1G\u00cdT\u00d3 LED L\u00c1MPA SZETT SZERSZ\u00c1MT\u00c1SK\u00c1BAN (4933492903) - Eurosmart - Milwaukee web\u00e1ruh\u00e1z\",\"isPartOf\":{\"@id\":\"https:\/\/www.eurosmart.hu\/shop\/#website\"},\"datePublished\":\"2024-01-16T14:22:29+00:00\",\"dateModified\":\"2024-01-16T14:24:08+00:00\",\"breadcrumb\":{\"@id\":\"https:\/\/www.eurosmart.hu\/shop\/index.php\/termek\/milwaukee-m18-sal2-502b-allvanyos-termegvilagito-led-lampa-szett-szerszamtaskaban-4933492903\/#breadcrumb\"},\"inLanguage\":\"hu\",\"potentialAction\":[{\"@type\":\"ReadAction\",\"target\":[\"https:\/\/www.eurosmart.hu\/shop\/index.php\/termek\/milwaukee-m18-sal2-502b-allvanyos-termegvilagito-led-lampa-szett-szerszamtaskaban-4933492903\/\"]}]},{\"@type\":\"BreadcrumbList\",\"@id\":\"https:\/\/www.eurosmart.hu\/shop\/index.php\/termek\/milwaukee-m18-sal2-502b-allvanyos-termegvilagito-led-lampa-szett-szerszamtaskaban-4933492903\/#breadcrumb\",\"itemListElement\":[{\"@type\":\"ListItem\",\"position\":1,\"name\":\"Kezd\u0151lap\",\"item\":\"https:\/\/www.eurosmart.hu\/shop\/\"},{\"@type\":\"ListItem\",\"position\":2,\"name\":\"Term\u00e9keink\",\"item\":\"https:\/\/www.eurosmart.hu\/shop\/index.php\/uzlet\/\"},{\"@type\":\"ListItem\",\"position\":3,\"name\":\"MILWAUKEE M18 SAL2-502B \u00c1LLV\u00c1NYOS T\u00c9RMEGVIL\u00c1G\u00cdT\u00d3 LED L\u00c1MPA SZETT SZERSZ\u00c1MT\u00c1SK\u00c1BAN (4933492903)\"}]},{\"@type\":\"WebSite\",\"@id\":\"https:\/\/www.eurosmart.hu\/shop\/#website\",\"url\":\"https:\/\/www.eurosmart.hu\/shop\/\",\"name\":\"Eurosmart - Milwaukee web\u00e1ruh\u00e1z\",\"description\":\"Milwaukee web\u00e1ruh\u00e1z\",\"publisher\":{\"@id\":\"https:\/\/www.eurosmart.hu\/shop\/#organization\"},\"potentialAction\":[{\"@type\":\"SearchAction\",\"target\":{\"@type\":\"EntryPoint\",\"urlTemplate\":\"https:\/\/www.eurosmart.hu\/shop\/?s={search_term_string}\"},\"query-input\":\"required name=search_term_string\"}],\"inLanguage\":\"hu\"},{\"@type\":\"Organization\",\"@id\":\"https:\/\/www.eurosmart.hu\/shop\/#organization\",\"name\":\"Eurosmart - Milwaukee web\u00e1ruh\u00e1z\",\"url\":\"https:\/\/www.eurosmart.hu\/shop\/\",\"logo\":{\"@type\":\"ImageObject\",\"inLanguage\":\"hu\",\"@id\":\"https:\/\/www.eurosmart.hu\/shop\/#\/schema\/logo\/image\/\",\"url\":\"https:\/\/www.eurosmart.hu\/shop\/wp-content\/uploads\/2023\/10\/milwaukee-logo-1.png\",\"contentUrl\":\"https:\/\/www.eurosmart.hu\/shop\/wp-content\/uploads\/2023\/10\/milwaukee-logo-1.png\",\"width\":500,\"height\":200,\"caption\":\"Eurosmart - Milwaukee web\u00e1ruh\u00e1z\"},\"image\":{\"@id\":\"https:\/\/www.eurosmart.hu\/shop\/#\/schema\/logo\/image\/\"},\"sameAs\":[\"https:\/\/www.facebook.com\/EurosmartKft\"]}]}<\/script>\n<meta property=\"product:price:amount\" content=\"0\" \/>\n<meta property=\"product:price:currency\" content=\"HUF\" \/>\n<meta property=\"og:availability\" content=\"backorder\" \/>\n<meta property=\"product:availability\" content=\"available for order\" \/>\n<meta property=\"product:retailer_item_id\" content=\"4933492903\" \/>\n<meta property=\"product:condition\" content=\"new\" \/>\n<!-- \/ Yoast SEO Premium plugin. -->","yoast_head_json":{"title":"MILWAUKEE M18 SAL2-502B \u00c1LLV\u00c1NYOS T\u00c9RMEGVIL\u00c1G\u00cdT\u00d3 LED L\u00c1MPA SZETT SZERSZ\u00c1MT\u00c1SK\u00c1BAN (4933492903) - Eurosmart - Milwaukee web\u00e1ruh\u00e1z","robots":{"index":"index","follow":"follow","max-snippet":"max-snippet:-1","max-image-preview":"max-image-preview:large","max-video-preview":"max-video-preview:-1"},"canonical":"https:\/\/www.eurosmart.hu\/shop\/index.php\/termek\/milwaukee-m18-sal2-502b-allvanyos-termegvilagito-led-lampa-szett-szerszamtaskaban-4933492903\/","og_locale":"hu_HU","og_type":"article","og_title":"MILWAUKEE M18 SAL2-502B \u00c1LLV\u00c1NYOS T\u00c9RMEGVIL\u00c1G\u00cdT\u00d3 LED L\u00c1MPA SZETT SZERSZ\u00c1MT\u00c1SK\u00c1BAN (4933492903)","og_description":"A k\u00e9szlet tartalma:   1 db M18 SAL2 \u00e1llv\u00e1nyos LED l\u00e1mpa  2 db M18 B5 5.0 Ah akkumul\u00e1tor  1 db M12-18C intelligens t\u00f6lt\u0151  1 db Szersz\u00e1mt\u00e1ska","og_url":"https:\/\/www.eurosmart.hu\/shop\/index.php\/termek\/milwaukee-m18-sal2-502b-allvanyos-termegvilagito-led-lampa-szett-szerszamtaskaban-4933492903\/","og_site_name":"Eurosmart - Milwaukee web\u00e1ruh\u00e1z","article_publisher":"https:\/\/www.facebook.com\/EurosmartKft","article_modified_time":"2024-01-16T14:24:08+00:00","og_image":[{"width":1000,"height":1000,"url":"https:\/\/www.eurosmart.hu\/shop\/wp-content\/uploads\/2024\/01\/4933492486.webp","type":"image\/webp"}],"twitter_card":"summary_large_image","twitter_misc":{"Price":"","Availability":"On backorder"},"schema":{"@context":"https:\/\/schema.org","@graph":[{"@type":"WebPage","@id":"https:\/\/www.eurosmart.hu\/shop\/index.php\/termek\/milwaukee-m18-sal2-502b-allvanyos-termegvilagito-led-lampa-szett-szerszamtaskaban-4933492903\/","url":"https:\/\/www.eurosmart.hu\/shop\/index.php\/termek\/milwaukee-m18-sal2-502b-allvanyos-termegvilagito-led-lampa-szett-szerszamtaskaban-4933492903\/","name":"MILWAUKEE M18 SAL2-502B \u00c1LLV\u00c1NYOS T\u00c9RMEGVIL\u00c1G\u00cdT\u00d3 LED L\u00c1MPA SZETT SZERSZ\u00c1MT\u00c1SK\u00c1BAN (4933492903) - Eurosmart - Milwaukee web\u00e1ruh\u00e1z","isPartOf":{"@id":"https:\/\/www.eurosmart.hu\/shop\/#website"},"datePublished":"2024-01-16T14:22:29+00:00","dateModified":"2024-01-16T14:24:08+00:00","breadcrumb":{"@id":"https:\/\/www.eurosmart.hu\/shop\/index.php\/termek\/milwaukee-m18-sal2-502b-allvanyos-termegvilagito-led-lampa-szett-szerszamtaskaban-4933492903\/#breadcrumb"},"inLanguage":"hu","potentialAction":[{"@type":"ReadAction","target":["https:\/\/www.eurosmart.hu\/shop\/index.php\/termek\/milwaukee-m18-sal2-502b-allvanyos-termegvilagito-led-lampa-szett-szerszamtaskaban-4933492903\/"]}]},{"@type":"BreadcrumbList","@id":"https:\/\/www.eurosmart.hu\/shop\/index.php\/termek\/milwaukee-m18-sal2-502b-allvanyos-termegvilagito-led-lampa-szett-szerszamtaskaban-4933492903\/#breadcrumb","itemListElement":[{"@type":"ListItem","position":1,"name":"Kezd\u0151lap","item":"https:\/\/www.eurosmart.hu\/shop\/"},{"@type":"ListItem","position":2,"name":"Term\u00e9keink","item":"https:\/\/www.eurosmart.hu\/shop\/index.php\/uzlet\/"},{"@type":"ListItem","position":3,"name":"MILWAUKEE M18 SAL2-502B \u00c1LLV\u00c1NYOS T\u00c9RMEGVIL\u00c1G\u00cdT\u00d3 LED L\u00c1MPA SZETT SZERSZ\u00c1MT\u00c1SK\u00c1BAN (4933492903)"}]},{"@type":"WebSite","@id":"https:\/\/www.eurosmart.hu\/shop\/#website","url":"https:\/\/www.eurosmart.hu\/shop\/","name":"Eurosmart - Milwaukee web\u00e1ruh\u00e1z","description":"Milwaukee web\u00e1ruh\u00e1z","publisher":{"@id":"https:\/\/www.eurosmart.hu\/shop\/#organization"},"potentialAction":[{"@type":"SearchAction","target":{"@type":"EntryPoint","urlTemplate":"https:\/\/www.eurosmart.hu\/shop\/?s={search_term_string}"},"query-input":"required name=search_term_string"}],"inLanguage":"hu"},{"@type":"Organization","@id":"https:\/\/www.eurosmart.hu\/shop\/#organization","name":"Eurosmart - Milwaukee web\u00e1ruh\u00e1z","url":"https:\/\/www.eurosmart.hu\/shop\/","logo":{"@type":"ImageObject","inLanguage":"hu","@id":"https:\/\/www.eurosmart.hu\/shop\/#\/schema\/logo\/image\/","url":"https:\/\/www.eurosmart.hu\/shop\/wp-content\/uploads\/2023\/10\/milwaukee-logo-1.png","contentUrl":"https:\/\/www.eurosmart.hu\/shop\/wp-content\/uploads\/2023\/10\/milwaukee-logo-1.png","width":500,"height":200,"caption":"Eurosmart - Milwaukee web\u00e1ruh\u00e1z"},"image":{"@id":"https:\/\/www.eurosmart.hu\/shop\/#\/schema\/logo\/image\/"},"sameAs":["https:\/\/www.facebook.com\/EurosmartKft"]}]},"product_price_currency":"HUF","og_availability":"backorder","product_availability":"available for order","product_retailer_item_id":"4933492903","product_condition":"new"},"_links":{"self":[{"href":"https:\/\/www.eurosmart.hu\/shop\/index.php\/wp-json\/wp\/v2\/product\/4810","targetHints":{"allow":["GET"]}}],"collection":[{"href":"https:\/\/www.eurosmart.hu\/shop\/index.php\/wp-json\/wp\/v2\/product"}],"about":[{"href":"https:\/\/www.eurosmart.hu\/shop\/index.php\/wp-json\/wp\/v2\/types\/product"}],"wp:featuredmedia":[{"embeddable":true,"href":"https:\/\/www.eurosmart.hu\/shop\/index.php\/wp-json\/wp\/v2\/media\/4809"}],"wp:attachment":[{"href":"https:\/\/www.eurosmart.hu\/shop\/index.php\/wp-json\/wp\/v2\/media?parent=4810"}],"wp:term":[{"taxonomy":"product_cat","embeddable":true,"href":"https:\/\/www.eurosmart.hu\/shop\/index.php\/wp-json\/wp\/v2\/product_cat?post=4810"},{"taxonomy":"product_tag","embeddable":true,"href":"https:\/\/www.eurosmart.hu\/shop\/index.php\/wp-json\/wp\/v2\/product_tag?post=4810"}],"curies":[{"name":"wp","href":"https:\/\/api.w.org\/{rel}","templated":true}]}}