{"id":4722,"date":"2024-01-11T12:38:55","date_gmt":"2024-01-11T12:38:55","guid":{"rendered":"https:\/\/www.eurosmart.hu\/shop\/?post_type=product&#038;p=4722"},"modified":"2024-01-11T12:38:56","modified_gmt":"2024-01-11T12:38:56","slug":"milwaukee-m12-pl-0c-csovezetek-helymeghatarozo-kofferben-4933471995","status":"publish","type":"product","link":"https:\/\/www.eurosmart.hu\/shop\/index.php\/termek\/milwaukee-m12-pl-0c-csovezetek-helymeghatarozo-kofferben-4933471995\/","title":{"rendered":"MILWAUKEE M12 PL-0C CS\u0150VEZET\u00c9K HELYMEGHAT\u00c1ROZ\u00d3 KOFFERBEN (4933471995)"},"content":{"rendered":"<h5>Tulajdons\u00e1gok:<\/h5>\n<ul class=\"ProductFeaturesTextstyles__FeatureList-fxqvf2-1 eacpVB\">\n<li class=\"ProductFeaturesTextstyles__Feature-fxqvf2-3 ggyeUS\">K\u00f6nnyen haszn\u00e1lhat\u00f3 cs\u0151vezet\u00e9k helymeghat\u00e1roz\u00f3: 2 k\u00f6rsug\u00e1rz\u00f3 antenn\u00e1val k\u00f6nnyen, zavar\u00f3jelek n\u00e9lk\u00fcl meghat\u00e1rozhat\u00f3 a szond\u00e1k \u00e9s a fesz\u00fclts\u00e9g alatt l\u00e9v\u0151 vezet\u00e9kek helye<\/li>\n<li class=\"ProductFeaturesTextstyles__Feature-fxqvf2-3 ggyeUS\">Kateg\u00f3ri\u00e1j\u00e1ban az els\u0151 helymeghat\u00e1roz\u00f3\u00a0<a href=\"https:\/\/hu.milwaukeetool.eu\/systems\/m12\/\">M12\u2122<\/a>\u00a02,0 Ah-s, 12 V-os akkumul\u00e1torral, 13 \u00f3ra \u00fczemid\u0151vel, gyakori cser\u00e9t ig\u00e9nyl\u0151 alk\u00e1li elemek n\u00e9lk\u00fcl<\/li>\n<li class=\"ProductFeaturesTextstyles__Feature-fxqvf2-3 ggyeUS\">4,3\u2033 sz\u00ednes LCD k\u00e9perny\u0151 h\u00e1tt\u00e9rvil\u00e1g\u00edt\u00e1s\u00fa gombokkal a jobb l\u00e1that\u00f3s\u00e1g \u00e9rdek\u00e9ben<\/li>\n<li class=\"ProductFeaturesTextstyles__Feature-fxqvf2-3 ggyeUS\">Akt\u00edv vezet\u0151 indik\u00e1torok: a ny\u00edl ikon a szonda ir\u00e1ny\u00e1ba mutat, m\u00edg az ir\u00e1nyt\u0171 indik\u00e1tor a fesz\u00fclts\u00e9g alatt l\u00e9v\u0151 vezet\u00e9k vonalvezet\u00e9s\u00e9t jelzi<\/li>\n<li class=\"ProductFeaturesTextstyles__Feature-fxqvf2-3 ggyeUS\">Z\u00e1rt akkumul\u00e1tor ajt\u00f3 a legkem\u00e9nyebb k\u00f6r\u00fclm\u00e9nyek elleni v\u00e9delem \u00e9rdek\u00e9ben &#8211; IP65 v\u00e9delmi oszt\u00e1ly<\/li>\n<li class=\"ProductFeaturesTextstyles__Feature-fxqvf2-3 ggyeUS\">A\u00a0<a href=\"https:\/\/hu.milwaukeetool.eu\/systems\/one-key\/\">ONE-KEY\u2122<\/a>\u00a0eszk\u00f6zk\u00f6vet\u00e9s \u00e9s biztons\u00e1g ingyenes, felh\u0151alap\u00fa nyomon k\u00f6vet\u00e9si h\u00e1l\u00f3zatot \u00e9s fel\u00fcgyeleti platformot k\u00edn\u00e1l eszk\u00f6zeihez. A\u00a0<a href=\"https:\/\/hu.milwaukeetool.eu\/systems\/one-key\/\">ONE-KEY\u2122<\/a>\u00a0szint\u00e9n rendelkezik t\u00e1voli szersz\u00e1mz\u00e1r funkci\u00f3val.<\/li>\n<li class=\"ProductFeaturesTextstyles__Feature-fxqvf2-3 ggyeUS\">Rugalmas akkumul\u00e1tor rendszerrel &#8211; MILWAUKEE\u00ae\u00a0<a href=\"https:\/\/hu.milwaukeetool.eu\/systems\/m12\/\">M12\u2122<\/a>\u00a0akkumul\u00e1torokkal m\u0171k\u00f6dik<\/li>\n<\/ul>\n<h5>M\u0171szaki adatok:<\/h5>\n<ul>\n<li>T\u00edpus: Akkumul\u00e1toros, Li-ion 12V<\/li>\n<li>IP oszt\u00e1ly: 65<\/li>\n<li>Kijelz\u0151 m\u00e9rete (Inch): 4.3<\/li>\n<li>Szondafrekvencia (K)(Hz): 512, 640,33<\/li>\n<li>S\u00faly akkumul\u00e1torral (kg): 2.6<\/li>\n<\/ul>\n","protected":false},"excerpt":{"rendered":"<p><strong>A k\u00e9szlet tartalma:<\/strong><\/p>\n<ul>\n<li>1 db M12 PL cs\u0151vezet\u00e9k helymeghat\u00e1roz\u00f3 <em>(t\u00f6lt\u0151 \u00e9s akkumul\u00e1tor n\u00e9lk\u00fcl sz\u00e1ll\u00edtva!)<\/em><\/li>\n<li>1 db Szersz\u00e1mkoffer<\/li>\n<li>1 db USB-C k\u00e1bel<\/li>\n<\/ul>\n","protected":false},"featured_media":4723,"template":"","meta":[],"product_cat":[165,170,231,59,228,89],"product_tag":[],"class_list":["post-4722","product","type-product","status-publish","has-post-thumbnail","hentry","product_cat-akkumulatoros-gepek","product_cat-lezerek-es-meroeszkozok","product_cat-m12-rendszer","product_cat-milwaukee","product_cat-rendszer","product_cat-termekek"],"yoast_head":"<!-- This site is optimized with the Yoast SEO Premium plugin v21.3 (Yoast SEO v21.3) - https:\/\/yoast.com\/wordpress\/plugins\/seo\/ -->\n<title>MILWAUKEE M12 PL-0C CS\u0150VEZET\u00c9K HELYMEGHAT\u00c1ROZ\u00d3 KOFFERBEN (4933471995) - Eurosmart - Milwaukee web\u00e1ruh\u00e1z<\/title>\n<meta name=\"robots\" content=\"index, follow, max-snippet:-1, max-image-preview:large, max-video-preview:-1\" \/>\n<link rel=\"canonical\" href=\"https:\/\/www.eurosmart.hu\/shop\/index.php\/termek\/milwaukee-m12-pl-0c-csovezetek-helymeghatarozo-kofferben-4933471995\/\" \/>\n<meta property=\"og:locale\" content=\"hu_HU\" \/>\n<meta property=\"og:type\" content=\"article\" \/>\n<meta property=\"og:title\" content=\"MILWAUKEE M12 PL-0C CS\u0150VEZET\u00c9K HELYMEGHAT\u00c1ROZ\u00d3 KOFFERBEN (4933471995)\" \/>\n<meta property=\"og:description\" content=\"A k\u00e9szlet tartalma:   1 db M12 PL cs\u0151vezet\u00e9k helymeghat\u00e1roz\u00f3 (t\u00f6lt\u0151 \u00e9s akkumul\u00e1tor n\u00e9lk\u00fcl sz\u00e1ll\u00edtva!)  1 db Szersz\u00e1mkoffer  1 db USB-C k\u00e1bel\" \/>\n<meta property=\"og:url\" content=\"https:\/\/www.eurosmart.hu\/shop\/index.php\/termek\/milwaukee-m12-pl-0c-csovezetek-helymeghatarozo-kofferben-4933471995\/\" \/>\n<meta property=\"og:site_name\" content=\"Eurosmart - Milwaukee web\u00e1ruh\u00e1z\" \/>\n<meta property=\"article:publisher\" content=\"https:\/\/www.facebook.com\/EurosmartKft\" \/>\n<meta property=\"article:modified_time\" content=\"2024-01-11T12:38:56+00:00\" \/>\n<meta property=\"og:image\" content=\"https:\/\/www.eurosmart.hu\/shop\/wp-content\/uploads\/2024\/01\/4933471995.webp\" \/>\n\t<meta property=\"og:image:width\" content=\"1000\" \/>\n\t<meta property=\"og:image:height\" content=\"1000\" \/>\n\t<meta property=\"og:image:type\" content=\"image\/webp\" \/>\n<meta name=\"twitter:card\" content=\"summary_large_image\" \/>\n<meta name=\"twitter:label1\" content=\"Price\" \/>\n\t<meta name=\"twitter:data1\" content=\"\" \/>\n\t<meta name=\"twitter:label2\" content=\"Availability\" \/>\n\t<meta name=\"twitter:data2\" content=\"On backorder\" \/>\n<script type=\"application\/ld+json\" class=\"yoast-schema-graph\">{\"@context\":\"https:\/\/schema.org\",\"@graph\":[{\"@type\":\"WebPage\",\"@id\":\"https:\/\/www.eurosmart.hu\/shop\/index.php\/termek\/milwaukee-m12-pl-0c-csovezetek-helymeghatarozo-kofferben-4933471995\/\",\"url\":\"https:\/\/www.eurosmart.hu\/shop\/index.php\/termek\/milwaukee-m12-pl-0c-csovezetek-helymeghatarozo-kofferben-4933471995\/\",\"name\":\"MILWAUKEE M12 PL-0C CS\u0150VEZET\u00c9K HELYMEGHAT\u00c1ROZ\u00d3 KOFFERBEN (4933471995) - Eurosmart - Milwaukee web\u00e1ruh\u00e1z\",\"isPartOf\":{\"@id\":\"https:\/\/www.eurosmart.hu\/shop\/#website\"},\"datePublished\":\"2024-01-11T12:38:55+00:00\",\"dateModified\":\"2024-01-11T12:38:56+00:00\",\"breadcrumb\":{\"@id\":\"https:\/\/www.eurosmart.hu\/shop\/index.php\/termek\/milwaukee-m12-pl-0c-csovezetek-helymeghatarozo-kofferben-4933471995\/#breadcrumb\"},\"inLanguage\":\"hu\",\"potentialAction\":[{\"@type\":\"ReadAction\",\"target\":[\"https:\/\/www.eurosmart.hu\/shop\/index.php\/termek\/milwaukee-m12-pl-0c-csovezetek-helymeghatarozo-kofferben-4933471995\/\"]}]},{\"@type\":\"BreadcrumbList\",\"@id\":\"https:\/\/www.eurosmart.hu\/shop\/index.php\/termek\/milwaukee-m12-pl-0c-csovezetek-helymeghatarozo-kofferben-4933471995\/#breadcrumb\",\"itemListElement\":[{\"@type\":\"ListItem\",\"position\":1,\"name\":\"Kezd\u0151lap\",\"item\":\"https:\/\/www.eurosmart.hu\/shop\/\"},{\"@type\":\"ListItem\",\"position\":2,\"name\":\"Term\u00e9keink\",\"item\":\"https:\/\/www.eurosmart.hu\/shop\/index.php\/uzlet\/\"},{\"@type\":\"ListItem\",\"position\":3,\"name\":\"MILWAUKEE M12 PL-0C CS\u0150VEZET\u00c9K HELYMEGHAT\u00c1ROZ\u00d3 KOFFERBEN (4933471995)\"}]},{\"@type\":\"WebSite\",\"@id\":\"https:\/\/www.eurosmart.hu\/shop\/#website\",\"url\":\"https:\/\/www.eurosmart.hu\/shop\/\",\"name\":\"Eurosmart - Milwaukee web\u00e1ruh\u00e1z\",\"description\":\"Milwaukee web\u00e1ruh\u00e1z\",\"publisher\":{\"@id\":\"https:\/\/www.eurosmart.hu\/shop\/#organization\"},\"potentialAction\":[{\"@type\":\"SearchAction\",\"target\":{\"@type\":\"EntryPoint\",\"urlTemplate\":\"https:\/\/www.eurosmart.hu\/shop\/?s={search_term_string}\"},\"query-input\":\"required name=search_term_string\"}],\"inLanguage\":\"hu\"},{\"@type\":\"Organization\",\"@id\":\"https:\/\/www.eurosmart.hu\/shop\/#organization\",\"name\":\"Eurosmart - Milwaukee web\u00e1ruh\u00e1z\",\"url\":\"https:\/\/www.eurosmart.hu\/shop\/\",\"logo\":{\"@type\":\"ImageObject\",\"inLanguage\":\"hu\",\"@id\":\"https:\/\/www.eurosmart.hu\/shop\/#\/schema\/logo\/image\/\",\"url\":\"https:\/\/www.eurosmart.hu\/shop\/wp-content\/uploads\/2023\/10\/milwaukee-logo-1.png\",\"contentUrl\":\"https:\/\/www.eurosmart.hu\/shop\/wp-content\/uploads\/2023\/10\/milwaukee-logo-1.png\",\"width\":500,\"height\":200,\"caption\":\"Eurosmart - Milwaukee web\u00e1ruh\u00e1z\"},\"image\":{\"@id\":\"https:\/\/www.eurosmart.hu\/shop\/#\/schema\/logo\/image\/\"},\"sameAs\":[\"https:\/\/www.facebook.com\/EurosmartKft\"]}]}<\/script>\n<meta property=\"product:price:amount\" content=\"0\" \/>\n<meta property=\"product:price:currency\" content=\"HUF\" \/>\n<meta property=\"og:availability\" content=\"backorder\" \/>\n<meta property=\"product:availability\" content=\"available for order\" \/>\n<meta property=\"product:retailer_item_id\" content=\"4933471995\" \/>\n<meta property=\"product:condition\" content=\"new\" \/>\n<!-- \/ Yoast SEO Premium plugin. -->","yoast_head_json":{"title":"MILWAUKEE M12 PL-0C CS\u0150VEZET\u00c9K HELYMEGHAT\u00c1ROZ\u00d3 KOFFERBEN (4933471995) - Eurosmart - Milwaukee web\u00e1ruh\u00e1z","robots":{"index":"index","follow":"follow","max-snippet":"max-snippet:-1","max-image-preview":"max-image-preview:large","max-video-preview":"max-video-preview:-1"},"canonical":"https:\/\/www.eurosmart.hu\/shop\/index.php\/termek\/milwaukee-m12-pl-0c-csovezetek-helymeghatarozo-kofferben-4933471995\/","og_locale":"hu_HU","og_type":"article","og_title":"MILWAUKEE M12 PL-0C CS\u0150VEZET\u00c9K HELYMEGHAT\u00c1ROZ\u00d3 KOFFERBEN (4933471995)","og_description":"A k\u00e9szlet tartalma:   1 db M12 PL cs\u0151vezet\u00e9k helymeghat\u00e1roz\u00f3 (t\u00f6lt\u0151 \u00e9s akkumul\u00e1tor n\u00e9lk\u00fcl sz\u00e1ll\u00edtva!)  1 db Szersz\u00e1mkoffer  1 db USB-C k\u00e1bel","og_url":"https:\/\/www.eurosmart.hu\/shop\/index.php\/termek\/milwaukee-m12-pl-0c-csovezetek-helymeghatarozo-kofferben-4933471995\/","og_site_name":"Eurosmart - Milwaukee web\u00e1ruh\u00e1z","article_publisher":"https:\/\/www.facebook.com\/EurosmartKft","article_modified_time":"2024-01-11T12:38:56+00:00","og_image":[{"width":1000,"height":1000,"url":"https:\/\/www.eurosmart.hu\/shop\/wp-content\/uploads\/2024\/01\/4933471995.webp","type":"image\/webp"}],"twitter_card":"summary_large_image","twitter_misc":{"Price":"","Availability":"On backorder"},"schema":{"@context":"https:\/\/schema.org","@graph":[{"@type":"WebPage","@id":"https:\/\/www.eurosmart.hu\/shop\/index.php\/termek\/milwaukee-m12-pl-0c-csovezetek-helymeghatarozo-kofferben-4933471995\/","url":"https:\/\/www.eurosmart.hu\/shop\/index.php\/termek\/milwaukee-m12-pl-0c-csovezetek-helymeghatarozo-kofferben-4933471995\/","name":"MILWAUKEE M12 PL-0C CS\u0150VEZET\u00c9K HELYMEGHAT\u00c1ROZ\u00d3 KOFFERBEN (4933471995) - Eurosmart - Milwaukee web\u00e1ruh\u00e1z","isPartOf":{"@id":"https:\/\/www.eurosmart.hu\/shop\/#website"},"datePublished":"2024-01-11T12:38:55+00:00","dateModified":"2024-01-11T12:38:56+00:00","breadcrumb":{"@id":"https:\/\/www.eurosmart.hu\/shop\/index.php\/termek\/milwaukee-m12-pl-0c-csovezetek-helymeghatarozo-kofferben-4933471995\/#breadcrumb"},"inLanguage":"hu","potentialAction":[{"@type":"ReadAction","target":["https:\/\/www.eurosmart.hu\/shop\/index.php\/termek\/milwaukee-m12-pl-0c-csovezetek-helymeghatarozo-kofferben-4933471995\/"]}]},{"@type":"BreadcrumbList","@id":"https:\/\/www.eurosmart.hu\/shop\/index.php\/termek\/milwaukee-m12-pl-0c-csovezetek-helymeghatarozo-kofferben-4933471995\/#breadcrumb","itemListElement":[{"@type":"ListItem","position":1,"name":"Kezd\u0151lap","item":"https:\/\/www.eurosmart.hu\/shop\/"},{"@type":"ListItem","position":2,"name":"Term\u00e9keink","item":"https:\/\/www.eurosmart.hu\/shop\/index.php\/uzlet\/"},{"@type":"ListItem","position":3,"name":"MILWAUKEE M12 PL-0C CS\u0150VEZET\u00c9K HELYMEGHAT\u00c1ROZ\u00d3 KOFFERBEN (4933471995)"}]},{"@type":"WebSite","@id":"https:\/\/www.eurosmart.hu\/shop\/#website","url":"https:\/\/www.eurosmart.hu\/shop\/","name":"Eurosmart - Milwaukee web\u00e1ruh\u00e1z","description":"Milwaukee web\u00e1ruh\u00e1z","publisher":{"@id":"https:\/\/www.eurosmart.hu\/shop\/#organization"},"potentialAction":[{"@type":"SearchAction","target":{"@type":"EntryPoint","urlTemplate":"https:\/\/www.eurosmart.hu\/shop\/?s={search_term_string}"},"query-input":"required name=search_term_string"}],"inLanguage":"hu"},{"@type":"Organization","@id":"https:\/\/www.eurosmart.hu\/shop\/#organization","name":"Eurosmart - Milwaukee web\u00e1ruh\u00e1z","url":"https:\/\/www.eurosmart.hu\/shop\/","logo":{"@type":"ImageObject","inLanguage":"hu","@id":"https:\/\/www.eurosmart.hu\/shop\/#\/schema\/logo\/image\/","url":"https:\/\/www.eurosmart.hu\/shop\/wp-content\/uploads\/2023\/10\/milwaukee-logo-1.png","contentUrl":"https:\/\/www.eurosmart.hu\/shop\/wp-content\/uploads\/2023\/10\/milwaukee-logo-1.png","width":500,"height":200,"caption":"Eurosmart - Milwaukee web\u00e1ruh\u00e1z"},"image":{"@id":"https:\/\/www.eurosmart.hu\/shop\/#\/schema\/logo\/image\/"},"sameAs":["https:\/\/www.facebook.com\/EurosmartKft"]}]},"product_price_currency":"HUF","og_availability":"backorder","product_availability":"available for order","product_retailer_item_id":"4933471995","product_condition":"new"},"_links":{"self":[{"href":"https:\/\/www.eurosmart.hu\/shop\/index.php\/wp-json\/wp\/v2\/product\/4722","targetHints":{"allow":["GET"]}}],"collection":[{"href":"https:\/\/www.eurosmart.hu\/shop\/index.php\/wp-json\/wp\/v2\/product"}],"about":[{"href":"https:\/\/www.eurosmart.hu\/shop\/index.php\/wp-json\/wp\/v2\/types\/product"}],"wp:featuredmedia":[{"embeddable":true,"href":"https:\/\/www.eurosmart.hu\/shop\/index.php\/wp-json\/wp\/v2\/media\/4723"}],"wp:attachment":[{"href":"https:\/\/www.eurosmart.hu\/shop\/index.php\/wp-json\/wp\/v2\/media?parent=4722"}],"wp:term":[{"taxonomy":"product_cat","embeddable":true,"href":"https:\/\/www.eurosmart.hu\/shop\/index.php\/wp-json\/wp\/v2\/product_cat?post=4722"},{"taxonomy":"product_tag","embeddable":true,"href":"https:\/\/www.eurosmart.hu\/shop\/index.php\/wp-json\/wp\/v2\/product_tag?post=4722"}],"curies":[{"name":"wp","href":"https:\/\/api.w.org\/{rel}","templated":true}]}}