{"id":4707,"date":"2024-01-10T15:16:09","date_gmt":"2024-01-10T15:16:09","guid":{"rendered":"https:\/\/www.eurosmart.hu\/shop\/?post_type=product&#038;p=4707"},"modified":"2024-01-10T15:16:10","modified_gmt":"2024-01-10T15:16:10","slug":"milwaukee-2212-20-automatikus-feszultseg-folytonossag-vizsgalo-4933447776","status":"publish","type":"product","link":"https:\/\/www.eurosmart.hu\/shop\/index.php\/termek\/milwaukee-2212-20-automatikus-feszultseg-folytonossag-vizsgalo-4933447776\/","title":{"rendered":"MILWAUKEE 2212-20 AUTOMATIKUS FESZ\u00dcLTS\u00c9G \/ FOLYTONOSS\u00c1G VIZSG\u00c1L\u00d3 (4933447776)"},"content":{"rendered":"<h5>Tulajdons\u00e1gok:<\/h5>\n<ul class=\"ProductFeaturesTextstyles__FeatureList-fxqvf2-1 eacpVB\">\n<li class=\"ProductFeaturesTextstyles__Feature-fxqvf2-3 ggyeUS\">Tizedes jegyes m\u00e9r\u00e9si eredm\u00e9nyeket biztos\u00edt, \u00e9s kijelzi azokat k\u00f6nnyen olvashat\u00f3, h\u00e1tt\u00e9r vil\u00e1g\u00edt\u00e1s\u00fa LCD kijelz\u0151n<\/li>\n<li class=\"ProductFeaturesTextstyles__Feature-fxqvf2-3 ggyeUS\">Automatikusan meghat\u00e1rozza a fesz\u00fclts\u00e9g vagy folytonoss\u00e1g vizsg\u00e1latok sz\u00fcks\u00e9gess\u00e9g\u00e9t, \u00e9s megfelel\u0151 felbont\u00e1ssal kijelzi az \u00f6sszes m\u00e9r\u00e9si eredm\u00e9nyt<\/li>\n<li class=\"ProductFeaturesTextstyles__Feature-fxqvf2-3 ggyeUS\">Kompatibilis a hordoz\u00e1sra vagy felszerel\u00e9sre sz\u00e1nt tartoz\u00e9kokkal<\/li>\n<li class=\"ProductFeaturesTextstyles__Feature-fxqvf2-3 ggyeUS\">LED munkavil\u00e1g\u00edt\u00e1s a kis megvil\u00e1g\u00edt\u00e1s\u00fa ter\u00fcletekhez<\/li>\n<li class=\"ProductFeaturesTextstyles__Feature-fxqvf2-3 ggyeUS\">Dupla LED-es f\u00e9ny- \u00e9s hangjelz\u0151k a vizsg\u00e1lati eredm\u00e9nyek gyors \u00e9s k\u00e9nyelmes kijelz\u00e9s\u00e9\u00e9rt<\/li>\n<li class=\"ProductFeaturesTextstyles__Feature-fxqvf2-3 ggyeUS\">Cser\u00e9lhet\u0151 m\u00e9r\u0151vezet\u00e9kek a nagyobb rugalmass\u00e1g\u00e9rt<\/li>\n<li class=\"ProductFeaturesTextstyles__Feature-fxqvf2-3 ggyeUS\">Robosztus burkolat v\u00e9di a m\u00e9r\u0151m\u0171szert b\u00e1rmely k\u00f6rnyezetben<\/li>\n<\/ul>\n<h5>M\u0171szaki adatok:<\/h5>\n<ul>\n<li>T\u00edpus: Elemes<\/li>\n<li>Biztons\u00e1gi besorol\u00e1s: CAT IV 600 V<\/li>\n<li>Fesz\u00fclts\u00e9g v\u00e1lt\u00f3\/egyen\u00e1ram (V): 600<\/li>\n<li>H\u0151m\u00e9rs\u00e9klet tartom\u00e1ny (\u00b0C): 0-50<\/li>\n<li>S\u00faly elemmel (kg): 0.3<\/li>\n<\/ul>\n","protected":false},"excerpt":{"rendered":"<p><strong>A k\u00e9szlet tartalma:<\/strong><\/p>\n<ul>\n<li>1 db 2212-20 AUTOMATIKUS FESZ\u00dcLTS\u00c9G \/ FOLYTONOSS\u00c1G VIZSG\u00c1L\u00d3 <em>(elem \u00e9s koffer n\u00e9lk\u00fcl sz\u00e1ll\u00edtva!)<\/em><\/li>\n<li>\u00f6vcsipesz, m\u00e9r\u0151vezet\u00e9k<\/li>\n<\/ul>\n","protected":false},"featured_media":4708,"template":"","meta":[],"product_cat":[165,170,89],"product_tag":[],"class_list":["post-4707","product","type-product","status-publish","has-post-thumbnail","hentry","product_cat-akkumulatoros-gepek","product_cat-lezerek-es-meroeszkozok","product_cat-termekek"],"yoast_head":"<!-- This site is optimized with the Yoast SEO Premium plugin v21.3 (Yoast SEO v21.3) - https:\/\/yoast.com\/wordpress\/plugins\/seo\/ -->\n<title>MILWAUKEE 2212-20 AUTOMATIKUS FESZ\u00dcLTS\u00c9G \/ FOLYTONOSS\u00c1G VIZSG\u00c1L\u00d3 (4933447776) - Eurosmart - Milwaukee web\u00e1ruh\u00e1z<\/title>\n<meta name=\"robots\" content=\"index, follow, max-snippet:-1, max-image-preview:large, max-video-preview:-1\" \/>\n<link rel=\"canonical\" href=\"https:\/\/www.eurosmart.hu\/shop\/index.php\/termek\/milwaukee-2212-20-automatikus-feszultseg-folytonossag-vizsgalo-4933447776\/\" \/>\n<meta property=\"og:locale\" content=\"hu_HU\" \/>\n<meta property=\"og:type\" content=\"article\" \/>\n<meta property=\"og:title\" content=\"MILWAUKEE 2212-20 AUTOMATIKUS FESZ\u00dcLTS\u00c9G \/ FOLYTONOSS\u00c1G VIZSG\u00c1L\u00d3 (4933447776)\" \/>\n<meta property=\"og:description\" content=\"A k\u00e9szlet tartalma:   1 db 2212-20 AUTOMATIKUS FESZ\u00dcLTS\u00c9G \/ FOLYTONOSS\u00c1G VIZSG\u00c1L\u00d3 (elem \u00e9s koffer n\u00e9lk\u00fcl sz\u00e1ll\u00edtva!)  \u00f6vcsipesz, m\u00e9r\u0151vezet\u00e9k\" \/>\n<meta property=\"og:url\" content=\"https:\/\/www.eurosmart.hu\/shop\/index.php\/termek\/milwaukee-2212-20-automatikus-feszultseg-folytonossag-vizsgalo-4933447776\/\" \/>\n<meta property=\"og:site_name\" content=\"Eurosmart - Milwaukee web\u00e1ruh\u00e1z\" \/>\n<meta property=\"article:publisher\" content=\"https:\/\/www.facebook.com\/EurosmartKft\" \/>\n<meta property=\"article:modified_time\" content=\"2024-01-10T15:16:10+00:00\" \/>\n<meta property=\"og:image\" content=\"https:\/\/www.eurosmart.hu\/shop\/wp-content\/uploads\/2024\/01\/4933447776.webp\" \/>\n\t<meta property=\"og:image:width\" content=\"1000\" \/>\n\t<meta property=\"og:image:height\" content=\"1000\" \/>\n\t<meta property=\"og:image:type\" content=\"image\/webp\" \/>\n<meta name=\"twitter:card\" content=\"summary_large_image\" \/>\n<meta name=\"twitter:label1\" content=\"Price\" \/>\n\t<meta name=\"twitter:data1\" content=\"\" \/>\n\t<meta name=\"twitter:label2\" content=\"Availability\" \/>\n\t<meta name=\"twitter:data2\" content=\"On backorder\" \/>\n<script type=\"application\/ld+json\" class=\"yoast-schema-graph\">{\"@context\":\"https:\/\/schema.org\",\"@graph\":[{\"@type\":\"WebPage\",\"@id\":\"https:\/\/www.eurosmart.hu\/shop\/index.php\/termek\/milwaukee-2212-20-automatikus-feszultseg-folytonossag-vizsgalo-4933447776\/\",\"url\":\"https:\/\/www.eurosmart.hu\/shop\/index.php\/termek\/milwaukee-2212-20-automatikus-feszultseg-folytonossag-vizsgalo-4933447776\/\",\"name\":\"MILWAUKEE 2212-20 AUTOMATIKUS FESZ\u00dcLTS\u00c9G \/ FOLYTONOSS\u00c1G VIZSG\u00c1L\u00d3 (4933447776) - Eurosmart - Milwaukee web\u00e1ruh\u00e1z\",\"isPartOf\":{\"@id\":\"https:\/\/www.eurosmart.hu\/shop\/#website\"},\"datePublished\":\"2024-01-10T15:16:09+00:00\",\"dateModified\":\"2024-01-10T15:16:10+00:00\",\"breadcrumb\":{\"@id\":\"https:\/\/www.eurosmart.hu\/shop\/index.php\/termek\/milwaukee-2212-20-automatikus-feszultseg-folytonossag-vizsgalo-4933447776\/#breadcrumb\"},\"inLanguage\":\"hu\",\"potentialAction\":[{\"@type\":\"ReadAction\",\"target\":[\"https:\/\/www.eurosmart.hu\/shop\/index.php\/termek\/milwaukee-2212-20-automatikus-feszultseg-folytonossag-vizsgalo-4933447776\/\"]}]},{\"@type\":\"BreadcrumbList\",\"@id\":\"https:\/\/www.eurosmart.hu\/shop\/index.php\/termek\/milwaukee-2212-20-automatikus-feszultseg-folytonossag-vizsgalo-4933447776\/#breadcrumb\",\"itemListElement\":[{\"@type\":\"ListItem\",\"position\":1,\"name\":\"Kezd\u0151lap\",\"item\":\"https:\/\/www.eurosmart.hu\/shop\/\"},{\"@type\":\"ListItem\",\"position\":2,\"name\":\"Term\u00e9keink\",\"item\":\"https:\/\/www.eurosmart.hu\/shop\/index.php\/uzlet\/\"},{\"@type\":\"ListItem\",\"position\":3,\"name\":\"MILWAUKEE 2212-20 AUTOMATIKUS FESZ\u00dcLTS\u00c9G \/ FOLYTONOSS\u00c1G VIZSG\u00c1L\u00d3 (4933447776)\"}]},{\"@type\":\"WebSite\",\"@id\":\"https:\/\/www.eurosmart.hu\/shop\/#website\",\"url\":\"https:\/\/www.eurosmart.hu\/shop\/\",\"name\":\"Eurosmart - Milwaukee web\u00e1ruh\u00e1z\",\"description\":\"Milwaukee web\u00e1ruh\u00e1z\",\"publisher\":{\"@id\":\"https:\/\/www.eurosmart.hu\/shop\/#organization\"},\"potentialAction\":[{\"@type\":\"SearchAction\",\"target\":{\"@type\":\"EntryPoint\",\"urlTemplate\":\"https:\/\/www.eurosmart.hu\/shop\/?s={search_term_string}\"},\"query-input\":\"required name=search_term_string\"}],\"inLanguage\":\"hu\"},{\"@type\":\"Organization\",\"@id\":\"https:\/\/www.eurosmart.hu\/shop\/#organization\",\"name\":\"Eurosmart - Milwaukee web\u00e1ruh\u00e1z\",\"url\":\"https:\/\/www.eurosmart.hu\/shop\/\",\"logo\":{\"@type\":\"ImageObject\",\"inLanguage\":\"hu\",\"@id\":\"https:\/\/www.eurosmart.hu\/shop\/#\/schema\/logo\/image\/\",\"url\":\"https:\/\/www.eurosmart.hu\/shop\/wp-content\/uploads\/2023\/10\/milwaukee-logo-1.png\",\"contentUrl\":\"https:\/\/www.eurosmart.hu\/shop\/wp-content\/uploads\/2023\/10\/milwaukee-logo-1.png\",\"width\":500,\"height\":200,\"caption\":\"Eurosmart - Milwaukee web\u00e1ruh\u00e1z\"},\"image\":{\"@id\":\"https:\/\/www.eurosmart.hu\/shop\/#\/schema\/logo\/image\/\"},\"sameAs\":[\"https:\/\/www.facebook.com\/EurosmartKft\"]}]}<\/script>\n<meta property=\"product:price:amount\" content=\"0\" \/>\n<meta property=\"product:price:currency\" content=\"HUF\" \/>\n<meta property=\"og:availability\" content=\"backorder\" \/>\n<meta property=\"product:availability\" content=\"available for order\" \/>\n<meta property=\"product:retailer_item_id\" content=\"4933447776\" \/>\n<meta property=\"product:condition\" content=\"new\" \/>\n<!-- \/ Yoast SEO Premium plugin. -->","yoast_head_json":{"title":"MILWAUKEE 2212-20 AUTOMATIKUS FESZ\u00dcLTS\u00c9G \/ FOLYTONOSS\u00c1G VIZSG\u00c1L\u00d3 (4933447776) - Eurosmart - Milwaukee web\u00e1ruh\u00e1z","robots":{"index":"index","follow":"follow","max-snippet":"max-snippet:-1","max-image-preview":"max-image-preview:large","max-video-preview":"max-video-preview:-1"},"canonical":"https:\/\/www.eurosmart.hu\/shop\/index.php\/termek\/milwaukee-2212-20-automatikus-feszultseg-folytonossag-vizsgalo-4933447776\/","og_locale":"hu_HU","og_type":"article","og_title":"MILWAUKEE 2212-20 AUTOMATIKUS FESZ\u00dcLTS\u00c9G \/ FOLYTONOSS\u00c1G VIZSG\u00c1L\u00d3 (4933447776)","og_description":"A k\u00e9szlet tartalma:   1 db 2212-20 AUTOMATIKUS FESZ\u00dcLTS\u00c9G \/ FOLYTONOSS\u00c1G VIZSG\u00c1L\u00d3 (elem \u00e9s koffer n\u00e9lk\u00fcl sz\u00e1ll\u00edtva!)  \u00f6vcsipesz, m\u00e9r\u0151vezet\u00e9k","og_url":"https:\/\/www.eurosmart.hu\/shop\/index.php\/termek\/milwaukee-2212-20-automatikus-feszultseg-folytonossag-vizsgalo-4933447776\/","og_site_name":"Eurosmart - Milwaukee web\u00e1ruh\u00e1z","article_publisher":"https:\/\/www.facebook.com\/EurosmartKft","article_modified_time":"2024-01-10T15:16:10+00:00","og_image":[{"width":1000,"height":1000,"url":"https:\/\/www.eurosmart.hu\/shop\/wp-content\/uploads\/2024\/01\/4933447776.webp","type":"image\/webp"}],"twitter_card":"summary_large_image","twitter_misc":{"Price":"","Availability":"On backorder"},"schema":{"@context":"https:\/\/schema.org","@graph":[{"@type":"WebPage","@id":"https:\/\/www.eurosmart.hu\/shop\/index.php\/termek\/milwaukee-2212-20-automatikus-feszultseg-folytonossag-vizsgalo-4933447776\/","url":"https:\/\/www.eurosmart.hu\/shop\/index.php\/termek\/milwaukee-2212-20-automatikus-feszultseg-folytonossag-vizsgalo-4933447776\/","name":"MILWAUKEE 2212-20 AUTOMATIKUS FESZ\u00dcLTS\u00c9G \/ FOLYTONOSS\u00c1G VIZSG\u00c1L\u00d3 (4933447776) - Eurosmart - Milwaukee web\u00e1ruh\u00e1z","isPartOf":{"@id":"https:\/\/www.eurosmart.hu\/shop\/#website"},"datePublished":"2024-01-10T15:16:09+00:00","dateModified":"2024-01-10T15:16:10+00:00","breadcrumb":{"@id":"https:\/\/www.eurosmart.hu\/shop\/index.php\/termek\/milwaukee-2212-20-automatikus-feszultseg-folytonossag-vizsgalo-4933447776\/#breadcrumb"},"inLanguage":"hu","potentialAction":[{"@type":"ReadAction","target":["https:\/\/www.eurosmart.hu\/shop\/index.php\/termek\/milwaukee-2212-20-automatikus-feszultseg-folytonossag-vizsgalo-4933447776\/"]}]},{"@type":"BreadcrumbList","@id":"https:\/\/www.eurosmart.hu\/shop\/index.php\/termek\/milwaukee-2212-20-automatikus-feszultseg-folytonossag-vizsgalo-4933447776\/#breadcrumb","itemListElement":[{"@type":"ListItem","position":1,"name":"Kezd\u0151lap","item":"https:\/\/www.eurosmart.hu\/shop\/"},{"@type":"ListItem","position":2,"name":"Term\u00e9keink","item":"https:\/\/www.eurosmart.hu\/shop\/index.php\/uzlet\/"},{"@type":"ListItem","position":3,"name":"MILWAUKEE 2212-20 AUTOMATIKUS FESZ\u00dcLTS\u00c9G \/ FOLYTONOSS\u00c1G VIZSG\u00c1L\u00d3 (4933447776)"}]},{"@type":"WebSite","@id":"https:\/\/www.eurosmart.hu\/shop\/#website","url":"https:\/\/www.eurosmart.hu\/shop\/","name":"Eurosmart - Milwaukee web\u00e1ruh\u00e1z","description":"Milwaukee web\u00e1ruh\u00e1z","publisher":{"@id":"https:\/\/www.eurosmart.hu\/shop\/#organization"},"potentialAction":[{"@type":"SearchAction","target":{"@type":"EntryPoint","urlTemplate":"https:\/\/www.eurosmart.hu\/shop\/?s={search_term_string}"},"query-input":"required name=search_term_string"}],"inLanguage":"hu"},{"@type":"Organization","@id":"https:\/\/www.eurosmart.hu\/shop\/#organization","name":"Eurosmart - Milwaukee web\u00e1ruh\u00e1z","url":"https:\/\/www.eurosmart.hu\/shop\/","logo":{"@type":"ImageObject","inLanguage":"hu","@id":"https:\/\/www.eurosmart.hu\/shop\/#\/schema\/logo\/image\/","url":"https:\/\/www.eurosmart.hu\/shop\/wp-content\/uploads\/2023\/10\/milwaukee-logo-1.png","contentUrl":"https:\/\/www.eurosmart.hu\/shop\/wp-content\/uploads\/2023\/10\/milwaukee-logo-1.png","width":500,"height":200,"caption":"Eurosmart - Milwaukee web\u00e1ruh\u00e1z"},"image":{"@id":"https:\/\/www.eurosmart.hu\/shop\/#\/schema\/logo\/image\/"},"sameAs":["https:\/\/www.facebook.com\/EurosmartKft"]}]},"product_price_currency":"HUF","og_availability":"backorder","product_availability":"available for order","product_retailer_item_id":"4933447776","product_condition":"new"},"_links":{"self":[{"href":"https:\/\/www.eurosmart.hu\/shop\/index.php\/wp-json\/wp\/v2\/product\/4707","targetHints":{"allow":["GET"]}}],"collection":[{"href":"https:\/\/www.eurosmart.hu\/shop\/index.php\/wp-json\/wp\/v2\/product"}],"about":[{"href":"https:\/\/www.eurosmart.hu\/shop\/index.php\/wp-json\/wp\/v2\/types\/product"}],"wp:featuredmedia":[{"embeddable":true,"href":"https:\/\/www.eurosmart.hu\/shop\/index.php\/wp-json\/wp\/v2\/media\/4708"}],"wp:attachment":[{"href":"https:\/\/www.eurosmart.hu\/shop\/index.php\/wp-json\/wp\/v2\/media?parent=4707"}],"wp:term":[{"taxonomy":"product_cat","embeddable":true,"href":"https:\/\/www.eurosmart.hu\/shop\/index.php\/wp-json\/wp\/v2\/product_cat?post=4707"},{"taxonomy":"product_tag","embeddable":true,"href":"https:\/\/www.eurosmart.hu\/shop\/index.php\/wp-json\/wp\/v2\/product_tag?post=4707"}],"curies":[{"name":"wp","href":"https:\/\/api.w.org\/{rel}","templated":true}]}}