{"id":4705,"date":"2024-01-10T13:50:08","date_gmt":"2024-01-10T13:50:08","guid":{"rendered":"https:\/\/www.eurosmart.hu\/shop\/?post_type=product&#038;p=4705"},"modified":"2024-01-10T13:53:09","modified_gmt":"2024-01-10T13:53:09","slug":"milwaukee-ldm-50-lezeres-tavolsagmero-50-m-4933447700","status":"publish","type":"product","link":"https:\/\/www.eurosmart.hu\/shop\/index.php\/termek\/milwaukee-ldm-50-lezeres-tavolsagmero-50-m-4933447700\/","title":{"rendered":"MILWAUKEE LDM 50 L\u00c9ZERES T\u00c1VOLS\u00c1GM\u00c9R\u0150 50 M (4933447700)"},"content":{"rendered":"<h5>Tulajdons\u00e1gok:<\/h5>\n<ul class=\"ProductFeaturesTextstyles__FeatureList-fxqvf2-1 eacpVB\">\n<li class=\"ProductFeaturesTextstyles__Feature-fxqvf2-3 ggyeUS\">\u2018\u2018Point and shot\u2018\u2018 (jel\u00f6ld ki \u00e9s m\u00e9rj) &#8211; rendszer \u2013 egy szem\u00e9ly \u00e1ltal t\u00f6rt\u00e9n\u0151 m\u00e9r\u00e9s csup\u00e1n egy gomb haszn\u00e1lat\u00e1val<\/li>\n<li class=\"ProductFeaturesTextstyles__Feature-fxqvf2-3 ggyeUS\">Nagyon v\u00e9kony h\u00e1zkialak\u00edt\u00e1s \u00f6vcsattal a k\u00f6nny\u0171 sz\u00e1ll\u00edt\u00e1s\u00e9rt<\/li>\n<li class=\"ProductFeaturesTextstyles__Feature-fxqvf2-3 ggyeUS\">Ter\u00fclet \/ t\u00e9rfogat \/ indirekt magass\u00e1g \u00e9s sz\u00e9less\u00e9g m\u00e9r\u00e9se<\/li>\n<li class=\"ProductFeaturesTextstyles__Feature-fxqvf2-3 ggyeUS\">Min\/Max funkci\u00f3 hat\u00f3t\u00e1vols\u00e1g m\u00e9r\u00e9s\u00e9hez \u00e9s folyamatos k\u00f6vet\u00e9s<\/li>\n<li class=\"ProductFeaturesTextstyles__Feature-fxqvf2-3 ggyeUS\">T\u00e1vols\u00e1g hozz\u00e1ad\u00e1sa \u00e9s kivon\u00e1sa tervrajzokhoz<\/li>\n<li class=\"ProductFeaturesTextstyles__Feature-fxqvf2-3 ggyeUS\">Indirekt magass\u00e1g m\u00e9r\u00e9se (P\u00fcthagorasz k\u00e9t ponton, h\u00e1rom ponton, r\u00e9szleges magass\u00e1g)<\/li>\n<li class=\"ProductFeaturesTextstyles__Feature-fxqvf2-3 ggyeUS\">Nagy, h\u00e1romsoros LCD grafikai kijelz\u0151<\/li>\n<li class=\"ProductFeaturesTextstyles__Feature-fxqvf2-3 ggyeUS\">Kihajthat\u00f3 l\u00e1b, a sarkokt\u00f3l \u00e9s \u00e9lekt\u0151l t\u00f6rt\u00e9n\u0151 m\u00e9r\u00e9shez<\/li>\n<li class=\"ProductFeaturesTextstyles__Feature-fxqvf2-3 ggyeUS\">Az utols\u00f3 20 m\u00e9r\u00e9s mem\u00f3ri\u00e1ban t\u00f6rt\u00e9n\u0151 t\u00e1rol\u00e1sa<\/li>\n<li class=\"ProductFeaturesTextstyles__Feature-fxqvf2-3 ggyeUS\">IP54 v\u00edznek \u00e9s pornak ellen\u00e1ll\u00f3<\/li>\n<li class=\"ProductFeaturesTextstyles__Feature-fxqvf2-3 ggyeUS\">Automatikus kikapcsol\u00e1s \u00e9s az elemek t\u00f6lt\u00f6tts\u00e9gi \u00e1llapot\u00e1nak kijelz\u00e9se<\/li>\n<li class=\"ProductFeaturesTextstyles__Feature-fxqvf2-3 ggyeUS\">Metrikus m\u00e9rt\u00e9kegys\u00e9gek<\/li>\n<\/ul>\n<h5>M\u0171szaki adatok:<\/h5>\n<ul>\n<li>T\u00edpus: Elemes<\/li>\n<li>Automatikus magass\u00e1gk\u00f6vet\u00e9s: Nem<\/li>\n<li>D\u0151l\u00e9ssz\u00f6g \u00e9rz\u00e9kel\u00e9s: Nem<\/li>\n<li>Hat\u00f3t\u00e1vols\u00e1g (m): 0.05-50<\/li>\n<li>IP oszt\u00e1ly: 54<\/li>\n<li>Kijelz\u0151 m\u00e9rete (mm): 26&#215;37<\/li>\n<li>L\u00e9zer oszt\u00e1ly: 2. oszt\u00e1ly<\/li>\n<li>M\u00e9rete (mm): 119x40x32<\/li>\n<li>P\u00fcthagorasz funkci\u00f3: 2-Pont, 3-Pont, r\u00e9szleges magass\u00e1g<\/li>\n<li>Pontoss\u00e1g: \u00b11.5<\/li>\n<li>S\u00faly elemekkel (kg): 0.1<\/li>\n<\/ul>\n","protected":false},"excerpt":{"rendered":"<p><strong>A k\u00e9szlet tartalma:<\/strong><\/p>\n<ul>\n<li>1 db LDM 50 l\u00e9zeres t\u00e1vols\u00e1gm\u00e9r\u0151<\/li>\n<li>\u00f6vcsatt<\/li>\n<\/ul>\n","protected":false},"featured_media":4706,"template":"","meta":[],"product_cat":[165,170,89],"product_tag":[],"class_list":["post-4705","product","type-product","status-publish","has-post-thumbnail","hentry","product_cat-akkumulatoros-gepek","product_cat-lezerek-es-meroeszkozok","product_cat-termekek"],"yoast_head":"<!-- This site is optimized with the Yoast SEO Premium plugin v21.3 (Yoast SEO v21.3) - https:\/\/yoast.com\/wordpress\/plugins\/seo\/ -->\n<title>MILWAUKEE LDM 50 L\u00c9ZERES T\u00c1VOLS\u00c1GM\u00c9R\u0150 50 M (4933447700) - Eurosmart - Milwaukee web\u00e1ruh\u00e1z<\/title>\n<meta name=\"robots\" content=\"index, follow, max-snippet:-1, max-image-preview:large, max-video-preview:-1\" \/>\n<link rel=\"canonical\" href=\"https:\/\/www.eurosmart.hu\/shop\/index.php\/termek\/milwaukee-ldm-50-lezeres-tavolsagmero-50-m-4933447700\/\" \/>\n<meta property=\"og:locale\" content=\"hu_HU\" \/>\n<meta property=\"og:type\" content=\"article\" \/>\n<meta property=\"og:title\" content=\"MILWAUKEE LDM 50 L\u00c9ZERES T\u00c1VOLS\u00c1GM\u00c9R\u0150 50 M (4933447700)\" \/>\n<meta property=\"og:description\" content=\"A k\u00e9szlet tartalma:   1 db LDM 50 l\u00e9zeres t\u00e1vols\u00e1gm\u00e9r\u0151  \u00f6vcsatt\" \/>\n<meta property=\"og:url\" content=\"https:\/\/www.eurosmart.hu\/shop\/index.php\/termek\/milwaukee-ldm-50-lezeres-tavolsagmero-50-m-4933447700\/\" \/>\n<meta property=\"og:site_name\" content=\"Eurosmart - Milwaukee web\u00e1ruh\u00e1z\" \/>\n<meta property=\"article:publisher\" content=\"https:\/\/www.facebook.com\/EurosmartKft\" \/>\n<meta property=\"article:modified_time\" content=\"2024-01-10T13:53:09+00:00\" \/>\n<meta property=\"og:image\" content=\"https:\/\/www.eurosmart.hu\/shop\/wp-content\/uploads\/2024\/01\/4933447700.webp\" \/>\n\t<meta property=\"og:image:width\" content=\"1000\" \/>\n\t<meta property=\"og:image:height\" content=\"1000\" \/>\n\t<meta property=\"og:image:type\" content=\"image\/webp\" \/>\n<meta name=\"twitter:card\" content=\"summary_large_image\" \/>\n<meta name=\"twitter:label1\" content=\"Price\" \/>\n\t<meta name=\"twitter:data1\" content=\"\" \/>\n\t<meta name=\"twitter:label2\" content=\"Availability\" \/>\n\t<meta name=\"twitter:data2\" content=\"On backorder\" \/>\n<script type=\"application\/ld+json\" class=\"yoast-schema-graph\">{\"@context\":\"https:\/\/schema.org\",\"@graph\":[{\"@type\":\"WebPage\",\"@id\":\"https:\/\/www.eurosmart.hu\/shop\/index.php\/termek\/milwaukee-ldm-50-lezeres-tavolsagmero-50-m-4933447700\/\",\"url\":\"https:\/\/www.eurosmart.hu\/shop\/index.php\/termek\/milwaukee-ldm-50-lezeres-tavolsagmero-50-m-4933447700\/\",\"name\":\"MILWAUKEE LDM 50 L\u00c9ZERES T\u00c1VOLS\u00c1GM\u00c9R\u0150 50 M (4933447700) - Eurosmart - Milwaukee web\u00e1ruh\u00e1z\",\"isPartOf\":{\"@id\":\"https:\/\/www.eurosmart.hu\/shop\/#website\"},\"datePublished\":\"2024-01-10T13:50:08+00:00\",\"dateModified\":\"2024-01-10T13:53:09+00:00\",\"breadcrumb\":{\"@id\":\"https:\/\/www.eurosmart.hu\/shop\/index.php\/termek\/milwaukee-ldm-50-lezeres-tavolsagmero-50-m-4933447700\/#breadcrumb\"},\"inLanguage\":\"hu\",\"potentialAction\":[{\"@type\":\"ReadAction\",\"target\":[\"https:\/\/www.eurosmart.hu\/shop\/index.php\/termek\/milwaukee-ldm-50-lezeres-tavolsagmero-50-m-4933447700\/\"]}]},{\"@type\":\"BreadcrumbList\",\"@id\":\"https:\/\/www.eurosmart.hu\/shop\/index.php\/termek\/milwaukee-ldm-50-lezeres-tavolsagmero-50-m-4933447700\/#breadcrumb\",\"itemListElement\":[{\"@type\":\"ListItem\",\"position\":1,\"name\":\"Kezd\u0151lap\",\"item\":\"https:\/\/www.eurosmart.hu\/shop\/\"},{\"@type\":\"ListItem\",\"position\":2,\"name\":\"Term\u00e9keink\",\"item\":\"https:\/\/www.eurosmart.hu\/shop\/index.php\/uzlet\/\"},{\"@type\":\"ListItem\",\"position\":3,\"name\":\"MILWAUKEE LDM 50 L\u00c9ZERES T\u00c1VOLS\u00c1GM\u00c9R\u0150 50 M (4933447700)\"}]},{\"@type\":\"WebSite\",\"@id\":\"https:\/\/www.eurosmart.hu\/shop\/#website\",\"url\":\"https:\/\/www.eurosmart.hu\/shop\/\",\"name\":\"Eurosmart - Milwaukee web\u00e1ruh\u00e1z\",\"description\":\"Milwaukee web\u00e1ruh\u00e1z\",\"publisher\":{\"@id\":\"https:\/\/www.eurosmart.hu\/shop\/#organization\"},\"potentialAction\":[{\"@type\":\"SearchAction\",\"target\":{\"@type\":\"EntryPoint\",\"urlTemplate\":\"https:\/\/www.eurosmart.hu\/shop\/?s={search_term_string}\"},\"query-input\":\"required name=search_term_string\"}],\"inLanguage\":\"hu\"},{\"@type\":\"Organization\",\"@id\":\"https:\/\/www.eurosmart.hu\/shop\/#organization\",\"name\":\"Eurosmart - Milwaukee web\u00e1ruh\u00e1z\",\"url\":\"https:\/\/www.eurosmart.hu\/shop\/\",\"logo\":{\"@type\":\"ImageObject\",\"inLanguage\":\"hu\",\"@id\":\"https:\/\/www.eurosmart.hu\/shop\/#\/schema\/logo\/image\/\",\"url\":\"https:\/\/www.eurosmart.hu\/shop\/wp-content\/uploads\/2023\/10\/milwaukee-logo-1.png\",\"contentUrl\":\"https:\/\/www.eurosmart.hu\/shop\/wp-content\/uploads\/2023\/10\/milwaukee-logo-1.png\",\"width\":500,\"height\":200,\"caption\":\"Eurosmart - Milwaukee web\u00e1ruh\u00e1z\"},\"image\":{\"@id\":\"https:\/\/www.eurosmart.hu\/shop\/#\/schema\/logo\/image\/\"},\"sameAs\":[\"https:\/\/www.facebook.com\/EurosmartKft\"]}]}<\/script>\n<meta property=\"product:price:amount\" content=\"0\" \/>\n<meta property=\"product:price:currency\" content=\"HUF\" \/>\n<meta property=\"og:availability\" content=\"backorder\" \/>\n<meta property=\"product:availability\" content=\"available for order\" \/>\n<meta property=\"product:retailer_item_id\" content=\"4933447700\" \/>\n<meta property=\"product:condition\" content=\"new\" \/>\n<!-- \/ Yoast SEO Premium plugin. -->","yoast_head_json":{"title":"MILWAUKEE LDM 50 L\u00c9ZERES T\u00c1VOLS\u00c1GM\u00c9R\u0150 50 M (4933447700) - Eurosmart - Milwaukee web\u00e1ruh\u00e1z","robots":{"index":"index","follow":"follow","max-snippet":"max-snippet:-1","max-image-preview":"max-image-preview:large","max-video-preview":"max-video-preview:-1"},"canonical":"https:\/\/www.eurosmart.hu\/shop\/index.php\/termek\/milwaukee-ldm-50-lezeres-tavolsagmero-50-m-4933447700\/","og_locale":"hu_HU","og_type":"article","og_title":"MILWAUKEE LDM 50 L\u00c9ZERES T\u00c1VOLS\u00c1GM\u00c9R\u0150 50 M (4933447700)","og_description":"A k\u00e9szlet tartalma:   1 db LDM 50 l\u00e9zeres t\u00e1vols\u00e1gm\u00e9r\u0151  \u00f6vcsatt","og_url":"https:\/\/www.eurosmart.hu\/shop\/index.php\/termek\/milwaukee-ldm-50-lezeres-tavolsagmero-50-m-4933447700\/","og_site_name":"Eurosmart - Milwaukee web\u00e1ruh\u00e1z","article_publisher":"https:\/\/www.facebook.com\/EurosmartKft","article_modified_time":"2024-01-10T13:53:09+00:00","og_image":[{"width":1000,"height":1000,"url":"https:\/\/www.eurosmart.hu\/shop\/wp-content\/uploads\/2024\/01\/4933447700.webp","type":"image\/webp"}],"twitter_card":"summary_large_image","twitter_misc":{"Price":"","Availability":"On backorder"},"schema":{"@context":"https:\/\/schema.org","@graph":[{"@type":"WebPage","@id":"https:\/\/www.eurosmart.hu\/shop\/index.php\/termek\/milwaukee-ldm-50-lezeres-tavolsagmero-50-m-4933447700\/","url":"https:\/\/www.eurosmart.hu\/shop\/index.php\/termek\/milwaukee-ldm-50-lezeres-tavolsagmero-50-m-4933447700\/","name":"MILWAUKEE LDM 50 L\u00c9ZERES T\u00c1VOLS\u00c1GM\u00c9R\u0150 50 M (4933447700) - Eurosmart - Milwaukee web\u00e1ruh\u00e1z","isPartOf":{"@id":"https:\/\/www.eurosmart.hu\/shop\/#website"},"datePublished":"2024-01-10T13:50:08+00:00","dateModified":"2024-01-10T13:53:09+00:00","breadcrumb":{"@id":"https:\/\/www.eurosmart.hu\/shop\/index.php\/termek\/milwaukee-ldm-50-lezeres-tavolsagmero-50-m-4933447700\/#breadcrumb"},"inLanguage":"hu","potentialAction":[{"@type":"ReadAction","target":["https:\/\/www.eurosmart.hu\/shop\/index.php\/termek\/milwaukee-ldm-50-lezeres-tavolsagmero-50-m-4933447700\/"]}]},{"@type":"BreadcrumbList","@id":"https:\/\/www.eurosmart.hu\/shop\/index.php\/termek\/milwaukee-ldm-50-lezeres-tavolsagmero-50-m-4933447700\/#breadcrumb","itemListElement":[{"@type":"ListItem","position":1,"name":"Kezd\u0151lap","item":"https:\/\/www.eurosmart.hu\/shop\/"},{"@type":"ListItem","position":2,"name":"Term\u00e9keink","item":"https:\/\/www.eurosmart.hu\/shop\/index.php\/uzlet\/"},{"@type":"ListItem","position":3,"name":"MILWAUKEE LDM 50 L\u00c9ZERES T\u00c1VOLS\u00c1GM\u00c9R\u0150 50 M (4933447700)"}]},{"@type":"WebSite","@id":"https:\/\/www.eurosmart.hu\/shop\/#website","url":"https:\/\/www.eurosmart.hu\/shop\/","name":"Eurosmart - Milwaukee web\u00e1ruh\u00e1z","description":"Milwaukee web\u00e1ruh\u00e1z","publisher":{"@id":"https:\/\/www.eurosmart.hu\/shop\/#organization"},"potentialAction":[{"@type":"SearchAction","target":{"@type":"EntryPoint","urlTemplate":"https:\/\/www.eurosmart.hu\/shop\/?s={search_term_string}"},"query-input":"required name=search_term_string"}],"inLanguage":"hu"},{"@type":"Organization","@id":"https:\/\/www.eurosmart.hu\/shop\/#organization","name":"Eurosmart - Milwaukee web\u00e1ruh\u00e1z","url":"https:\/\/www.eurosmart.hu\/shop\/","logo":{"@type":"ImageObject","inLanguage":"hu","@id":"https:\/\/www.eurosmart.hu\/shop\/#\/schema\/logo\/image\/","url":"https:\/\/www.eurosmart.hu\/shop\/wp-content\/uploads\/2023\/10\/milwaukee-logo-1.png","contentUrl":"https:\/\/www.eurosmart.hu\/shop\/wp-content\/uploads\/2023\/10\/milwaukee-logo-1.png","width":500,"height":200,"caption":"Eurosmart - Milwaukee web\u00e1ruh\u00e1z"},"image":{"@id":"https:\/\/www.eurosmart.hu\/shop\/#\/schema\/logo\/image\/"},"sameAs":["https:\/\/www.facebook.com\/EurosmartKft"]}]},"product_price_currency":"HUF","og_availability":"backorder","product_availability":"available for order","product_retailer_item_id":"4933447700","product_condition":"new"},"_links":{"self":[{"href":"https:\/\/www.eurosmart.hu\/shop\/index.php\/wp-json\/wp\/v2\/product\/4705","targetHints":{"allow":["GET"]}}],"collection":[{"href":"https:\/\/www.eurosmart.hu\/shop\/index.php\/wp-json\/wp\/v2\/product"}],"about":[{"href":"https:\/\/www.eurosmart.hu\/shop\/index.php\/wp-json\/wp\/v2\/types\/product"}],"wp:featuredmedia":[{"embeddable":true,"href":"https:\/\/www.eurosmart.hu\/shop\/index.php\/wp-json\/wp\/v2\/media\/4706"}],"wp:attachment":[{"href":"https:\/\/www.eurosmart.hu\/shop\/index.php\/wp-json\/wp\/v2\/media?parent=4705"}],"wp:term":[{"taxonomy":"product_cat","embeddable":true,"href":"https:\/\/www.eurosmart.hu\/shop\/index.php\/wp-json\/wp\/v2\/product_cat?post=4705"},{"taxonomy":"product_tag","embeddable":true,"href":"https:\/\/www.eurosmart.hu\/shop\/index.php\/wp-json\/wp\/v2\/product_tag?post=4705"}],"curies":[{"name":"wp","href":"https:\/\/api.w.org\/{rel}","templated":true}]}}