{"id":4688,"date":"2024-01-10T11:24:06","date_gmt":"2024-01-10T11:24:06","guid":{"rendered":"https:\/\/www.eurosmart.hu\/shop\/?post_type=product&#038;p=4688"},"modified":"2024-01-10T11:27:53","modified_gmt":"2024-01-10T11:27:53","slug":"milwaukee-m12-3plkit-401p-zold-360-3-siku-lezer-szett-packout-dobozban-4933478960","status":"publish","type":"product","link":"https:\/\/www.eurosmart.hu\/shop\/index.php\/termek\/milwaukee-m12-3plkit-401p-zold-360-3-siku-lezer-szett-packout-dobozban-4933478960\/","title":{"rendered":"MILWAUKEE M12 3PLKIT-401P Z\u00d6LD 360\u00b0 3 S\u00cdK\u00da L\u00c9ZER SZETT PACKOUT\u2122 DOBOZBAN (4933478960)"},"content":{"rendered":"<h5>Tulajdons\u00e1gok:<\/h5>\n<ul>\n<li class=\"ProductFeaturesTextstyles__Feature-fxqvf2-3 ggyeUS\">Az\u00a0<a href=\"https:\/\/hu.milwaukeetool.eu\/systems\/m12\/\">M12\u2122<\/a>\u00a0z\u00f6ld 360\u00b0 3 s\u00edk\u00fa l\u00e9zer egy minden egyben funkci\u00f3t biztos\u00edt, egy v\u00edzszintes vonallal \u00e9s kett\u0151 f\u00fcgg\u0151leges vonallal a gyors \u00e9s egyszer\u0171 igaz\u00edt\u00e1s, szintez\u00e9s, der\u00e9ksz\u00f6gbe \u00e1ll\u00edt\u00e1s \u00e9s \u00e1tvitelek c\u00e9lj\u00e1b\u00f3l, amivel k\u00f6nnyed\u00e9n megtervezhet nagy ter\u00fcleteket egyetlen eszk\u00f6zzel.<\/li>\n<li class=\"ProductFeaturesTextstyles__Feature-fxqvf2-3 ggyeUS\">Nagy intenzit\u00e1s\u00fa z\u00f6ld di\u00f3d\u00e1k a maxim\u00e1lis l\u00e1that\u00f3s\u00e1g \u00e9rdek\u00e9ben &#8211; a piros l\u00e9zerekhez k\u00e9pest ak\u00e1r 4x jobb l\u00e1that\u00f3s\u00e1g<\/li>\n<li class=\"ProductFeaturesTextstyles__Feature-fxqvf2-3 ggyeUS\">Nagy intenzit\u00e1s\u00fa z\u00f6ld f\u00e9ny &#8211; hat\u00f3t\u00e1vols\u00e1g 38 m (detektorral 100 m)<\/li>\n<li class=\"ProductFeaturesTextstyles__Feature-fxqvf2-3 ggyeUS\">Eg\u00e9sz napos (15+ \u00f3ra) \u00fczemid\u0151t biztos\u00edt egy\u00a0<a href=\"https:\/\/hu.milwaukeetool.eu\/hu-hu\/m12-4,0-ah-akkumulator\/m12-b4\/\">M12 B4<\/a>\u00a0akkumul\u00e1tor seg\u00edts\u00e9g\u00e9vel<\/li>\n<li class=\"ProductFeaturesTextstyles__Feature-fxqvf2-3 ggyeUS\">3 \u00fczemm\u00f3d\u00fa ingarendszer: k\u00e9zi m\u00f3d b\u00e1rmilyen sz\u00f6gb\u0151l val\u00f3 haszn\u00e1latra, finombe\u00e1ll\u00edt\u00f3 m\u00f3d, amely jelzi a nem v\u00edzszintes \u00e1llapotot a 4\u00b0 -os \u00f6nszintez\u0151 tartom\u00e1nnyal, illetve az ingaz\u00e1r\u00f3 m\u00f3d, amely megv\u00e9di az alkatr\u00e9szeket a sz\u00e1ll\u00edt\u00e1s sor\u00e1n<\/li>\n<li class=\"ProductFeaturesTextstyles__Feature-fxqvf2-3 ggyeUS\">Be\u00e9p\u00edtett m\u00e1gneses konzol h\u00e1ts\u00f3 falra szerelt, feler\u0151s\u00edtett ritkaf\u00f6ldf\u00e9m m\u00e1gnesekkel, \u00bc\u2033 \u00e9s \u215d\u2033 h\u00e1roml\u00e1b\u00fa \u00e1llv\u00e1ny menetekkel \u00e9s akaszt\u00f3lyukakkal &#8211; hozz\u00e1illeszthet\u0151 f\u00e9m csavarokhoz, fa csavarokhoz \u00e9s h\u00e1roml\u00e1b\u00fa \u00e1llv\u00e1nyhoz<\/li>\n<li class=\"ProductFeaturesTextstyles__Feature-fxqvf2-3 ggyeUS\">A konzol biztos\u00edtja a l\u00e9zer 330\u00b0-os elforgat\u00e1s\u00e1t is egy l\u00e9zerponton egy be\u00e9p\u00edtett, mikro vez\u00e9rl\u0151gombbal a gyorsabb, pont alap\u00fa igaz\u00edt\u00e1shoz.<\/li>\n<li class=\"ProductFeaturesTextstyles__Feature-fxqvf2-3 ggyeUS\">Tart\u00f3s, gumibevonat\u00fa h\u00e1z IP 54 min\u0151s\u00edt\u00e9ssel, a l\u00e9zer ellen\u00e1ll v\u00edznek\/pornak, t\u00f6rmel\u00e9knek \u00e9s az ak\u00e1r 1 m\u00e9ter magass\u00e1gb\u00f3l t\u00f6rt\u00e9n\u0151 lees\u00e9snek<\/li>\n<li class=\"ProductFeaturesTextstyles__Feature-fxqvf2-3 ggyeUS\">Rugalmas akkumul\u00e1tor rendszerrel &#8211; MILWAUKEE\u00ae\u00a0<a href=\"https:\/\/hu.milwaukeetool.eu\/systems\/m12\/\">M12\u2122<\/a>\u00a0akkumul\u00e1torokkal m\u0171k\u00f6dik<\/li>\n<\/ul>\n<h5>M\u0171szaki adatok:<\/h5>\n<ul>\n<li>T\u00edpus: Akkumul\u00e1toros, Li-ion 12V<\/li>\n<li>\u00d6nszintez\u0151 tartom\u00e1ny: 4.0\u00b0<\/li>\n<li>Belt\u00e9ri l\u00e1that\u00f3s\u00e1g: 38 m<\/li>\n<li>K\u00f6vet\u00e9si tartom\u00e1ny: 50 \/ 100 m<\/li>\n<li>Kompatibilis vonall\u00e9zer \u00e9rz\u00e9kel\u0151: LLD50 \/ LRD100<\/li>\n<li>L\u00e9zer: 2x f\u00fcgg\u0151leges, 1x v\u00edzszintes<\/li>\n<li>L\u00e9zer nyal\u00e1b sz\u00edne: Z\u00f6ld<\/li>\n<li>L\u00e9zer oszt\u00e1ly: 2. oszt\u00e1ly<\/li>\n<li>Maxim\u00e1lis m\u0171k\u00f6d\u00e9si id\u0151 M12 B4 akkumul\u00e1torral: 15 \u00f3ra<\/li>\n<li>Pontoss\u00e1g: 0,3 mm\/m<\/li>\n<li>Self levelling time: 3 s<\/li>\n<li>S\u00faly akkumul\u00e1torral (kg): 1.5<\/li>\n<\/ul>\n","protected":false},"excerpt":{"rendered":"<h5>A k\u00e9szlet tartalma:<\/h5>\n<ul>\n<li>1 db M12 3PL z\u00f6ld 360\u00b0 3 s\u00edk\u00fa l\u00e9zer<\/li>\n<li>1 db M12 B4 4.0 Ah akkumul\u00e1tor<\/li>\n<li>1 db M12 C12 C t\u00f6lt\u0151<\/li>\n<li>1 db PACKOUT\u2122 DOBOZ<\/li>\n<li>r\u00f6gz\u00edt\u0151csipesz, j\u00f3 l\u00e1that\u00f3s\u00e1g\u00fa c\u00e9lt\u00e1rgy lemez, <a href=\"https:\/\/hu.milwaukeetool.eu\/hu-hu\/lezer-detektor\/\">LLD50<\/a>,\u00a0<a href=\"https:\/\/hu.milwaukeetool.eu\/hu-hu\/360-176;-tartokonzol-lezerhez\/\">LM360<\/a>,\u00a0<a href=\"https:\/\/hu.milwaukeetool.eu\/hu-hu\/12-meteres,-haromlabu-lezerallvany\/\">TRP120<\/a><\/li>\n<\/ul>\n","protected":false},"featured_media":4689,"template":"","meta":[],"product_cat":[165,170,231,59,232,228,89],"product_tag":[],"class_list":["post-4688","product","type-product","status-publish","has-post-thumbnail","hentry","product_cat-akkumulatoros-gepek","product_cat-lezerek-es-meroeszkozok","product_cat-m12-rendszer","product_cat-milwaukee","product_cat-packout-modularis-tarolorendszer","product_cat-rendszer","product_cat-termekek"],"yoast_head":"<!-- This site is optimized with the Yoast SEO Premium plugin v21.3 (Yoast SEO v21.3) - https:\/\/yoast.com\/wordpress\/plugins\/seo\/ -->\n<title>MILWAUKEE M12 3PLKIT-401P Z\u00d6LD 360\u00b0 3 S\u00cdK\u00da L\u00c9ZER SZETT PACKOUT\u2122 DOBOZBAN (4933478960) - Eurosmart - Milwaukee web\u00e1ruh\u00e1z<\/title>\n<meta name=\"robots\" content=\"index, follow, max-snippet:-1, max-image-preview:large, max-video-preview:-1\" \/>\n<link rel=\"canonical\" href=\"https:\/\/www.eurosmart.hu\/shop\/index.php\/termek\/milwaukee-m12-3plkit-401p-zold-360-3-siku-lezer-szett-packout-dobozban-4933478960\/\" \/>\n<meta property=\"og:locale\" content=\"hu_HU\" \/>\n<meta property=\"og:type\" content=\"article\" \/>\n<meta property=\"og:title\" content=\"MILWAUKEE M12 3PLKIT-401P Z\u00d6LD 360\u00b0 3 S\u00cdK\u00da L\u00c9ZER SZETT PACKOUT\u2122 DOBOZBAN (4933478960)\" \/>\n<meta property=\"og:description\" content=\"A k\u00e9szlet tartalma:   1 db M12 3PL z\u00f6ld 360\u00b0 3 s\u00edk\u00fa l\u00e9zer  1 db M12 B4 4.0 Ah akkumul\u00e1tor  1 db M12 C12 C t\u00f6lt\u0151  1 db PACKOUT\u2122 DOBOZ  r\u00f6gz\u00edt\u0151csipesz, j\u00f3 l\u00e1that\u00f3s\u00e1g\u00fa c\u00e9lt\u00e1rgy lemez, LLD50,\u00a0LM360,\u00a0TRP120\" \/>\n<meta property=\"og:url\" content=\"https:\/\/www.eurosmart.hu\/shop\/index.php\/termek\/milwaukee-m12-3plkit-401p-zold-360-3-siku-lezer-szett-packout-dobozban-4933478960\/\" \/>\n<meta property=\"og:site_name\" content=\"Eurosmart - Milwaukee web\u00e1ruh\u00e1z\" \/>\n<meta property=\"article:publisher\" content=\"https:\/\/www.facebook.com\/EurosmartKft\" \/>\n<meta property=\"article:modified_time\" content=\"2024-01-10T11:27:53+00:00\" \/>\n<meta property=\"og:image\" content=\"https:\/\/www.eurosmart.hu\/shop\/wp-content\/uploads\/2024\/01\/4933478960.webp\" \/>\n\t<meta property=\"og:image:width\" content=\"1000\" \/>\n\t<meta property=\"og:image:height\" content=\"1000\" \/>\n\t<meta property=\"og:image:type\" content=\"image\/webp\" \/>\n<meta name=\"twitter:card\" content=\"summary_large_image\" \/>\n<meta name=\"twitter:label1\" content=\"Price\" \/>\n\t<meta name=\"twitter:data1\" content=\"\" \/>\n\t<meta name=\"twitter:label2\" content=\"Availability\" \/>\n\t<meta name=\"twitter:data2\" content=\"On backorder\" \/>\n<script type=\"application\/ld+json\" class=\"yoast-schema-graph\">{\"@context\":\"https:\/\/schema.org\",\"@graph\":[{\"@type\":\"WebPage\",\"@id\":\"https:\/\/www.eurosmart.hu\/shop\/index.php\/termek\/milwaukee-m12-3plkit-401p-zold-360-3-siku-lezer-szett-packout-dobozban-4933478960\/\",\"url\":\"https:\/\/www.eurosmart.hu\/shop\/index.php\/termek\/milwaukee-m12-3plkit-401p-zold-360-3-siku-lezer-szett-packout-dobozban-4933478960\/\",\"name\":\"MILWAUKEE M12 3PLKIT-401P Z\u00d6LD 360\u00b0 3 S\u00cdK\u00da L\u00c9ZER SZETT PACKOUT\u2122 DOBOZBAN (4933478960) - Eurosmart - Milwaukee web\u00e1ruh\u00e1z\",\"isPartOf\":{\"@id\":\"https:\/\/www.eurosmart.hu\/shop\/#website\"},\"datePublished\":\"2024-01-10T11:24:06+00:00\",\"dateModified\":\"2024-01-10T11:27:53+00:00\",\"breadcrumb\":{\"@id\":\"https:\/\/www.eurosmart.hu\/shop\/index.php\/termek\/milwaukee-m12-3plkit-401p-zold-360-3-siku-lezer-szett-packout-dobozban-4933478960\/#breadcrumb\"},\"inLanguage\":\"hu\",\"potentialAction\":[{\"@type\":\"ReadAction\",\"target\":[\"https:\/\/www.eurosmart.hu\/shop\/index.php\/termek\/milwaukee-m12-3plkit-401p-zold-360-3-siku-lezer-szett-packout-dobozban-4933478960\/\"]}]},{\"@type\":\"BreadcrumbList\",\"@id\":\"https:\/\/www.eurosmart.hu\/shop\/index.php\/termek\/milwaukee-m12-3plkit-401p-zold-360-3-siku-lezer-szett-packout-dobozban-4933478960\/#breadcrumb\",\"itemListElement\":[{\"@type\":\"ListItem\",\"position\":1,\"name\":\"Kezd\u0151lap\",\"item\":\"https:\/\/www.eurosmart.hu\/shop\/\"},{\"@type\":\"ListItem\",\"position\":2,\"name\":\"Term\u00e9keink\",\"item\":\"https:\/\/www.eurosmart.hu\/shop\/index.php\/uzlet\/\"},{\"@type\":\"ListItem\",\"position\":3,\"name\":\"MILWAUKEE M12 3PLKIT-401P Z\u00d6LD 360\u00b0 3 S\u00cdK\u00da L\u00c9ZER SZETT PACKOUT\u2122 DOBOZBAN (4933478960)\"}]},{\"@type\":\"WebSite\",\"@id\":\"https:\/\/www.eurosmart.hu\/shop\/#website\",\"url\":\"https:\/\/www.eurosmart.hu\/shop\/\",\"name\":\"Eurosmart - Milwaukee web\u00e1ruh\u00e1z\",\"description\":\"Milwaukee web\u00e1ruh\u00e1z\",\"publisher\":{\"@id\":\"https:\/\/www.eurosmart.hu\/shop\/#organization\"},\"potentialAction\":[{\"@type\":\"SearchAction\",\"target\":{\"@type\":\"EntryPoint\",\"urlTemplate\":\"https:\/\/www.eurosmart.hu\/shop\/?s={search_term_string}\"},\"query-input\":\"required name=search_term_string\"}],\"inLanguage\":\"hu\"},{\"@type\":\"Organization\",\"@id\":\"https:\/\/www.eurosmart.hu\/shop\/#organization\",\"name\":\"Eurosmart - Milwaukee web\u00e1ruh\u00e1z\",\"url\":\"https:\/\/www.eurosmart.hu\/shop\/\",\"logo\":{\"@type\":\"ImageObject\",\"inLanguage\":\"hu\",\"@id\":\"https:\/\/www.eurosmart.hu\/shop\/#\/schema\/logo\/image\/\",\"url\":\"https:\/\/www.eurosmart.hu\/shop\/wp-content\/uploads\/2023\/10\/milwaukee-logo-1.png\",\"contentUrl\":\"https:\/\/www.eurosmart.hu\/shop\/wp-content\/uploads\/2023\/10\/milwaukee-logo-1.png\",\"width\":500,\"height\":200,\"caption\":\"Eurosmart - Milwaukee web\u00e1ruh\u00e1z\"},\"image\":{\"@id\":\"https:\/\/www.eurosmart.hu\/shop\/#\/schema\/logo\/image\/\"},\"sameAs\":[\"https:\/\/www.facebook.com\/EurosmartKft\"]}]}<\/script>\n<meta property=\"product:price:amount\" content=\"0\" \/>\n<meta property=\"product:price:currency\" content=\"HUF\" \/>\n<meta property=\"og:availability\" content=\"backorder\" \/>\n<meta property=\"product:availability\" content=\"available for order\" \/>\n<meta property=\"product:retailer_item_id\" content=\"4933478960\" \/>\n<meta property=\"product:condition\" content=\"new\" \/>\n<!-- \/ Yoast SEO Premium plugin. -->","yoast_head_json":{"title":"MILWAUKEE M12 3PLKIT-401P Z\u00d6LD 360\u00b0 3 S\u00cdK\u00da L\u00c9ZER SZETT PACKOUT\u2122 DOBOZBAN (4933478960) - Eurosmart - Milwaukee web\u00e1ruh\u00e1z","robots":{"index":"index","follow":"follow","max-snippet":"max-snippet:-1","max-image-preview":"max-image-preview:large","max-video-preview":"max-video-preview:-1"},"canonical":"https:\/\/www.eurosmart.hu\/shop\/index.php\/termek\/milwaukee-m12-3plkit-401p-zold-360-3-siku-lezer-szett-packout-dobozban-4933478960\/","og_locale":"hu_HU","og_type":"article","og_title":"MILWAUKEE M12 3PLKIT-401P Z\u00d6LD 360\u00b0 3 S\u00cdK\u00da L\u00c9ZER SZETT PACKOUT\u2122 DOBOZBAN (4933478960)","og_description":"A k\u00e9szlet tartalma:   1 db M12 3PL z\u00f6ld 360\u00b0 3 s\u00edk\u00fa l\u00e9zer  1 db M12 B4 4.0 Ah akkumul\u00e1tor  1 db M12 C12 C t\u00f6lt\u0151  1 db PACKOUT\u2122 DOBOZ  r\u00f6gz\u00edt\u0151csipesz, j\u00f3 l\u00e1that\u00f3s\u00e1g\u00fa c\u00e9lt\u00e1rgy lemez, LLD50,\u00a0LM360,\u00a0TRP120","og_url":"https:\/\/www.eurosmart.hu\/shop\/index.php\/termek\/milwaukee-m12-3plkit-401p-zold-360-3-siku-lezer-szett-packout-dobozban-4933478960\/","og_site_name":"Eurosmart - Milwaukee web\u00e1ruh\u00e1z","article_publisher":"https:\/\/www.facebook.com\/EurosmartKft","article_modified_time":"2024-01-10T11:27:53+00:00","og_image":[{"width":1000,"height":1000,"url":"https:\/\/www.eurosmart.hu\/shop\/wp-content\/uploads\/2024\/01\/4933478960.webp","type":"image\/webp"}],"twitter_card":"summary_large_image","twitter_misc":{"Price":"","Availability":"On backorder"},"schema":{"@context":"https:\/\/schema.org","@graph":[{"@type":"WebPage","@id":"https:\/\/www.eurosmart.hu\/shop\/index.php\/termek\/milwaukee-m12-3plkit-401p-zold-360-3-siku-lezer-szett-packout-dobozban-4933478960\/","url":"https:\/\/www.eurosmart.hu\/shop\/index.php\/termek\/milwaukee-m12-3plkit-401p-zold-360-3-siku-lezer-szett-packout-dobozban-4933478960\/","name":"MILWAUKEE M12 3PLKIT-401P Z\u00d6LD 360\u00b0 3 S\u00cdK\u00da L\u00c9ZER SZETT PACKOUT\u2122 DOBOZBAN (4933478960) - Eurosmart - Milwaukee web\u00e1ruh\u00e1z","isPartOf":{"@id":"https:\/\/www.eurosmart.hu\/shop\/#website"},"datePublished":"2024-01-10T11:24:06+00:00","dateModified":"2024-01-10T11:27:53+00:00","breadcrumb":{"@id":"https:\/\/www.eurosmart.hu\/shop\/index.php\/termek\/milwaukee-m12-3plkit-401p-zold-360-3-siku-lezer-szett-packout-dobozban-4933478960\/#breadcrumb"},"inLanguage":"hu","potentialAction":[{"@type":"ReadAction","target":["https:\/\/www.eurosmart.hu\/shop\/index.php\/termek\/milwaukee-m12-3plkit-401p-zold-360-3-siku-lezer-szett-packout-dobozban-4933478960\/"]}]},{"@type":"BreadcrumbList","@id":"https:\/\/www.eurosmart.hu\/shop\/index.php\/termek\/milwaukee-m12-3plkit-401p-zold-360-3-siku-lezer-szett-packout-dobozban-4933478960\/#breadcrumb","itemListElement":[{"@type":"ListItem","position":1,"name":"Kezd\u0151lap","item":"https:\/\/www.eurosmart.hu\/shop\/"},{"@type":"ListItem","position":2,"name":"Term\u00e9keink","item":"https:\/\/www.eurosmart.hu\/shop\/index.php\/uzlet\/"},{"@type":"ListItem","position":3,"name":"MILWAUKEE M12 3PLKIT-401P Z\u00d6LD 360\u00b0 3 S\u00cdK\u00da L\u00c9ZER SZETT PACKOUT\u2122 DOBOZBAN (4933478960)"}]},{"@type":"WebSite","@id":"https:\/\/www.eurosmart.hu\/shop\/#website","url":"https:\/\/www.eurosmart.hu\/shop\/","name":"Eurosmart - Milwaukee web\u00e1ruh\u00e1z","description":"Milwaukee web\u00e1ruh\u00e1z","publisher":{"@id":"https:\/\/www.eurosmart.hu\/shop\/#organization"},"potentialAction":[{"@type":"SearchAction","target":{"@type":"EntryPoint","urlTemplate":"https:\/\/www.eurosmart.hu\/shop\/?s={search_term_string}"},"query-input":"required name=search_term_string"}],"inLanguage":"hu"},{"@type":"Organization","@id":"https:\/\/www.eurosmart.hu\/shop\/#organization","name":"Eurosmart - Milwaukee web\u00e1ruh\u00e1z","url":"https:\/\/www.eurosmart.hu\/shop\/","logo":{"@type":"ImageObject","inLanguage":"hu","@id":"https:\/\/www.eurosmart.hu\/shop\/#\/schema\/logo\/image\/","url":"https:\/\/www.eurosmart.hu\/shop\/wp-content\/uploads\/2023\/10\/milwaukee-logo-1.png","contentUrl":"https:\/\/www.eurosmart.hu\/shop\/wp-content\/uploads\/2023\/10\/milwaukee-logo-1.png","width":500,"height":200,"caption":"Eurosmart - Milwaukee web\u00e1ruh\u00e1z"},"image":{"@id":"https:\/\/www.eurosmart.hu\/shop\/#\/schema\/logo\/image\/"},"sameAs":["https:\/\/www.facebook.com\/EurosmartKft"]}]},"product_price_currency":"HUF","og_availability":"backorder","product_availability":"available for order","product_retailer_item_id":"4933478960","product_condition":"new"},"_links":{"self":[{"href":"https:\/\/www.eurosmart.hu\/shop\/index.php\/wp-json\/wp\/v2\/product\/4688","targetHints":{"allow":["GET"]}}],"collection":[{"href":"https:\/\/www.eurosmart.hu\/shop\/index.php\/wp-json\/wp\/v2\/product"}],"about":[{"href":"https:\/\/www.eurosmart.hu\/shop\/index.php\/wp-json\/wp\/v2\/types\/product"}],"wp:featuredmedia":[{"embeddable":true,"href":"https:\/\/www.eurosmart.hu\/shop\/index.php\/wp-json\/wp\/v2\/media\/4689"}],"wp:attachment":[{"href":"https:\/\/www.eurosmart.hu\/shop\/index.php\/wp-json\/wp\/v2\/media?parent=4688"}],"wp:term":[{"taxonomy":"product_cat","embeddable":true,"href":"https:\/\/www.eurosmart.hu\/shop\/index.php\/wp-json\/wp\/v2\/product_cat?post=4688"},{"taxonomy":"product_tag","embeddable":true,"href":"https:\/\/www.eurosmart.hu\/shop\/index.php\/wp-json\/wp\/v2\/product_tag?post=4688"}],"curies":[{"name":"wp","href":"https:\/\/api.w.org\/{rel}","templated":true}]}}