{"id":4631,"date":"2024-01-08T14:19:25","date_gmt":"2024-01-08T14:19:25","guid":{"rendered":"https:\/\/www.eurosmart.hu\/shop\/?post_type=product&#038;p=4631"},"modified":"2024-02-15T12:15:14","modified_gmt":"2024-02-15T12:15:14","slug":"milwaukee-m18-fthchs35-0-fuel-felso-fogantyus-lancfuresz-35-cm-es-lancvezetovel-4933479588","status":"publish","type":"product","link":"https:\/\/www.eurosmart.hu\/shop\/index.php\/termek\/milwaukee-m18-fthchs35-0-fuel-felso-fogantyus-lancfuresz-35-cm-es-lancvezetovel-4933479588\/","title":{"rendered":"MILWAUKEE M18 FTHCHS35-0 FUEL\u2122 FELS\u0150 FOGANTY\u00daS L\u00c1NCF\u0170R\u00c9SZ 35 CM-ES L\u00c1NCVEZET\u0150VEL (4933479588)"},"content":{"rendered":"<h5>Tulajdons\u00e1gok:<\/h5>\n<ul class=\"ProductFeaturesTextstyles__FeatureList-fxqvf2-1 dUrrwH\">\n<li class=\"ProductFeaturesTextstyles__Feature-fxqvf2-3 ggyeUS\">Kiemelked\u0151 v\u00e1g\u00e1si sebess\u00e9g kem\u00e9nyf\u00e1ban bizonyos benzines vagy magasabb fesz\u00fclts\u00e9g\u0171 fels\u0151 foganty\u00fas l\u00e1ncf\u0171r\u00e9szekhez k\u00e9pest<\/li>\n<li class=\"ProductFeaturesTextstyles__Feature-fxqvf2-3 ggyeUS\">Nagy forgat\u00f3nyomat\u00e9k a munkaig\u00e9nyes anyagok v\u00e1g\u00e1s\u00e1hoz, \u00e9s nagy terhel\u00e9s mellett is fenntartja a sebess\u00e9get, an\u00e9lk\u00fcl, hogy elakadna<\/li>\n<li class=\"ProductFeaturesTextstyles__Feature-fxqvf2-3 ggyeUS\">FUEL\u2122 technol\u00f3gia &#8211; 1 m\u00e1sodperc alatt el\u00e9ri a maxim\u00e1lis teljes\u00edtm\u00e9nyt<\/li>\n<li class=\"ProductFeaturesTextstyles__Feature-fxqvf2-3 ggyeUS\"><a href=\"https:\/\/hu.milwaukeetool.eu\/systems\/m18\/\">M18\u2122<\/a>\u00a0HIGH OUTPUT\u2122 8.0 Ah-s akkumul\u00e1torral felszerelve ak\u00e1r 150 v\u00e1g\u00e1s 100 mm x 100 mm kem\u00e9nyf\u00e1ban egyetlen akkumul\u00e1tor t\u00f6lt\u00e9ssel<\/li>\n<li class=\"ProductFeaturesTextstyles__Feature-fxqvf2-3 ggyeUS\">A fels\u0151 foganty\u00fa kialak\u00edt\u00e1sa \u00e9s az optimaliz\u00e1lt egyens\u00faly t\u00f6k\u00e9letesen megfelel az arborista munk\u00e1khoz<\/li>\n<li class=\"ProductFeaturesTextstyles__Feature-fxqvf2-3 ggyeUS\">V\u00e1ltoztathat\u00f3 sebess\u00e9gkapcsol\u00f3<\/li>\n<li class=\"ProductFeaturesTextstyles__Feature-fxqvf2-3 ggyeUS\">Szersz\u00e1mk\u00f6t\u00e9lnek kialak\u00edtott lyuk a gyors r\u00f6gz\u00edt\u00e9shez \u00e9s a hevederr\u0151l val\u00f3 elt\u00e1vol\u00edt\u00e1shoz<\/li>\n<li class=\"ProductFeaturesTextstyles__Feature-fxqvf2-3 ggyeUS\">Ergonomikusan d\u00f6nt\u00f6tt foganty\u00fa a v\u00e1ltozatos poz\u00edci\u00f3ban t\u00f6rt\u00e9n\u0151 k\u00e9nyelmes haszn\u00e1lathoz<\/li>\n<li class=\"ProductFeaturesTextstyles__Feature-fxqvf2-3 ggyeUS\">Kombin\u00e1lt kulcs t\u00e1rol\u00e1sa a k\u00e9sz\u00fcl\u00e9ken \u00e9s k\u00f6nnyen hozz\u00e1f\u00e9rhet\u0151 l\u00e1ncfesz\u00edt\u0151 a nagyobb felhaszn\u00e1l\u00f3i k\u00e9nyelem \u00e9rdek\u00e9ben<\/li>\n<li class=\"ProductFeaturesTextstyles__Feature-fxqvf2-3 ggyeUS\">A teljesen f\u00e9m r\u00f6nkt\u00e1masz stabilabb v\u00e1g\u00e1st \u00e9s hosszabb \u00e9lettartamot biztos\u00edt<\/li>\n<li class=\"ProductFeaturesTextstyles__Feature-fxqvf2-3 ggyeUS\">K\u00f6nnyen hozz\u00e1f\u00e9rhet\u0151 kifoly\u00e1smentes olajtart\u00e1ly \u00e1ttetsz\u0151 ablakkal<\/li>\n<li class=\"ProductFeaturesTextstyles__Feature-fxqvf2-3 ggyeUS\">L\u00e1ncszersz\u00e1mmal, l\u00e1ncv\u00e9d\u0151 tokkal sz\u00e1ll\u00edtva<\/li>\n<li class=\"ProductFeaturesTextstyles__Feature-fxqvf2-3 ggyeUS\">A HIGH OUTPUT\u2122 rendszer \u00faj szintre emeli az\u00a0<a href=\"https:\/\/hu.milwaukeetool.eu\/systems\/m18\/fuel\/\">M18 FUEL\u2122<\/a>\u00a0technol\u00f3gi\u00e1t, n\u00f6veli a termel\u00e9kenys\u00e9get \u00e9s meghosszabb\u00edtja az \u00fczemid\u0151t. Ezeket az eszk\u00f6z\u00f6ket \u00fagy tervezt\u00e9k, hogy maxim\u00e1lisan kompatibilisek legyenek a HIGH OUTPUT\u2122 akkumul\u00e1torokkal<\/li>\n<li class=\"ProductFeaturesTextstyles__Feature-fxqvf2-3 ggyeUS\">Rugalmas akkumul\u00e1tor rendszerrel &#8211; MILWAUKEE\u00ae\u00a0<a href=\"https:\/\/hu.milwaukeetool.eu\/systems\/m18\/\">M18\u2122<\/a>\u00a0akkumul\u00e1torokkal m\u0171k\u00f6dik<\/li>\n<\/ul>\n<h5>M\u0171szaki adatok:<\/h5>\n<ul>\n<li>T\u00edpus: Akkumul\u00e1toros, Li-ion 18V<\/li>\n<li>L\u00e1nc sebess\u00e9g (m\/s): 15.0<\/li>\n<li>L\u00e1ncvezet\u0151 hossza (mm): 350<\/li>\n<li>Vezet\u0151szemek (db): 59<\/li>\n<li>S\u00faly akkumul\u00e1torral (kg): 4.7<\/li>\n<\/ul>\n","protected":false},"excerpt":{"rendered":"<p><strong>A k\u00e9szlet tartalma:<\/strong><\/p>\n<ul>\n<li>1 db M18 FTHCHS35 FELS\u0150 FOGANTY\u00daS L\u00c1NCF\u0170R\u00c9SZ 35 CM-ES L\u00c1NCVEZET\u0150VEL <em>(akkumul\u00e1tor, t\u00f6lt\u0151 \u00e9s koffer n\u00e9lk\u00fcl sz\u00e1ll\u00edtva!)<\/em><\/li>\n<\/ul>\n","protected":false},"featured_media":4632,"template":"","meta":[],"product_cat":[165,169,184,185,230,59,228,89],"product_tag":[],"class_list":["post-4631","product","type-product","status-publish","has-post-thumbnail","hentry","product_cat-akkumulatoros-gepek","product_cat-akkus-fureszeles-es-vagas","product_cat-kerti-gepek","product_cat-lancfureszek","product_cat-m18-rendszer","product_cat-milwaukee","product_cat-rendszer","product_cat-termekek"],"yoast_head":"<!-- This site is optimized with the Yoast SEO Premium plugin v21.3 (Yoast SEO v21.3) - https:\/\/yoast.com\/wordpress\/plugins\/seo\/ -->\n<title>MILWAUKEE M18 FTHCHS35-0 FUEL\u2122 FELS\u0150 FOGANTY\u00daS L\u00c1NCF\u0170R\u00c9SZ 35 CM-ES L\u00c1NCVEZET\u0150VEL (4933479588) - Eurosmart - Milwaukee web\u00e1ruh\u00e1z<\/title>\n<meta name=\"robots\" content=\"index, follow, max-snippet:-1, max-image-preview:large, max-video-preview:-1\" \/>\n<link rel=\"canonical\" href=\"https:\/\/www.eurosmart.hu\/shop\/index.php\/termek\/milwaukee-m18-fthchs35-0-fuel-felso-fogantyus-lancfuresz-35-cm-es-lancvezetovel-4933479588\/\" \/>\n<meta property=\"og:locale\" content=\"hu_HU\" \/>\n<meta property=\"og:type\" content=\"article\" \/>\n<meta property=\"og:title\" content=\"MILWAUKEE M18 FTHCHS35-0 FUEL\u2122 FELS\u0150 FOGANTY\u00daS L\u00c1NCF\u0170R\u00c9SZ 35 CM-ES L\u00c1NCVEZET\u0150VEL (4933479588)\" \/>\n<meta property=\"og:description\" content=\"A k\u00e9szlet tartalma:   1 db M18 FTHCHS35 FELS\u0150 FOGANTY\u00daS L\u00c1NCF\u0170R\u00c9SZ 35 CM-ES L\u00c1NCVEZET\u0150VEL (akkumul\u00e1tor, t\u00f6lt\u0151 \u00e9s koffer n\u00e9lk\u00fcl sz\u00e1ll\u00edtva!)\" \/>\n<meta property=\"og:url\" content=\"https:\/\/www.eurosmart.hu\/shop\/index.php\/termek\/milwaukee-m18-fthchs35-0-fuel-felso-fogantyus-lancfuresz-35-cm-es-lancvezetovel-4933479588\/\" \/>\n<meta property=\"og:site_name\" content=\"Eurosmart - Milwaukee web\u00e1ruh\u00e1z\" \/>\n<meta property=\"article:publisher\" content=\"https:\/\/www.facebook.com\/EurosmartKft\" \/>\n<meta property=\"article:modified_time\" content=\"2024-02-15T12:15:14+00:00\" \/>\n<meta property=\"og:image\" content=\"https:\/\/www.eurosmart.hu\/shop\/wp-content\/uploads\/2024\/01\/4933479588.webp\" \/>\n\t<meta property=\"og:image:width\" content=\"1000\" \/>\n\t<meta property=\"og:image:height\" content=\"1000\" \/>\n\t<meta property=\"og:image:type\" content=\"image\/webp\" \/>\n<meta name=\"twitter:card\" content=\"summary_large_image\" \/>\n<meta name=\"twitter:label1\" content=\"Price\" \/>\n\t<meta name=\"twitter:data1\" content=\"\" \/>\n\t<meta name=\"twitter:label2\" content=\"Availability\" \/>\n\t<meta name=\"twitter:data2\" content=\"On backorder\" \/>\n<script type=\"application\/ld+json\" class=\"yoast-schema-graph\">{\"@context\":\"https:\/\/schema.org\",\"@graph\":[{\"@type\":\"WebPage\",\"@id\":\"https:\/\/www.eurosmart.hu\/shop\/index.php\/termek\/milwaukee-m18-fthchs35-0-fuel-felso-fogantyus-lancfuresz-35-cm-es-lancvezetovel-4933479588\/\",\"url\":\"https:\/\/www.eurosmart.hu\/shop\/index.php\/termek\/milwaukee-m18-fthchs35-0-fuel-felso-fogantyus-lancfuresz-35-cm-es-lancvezetovel-4933479588\/\",\"name\":\"MILWAUKEE M18 FTHCHS35-0 FUEL\u2122 FELS\u0150 FOGANTY\u00daS L\u00c1NCF\u0170R\u00c9SZ 35 CM-ES L\u00c1NCVEZET\u0150VEL (4933479588) - Eurosmart - Milwaukee web\u00e1ruh\u00e1z\",\"isPartOf\":{\"@id\":\"https:\/\/www.eurosmart.hu\/shop\/#website\"},\"datePublished\":\"2024-01-08T14:19:25+00:00\",\"dateModified\":\"2024-02-15T12:15:14+00:00\",\"breadcrumb\":{\"@id\":\"https:\/\/www.eurosmart.hu\/shop\/index.php\/termek\/milwaukee-m18-fthchs35-0-fuel-felso-fogantyus-lancfuresz-35-cm-es-lancvezetovel-4933479588\/#breadcrumb\"},\"inLanguage\":\"hu\",\"potentialAction\":[{\"@type\":\"ReadAction\",\"target\":[\"https:\/\/www.eurosmart.hu\/shop\/index.php\/termek\/milwaukee-m18-fthchs35-0-fuel-felso-fogantyus-lancfuresz-35-cm-es-lancvezetovel-4933479588\/\"]}]},{\"@type\":\"BreadcrumbList\",\"@id\":\"https:\/\/www.eurosmart.hu\/shop\/index.php\/termek\/milwaukee-m18-fthchs35-0-fuel-felso-fogantyus-lancfuresz-35-cm-es-lancvezetovel-4933479588\/#breadcrumb\",\"itemListElement\":[{\"@type\":\"ListItem\",\"position\":1,\"name\":\"Kezd\u0151lap\",\"item\":\"https:\/\/www.eurosmart.hu\/shop\/\"},{\"@type\":\"ListItem\",\"position\":2,\"name\":\"Term\u00e9keink\",\"item\":\"https:\/\/www.eurosmart.hu\/shop\/index.php\/uzlet\/\"},{\"@type\":\"ListItem\",\"position\":3,\"name\":\"MILWAUKEE M18 FTHCHS35-0 FUEL\u2122 FELS\u0150 FOGANTY\u00daS L\u00c1NCF\u0170R\u00c9SZ 35 CM-ES L\u00c1NCVEZET\u0150VEL (4933479588)\"}]},{\"@type\":\"WebSite\",\"@id\":\"https:\/\/www.eurosmart.hu\/shop\/#website\",\"url\":\"https:\/\/www.eurosmart.hu\/shop\/\",\"name\":\"Eurosmart - Milwaukee web\u00e1ruh\u00e1z\",\"description\":\"Milwaukee web\u00e1ruh\u00e1z\",\"publisher\":{\"@id\":\"https:\/\/www.eurosmart.hu\/shop\/#organization\"},\"potentialAction\":[{\"@type\":\"SearchAction\",\"target\":{\"@type\":\"EntryPoint\",\"urlTemplate\":\"https:\/\/www.eurosmart.hu\/shop\/?s={search_term_string}\"},\"query-input\":\"required name=search_term_string\"}],\"inLanguage\":\"hu\"},{\"@type\":\"Organization\",\"@id\":\"https:\/\/www.eurosmart.hu\/shop\/#organization\",\"name\":\"Eurosmart - Milwaukee web\u00e1ruh\u00e1z\",\"url\":\"https:\/\/www.eurosmart.hu\/shop\/\",\"logo\":{\"@type\":\"ImageObject\",\"inLanguage\":\"hu\",\"@id\":\"https:\/\/www.eurosmart.hu\/shop\/#\/schema\/logo\/image\/\",\"url\":\"https:\/\/www.eurosmart.hu\/shop\/wp-content\/uploads\/2023\/10\/milwaukee-logo-1.png\",\"contentUrl\":\"https:\/\/www.eurosmart.hu\/shop\/wp-content\/uploads\/2023\/10\/milwaukee-logo-1.png\",\"width\":500,\"height\":200,\"caption\":\"Eurosmart - Milwaukee web\u00e1ruh\u00e1z\"},\"image\":{\"@id\":\"https:\/\/www.eurosmart.hu\/shop\/#\/schema\/logo\/image\/\"},\"sameAs\":[\"https:\/\/www.facebook.com\/EurosmartKft\"]}]}<\/script>\n<meta property=\"product:price:amount\" content=\"0\" \/>\n<meta property=\"product:price:currency\" content=\"HUF\" \/>\n<meta property=\"og:availability\" content=\"backorder\" \/>\n<meta property=\"product:availability\" content=\"available for order\" \/>\n<meta property=\"product:retailer_item_id\" content=\"4933479588\" \/>\n<meta property=\"product:condition\" content=\"new\" \/>\n<!-- \/ Yoast SEO Premium plugin. -->","yoast_head_json":{"title":"MILWAUKEE M18 FTHCHS35-0 FUEL\u2122 FELS\u0150 FOGANTY\u00daS L\u00c1NCF\u0170R\u00c9SZ 35 CM-ES L\u00c1NCVEZET\u0150VEL (4933479588) - Eurosmart - Milwaukee web\u00e1ruh\u00e1z","robots":{"index":"index","follow":"follow","max-snippet":"max-snippet:-1","max-image-preview":"max-image-preview:large","max-video-preview":"max-video-preview:-1"},"canonical":"https:\/\/www.eurosmart.hu\/shop\/index.php\/termek\/milwaukee-m18-fthchs35-0-fuel-felso-fogantyus-lancfuresz-35-cm-es-lancvezetovel-4933479588\/","og_locale":"hu_HU","og_type":"article","og_title":"MILWAUKEE M18 FTHCHS35-0 FUEL\u2122 FELS\u0150 FOGANTY\u00daS L\u00c1NCF\u0170R\u00c9SZ 35 CM-ES L\u00c1NCVEZET\u0150VEL (4933479588)","og_description":"A k\u00e9szlet tartalma:   1 db M18 FTHCHS35 FELS\u0150 FOGANTY\u00daS L\u00c1NCF\u0170R\u00c9SZ 35 CM-ES L\u00c1NCVEZET\u0150VEL (akkumul\u00e1tor, t\u00f6lt\u0151 \u00e9s koffer n\u00e9lk\u00fcl sz\u00e1ll\u00edtva!)","og_url":"https:\/\/www.eurosmart.hu\/shop\/index.php\/termek\/milwaukee-m18-fthchs35-0-fuel-felso-fogantyus-lancfuresz-35-cm-es-lancvezetovel-4933479588\/","og_site_name":"Eurosmart - Milwaukee web\u00e1ruh\u00e1z","article_publisher":"https:\/\/www.facebook.com\/EurosmartKft","article_modified_time":"2024-02-15T12:15:14+00:00","og_image":[{"width":1000,"height":1000,"url":"https:\/\/www.eurosmart.hu\/shop\/wp-content\/uploads\/2024\/01\/4933479588.webp","type":"image\/webp"}],"twitter_card":"summary_large_image","twitter_misc":{"Price":"","Availability":"On backorder"},"schema":{"@context":"https:\/\/schema.org","@graph":[{"@type":"WebPage","@id":"https:\/\/www.eurosmart.hu\/shop\/index.php\/termek\/milwaukee-m18-fthchs35-0-fuel-felso-fogantyus-lancfuresz-35-cm-es-lancvezetovel-4933479588\/","url":"https:\/\/www.eurosmart.hu\/shop\/index.php\/termek\/milwaukee-m18-fthchs35-0-fuel-felso-fogantyus-lancfuresz-35-cm-es-lancvezetovel-4933479588\/","name":"MILWAUKEE M18 FTHCHS35-0 FUEL\u2122 FELS\u0150 FOGANTY\u00daS L\u00c1NCF\u0170R\u00c9SZ 35 CM-ES L\u00c1NCVEZET\u0150VEL (4933479588) - Eurosmart - Milwaukee web\u00e1ruh\u00e1z","isPartOf":{"@id":"https:\/\/www.eurosmart.hu\/shop\/#website"},"datePublished":"2024-01-08T14:19:25+00:00","dateModified":"2024-02-15T12:15:14+00:00","breadcrumb":{"@id":"https:\/\/www.eurosmart.hu\/shop\/index.php\/termek\/milwaukee-m18-fthchs35-0-fuel-felso-fogantyus-lancfuresz-35-cm-es-lancvezetovel-4933479588\/#breadcrumb"},"inLanguage":"hu","potentialAction":[{"@type":"ReadAction","target":["https:\/\/www.eurosmart.hu\/shop\/index.php\/termek\/milwaukee-m18-fthchs35-0-fuel-felso-fogantyus-lancfuresz-35-cm-es-lancvezetovel-4933479588\/"]}]},{"@type":"BreadcrumbList","@id":"https:\/\/www.eurosmart.hu\/shop\/index.php\/termek\/milwaukee-m18-fthchs35-0-fuel-felso-fogantyus-lancfuresz-35-cm-es-lancvezetovel-4933479588\/#breadcrumb","itemListElement":[{"@type":"ListItem","position":1,"name":"Kezd\u0151lap","item":"https:\/\/www.eurosmart.hu\/shop\/"},{"@type":"ListItem","position":2,"name":"Term\u00e9keink","item":"https:\/\/www.eurosmart.hu\/shop\/index.php\/uzlet\/"},{"@type":"ListItem","position":3,"name":"MILWAUKEE M18 FTHCHS35-0 FUEL\u2122 FELS\u0150 FOGANTY\u00daS L\u00c1NCF\u0170R\u00c9SZ 35 CM-ES L\u00c1NCVEZET\u0150VEL (4933479588)"}]},{"@type":"WebSite","@id":"https:\/\/www.eurosmart.hu\/shop\/#website","url":"https:\/\/www.eurosmart.hu\/shop\/","name":"Eurosmart - Milwaukee web\u00e1ruh\u00e1z","description":"Milwaukee web\u00e1ruh\u00e1z","publisher":{"@id":"https:\/\/www.eurosmart.hu\/shop\/#organization"},"potentialAction":[{"@type":"SearchAction","target":{"@type":"EntryPoint","urlTemplate":"https:\/\/www.eurosmart.hu\/shop\/?s={search_term_string}"},"query-input":"required name=search_term_string"}],"inLanguage":"hu"},{"@type":"Organization","@id":"https:\/\/www.eurosmart.hu\/shop\/#organization","name":"Eurosmart - Milwaukee web\u00e1ruh\u00e1z","url":"https:\/\/www.eurosmart.hu\/shop\/","logo":{"@type":"ImageObject","inLanguage":"hu","@id":"https:\/\/www.eurosmart.hu\/shop\/#\/schema\/logo\/image\/","url":"https:\/\/www.eurosmart.hu\/shop\/wp-content\/uploads\/2023\/10\/milwaukee-logo-1.png","contentUrl":"https:\/\/www.eurosmart.hu\/shop\/wp-content\/uploads\/2023\/10\/milwaukee-logo-1.png","width":500,"height":200,"caption":"Eurosmart - Milwaukee web\u00e1ruh\u00e1z"},"image":{"@id":"https:\/\/www.eurosmart.hu\/shop\/#\/schema\/logo\/image\/"},"sameAs":["https:\/\/www.facebook.com\/EurosmartKft"]}]},"product_price_currency":"HUF","og_availability":"backorder","product_availability":"available for order","product_retailer_item_id":"4933479588","product_condition":"new"},"_links":{"self":[{"href":"https:\/\/www.eurosmart.hu\/shop\/index.php\/wp-json\/wp\/v2\/product\/4631","targetHints":{"allow":["GET"]}}],"collection":[{"href":"https:\/\/www.eurosmart.hu\/shop\/index.php\/wp-json\/wp\/v2\/product"}],"about":[{"href":"https:\/\/www.eurosmart.hu\/shop\/index.php\/wp-json\/wp\/v2\/types\/product"}],"wp:featuredmedia":[{"embeddable":true,"href":"https:\/\/www.eurosmart.hu\/shop\/index.php\/wp-json\/wp\/v2\/media\/4632"}],"wp:attachment":[{"href":"https:\/\/www.eurosmart.hu\/shop\/index.php\/wp-json\/wp\/v2\/media?parent=4631"}],"wp:term":[{"taxonomy":"product_cat","embeddable":true,"href":"https:\/\/www.eurosmart.hu\/shop\/index.php\/wp-json\/wp\/v2\/product_cat?post=4631"},{"taxonomy":"product_tag","embeddable":true,"href":"https:\/\/www.eurosmart.hu\/shop\/index.php\/wp-json\/wp\/v2\/product_tag?post=4631"}],"curies":[{"name":"wp","href":"https:\/\/api.w.org\/{rel}","templated":true}]}}