{"id":4611,"date":"2024-01-08T12:40:19","date_gmt":"2024-01-08T12:40:19","guid":{"rendered":"https:\/\/www.eurosmart.hu\/shop\/?post_type=product&#038;p=4611"},"modified":"2024-01-08T12:43:41","modified_gmt":"2024-01-08T12:43:41","slug":"milwaukee-m18-fr12kit-0p-fuel12-mm-felsomaro-packout-dobozban-4933493305","status":"publish","type":"product","link":"https:\/\/www.eurosmart.hu\/shop\/index.php\/termek\/milwaukee-m18-fr12kit-0p-fuel12-mm-felsomaro-packout-dobozban-4933493305\/","title":{"rendered":"MILWAUKEE M18 FR12KIT-0P FUEL\u212212 MM FELS\u0150MAR\u00d3 PACKOUT\u2122 DOBOZBAN (4933493305)"},"content":{"rendered":"<h5>Tulajdons\u00e1gok:<\/h5>\n<ul class=\"ProductFeaturesTextstyles__FeatureList-fxqvf2-1 dUrrwH\">\n<li class=\"ProductFeaturesTextstyles__Feature-fxqvf2-3 ggyeUS\">A POWERSTATE\u2122 sz\u00e9nkefe n\u00e9lk\u00fcli motor a HIGH OUTPUT\u2122 5,5 Ah-s akkumul\u00e1torral kombin\u00e1lva \u00e1lland\u00f3 \u00e1ramell\u00e1t\u00e1st biztos\u00edt a gyorsabb v\u00e1g\u00e1sok\u00e9rt \u00e9s cs\u00f6kkenti a h\u0151t nagy ig\u00e9nybev\u00e9tel\u0171 alkalmaz\u00e1sokn\u00e1l, vezet\u00e9kes g\u00e9pnek megfelel\u0151 teljes\u00edtm\u00e9ny mellett<\/li>\n<li class=\"ProductFeaturesTextstyles__Feature-fxqvf2-3 ggyeUS\">V\u00e1ltoztathat\u00f3 fordulatsz\u00e1m 12 000 \u00e9s 25 000 ford.\/perc k\u00f6z\u00f6tt a tiszta \u00e9s pontos v\u00e1g\u00e1s \u00e9rdek\u00e9ben sokf\u00e9le anyagban<\/li>\n<li class=\"ProductFeaturesTextstyles__Feature-fxqvf2-3 ggyeUS\">Gyors \u00e9s pontos mikrom\u00e9lys\u00e9gbe\u00e1ll\u00edt\u00e1s lejt\u00e9s n\u00e9lk\u00fcl, biztons\u00e1gos makr\u00f3be\u00e1ll\u00edt\u00e1sok \u00e9s tiszta r\u00e1l\u00e1t\u00e1s a bitre a munkadarab mar\u00e1sakor<\/li>\n<li class=\"ProductFeaturesTextstyles__Feature-fxqvf2-3 ggyeUS\">A f\u00far\u00f3hoz val\u00f3 akad\u00e1lymentes r\u00e1l\u00e1t\u00e1s a v\u00e1g\u00e1si min\u0151s\u00e9g, az el\u0151tol\u00e1s \u00e9s a menetenk\u00e9nt elt\u00e1vol\u00edtott anyag m\u00e9r\u00e9s\u00e9re<\/li>\n<li class=\"ProductFeaturesTextstyles__Feature-fxqvf2-3 ggyeUS\">K\u00f6nnyen ir\u00e1ny\u00edthat\u00f3 egy k\u00e9zzel, k\u00e9nyelmesen haszn\u00e1lhat\u00f3 hosszabb ideig \u00e9s j\u00f3l kiegyens\u00falyozott az alaplapon kereszt\u00fcl a munkafel\u00fcletre<\/li>\n<li class=\"ProductFeaturesTextstyles__Feature-fxqvf2-3 ggyeUS\">Vezet\u0151s\u00ednekkel kompatibilis, biztons\u00e1gos \u00e9s hat\u00e9kony m\u00f3dszert ad a felhaszn\u00e1l\u00f3nak a fels\u0151mar\u00f3 alapjainak a vezet\u0151s\u00ednrendszerhez val\u00f3 r\u00f6gz\u00edt\u00e9s\u00e9re, hogy egyenes vonalakat v\u00e1ghasson b\u00e1rmilyen munkafel\u00fcleten<\/li>\n<li class=\"ProductFeaturesTextstyles__Feature-fxqvf2-3 ggyeUS\">Befog\u00f3patron \u00e1tm\u00e9r\u0151k 12 mm, \u00bd\u2033, 8 mm, \u00bc\u2033<\/li>\n<li class=\"ProductFeaturesTextstyles__Feature-fxqvf2-3 ggyeUS\">Dupla LED munkaf\u00e9ny a munkadarab megvil\u00e1g\u00edt\u00e1s\u00e1hoz<\/li>\n<li class=\"ProductFeaturesTextstyles__Feature-fxqvf2-3 ggyeUS\">A DEK 26 porelsz\u00edv\u00f3 csatlakoz\u00f3 lehet\u0151v\u00e9 teszi, hogy a fels\u0151mar\u00f3 kompatibilis legyen b\u00e1rmely MILWAUKEE\u00ae porsz\u00edv\u00f3val<\/li>\n<li class=\"ProductFeaturesTextstyles__Feature-fxqvf2-3 ggyeUS\">FUEL\u2122 platformunk DNS-e \u00fajradefini\u00e1lja a vezet\u00e9k n\u00e9lk\u00fcli technol\u00f3gia egyens\u00faly\u00e1t. A MILWAUKEE\u00ae POWERSTATE\u2122 sz\u00e9nkefe n\u00e9lk\u00fcli motor, REDLITHIUM\u2122 akkumul\u00e1tor \u00e9s REDLINK PLUS\u2122 intelligens elektronika p\u00e1ratlan teljes\u00edtm\u00e9nyt, \u00fczemid\u0151t \u00e9s tart\u00f3ss\u00e1got biztos\u00edt.<\/li>\n<li class=\"ProductFeaturesTextstyles__Feature-fxqvf2-3 ggyeUS\">Rugalmas akkumul\u00e1tor rendszerrel &#8211; MILWAUKEE\u00ae\u00a0<a href=\"https:\/\/hu.milwaukeetool.eu\/systems\/m18\/\">M18\u2122<\/a>\u00a0akkumul\u00e1torokkal m\u0171k\u00f6dik<\/li>\n<\/ul>\n<h5>M\u0171szaki adatok:<\/h5>\n<ul>\n<li>T\u00edpus: Akkumul\u00e1toros, Li-ion 18V<\/li>\n<li>\u00dcresj\u00e1rati fordulatsz\u00e1m (ford\/perc): 12000-25000<\/li>\n<li>Befog\u00f3gy\u0171r\u0171 m\u00e9rete (mm): 12.7<\/li>\n<li>Bemer\u00fcl\u00e9si tartom\u00e1ny (mm): 60<\/li>\n<li>Fordulatsz\u00e1m szab\u00e1lyoz\u00e1s: 6<\/li>\n<li>S\u00faly akkumul\u00e1torral (kg): 4.01<\/li>\n<\/ul>\n","protected":false},"excerpt":{"rendered":"<p><strong>A k\u00e9szlet tartalma:<\/strong><\/p>\n<ul>\n<li>1 db M18 FR12 FUEL\u2122 FELS\u0150MAR\u00d3 <em>(akkumul\u00e1tor \u00e9s t\u00f6lt\u0151 n\u00e9lk\u00fcl sz\u00e1ll\u00edtva!)<\/em><\/li>\n<li>1 db PACKOUT\u2122 doboz<\/li>\n<li>1\/4\u2033, 8 mm, 12 mm, 1\/2\u2033 befog\u00f3patron, p\u00e1rhuzamvezet\u0151, alaplap, kulcs, porelsz\u00edv\u00f3 cs\u0151 \u00e9s \u00e1ll\u00edthat\u00f3 talp<\/li>\n<\/ul>\n","protected":false},"featured_media":4610,"template":"","meta":[],"product_cat":[165,169,230,59,232,228,89],"product_tag":[],"class_list":["post-4611","product","type-product","status-publish","has-post-thumbnail","hentry","product_cat-akkumulatoros-gepek","product_cat-akkus-fureszeles-es-vagas","product_cat-m18-rendszer","product_cat-milwaukee","product_cat-packout-modularis-tarolorendszer","product_cat-rendszer","product_cat-termekek"],"yoast_head":"<!-- This site is optimized with the Yoast SEO Premium plugin v21.3 (Yoast SEO v21.3) - https:\/\/yoast.com\/wordpress\/plugins\/seo\/ -->\n<title>MILWAUKEE M18 FR12KIT-0P FUEL\u212212 MM FELS\u0150MAR\u00d3 PACKOUT\u2122 DOBOZBAN (4933493305) - Eurosmart - Milwaukee web\u00e1ruh\u00e1z<\/title>\n<meta name=\"robots\" content=\"index, follow, max-snippet:-1, max-image-preview:large, max-video-preview:-1\" \/>\n<link rel=\"canonical\" href=\"https:\/\/www.eurosmart.hu\/shop\/index.php\/termek\/milwaukee-m18-fr12kit-0p-fuel12-mm-felsomaro-packout-dobozban-4933493305\/\" \/>\n<meta property=\"og:locale\" content=\"hu_HU\" \/>\n<meta property=\"og:type\" content=\"article\" \/>\n<meta property=\"og:title\" content=\"MILWAUKEE M18 FR12KIT-0P FUEL\u212212 MM FELS\u0150MAR\u00d3 PACKOUT\u2122 DOBOZBAN (4933493305)\" \/>\n<meta property=\"og:description\" content=\"A k\u00e9szlet tartalma:   1 db M18 FR12 FUEL\u2122 FELS\u0150MAR\u00d3 (akkumul\u00e1tor \u00e9s t\u00f6lt\u0151 n\u00e9lk\u00fcl sz\u00e1ll\u00edtva!)  1 db PACKOUT\u2122 doboz  1\/4\u2033, 8 mm, 12 mm, 1\/2\u2033 befog\u00f3patron, p\u00e1rhuzamvezet\u0151, alaplap, kulcs, porelsz\u00edv\u00f3 cs\u0151 \u00e9s \u00e1ll\u00edthat\u00f3 talp\" \/>\n<meta property=\"og:url\" content=\"https:\/\/www.eurosmart.hu\/shop\/index.php\/termek\/milwaukee-m18-fr12kit-0p-fuel12-mm-felsomaro-packout-dobozban-4933493305\/\" \/>\n<meta property=\"og:site_name\" content=\"Eurosmart - Milwaukee web\u00e1ruh\u00e1z\" \/>\n<meta property=\"article:publisher\" content=\"https:\/\/www.facebook.com\/EurosmartKft\" \/>\n<meta property=\"article:modified_time\" content=\"2024-01-08T12:43:41+00:00\" \/>\n<meta property=\"og:image\" content=\"https:\/\/www.eurosmart.hu\/shop\/wp-content\/uploads\/2024\/01\/4933493304.jpg\" \/>\n\t<meta property=\"og:image:width\" content=\"1000\" \/>\n\t<meta property=\"og:image:height\" content=\"1000\" \/>\n\t<meta property=\"og:image:type\" content=\"image\/jpeg\" \/>\n<meta name=\"twitter:card\" content=\"summary_large_image\" \/>\n<meta name=\"twitter:label1\" content=\"Price\" \/>\n\t<meta name=\"twitter:data1\" content=\"\" \/>\n\t<meta name=\"twitter:label2\" content=\"Availability\" \/>\n\t<meta name=\"twitter:data2\" content=\"On backorder\" \/>\n<script type=\"application\/ld+json\" class=\"yoast-schema-graph\">{\"@context\":\"https:\/\/schema.org\",\"@graph\":[{\"@type\":\"WebPage\",\"@id\":\"https:\/\/www.eurosmart.hu\/shop\/index.php\/termek\/milwaukee-m18-fr12kit-0p-fuel12-mm-felsomaro-packout-dobozban-4933493305\/\",\"url\":\"https:\/\/www.eurosmart.hu\/shop\/index.php\/termek\/milwaukee-m18-fr12kit-0p-fuel12-mm-felsomaro-packout-dobozban-4933493305\/\",\"name\":\"MILWAUKEE M18 FR12KIT-0P FUEL\u212212 MM FELS\u0150MAR\u00d3 PACKOUT\u2122 DOBOZBAN (4933493305) - Eurosmart - Milwaukee web\u00e1ruh\u00e1z\",\"isPartOf\":{\"@id\":\"https:\/\/www.eurosmart.hu\/shop\/#website\"},\"datePublished\":\"2024-01-08T12:40:19+00:00\",\"dateModified\":\"2024-01-08T12:43:41+00:00\",\"breadcrumb\":{\"@id\":\"https:\/\/www.eurosmart.hu\/shop\/index.php\/termek\/milwaukee-m18-fr12kit-0p-fuel12-mm-felsomaro-packout-dobozban-4933493305\/#breadcrumb\"},\"inLanguage\":\"hu\",\"potentialAction\":[{\"@type\":\"ReadAction\",\"target\":[\"https:\/\/www.eurosmart.hu\/shop\/index.php\/termek\/milwaukee-m18-fr12kit-0p-fuel12-mm-felsomaro-packout-dobozban-4933493305\/\"]}]},{\"@type\":\"BreadcrumbList\",\"@id\":\"https:\/\/www.eurosmart.hu\/shop\/index.php\/termek\/milwaukee-m18-fr12kit-0p-fuel12-mm-felsomaro-packout-dobozban-4933493305\/#breadcrumb\",\"itemListElement\":[{\"@type\":\"ListItem\",\"position\":1,\"name\":\"Kezd\u0151lap\",\"item\":\"https:\/\/www.eurosmart.hu\/shop\/\"},{\"@type\":\"ListItem\",\"position\":2,\"name\":\"Term\u00e9keink\",\"item\":\"https:\/\/www.eurosmart.hu\/shop\/index.php\/uzlet\/\"},{\"@type\":\"ListItem\",\"position\":3,\"name\":\"MILWAUKEE M18 FR12KIT-0P FUEL\u212212 MM FELS\u0150MAR\u00d3 PACKOUT\u2122 DOBOZBAN (4933493305)\"}]},{\"@type\":\"WebSite\",\"@id\":\"https:\/\/www.eurosmart.hu\/shop\/#website\",\"url\":\"https:\/\/www.eurosmart.hu\/shop\/\",\"name\":\"Eurosmart - Milwaukee web\u00e1ruh\u00e1z\",\"description\":\"Milwaukee web\u00e1ruh\u00e1z\",\"publisher\":{\"@id\":\"https:\/\/www.eurosmart.hu\/shop\/#organization\"},\"potentialAction\":[{\"@type\":\"SearchAction\",\"target\":{\"@type\":\"EntryPoint\",\"urlTemplate\":\"https:\/\/www.eurosmart.hu\/shop\/?s={search_term_string}\"},\"query-input\":\"required name=search_term_string\"}],\"inLanguage\":\"hu\"},{\"@type\":\"Organization\",\"@id\":\"https:\/\/www.eurosmart.hu\/shop\/#organization\",\"name\":\"Eurosmart - Milwaukee web\u00e1ruh\u00e1z\",\"url\":\"https:\/\/www.eurosmart.hu\/shop\/\",\"logo\":{\"@type\":\"ImageObject\",\"inLanguage\":\"hu\",\"@id\":\"https:\/\/www.eurosmart.hu\/shop\/#\/schema\/logo\/image\/\",\"url\":\"https:\/\/www.eurosmart.hu\/shop\/wp-content\/uploads\/2023\/10\/milwaukee-logo-1.png\",\"contentUrl\":\"https:\/\/www.eurosmart.hu\/shop\/wp-content\/uploads\/2023\/10\/milwaukee-logo-1.png\",\"width\":500,\"height\":200,\"caption\":\"Eurosmart - Milwaukee web\u00e1ruh\u00e1z\"},\"image\":{\"@id\":\"https:\/\/www.eurosmart.hu\/shop\/#\/schema\/logo\/image\/\"},\"sameAs\":[\"https:\/\/www.facebook.com\/EurosmartKft\"]}]}<\/script>\n<meta property=\"product:price:amount\" content=\"0\" \/>\n<meta property=\"product:price:currency\" content=\"HUF\" \/>\n<meta property=\"og:availability\" content=\"backorder\" \/>\n<meta property=\"product:availability\" content=\"available for order\" \/>\n<meta property=\"product:retailer_item_id\" content=\"4933493305\" \/>\n<meta property=\"product:condition\" content=\"new\" \/>\n<!-- \/ Yoast SEO Premium plugin. -->","yoast_head_json":{"title":"MILWAUKEE M18 FR12KIT-0P FUEL\u212212 MM FELS\u0150MAR\u00d3 PACKOUT\u2122 DOBOZBAN (4933493305) - Eurosmart - Milwaukee web\u00e1ruh\u00e1z","robots":{"index":"index","follow":"follow","max-snippet":"max-snippet:-1","max-image-preview":"max-image-preview:large","max-video-preview":"max-video-preview:-1"},"canonical":"https:\/\/www.eurosmart.hu\/shop\/index.php\/termek\/milwaukee-m18-fr12kit-0p-fuel12-mm-felsomaro-packout-dobozban-4933493305\/","og_locale":"hu_HU","og_type":"article","og_title":"MILWAUKEE M18 FR12KIT-0P FUEL\u212212 MM FELS\u0150MAR\u00d3 PACKOUT\u2122 DOBOZBAN (4933493305)","og_description":"A k\u00e9szlet tartalma:   1 db M18 FR12 FUEL\u2122 FELS\u0150MAR\u00d3 (akkumul\u00e1tor \u00e9s t\u00f6lt\u0151 n\u00e9lk\u00fcl sz\u00e1ll\u00edtva!)  1 db PACKOUT\u2122 doboz  1\/4\u2033, 8 mm, 12 mm, 1\/2\u2033 befog\u00f3patron, p\u00e1rhuzamvezet\u0151, alaplap, kulcs, porelsz\u00edv\u00f3 cs\u0151 \u00e9s \u00e1ll\u00edthat\u00f3 talp","og_url":"https:\/\/www.eurosmart.hu\/shop\/index.php\/termek\/milwaukee-m18-fr12kit-0p-fuel12-mm-felsomaro-packout-dobozban-4933493305\/","og_site_name":"Eurosmart - Milwaukee web\u00e1ruh\u00e1z","article_publisher":"https:\/\/www.facebook.com\/EurosmartKft","article_modified_time":"2024-01-08T12:43:41+00:00","og_image":[{"width":1000,"height":1000,"url":"https:\/\/www.eurosmart.hu\/shop\/wp-content\/uploads\/2024\/01\/4933493304.jpg","type":"image\/jpeg"}],"twitter_card":"summary_large_image","twitter_misc":{"Price":"","Availability":"On backorder"},"schema":{"@context":"https:\/\/schema.org","@graph":[{"@type":"WebPage","@id":"https:\/\/www.eurosmart.hu\/shop\/index.php\/termek\/milwaukee-m18-fr12kit-0p-fuel12-mm-felsomaro-packout-dobozban-4933493305\/","url":"https:\/\/www.eurosmart.hu\/shop\/index.php\/termek\/milwaukee-m18-fr12kit-0p-fuel12-mm-felsomaro-packout-dobozban-4933493305\/","name":"MILWAUKEE M18 FR12KIT-0P FUEL\u212212 MM FELS\u0150MAR\u00d3 PACKOUT\u2122 DOBOZBAN (4933493305) - Eurosmart - Milwaukee web\u00e1ruh\u00e1z","isPartOf":{"@id":"https:\/\/www.eurosmart.hu\/shop\/#website"},"datePublished":"2024-01-08T12:40:19+00:00","dateModified":"2024-01-08T12:43:41+00:00","breadcrumb":{"@id":"https:\/\/www.eurosmart.hu\/shop\/index.php\/termek\/milwaukee-m18-fr12kit-0p-fuel12-mm-felsomaro-packout-dobozban-4933493305\/#breadcrumb"},"inLanguage":"hu","potentialAction":[{"@type":"ReadAction","target":["https:\/\/www.eurosmart.hu\/shop\/index.php\/termek\/milwaukee-m18-fr12kit-0p-fuel12-mm-felsomaro-packout-dobozban-4933493305\/"]}]},{"@type":"BreadcrumbList","@id":"https:\/\/www.eurosmart.hu\/shop\/index.php\/termek\/milwaukee-m18-fr12kit-0p-fuel12-mm-felsomaro-packout-dobozban-4933493305\/#breadcrumb","itemListElement":[{"@type":"ListItem","position":1,"name":"Kezd\u0151lap","item":"https:\/\/www.eurosmart.hu\/shop\/"},{"@type":"ListItem","position":2,"name":"Term\u00e9keink","item":"https:\/\/www.eurosmart.hu\/shop\/index.php\/uzlet\/"},{"@type":"ListItem","position":3,"name":"MILWAUKEE M18 FR12KIT-0P FUEL\u212212 MM FELS\u0150MAR\u00d3 PACKOUT\u2122 DOBOZBAN (4933493305)"}]},{"@type":"WebSite","@id":"https:\/\/www.eurosmart.hu\/shop\/#website","url":"https:\/\/www.eurosmart.hu\/shop\/","name":"Eurosmart - Milwaukee web\u00e1ruh\u00e1z","description":"Milwaukee web\u00e1ruh\u00e1z","publisher":{"@id":"https:\/\/www.eurosmart.hu\/shop\/#organization"},"potentialAction":[{"@type":"SearchAction","target":{"@type":"EntryPoint","urlTemplate":"https:\/\/www.eurosmart.hu\/shop\/?s={search_term_string}"},"query-input":"required name=search_term_string"}],"inLanguage":"hu"},{"@type":"Organization","@id":"https:\/\/www.eurosmart.hu\/shop\/#organization","name":"Eurosmart - Milwaukee web\u00e1ruh\u00e1z","url":"https:\/\/www.eurosmart.hu\/shop\/","logo":{"@type":"ImageObject","inLanguage":"hu","@id":"https:\/\/www.eurosmart.hu\/shop\/#\/schema\/logo\/image\/","url":"https:\/\/www.eurosmart.hu\/shop\/wp-content\/uploads\/2023\/10\/milwaukee-logo-1.png","contentUrl":"https:\/\/www.eurosmart.hu\/shop\/wp-content\/uploads\/2023\/10\/milwaukee-logo-1.png","width":500,"height":200,"caption":"Eurosmart - Milwaukee web\u00e1ruh\u00e1z"},"image":{"@id":"https:\/\/www.eurosmart.hu\/shop\/#\/schema\/logo\/image\/"},"sameAs":["https:\/\/www.facebook.com\/EurosmartKft"]}]},"product_price_currency":"HUF","og_availability":"backorder","product_availability":"available for order","product_retailer_item_id":"4933493305","product_condition":"new"},"_links":{"self":[{"href":"https:\/\/www.eurosmart.hu\/shop\/index.php\/wp-json\/wp\/v2\/product\/4611","targetHints":{"allow":["GET"]}}],"collection":[{"href":"https:\/\/www.eurosmart.hu\/shop\/index.php\/wp-json\/wp\/v2\/product"}],"about":[{"href":"https:\/\/www.eurosmart.hu\/shop\/index.php\/wp-json\/wp\/v2\/types\/product"}],"wp:featuredmedia":[{"embeddable":true,"href":"https:\/\/www.eurosmart.hu\/shop\/index.php\/wp-json\/wp\/v2\/media\/4610"}],"wp:attachment":[{"href":"https:\/\/www.eurosmart.hu\/shop\/index.php\/wp-json\/wp\/v2\/media?parent=4611"}],"wp:term":[{"taxonomy":"product_cat","embeddable":true,"href":"https:\/\/www.eurosmart.hu\/shop\/index.php\/wp-json\/wp\/v2\/product_cat?post=4611"},{"taxonomy":"product_tag","embeddable":true,"href":"https:\/\/www.eurosmart.hu\/shop\/index.php\/wp-json\/wp\/v2\/product_tag?post=4611"}],"curies":[{"name":"wp","href":"https:\/\/api.w.org\/{rel}","templated":true}]}}