{"id":4435,"date":"2023-12-20T13:34:52","date_gmt":"2023-12-20T13:34:52","guid":{"rendered":"https:\/\/www.eurosmart.hu\/shop\/?post_type=product&#038;p=4435"},"modified":"2024-03-18T11:28:11","modified_gmt":"2024-03-18T11:28:11","slug":"milwaukee-m12-ir-201b-1-4-szuperkompakt-racsnis-csavarkulcs-szett-szerszamtaskaban-4933441725","status":"publish","type":"product","link":"https:\/\/www.eurosmart.hu\/shop\/index.php\/termek\/milwaukee-m12-ir-201b-1-4-szuperkompakt-racsnis-csavarkulcs-szett-szerszamtaskaban-4933441725\/","title":{"rendered":"MILWAUKEE M12 IR-201B 1\/4&#8243; SZUPERKOMPAKT RACSNIS CSAVARKULCS SZETT SZERSZ\u00c1MT\u00c1SK\u00c1BAN (4933441725)"},"content":{"rendered":"<h5>Tulajdons\u00e1gok:<\/h5>\n<ul class=\"ProductFeaturesTextstyles__FeatureList-fxqvf2-1 dUrrwH\">\n<li class=\"ProductFeaturesTextstyles__Feature-fxqvf2-3 ggyeUS\">47 Nm \u00e9s 250 percenk\u00e9nti \u00fcresj\u00e1rati fordulatsz\u00e1m<\/li>\n<li class=\"ProductFeaturesTextstyles__Feature-fxqvf2-3 ggyeUS\">REDLINK\u2122 t\u00falterhel\u00e9s v\u00e9delmi elektronika a g\u00e9pben \u00e9s az akkumul\u00e1torban, kateg\u00f3ri\u00e1j\u00e1ban a legjobb tart\u00f3ss\u00e1got biztos\u00edtja<\/li>\n<li class=\"ProductFeaturesTextstyles__Feature-fxqvf2-3 ggyeUS\">Meger\u0151s\u00edtett motorh\u00e1z &#8211; a leveg\u0151s racsnis csavarkulcsokhoz hasonl\u00f3 tart\u00f3ss\u00e1got biztos\u00edt<\/li>\n<li class=\"ProductFeaturesTextstyles__Feature-fxqvf2-3 ggyeUS\">Kompakt kialak\u00edt\u00e1s &#8211; kiv\u00e1l\u00f3an haszn\u00e1lhat\u00f3 sz\u0171k helyeken \u00e9s motort\u00e9rben<\/li>\n<li class=\"ProductFeaturesTextstyles__Feature-fxqvf2-3 ggyeUS\">V\u00e1ltoztathat\u00f3 sebess\u00e9g f\u00e9m sebess\u00e9gv\u00e1laszt\u00f3 kapcsol\u00f3val &#8211; jobb ir\u00e1ny\u00edt\u00e1st biztos\u00edt az alkalmaz\u00e1sok sor\u00e1n<\/li>\n<li class=\"ProductFeaturesTextstyles__Feature-fxqvf2-3 ggyeUS\">Egyedi cellafigyel\u0151 rendszer optimaliz\u00e1lja a m\u0171k\u00f6d\u00e9si id\u0151t \u00e9s biztos\u00edtja az akkumul\u00e1tor hossz\u00fa \u00e9lettartam\u00e1t<\/li>\n<li class=\"ProductFeaturesTextstyles__Feature-fxqvf2-3 ggyeUS\">Be\u00e9p\u00edtett t\u00f6lt\u00e9sszintjelz\u0151 \u00e9s LED f\u00e9ny a k\u00e9nyelmes haszn\u00e1lat\u00e9rt \u00e9s a nehezen bel\u00e1that\u00f3 helyek megvil\u00e1g\u00edt\u00e1s\u00e1\u00e9rt<\/li>\n<li class=\"ProductFeaturesTextstyles__Feature-fxqvf2-3 ggyeUS\">A REDLITHIUM\u2122 akkumul\u00e1tor kit\u0171n\u0151 min\u0151s\u00e9g\u0171 konstrukci\u00f3t \u00e9s elektronik\u00e1t k\u00edn\u00e1l, valamint lemer\u00fcl\u00e9s-biztos, \u00edgy hosszabb m\u0171k\u00f6d\u00e9si id\u0151t \u00e9s hosszabb ideig tart\u00f3 munkav\u00e9gz\u00e9st biztos\u00edt az akkumul\u00e1tor \u00e9lettartama alatt<\/li>\n<li class=\"ProductFeaturesTextstyles__Feature-fxqvf2-3 ggyeUS\">Rugalmas akkumul\u00e1tor rendszerrel &#8211; MILWAUKEE\u00ae\u00a0<a href=\"https:\/\/hu.milwaukeetool.eu\/systems\/m12\/\">M12\u2122<\/a>\u00a0akkumul\u00e1torokkal m\u0171k\u00f6dik<\/li>\n<\/ul>\n<h5>M\u0171szaki adatok:<\/h5>\n<ul>\n<li>T\u00edpusa: Akkumul\u00e1toros (Li-ion 12V)<\/li>\n<li>\u00dcresj\u00e1rati fordulatsz\u00e1m (ford\/perc): 0 &#8211; 250<\/li>\n<li>Hossz (mm): 274<\/li>\n<li>Max. nyomat\u00e9k (Nm): 47<\/li>\n<li>Szersz\u00e1m befog\u00e1s: 1\/4&#8243; n\u00e9gysz\u00f6g<\/li>\n<li>S\u00faly akkumul\u00e1torral (kg): 0.9<\/li>\n<\/ul>\n","protected":false},"excerpt":{"rendered":"<p><strong>A k\u00e9szlet tartalma:\u00a0<\/strong><\/p>\n<ul>\n<li>1 db M12 IR 1\/4 SZUPERKOMPAKT RACSNIS CSAVARKULCS<\/li>\n<li>1 db M12 B2 2.0 Ah akkumul\u00e1tor<\/li>\n<li>1 db M12 C12 C t\u00f6lt\u0151<\/li>\n<li>1 db Szersz\u00e1mt\u00e1ska<\/li>\n<\/ul>\n","protected":false},"featured_media":4436,"template":"","meta":[],"product_cat":[167,165,231,59,228,89],"product_tag":[],"class_list":["post-4435","product","type-product","status-publish","has-post-thumbnail","hentry","product_cat-akkumulatoros-furas-veses-es-rogzites","product_cat-akkumulatoros-gepek","product_cat-m12-rendszer","product_cat-milwaukee","product_cat-rendszer","product_cat-termekek"],"yoast_head":"<!-- This site is optimized with the Yoast SEO Premium plugin v21.3 (Yoast SEO v21.3) - https:\/\/yoast.com\/wordpress\/plugins\/seo\/ -->\n<title>MILWAUKEE M12 IR-201B 1\/4&quot; SZUPERKOMPAKT RACSNIS CSAVARKULCS SZETT SZERSZ\u00c1MT\u00c1SK\u00c1BAN (4933441725) - Eurosmart - Milwaukee web\u00e1ruh\u00e1z<\/title>\n<meta name=\"robots\" content=\"index, follow, max-snippet:-1, max-image-preview:large, max-video-preview:-1\" \/>\n<link rel=\"canonical\" href=\"https:\/\/www.eurosmart.hu\/shop\/index.php\/termek\/milwaukee-m12-ir-201b-1-4-szuperkompakt-racsnis-csavarkulcs-szett-szerszamtaskaban-4933441725\/\" \/>\n<meta property=\"og:locale\" content=\"hu_HU\" \/>\n<meta property=\"og:type\" content=\"article\" \/>\n<meta property=\"og:title\" content=\"MILWAUKEE M12 IR-201B 1\/4&quot; SZUPERKOMPAKT RACSNIS CSAVARKULCS SZETT SZERSZ\u00c1MT\u00c1SK\u00c1BAN (4933441725)\" \/>\n<meta property=\"og:description\" content=\"A k\u00e9szlet tartalma:\u00a0   1 db M12 IR 1\/4 SZUPERKOMPAKT RACSNIS CSAVARKULCS  1 db M12 B2 2.0 Ah akkumul\u00e1tor  1 db M12 C12 C t\u00f6lt\u0151  1 db Szersz\u00e1mt\u00e1ska\" \/>\n<meta property=\"og:url\" content=\"https:\/\/www.eurosmart.hu\/shop\/index.php\/termek\/milwaukee-m12-ir-201b-1-4-szuperkompakt-racsnis-csavarkulcs-szett-szerszamtaskaban-4933441725\/\" \/>\n<meta property=\"og:site_name\" content=\"Eurosmart - Milwaukee web\u00e1ruh\u00e1z\" \/>\n<meta property=\"article:publisher\" content=\"https:\/\/www.facebook.com\/EurosmartKft\" \/>\n<meta property=\"article:modified_time\" content=\"2024-03-18T11:28:11+00:00\" \/>\n<meta property=\"og:image\" content=\"https:\/\/www.eurosmart.hu\/shop\/wp-content\/uploads\/2023\/12\/4933441725.webp\" \/>\n\t<meta property=\"og:image:width\" content=\"1000\" \/>\n\t<meta property=\"og:image:height\" content=\"1000\" \/>\n\t<meta property=\"og:image:type\" content=\"image\/webp\" \/>\n<meta name=\"twitter:card\" content=\"summary_large_image\" \/>\n<meta name=\"twitter:label1\" content=\"Price\" \/>\n\t<meta name=\"twitter:data1\" content=\"\" \/>\n\t<meta name=\"twitter:label2\" content=\"Availability\" \/>\n\t<meta name=\"twitter:data2\" content=\"On backorder\" \/>\n<script type=\"application\/ld+json\" class=\"yoast-schema-graph\">{\"@context\":\"https:\/\/schema.org\",\"@graph\":[{\"@type\":\"WebPage\",\"@id\":\"https:\/\/www.eurosmart.hu\/shop\/index.php\/termek\/milwaukee-m12-ir-201b-1-4-szuperkompakt-racsnis-csavarkulcs-szett-szerszamtaskaban-4933441725\/\",\"url\":\"https:\/\/www.eurosmart.hu\/shop\/index.php\/termek\/milwaukee-m12-ir-201b-1-4-szuperkompakt-racsnis-csavarkulcs-szett-szerszamtaskaban-4933441725\/\",\"name\":\"MILWAUKEE M12 IR-201B 1\/4\\\" SZUPERKOMPAKT RACSNIS CSAVARKULCS SZETT SZERSZ\u00c1MT\u00c1SK\u00c1BAN (4933441725) - Eurosmart - Milwaukee web\u00e1ruh\u00e1z\",\"isPartOf\":{\"@id\":\"https:\/\/www.eurosmart.hu\/shop\/#website\"},\"datePublished\":\"2023-12-20T13:34:52+00:00\",\"dateModified\":\"2024-03-18T11:28:11+00:00\",\"breadcrumb\":{\"@id\":\"https:\/\/www.eurosmart.hu\/shop\/index.php\/termek\/milwaukee-m12-ir-201b-1-4-szuperkompakt-racsnis-csavarkulcs-szett-szerszamtaskaban-4933441725\/#breadcrumb\"},\"inLanguage\":\"hu\",\"potentialAction\":[{\"@type\":\"ReadAction\",\"target\":[\"https:\/\/www.eurosmart.hu\/shop\/index.php\/termek\/milwaukee-m12-ir-201b-1-4-szuperkompakt-racsnis-csavarkulcs-szett-szerszamtaskaban-4933441725\/\"]}]},{\"@type\":\"BreadcrumbList\",\"@id\":\"https:\/\/www.eurosmart.hu\/shop\/index.php\/termek\/milwaukee-m12-ir-201b-1-4-szuperkompakt-racsnis-csavarkulcs-szett-szerszamtaskaban-4933441725\/#breadcrumb\",\"itemListElement\":[{\"@type\":\"ListItem\",\"position\":1,\"name\":\"Kezd\u0151lap\",\"item\":\"https:\/\/www.eurosmart.hu\/shop\/\"},{\"@type\":\"ListItem\",\"position\":2,\"name\":\"Term\u00e9keink\",\"item\":\"https:\/\/www.eurosmart.hu\/shop\/index.php\/uzlet\/\"},{\"@type\":\"ListItem\",\"position\":3,\"name\":\"MILWAUKEE M12 IR-201B 1\/4&#8243; SZUPERKOMPAKT RACSNIS CSAVARKULCS SZETT SZERSZ\u00c1MT\u00c1SK\u00c1BAN (4933441725)\"}]},{\"@type\":\"WebSite\",\"@id\":\"https:\/\/www.eurosmart.hu\/shop\/#website\",\"url\":\"https:\/\/www.eurosmart.hu\/shop\/\",\"name\":\"Eurosmart - Milwaukee web\u00e1ruh\u00e1z\",\"description\":\"Milwaukee web\u00e1ruh\u00e1z\",\"publisher\":{\"@id\":\"https:\/\/www.eurosmart.hu\/shop\/#organization\"},\"potentialAction\":[{\"@type\":\"SearchAction\",\"target\":{\"@type\":\"EntryPoint\",\"urlTemplate\":\"https:\/\/www.eurosmart.hu\/shop\/?s={search_term_string}\"},\"query-input\":\"required name=search_term_string\"}],\"inLanguage\":\"hu\"},{\"@type\":\"Organization\",\"@id\":\"https:\/\/www.eurosmart.hu\/shop\/#organization\",\"name\":\"Eurosmart - Milwaukee web\u00e1ruh\u00e1z\",\"url\":\"https:\/\/www.eurosmart.hu\/shop\/\",\"logo\":{\"@type\":\"ImageObject\",\"inLanguage\":\"hu\",\"@id\":\"https:\/\/www.eurosmart.hu\/shop\/#\/schema\/logo\/image\/\",\"url\":\"https:\/\/www.eurosmart.hu\/shop\/wp-content\/uploads\/2023\/10\/milwaukee-logo-1.png\",\"contentUrl\":\"https:\/\/www.eurosmart.hu\/shop\/wp-content\/uploads\/2023\/10\/milwaukee-logo-1.png\",\"width\":500,\"height\":200,\"caption\":\"Eurosmart - Milwaukee web\u00e1ruh\u00e1z\"},\"image\":{\"@id\":\"https:\/\/www.eurosmart.hu\/shop\/#\/schema\/logo\/image\/\"},\"sameAs\":[\"https:\/\/www.facebook.com\/EurosmartKft\"]}]}<\/script>\n<meta property=\"product:price:amount\" content=\"0\" \/>\n<meta property=\"product:price:currency\" content=\"HUF\" \/>\n<meta property=\"og:availability\" content=\"backorder\" \/>\n<meta property=\"product:availability\" content=\"available for order\" \/>\n<meta property=\"product:retailer_item_id\" content=\"4933441725\" \/>\n<meta property=\"product:condition\" content=\"new\" \/>\n<!-- \/ Yoast SEO Premium plugin. -->","yoast_head_json":{"title":"MILWAUKEE M12 IR-201B 1\/4\" SZUPERKOMPAKT RACSNIS CSAVARKULCS SZETT SZERSZ\u00c1MT\u00c1SK\u00c1BAN (4933441725) - Eurosmart - Milwaukee web\u00e1ruh\u00e1z","robots":{"index":"index","follow":"follow","max-snippet":"max-snippet:-1","max-image-preview":"max-image-preview:large","max-video-preview":"max-video-preview:-1"},"canonical":"https:\/\/www.eurosmart.hu\/shop\/index.php\/termek\/milwaukee-m12-ir-201b-1-4-szuperkompakt-racsnis-csavarkulcs-szett-szerszamtaskaban-4933441725\/","og_locale":"hu_HU","og_type":"article","og_title":"MILWAUKEE M12 IR-201B 1\/4\" SZUPERKOMPAKT RACSNIS CSAVARKULCS SZETT SZERSZ\u00c1MT\u00c1SK\u00c1BAN (4933441725)","og_description":"A k\u00e9szlet tartalma:\u00a0   1 db M12 IR 1\/4 SZUPERKOMPAKT RACSNIS CSAVARKULCS  1 db M12 B2 2.0 Ah akkumul\u00e1tor  1 db M12 C12 C t\u00f6lt\u0151  1 db Szersz\u00e1mt\u00e1ska","og_url":"https:\/\/www.eurosmart.hu\/shop\/index.php\/termek\/milwaukee-m12-ir-201b-1-4-szuperkompakt-racsnis-csavarkulcs-szett-szerszamtaskaban-4933441725\/","og_site_name":"Eurosmart - Milwaukee web\u00e1ruh\u00e1z","article_publisher":"https:\/\/www.facebook.com\/EurosmartKft","article_modified_time":"2024-03-18T11:28:11+00:00","og_image":[{"width":1000,"height":1000,"url":"https:\/\/www.eurosmart.hu\/shop\/wp-content\/uploads\/2023\/12\/4933441725.webp","type":"image\/webp"}],"twitter_card":"summary_large_image","twitter_misc":{"Price":"","Availability":"On backorder"},"schema":{"@context":"https:\/\/schema.org","@graph":[{"@type":"WebPage","@id":"https:\/\/www.eurosmart.hu\/shop\/index.php\/termek\/milwaukee-m12-ir-201b-1-4-szuperkompakt-racsnis-csavarkulcs-szett-szerszamtaskaban-4933441725\/","url":"https:\/\/www.eurosmart.hu\/shop\/index.php\/termek\/milwaukee-m12-ir-201b-1-4-szuperkompakt-racsnis-csavarkulcs-szett-szerszamtaskaban-4933441725\/","name":"MILWAUKEE M12 IR-201B 1\/4\" SZUPERKOMPAKT RACSNIS CSAVARKULCS SZETT SZERSZ\u00c1MT\u00c1SK\u00c1BAN (4933441725) - Eurosmart - Milwaukee web\u00e1ruh\u00e1z","isPartOf":{"@id":"https:\/\/www.eurosmart.hu\/shop\/#website"},"datePublished":"2023-12-20T13:34:52+00:00","dateModified":"2024-03-18T11:28:11+00:00","breadcrumb":{"@id":"https:\/\/www.eurosmart.hu\/shop\/index.php\/termek\/milwaukee-m12-ir-201b-1-4-szuperkompakt-racsnis-csavarkulcs-szett-szerszamtaskaban-4933441725\/#breadcrumb"},"inLanguage":"hu","potentialAction":[{"@type":"ReadAction","target":["https:\/\/www.eurosmart.hu\/shop\/index.php\/termek\/milwaukee-m12-ir-201b-1-4-szuperkompakt-racsnis-csavarkulcs-szett-szerszamtaskaban-4933441725\/"]}]},{"@type":"BreadcrumbList","@id":"https:\/\/www.eurosmart.hu\/shop\/index.php\/termek\/milwaukee-m12-ir-201b-1-4-szuperkompakt-racsnis-csavarkulcs-szett-szerszamtaskaban-4933441725\/#breadcrumb","itemListElement":[{"@type":"ListItem","position":1,"name":"Kezd\u0151lap","item":"https:\/\/www.eurosmart.hu\/shop\/"},{"@type":"ListItem","position":2,"name":"Term\u00e9keink","item":"https:\/\/www.eurosmart.hu\/shop\/index.php\/uzlet\/"},{"@type":"ListItem","position":3,"name":"MILWAUKEE M12 IR-201B 1\/4&#8243; SZUPERKOMPAKT RACSNIS CSAVARKULCS SZETT SZERSZ\u00c1MT\u00c1SK\u00c1BAN (4933441725)"}]},{"@type":"WebSite","@id":"https:\/\/www.eurosmart.hu\/shop\/#website","url":"https:\/\/www.eurosmart.hu\/shop\/","name":"Eurosmart - Milwaukee web\u00e1ruh\u00e1z","description":"Milwaukee web\u00e1ruh\u00e1z","publisher":{"@id":"https:\/\/www.eurosmart.hu\/shop\/#organization"},"potentialAction":[{"@type":"SearchAction","target":{"@type":"EntryPoint","urlTemplate":"https:\/\/www.eurosmart.hu\/shop\/?s={search_term_string}"},"query-input":"required name=search_term_string"}],"inLanguage":"hu"},{"@type":"Organization","@id":"https:\/\/www.eurosmart.hu\/shop\/#organization","name":"Eurosmart - Milwaukee web\u00e1ruh\u00e1z","url":"https:\/\/www.eurosmart.hu\/shop\/","logo":{"@type":"ImageObject","inLanguage":"hu","@id":"https:\/\/www.eurosmart.hu\/shop\/#\/schema\/logo\/image\/","url":"https:\/\/www.eurosmart.hu\/shop\/wp-content\/uploads\/2023\/10\/milwaukee-logo-1.png","contentUrl":"https:\/\/www.eurosmart.hu\/shop\/wp-content\/uploads\/2023\/10\/milwaukee-logo-1.png","width":500,"height":200,"caption":"Eurosmart - Milwaukee web\u00e1ruh\u00e1z"},"image":{"@id":"https:\/\/www.eurosmart.hu\/shop\/#\/schema\/logo\/image\/"},"sameAs":["https:\/\/www.facebook.com\/EurosmartKft"]}]},"product_price_currency":"HUF","og_availability":"backorder","product_availability":"available for order","product_retailer_item_id":"4933441725","product_condition":"new"},"_links":{"self":[{"href":"https:\/\/www.eurosmart.hu\/shop\/index.php\/wp-json\/wp\/v2\/product\/4435","targetHints":{"allow":["GET"]}}],"collection":[{"href":"https:\/\/www.eurosmart.hu\/shop\/index.php\/wp-json\/wp\/v2\/product"}],"about":[{"href":"https:\/\/www.eurosmart.hu\/shop\/index.php\/wp-json\/wp\/v2\/types\/product"}],"wp:featuredmedia":[{"embeddable":true,"href":"https:\/\/www.eurosmart.hu\/shop\/index.php\/wp-json\/wp\/v2\/media\/4436"}],"wp:attachment":[{"href":"https:\/\/www.eurosmart.hu\/shop\/index.php\/wp-json\/wp\/v2\/media?parent=4435"}],"wp:term":[{"taxonomy":"product_cat","embeddable":true,"href":"https:\/\/www.eurosmart.hu\/shop\/index.php\/wp-json\/wp\/v2\/product_cat?post=4435"},{"taxonomy":"product_tag","embeddable":true,"href":"https:\/\/www.eurosmart.hu\/shop\/index.php\/wp-json\/wp\/v2\/product_tag?post=4435"}],"curies":[{"name":"wp","href":"https:\/\/api.w.org\/{rel}","templated":true}]}}