{"id":4424,"date":"2023-12-18T15:38:07","date_gmt":"2023-12-18T15:38:07","guid":{"rendered":"https:\/\/www.eurosmart.hu\/shop\/?post_type=product&#038;p=4424"},"modified":"2024-03-18T11:31:07","modified_gmt":"2024-03-18T11:31:07","slug":"milwaukee-m12-fhir14lr-0-fuel-1-4-nagy-sebessegu-racsnis-csavarkulcs-meghosszabitott-hajtoszarral-4933480790","status":"publish","type":"product","link":"https:\/\/www.eurosmart.hu\/shop\/index.php\/termek\/milwaukee-m12-fhir14lr-0-fuel-1-4-nagy-sebessegu-racsnis-csavarkulcs-meghosszabitott-hajtoszarral-4933480790\/","title":{"rendered":"MILWAUKEE M12 FHIR14LR-0 FUEL\u2122 1\/4\u2033 NAGY SEBESS\u00c9G\u0170 RACSNIS CSAVARKULCS MEGHOSSZAB\u00cdTOTT HAJT\u00d3SZ\u00c1RRAL (4933480790)"},"content":{"rendered":"<h5>Tulajdons\u00e1gok:<\/h5>\n<ul class=\"ProductFeaturesTextstyles__FeatureList-fxqvf2-1 dUrrwH\">\n<li class=\"ProductFeaturesTextstyles__Feature-fxqvf2-3 ggyeUS\">Ak\u00e1r 47 Nm maxim\u00e1lis nyomat\u00e9k\u00e1val \u00e9s 450 percenk\u00e9nti fordulattal ez az eszk\u00f6z gyorsabb alkalmaz\u00e1si sebess\u00e9get \u00e9s nagyobb termel\u00e9kenys\u00e9get biztos\u00edt a professzion\u00e1lis felhaszn\u00e1l\u00f3k sz\u00e1m\u00e1ra<\/li>\n<li class=\"ProductFeaturesTextstyles__Feature-fxqvf2-3 ggyeUS\">A 19 mm-es alacsony profil\u00fa fejkialak\u00edt\u00e1s \u00e9s a tov\u00e1bbi 82 mm-es hossz lehet\u0151v\u00e9 teszi a felhaszn\u00e1l\u00f3k sz\u00e1m\u00e1ra a sz\u0171k helyeken val\u00f3 jobb hozz\u00e1f\u00e9r\u00e9st<\/li>\n<li class=\"ProductFeaturesTextstyles__Feature-fxqvf2-3 ggyeUS\">Az ipar\u00e1g vezet\u0151 FUEL\u2122 technol\u00f3gi\u00e1ja kombin\u00e1lva a meger\u0151s\u00edtett mechanizmussal \u00e9s az \u00f6nt\u00f6tt ac\u00e9l burkolattal nagyobb tart\u00f3ss\u00e1got biztos\u00edt a professzion\u00e1lis felhaszn\u00e1l\u00f3k sz\u00e1m\u00e1ra<\/li>\n<li class=\"ProductFeaturesTextstyles__Feature-fxqvf2-3 ggyeUS\">A v\u00e1ltoztathat\u00f3 fordulatsz\u00e1m\u00fa f\u00e9m kapcsol\u00f3 a szersz\u00e1m teljes vez\u00e9rl\u00e9s\u00e9t biztos\u00edtja<\/li>\n<li class=\"ProductFeaturesTextstyles__Feature-fxqvf2-3 ggyeUS\">A pr\u00e9mium gumibevonat ellen\u00e1ll a korroz\u00edv anyagoknak, tov\u00e1bb\u00e1 haszn\u00e1lat k\u00f6zben n\u00f6veli a k\u00e9nyelmet<\/li>\n<li class=\"ProductFeaturesTextstyles__Feature-fxqvf2-3 ggyeUS\">LED f\u00e9ny a munkater\u00fclet megvil\u00e1g\u00edt\u00e1s\u00e1hoz \u00e9s t\u00f6lt\u00e9sszintjelz\u0151, amely jelzi az akkumul\u00e1tor t\u00f6lt\u00f6tts\u00e9gi szintj\u00e9t<\/li>\n<li class=\"ProductFeaturesTextstyles__Feature-fxqvf2-3 ggyeUS\">FUEL\u2122 platformunk DNS-e \u00fajradefini\u00e1lja a vezet\u00e9k n\u00e9lk\u00fcli technol\u00f3gia egyens\u00faly\u00e1t. A MILWAUKEE\u00ae POWERSTATE\u2122 sz\u00e9nkefe n\u00e9lk\u00fcli motor, REDLITHIUM\u2122 akkumul\u00e1tor \u00e9s REDLINK PLUS\u2122 intelligens elektronika p\u00e1ratlan teljes\u00edtm\u00e9nyt, \u00fczemid\u0151t \u00e9s tart\u00f3ss\u00e1got biztos\u00edt.<\/li>\n<li class=\"ProductFeaturesTextstyles__Feature-fxqvf2-3 ggyeUS\">Rugalmas akkumul\u00e1tor rendszerrel &#8211; MILWAUKEE\u00ae\u00a0<a href=\"https:\/\/hu.milwaukeetool.eu\/systems\/m12\/\">M12\u2122<\/a>\u00a0akkumul\u00e1torokkal m\u0171k\u00f6dik<\/li>\n<\/ul>\n<h5>M\u0171szaki adatok:<\/h5>\n<ul>\n<li>T\u00edpus: Akkumul\u00e1toros (Li-ion 12V)<\/li>\n<li>\u00dcresj\u00e1rati fordulatsz\u00e1m (ford\/perc): 0-450<\/li>\n<li>Hossz (mm): 348<\/li>\n<li>Max. nyomat\u00e9k (Nm): 47<\/li>\n<li>Szersz\u00e1m befog\u00e1s: 1\/4&#8243; n\u00e9gysz\u00f6g<\/li>\n<li>S\u00faly akkumul\u00e1torral (kg): 1.1<\/li>\n<\/ul>\n","protected":false},"excerpt":{"rendered":"<p><strong>A k\u00e9szlet tartalma:<\/strong> 1 db M12 FHIR14LR-0 FUEL\u2122 1\/4\u2033 NAGY SEBESS\u00c9G\u0170 RACSNIS CSAVARKULCS <em>(akkumul\u00e1tor, t\u00f6lt\u0151 \u00e9s koffer n\u00e9lk\u00fcl sz\u00e1ll\u00edtva!)<\/em><\/p>\n","protected":false},"featured_media":4425,"template":"","meta":[],"product_cat":[167,165,231,59,228,89],"product_tag":[],"class_list":["post-4424","product","type-product","status-publish","has-post-thumbnail","hentry","product_cat-akkumulatoros-furas-veses-es-rogzites","product_cat-akkumulatoros-gepek","product_cat-m12-rendszer","product_cat-milwaukee","product_cat-rendszer","product_cat-termekek"],"yoast_head":"<!-- This site is optimized with the Yoast SEO Premium plugin v21.3 (Yoast SEO v21.3) - https:\/\/yoast.com\/wordpress\/plugins\/seo\/ -->\n<title>MILWAUKEE M12 FHIR14LR-0 FUEL\u2122 1\/4\u2033 NAGY SEBESS\u00c9G\u0170 RACSNIS CSAVARKULCS MEGHOSSZAB\u00cdTOTT HAJT\u00d3SZ\u00c1RRAL (4933480790) - Eurosmart - Milwaukee web\u00e1ruh\u00e1z<\/title>\n<meta name=\"robots\" content=\"index, follow, max-snippet:-1, max-image-preview:large, max-video-preview:-1\" \/>\n<link rel=\"canonical\" href=\"https:\/\/www.eurosmart.hu\/shop\/index.php\/termek\/milwaukee-m12-fhir14lr-0-fuel-1-4-nagy-sebessegu-racsnis-csavarkulcs-meghosszabitott-hajtoszarral-4933480790\/\" \/>\n<meta property=\"og:locale\" content=\"hu_HU\" \/>\n<meta property=\"og:type\" content=\"article\" \/>\n<meta property=\"og:title\" content=\"MILWAUKEE M12 FHIR14LR-0 FUEL\u2122 1\/4\u2033 NAGY SEBESS\u00c9G\u0170 RACSNIS CSAVARKULCS MEGHOSSZAB\u00cdTOTT HAJT\u00d3SZ\u00c1RRAL (4933480790)\" \/>\n<meta property=\"og:description\" content=\"A k\u00e9szlet tartalma: 1 db M12 FHIR14LR-0 FUEL\u2122 1\/4\u2033 NAGY SEBESS\u00c9G\u0170 RACSNIS CSAVARKULCS (akkumul\u00e1tor, t\u00f6lt\u0151 \u00e9s koffer n\u00e9lk\u00fcl sz\u00e1ll\u00edtva!)\" \/>\n<meta property=\"og:url\" content=\"https:\/\/www.eurosmart.hu\/shop\/index.php\/termek\/milwaukee-m12-fhir14lr-0-fuel-1-4-nagy-sebessegu-racsnis-csavarkulcs-meghosszabitott-hajtoszarral-4933480790\/\" \/>\n<meta property=\"og:site_name\" content=\"Eurosmart - Milwaukee web\u00e1ruh\u00e1z\" \/>\n<meta property=\"article:publisher\" content=\"https:\/\/www.facebook.com\/EurosmartKft\" \/>\n<meta property=\"article:modified_time\" content=\"2024-03-18T11:31:07+00:00\" \/>\n<meta property=\"og:image\" content=\"https:\/\/www.eurosmart.hu\/shop\/wp-content\/uploads\/2023\/12\/4933480790.webp\" \/>\n\t<meta property=\"og:image:width\" content=\"1000\" \/>\n\t<meta property=\"og:image:height\" content=\"1000\" \/>\n\t<meta property=\"og:image:type\" content=\"image\/webp\" \/>\n<meta name=\"twitter:card\" content=\"summary_large_image\" \/>\n<meta name=\"twitter:label1\" content=\"Price\" \/>\n\t<meta name=\"twitter:data1\" content=\"\" \/>\n\t<meta name=\"twitter:label2\" content=\"Availability\" \/>\n\t<meta name=\"twitter:data2\" content=\"On backorder\" \/>\n<script type=\"application\/ld+json\" class=\"yoast-schema-graph\">{\"@context\":\"https:\/\/schema.org\",\"@graph\":[{\"@type\":\"WebPage\",\"@id\":\"https:\/\/www.eurosmart.hu\/shop\/index.php\/termek\/milwaukee-m12-fhir14lr-0-fuel-1-4-nagy-sebessegu-racsnis-csavarkulcs-meghosszabitott-hajtoszarral-4933480790\/\",\"url\":\"https:\/\/www.eurosmart.hu\/shop\/index.php\/termek\/milwaukee-m12-fhir14lr-0-fuel-1-4-nagy-sebessegu-racsnis-csavarkulcs-meghosszabitott-hajtoszarral-4933480790\/\",\"name\":\"MILWAUKEE M12 FHIR14LR-0 FUEL\u2122 1\/4\u2033 NAGY SEBESS\u00c9G\u0170 RACSNIS CSAVARKULCS MEGHOSSZAB\u00cdTOTT HAJT\u00d3SZ\u00c1RRAL (4933480790) - Eurosmart - Milwaukee web\u00e1ruh\u00e1z\",\"isPartOf\":{\"@id\":\"https:\/\/www.eurosmart.hu\/shop\/#website\"},\"datePublished\":\"2023-12-18T15:38:07+00:00\",\"dateModified\":\"2024-03-18T11:31:07+00:00\",\"breadcrumb\":{\"@id\":\"https:\/\/www.eurosmart.hu\/shop\/index.php\/termek\/milwaukee-m12-fhir14lr-0-fuel-1-4-nagy-sebessegu-racsnis-csavarkulcs-meghosszabitott-hajtoszarral-4933480790\/#breadcrumb\"},\"inLanguage\":\"hu\",\"potentialAction\":[{\"@type\":\"ReadAction\",\"target\":[\"https:\/\/www.eurosmart.hu\/shop\/index.php\/termek\/milwaukee-m12-fhir14lr-0-fuel-1-4-nagy-sebessegu-racsnis-csavarkulcs-meghosszabitott-hajtoszarral-4933480790\/\"]}]},{\"@type\":\"BreadcrumbList\",\"@id\":\"https:\/\/www.eurosmart.hu\/shop\/index.php\/termek\/milwaukee-m12-fhir14lr-0-fuel-1-4-nagy-sebessegu-racsnis-csavarkulcs-meghosszabitott-hajtoszarral-4933480790\/#breadcrumb\",\"itemListElement\":[{\"@type\":\"ListItem\",\"position\":1,\"name\":\"Kezd\u0151lap\",\"item\":\"https:\/\/www.eurosmart.hu\/shop\/\"},{\"@type\":\"ListItem\",\"position\":2,\"name\":\"Term\u00e9keink\",\"item\":\"https:\/\/www.eurosmart.hu\/shop\/index.php\/uzlet\/\"},{\"@type\":\"ListItem\",\"position\":3,\"name\":\"MILWAUKEE M12 FHIR14LR-0 FUEL\u2122 1\/4\u2033 NAGY SEBESS\u00c9G\u0170 RACSNIS CSAVARKULCS MEGHOSSZAB\u00cdTOTT HAJT\u00d3SZ\u00c1RRAL (4933480790)\"}]},{\"@type\":\"WebSite\",\"@id\":\"https:\/\/www.eurosmart.hu\/shop\/#website\",\"url\":\"https:\/\/www.eurosmart.hu\/shop\/\",\"name\":\"Eurosmart - Milwaukee web\u00e1ruh\u00e1z\",\"description\":\"Milwaukee web\u00e1ruh\u00e1z\",\"publisher\":{\"@id\":\"https:\/\/www.eurosmart.hu\/shop\/#organization\"},\"potentialAction\":[{\"@type\":\"SearchAction\",\"target\":{\"@type\":\"EntryPoint\",\"urlTemplate\":\"https:\/\/www.eurosmart.hu\/shop\/?s={search_term_string}\"},\"query-input\":\"required name=search_term_string\"}],\"inLanguage\":\"hu\"},{\"@type\":\"Organization\",\"@id\":\"https:\/\/www.eurosmart.hu\/shop\/#organization\",\"name\":\"Eurosmart - Milwaukee web\u00e1ruh\u00e1z\",\"url\":\"https:\/\/www.eurosmart.hu\/shop\/\",\"logo\":{\"@type\":\"ImageObject\",\"inLanguage\":\"hu\",\"@id\":\"https:\/\/www.eurosmart.hu\/shop\/#\/schema\/logo\/image\/\",\"url\":\"https:\/\/www.eurosmart.hu\/shop\/wp-content\/uploads\/2023\/10\/milwaukee-logo-1.png\",\"contentUrl\":\"https:\/\/www.eurosmart.hu\/shop\/wp-content\/uploads\/2023\/10\/milwaukee-logo-1.png\",\"width\":500,\"height\":200,\"caption\":\"Eurosmart - Milwaukee web\u00e1ruh\u00e1z\"},\"image\":{\"@id\":\"https:\/\/www.eurosmart.hu\/shop\/#\/schema\/logo\/image\/\"},\"sameAs\":[\"https:\/\/www.facebook.com\/EurosmartKft\"]}]}<\/script>\n<meta property=\"product:price:amount\" content=\"0\" \/>\n<meta property=\"product:price:currency\" content=\"HUF\" \/>\n<meta property=\"og:availability\" content=\"backorder\" \/>\n<meta property=\"product:availability\" content=\"available for order\" \/>\n<meta property=\"product:retailer_item_id\" content=\"4933480790\" \/>\n<meta property=\"product:condition\" content=\"new\" \/>\n<!-- \/ Yoast SEO Premium plugin. -->","yoast_head_json":{"title":"MILWAUKEE M12 FHIR14LR-0 FUEL\u2122 1\/4\u2033 NAGY SEBESS\u00c9G\u0170 RACSNIS CSAVARKULCS MEGHOSSZAB\u00cdTOTT HAJT\u00d3SZ\u00c1RRAL (4933480790) - Eurosmart - Milwaukee web\u00e1ruh\u00e1z","robots":{"index":"index","follow":"follow","max-snippet":"max-snippet:-1","max-image-preview":"max-image-preview:large","max-video-preview":"max-video-preview:-1"},"canonical":"https:\/\/www.eurosmart.hu\/shop\/index.php\/termek\/milwaukee-m12-fhir14lr-0-fuel-1-4-nagy-sebessegu-racsnis-csavarkulcs-meghosszabitott-hajtoszarral-4933480790\/","og_locale":"hu_HU","og_type":"article","og_title":"MILWAUKEE M12 FHIR14LR-0 FUEL\u2122 1\/4\u2033 NAGY SEBESS\u00c9G\u0170 RACSNIS CSAVARKULCS MEGHOSSZAB\u00cdTOTT HAJT\u00d3SZ\u00c1RRAL (4933480790)","og_description":"A k\u00e9szlet tartalma: 1 db M12 FHIR14LR-0 FUEL\u2122 1\/4\u2033 NAGY SEBESS\u00c9G\u0170 RACSNIS CSAVARKULCS (akkumul\u00e1tor, t\u00f6lt\u0151 \u00e9s koffer n\u00e9lk\u00fcl sz\u00e1ll\u00edtva!)","og_url":"https:\/\/www.eurosmart.hu\/shop\/index.php\/termek\/milwaukee-m12-fhir14lr-0-fuel-1-4-nagy-sebessegu-racsnis-csavarkulcs-meghosszabitott-hajtoszarral-4933480790\/","og_site_name":"Eurosmart - Milwaukee web\u00e1ruh\u00e1z","article_publisher":"https:\/\/www.facebook.com\/EurosmartKft","article_modified_time":"2024-03-18T11:31:07+00:00","og_image":[{"width":1000,"height":1000,"url":"https:\/\/www.eurosmart.hu\/shop\/wp-content\/uploads\/2023\/12\/4933480790.webp","type":"image\/webp"}],"twitter_card":"summary_large_image","twitter_misc":{"Price":"","Availability":"On backorder"},"schema":{"@context":"https:\/\/schema.org","@graph":[{"@type":"WebPage","@id":"https:\/\/www.eurosmart.hu\/shop\/index.php\/termek\/milwaukee-m12-fhir14lr-0-fuel-1-4-nagy-sebessegu-racsnis-csavarkulcs-meghosszabitott-hajtoszarral-4933480790\/","url":"https:\/\/www.eurosmart.hu\/shop\/index.php\/termek\/milwaukee-m12-fhir14lr-0-fuel-1-4-nagy-sebessegu-racsnis-csavarkulcs-meghosszabitott-hajtoszarral-4933480790\/","name":"MILWAUKEE M12 FHIR14LR-0 FUEL\u2122 1\/4\u2033 NAGY SEBESS\u00c9G\u0170 RACSNIS CSAVARKULCS MEGHOSSZAB\u00cdTOTT HAJT\u00d3SZ\u00c1RRAL (4933480790) - Eurosmart - Milwaukee web\u00e1ruh\u00e1z","isPartOf":{"@id":"https:\/\/www.eurosmart.hu\/shop\/#website"},"datePublished":"2023-12-18T15:38:07+00:00","dateModified":"2024-03-18T11:31:07+00:00","breadcrumb":{"@id":"https:\/\/www.eurosmart.hu\/shop\/index.php\/termek\/milwaukee-m12-fhir14lr-0-fuel-1-4-nagy-sebessegu-racsnis-csavarkulcs-meghosszabitott-hajtoszarral-4933480790\/#breadcrumb"},"inLanguage":"hu","potentialAction":[{"@type":"ReadAction","target":["https:\/\/www.eurosmart.hu\/shop\/index.php\/termek\/milwaukee-m12-fhir14lr-0-fuel-1-4-nagy-sebessegu-racsnis-csavarkulcs-meghosszabitott-hajtoszarral-4933480790\/"]}]},{"@type":"BreadcrumbList","@id":"https:\/\/www.eurosmart.hu\/shop\/index.php\/termek\/milwaukee-m12-fhir14lr-0-fuel-1-4-nagy-sebessegu-racsnis-csavarkulcs-meghosszabitott-hajtoszarral-4933480790\/#breadcrumb","itemListElement":[{"@type":"ListItem","position":1,"name":"Kezd\u0151lap","item":"https:\/\/www.eurosmart.hu\/shop\/"},{"@type":"ListItem","position":2,"name":"Term\u00e9keink","item":"https:\/\/www.eurosmart.hu\/shop\/index.php\/uzlet\/"},{"@type":"ListItem","position":3,"name":"MILWAUKEE M12 FHIR14LR-0 FUEL\u2122 1\/4\u2033 NAGY SEBESS\u00c9G\u0170 RACSNIS CSAVARKULCS MEGHOSSZAB\u00cdTOTT HAJT\u00d3SZ\u00c1RRAL (4933480790)"}]},{"@type":"WebSite","@id":"https:\/\/www.eurosmart.hu\/shop\/#website","url":"https:\/\/www.eurosmart.hu\/shop\/","name":"Eurosmart - Milwaukee web\u00e1ruh\u00e1z","description":"Milwaukee web\u00e1ruh\u00e1z","publisher":{"@id":"https:\/\/www.eurosmart.hu\/shop\/#organization"},"potentialAction":[{"@type":"SearchAction","target":{"@type":"EntryPoint","urlTemplate":"https:\/\/www.eurosmart.hu\/shop\/?s={search_term_string}"},"query-input":"required name=search_term_string"}],"inLanguage":"hu"},{"@type":"Organization","@id":"https:\/\/www.eurosmart.hu\/shop\/#organization","name":"Eurosmart - Milwaukee web\u00e1ruh\u00e1z","url":"https:\/\/www.eurosmart.hu\/shop\/","logo":{"@type":"ImageObject","inLanguage":"hu","@id":"https:\/\/www.eurosmart.hu\/shop\/#\/schema\/logo\/image\/","url":"https:\/\/www.eurosmart.hu\/shop\/wp-content\/uploads\/2023\/10\/milwaukee-logo-1.png","contentUrl":"https:\/\/www.eurosmart.hu\/shop\/wp-content\/uploads\/2023\/10\/milwaukee-logo-1.png","width":500,"height":200,"caption":"Eurosmart - Milwaukee web\u00e1ruh\u00e1z"},"image":{"@id":"https:\/\/www.eurosmart.hu\/shop\/#\/schema\/logo\/image\/"},"sameAs":["https:\/\/www.facebook.com\/EurosmartKft"]}]},"product_price_currency":"HUF","og_availability":"backorder","product_availability":"available for order","product_retailer_item_id":"4933480790","product_condition":"new"},"_links":{"self":[{"href":"https:\/\/www.eurosmart.hu\/shop\/index.php\/wp-json\/wp\/v2\/product\/4424","targetHints":{"allow":["GET"]}}],"collection":[{"href":"https:\/\/www.eurosmart.hu\/shop\/index.php\/wp-json\/wp\/v2\/product"}],"about":[{"href":"https:\/\/www.eurosmart.hu\/shop\/index.php\/wp-json\/wp\/v2\/types\/product"}],"wp:featuredmedia":[{"embeddable":true,"href":"https:\/\/www.eurosmart.hu\/shop\/index.php\/wp-json\/wp\/v2\/media\/4425"}],"wp:attachment":[{"href":"https:\/\/www.eurosmart.hu\/shop\/index.php\/wp-json\/wp\/v2\/media?parent=4424"}],"wp:term":[{"taxonomy":"product_cat","embeddable":true,"href":"https:\/\/www.eurosmart.hu\/shop\/index.php\/wp-json\/wp\/v2\/product_cat?post=4424"},{"taxonomy":"product_tag","embeddable":true,"href":"https:\/\/www.eurosmart.hu\/shop\/index.php\/wp-json\/wp\/v2\/product_tag?post=4424"}],"curies":[{"name":"wp","href":"https:\/\/api.w.org\/{rel}","templated":true}]}}