{"id":4422,"date":"2023-12-18T15:30:51","date_gmt":"2023-12-18T15:30:51","guid":{"rendered":"https:\/\/www.eurosmart.hu\/shop\/?post_type=product&#038;p=4422"},"modified":"2023-12-18T15:34:31","modified_gmt":"2023-12-18T15:34:31","slug":"milwaukee-m12-fptr-202x-fuel-insider-cserelheto-adapteres-racsnis-csavarkulcs-szett-hd-kofferben-4933480754","status":"publish","type":"product","link":"https:\/\/www.eurosmart.hu\/shop\/index.php\/termek\/milwaukee-m12-fptr-202x-fuel-insider-cserelheto-adapteres-racsnis-csavarkulcs-szett-hd-kofferben-4933480754\/","title":{"rendered":"MILWAUKEE M12 FPTR-202X FUEL\u2122 INSIDER\u2122 CSER\u00c9LHET\u0150 ADAPTERES RACSNIS CSAVARKULCS SZETT HD KOFFERBEN (4933480754)"},"content":{"rendered":"<h5>Tulajdons\u00e1gok:<\/h5>\n<ul class=\"ProductFeaturesTextstyles__FeatureList-fxqvf2-1 dUrrwH\">\n<li class=\"ProductFeaturesTextstyles__Feature-fxqvf2-3 ggyeUS\">Ak\u00e1r 80 Nm maxim\u00e1lis nyomat\u00e9kkal \u00e9s 350 ford.\/perccel ez az eszk\u00f6z a teljes\u00edtm\u00e9ny \u00e9s a sebess\u00e9g t\u00f6k\u00e9letes kombin\u00e1ci\u00f3j\u00e1t k\u00edn\u00e1lja<\/li>\n<li class=\"ProductFeaturesTextstyles__Feature-fxqvf2-3 ggyeUS\">A legalacsonyabb profil\u00fa fejjel rendelkezik, hogy sz\u0171k helyeken is kateg\u00f3ri\u00e1j\u00e1ban a legjobb hozz\u00e1f\u00e9r\u00e9st biztos\u00edtsa<\/li>\n<li class=\"ProductFeaturesTextstyles__Feature-fxqvf2-3 ggyeUS\">A meghosszabb\u00edthat\u00f3 hajt\u00f3sz\u00e1r jobb hozz\u00e1f\u00e9r\u00e9st biztos\u00edt a felhaszn\u00e1l\u00f3k sz\u00e1m\u00e1ra a nehezen hozz\u00e1f\u00e9rhet\u0151 helyeken<\/li>\n<li class=\"ProductFeaturesTextstyles__Feature-fxqvf2-3 ggyeUS\">\u00c1tmen\u0151 dug\u00f3kulcsok ak\u00e1r 15 mm-es m\u00e9retig lehet\u0151v\u00e9 teszik a felhaszn\u00e1l\u00f3k sz\u00e1m\u00e1ra, hogy k\u00e9nyelmesen r\u00f6gz\u00edts\u00e9k \u00e9s kioldj\u00e1k az any\u00e1kat b\u00e1rmilyen hossz\u00fas\u00e1g\u00fa csavarokon<\/li>\n<li class=\"ProductFeaturesTextstyles__Feature-fxqvf2-3 ggyeUS\">8 mm-t\u0151l 19 mm-ig, valamint 21 mm-es aljzatokkal rendelkezik<\/li>\n<li class=\"ProductFeaturesTextstyles__Feature-fxqvf2-3 ggyeUS\">A cser\u00e9lhet\u0151 \u00bc\u2033, \u215c\u2033, valamint az \u00bc\u2033 Hex bittart\u00f3 a legsokoldal\u00fabb racsnis megold\u00e1ss\u00e1 teszik<\/li>\n<li class=\"ProductFeaturesTextstyles__Feature-fxqvf2-3 ggyeUS\">A v\u00e1ltoztathat\u00f3 fordulatsz\u00e1m\u00fa kapcsol\u00f3 a szersz\u00e1m teljes vez\u00e9rl\u00e9s\u00e9t biztos\u00edtja<\/li>\n<li class=\"ProductFeaturesTextstyles__Feature-fxqvf2-3 ggyeUS\">A pr\u00e9mium gumibevonat ellen\u00e1ll a korroz\u00edv anyagoknak, tov\u00e1bb\u00e1 haszn\u00e1lat k\u00f6zben n\u00f6veli a k\u00e9nyelmet<\/li>\n<li class=\"ProductFeaturesTextstyles__Feature-fxqvf2-3 ggyeUS\">A kett\u0151s LED f\u00e9ny megvil\u00e1g\u00edtja a munkater\u00fcletet \u00e9s t\u00f6lt\u00e9sszintjelz\u0151, amely jelzi az akkumul\u00e1tor t\u00f6lt\u00f6tts\u00e9gi szintj\u00e9t<\/li>\n<li class=\"ProductFeaturesTextstyles__Feature-fxqvf2-3 ggyeUS\">FUEL\u2122 platformunk DNS-e \u00fajradefini\u00e1lja a vezet\u00e9k n\u00e9lk\u00fcli technol\u00f3gia egyens\u00faly\u00e1t. A MILWAUKEE\u00ae POWERSTATE\u2122 sz\u00e9nkefe n\u00e9lk\u00fcli motor, REDLITHIUM\u2122 akkumul\u00e1tor \u00e9s REDLINK PLUS\u2122 intelligens elektronika p\u00e1ratlan teljes\u00edtm\u00e9nyt, \u00fczemid\u0151t \u00e9s tart\u00f3ss\u00e1got biztos\u00edt.<\/li>\n<li class=\"ProductFeaturesTextstyles__Feature-fxqvf2-3 ggyeUS\">Rugalmas akkumul\u00e1tor rendszerrel &#8211; MILWAUKEE\u00ae\u00a0<a href=\"https:\/\/hu.milwaukeetool.eu\/systems\/m12\/\">M12\u2122<\/a>\u00a0akkumul\u00e1torokkal m\u0171k\u00f6dik<\/li>\n<\/ul>\n<h5>M\u0171szaki adatok:<\/h5>\n<ul>\n<li>T\u00edpus: Akkumul\u00e1toros (Li-ion 12V)<\/li>\n<li>\u00dcresj\u00e1rati fordulatsz\u00e1m (ford\/perc): 0-350<\/li>\n<li>Hossz (mm): 386<\/li>\n<li>Max. nyomat\u00e9k (Nm): 81<\/li>\n<li>Szersz\u00e1m befog\u00e1s: 1\/4&#8243; \/ 3\/8&#8243;<\/li>\n<li>S\u00faly akkumul\u00e1torral (kg): 1.2<\/li>\n<\/ul>\n","protected":false},"excerpt":{"rendered":"<p><strong>A k\u00e9szlet tartalma:<\/strong><\/p>\n<ul>\n<li>1 db M12 FPTR FUEL\u2122 INSIDER\u2122 CSER\u00c9LHET\u0150 ADAPTERES RACSNIS CSAVARKULCS<\/li>\n<li>2 db M12 B2 2.0 Ah akkumul\u00e1tor<\/li>\n<li>1 db M12 C12 C t\u00f6lt\u0151<\/li>\n<li>1 db Heavy Duty koffer<\/li>\n<\/ul>\n","protected":false},"featured_media":4423,"template":"","meta":[],"product_cat":[167,165,231,59,228,89],"product_tag":[],"class_list":["post-4422","product","type-product","status-publish","has-post-thumbnail","hentry","product_cat-akkumulatoros-furas-veses-es-rogzites","product_cat-akkumulatoros-gepek","product_cat-m12-rendszer","product_cat-milwaukee","product_cat-rendszer","product_cat-termekek"],"yoast_head":"<!-- This site is optimized with the Yoast SEO Premium plugin v21.3 (Yoast SEO v21.3) - https:\/\/yoast.com\/wordpress\/plugins\/seo\/ -->\n<title>MILWAUKEE M12 FPTR-202X FUEL\u2122 INSIDER\u2122 CSER\u00c9LHET\u0150 ADAPTERES RACSNIS CSAVARKULCS SZETT HD KOFFERBEN (4933480754) - Eurosmart - Milwaukee web\u00e1ruh\u00e1z<\/title>\n<meta name=\"robots\" content=\"index, follow, max-snippet:-1, max-image-preview:large, max-video-preview:-1\" \/>\n<link rel=\"canonical\" href=\"https:\/\/www.eurosmart.hu\/shop\/index.php\/termek\/milwaukee-m12-fptr-202x-fuel-insider-cserelheto-adapteres-racsnis-csavarkulcs-szett-hd-kofferben-4933480754\/\" \/>\n<meta property=\"og:locale\" content=\"hu_HU\" \/>\n<meta property=\"og:type\" content=\"article\" \/>\n<meta property=\"og:title\" content=\"MILWAUKEE M12 FPTR-202X FUEL\u2122 INSIDER\u2122 CSER\u00c9LHET\u0150 ADAPTERES RACSNIS CSAVARKULCS SZETT HD KOFFERBEN (4933480754)\" \/>\n<meta property=\"og:description\" content=\"A k\u00e9szlet tartalma:   1 db M12 FPTR FUEL\u2122 INSIDER\u2122 CSER\u00c9LHET\u0150 ADAPTERES RACSNIS CSAVARKULCS  2 db M12 B2 2.0 Ah akkumul\u00e1tor  1 db M12 C12 C t\u00f6lt\u0151  1 db Heavy Duty koffer\" \/>\n<meta property=\"og:url\" content=\"https:\/\/www.eurosmart.hu\/shop\/index.php\/termek\/milwaukee-m12-fptr-202x-fuel-insider-cserelheto-adapteres-racsnis-csavarkulcs-szett-hd-kofferben-4933480754\/\" \/>\n<meta property=\"og:site_name\" content=\"Eurosmart - Milwaukee web\u00e1ruh\u00e1z\" \/>\n<meta property=\"article:publisher\" content=\"https:\/\/www.facebook.com\/EurosmartKft\" \/>\n<meta property=\"article:modified_time\" content=\"2023-12-18T15:34:31+00:00\" \/>\n<meta property=\"og:image\" content=\"https:\/\/www.eurosmart.hu\/shop\/wp-content\/uploads\/2023\/12\/4933480754.jpg\" \/>\n\t<meta property=\"og:image:width\" content=\"1000\" \/>\n\t<meta property=\"og:image:height\" content=\"1000\" \/>\n\t<meta property=\"og:image:type\" content=\"image\/jpeg\" \/>\n<meta name=\"twitter:card\" content=\"summary_large_image\" \/>\n<meta name=\"twitter:label1\" content=\"Price\" \/>\n\t<meta name=\"twitter:data1\" content=\"\" \/>\n\t<meta name=\"twitter:label2\" content=\"Availability\" \/>\n\t<meta name=\"twitter:data2\" content=\"On backorder\" \/>\n<script type=\"application\/ld+json\" class=\"yoast-schema-graph\">{\"@context\":\"https:\/\/schema.org\",\"@graph\":[{\"@type\":\"WebPage\",\"@id\":\"https:\/\/www.eurosmart.hu\/shop\/index.php\/termek\/milwaukee-m12-fptr-202x-fuel-insider-cserelheto-adapteres-racsnis-csavarkulcs-szett-hd-kofferben-4933480754\/\",\"url\":\"https:\/\/www.eurosmart.hu\/shop\/index.php\/termek\/milwaukee-m12-fptr-202x-fuel-insider-cserelheto-adapteres-racsnis-csavarkulcs-szett-hd-kofferben-4933480754\/\",\"name\":\"MILWAUKEE M12 FPTR-202X FUEL\u2122 INSIDER\u2122 CSER\u00c9LHET\u0150 ADAPTERES RACSNIS CSAVARKULCS SZETT HD KOFFERBEN (4933480754) - Eurosmart - Milwaukee web\u00e1ruh\u00e1z\",\"isPartOf\":{\"@id\":\"https:\/\/www.eurosmart.hu\/shop\/#website\"},\"datePublished\":\"2023-12-18T15:30:51+00:00\",\"dateModified\":\"2023-12-18T15:34:31+00:00\",\"breadcrumb\":{\"@id\":\"https:\/\/www.eurosmart.hu\/shop\/index.php\/termek\/milwaukee-m12-fptr-202x-fuel-insider-cserelheto-adapteres-racsnis-csavarkulcs-szett-hd-kofferben-4933480754\/#breadcrumb\"},\"inLanguage\":\"hu\",\"potentialAction\":[{\"@type\":\"ReadAction\",\"target\":[\"https:\/\/www.eurosmart.hu\/shop\/index.php\/termek\/milwaukee-m12-fptr-202x-fuel-insider-cserelheto-adapteres-racsnis-csavarkulcs-szett-hd-kofferben-4933480754\/\"]}]},{\"@type\":\"BreadcrumbList\",\"@id\":\"https:\/\/www.eurosmart.hu\/shop\/index.php\/termek\/milwaukee-m12-fptr-202x-fuel-insider-cserelheto-adapteres-racsnis-csavarkulcs-szett-hd-kofferben-4933480754\/#breadcrumb\",\"itemListElement\":[{\"@type\":\"ListItem\",\"position\":1,\"name\":\"Kezd\u0151lap\",\"item\":\"https:\/\/www.eurosmart.hu\/shop\/\"},{\"@type\":\"ListItem\",\"position\":2,\"name\":\"Term\u00e9keink\",\"item\":\"https:\/\/www.eurosmart.hu\/shop\/index.php\/uzlet\/\"},{\"@type\":\"ListItem\",\"position\":3,\"name\":\"MILWAUKEE M12 FPTR-202X FUEL\u2122 INSIDER\u2122 CSER\u00c9LHET\u0150 ADAPTERES RACSNIS CSAVARKULCS SZETT HD KOFFERBEN (4933480754)\"}]},{\"@type\":\"WebSite\",\"@id\":\"https:\/\/www.eurosmart.hu\/shop\/#website\",\"url\":\"https:\/\/www.eurosmart.hu\/shop\/\",\"name\":\"Eurosmart - Milwaukee web\u00e1ruh\u00e1z\",\"description\":\"Milwaukee web\u00e1ruh\u00e1z\",\"publisher\":{\"@id\":\"https:\/\/www.eurosmart.hu\/shop\/#organization\"},\"potentialAction\":[{\"@type\":\"SearchAction\",\"target\":{\"@type\":\"EntryPoint\",\"urlTemplate\":\"https:\/\/www.eurosmart.hu\/shop\/?s={search_term_string}\"},\"query-input\":\"required name=search_term_string\"}],\"inLanguage\":\"hu\"},{\"@type\":\"Organization\",\"@id\":\"https:\/\/www.eurosmart.hu\/shop\/#organization\",\"name\":\"Eurosmart - Milwaukee web\u00e1ruh\u00e1z\",\"url\":\"https:\/\/www.eurosmart.hu\/shop\/\",\"logo\":{\"@type\":\"ImageObject\",\"inLanguage\":\"hu\",\"@id\":\"https:\/\/www.eurosmart.hu\/shop\/#\/schema\/logo\/image\/\",\"url\":\"https:\/\/www.eurosmart.hu\/shop\/wp-content\/uploads\/2023\/10\/milwaukee-logo-1.png\",\"contentUrl\":\"https:\/\/www.eurosmart.hu\/shop\/wp-content\/uploads\/2023\/10\/milwaukee-logo-1.png\",\"width\":500,\"height\":200,\"caption\":\"Eurosmart - Milwaukee web\u00e1ruh\u00e1z\"},\"image\":{\"@id\":\"https:\/\/www.eurosmart.hu\/shop\/#\/schema\/logo\/image\/\"},\"sameAs\":[\"https:\/\/www.facebook.com\/EurosmartKft\"]}]}<\/script>\n<meta property=\"product:price:amount\" content=\"0\" \/>\n<meta property=\"product:price:currency\" content=\"HUF\" \/>\n<meta property=\"og:availability\" content=\"backorder\" \/>\n<meta property=\"product:availability\" content=\"available for order\" \/>\n<meta property=\"product:retailer_item_id\" content=\"4933480754\" \/>\n<meta property=\"product:condition\" content=\"new\" \/>\n<!-- \/ Yoast SEO Premium plugin. -->","yoast_head_json":{"title":"MILWAUKEE M12 FPTR-202X FUEL\u2122 INSIDER\u2122 CSER\u00c9LHET\u0150 ADAPTERES RACSNIS CSAVARKULCS SZETT HD KOFFERBEN (4933480754) - Eurosmart - Milwaukee web\u00e1ruh\u00e1z","robots":{"index":"index","follow":"follow","max-snippet":"max-snippet:-1","max-image-preview":"max-image-preview:large","max-video-preview":"max-video-preview:-1"},"canonical":"https:\/\/www.eurosmart.hu\/shop\/index.php\/termek\/milwaukee-m12-fptr-202x-fuel-insider-cserelheto-adapteres-racsnis-csavarkulcs-szett-hd-kofferben-4933480754\/","og_locale":"hu_HU","og_type":"article","og_title":"MILWAUKEE M12 FPTR-202X FUEL\u2122 INSIDER\u2122 CSER\u00c9LHET\u0150 ADAPTERES RACSNIS CSAVARKULCS SZETT HD KOFFERBEN (4933480754)","og_description":"A k\u00e9szlet tartalma:   1 db M12 FPTR FUEL\u2122 INSIDER\u2122 CSER\u00c9LHET\u0150 ADAPTERES RACSNIS CSAVARKULCS  2 db M12 B2 2.0 Ah akkumul\u00e1tor  1 db M12 C12 C t\u00f6lt\u0151  1 db Heavy Duty koffer","og_url":"https:\/\/www.eurosmart.hu\/shop\/index.php\/termek\/milwaukee-m12-fptr-202x-fuel-insider-cserelheto-adapteres-racsnis-csavarkulcs-szett-hd-kofferben-4933480754\/","og_site_name":"Eurosmart - Milwaukee web\u00e1ruh\u00e1z","article_publisher":"https:\/\/www.facebook.com\/EurosmartKft","article_modified_time":"2023-12-18T15:34:31+00:00","og_image":[{"width":1000,"height":1000,"url":"https:\/\/www.eurosmart.hu\/shop\/wp-content\/uploads\/2023\/12\/4933480754.jpg","type":"image\/jpeg"}],"twitter_card":"summary_large_image","twitter_misc":{"Price":"","Availability":"On backorder"},"schema":{"@context":"https:\/\/schema.org","@graph":[{"@type":"WebPage","@id":"https:\/\/www.eurosmart.hu\/shop\/index.php\/termek\/milwaukee-m12-fptr-202x-fuel-insider-cserelheto-adapteres-racsnis-csavarkulcs-szett-hd-kofferben-4933480754\/","url":"https:\/\/www.eurosmart.hu\/shop\/index.php\/termek\/milwaukee-m12-fptr-202x-fuel-insider-cserelheto-adapteres-racsnis-csavarkulcs-szett-hd-kofferben-4933480754\/","name":"MILWAUKEE M12 FPTR-202X FUEL\u2122 INSIDER\u2122 CSER\u00c9LHET\u0150 ADAPTERES RACSNIS CSAVARKULCS SZETT HD KOFFERBEN (4933480754) - Eurosmart - Milwaukee web\u00e1ruh\u00e1z","isPartOf":{"@id":"https:\/\/www.eurosmart.hu\/shop\/#website"},"datePublished":"2023-12-18T15:30:51+00:00","dateModified":"2023-12-18T15:34:31+00:00","breadcrumb":{"@id":"https:\/\/www.eurosmart.hu\/shop\/index.php\/termek\/milwaukee-m12-fptr-202x-fuel-insider-cserelheto-adapteres-racsnis-csavarkulcs-szett-hd-kofferben-4933480754\/#breadcrumb"},"inLanguage":"hu","potentialAction":[{"@type":"ReadAction","target":["https:\/\/www.eurosmart.hu\/shop\/index.php\/termek\/milwaukee-m12-fptr-202x-fuel-insider-cserelheto-adapteres-racsnis-csavarkulcs-szett-hd-kofferben-4933480754\/"]}]},{"@type":"BreadcrumbList","@id":"https:\/\/www.eurosmart.hu\/shop\/index.php\/termek\/milwaukee-m12-fptr-202x-fuel-insider-cserelheto-adapteres-racsnis-csavarkulcs-szett-hd-kofferben-4933480754\/#breadcrumb","itemListElement":[{"@type":"ListItem","position":1,"name":"Kezd\u0151lap","item":"https:\/\/www.eurosmart.hu\/shop\/"},{"@type":"ListItem","position":2,"name":"Term\u00e9keink","item":"https:\/\/www.eurosmart.hu\/shop\/index.php\/uzlet\/"},{"@type":"ListItem","position":3,"name":"MILWAUKEE M12 FPTR-202X FUEL\u2122 INSIDER\u2122 CSER\u00c9LHET\u0150 ADAPTERES RACSNIS CSAVARKULCS SZETT HD KOFFERBEN (4933480754)"}]},{"@type":"WebSite","@id":"https:\/\/www.eurosmart.hu\/shop\/#website","url":"https:\/\/www.eurosmart.hu\/shop\/","name":"Eurosmart - Milwaukee web\u00e1ruh\u00e1z","description":"Milwaukee web\u00e1ruh\u00e1z","publisher":{"@id":"https:\/\/www.eurosmart.hu\/shop\/#organization"},"potentialAction":[{"@type":"SearchAction","target":{"@type":"EntryPoint","urlTemplate":"https:\/\/www.eurosmart.hu\/shop\/?s={search_term_string}"},"query-input":"required name=search_term_string"}],"inLanguage":"hu"},{"@type":"Organization","@id":"https:\/\/www.eurosmart.hu\/shop\/#organization","name":"Eurosmart - Milwaukee web\u00e1ruh\u00e1z","url":"https:\/\/www.eurosmart.hu\/shop\/","logo":{"@type":"ImageObject","inLanguage":"hu","@id":"https:\/\/www.eurosmart.hu\/shop\/#\/schema\/logo\/image\/","url":"https:\/\/www.eurosmart.hu\/shop\/wp-content\/uploads\/2023\/10\/milwaukee-logo-1.png","contentUrl":"https:\/\/www.eurosmart.hu\/shop\/wp-content\/uploads\/2023\/10\/milwaukee-logo-1.png","width":500,"height":200,"caption":"Eurosmart - Milwaukee web\u00e1ruh\u00e1z"},"image":{"@id":"https:\/\/www.eurosmart.hu\/shop\/#\/schema\/logo\/image\/"},"sameAs":["https:\/\/www.facebook.com\/EurosmartKft"]}]},"product_price_currency":"HUF","og_availability":"backorder","product_availability":"available for order","product_retailer_item_id":"4933480754","product_condition":"new"},"_links":{"self":[{"href":"https:\/\/www.eurosmart.hu\/shop\/index.php\/wp-json\/wp\/v2\/product\/4422","targetHints":{"allow":["GET"]}}],"collection":[{"href":"https:\/\/www.eurosmart.hu\/shop\/index.php\/wp-json\/wp\/v2\/product"}],"about":[{"href":"https:\/\/www.eurosmart.hu\/shop\/index.php\/wp-json\/wp\/v2\/types\/product"}],"wp:featuredmedia":[{"embeddable":true,"href":"https:\/\/www.eurosmart.hu\/shop\/index.php\/wp-json\/wp\/v2\/media\/4423"}],"wp:attachment":[{"href":"https:\/\/www.eurosmart.hu\/shop\/index.php\/wp-json\/wp\/v2\/media?parent=4422"}],"wp:term":[{"taxonomy":"product_cat","embeddable":true,"href":"https:\/\/www.eurosmart.hu\/shop\/index.php\/wp-json\/wp\/v2\/product_cat?post=4422"},{"taxonomy":"product_tag","embeddable":true,"href":"https:\/\/www.eurosmart.hu\/shop\/index.php\/wp-json\/wp\/v2\/product_tag?post=4422"}],"curies":[{"name":"wp","href":"https:\/\/api.w.org\/{rel}","templated":true}]}}