{"id":4394,"date":"2023-12-18T11:48:30","date_gmt":"2023-12-18T11:48:30","guid":{"rendered":"https:\/\/www.eurosmart.hu\/shop\/?post_type=product&#038;p=4394"},"modified":"2023-12-18T11:50:18","modified_gmt":"2023-12-18T11:50:18","slug":"milwaukee-fn16ga-202x-m18-fuel-finiselo-szegbelovo-szett-hd-kofferben-4933478092","status":"publish","type":"product","link":"https:\/\/www.eurosmart.hu\/shop\/index.php\/termek\/milwaukee-fn16ga-202x-m18-fuel-finiselo-szegbelovo-szett-hd-kofferben-4933478092\/","title":{"rendered":"MILWAUKEE FN16GA-202X M18 FUEL\u2122 FINISEL\u0150 SZEGBEL\u00d6V\u0150 SZETT HD KOFFERBEN (4933478092)"},"content":{"rendered":"<h5>Tulajdons\u00e1gok:<\/h5>\n<ul class=\"ProductFeaturesTextstyles__FeatureList-fxqvf2-1 dUrrwH\">\n<li class=\"ProductFeaturesTextstyles__Feature-fxqvf2-3 ggyeUS\">Kimagasl\u00f3, k\u00f6vetkezetes szegbel\u00f6v\u0151 teljes\u00edtm\u00e9ny kem\u00e9nyf\u00e1k eset\u00e9ben<\/li>\n<li class=\"ProductFeaturesTextstyles__Feature-fxqvf2-3 ggyeUS\">\u201eReady to Fire Nail\u201c technol\u00f3gia, amely kik\u00fcsz\u00f6b\u00f6li az egyes szegek kil\u00f6v\u00e9se k\u00f6z\u00f6tti felfut\u00e1si id\u0151t<\/li>\n<li class=\"ProductFeaturesTextstyles__Feature-fxqvf2-3 ggyeUS\">Alacsony karbantart\u00e1si ig\u00e9ny \u2013 nincs g\u00e1zpatron, nem kell tiszt\u00edtani<\/li>\n<li class=\"ProductFeaturesTextstyles__Feature-fxqvf2-3 ggyeUS\">Biztos\u00edtja az anyagok r\u00f6gz\u00edt\u00e9s\u00e9t kisebb lyukak seg\u00edts\u00e9g\u00e9vel<\/li>\n<li class=\"ProductFeaturesTextstyles__Feature-fxqvf2-3 ggyeUS\">Szersz\u00e1mon t\u00e1rolhat\u00f3 k\u00fcl\u00f6nb\u00f6z\u0151 kialak\u00edt\u00e1s\u00fa orr-r\u00e9szek biztos\u00edtj\u00e1k az alkalmaz\u00e1sok legpontosabb v\u00e9grehajt\u00e1s\u00e1t<\/li>\n<li class=\"ProductFeaturesTextstyles__Feature-fxqvf2-3 ggyeUS\">A kism\u00e9ret\u0171 \u00e9rintkez\u0151fel\u00fclet lehet\u0151v\u00e9 teszi a felhaszn\u00e1l\u00f3 sz\u00e1m\u00e1ra, hogy \u00e9les sz\u00f6gben is v\u00e9gezhesse a szegel\u00e9st<\/li>\n<li class=\"ProductFeaturesTextstyles__Feature-fxqvf2-3 ggyeUS\">Szersz\u00e1m n\u00e9lk\u00fcli, gyors \u00e9s egyszer\u0171 m\u00e9lys\u00e9g\u00e1ll\u00edt\u00e1s, hogy a szeg feje minden esetben a munkadarab s\u00edkja al\u00e1 legyen bel\u0151ve<\/li>\n<li class=\"ProductFeaturesTextstyles__Feature-fxqvf2-3 ggyeUS\">A sz\u00e1raz els\u00fct\u00e9s elleni v\u00e9delem megakad\u00e1lyozza a szersz\u00e1m els\u00fct\u00e9s\u00e9t, ha nincs m\u00e1r t\u00f6bb szeg a t\u00e1rban<\/li>\n<li class=\"ProductFeaturesTextstyles__Feature-fxqvf2-3 ggyeUS\">Egy felt\u00f6lt\u00e9ssel ak\u00e1r 1200 szeget k\u00e9pes bel\u0151ni REDLITHIUM\u21222.0 Ah akkumul\u00e1tor haszn\u00e1lat\u00e1val<\/li>\n<li class=\"ProductFeaturesTextstyles__Feature-fxqvf2-3 ggyeUS\">Egyszer\u0171 hozz\u00e1f\u00e9r\u00e9s, a megszorul\u00e1s k\u00f6nnyen orvosolhat\u00f3<\/li>\n<li class=\"ProductFeaturesTextstyles__Feature-fxqvf2-3 ggyeUS\">LED munkaf\u00e9ny vil\u00e1g\u00edtja meg a munkafel\u00fcletet a pontosabb szegbel\u00f6v\u00e9s \u00e9rdek\u00e9ben<\/li>\n<li class=\"ProductFeaturesTextstyles__Feature-fxqvf2-3 ggyeUS\">H\u00e1rom MILWAUKEE\u00ae innov\u00e1ci\u00f3 jellemzi \u2013 a POWERSTATE\u2122 sz\u00e9nkefe n\u00e9lk\u00fcli motor, a REDLITHIUM\u2122 akkumul\u00e1tor \u00e9s a REDLINK PLUS\u2122 intelligencia hardver \u00e9s szoftver \u2013 melyek p\u00e1ratlan teljes\u00edtm\u00e9nyt, m\u0171k\u00f6d\u00e9si id\u0151t \u00e9s tart\u00f3ss\u00e1got biztos\u00edtanak a munkater\u00fcleten<\/li>\n<li class=\"ProductFeaturesTextstyles__Feature-fxqvf2-3 ggyeUS\">Rugalmas akkumul\u00e1tor rendszerrel &#8211; MILWAUKEE\u00ae\u00a0<a href=\"https:\/\/hu.milwaukeetool.eu\/systems\/m18\/\">M18\u2122<\/a>\u00a0akkumul\u00e1torokkal m\u0171k\u00f6dik<\/li>\n<\/ul>\n<h5>M\u0171szaki adatok:<\/h5>\n<ul>\n<li>T\u00edpus: Akkumul\u00e1toros (Li-ion 18V)<\/li>\n<li>Sz\u00f6g t\u00edpusa (mm): 32 &#8211; 64<\/li>\n<li>Szeg\u00e1tm\u00e9r\u0151 (mm): 1.6<\/li>\n<li>Szegt\u00e1r kapacit\u00e1sa: 110<\/li>\n<li>T\u00e1r sz\u00f6ge: 20<\/li>\n<li>S\u00faly akkumul\u00e1torral (kg): 3.3<\/li>\n<\/ul>\n","protected":false},"excerpt":{"rendered":"<p><strong>A k\u00e9szlet tartalma:<\/strong><\/p>\n<ul>\n<li>1 db M18 FN16GA FUEL\u2122 FINISEL\u0150 SZEGBEL\u00d6V\u0150<\/li>\n<li>2 db M18 B2 2.0 Ah akkumul\u00e1tor<\/li>\n<li>1 db M12-18 FC gyorst\u00f6lt\u0151<\/li>\n<li>1 db Heavy Duty koffer<\/li>\n<\/ul>\n","protected":false},"featured_media":4395,"template":"","meta":[],"product_cat":[167,165,230,59,228,89],"product_tag":[],"class_list":["post-4394","product","type-product","status-publish","has-post-thumbnail","hentry","product_cat-akkumulatoros-furas-veses-es-rogzites","product_cat-akkumulatoros-gepek","product_cat-m18-rendszer","product_cat-milwaukee","product_cat-rendszer","product_cat-termekek"],"yoast_head":"<!-- This site is optimized with the Yoast SEO Premium plugin v21.3 (Yoast SEO v21.3) - https:\/\/yoast.com\/wordpress\/plugins\/seo\/ -->\n<title>MILWAUKEE FN16GA-202X M18 FUEL\u2122 FINISEL\u0150 SZEGBEL\u00d6V\u0150 SZETT HD KOFFERBEN (4933478092) - Eurosmart - Milwaukee web\u00e1ruh\u00e1z<\/title>\n<meta name=\"robots\" content=\"index, follow, max-snippet:-1, max-image-preview:large, max-video-preview:-1\" \/>\n<link rel=\"canonical\" href=\"https:\/\/www.eurosmart.hu\/shop\/index.php\/termek\/milwaukee-fn16ga-202x-m18-fuel-finiselo-szegbelovo-szett-hd-kofferben-4933478092\/\" \/>\n<meta property=\"og:locale\" content=\"hu_HU\" \/>\n<meta property=\"og:type\" content=\"article\" \/>\n<meta property=\"og:title\" content=\"MILWAUKEE FN16GA-202X M18 FUEL\u2122 FINISEL\u0150 SZEGBEL\u00d6V\u0150 SZETT HD KOFFERBEN (4933478092)\" \/>\n<meta property=\"og:description\" content=\"A k\u00e9szlet tartalma:   1 db M18 FN16GA FUEL\u2122 FINISEL\u0150 SZEGBEL\u00d6V\u0150  2 db M18 B2 2.0 Ah akkumul\u00e1tor  1 db M12-18 FC gyorst\u00f6lt\u0151  1 db Heavy Duty koffer\" \/>\n<meta property=\"og:url\" content=\"https:\/\/www.eurosmart.hu\/shop\/index.php\/termek\/milwaukee-fn16ga-202x-m18-fuel-finiselo-szegbelovo-szett-hd-kofferben-4933478092\/\" \/>\n<meta property=\"og:site_name\" content=\"Eurosmart - Milwaukee web\u00e1ruh\u00e1z\" \/>\n<meta property=\"article:publisher\" content=\"https:\/\/www.facebook.com\/EurosmartKft\" \/>\n<meta property=\"article:modified_time\" content=\"2023-12-18T11:50:18+00:00\" \/>\n<meta property=\"og:image\" content=\"https:\/\/www.eurosmart.hu\/shop\/wp-content\/uploads\/2023\/12\/4933478092.webp\" \/>\n\t<meta property=\"og:image:width\" content=\"1000\" \/>\n\t<meta property=\"og:image:height\" content=\"1000\" \/>\n\t<meta property=\"og:image:type\" content=\"image\/webp\" \/>\n<meta name=\"twitter:card\" content=\"summary_large_image\" \/>\n<meta name=\"twitter:label1\" content=\"Price\" \/>\n\t<meta name=\"twitter:data1\" content=\"\" \/>\n\t<meta name=\"twitter:label2\" content=\"Availability\" \/>\n\t<meta name=\"twitter:data2\" content=\"On backorder\" \/>\n<script type=\"application\/ld+json\" class=\"yoast-schema-graph\">{\"@context\":\"https:\/\/schema.org\",\"@graph\":[{\"@type\":\"WebPage\",\"@id\":\"https:\/\/www.eurosmart.hu\/shop\/index.php\/termek\/milwaukee-fn16ga-202x-m18-fuel-finiselo-szegbelovo-szett-hd-kofferben-4933478092\/\",\"url\":\"https:\/\/www.eurosmart.hu\/shop\/index.php\/termek\/milwaukee-fn16ga-202x-m18-fuel-finiselo-szegbelovo-szett-hd-kofferben-4933478092\/\",\"name\":\"MILWAUKEE FN16GA-202X M18 FUEL\u2122 FINISEL\u0150 SZEGBEL\u00d6V\u0150 SZETT HD KOFFERBEN (4933478092) - Eurosmart - Milwaukee web\u00e1ruh\u00e1z\",\"isPartOf\":{\"@id\":\"https:\/\/www.eurosmart.hu\/shop\/#website\"},\"datePublished\":\"2023-12-18T11:48:30+00:00\",\"dateModified\":\"2023-12-18T11:50:18+00:00\",\"breadcrumb\":{\"@id\":\"https:\/\/www.eurosmart.hu\/shop\/index.php\/termek\/milwaukee-fn16ga-202x-m18-fuel-finiselo-szegbelovo-szett-hd-kofferben-4933478092\/#breadcrumb\"},\"inLanguage\":\"hu\",\"potentialAction\":[{\"@type\":\"ReadAction\",\"target\":[\"https:\/\/www.eurosmart.hu\/shop\/index.php\/termek\/milwaukee-fn16ga-202x-m18-fuel-finiselo-szegbelovo-szett-hd-kofferben-4933478092\/\"]}]},{\"@type\":\"BreadcrumbList\",\"@id\":\"https:\/\/www.eurosmart.hu\/shop\/index.php\/termek\/milwaukee-fn16ga-202x-m18-fuel-finiselo-szegbelovo-szett-hd-kofferben-4933478092\/#breadcrumb\",\"itemListElement\":[{\"@type\":\"ListItem\",\"position\":1,\"name\":\"Kezd\u0151lap\",\"item\":\"https:\/\/www.eurosmart.hu\/shop\/\"},{\"@type\":\"ListItem\",\"position\":2,\"name\":\"Term\u00e9keink\",\"item\":\"https:\/\/www.eurosmart.hu\/shop\/index.php\/uzlet\/\"},{\"@type\":\"ListItem\",\"position\":3,\"name\":\"MILWAUKEE FN16GA-202X M18 FUEL\u2122 FINISEL\u0150 SZEGBEL\u00d6V\u0150 SZETT HD KOFFERBEN (4933478092)\"}]},{\"@type\":\"WebSite\",\"@id\":\"https:\/\/www.eurosmart.hu\/shop\/#website\",\"url\":\"https:\/\/www.eurosmart.hu\/shop\/\",\"name\":\"Eurosmart - Milwaukee web\u00e1ruh\u00e1z\",\"description\":\"Milwaukee web\u00e1ruh\u00e1z\",\"publisher\":{\"@id\":\"https:\/\/www.eurosmart.hu\/shop\/#organization\"},\"potentialAction\":[{\"@type\":\"SearchAction\",\"target\":{\"@type\":\"EntryPoint\",\"urlTemplate\":\"https:\/\/www.eurosmart.hu\/shop\/?s={search_term_string}\"},\"query-input\":\"required name=search_term_string\"}],\"inLanguage\":\"hu\"},{\"@type\":\"Organization\",\"@id\":\"https:\/\/www.eurosmart.hu\/shop\/#organization\",\"name\":\"Eurosmart - Milwaukee web\u00e1ruh\u00e1z\",\"url\":\"https:\/\/www.eurosmart.hu\/shop\/\",\"logo\":{\"@type\":\"ImageObject\",\"inLanguage\":\"hu\",\"@id\":\"https:\/\/www.eurosmart.hu\/shop\/#\/schema\/logo\/image\/\",\"url\":\"https:\/\/www.eurosmart.hu\/shop\/wp-content\/uploads\/2023\/10\/milwaukee-logo-1.png\",\"contentUrl\":\"https:\/\/www.eurosmart.hu\/shop\/wp-content\/uploads\/2023\/10\/milwaukee-logo-1.png\",\"width\":500,\"height\":200,\"caption\":\"Eurosmart - Milwaukee web\u00e1ruh\u00e1z\"},\"image\":{\"@id\":\"https:\/\/www.eurosmart.hu\/shop\/#\/schema\/logo\/image\/\"},\"sameAs\":[\"https:\/\/www.facebook.com\/EurosmartKft\"]}]}<\/script>\n<meta property=\"product:price:amount\" content=\"0\" \/>\n<meta property=\"product:price:currency\" content=\"HUF\" \/>\n<meta property=\"og:availability\" content=\"backorder\" \/>\n<meta property=\"product:availability\" content=\"available for order\" \/>\n<meta property=\"product:retailer_item_id\" content=\"4933478092\" \/>\n<meta property=\"product:condition\" content=\"new\" \/>\n<!-- \/ Yoast SEO Premium plugin. -->","yoast_head_json":{"title":"MILWAUKEE FN16GA-202X M18 FUEL\u2122 FINISEL\u0150 SZEGBEL\u00d6V\u0150 SZETT HD KOFFERBEN (4933478092) - Eurosmart - Milwaukee web\u00e1ruh\u00e1z","robots":{"index":"index","follow":"follow","max-snippet":"max-snippet:-1","max-image-preview":"max-image-preview:large","max-video-preview":"max-video-preview:-1"},"canonical":"https:\/\/www.eurosmart.hu\/shop\/index.php\/termek\/milwaukee-fn16ga-202x-m18-fuel-finiselo-szegbelovo-szett-hd-kofferben-4933478092\/","og_locale":"hu_HU","og_type":"article","og_title":"MILWAUKEE FN16GA-202X M18 FUEL\u2122 FINISEL\u0150 SZEGBEL\u00d6V\u0150 SZETT HD KOFFERBEN (4933478092)","og_description":"A k\u00e9szlet tartalma:   1 db M18 FN16GA FUEL\u2122 FINISEL\u0150 SZEGBEL\u00d6V\u0150  2 db M18 B2 2.0 Ah akkumul\u00e1tor  1 db M12-18 FC gyorst\u00f6lt\u0151  1 db Heavy Duty koffer","og_url":"https:\/\/www.eurosmart.hu\/shop\/index.php\/termek\/milwaukee-fn16ga-202x-m18-fuel-finiselo-szegbelovo-szett-hd-kofferben-4933478092\/","og_site_name":"Eurosmart - Milwaukee web\u00e1ruh\u00e1z","article_publisher":"https:\/\/www.facebook.com\/EurosmartKft","article_modified_time":"2023-12-18T11:50:18+00:00","og_image":[{"width":1000,"height":1000,"url":"https:\/\/www.eurosmart.hu\/shop\/wp-content\/uploads\/2023\/12\/4933478092.webp","type":"image\/webp"}],"twitter_card":"summary_large_image","twitter_misc":{"Price":"","Availability":"On backorder"},"schema":{"@context":"https:\/\/schema.org","@graph":[{"@type":"WebPage","@id":"https:\/\/www.eurosmart.hu\/shop\/index.php\/termek\/milwaukee-fn16ga-202x-m18-fuel-finiselo-szegbelovo-szett-hd-kofferben-4933478092\/","url":"https:\/\/www.eurosmart.hu\/shop\/index.php\/termek\/milwaukee-fn16ga-202x-m18-fuel-finiselo-szegbelovo-szett-hd-kofferben-4933478092\/","name":"MILWAUKEE FN16GA-202X M18 FUEL\u2122 FINISEL\u0150 SZEGBEL\u00d6V\u0150 SZETT HD KOFFERBEN (4933478092) - Eurosmart - Milwaukee web\u00e1ruh\u00e1z","isPartOf":{"@id":"https:\/\/www.eurosmart.hu\/shop\/#website"},"datePublished":"2023-12-18T11:48:30+00:00","dateModified":"2023-12-18T11:50:18+00:00","breadcrumb":{"@id":"https:\/\/www.eurosmart.hu\/shop\/index.php\/termek\/milwaukee-fn16ga-202x-m18-fuel-finiselo-szegbelovo-szett-hd-kofferben-4933478092\/#breadcrumb"},"inLanguage":"hu","potentialAction":[{"@type":"ReadAction","target":["https:\/\/www.eurosmart.hu\/shop\/index.php\/termek\/milwaukee-fn16ga-202x-m18-fuel-finiselo-szegbelovo-szett-hd-kofferben-4933478092\/"]}]},{"@type":"BreadcrumbList","@id":"https:\/\/www.eurosmart.hu\/shop\/index.php\/termek\/milwaukee-fn16ga-202x-m18-fuel-finiselo-szegbelovo-szett-hd-kofferben-4933478092\/#breadcrumb","itemListElement":[{"@type":"ListItem","position":1,"name":"Kezd\u0151lap","item":"https:\/\/www.eurosmart.hu\/shop\/"},{"@type":"ListItem","position":2,"name":"Term\u00e9keink","item":"https:\/\/www.eurosmart.hu\/shop\/index.php\/uzlet\/"},{"@type":"ListItem","position":3,"name":"MILWAUKEE FN16GA-202X M18 FUEL\u2122 FINISEL\u0150 SZEGBEL\u00d6V\u0150 SZETT HD KOFFERBEN (4933478092)"}]},{"@type":"WebSite","@id":"https:\/\/www.eurosmart.hu\/shop\/#website","url":"https:\/\/www.eurosmart.hu\/shop\/","name":"Eurosmart - Milwaukee web\u00e1ruh\u00e1z","description":"Milwaukee web\u00e1ruh\u00e1z","publisher":{"@id":"https:\/\/www.eurosmart.hu\/shop\/#organization"},"potentialAction":[{"@type":"SearchAction","target":{"@type":"EntryPoint","urlTemplate":"https:\/\/www.eurosmart.hu\/shop\/?s={search_term_string}"},"query-input":"required name=search_term_string"}],"inLanguage":"hu"},{"@type":"Organization","@id":"https:\/\/www.eurosmart.hu\/shop\/#organization","name":"Eurosmart - Milwaukee web\u00e1ruh\u00e1z","url":"https:\/\/www.eurosmart.hu\/shop\/","logo":{"@type":"ImageObject","inLanguage":"hu","@id":"https:\/\/www.eurosmart.hu\/shop\/#\/schema\/logo\/image\/","url":"https:\/\/www.eurosmart.hu\/shop\/wp-content\/uploads\/2023\/10\/milwaukee-logo-1.png","contentUrl":"https:\/\/www.eurosmart.hu\/shop\/wp-content\/uploads\/2023\/10\/milwaukee-logo-1.png","width":500,"height":200,"caption":"Eurosmart - Milwaukee web\u00e1ruh\u00e1z"},"image":{"@id":"https:\/\/www.eurosmart.hu\/shop\/#\/schema\/logo\/image\/"},"sameAs":["https:\/\/www.facebook.com\/EurosmartKft"]}]},"product_price_currency":"HUF","og_availability":"backorder","product_availability":"available for order","product_retailer_item_id":"4933478092","product_condition":"new"},"_links":{"self":[{"href":"https:\/\/www.eurosmart.hu\/shop\/index.php\/wp-json\/wp\/v2\/product\/4394","targetHints":{"allow":["GET"]}}],"collection":[{"href":"https:\/\/www.eurosmart.hu\/shop\/index.php\/wp-json\/wp\/v2\/product"}],"about":[{"href":"https:\/\/www.eurosmart.hu\/shop\/index.php\/wp-json\/wp\/v2\/types\/product"}],"wp:featuredmedia":[{"embeddable":true,"href":"https:\/\/www.eurosmart.hu\/shop\/index.php\/wp-json\/wp\/v2\/media\/4395"}],"wp:attachment":[{"href":"https:\/\/www.eurosmart.hu\/shop\/index.php\/wp-json\/wp\/v2\/media?parent=4394"}],"wp:term":[{"taxonomy":"product_cat","embeddable":true,"href":"https:\/\/www.eurosmart.hu\/shop\/index.php\/wp-json\/wp\/v2\/product_cat?post=4394"},{"taxonomy":"product_tag","embeddable":true,"href":"https:\/\/www.eurosmart.hu\/shop\/index.php\/wp-json\/wp\/v2\/product_tag?post=4394"}],"curies":[{"name":"wp","href":"https:\/\/api.w.org\/{rel}","templated":true}]}}