{"id":4392,"date":"2023-12-18T10:58:34","date_gmt":"2023-12-18T10:58:34","guid":{"rendered":"https:\/\/www.eurosmart.hu\/shop\/?post_type=product&#038;p=4392"},"modified":"2023-12-18T11:03:32","modified_gmt":"2023-12-18T11:03:32","slug":"milwaukee-m12-bcst-0-kabeltuzogep-4933480488","status":"publish","type":"product","link":"https:\/\/www.eurosmart.hu\/shop\/index.php\/termek\/milwaukee-m12-bcst-0-kabeltuzogep-4933480488\/","title":{"rendered":"MILWAUKEE M12 BCST-0 K\u00c1BELT\u0170Z\u0150G\u00c9P (4933480488)"},"content":{"rendered":"<h5>Tulajdons\u00e1gok:<\/h5>\n<ul class=\"ProductFeaturesTextstyles__FeatureList-fxqvf2-1 dUrrwH\">\n<li class=\"ProductFeaturesTextstyles__Feature-fxqvf2-3 ggyeUS\">Az \u00faj akkumul\u00e1toros k\u00e1belt\u0171z\u0151g\u00e9p k\u00e9tszer olyan gyors, mint a k\u00e9zzel v\u00e9gzett r\u00f6gz\u00edt\u00e9s. Haszn\u00e1lat\u00e1val kik\u00fcsz\u00f6b\u00f6lhet\u0151 a kisfesz\u00fclts\u00e9g\u0171 k\u00e1belek k\u00e9zi r\u00f6gz\u00edt\u00e9se a f\u00e1hoz<\/li>\n<li class=\"ProductFeaturesTextstyles__Feature-fxqvf2-3 ggyeUS\">A mozgathat\u00f3 k\u00e1belvezet\u0151 s\u00ednek biztos\u00edtj\u00e1k a k\u00e1belhez val\u00f3 megfelel\u0151 igaz\u00edt\u00e1st, miel\u0151tt a k\u00fcl\u00f6nb\u00f6z\u0151 m\u00e9ret\u0171 k\u00e1belek r\u00f6gz\u00edt\u00e9se megt\u00f6rt\u00e9nik<\/li>\n<li class=\"ProductFeaturesTextstyles__Feature-fxqvf2-3 ggyeUS\">A kompakt, k\u00f6nny\u0171 fel\u00e9p\u00edt\u00e9s a sz\u0171k csapsorokhoz is j\u00f3 hozz\u00e1f\u00e9r\u00e9st biztos\u00edt a felhaszn\u00e1l\u00f3knak, \u00e9s jobb ergon\u00f3mi\u00e1t k\u00edn\u00e1l a fej feletti r\u00f6gz\u00edt\u00e9skor vagy a nehezen el\u00e9rhet\u0151 munk\u00e1k sor\u00e1n<\/li>\n<li class=\"ProductFeaturesTextstyles__Feature-fxqvf2-3 ggyeUS\">A sz\u00e1raz els\u00fct\u00e9s elleni v\u00e9delem megakad\u00e1lyozza a szersz\u00e1m els\u00fct\u00e9s\u00e9t, ha nincs m\u00e1r t\u00f6bb t\u0171z\u0151kapocs a t\u00e1rban<\/li>\n<li class=\"ProductFeaturesTextstyles__Feature-fxqvf2-3 ggyeUS\">25 mm-es r\u00f6gz\u00edt\u0151kapcsok k\u00fcl\u00f6nb\u00f6z\u0151 anyagokba t\u00f6rt\u00e9n\u0151 megfelel\u0151 be\u00fct\u00e9s\u00e9hez elegend\u0151 teljes\u00edtm\u00e9ny<\/li>\n<li class=\"ProductFeaturesTextstyles__Feature-fxqvf2-3 ggyeUS\">Nagy t\u00e1rkapacit\u00e1s, amely 45 r\u00f6gz\u00edt\u0151kapcsot tartalmaz a r\u00f6videbb \u00e1ll\u00e1sid\u0151 \u00e9rdek\u00e9ben<\/li>\n<li class=\"ProductFeaturesTextstyles__Feature-fxqvf2-3 ggyeUS\">A LED f\u00e9ny lehet\u0151v\u00e9 teszi a felhaszn\u00e1l\u00f3k sz\u00e1m\u00e1ra a gyenge megvil\u00e1g\u00edt\u00e1s\u00fa k\u00f6rnyezetben v\u00e9gzett munk\u00e1t is<\/li>\n<li class=\"ProductFeaturesTextstyles__Feature-fxqvf2-3 ggyeUS\">Egy felt\u00f6lt\u00e9ssel ak\u00e1r 1200 kapcsot k\u00e9pes bel\u0151ni REDLITHIUM\u2122 2.0 Ah akkumul\u00e1tor haszn\u00e1lat\u00e1val<\/li>\n<li class=\"ProductFeaturesTextstyles__Feature-fxqvf2-3 ggyeUS\">A megford\u00edthat\u00f3 \u00f6vcsipesz lehet\u0151v\u00e9 teszi a felhaszn\u00e1l\u00f3 sz\u00e1m\u00e1ra, hogy megv\u00e1lassza, a t\u0171z\u0151g\u00e9p melyik oldal\u00e1ra akarja az \u00f6vcsipeszt felhelyezni<\/li>\n<li class=\"ProductFeaturesTextstyles__Feature-fxqvf2-3 ggyeUS\">Kiv\u00e1l\u00f3 min\u0151s\u00e9g\u0171 4 p\u00f3lus\u00fa motor, REDLITHIUM\u2122 akkumul\u00e1tor \u00e9s REDLINK\u2122 elektronika biztos\u00edtja a sz\u00fcks\u00e9ges teljes\u00edtm\u00e9nyt, m\u0171k\u00f6d\u00e9si id\u0151t \u00e9s tart\u00f3ss\u00e1got.<\/li>\n<li class=\"ProductFeaturesTextstyles__Feature-fxqvf2-3 ggyeUS\">Rugalmas akkumul\u00e1tor rendszerrel &#8211; MILWAUKEE\u00ae\u00a0<a href=\"https:\/\/hu.milwaukeetool.eu\/systems\/m12\/\">M12\u2122<\/a>\u00a0akkumul\u00e1torokkal m\u0171k\u00f6dik<\/li>\n<\/ul>\n<h5>M\u0171szaki adatok:<\/h5>\n<ul>\n<li>T\u00edpus: Akkumul\u00e1toros (Li-ion 12V)<\/li>\n<li>Kapocs hossz\u00fas\u00e1g (mm): 25.4<\/li>\n<li>Kapocs sz\u00e9less\u00e9g (mm): 19<\/li>\n<li>T\u00e1r kapacit\u00e1sa (db): 45<\/li>\n<li>S\u00faly akkumul\u00e1torral (kg): 2.3<\/li>\n<\/ul>\n","protected":false},"excerpt":{"rendered":"<p><strong>A k\u00e9szlet tartalma: <\/strong>1 db M12 BCST K\u00c1BELT\u0170Z\u0150G\u00c9P <em>(akkumul\u00e1tor, t\u00f6lt\u0151 \u00e9s koffer n\u00e9lk\u00fcl sz\u00e1ll\u00edtva!)<\/em><\/p>\n","protected":false},"featured_media":4393,"template":"","meta":[],"product_cat":[167,165,231,59,228,89],"product_tag":[],"class_list":["post-4392","product","type-product","status-publish","has-post-thumbnail","hentry","product_cat-akkumulatoros-furas-veses-es-rogzites","product_cat-akkumulatoros-gepek","product_cat-m12-rendszer","product_cat-milwaukee","product_cat-rendszer","product_cat-termekek"],"yoast_head":"<!-- This site is optimized with the Yoast SEO Premium plugin v21.3 (Yoast SEO v21.3) - https:\/\/yoast.com\/wordpress\/plugins\/seo\/ -->\n<title>MILWAUKEE M12 BCST-0 K\u00c1BELT\u0170Z\u0150G\u00c9P (4933480488) - Eurosmart - Milwaukee web\u00e1ruh\u00e1z<\/title>\n<meta name=\"robots\" content=\"index, follow, max-snippet:-1, max-image-preview:large, max-video-preview:-1\" \/>\n<link rel=\"canonical\" href=\"https:\/\/www.eurosmart.hu\/shop\/index.php\/termek\/milwaukee-m12-bcst-0-kabeltuzogep-4933480488\/\" \/>\n<meta property=\"og:locale\" content=\"hu_HU\" \/>\n<meta property=\"og:type\" content=\"article\" \/>\n<meta property=\"og:title\" content=\"MILWAUKEE M12 BCST-0 K\u00c1BELT\u0170Z\u0150G\u00c9P (4933480488)\" \/>\n<meta property=\"og:description\" content=\"A k\u00e9szlet tartalma: 1 db M12 BCST K\u00c1BELT\u0170Z\u0150G\u00c9P (akkumul\u00e1tor, t\u00f6lt\u0151 \u00e9s koffer n\u00e9lk\u00fcl sz\u00e1ll\u00edtva!)\" \/>\n<meta property=\"og:url\" content=\"https:\/\/www.eurosmart.hu\/shop\/index.php\/termek\/milwaukee-m12-bcst-0-kabeltuzogep-4933480488\/\" \/>\n<meta property=\"og:site_name\" content=\"Eurosmart - Milwaukee web\u00e1ruh\u00e1z\" \/>\n<meta property=\"article:publisher\" content=\"https:\/\/www.facebook.com\/EurosmartKft\" \/>\n<meta property=\"article:modified_time\" content=\"2023-12-18T11:03:32+00:00\" \/>\n<meta property=\"og:image\" content=\"https:\/\/www.eurosmart.hu\/shop\/wp-content\/uploads\/2023\/12\/4933480488.webp\" \/>\n\t<meta property=\"og:image:width\" content=\"1000\" \/>\n\t<meta property=\"og:image:height\" content=\"1000\" \/>\n\t<meta property=\"og:image:type\" content=\"image\/webp\" \/>\n<meta name=\"twitter:card\" content=\"summary_large_image\" \/>\n<meta name=\"twitter:label1\" content=\"Price\" \/>\n\t<meta name=\"twitter:data1\" content=\"\" \/>\n\t<meta name=\"twitter:label2\" content=\"Availability\" \/>\n\t<meta name=\"twitter:data2\" content=\"On backorder\" \/>\n<script type=\"application\/ld+json\" class=\"yoast-schema-graph\">{\"@context\":\"https:\/\/schema.org\",\"@graph\":[{\"@type\":\"WebPage\",\"@id\":\"https:\/\/www.eurosmart.hu\/shop\/index.php\/termek\/milwaukee-m12-bcst-0-kabeltuzogep-4933480488\/\",\"url\":\"https:\/\/www.eurosmart.hu\/shop\/index.php\/termek\/milwaukee-m12-bcst-0-kabeltuzogep-4933480488\/\",\"name\":\"MILWAUKEE M12 BCST-0 K\u00c1BELT\u0170Z\u0150G\u00c9P (4933480488) - Eurosmart - Milwaukee web\u00e1ruh\u00e1z\",\"isPartOf\":{\"@id\":\"https:\/\/www.eurosmart.hu\/shop\/#website\"},\"datePublished\":\"2023-12-18T10:58:34+00:00\",\"dateModified\":\"2023-12-18T11:03:32+00:00\",\"breadcrumb\":{\"@id\":\"https:\/\/www.eurosmart.hu\/shop\/index.php\/termek\/milwaukee-m12-bcst-0-kabeltuzogep-4933480488\/#breadcrumb\"},\"inLanguage\":\"hu\",\"potentialAction\":[{\"@type\":\"ReadAction\",\"target\":[\"https:\/\/www.eurosmart.hu\/shop\/index.php\/termek\/milwaukee-m12-bcst-0-kabeltuzogep-4933480488\/\"]}]},{\"@type\":\"BreadcrumbList\",\"@id\":\"https:\/\/www.eurosmart.hu\/shop\/index.php\/termek\/milwaukee-m12-bcst-0-kabeltuzogep-4933480488\/#breadcrumb\",\"itemListElement\":[{\"@type\":\"ListItem\",\"position\":1,\"name\":\"Kezd\u0151lap\",\"item\":\"https:\/\/www.eurosmart.hu\/shop\/\"},{\"@type\":\"ListItem\",\"position\":2,\"name\":\"Term\u00e9keink\",\"item\":\"https:\/\/www.eurosmart.hu\/shop\/index.php\/uzlet\/\"},{\"@type\":\"ListItem\",\"position\":3,\"name\":\"MILWAUKEE M12 BCST-0 K\u00c1BELT\u0170Z\u0150G\u00c9P (4933480488)\"}]},{\"@type\":\"WebSite\",\"@id\":\"https:\/\/www.eurosmart.hu\/shop\/#website\",\"url\":\"https:\/\/www.eurosmart.hu\/shop\/\",\"name\":\"Eurosmart - Milwaukee web\u00e1ruh\u00e1z\",\"description\":\"Milwaukee web\u00e1ruh\u00e1z\",\"publisher\":{\"@id\":\"https:\/\/www.eurosmart.hu\/shop\/#organization\"},\"potentialAction\":[{\"@type\":\"SearchAction\",\"target\":{\"@type\":\"EntryPoint\",\"urlTemplate\":\"https:\/\/www.eurosmart.hu\/shop\/?s={search_term_string}\"},\"query-input\":\"required name=search_term_string\"}],\"inLanguage\":\"hu\"},{\"@type\":\"Organization\",\"@id\":\"https:\/\/www.eurosmart.hu\/shop\/#organization\",\"name\":\"Eurosmart - Milwaukee web\u00e1ruh\u00e1z\",\"url\":\"https:\/\/www.eurosmart.hu\/shop\/\",\"logo\":{\"@type\":\"ImageObject\",\"inLanguage\":\"hu\",\"@id\":\"https:\/\/www.eurosmart.hu\/shop\/#\/schema\/logo\/image\/\",\"url\":\"https:\/\/www.eurosmart.hu\/shop\/wp-content\/uploads\/2023\/10\/milwaukee-logo-1.png\",\"contentUrl\":\"https:\/\/www.eurosmart.hu\/shop\/wp-content\/uploads\/2023\/10\/milwaukee-logo-1.png\",\"width\":500,\"height\":200,\"caption\":\"Eurosmart - Milwaukee web\u00e1ruh\u00e1z\"},\"image\":{\"@id\":\"https:\/\/www.eurosmart.hu\/shop\/#\/schema\/logo\/image\/\"},\"sameAs\":[\"https:\/\/www.facebook.com\/EurosmartKft\"]}]}<\/script>\n<meta property=\"product:price:amount\" content=\"0\" \/>\n<meta property=\"product:price:currency\" content=\"HUF\" \/>\n<meta property=\"og:availability\" content=\"backorder\" \/>\n<meta property=\"product:availability\" content=\"available for order\" \/>\n<meta property=\"product:retailer_item_id\" content=\"4933480488\" \/>\n<meta property=\"product:condition\" content=\"new\" \/>\n<!-- \/ Yoast SEO Premium plugin. -->","yoast_head_json":{"title":"MILWAUKEE M12 BCST-0 K\u00c1BELT\u0170Z\u0150G\u00c9P (4933480488) - Eurosmart - Milwaukee web\u00e1ruh\u00e1z","robots":{"index":"index","follow":"follow","max-snippet":"max-snippet:-1","max-image-preview":"max-image-preview:large","max-video-preview":"max-video-preview:-1"},"canonical":"https:\/\/www.eurosmart.hu\/shop\/index.php\/termek\/milwaukee-m12-bcst-0-kabeltuzogep-4933480488\/","og_locale":"hu_HU","og_type":"article","og_title":"MILWAUKEE M12 BCST-0 K\u00c1BELT\u0170Z\u0150G\u00c9P (4933480488)","og_description":"A k\u00e9szlet tartalma: 1 db M12 BCST K\u00c1BELT\u0170Z\u0150G\u00c9P (akkumul\u00e1tor, t\u00f6lt\u0151 \u00e9s koffer n\u00e9lk\u00fcl sz\u00e1ll\u00edtva!)","og_url":"https:\/\/www.eurosmart.hu\/shop\/index.php\/termek\/milwaukee-m12-bcst-0-kabeltuzogep-4933480488\/","og_site_name":"Eurosmart - Milwaukee web\u00e1ruh\u00e1z","article_publisher":"https:\/\/www.facebook.com\/EurosmartKft","article_modified_time":"2023-12-18T11:03:32+00:00","og_image":[{"width":1000,"height":1000,"url":"https:\/\/www.eurosmart.hu\/shop\/wp-content\/uploads\/2023\/12\/4933480488.webp","type":"image\/webp"}],"twitter_card":"summary_large_image","twitter_misc":{"Price":"","Availability":"On backorder"},"schema":{"@context":"https:\/\/schema.org","@graph":[{"@type":"WebPage","@id":"https:\/\/www.eurosmart.hu\/shop\/index.php\/termek\/milwaukee-m12-bcst-0-kabeltuzogep-4933480488\/","url":"https:\/\/www.eurosmart.hu\/shop\/index.php\/termek\/milwaukee-m12-bcst-0-kabeltuzogep-4933480488\/","name":"MILWAUKEE M12 BCST-0 K\u00c1BELT\u0170Z\u0150G\u00c9P (4933480488) - Eurosmart - Milwaukee web\u00e1ruh\u00e1z","isPartOf":{"@id":"https:\/\/www.eurosmart.hu\/shop\/#website"},"datePublished":"2023-12-18T10:58:34+00:00","dateModified":"2023-12-18T11:03:32+00:00","breadcrumb":{"@id":"https:\/\/www.eurosmart.hu\/shop\/index.php\/termek\/milwaukee-m12-bcst-0-kabeltuzogep-4933480488\/#breadcrumb"},"inLanguage":"hu","potentialAction":[{"@type":"ReadAction","target":["https:\/\/www.eurosmart.hu\/shop\/index.php\/termek\/milwaukee-m12-bcst-0-kabeltuzogep-4933480488\/"]}]},{"@type":"BreadcrumbList","@id":"https:\/\/www.eurosmart.hu\/shop\/index.php\/termek\/milwaukee-m12-bcst-0-kabeltuzogep-4933480488\/#breadcrumb","itemListElement":[{"@type":"ListItem","position":1,"name":"Kezd\u0151lap","item":"https:\/\/www.eurosmart.hu\/shop\/"},{"@type":"ListItem","position":2,"name":"Term\u00e9keink","item":"https:\/\/www.eurosmart.hu\/shop\/index.php\/uzlet\/"},{"@type":"ListItem","position":3,"name":"MILWAUKEE M12 BCST-0 K\u00c1BELT\u0170Z\u0150G\u00c9P (4933480488)"}]},{"@type":"WebSite","@id":"https:\/\/www.eurosmart.hu\/shop\/#website","url":"https:\/\/www.eurosmart.hu\/shop\/","name":"Eurosmart - Milwaukee web\u00e1ruh\u00e1z","description":"Milwaukee web\u00e1ruh\u00e1z","publisher":{"@id":"https:\/\/www.eurosmart.hu\/shop\/#organization"},"potentialAction":[{"@type":"SearchAction","target":{"@type":"EntryPoint","urlTemplate":"https:\/\/www.eurosmart.hu\/shop\/?s={search_term_string}"},"query-input":"required name=search_term_string"}],"inLanguage":"hu"},{"@type":"Organization","@id":"https:\/\/www.eurosmart.hu\/shop\/#organization","name":"Eurosmart - Milwaukee web\u00e1ruh\u00e1z","url":"https:\/\/www.eurosmart.hu\/shop\/","logo":{"@type":"ImageObject","inLanguage":"hu","@id":"https:\/\/www.eurosmart.hu\/shop\/#\/schema\/logo\/image\/","url":"https:\/\/www.eurosmart.hu\/shop\/wp-content\/uploads\/2023\/10\/milwaukee-logo-1.png","contentUrl":"https:\/\/www.eurosmart.hu\/shop\/wp-content\/uploads\/2023\/10\/milwaukee-logo-1.png","width":500,"height":200,"caption":"Eurosmart - Milwaukee web\u00e1ruh\u00e1z"},"image":{"@id":"https:\/\/www.eurosmart.hu\/shop\/#\/schema\/logo\/image\/"},"sameAs":["https:\/\/www.facebook.com\/EurosmartKft"]}]},"product_price_currency":"HUF","og_availability":"backorder","product_availability":"available for order","product_retailer_item_id":"4933480488","product_condition":"new"},"_links":{"self":[{"href":"https:\/\/www.eurosmart.hu\/shop\/index.php\/wp-json\/wp\/v2\/product\/4392","targetHints":{"allow":["GET"]}}],"collection":[{"href":"https:\/\/www.eurosmart.hu\/shop\/index.php\/wp-json\/wp\/v2\/product"}],"about":[{"href":"https:\/\/www.eurosmart.hu\/shop\/index.php\/wp-json\/wp\/v2\/types\/product"}],"wp:featuredmedia":[{"embeddable":true,"href":"https:\/\/www.eurosmart.hu\/shop\/index.php\/wp-json\/wp\/v2\/media\/4393"}],"wp:attachment":[{"href":"https:\/\/www.eurosmart.hu\/shop\/index.php\/wp-json\/wp\/v2\/media?parent=4392"}],"wp:term":[{"taxonomy":"product_cat","embeddable":true,"href":"https:\/\/www.eurosmart.hu\/shop\/index.php\/wp-json\/wp\/v2\/product_cat?post=4392"},{"taxonomy":"product_tag","embeddable":true,"href":"https:\/\/www.eurosmart.hu\/shop\/index.php\/wp-json\/wp\/v2\/product_tag?post=4392"}],"curies":[{"name":"wp","href":"https:\/\/api.w.org\/{rel}","templated":true}]}}