{"id":4370,"date":"2023-12-18T09:40:11","date_gmt":"2023-12-18T09:40:11","guid":{"rendered":"https:\/\/www.eurosmart.hu\/shop\/?post_type=product&#038;p=4370"},"modified":"2024-03-18T12:02:14","modified_gmt":"2024-03-18T12:02:14","slug":"milwaukee-m18-oneiwp12-0-fuel-one-key-1-2-utvecsavarozo-utkozocsappal-4933451152","status":"publish","type":"product","link":"https:\/\/www.eurosmart.hu\/shop\/index.php\/termek\/milwaukee-m18-oneiwp12-0-fuel-one-key-1-2-utvecsavarozo-utkozocsappal-4933451152\/","title":{"rendered":"MILWAUKEE M18 ONEIWP12-0 FUEL\u2122 ONE-KEY\u2122 1\/2\u2033 \u00dcTVECSAVAROZ\u00d3 \u00dcTK\u00d6Z\u0150CSAPPAL (4933451152)"},"content":{"rendered":"<h5>Tulajdons\u00e1gok:<\/h5>\n<ul class=\"ProductFeaturesTextstyles__FeatureList-fxqvf2-1 dUrrwH\">\n<li class=\"ProductFeaturesTextstyles__Feature-fxqvf2-3 ggyeUS\">M18 FIWP12 \u2013\u00a0<a href=\"https:\/\/hu.milwaukeetool.eu\/systems\/one-key\/\">ONE-KEY\u2122<\/a>\u00a0technol\u00f3gi\u00e1val<\/li>\n<li class=\"ProductFeaturesTextstyles__Feature-fxqvf2-3 ggyeUS\">Csatlakozzon Bluetooth\u00ae eszk\u00f6z\u00f6n kereszt\u00fcl a\u00a0<a href=\"https:\/\/hu.milwaukeetool.eu\/systems\/one-key\/\">ONE-KEY\u2122<\/a>\u00a0alkalmaz\u00e1shoz<\/li>\n<li class=\"ProductFeaturesTextstyles__Feature-fxqvf2-3 ggyeUS\">G\u00e9pbe\u00e1ll\u00edt\u00e1sok komplett testreszab\u00e1sa\u00a0<a href=\"https:\/\/hu.milwaukeetool.eu\/systems\/one-key\/\">ONE-KEY\u2122<\/a>\u00a0alkalmaz\u00e1son kereszt\u00fcl a g\u00e9pek \u00d6n ig\u00e9nyeihez val\u00f3 be\u00e1ll\u00edt\u00e1s\u00e1hoz<\/li>\n<li class=\"ProductFeaturesTextstyles__Feature-fxqvf2-3 ggyeUS\">Be\u00e1ll\u00edthatja a sebess\u00e9get, nyomat\u00e9kot, ind\u00edt\u00e1si \u00e9s befejez\u00e9si sebess\u00e9geket \u00e9s LED f\u00e9nyt<\/li>\n<li class=\"ProductFeaturesTextstyles__Feature-fxqvf2-3 ggyeUS\">V\u00e9gezze el b\u00e1rmely alkalmaz\u00e1s konfigur\u00e1l\u00e1s\u00e1t, kiv\u00e1lasztva az optim\u00e1lis g\u00e9p be\u00e1ll\u00edt\u00e1sokat az ism\u00e9telhet\u0151 pontoss\u00e1g\u00e9rt<\/li>\n<li class=\"ProductFeaturesTextstyles__Feature-fxqvf2-3 ggyeUS\">Programozzon\/mentsen el profilokat a p\u00e1ratlan vez\u00e9relhet\u0151s\u00e9g\u00e9rt<\/li>\n<li class=\"ProductFeaturesTextstyles__Feature-fxqvf2-3 ggyeUS\">V\u00e1lasszon az alkalmaz\u00e1s profilok v\u00e1laszt\u00e9k\u00e1b\u00f3l vagy gyorsan hozza l\u00e9tre a saj\u00e1t profilj\u00e1t, hogy a g\u00e9p minden ind\u00edt\u00e1sakor t\u00f6k\u00e9letes eredm\u00e9nyeket kapjon<\/li>\n<li class=\"ProductFeaturesTextstyles__Feature-fxqvf2-3 ggyeUS\">Mentsen el ak\u00e1r 4 egyedi be\u00e1ll\u00edt\u00e1st a g\u00e9pek mem\u00f3ri\u00e1j\u00e1ba a munkahelyen val\u00f3 gyors kiv\u00e1laszt\u00e1s \u00e9rdek\u00e9ben<\/li>\n<li class=\"ProductFeaturesTextstyles__Feature-fxqvf2-3 ggyeUS\">A\u00a0<a href=\"https:\/\/hu.milwaukeetool.eu\/systems\/one-key\/\">ONE-KEY\u2122<\/a>\u00a0alkalmaz\u00e1s k\u00e9szletgazd\u00e1lkod\u00e1s funkci\u00f3t is biztos\u00edt az \u00d6n komplett g\u00e9p \/ berendez\u00e9s \u00e1llom\u00e1ny\u00e1nak teljes kezel\u00e9se \u00e9rdek\u00e9ben<\/li>\n<li class=\"ProductFeaturesTextstyles__Feature-fxqvf2-3 ggyeUS\">Rugalmas akkumul\u00e1tor rendszerrel &#8211; MILWAUKEE\u00ae\u00a0<a href=\"https:\/\/hu.milwaukeetool.eu\/systems\/m18\/\">M18\u2122<\/a>\u00a0akkumul\u00e1torokkal m\u0171k\u00f6dik<\/li>\n<\/ul>\n<h5>M\u0171szaki adatok:<\/h5>\n<ul>\n<li>T\u00edpus: Akkumul\u00e1toros, Li-ion 18V<\/li>\n<li>\u00dcresj\u00e1rati fordulatsz\u00e1m (ford\/perc): 900\/ 1400\/ 1900\/ 2500<\/li>\n<li>\u00dct\u00e9ssz\u00e1m (\u00fct\u00e9s\/perc): 1300\/ 2100\/ 2550\/ 3200<\/li>\n<li>Maxim\u00e1lis csavar \u00e1tm\u00e9r\u0151: M16<\/li>\n<li>Maxim\u00e1lis nyomat\u00e9k (Nm): 40\/ 120\/ 220\/ 300<\/li>\n<li>Szersz\u00e1m befog\u00e1s: 1\/2\u2033 n\u00e9gysz\u00f6g<\/li>\n<li>S\u00faly akkumul\u00e1torral (kg): 1.8<\/li>\n<\/ul>\n","protected":false},"excerpt":{"rendered":"<h5>A k\u00e9szlet tartalma:<\/h5>\n<ul>\n<li>1 db M18 ONEIWP12 \u00fctvecsavaroz\u00f3 <em>(Akkumul\u00e1tor, t\u00f6lt\u0151 \u00e9s koffer n\u00e9lk\u00fcl sz\u00e1ll\u00edtva!)<\/em><\/li>\n<li>\u00f6vcsipesz<\/li>\n<\/ul>\n","protected":false},"featured_media":4371,"template":"","meta":[],"product_cat":[167,165,230,59,228,89],"product_tag":[],"class_list":["post-4370","product","type-product","status-publish","has-post-thumbnail","hentry","product_cat-akkumulatoros-furas-veses-es-rogzites","product_cat-akkumulatoros-gepek","product_cat-m18-rendszer","product_cat-milwaukee","product_cat-rendszer","product_cat-termekek"],"yoast_head":"<!-- This site is optimized with the Yoast SEO Premium plugin v21.3 (Yoast SEO v21.3) - https:\/\/yoast.com\/wordpress\/plugins\/seo\/ -->\n<title>MILWAUKEE M18 ONEIWP12-0 FUEL\u2122 ONE-KEY\u2122 1\/2\u2033 \u00dcTVECSAVAROZ\u00d3 \u00dcTK\u00d6Z\u0150CSAPPAL (4933451152) - Eurosmart - Milwaukee web\u00e1ruh\u00e1z<\/title>\n<meta name=\"robots\" content=\"index, follow, max-snippet:-1, max-image-preview:large, max-video-preview:-1\" \/>\n<link rel=\"canonical\" href=\"https:\/\/www.eurosmart.hu\/shop\/index.php\/termek\/milwaukee-m18-oneiwp12-0-fuel-one-key-1-2-utvecsavarozo-utkozocsappal-4933451152\/\" \/>\n<meta property=\"og:locale\" content=\"hu_HU\" \/>\n<meta property=\"og:type\" content=\"article\" \/>\n<meta property=\"og:title\" content=\"MILWAUKEE M18 ONEIWP12-0 FUEL\u2122 ONE-KEY\u2122 1\/2\u2033 \u00dcTVECSAVAROZ\u00d3 \u00dcTK\u00d6Z\u0150CSAPPAL (4933451152)\" \/>\n<meta property=\"og:description\" content=\"A k\u00e9szlet tartalma:   1 db M18 ONEIWP12 \u00fctvecsavaroz\u00f3 (Akkumul\u00e1tor, t\u00f6lt\u0151 \u00e9s koffer n\u00e9lk\u00fcl sz\u00e1ll\u00edtva!)  \u00f6vcsipesz\" \/>\n<meta property=\"og:url\" content=\"https:\/\/www.eurosmart.hu\/shop\/index.php\/termek\/milwaukee-m18-oneiwp12-0-fuel-one-key-1-2-utvecsavarozo-utkozocsappal-4933451152\/\" \/>\n<meta property=\"og:site_name\" content=\"Eurosmart - Milwaukee web\u00e1ruh\u00e1z\" \/>\n<meta property=\"article:publisher\" content=\"https:\/\/www.facebook.com\/EurosmartKft\" \/>\n<meta property=\"article:modified_time\" content=\"2024-03-18T12:02:14+00:00\" \/>\n<meta property=\"og:image\" content=\"https:\/\/www.eurosmart.hu\/shop\/wp-content\/uploads\/2023\/12\/4933451152.jpg\" \/>\n\t<meta property=\"og:image:width\" content=\"1000\" \/>\n\t<meta property=\"og:image:height\" content=\"1000\" \/>\n\t<meta property=\"og:image:type\" content=\"image\/jpeg\" \/>\n<meta name=\"twitter:card\" content=\"summary_large_image\" \/>\n<meta name=\"twitter:label1\" content=\"Price\" \/>\n\t<meta name=\"twitter:data1\" content=\"\" \/>\n\t<meta name=\"twitter:label2\" content=\"Availability\" \/>\n\t<meta name=\"twitter:data2\" content=\"On backorder\" \/>\n<script type=\"application\/ld+json\" class=\"yoast-schema-graph\">{\"@context\":\"https:\/\/schema.org\",\"@graph\":[{\"@type\":\"WebPage\",\"@id\":\"https:\/\/www.eurosmart.hu\/shop\/index.php\/termek\/milwaukee-m18-oneiwp12-0-fuel-one-key-1-2-utvecsavarozo-utkozocsappal-4933451152\/\",\"url\":\"https:\/\/www.eurosmart.hu\/shop\/index.php\/termek\/milwaukee-m18-oneiwp12-0-fuel-one-key-1-2-utvecsavarozo-utkozocsappal-4933451152\/\",\"name\":\"MILWAUKEE M18 ONEIWP12-0 FUEL\u2122 ONE-KEY\u2122 1\/2\u2033 \u00dcTVECSAVAROZ\u00d3 \u00dcTK\u00d6Z\u0150CSAPPAL (4933451152) - Eurosmart - Milwaukee web\u00e1ruh\u00e1z\",\"isPartOf\":{\"@id\":\"https:\/\/www.eurosmart.hu\/shop\/#website\"},\"datePublished\":\"2023-12-18T09:40:11+00:00\",\"dateModified\":\"2024-03-18T12:02:14+00:00\",\"breadcrumb\":{\"@id\":\"https:\/\/www.eurosmart.hu\/shop\/index.php\/termek\/milwaukee-m18-oneiwp12-0-fuel-one-key-1-2-utvecsavarozo-utkozocsappal-4933451152\/#breadcrumb\"},\"inLanguage\":\"hu\",\"potentialAction\":[{\"@type\":\"ReadAction\",\"target\":[\"https:\/\/www.eurosmart.hu\/shop\/index.php\/termek\/milwaukee-m18-oneiwp12-0-fuel-one-key-1-2-utvecsavarozo-utkozocsappal-4933451152\/\"]}]},{\"@type\":\"BreadcrumbList\",\"@id\":\"https:\/\/www.eurosmart.hu\/shop\/index.php\/termek\/milwaukee-m18-oneiwp12-0-fuel-one-key-1-2-utvecsavarozo-utkozocsappal-4933451152\/#breadcrumb\",\"itemListElement\":[{\"@type\":\"ListItem\",\"position\":1,\"name\":\"Kezd\u0151lap\",\"item\":\"https:\/\/www.eurosmart.hu\/shop\/\"},{\"@type\":\"ListItem\",\"position\":2,\"name\":\"Term\u00e9keink\",\"item\":\"https:\/\/www.eurosmart.hu\/shop\/index.php\/uzlet\/\"},{\"@type\":\"ListItem\",\"position\":3,\"name\":\"MILWAUKEE M18 ONEIWP12-0 FUEL\u2122 ONE-KEY\u2122 1\/2\u2033 \u00dcTVECSAVAROZ\u00d3 \u00dcTK\u00d6Z\u0150CSAPPAL (4933451152)\"}]},{\"@type\":\"WebSite\",\"@id\":\"https:\/\/www.eurosmart.hu\/shop\/#website\",\"url\":\"https:\/\/www.eurosmart.hu\/shop\/\",\"name\":\"Eurosmart - Milwaukee web\u00e1ruh\u00e1z\",\"description\":\"Milwaukee web\u00e1ruh\u00e1z\",\"publisher\":{\"@id\":\"https:\/\/www.eurosmart.hu\/shop\/#organization\"},\"potentialAction\":[{\"@type\":\"SearchAction\",\"target\":{\"@type\":\"EntryPoint\",\"urlTemplate\":\"https:\/\/www.eurosmart.hu\/shop\/?s={search_term_string}\"},\"query-input\":\"required name=search_term_string\"}],\"inLanguage\":\"hu\"},{\"@type\":\"Organization\",\"@id\":\"https:\/\/www.eurosmart.hu\/shop\/#organization\",\"name\":\"Eurosmart - Milwaukee web\u00e1ruh\u00e1z\",\"url\":\"https:\/\/www.eurosmart.hu\/shop\/\",\"logo\":{\"@type\":\"ImageObject\",\"inLanguage\":\"hu\",\"@id\":\"https:\/\/www.eurosmart.hu\/shop\/#\/schema\/logo\/image\/\",\"url\":\"https:\/\/www.eurosmart.hu\/shop\/wp-content\/uploads\/2023\/10\/milwaukee-logo-1.png\",\"contentUrl\":\"https:\/\/www.eurosmart.hu\/shop\/wp-content\/uploads\/2023\/10\/milwaukee-logo-1.png\",\"width\":500,\"height\":200,\"caption\":\"Eurosmart - Milwaukee web\u00e1ruh\u00e1z\"},\"image\":{\"@id\":\"https:\/\/www.eurosmart.hu\/shop\/#\/schema\/logo\/image\/\"},\"sameAs\":[\"https:\/\/www.facebook.com\/EurosmartKft\"]}]}<\/script>\n<meta property=\"product:price:amount\" content=\"0\" \/>\n<meta property=\"product:price:currency\" content=\"HUF\" \/>\n<meta property=\"og:availability\" content=\"backorder\" \/>\n<meta property=\"product:availability\" content=\"available for order\" \/>\n<meta property=\"product:retailer_item_id\" content=\"4933451152\" \/>\n<meta property=\"product:condition\" content=\"new\" \/>\n<!-- \/ Yoast SEO Premium plugin. -->","yoast_head_json":{"title":"MILWAUKEE M18 ONEIWP12-0 FUEL\u2122 ONE-KEY\u2122 1\/2\u2033 \u00dcTVECSAVAROZ\u00d3 \u00dcTK\u00d6Z\u0150CSAPPAL (4933451152) - Eurosmart - Milwaukee web\u00e1ruh\u00e1z","robots":{"index":"index","follow":"follow","max-snippet":"max-snippet:-1","max-image-preview":"max-image-preview:large","max-video-preview":"max-video-preview:-1"},"canonical":"https:\/\/www.eurosmart.hu\/shop\/index.php\/termek\/milwaukee-m18-oneiwp12-0-fuel-one-key-1-2-utvecsavarozo-utkozocsappal-4933451152\/","og_locale":"hu_HU","og_type":"article","og_title":"MILWAUKEE M18 ONEIWP12-0 FUEL\u2122 ONE-KEY\u2122 1\/2\u2033 \u00dcTVECSAVAROZ\u00d3 \u00dcTK\u00d6Z\u0150CSAPPAL (4933451152)","og_description":"A k\u00e9szlet tartalma:   1 db M18 ONEIWP12 \u00fctvecsavaroz\u00f3 (Akkumul\u00e1tor, t\u00f6lt\u0151 \u00e9s koffer n\u00e9lk\u00fcl sz\u00e1ll\u00edtva!)  \u00f6vcsipesz","og_url":"https:\/\/www.eurosmart.hu\/shop\/index.php\/termek\/milwaukee-m18-oneiwp12-0-fuel-one-key-1-2-utvecsavarozo-utkozocsappal-4933451152\/","og_site_name":"Eurosmart - Milwaukee web\u00e1ruh\u00e1z","article_publisher":"https:\/\/www.facebook.com\/EurosmartKft","article_modified_time":"2024-03-18T12:02:14+00:00","og_image":[{"width":1000,"height":1000,"url":"https:\/\/www.eurosmart.hu\/shop\/wp-content\/uploads\/2023\/12\/4933451152.jpg","type":"image\/jpeg"}],"twitter_card":"summary_large_image","twitter_misc":{"Price":"","Availability":"On backorder"},"schema":{"@context":"https:\/\/schema.org","@graph":[{"@type":"WebPage","@id":"https:\/\/www.eurosmart.hu\/shop\/index.php\/termek\/milwaukee-m18-oneiwp12-0-fuel-one-key-1-2-utvecsavarozo-utkozocsappal-4933451152\/","url":"https:\/\/www.eurosmart.hu\/shop\/index.php\/termek\/milwaukee-m18-oneiwp12-0-fuel-one-key-1-2-utvecsavarozo-utkozocsappal-4933451152\/","name":"MILWAUKEE M18 ONEIWP12-0 FUEL\u2122 ONE-KEY\u2122 1\/2\u2033 \u00dcTVECSAVAROZ\u00d3 \u00dcTK\u00d6Z\u0150CSAPPAL (4933451152) - Eurosmart - Milwaukee web\u00e1ruh\u00e1z","isPartOf":{"@id":"https:\/\/www.eurosmart.hu\/shop\/#website"},"datePublished":"2023-12-18T09:40:11+00:00","dateModified":"2024-03-18T12:02:14+00:00","breadcrumb":{"@id":"https:\/\/www.eurosmart.hu\/shop\/index.php\/termek\/milwaukee-m18-oneiwp12-0-fuel-one-key-1-2-utvecsavarozo-utkozocsappal-4933451152\/#breadcrumb"},"inLanguage":"hu","potentialAction":[{"@type":"ReadAction","target":["https:\/\/www.eurosmart.hu\/shop\/index.php\/termek\/milwaukee-m18-oneiwp12-0-fuel-one-key-1-2-utvecsavarozo-utkozocsappal-4933451152\/"]}]},{"@type":"BreadcrumbList","@id":"https:\/\/www.eurosmart.hu\/shop\/index.php\/termek\/milwaukee-m18-oneiwp12-0-fuel-one-key-1-2-utvecsavarozo-utkozocsappal-4933451152\/#breadcrumb","itemListElement":[{"@type":"ListItem","position":1,"name":"Kezd\u0151lap","item":"https:\/\/www.eurosmart.hu\/shop\/"},{"@type":"ListItem","position":2,"name":"Term\u00e9keink","item":"https:\/\/www.eurosmart.hu\/shop\/index.php\/uzlet\/"},{"@type":"ListItem","position":3,"name":"MILWAUKEE M18 ONEIWP12-0 FUEL\u2122 ONE-KEY\u2122 1\/2\u2033 \u00dcTVECSAVAROZ\u00d3 \u00dcTK\u00d6Z\u0150CSAPPAL (4933451152)"}]},{"@type":"WebSite","@id":"https:\/\/www.eurosmart.hu\/shop\/#website","url":"https:\/\/www.eurosmart.hu\/shop\/","name":"Eurosmart - Milwaukee web\u00e1ruh\u00e1z","description":"Milwaukee web\u00e1ruh\u00e1z","publisher":{"@id":"https:\/\/www.eurosmart.hu\/shop\/#organization"},"potentialAction":[{"@type":"SearchAction","target":{"@type":"EntryPoint","urlTemplate":"https:\/\/www.eurosmart.hu\/shop\/?s={search_term_string}"},"query-input":"required name=search_term_string"}],"inLanguage":"hu"},{"@type":"Organization","@id":"https:\/\/www.eurosmart.hu\/shop\/#organization","name":"Eurosmart - Milwaukee web\u00e1ruh\u00e1z","url":"https:\/\/www.eurosmart.hu\/shop\/","logo":{"@type":"ImageObject","inLanguage":"hu","@id":"https:\/\/www.eurosmart.hu\/shop\/#\/schema\/logo\/image\/","url":"https:\/\/www.eurosmart.hu\/shop\/wp-content\/uploads\/2023\/10\/milwaukee-logo-1.png","contentUrl":"https:\/\/www.eurosmart.hu\/shop\/wp-content\/uploads\/2023\/10\/milwaukee-logo-1.png","width":500,"height":200,"caption":"Eurosmart - Milwaukee web\u00e1ruh\u00e1z"},"image":{"@id":"https:\/\/www.eurosmart.hu\/shop\/#\/schema\/logo\/image\/"},"sameAs":["https:\/\/www.facebook.com\/EurosmartKft"]}]},"product_price_currency":"HUF","og_availability":"backorder","product_availability":"available for order","product_retailer_item_id":"4933451152","product_condition":"new"},"_links":{"self":[{"href":"https:\/\/www.eurosmart.hu\/shop\/index.php\/wp-json\/wp\/v2\/product\/4370","targetHints":{"allow":["GET"]}}],"collection":[{"href":"https:\/\/www.eurosmart.hu\/shop\/index.php\/wp-json\/wp\/v2\/product"}],"about":[{"href":"https:\/\/www.eurosmart.hu\/shop\/index.php\/wp-json\/wp\/v2\/types\/product"}],"wp:featuredmedia":[{"embeddable":true,"href":"https:\/\/www.eurosmart.hu\/shop\/index.php\/wp-json\/wp\/v2\/media\/4371"}],"wp:attachment":[{"href":"https:\/\/www.eurosmart.hu\/shop\/index.php\/wp-json\/wp\/v2\/media?parent=4370"}],"wp:term":[{"taxonomy":"product_cat","embeddable":true,"href":"https:\/\/www.eurosmart.hu\/shop\/index.php\/wp-json\/wp\/v2\/product_cat?post=4370"},{"taxonomy":"product_tag","embeddable":true,"href":"https:\/\/www.eurosmart.hu\/shop\/index.php\/wp-json\/wp\/v2\/product_tag?post=4370"}],"curies":[{"name":"wp","href":"https:\/\/api.w.org\/{rel}","templated":true}]}}