{"id":4263,"date":"2023-12-12T13:37:37","date_gmt":"2023-12-12T13:37:37","guid":{"rendered":"https:\/\/www.eurosmart.hu\/shop\/?post_type=product&#038;p=4263"},"modified":"2024-03-18T12:42:35","modified_gmt":"2024-03-18T12:42:35","slug":"milwaukee-hd18-hx-402c-heavy-duty-4-fokozatu-sds-plus-kalapacs-szett-fixtec-tokmannyal-kofferben-4933441280","status":"publish","type":"product","link":"https:\/\/www.eurosmart.hu\/shop\/index.php\/termek\/milwaukee-hd18-hx-402c-heavy-duty-4-fokozatu-sds-plus-kalapacs-szett-fixtec-tokmannyal-kofferben-4933441280\/","title":{"rendered":"MILWAUKEE HD18 HX-402C HEAVY DUTY 4 FOKOZAT\u00da SDS-PLUS KALAP\u00c1CS SZETT FIXTEC\u2122 TOKM\u00c1NNYAL KOFFERBEN (4933441280)"},"content":{"rendered":"<h5>Tulajdons\u00e1gok:<\/h5>\n<ul class=\"ProductFeaturesTextstyles__FeatureList-fxqvf2-1 dUrrwH\">\n<li class=\"ProductFeaturesTextstyles__Feature-fxqvf2-3 ggyeUS\">Nagy teljes\u00edtm\u00e9ny\u0171 motor \u2013 a vezet\u00e9kes g\u00e9pek erej\u00e9t ny\u00fajtja<\/li>\n<li class=\"ProductFeaturesTextstyles__Feature-fxqvf2-3 ggyeUS\">REDLINK\u2122 t\u00falterhel\u00e9s v\u00e9delmi elektronika a g\u00e9pben \u00e9s az akkumul\u00e1torban, kateg\u00f3ri\u00e1j\u00e1ban a legjobb tart\u00f3ss\u00e1got biztos\u00edtja<\/li>\n<li class=\"ProductFeaturesTextstyles__Feature-fxqvf2-3 ggyeUS\">Er\u0151teljes \u00fct\u0151mechanizmus: 2,4 J (EPTA) \u00fct\u0151energi\u00e1t szolg\u00e1ltat<\/li>\n<li class=\"ProductFeaturesTextstyles__Feature-fxqvf2-3 ggyeUS\">Teljesen f\u00e9m hajt\u00f3m\u0171h\u00e1z<\/li>\n<li class=\"ProductFeaturesTextstyles__Feature-fxqvf2-3 ggyeUS\">4 fokozat\u00fa \u00fczemm\u00f3d kapcsol\u00f3: f\u00far\u00e1s, \u00fctvef\u00far\u00e1s, csavaroz\u00e1s \u00e9s forg\u00e1smeg\u00e1ll\u00edt\u00e1s a maxim\u00e1lis sokoldal\u00fas\u00e1g\u00e9rt<\/li>\n<li class=\"ProductFeaturesTextstyles__Feature-fxqvf2-3 ggyeUS\">Forg\u00e1smeg\u00e1ll\u00edt\u00f3 \u00e9s \u00fct\u00e9smeg\u00e1ll\u00edt\u00f3 funkci\u00f3<\/li>\n<li class=\"ProductFeaturesTextstyles__Feature-fxqvf2-3 ggyeUS\">FIXTEC\u2122 rendszer \u2013 kulcsn\u00e9lk\u00fcli tokm\u00e1ny csere<\/li>\n<li class=\"ProductFeaturesTextstyles__Feature-fxqvf2-3 ggyeUS\">Mechanikus kuplung: megv\u00e9di a g\u00e9pet a bit megszorul\u00e1sakor<\/li>\n<li class=\"ProductFeaturesTextstyles__Feature-fxqvf2-3 ggyeUS\">AVS &#8211; Anti Vibr\u00e1ci\u00f3s Rendszer: a cs\u00f6kkentett vibr\u00e1ci\u00f3nak k\u00f6sz\u00f6nhet\u0151en maxim\u00e1lis komfortot biztos\u00edt<\/li>\n<li class=\"ProductFeaturesTextstyles__Feature-fxqvf2-3 ggyeUS\">Egyedi cellafigyel\u0151 rendszer optimaliz\u00e1lja a m\u0171k\u00f6d\u00e9si id\u0151t<\/li>\n<li class=\"ProductFeaturesTextstyles__Feature-fxqvf2-3 ggyeUS\">T\u00f6lt\u00e9sszintjelz\u0151 kimutatja az akkumul\u00e1tor t\u00f6lt\u00f6tts\u00e9gi szintj\u00e9t<\/li>\n<li class=\"ProductFeaturesTextstyles__Feature-fxqvf2-3 ggyeUS\">A REDLITHIUM\u2122 akkumul\u00e1tor kit\u0171n\u0151 min\u0151s\u00e9g\u0171 konstrukci\u00f3t \u00e9s elektronik\u00e1t k\u00edn\u00e1l, valamint lemer\u00fcl\u00e9s-biztos, \u00edgy hosszabb m\u0171k\u00f6d\u00e9si id\u0151t \u00e9s hosszabb ideig tart\u00f3 munkav\u00e9gz\u00e9st biztos\u00edt az akkumul\u00e1tor \u00e9lettartama alatt<\/li>\n<li class=\"ProductFeaturesTextstyles__Feature-fxqvf2-3 ggyeUS\">Rugalmas akkumul\u00e1tor rendszerrel &#8211; MILWAUKEE\u00ae\u00a0<a href=\"https:\/\/hu.milwaukeetool.eu\/systems\/m18\/\">M18\u2122<\/a>\u00a0akkumul\u00e1torokkal m\u0171k\u00f6dik<\/li>\n<\/ul>\n<h5>M\u0171szaki adatok:<\/h5>\n<ul>\n<li>T\u00edpus: Akkumul\u00e1toros, Li-ion 18V<\/li>\n<li>\u00dct\u00e9si energia (J): 2.4<\/li>\n<li>\u00dct\u00e9ssz\u00e1m (\u00fct\u00e9s\/perc): 0-4200<\/li>\n<li>\u00dcresj\u00e1rati fordulatsz\u00e1m (ford\/perc): 0-1400<\/li>\n<li>Max. f\u00far\u00e1si \u00e1tm\u00e9r\u0151 ac\u00e9lban (mm): 13<\/li>\n<li>Max. f\u00far\u00e1si \u00e1tm\u00e9r\u0151 f\u00e1ban (mm): 30<\/li>\n<li>Max. f\u00far\u00e1si \u00e1tm\u00e9r\u0151 betonban (mm): 24<\/li>\n<li>S\u00faly (kg): 3.0<\/li>\n<\/ul>\n","protected":false},"excerpt":{"rendered":"<p><strong>A k\u00e9szlet tartalma:<\/strong><\/p>\n<ul>\n<li>1 db HD18 HX M18\u2122 HEAVY DUTY 4 FOKOZAT\u00da SDS-PLUS KALAP\u00c1CS<\/li>\n<li>2 db M18 B4 4,0 Ah akkumul\u00e1tor<\/li>\n<li>1 db M12-18C intelligens t\u00f6lt\u0151<\/li>\n<li>1 db Szersz\u00e1mkoffer<\/li>\n<li>P\u00f3tfoganty\u00fa f\u00e9m m\u00e9lys\u00e9gm\u00e9r\u0151vel, FIXTEC\u2122 tokm\u00e1ny adapter<\/li>\n<\/ul>\n","protected":false},"featured_media":4264,"template":"","meta":[],"product_cat":[167,165,230,59,228,89],"product_tag":[],"class_list":["post-4263","product","type-product","status-publish","has-post-thumbnail","hentry","product_cat-akkumulatoros-furas-veses-es-rogzites","product_cat-akkumulatoros-gepek","product_cat-m18-rendszer","product_cat-milwaukee","product_cat-rendszer","product_cat-termekek"],"yoast_head":"<!-- This site is optimized with the Yoast SEO Premium plugin v21.3 (Yoast SEO v21.3) - https:\/\/yoast.com\/wordpress\/plugins\/seo\/ -->\n<title>MILWAUKEE HD18 HX-402C HEAVY DUTY 4 FOKOZAT\u00da SDS-PLUS KALAP\u00c1CS SZETT FIXTEC\u2122 TOKM\u00c1NNYAL KOFFERBEN (4933441280) - Eurosmart - Milwaukee web\u00e1ruh\u00e1z<\/title>\n<meta name=\"robots\" content=\"index, follow, max-snippet:-1, max-image-preview:large, max-video-preview:-1\" \/>\n<link rel=\"canonical\" href=\"https:\/\/www.eurosmart.hu\/shop\/index.php\/termek\/milwaukee-hd18-hx-402c-heavy-duty-4-fokozatu-sds-plus-kalapacs-szett-fixtec-tokmannyal-kofferben-4933441280\/\" \/>\n<meta property=\"og:locale\" content=\"hu_HU\" \/>\n<meta property=\"og:type\" content=\"article\" \/>\n<meta property=\"og:title\" content=\"MILWAUKEE HD18 HX-402C HEAVY DUTY 4 FOKOZAT\u00da SDS-PLUS KALAP\u00c1CS SZETT FIXTEC\u2122 TOKM\u00c1NNYAL KOFFERBEN (4933441280)\" \/>\n<meta property=\"og:description\" content=\"A k\u00e9szlet tartalma:   1 db HD18 HX M18\u2122 HEAVY DUTY 4 FOKOZAT\u00da SDS-PLUS KALAP\u00c1CS  2 db M18 B4 4,0 Ah akkumul\u00e1tor  1 db M12-18C intelligens t\u00f6lt\u0151  1 db Szersz\u00e1mkoffer  P\u00f3tfoganty\u00fa f\u00e9m m\u00e9lys\u00e9gm\u00e9r\u0151vel, FIXTEC\u2122 tokm\u00e1ny adapter\" \/>\n<meta property=\"og:url\" content=\"https:\/\/www.eurosmart.hu\/shop\/index.php\/termek\/milwaukee-hd18-hx-402c-heavy-duty-4-fokozatu-sds-plus-kalapacs-szett-fixtec-tokmannyal-kofferben-4933441280\/\" \/>\n<meta property=\"og:site_name\" content=\"Eurosmart - Milwaukee web\u00e1ruh\u00e1z\" \/>\n<meta property=\"article:publisher\" content=\"https:\/\/www.facebook.com\/EurosmartKft\" \/>\n<meta property=\"article:modified_time\" content=\"2024-03-18T12:42:35+00:00\" \/>\n<meta property=\"og:image\" content=\"https:\/\/www.eurosmart.hu\/shop\/wp-content\/uploads\/2023\/12\/4933441280.webp\" \/>\n\t<meta property=\"og:image:width\" content=\"1000\" \/>\n\t<meta property=\"og:image:height\" content=\"1000\" \/>\n\t<meta property=\"og:image:type\" content=\"image\/webp\" \/>\n<meta name=\"twitter:card\" content=\"summary_large_image\" \/>\n<meta name=\"twitter:label1\" content=\"Price\" \/>\n\t<meta name=\"twitter:data1\" content=\"\" \/>\n\t<meta name=\"twitter:label2\" content=\"Availability\" \/>\n\t<meta name=\"twitter:data2\" content=\"On backorder\" \/>\n<script type=\"application\/ld+json\" class=\"yoast-schema-graph\">{\"@context\":\"https:\/\/schema.org\",\"@graph\":[{\"@type\":\"WebPage\",\"@id\":\"https:\/\/www.eurosmart.hu\/shop\/index.php\/termek\/milwaukee-hd18-hx-402c-heavy-duty-4-fokozatu-sds-plus-kalapacs-szett-fixtec-tokmannyal-kofferben-4933441280\/\",\"url\":\"https:\/\/www.eurosmart.hu\/shop\/index.php\/termek\/milwaukee-hd18-hx-402c-heavy-duty-4-fokozatu-sds-plus-kalapacs-szett-fixtec-tokmannyal-kofferben-4933441280\/\",\"name\":\"MILWAUKEE HD18 HX-402C HEAVY DUTY 4 FOKOZAT\u00da SDS-PLUS KALAP\u00c1CS SZETT FIXTEC\u2122 TOKM\u00c1NNYAL KOFFERBEN (4933441280) - Eurosmart - Milwaukee web\u00e1ruh\u00e1z\",\"isPartOf\":{\"@id\":\"https:\/\/www.eurosmart.hu\/shop\/#website\"},\"datePublished\":\"2023-12-12T13:37:37+00:00\",\"dateModified\":\"2024-03-18T12:42:35+00:00\",\"breadcrumb\":{\"@id\":\"https:\/\/www.eurosmart.hu\/shop\/index.php\/termek\/milwaukee-hd18-hx-402c-heavy-duty-4-fokozatu-sds-plus-kalapacs-szett-fixtec-tokmannyal-kofferben-4933441280\/#breadcrumb\"},\"inLanguage\":\"hu\",\"potentialAction\":[{\"@type\":\"ReadAction\",\"target\":[\"https:\/\/www.eurosmart.hu\/shop\/index.php\/termek\/milwaukee-hd18-hx-402c-heavy-duty-4-fokozatu-sds-plus-kalapacs-szett-fixtec-tokmannyal-kofferben-4933441280\/\"]}]},{\"@type\":\"BreadcrumbList\",\"@id\":\"https:\/\/www.eurosmart.hu\/shop\/index.php\/termek\/milwaukee-hd18-hx-402c-heavy-duty-4-fokozatu-sds-plus-kalapacs-szett-fixtec-tokmannyal-kofferben-4933441280\/#breadcrumb\",\"itemListElement\":[{\"@type\":\"ListItem\",\"position\":1,\"name\":\"Kezd\u0151lap\",\"item\":\"https:\/\/www.eurosmart.hu\/shop\/\"},{\"@type\":\"ListItem\",\"position\":2,\"name\":\"Term\u00e9keink\",\"item\":\"https:\/\/www.eurosmart.hu\/shop\/index.php\/uzlet\/\"},{\"@type\":\"ListItem\",\"position\":3,\"name\":\"MILWAUKEE HD18 HX-402C HEAVY DUTY 4 FOKOZAT\u00da SDS-PLUS KALAP\u00c1CS SZETT FIXTEC\u2122 TOKM\u00c1NNYAL KOFFERBEN (4933441280)\"}]},{\"@type\":\"WebSite\",\"@id\":\"https:\/\/www.eurosmart.hu\/shop\/#website\",\"url\":\"https:\/\/www.eurosmart.hu\/shop\/\",\"name\":\"Eurosmart - Milwaukee web\u00e1ruh\u00e1z\",\"description\":\"Milwaukee web\u00e1ruh\u00e1z\",\"publisher\":{\"@id\":\"https:\/\/www.eurosmart.hu\/shop\/#organization\"},\"potentialAction\":[{\"@type\":\"SearchAction\",\"target\":{\"@type\":\"EntryPoint\",\"urlTemplate\":\"https:\/\/www.eurosmart.hu\/shop\/?s={search_term_string}\"},\"query-input\":\"required name=search_term_string\"}],\"inLanguage\":\"hu\"},{\"@type\":\"Organization\",\"@id\":\"https:\/\/www.eurosmart.hu\/shop\/#organization\",\"name\":\"Eurosmart - Milwaukee web\u00e1ruh\u00e1z\",\"url\":\"https:\/\/www.eurosmart.hu\/shop\/\",\"logo\":{\"@type\":\"ImageObject\",\"inLanguage\":\"hu\",\"@id\":\"https:\/\/www.eurosmart.hu\/shop\/#\/schema\/logo\/image\/\",\"url\":\"https:\/\/www.eurosmart.hu\/shop\/wp-content\/uploads\/2023\/10\/milwaukee-logo-1.png\",\"contentUrl\":\"https:\/\/www.eurosmart.hu\/shop\/wp-content\/uploads\/2023\/10\/milwaukee-logo-1.png\",\"width\":500,\"height\":200,\"caption\":\"Eurosmart - Milwaukee web\u00e1ruh\u00e1z\"},\"image\":{\"@id\":\"https:\/\/www.eurosmart.hu\/shop\/#\/schema\/logo\/image\/\"},\"sameAs\":[\"https:\/\/www.facebook.com\/EurosmartKft\"]}]}<\/script>\n<meta property=\"product:price:amount\" content=\"0\" \/>\n<meta property=\"product:price:currency\" content=\"HUF\" \/>\n<meta property=\"og:availability\" content=\"backorder\" \/>\n<meta property=\"product:availability\" content=\"available for order\" \/>\n<meta property=\"product:retailer_item_id\" content=\"4933441280\" \/>\n<meta property=\"product:condition\" content=\"new\" \/>\n<!-- \/ Yoast SEO Premium plugin. -->","yoast_head_json":{"title":"MILWAUKEE HD18 HX-402C HEAVY DUTY 4 FOKOZAT\u00da SDS-PLUS KALAP\u00c1CS SZETT FIXTEC\u2122 TOKM\u00c1NNYAL KOFFERBEN (4933441280) - Eurosmart - Milwaukee web\u00e1ruh\u00e1z","robots":{"index":"index","follow":"follow","max-snippet":"max-snippet:-1","max-image-preview":"max-image-preview:large","max-video-preview":"max-video-preview:-1"},"canonical":"https:\/\/www.eurosmart.hu\/shop\/index.php\/termek\/milwaukee-hd18-hx-402c-heavy-duty-4-fokozatu-sds-plus-kalapacs-szett-fixtec-tokmannyal-kofferben-4933441280\/","og_locale":"hu_HU","og_type":"article","og_title":"MILWAUKEE HD18 HX-402C HEAVY DUTY 4 FOKOZAT\u00da SDS-PLUS KALAP\u00c1CS SZETT FIXTEC\u2122 TOKM\u00c1NNYAL KOFFERBEN (4933441280)","og_description":"A k\u00e9szlet tartalma:   1 db HD18 HX M18\u2122 HEAVY DUTY 4 FOKOZAT\u00da SDS-PLUS KALAP\u00c1CS  2 db M18 B4 4,0 Ah akkumul\u00e1tor  1 db M12-18C intelligens t\u00f6lt\u0151  1 db Szersz\u00e1mkoffer  P\u00f3tfoganty\u00fa f\u00e9m m\u00e9lys\u00e9gm\u00e9r\u0151vel, FIXTEC\u2122 tokm\u00e1ny adapter","og_url":"https:\/\/www.eurosmart.hu\/shop\/index.php\/termek\/milwaukee-hd18-hx-402c-heavy-duty-4-fokozatu-sds-plus-kalapacs-szett-fixtec-tokmannyal-kofferben-4933441280\/","og_site_name":"Eurosmart - Milwaukee web\u00e1ruh\u00e1z","article_publisher":"https:\/\/www.facebook.com\/EurosmartKft","article_modified_time":"2024-03-18T12:42:35+00:00","og_image":[{"width":1000,"height":1000,"url":"https:\/\/www.eurosmart.hu\/shop\/wp-content\/uploads\/2023\/12\/4933441280.webp","type":"image\/webp"}],"twitter_card":"summary_large_image","twitter_misc":{"Price":"","Availability":"On backorder"},"schema":{"@context":"https:\/\/schema.org","@graph":[{"@type":"WebPage","@id":"https:\/\/www.eurosmart.hu\/shop\/index.php\/termek\/milwaukee-hd18-hx-402c-heavy-duty-4-fokozatu-sds-plus-kalapacs-szett-fixtec-tokmannyal-kofferben-4933441280\/","url":"https:\/\/www.eurosmart.hu\/shop\/index.php\/termek\/milwaukee-hd18-hx-402c-heavy-duty-4-fokozatu-sds-plus-kalapacs-szett-fixtec-tokmannyal-kofferben-4933441280\/","name":"MILWAUKEE HD18 HX-402C HEAVY DUTY 4 FOKOZAT\u00da SDS-PLUS KALAP\u00c1CS SZETT FIXTEC\u2122 TOKM\u00c1NNYAL KOFFERBEN (4933441280) - Eurosmart - Milwaukee web\u00e1ruh\u00e1z","isPartOf":{"@id":"https:\/\/www.eurosmart.hu\/shop\/#website"},"datePublished":"2023-12-12T13:37:37+00:00","dateModified":"2024-03-18T12:42:35+00:00","breadcrumb":{"@id":"https:\/\/www.eurosmart.hu\/shop\/index.php\/termek\/milwaukee-hd18-hx-402c-heavy-duty-4-fokozatu-sds-plus-kalapacs-szett-fixtec-tokmannyal-kofferben-4933441280\/#breadcrumb"},"inLanguage":"hu","potentialAction":[{"@type":"ReadAction","target":["https:\/\/www.eurosmart.hu\/shop\/index.php\/termek\/milwaukee-hd18-hx-402c-heavy-duty-4-fokozatu-sds-plus-kalapacs-szett-fixtec-tokmannyal-kofferben-4933441280\/"]}]},{"@type":"BreadcrumbList","@id":"https:\/\/www.eurosmart.hu\/shop\/index.php\/termek\/milwaukee-hd18-hx-402c-heavy-duty-4-fokozatu-sds-plus-kalapacs-szett-fixtec-tokmannyal-kofferben-4933441280\/#breadcrumb","itemListElement":[{"@type":"ListItem","position":1,"name":"Kezd\u0151lap","item":"https:\/\/www.eurosmart.hu\/shop\/"},{"@type":"ListItem","position":2,"name":"Term\u00e9keink","item":"https:\/\/www.eurosmart.hu\/shop\/index.php\/uzlet\/"},{"@type":"ListItem","position":3,"name":"MILWAUKEE HD18 HX-402C HEAVY DUTY 4 FOKOZAT\u00da SDS-PLUS KALAP\u00c1CS SZETT FIXTEC\u2122 TOKM\u00c1NNYAL KOFFERBEN (4933441280)"}]},{"@type":"WebSite","@id":"https:\/\/www.eurosmart.hu\/shop\/#website","url":"https:\/\/www.eurosmart.hu\/shop\/","name":"Eurosmart - Milwaukee web\u00e1ruh\u00e1z","description":"Milwaukee web\u00e1ruh\u00e1z","publisher":{"@id":"https:\/\/www.eurosmart.hu\/shop\/#organization"},"potentialAction":[{"@type":"SearchAction","target":{"@type":"EntryPoint","urlTemplate":"https:\/\/www.eurosmart.hu\/shop\/?s={search_term_string}"},"query-input":"required name=search_term_string"}],"inLanguage":"hu"},{"@type":"Organization","@id":"https:\/\/www.eurosmart.hu\/shop\/#organization","name":"Eurosmart - Milwaukee web\u00e1ruh\u00e1z","url":"https:\/\/www.eurosmart.hu\/shop\/","logo":{"@type":"ImageObject","inLanguage":"hu","@id":"https:\/\/www.eurosmart.hu\/shop\/#\/schema\/logo\/image\/","url":"https:\/\/www.eurosmart.hu\/shop\/wp-content\/uploads\/2023\/10\/milwaukee-logo-1.png","contentUrl":"https:\/\/www.eurosmart.hu\/shop\/wp-content\/uploads\/2023\/10\/milwaukee-logo-1.png","width":500,"height":200,"caption":"Eurosmart - Milwaukee web\u00e1ruh\u00e1z"},"image":{"@id":"https:\/\/www.eurosmart.hu\/shop\/#\/schema\/logo\/image\/"},"sameAs":["https:\/\/www.facebook.com\/EurosmartKft"]}]},"product_price_currency":"HUF","og_availability":"backorder","product_availability":"available for order","product_retailer_item_id":"4933441280","product_condition":"new"},"_links":{"self":[{"href":"https:\/\/www.eurosmart.hu\/shop\/index.php\/wp-json\/wp\/v2\/product\/4263","targetHints":{"allow":["GET"]}}],"collection":[{"href":"https:\/\/www.eurosmart.hu\/shop\/index.php\/wp-json\/wp\/v2\/product"}],"about":[{"href":"https:\/\/www.eurosmart.hu\/shop\/index.php\/wp-json\/wp\/v2\/types\/product"}],"wp:featuredmedia":[{"embeddable":true,"href":"https:\/\/www.eurosmart.hu\/shop\/index.php\/wp-json\/wp\/v2\/media\/4264"}],"wp:attachment":[{"href":"https:\/\/www.eurosmart.hu\/shop\/index.php\/wp-json\/wp\/v2\/media?parent=4263"}],"wp:term":[{"taxonomy":"product_cat","embeddable":true,"href":"https:\/\/www.eurosmart.hu\/shop\/index.php\/wp-json\/wp\/v2\/product_cat?post=4263"},{"taxonomy":"product_tag","embeddable":true,"href":"https:\/\/www.eurosmart.hu\/shop\/index.php\/wp-json\/wp\/v2\/product_tag?post=4263"}],"curies":[{"name":"wp","href":"https:\/\/api.w.org\/{rel}","templated":true}]}}