{"id":4085,"date":"2023-12-05T13:19:43","date_gmt":"2023-12-05T13:19:43","guid":{"rendered":"https:\/\/www.eurosmart.hu\/shop\/?post_type=product&#038;p=4085"},"modified":"2023-12-05T13:19:44","modified_gmt":"2023-12-05T13:19:44","slug":"milwaukee-hnrg-802-akku-es-tolto-szett-2x80ah-18v-1x40ah-12v-4933471073","status":"publish","type":"product","link":"https:\/\/www.eurosmart.hu\/shop\/index.php\/termek\/milwaukee-hnrg-802-akku-es-tolto-szett-2x80ah-18v-1x40ah-12v-4933471073\/","title":{"rendered":"MILWAUKEE HNRG-802 AKKU \u00c9S T\u00d6LT\u0150 SZETT 2X8,0AH 18V + 1X4,0AH 12V (4933471073)"},"content":{"rendered":"<h5>A k\u00e9szlet tartalma:<\/h5>\n<ul class=\"ProductFeaturesTextstyles__FeatureList-fxqvf2-1 dUrrwH\">\n<li class=\"ProductFeaturesTextstyles__Feature-fxqvf2-3 ggyeUS\">2 db M18 HB 8.0 &#8211; <a href=\"https:\/\/hu.milwaukeetool.eu\/systems\/m18\/\">M18\u2122<\/a>\u00a0HIGH OUTPUT\u2122 8.0 Ah akkumul\u00e1tor<\/li>\n<li class=\"ProductFeaturesTextstyles__Feature-fxqvf2-3 ggyeUS\">1 db <a href=\"https:\/\/hu.milwaukeetool.eu\/hu-hu\/m12-4,0-ah-akkumulator\/m12-b4\/\">M12 B4<\/a>\u00a0&#8211;\u00a0<a href=\"https:\/\/hu.milwaukeetool.eu\/systems\/m12\/\">M12\u2122<\/a>\u00a04.0 Ah akkumul\u00e1tor<\/li>\n<li class=\"ProductFeaturesTextstyles__Feature-fxqvf2-3 ggyeUS\">1 db M12-18 FC &#8211; <a href=\"https:\/\/hu.milwaukeetool.eu\/systems\/m12\/\">M12\u2122<\/a>\u00a0&#8211;\u00a0<a href=\"https:\/\/hu.milwaukeetool.eu\/systems\/m18\/\">M18\u2122<\/a>\u00a0gyorst\u00f6lt\u0151<\/li>\n<\/ul>\n","protected":false},"excerpt":{"rendered":"<p>A k\u00e9szlet tartalma: 2 db M18 HB 8.0 &#8211; M18\u2122\u00a0HIGH OUTPUT\u2122 8.0 Ah akkumul\u00e1tor 1 db M12 B4\u00a0&#8211;\u00a0M12\u2122\u00a04.0 Ah akkumul\u00e1tor 1 db M12-18 FC &#8211; M12\u2122\u00a0&#8211;\u00a0M18\u2122\u00a0gyorst\u00f6lt\u0151<\/p>\n","protected":false},"featured_media":4086,"template":"","meta":[],"product_cat":[166,165,230,59,228,89],"product_tag":[],"class_list":["post-4085","product","type-product","status-publish","has-post-thumbnail","hentry","product_cat-akkumulatorok-es-toltok-akkumulatoros-gepek","product_cat-akkumulatoros-gepek","product_cat-m18-rendszer","product_cat-milwaukee","product_cat-rendszer","product_cat-termekek"],"yoast_head":"<!-- This site is optimized with the Yoast SEO Premium plugin v21.3 (Yoast SEO v21.3) - https:\/\/yoast.com\/wordpress\/plugins\/seo\/ -->\n<title>MILWAUKEE HNRG-802 AKKU \u00c9S T\u00d6LT\u0150 SZETT 2X8,0AH 18V + 1X4,0AH 12V (4933471073) - Eurosmart - Milwaukee web\u00e1ruh\u00e1z<\/title>\n<meta name=\"robots\" content=\"index, follow, max-snippet:-1, max-image-preview:large, max-video-preview:-1\" \/>\n<link rel=\"canonical\" href=\"https:\/\/www.eurosmart.hu\/shop\/index.php\/termek\/milwaukee-hnrg-802-akku-es-tolto-szett-2x80ah-18v-1x40ah-12v-4933471073\/\" \/>\n<meta property=\"og:locale\" content=\"hu_HU\" \/>\n<meta property=\"og:type\" content=\"article\" \/>\n<meta property=\"og:title\" content=\"MILWAUKEE HNRG-802 AKKU \u00c9S T\u00d6LT\u0150 SZETT 2X8,0AH 18V + 1X4,0AH 12V (4933471073)\" \/>\n<meta property=\"og:description\" content=\"A k\u00e9szlet tartalma: 2 db M18 HB 8.0 &#8211; M18\u2122\u00a0HIGH OUTPUT\u2122 8.0 Ah akkumul\u00e1tor 1 db M12 B4\u00a0&#8211;\u00a0M12\u2122\u00a04.0 Ah akkumul\u00e1tor 1 db M12-18 FC &#8211; M12\u2122\u00a0&#8211;\u00a0M18\u2122\u00a0gyorst\u00f6lt\u0151\" \/>\n<meta property=\"og:url\" content=\"https:\/\/www.eurosmart.hu\/shop\/index.php\/termek\/milwaukee-hnrg-802-akku-es-tolto-szett-2x80ah-18v-1x40ah-12v-4933471073\/\" \/>\n<meta property=\"og:site_name\" content=\"Eurosmart - Milwaukee web\u00e1ruh\u00e1z\" \/>\n<meta property=\"article:publisher\" content=\"https:\/\/www.facebook.com\/EurosmartKft\" \/>\n<meta property=\"article:modified_time\" content=\"2023-12-05T13:19:44+00:00\" \/>\n<meta property=\"og:image\" content=\"https:\/\/www.eurosmart.hu\/shop\/wp-content\/uploads\/2023\/12\/4933471073.webp\" \/>\n\t<meta property=\"og:image:width\" content=\"1000\" \/>\n\t<meta property=\"og:image:height\" content=\"1000\" \/>\n\t<meta property=\"og:image:type\" content=\"image\/webp\" \/>\n<meta name=\"twitter:card\" content=\"summary_large_image\" \/>\n<meta name=\"twitter:label1\" content=\"Price\" \/>\n\t<meta name=\"twitter:data1\" content=\"\" \/>\n\t<meta name=\"twitter:label2\" content=\"Availability\" \/>\n\t<meta name=\"twitter:data2\" content=\"On backorder\" \/>\n<script type=\"application\/ld+json\" class=\"yoast-schema-graph\">{\"@context\":\"https:\/\/schema.org\",\"@graph\":[{\"@type\":\"WebPage\",\"@id\":\"https:\/\/www.eurosmart.hu\/shop\/index.php\/termek\/milwaukee-hnrg-802-akku-es-tolto-szett-2x80ah-18v-1x40ah-12v-4933471073\/\",\"url\":\"https:\/\/www.eurosmart.hu\/shop\/index.php\/termek\/milwaukee-hnrg-802-akku-es-tolto-szett-2x80ah-18v-1x40ah-12v-4933471073\/\",\"name\":\"MILWAUKEE HNRG-802 AKKU \u00c9S T\u00d6LT\u0150 SZETT 2X8,0AH 18V + 1X4,0AH 12V (4933471073) - Eurosmart - Milwaukee web\u00e1ruh\u00e1z\",\"isPartOf\":{\"@id\":\"https:\/\/www.eurosmart.hu\/shop\/#website\"},\"datePublished\":\"2023-12-05T13:19:43+00:00\",\"dateModified\":\"2023-12-05T13:19:44+00:00\",\"breadcrumb\":{\"@id\":\"https:\/\/www.eurosmart.hu\/shop\/index.php\/termek\/milwaukee-hnrg-802-akku-es-tolto-szett-2x80ah-18v-1x40ah-12v-4933471073\/#breadcrumb\"},\"inLanguage\":\"hu\",\"potentialAction\":[{\"@type\":\"ReadAction\",\"target\":[\"https:\/\/www.eurosmart.hu\/shop\/index.php\/termek\/milwaukee-hnrg-802-akku-es-tolto-szett-2x80ah-18v-1x40ah-12v-4933471073\/\"]}]},{\"@type\":\"BreadcrumbList\",\"@id\":\"https:\/\/www.eurosmart.hu\/shop\/index.php\/termek\/milwaukee-hnrg-802-akku-es-tolto-szett-2x80ah-18v-1x40ah-12v-4933471073\/#breadcrumb\",\"itemListElement\":[{\"@type\":\"ListItem\",\"position\":1,\"name\":\"Kezd\u0151lap\",\"item\":\"https:\/\/www.eurosmart.hu\/shop\/\"},{\"@type\":\"ListItem\",\"position\":2,\"name\":\"Term\u00e9keink\",\"item\":\"https:\/\/www.eurosmart.hu\/shop\/index.php\/uzlet\/\"},{\"@type\":\"ListItem\",\"position\":3,\"name\":\"MILWAUKEE HNRG-802 AKKU \u00c9S T\u00d6LT\u0150 SZETT 2X8,0AH 18V + 1X4,0AH 12V (4933471073)\"}]},{\"@type\":\"WebSite\",\"@id\":\"https:\/\/www.eurosmart.hu\/shop\/#website\",\"url\":\"https:\/\/www.eurosmart.hu\/shop\/\",\"name\":\"Eurosmart - Milwaukee web\u00e1ruh\u00e1z\",\"description\":\"Milwaukee web\u00e1ruh\u00e1z\",\"publisher\":{\"@id\":\"https:\/\/www.eurosmart.hu\/shop\/#organization\"},\"potentialAction\":[{\"@type\":\"SearchAction\",\"target\":{\"@type\":\"EntryPoint\",\"urlTemplate\":\"https:\/\/www.eurosmart.hu\/shop\/?s={search_term_string}\"},\"query-input\":\"required name=search_term_string\"}],\"inLanguage\":\"hu\"},{\"@type\":\"Organization\",\"@id\":\"https:\/\/www.eurosmart.hu\/shop\/#organization\",\"name\":\"Eurosmart - Milwaukee web\u00e1ruh\u00e1z\",\"url\":\"https:\/\/www.eurosmart.hu\/shop\/\",\"logo\":{\"@type\":\"ImageObject\",\"inLanguage\":\"hu\",\"@id\":\"https:\/\/www.eurosmart.hu\/shop\/#\/schema\/logo\/image\/\",\"url\":\"https:\/\/www.eurosmart.hu\/shop\/wp-content\/uploads\/2023\/10\/milwaukee-logo-1.png\",\"contentUrl\":\"https:\/\/www.eurosmart.hu\/shop\/wp-content\/uploads\/2023\/10\/milwaukee-logo-1.png\",\"width\":500,\"height\":200,\"caption\":\"Eurosmart - Milwaukee web\u00e1ruh\u00e1z\"},\"image\":{\"@id\":\"https:\/\/www.eurosmart.hu\/shop\/#\/schema\/logo\/image\/\"},\"sameAs\":[\"https:\/\/www.facebook.com\/EurosmartKft\"]}]}<\/script>\n<meta property=\"product:price:amount\" content=\"0\" \/>\n<meta property=\"product:price:currency\" content=\"HUF\" \/>\n<meta property=\"og:availability\" content=\"backorder\" \/>\n<meta property=\"product:availability\" content=\"available for order\" \/>\n<meta property=\"product:retailer_item_id\" content=\"4933471073\" \/>\n<meta property=\"product:condition\" content=\"new\" \/>\n<!-- \/ Yoast SEO Premium plugin. -->","yoast_head_json":{"title":"MILWAUKEE HNRG-802 AKKU \u00c9S T\u00d6LT\u0150 SZETT 2X8,0AH 18V + 1X4,0AH 12V (4933471073) - Eurosmart - Milwaukee web\u00e1ruh\u00e1z","robots":{"index":"index","follow":"follow","max-snippet":"max-snippet:-1","max-image-preview":"max-image-preview:large","max-video-preview":"max-video-preview:-1"},"canonical":"https:\/\/www.eurosmart.hu\/shop\/index.php\/termek\/milwaukee-hnrg-802-akku-es-tolto-szett-2x80ah-18v-1x40ah-12v-4933471073\/","og_locale":"hu_HU","og_type":"article","og_title":"MILWAUKEE HNRG-802 AKKU \u00c9S T\u00d6LT\u0150 SZETT 2X8,0AH 18V + 1X4,0AH 12V (4933471073)","og_description":"A k\u00e9szlet tartalma: 2 db M18 HB 8.0 &#8211; M18\u2122\u00a0HIGH OUTPUT\u2122 8.0 Ah akkumul\u00e1tor 1 db M12 B4\u00a0&#8211;\u00a0M12\u2122\u00a04.0 Ah akkumul\u00e1tor 1 db M12-18 FC &#8211; M12\u2122\u00a0&#8211;\u00a0M18\u2122\u00a0gyorst\u00f6lt\u0151","og_url":"https:\/\/www.eurosmart.hu\/shop\/index.php\/termek\/milwaukee-hnrg-802-akku-es-tolto-szett-2x80ah-18v-1x40ah-12v-4933471073\/","og_site_name":"Eurosmart - Milwaukee web\u00e1ruh\u00e1z","article_publisher":"https:\/\/www.facebook.com\/EurosmartKft","article_modified_time":"2023-12-05T13:19:44+00:00","og_image":[{"width":1000,"height":1000,"url":"https:\/\/www.eurosmart.hu\/shop\/wp-content\/uploads\/2023\/12\/4933471073.webp","type":"image\/webp"}],"twitter_card":"summary_large_image","twitter_misc":{"Price":"","Availability":"On backorder"},"schema":{"@context":"https:\/\/schema.org","@graph":[{"@type":"WebPage","@id":"https:\/\/www.eurosmart.hu\/shop\/index.php\/termek\/milwaukee-hnrg-802-akku-es-tolto-szett-2x80ah-18v-1x40ah-12v-4933471073\/","url":"https:\/\/www.eurosmart.hu\/shop\/index.php\/termek\/milwaukee-hnrg-802-akku-es-tolto-szett-2x80ah-18v-1x40ah-12v-4933471073\/","name":"MILWAUKEE HNRG-802 AKKU \u00c9S T\u00d6LT\u0150 SZETT 2X8,0AH 18V + 1X4,0AH 12V (4933471073) - Eurosmart - Milwaukee web\u00e1ruh\u00e1z","isPartOf":{"@id":"https:\/\/www.eurosmart.hu\/shop\/#website"},"datePublished":"2023-12-05T13:19:43+00:00","dateModified":"2023-12-05T13:19:44+00:00","breadcrumb":{"@id":"https:\/\/www.eurosmart.hu\/shop\/index.php\/termek\/milwaukee-hnrg-802-akku-es-tolto-szett-2x80ah-18v-1x40ah-12v-4933471073\/#breadcrumb"},"inLanguage":"hu","potentialAction":[{"@type":"ReadAction","target":["https:\/\/www.eurosmart.hu\/shop\/index.php\/termek\/milwaukee-hnrg-802-akku-es-tolto-szett-2x80ah-18v-1x40ah-12v-4933471073\/"]}]},{"@type":"BreadcrumbList","@id":"https:\/\/www.eurosmart.hu\/shop\/index.php\/termek\/milwaukee-hnrg-802-akku-es-tolto-szett-2x80ah-18v-1x40ah-12v-4933471073\/#breadcrumb","itemListElement":[{"@type":"ListItem","position":1,"name":"Kezd\u0151lap","item":"https:\/\/www.eurosmart.hu\/shop\/"},{"@type":"ListItem","position":2,"name":"Term\u00e9keink","item":"https:\/\/www.eurosmart.hu\/shop\/index.php\/uzlet\/"},{"@type":"ListItem","position":3,"name":"MILWAUKEE HNRG-802 AKKU \u00c9S T\u00d6LT\u0150 SZETT 2X8,0AH 18V + 1X4,0AH 12V (4933471073)"}]},{"@type":"WebSite","@id":"https:\/\/www.eurosmart.hu\/shop\/#website","url":"https:\/\/www.eurosmart.hu\/shop\/","name":"Eurosmart - Milwaukee web\u00e1ruh\u00e1z","description":"Milwaukee web\u00e1ruh\u00e1z","publisher":{"@id":"https:\/\/www.eurosmart.hu\/shop\/#organization"},"potentialAction":[{"@type":"SearchAction","target":{"@type":"EntryPoint","urlTemplate":"https:\/\/www.eurosmart.hu\/shop\/?s={search_term_string}"},"query-input":"required name=search_term_string"}],"inLanguage":"hu"},{"@type":"Organization","@id":"https:\/\/www.eurosmart.hu\/shop\/#organization","name":"Eurosmart - Milwaukee web\u00e1ruh\u00e1z","url":"https:\/\/www.eurosmart.hu\/shop\/","logo":{"@type":"ImageObject","inLanguage":"hu","@id":"https:\/\/www.eurosmart.hu\/shop\/#\/schema\/logo\/image\/","url":"https:\/\/www.eurosmart.hu\/shop\/wp-content\/uploads\/2023\/10\/milwaukee-logo-1.png","contentUrl":"https:\/\/www.eurosmart.hu\/shop\/wp-content\/uploads\/2023\/10\/milwaukee-logo-1.png","width":500,"height":200,"caption":"Eurosmart - Milwaukee web\u00e1ruh\u00e1z"},"image":{"@id":"https:\/\/www.eurosmart.hu\/shop\/#\/schema\/logo\/image\/"},"sameAs":["https:\/\/www.facebook.com\/EurosmartKft"]}]},"product_price_currency":"HUF","og_availability":"backorder","product_availability":"available for order","product_retailer_item_id":"4933471073","product_condition":"new"},"_links":{"self":[{"href":"https:\/\/www.eurosmart.hu\/shop\/index.php\/wp-json\/wp\/v2\/product\/4085","targetHints":{"allow":["GET"]}}],"collection":[{"href":"https:\/\/www.eurosmart.hu\/shop\/index.php\/wp-json\/wp\/v2\/product"}],"about":[{"href":"https:\/\/www.eurosmart.hu\/shop\/index.php\/wp-json\/wp\/v2\/types\/product"}],"wp:featuredmedia":[{"embeddable":true,"href":"https:\/\/www.eurosmart.hu\/shop\/index.php\/wp-json\/wp\/v2\/media\/4086"}],"wp:attachment":[{"href":"https:\/\/www.eurosmart.hu\/shop\/index.php\/wp-json\/wp\/v2\/media?parent=4085"}],"wp:term":[{"taxonomy":"product_cat","embeddable":true,"href":"https:\/\/www.eurosmart.hu\/shop\/index.php\/wp-json\/wp\/v2\/product_cat?post=4085"},{"taxonomy":"product_tag","embeddable":true,"href":"https:\/\/www.eurosmart.hu\/shop\/index.php\/wp-json\/wp\/v2\/product_tag?post=4085"}],"curies":[{"name":"wp","href":"https:\/\/api.w.org\/{rel}","templated":true}]}}