{"id":4045,"date":"2023-12-04T10:13:31","date_gmt":"2023-12-04T10:13:31","guid":{"rendered":"https:\/\/www.eurosmart.hu\/shop\/?post_type=product&#038;p=4045"},"modified":"2023-12-04T10:16:06","modified_gmt":"2023-12-04T10:16:06","slug":"milwaukee-m12-hb2-5-m12-akkumulator-12v-25ah-4932480164","status":"publish","type":"product","link":"https:\/\/www.eurosmart.hu\/shop\/index.php\/termek\/milwaukee-m12-hb2-5-m12-akkumulator-12v-25ah-4932480164\/","title":{"rendered":"MILWAUKEE M12 HB2.5 M12\u2122 AKKUMUL\u00c1TOR 12V 2,5AH (4932480164)"},"content":{"rendered":"<h5>Tulajdons\u00e1gok:<\/h5>\n<ul class=\"ProductFeaturesTextstyles__FeatureList-fxqvf2-1 dUrrwH\">\n<li class=\"ProductFeaturesTextstyles__Feature-fxqvf2-3 ggyeUS\">Az \u00faj\u00a0<a href=\"https:\/\/hu.milwaukeetool.eu\/systems\/m12\/\">M12\u2122<\/a>\u00a05.0 Ah HIGH OUTPUT\u2122 akkumul\u00e1tor 25%-kal hosszabb m\u0171k\u00f6d\u00e9si id\u0151t, nagyobb teljes\u00edtm\u00e9nyt biztos\u00edt \u00e9s alacsonyabb h\u0151m\u00e9rs\u00e9kleten m\u0171k\u00f6dik, mint az\u00a0<a href=\"https:\/\/hu.milwaukeetool.eu\/hu-hu\/m12-4,0-ah-akkumulator\/m12-b4\/\">M12 B4<\/a>\u00a0REDLITHIUM\u2122 akkumul\u00e1tor<\/li>\n<li class=\"ProductFeaturesTextstyles__Feature-fxqvf2-3 ggyeUS\">Ak\u00e1r 25%-kal alacsonyabb h\u0151m\u00e9rs\u00e9kleten m\u0171k\u00f6dik, mint a t\u00f6bbi\u00a0<a href=\"https:\/\/hu.milwaukeetool.eu\/systems\/m12\/redlithium-ion\/\">M12\u2122 REDLITHIUM\u2122<\/a>\u00a0akkumul\u00e1tor, neh\u00e9z alkalmaz\u00e1sok eset\u00e9n<\/li>\n<li class=\"ProductFeaturesTextstyles__Feature-fxqvf2-3 ggyeUS\">REDLINK\u2122 intelligens elektronika<\/li>\n<li class=\"ProductFeaturesTextstyles__Feature-fxqvf2-3 ggyeUS\">T\u00falterehel\u00e9s v\u00e9delmi rendszer &#8211; megv\u00e9di a g\u00e9pet az esetlegesen el\u0151fordul\u00f3 k\u00e1rosod\u00e1sokt\u00f3l<\/li>\n<li class=\"ProductFeaturesTextstyles__Feature-fxqvf2-3 ggyeUS\">A h\u0151m\u00e9rs\u00e9klet-szab\u00e1lyoz\u00f3 rendszer ide\u00e1lis h\u0151m\u00e9rs\u00e9kleti tartom\u00e1nyban tartja az akkumul\u00e1tort a maxim\u00e1lis \u00e9lettartam \u00e9rdek\u00e9ben<\/li>\n<li class=\"ProductFeaturesTextstyles__Feature-fxqvf2-3 ggyeUS\">Egyedi cellafigyel\u0151 rendszer optimaliz\u00e1lja a m\u0171k\u00f6d\u00e9si id\u0151t \u00e9s biztos\u00edtja az akkumul\u00e1tor hossz\u00fa \u00e9lettartam\u00e1t<\/li>\n<li class=\"ProductFeaturesTextstyles__Feature-fxqvf2-3 ggyeUS\">A kis\u00fcl\u00e9s elleni v\u00e9delem megakad\u00e1lyozza a t\u00falzott kis\u00fcl\u00e9s okozta cellak\u00e1rosod\u00e1st<\/li>\n<li class=\"ProductFeaturesTextstyles__Feature-fxqvf2-3 ggyeUS\">*A t\u00f6bbi l\u00edtium-ion technol\u00f3gi\u00e1hoz \u00e9s\/vagy a kor\u00e1bbi MILWAUKEE\u00ae akkumul\u00e1tortechnol\u00f3gi\u00e1hoz k\u00e9pest. Az eredm\u00e9nyek a fesz\u00fclts\u00e9gt\u0151l, a szersz\u00e1mt\u00f3l \u00e9s az alkalmaz\u00e1st\u00f3l f\u00fcggenek<\/li>\n<li class=\"ProductFeaturesTextstyles__Feature-fxqvf2-3 ggyeUS\">Be\u00e9p\u00edtett hegesztett keretes akkumul\u00e1torszerkezet \u00fct\u00e9sekre reag\u00e1l\u00f3 elv\u00e1laszt\u00f3kkal, amelyek megakad\u00e1lyozz\u00e1k a t\u00falzott vibr\u00e1ci\u00f3 vagy leejt\u00e9s miatti meghib\u00e1sod\u00e1st<\/li>\n<li class=\"ProductFeaturesTextstyles__Feature-fxqvf2-3 ggyeUS\">Haszn\u00e1lhat\u00f3 sz\u00e9ls\u0151s\u00e9ges h\u0151m\u00e9rs\u00e9kleten, eg\u00e9szen -20\u00b0C-ig an\u00e9lk\u00fcl, hogy az \u00fczemid\u0151t \u00e9s az akkumul\u00e1tor \u00e9lettartam\u00e1t vesz\u00e9lyeztetn\u00e9<\/li>\n<li class=\"ProductFeaturesTextstyles__Feature-fxqvf2-3 ggyeUS\">Kis\u00fcl\u00e9s elleni v\u00e9delem &#8211; megv\u00e9di a cell\u00e1t a t\u00falkis\u00fcl\u00e9s okozta k\u00e1rosod\u00e1st\u00f3l<\/li>\n<li class=\"ProductFeaturesTextstyles__Feature-fxqvf2-3 ggyeUS\">A tov\u00e1bbfejlesztett h\u00e1z ellen\u00e1ll az olajoknak, old\u00f3szereknek \u00e9s zs\u00edroknak<\/li>\n<\/ul>\n<h5>M\u0171szaki adatok:<\/h5>\n<ul>\n<li>T\u00edpus: Li-ion 12V<\/li>\n<li>Kapacit\u00e1s (Ah): 2.5<\/li>\n<li>S\u00faly (kg): 0,2<\/li>\n<\/ul>\n","protected":false},"excerpt":{"rendered":"<p><strong>A k\u00e9szlet tartalma:<\/strong> 1 db M12 HB2.5 akkumul\u00e1tor<\/p>\n","protected":false},"featured_media":4046,"template":"","meta":[],"product_cat":[166,165,231,59,228,89],"product_tag":[],"class_list":["post-4045","product","type-product","status-publish","has-post-thumbnail","hentry","product_cat-akkumulatorok-es-toltok-akkumulatoros-gepek","product_cat-akkumulatoros-gepek","product_cat-m12-rendszer","product_cat-milwaukee","product_cat-rendszer","product_cat-termekek"],"yoast_head":"<!-- This site is optimized with the Yoast SEO Premium plugin v21.3 (Yoast SEO v21.3) - https:\/\/yoast.com\/wordpress\/plugins\/seo\/ -->\n<title>MILWAUKEE M12 HB2.5 M12\u2122 AKKUMUL\u00c1TOR 12V 2,5AH (4932480164) - Eurosmart - Milwaukee web\u00e1ruh\u00e1z<\/title>\n<meta name=\"robots\" content=\"index, follow, max-snippet:-1, max-image-preview:large, max-video-preview:-1\" \/>\n<link rel=\"canonical\" href=\"https:\/\/www.eurosmart.hu\/shop\/index.php\/termek\/milwaukee-m12-hb2-5-m12-akkumulator-12v-25ah-4932480164\/\" \/>\n<meta property=\"og:locale\" content=\"hu_HU\" \/>\n<meta property=\"og:type\" content=\"article\" \/>\n<meta property=\"og:title\" content=\"MILWAUKEE M12 HB2.5 M12\u2122 AKKUMUL\u00c1TOR 12V 2,5AH (4932480164)\" \/>\n<meta property=\"og:description\" content=\"A k\u00e9szlet tartalma: 1 db M12 HB2.5 akkumul\u00e1tor\" \/>\n<meta property=\"og:url\" content=\"https:\/\/www.eurosmart.hu\/shop\/index.php\/termek\/milwaukee-m12-hb2-5-m12-akkumulator-12v-25ah-4932480164\/\" \/>\n<meta property=\"og:site_name\" content=\"Eurosmart - Milwaukee web\u00e1ruh\u00e1z\" \/>\n<meta property=\"article:publisher\" content=\"https:\/\/www.facebook.com\/EurosmartKft\" \/>\n<meta property=\"article:modified_time\" content=\"2023-12-04T10:16:06+00:00\" \/>\n<meta property=\"og:image\" content=\"https:\/\/www.eurosmart.hu\/shop\/wp-content\/uploads\/2023\/12\/4932480164.webp\" \/>\n\t<meta property=\"og:image:width\" content=\"1000\" \/>\n\t<meta property=\"og:image:height\" content=\"1000\" \/>\n\t<meta property=\"og:image:type\" content=\"image\/webp\" \/>\n<meta name=\"twitter:card\" content=\"summary_large_image\" \/>\n<meta name=\"twitter:label1\" content=\"Price\" \/>\n\t<meta name=\"twitter:data1\" content=\"\" \/>\n\t<meta name=\"twitter:label2\" content=\"Availability\" \/>\n\t<meta name=\"twitter:data2\" content=\"On backorder\" \/>\n<script type=\"application\/ld+json\" class=\"yoast-schema-graph\">{\"@context\":\"https:\/\/schema.org\",\"@graph\":[{\"@type\":\"WebPage\",\"@id\":\"https:\/\/www.eurosmart.hu\/shop\/index.php\/termek\/milwaukee-m12-hb2-5-m12-akkumulator-12v-25ah-4932480164\/\",\"url\":\"https:\/\/www.eurosmart.hu\/shop\/index.php\/termek\/milwaukee-m12-hb2-5-m12-akkumulator-12v-25ah-4932480164\/\",\"name\":\"MILWAUKEE M12 HB2.5 M12\u2122 AKKUMUL\u00c1TOR 12V 2,5AH (4932480164) - Eurosmart - Milwaukee web\u00e1ruh\u00e1z\",\"isPartOf\":{\"@id\":\"https:\/\/www.eurosmart.hu\/shop\/#website\"},\"datePublished\":\"2023-12-04T10:13:31+00:00\",\"dateModified\":\"2023-12-04T10:16:06+00:00\",\"breadcrumb\":{\"@id\":\"https:\/\/www.eurosmart.hu\/shop\/index.php\/termek\/milwaukee-m12-hb2-5-m12-akkumulator-12v-25ah-4932480164\/#breadcrumb\"},\"inLanguage\":\"hu\",\"potentialAction\":[{\"@type\":\"ReadAction\",\"target\":[\"https:\/\/www.eurosmart.hu\/shop\/index.php\/termek\/milwaukee-m12-hb2-5-m12-akkumulator-12v-25ah-4932480164\/\"]}]},{\"@type\":\"BreadcrumbList\",\"@id\":\"https:\/\/www.eurosmart.hu\/shop\/index.php\/termek\/milwaukee-m12-hb2-5-m12-akkumulator-12v-25ah-4932480164\/#breadcrumb\",\"itemListElement\":[{\"@type\":\"ListItem\",\"position\":1,\"name\":\"Kezd\u0151lap\",\"item\":\"https:\/\/www.eurosmart.hu\/shop\/\"},{\"@type\":\"ListItem\",\"position\":2,\"name\":\"Term\u00e9keink\",\"item\":\"https:\/\/www.eurosmart.hu\/shop\/index.php\/uzlet\/\"},{\"@type\":\"ListItem\",\"position\":3,\"name\":\"MILWAUKEE M12 HB2.5 M12\u2122 AKKUMUL\u00c1TOR 12V 2,5AH (4932480164)\"}]},{\"@type\":\"WebSite\",\"@id\":\"https:\/\/www.eurosmart.hu\/shop\/#website\",\"url\":\"https:\/\/www.eurosmart.hu\/shop\/\",\"name\":\"Eurosmart - Milwaukee web\u00e1ruh\u00e1z\",\"description\":\"Milwaukee web\u00e1ruh\u00e1z\",\"publisher\":{\"@id\":\"https:\/\/www.eurosmart.hu\/shop\/#organization\"},\"potentialAction\":[{\"@type\":\"SearchAction\",\"target\":{\"@type\":\"EntryPoint\",\"urlTemplate\":\"https:\/\/www.eurosmart.hu\/shop\/?s={search_term_string}\"},\"query-input\":\"required name=search_term_string\"}],\"inLanguage\":\"hu\"},{\"@type\":\"Organization\",\"@id\":\"https:\/\/www.eurosmart.hu\/shop\/#organization\",\"name\":\"Eurosmart - Milwaukee web\u00e1ruh\u00e1z\",\"url\":\"https:\/\/www.eurosmart.hu\/shop\/\",\"logo\":{\"@type\":\"ImageObject\",\"inLanguage\":\"hu\",\"@id\":\"https:\/\/www.eurosmart.hu\/shop\/#\/schema\/logo\/image\/\",\"url\":\"https:\/\/www.eurosmart.hu\/shop\/wp-content\/uploads\/2023\/10\/milwaukee-logo-1.png\",\"contentUrl\":\"https:\/\/www.eurosmart.hu\/shop\/wp-content\/uploads\/2023\/10\/milwaukee-logo-1.png\",\"width\":500,\"height\":200,\"caption\":\"Eurosmart - Milwaukee web\u00e1ruh\u00e1z\"},\"image\":{\"@id\":\"https:\/\/www.eurosmart.hu\/shop\/#\/schema\/logo\/image\/\"},\"sameAs\":[\"https:\/\/www.facebook.com\/EurosmartKft\"]}]}<\/script>\n<meta property=\"product:price:amount\" content=\"0\" \/>\n<meta property=\"product:price:currency\" content=\"HUF\" \/>\n<meta property=\"og:availability\" content=\"backorder\" \/>\n<meta property=\"product:availability\" content=\"available for order\" \/>\n<meta property=\"product:retailer_item_id\" content=\"4932480164\" \/>\n<meta property=\"product:condition\" content=\"new\" \/>\n<!-- \/ Yoast SEO Premium plugin. -->","yoast_head_json":{"title":"MILWAUKEE M12 HB2.5 M12\u2122 AKKUMUL\u00c1TOR 12V 2,5AH (4932480164) - Eurosmart - Milwaukee web\u00e1ruh\u00e1z","robots":{"index":"index","follow":"follow","max-snippet":"max-snippet:-1","max-image-preview":"max-image-preview:large","max-video-preview":"max-video-preview:-1"},"canonical":"https:\/\/www.eurosmart.hu\/shop\/index.php\/termek\/milwaukee-m12-hb2-5-m12-akkumulator-12v-25ah-4932480164\/","og_locale":"hu_HU","og_type":"article","og_title":"MILWAUKEE M12 HB2.5 M12\u2122 AKKUMUL\u00c1TOR 12V 2,5AH (4932480164)","og_description":"A k\u00e9szlet tartalma: 1 db M12 HB2.5 akkumul\u00e1tor","og_url":"https:\/\/www.eurosmart.hu\/shop\/index.php\/termek\/milwaukee-m12-hb2-5-m12-akkumulator-12v-25ah-4932480164\/","og_site_name":"Eurosmart - Milwaukee web\u00e1ruh\u00e1z","article_publisher":"https:\/\/www.facebook.com\/EurosmartKft","article_modified_time":"2023-12-04T10:16:06+00:00","og_image":[{"width":1000,"height":1000,"url":"https:\/\/www.eurosmart.hu\/shop\/wp-content\/uploads\/2023\/12\/4932480164.webp","type":"image\/webp"}],"twitter_card":"summary_large_image","twitter_misc":{"Price":"","Availability":"On backorder"},"schema":{"@context":"https:\/\/schema.org","@graph":[{"@type":"WebPage","@id":"https:\/\/www.eurosmart.hu\/shop\/index.php\/termek\/milwaukee-m12-hb2-5-m12-akkumulator-12v-25ah-4932480164\/","url":"https:\/\/www.eurosmart.hu\/shop\/index.php\/termek\/milwaukee-m12-hb2-5-m12-akkumulator-12v-25ah-4932480164\/","name":"MILWAUKEE M12 HB2.5 M12\u2122 AKKUMUL\u00c1TOR 12V 2,5AH (4932480164) - Eurosmart - Milwaukee web\u00e1ruh\u00e1z","isPartOf":{"@id":"https:\/\/www.eurosmart.hu\/shop\/#website"},"datePublished":"2023-12-04T10:13:31+00:00","dateModified":"2023-12-04T10:16:06+00:00","breadcrumb":{"@id":"https:\/\/www.eurosmart.hu\/shop\/index.php\/termek\/milwaukee-m12-hb2-5-m12-akkumulator-12v-25ah-4932480164\/#breadcrumb"},"inLanguage":"hu","potentialAction":[{"@type":"ReadAction","target":["https:\/\/www.eurosmart.hu\/shop\/index.php\/termek\/milwaukee-m12-hb2-5-m12-akkumulator-12v-25ah-4932480164\/"]}]},{"@type":"BreadcrumbList","@id":"https:\/\/www.eurosmart.hu\/shop\/index.php\/termek\/milwaukee-m12-hb2-5-m12-akkumulator-12v-25ah-4932480164\/#breadcrumb","itemListElement":[{"@type":"ListItem","position":1,"name":"Kezd\u0151lap","item":"https:\/\/www.eurosmart.hu\/shop\/"},{"@type":"ListItem","position":2,"name":"Term\u00e9keink","item":"https:\/\/www.eurosmart.hu\/shop\/index.php\/uzlet\/"},{"@type":"ListItem","position":3,"name":"MILWAUKEE M12 HB2.5 M12\u2122 AKKUMUL\u00c1TOR 12V 2,5AH (4932480164)"}]},{"@type":"WebSite","@id":"https:\/\/www.eurosmart.hu\/shop\/#website","url":"https:\/\/www.eurosmart.hu\/shop\/","name":"Eurosmart - Milwaukee web\u00e1ruh\u00e1z","description":"Milwaukee web\u00e1ruh\u00e1z","publisher":{"@id":"https:\/\/www.eurosmart.hu\/shop\/#organization"},"potentialAction":[{"@type":"SearchAction","target":{"@type":"EntryPoint","urlTemplate":"https:\/\/www.eurosmart.hu\/shop\/?s={search_term_string}"},"query-input":"required name=search_term_string"}],"inLanguage":"hu"},{"@type":"Organization","@id":"https:\/\/www.eurosmart.hu\/shop\/#organization","name":"Eurosmart - Milwaukee web\u00e1ruh\u00e1z","url":"https:\/\/www.eurosmart.hu\/shop\/","logo":{"@type":"ImageObject","inLanguage":"hu","@id":"https:\/\/www.eurosmart.hu\/shop\/#\/schema\/logo\/image\/","url":"https:\/\/www.eurosmart.hu\/shop\/wp-content\/uploads\/2023\/10\/milwaukee-logo-1.png","contentUrl":"https:\/\/www.eurosmart.hu\/shop\/wp-content\/uploads\/2023\/10\/milwaukee-logo-1.png","width":500,"height":200,"caption":"Eurosmart - Milwaukee web\u00e1ruh\u00e1z"},"image":{"@id":"https:\/\/www.eurosmart.hu\/shop\/#\/schema\/logo\/image\/"},"sameAs":["https:\/\/www.facebook.com\/EurosmartKft"]}]},"product_price_currency":"HUF","og_availability":"backorder","product_availability":"available for order","product_retailer_item_id":"4932480164","product_condition":"new"},"_links":{"self":[{"href":"https:\/\/www.eurosmart.hu\/shop\/index.php\/wp-json\/wp\/v2\/product\/4045","targetHints":{"allow":["GET"]}}],"collection":[{"href":"https:\/\/www.eurosmart.hu\/shop\/index.php\/wp-json\/wp\/v2\/product"}],"about":[{"href":"https:\/\/www.eurosmart.hu\/shop\/index.php\/wp-json\/wp\/v2\/types\/product"}],"wp:featuredmedia":[{"embeddable":true,"href":"https:\/\/www.eurosmart.hu\/shop\/index.php\/wp-json\/wp\/v2\/media\/4046"}],"wp:attachment":[{"href":"https:\/\/www.eurosmart.hu\/shop\/index.php\/wp-json\/wp\/v2\/media?parent=4045"}],"wp:term":[{"taxonomy":"product_cat","embeddable":true,"href":"https:\/\/www.eurosmart.hu\/shop\/index.php\/wp-json\/wp\/v2\/product_cat?post=4045"},{"taxonomy":"product_tag","embeddable":true,"href":"https:\/\/www.eurosmart.hu\/shop\/index.php\/wp-json\/wp\/v2\/product_tag?post=4045"}],"curies":[{"name":"wp","href":"https:\/\/api.w.org\/{rel}","templated":true}]}}