{"id":3989,"date":"2023-10-24T13:01:46","date_gmt":"2023-10-24T13:01:46","guid":{"rendered":"https:\/\/www.eurosmart.hu\/shop\/?post_type=product&#038;p=3989"},"modified":"2024-02-16T09:24:59","modified_gmt":"2024-02-16T09:24:59","slug":"milwaukee-l4-fmled-301-usb-ujratoltheto-800l-rogzitett-zseblampa-4933479770","status":"publish","type":"product","link":"https:\/\/www.eurosmart.hu\/shop\/index.php\/termek\/milwaukee-l4-fmled-301-usb-ujratoltheto-800l-rogzitett-zseblampa-4933479770\/","title":{"rendered":"MILWAUKEE L4 FMLED-301 USB \u00daJRAT\u00d6LTHET\u0150 R\u00d6GZ\u00cdTETT ZSEBL\u00c1MPA SZETT (800 LUMEN) (4933479770)"},"content":{"rendered":"<h5>Tulajdons\u00e1gok:<\/h5>\n<ul class=\"ProductFeaturesTextstyles__FeatureList-fxqvf2-1 dUrrwH\">\n<li class=\"ProductFeaturesTextstyles__Feature-fxqvf2-3 ggyeUS\">800 lumenes TRUEVIEW\u2122 nagy teljes\u00edtm\u00e9ny\u0171 vil\u00e1g\u00edt\u00e1s ak\u00e1r 150 m sug\u00e1rnyal\u00e1b t\u00e1vols\u00e1gig<\/li>\n<li class=\"ProductFeaturesTextstyles__Feature-fxqvf2-3 ggyeUS\">K\u00e9tf\u00e9le f\u00e9nysug\u00e1r \u00e9s egy tov\u00e1bbi f\u00e9nysug\u00e1r, amelyet egy speci\u00e1lis reflektor bocs\u00e1t ki az optim\u00e1lis megvil\u00e1g\u00edt\u00e1s \u00e9rdek\u00e9ben, m\u00e9g a megvil\u00e1g\u00edtott t\u00e1rgy k\u00f6zvetlen k\u00f6zel\u00e9ben is<\/li>\n<li class=\"ProductFeaturesTextstyles__Feature-fxqvf2-3 ggyeUS\">IP67 besorol\u00e1s &#8211; v\u00e9delmet ny\u00fajt ha max. 2 m m\u00e9lys\u00e9gig v\u00edzbe mer\u00fcl \u00e9s por ellen<\/li>\n<li class=\"ProductFeaturesTextstyles__Feature-fxqvf2-3 ggyeUS\">Pillanatnyi \u00e9s \u00e1lland\u00f3 vil\u00e1g\u00edt\u00e1s kapcsol\u00f3 gomb<\/li>\n<li class=\"ProductFeaturesTextstyles__Feature-fxqvf2-3 ggyeUS\">Elt\u00e1vol\u00edthat\u00f3 kapocs biztons\u00e1gi r\u00f6gz\u00edt\u00e9shez<\/li>\n<li class=\"ProductFeaturesTextstyles__Feature-fxqvf2-3 ggyeUS\">Biztons\u00e1gi villog\u00f3 funkci\u00f3 t\u00e1j\u00e9koztatja a v\u00e9gfelhaszn\u00e1l\u00f3t az akkumul\u00e1tor lemer\u00fcl\u00e9s\u00e9r\u0151l<\/li>\n<li class=\"ProductFeaturesTextstyles__Feature-fxqvf2-3 ggyeUS\">A\u00a0<a href=\"https:\/\/hu.milwaukeetool.eu\/systems\/redlithium-usb\/\">REDLITHIUM\u2122 USB<\/a>\u00a0akkumul\u00e1tor k\u00e9nyelmesen felt\u00f6lthet\u0151 micro-USB k\u00e1bellel, tov\u00e1bb\u00e1 USB \u00e1ramforr\u00e1sba vagy h\u00e1l\u00f3zati aljzatba csatlakoztathat\u00f3 (a fali csatlakoz\u00f3 nem k\u00e9pezi a k\u00e9szlet r\u00e9sz\u00e9t)<\/li>\n<li class=\"ProductFeaturesTextstyles__Feature-fxqvf2-3 ggyeUS\">Munkahelyi massz\u00edv mikro-USB sodrott k\u00e1bel f\u00e9mv\u00e9gekkel<\/li>\n<li class=\"ProductFeaturesTextstyles__Feature-fxqvf2-3 ggyeUS\">USB k\u00e1belt tartalmaz<\/li>\n<\/ul>\n<h5>M\u0171szaki adatok:<\/h5>\n<ul>\n<li>T\u00edpus: USB akkumul\u00e1toros, Li-ion 4V<\/li>\n<li>IP OSZT\u00c1LY: IP67<\/li>\n<li>LENCSE K HAT\u00d3T\u00c1VOLS\u00c1GA (M): 175<\/li>\n<li>MAX F\u00c9NY\u00c1RAM (LUMENS): 800\/ -\/100\/ &#8211;<\/li>\n<li>MAX. M\u0170K\u00d6D\u00c9SI ID\u0150 (\u00d3RA): 2.5\/ -\/ 10\/-<\/li>\n<li>S\u00daLY AKKUMUL\u00c1TORRAL (KG): 0.2<\/li>\n<\/ul>\n","protected":false},"excerpt":{"rendered":"<p><strong>A k\u00e9szlet tartalma:<\/strong><\/p>\n<ul>\n<li>1 db L4 FMLED USB \u00daJRAT\u00d6LTHET\u0150 R\u00d6GZ\u00cdTETT ZSEBL\u00c1MPA<\/li>\n<li>1 db L4 B3 3.0 Ah USB akkumul\u00e1tor<\/li>\n<li>1 db USB k\u00e1bel<\/li>\n<\/ul>\n","protected":false},"featured_media":3990,"template":"","meta":[],"product_cat":[165,59,193,89,192],"product_tag":[],"class_list":["post-3989","product","type-product","status-publish","has-post-thumbnail","hentry","product_cat-akkumulatoros-gepek","product_cat-milwaukee","product_cat-szemelyes-vilagitas","product_cat-termekek","product_cat-vilagitas-termekek"],"yoast_head":"<!-- This site is optimized with the Yoast SEO Premium plugin v21.3 (Yoast SEO v21.3) - https:\/\/yoast.com\/wordpress\/plugins\/seo\/ -->\n<title>MILWAUKEE L4 FMLED-301 USB \u00daJRAT\u00d6LTHET\u0150 R\u00d6GZ\u00cdTETT ZSEBL\u00c1MPA SZETT (800 LUMEN) (4933479770) - Eurosmart - Milwaukee web\u00e1ruh\u00e1z<\/title>\n<meta name=\"robots\" content=\"index, follow, max-snippet:-1, max-image-preview:large, max-video-preview:-1\" \/>\n<link rel=\"canonical\" href=\"https:\/\/www.eurosmart.hu\/shop\/index.php\/termek\/milwaukee-l4-fmled-301-usb-ujratoltheto-800l-rogzitett-zseblampa-4933479770\/\" \/>\n<meta property=\"og:locale\" content=\"hu_HU\" \/>\n<meta property=\"og:type\" content=\"article\" \/>\n<meta property=\"og:title\" content=\"MILWAUKEE L4 FMLED-301 USB \u00daJRAT\u00d6LTHET\u0150 R\u00d6GZ\u00cdTETT ZSEBL\u00c1MPA SZETT (800 LUMEN) (4933479770)\" \/>\n<meta property=\"og:description\" content=\"A k\u00e9szlet tartalma:   1 db L4 FMLED USB \u00daJRAT\u00d6LTHET\u0150 R\u00d6GZ\u00cdTETT ZSEBL\u00c1MPA  1 db L4 B3 3.0 Ah USB akkumul\u00e1tor  1 db USB k\u00e1bel\" \/>\n<meta property=\"og:url\" content=\"https:\/\/www.eurosmart.hu\/shop\/index.php\/termek\/milwaukee-l4-fmled-301-usb-ujratoltheto-800l-rogzitett-zseblampa-4933479770\/\" \/>\n<meta property=\"og:site_name\" content=\"Eurosmart - Milwaukee web\u00e1ruh\u00e1z\" \/>\n<meta property=\"article:publisher\" content=\"https:\/\/www.facebook.com\/EurosmartKft\" \/>\n<meta property=\"article:modified_time\" content=\"2024-02-16T09:24:59+00:00\" \/>\n<meta property=\"og:image\" content=\"https:\/\/www.eurosmart.hu\/shop\/wp-content\/uploads\/2023\/10\/4933479770.jpg\" \/>\n\t<meta property=\"og:image:width\" content=\"1000\" \/>\n\t<meta property=\"og:image:height\" content=\"1000\" \/>\n\t<meta property=\"og:image:type\" content=\"image\/jpeg\" \/>\n<meta name=\"twitter:card\" content=\"summary_large_image\" \/>\n<meta name=\"twitter:label1\" content=\"Price\" \/>\n\t<meta name=\"twitter:data1\" content=\"\" \/>\n\t<meta name=\"twitter:label2\" content=\"Availability\" \/>\n\t<meta name=\"twitter:data2\" content=\"On backorder\" \/>\n<script type=\"application\/ld+json\" class=\"yoast-schema-graph\">{\"@context\":\"https:\/\/schema.org\",\"@graph\":[{\"@type\":\"WebPage\",\"@id\":\"https:\/\/www.eurosmart.hu\/shop\/index.php\/termek\/milwaukee-l4-fmled-301-usb-ujratoltheto-800l-rogzitett-zseblampa-4933479770\/\",\"url\":\"https:\/\/www.eurosmart.hu\/shop\/index.php\/termek\/milwaukee-l4-fmled-301-usb-ujratoltheto-800l-rogzitett-zseblampa-4933479770\/\",\"name\":\"MILWAUKEE L4 FMLED-301 USB \u00daJRAT\u00d6LTHET\u0150 R\u00d6GZ\u00cdTETT ZSEBL\u00c1MPA SZETT (800 LUMEN) (4933479770) - Eurosmart - Milwaukee web\u00e1ruh\u00e1z\",\"isPartOf\":{\"@id\":\"https:\/\/www.eurosmart.hu\/shop\/#website\"},\"datePublished\":\"2023-10-24T13:01:46+00:00\",\"dateModified\":\"2024-02-16T09:24:59+00:00\",\"breadcrumb\":{\"@id\":\"https:\/\/www.eurosmart.hu\/shop\/index.php\/termek\/milwaukee-l4-fmled-301-usb-ujratoltheto-800l-rogzitett-zseblampa-4933479770\/#breadcrumb\"},\"inLanguage\":\"hu\",\"potentialAction\":[{\"@type\":\"ReadAction\",\"target\":[\"https:\/\/www.eurosmart.hu\/shop\/index.php\/termek\/milwaukee-l4-fmled-301-usb-ujratoltheto-800l-rogzitett-zseblampa-4933479770\/\"]}]},{\"@type\":\"BreadcrumbList\",\"@id\":\"https:\/\/www.eurosmart.hu\/shop\/index.php\/termek\/milwaukee-l4-fmled-301-usb-ujratoltheto-800l-rogzitett-zseblampa-4933479770\/#breadcrumb\",\"itemListElement\":[{\"@type\":\"ListItem\",\"position\":1,\"name\":\"Kezd\u0151lap\",\"item\":\"https:\/\/www.eurosmart.hu\/shop\/\"},{\"@type\":\"ListItem\",\"position\":2,\"name\":\"Term\u00e9keink\",\"item\":\"https:\/\/www.eurosmart.hu\/shop\/index.php\/uzlet\/\"},{\"@type\":\"ListItem\",\"position\":3,\"name\":\"MILWAUKEE L4 FMLED-301 USB \u00daJRAT\u00d6LTHET\u0150 R\u00d6GZ\u00cdTETT ZSEBL\u00c1MPA SZETT (800 LUMEN) (4933479770)\"}]},{\"@type\":\"WebSite\",\"@id\":\"https:\/\/www.eurosmart.hu\/shop\/#website\",\"url\":\"https:\/\/www.eurosmart.hu\/shop\/\",\"name\":\"Eurosmart - Milwaukee web\u00e1ruh\u00e1z\",\"description\":\"Milwaukee web\u00e1ruh\u00e1z\",\"publisher\":{\"@id\":\"https:\/\/www.eurosmart.hu\/shop\/#organization\"},\"potentialAction\":[{\"@type\":\"SearchAction\",\"target\":{\"@type\":\"EntryPoint\",\"urlTemplate\":\"https:\/\/www.eurosmart.hu\/shop\/?s={search_term_string}\"},\"query-input\":\"required name=search_term_string\"}],\"inLanguage\":\"hu\"},{\"@type\":\"Organization\",\"@id\":\"https:\/\/www.eurosmart.hu\/shop\/#organization\",\"name\":\"Eurosmart - Milwaukee web\u00e1ruh\u00e1z\",\"url\":\"https:\/\/www.eurosmart.hu\/shop\/\",\"logo\":{\"@type\":\"ImageObject\",\"inLanguage\":\"hu\",\"@id\":\"https:\/\/www.eurosmart.hu\/shop\/#\/schema\/logo\/image\/\",\"url\":\"https:\/\/www.eurosmart.hu\/shop\/wp-content\/uploads\/2023\/10\/milwaukee-logo-1.png\",\"contentUrl\":\"https:\/\/www.eurosmart.hu\/shop\/wp-content\/uploads\/2023\/10\/milwaukee-logo-1.png\",\"width\":500,\"height\":200,\"caption\":\"Eurosmart - Milwaukee web\u00e1ruh\u00e1z\"},\"image\":{\"@id\":\"https:\/\/www.eurosmart.hu\/shop\/#\/schema\/logo\/image\/\"},\"sameAs\":[\"https:\/\/www.facebook.com\/EurosmartKft\"]}]}<\/script>\n<meta property=\"product:price:amount\" content=\"0\" \/>\n<meta property=\"product:price:currency\" content=\"HUF\" \/>\n<meta property=\"og:availability\" content=\"backorder\" \/>\n<meta property=\"product:availability\" content=\"available for order\" \/>\n<meta property=\"product:retailer_item_id\" content=\"4933479770\" \/>\n<meta property=\"product:condition\" content=\"new\" \/>\n<!-- \/ Yoast SEO Premium plugin. -->","yoast_head_json":{"title":"MILWAUKEE L4 FMLED-301 USB \u00daJRAT\u00d6LTHET\u0150 R\u00d6GZ\u00cdTETT ZSEBL\u00c1MPA SZETT (800 LUMEN) (4933479770) - Eurosmart - Milwaukee web\u00e1ruh\u00e1z","robots":{"index":"index","follow":"follow","max-snippet":"max-snippet:-1","max-image-preview":"max-image-preview:large","max-video-preview":"max-video-preview:-1"},"canonical":"https:\/\/www.eurosmart.hu\/shop\/index.php\/termek\/milwaukee-l4-fmled-301-usb-ujratoltheto-800l-rogzitett-zseblampa-4933479770\/","og_locale":"hu_HU","og_type":"article","og_title":"MILWAUKEE L4 FMLED-301 USB \u00daJRAT\u00d6LTHET\u0150 R\u00d6GZ\u00cdTETT ZSEBL\u00c1MPA SZETT (800 LUMEN) (4933479770)","og_description":"A k\u00e9szlet tartalma:   1 db L4 FMLED USB \u00daJRAT\u00d6LTHET\u0150 R\u00d6GZ\u00cdTETT ZSEBL\u00c1MPA  1 db L4 B3 3.0 Ah USB akkumul\u00e1tor  1 db USB k\u00e1bel","og_url":"https:\/\/www.eurosmart.hu\/shop\/index.php\/termek\/milwaukee-l4-fmled-301-usb-ujratoltheto-800l-rogzitett-zseblampa-4933479770\/","og_site_name":"Eurosmart - Milwaukee web\u00e1ruh\u00e1z","article_publisher":"https:\/\/www.facebook.com\/EurosmartKft","article_modified_time":"2024-02-16T09:24:59+00:00","og_image":[{"width":1000,"height":1000,"url":"https:\/\/www.eurosmart.hu\/shop\/wp-content\/uploads\/2023\/10\/4933479770.jpg","type":"image\/jpeg"}],"twitter_card":"summary_large_image","twitter_misc":{"Price":"","Availability":"On backorder"},"schema":{"@context":"https:\/\/schema.org","@graph":[{"@type":"WebPage","@id":"https:\/\/www.eurosmart.hu\/shop\/index.php\/termek\/milwaukee-l4-fmled-301-usb-ujratoltheto-800l-rogzitett-zseblampa-4933479770\/","url":"https:\/\/www.eurosmart.hu\/shop\/index.php\/termek\/milwaukee-l4-fmled-301-usb-ujratoltheto-800l-rogzitett-zseblampa-4933479770\/","name":"MILWAUKEE L4 FMLED-301 USB \u00daJRAT\u00d6LTHET\u0150 R\u00d6GZ\u00cdTETT ZSEBL\u00c1MPA SZETT (800 LUMEN) (4933479770) - Eurosmart - Milwaukee web\u00e1ruh\u00e1z","isPartOf":{"@id":"https:\/\/www.eurosmart.hu\/shop\/#website"},"datePublished":"2023-10-24T13:01:46+00:00","dateModified":"2024-02-16T09:24:59+00:00","breadcrumb":{"@id":"https:\/\/www.eurosmart.hu\/shop\/index.php\/termek\/milwaukee-l4-fmled-301-usb-ujratoltheto-800l-rogzitett-zseblampa-4933479770\/#breadcrumb"},"inLanguage":"hu","potentialAction":[{"@type":"ReadAction","target":["https:\/\/www.eurosmart.hu\/shop\/index.php\/termek\/milwaukee-l4-fmled-301-usb-ujratoltheto-800l-rogzitett-zseblampa-4933479770\/"]}]},{"@type":"BreadcrumbList","@id":"https:\/\/www.eurosmart.hu\/shop\/index.php\/termek\/milwaukee-l4-fmled-301-usb-ujratoltheto-800l-rogzitett-zseblampa-4933479770\/#breadcrumb","itemListElement":[{"@type":"ListItem","position":1,"name":"Kezd\u0151lap","item":"https:\/\/www.eurosmart.hu\/shop\/"},{"@type":"ListItem","position":2,"name":"Term\u00e9keink","item":"https:\/\/www.eurosmart.hu\/shop\/index.php\/uzlet\/"},{"@type":"ListItem","position":3,"name":"MILWAUKEE L4 FMLED-301 USB \u00daJRAT\u00d6LTHET\u0150 R\u00d6GZ\u00cdTETT ZSEBL\u00c1MPA SZETT (800 LUMEN) (4933479770)"}]},{"@type":"WebSite","@id":"https:\/\/www.eurosmart.hu\/shop\/#website","url":"https:\/\/www.eurosmart.hu\/shop\/","name":"Eurosmart - Milwaukee web\u00e1ruh\u00e1z","description":"Milwaukee web\u00e1ruh\u00e1z","publisher":{"@id":"https:\/\/www.eurosmart.hu\/shop\/#organization"},"potentialAction":[{"@type":"SearchAction","target":{"@type":"EntryPoint","urlTemplate":"https:\/\/www.eurosmart.hu\/shop\/?s={search_term_string}"},"query-input":"required name=search_term_string"}],"inLanguage":"hu"},{"@type":"Organization","@id":"https:\/\/www.eurosmart.hu\/shop\/#organization","name":"Eurosmart - Milwaukee web\u00e1ruh\u00e1z","url":"https:\/\/www.eurosmart.hu\/shop\/","logo":{"@type":"ImageObject","inLanguage":"hu","@id":"https:\/\/www.eurosmart.hu\/shop\/#\/schema\/logo\/image\/","url":"https:\/\/www.eurosmart.hu\/shop\/wp-content\/uploads\/2023\/10\/milwaukee-logo-1.png","contentUrl":"https:\/\/www.eurosmart.hu\/shop\/wp-content\/uploads\/2023\/10\/milwaukee-logo-1.png","width":500,"height":200,"caption":"Eurosmart - Milwaukee web\u00e1ruh\u00e1z"},"image":{"@id":"https:\/\/www.eurosmart.hu\/shop\/#\/schema\/logo\/image\/"},"sameAs":["https:\/\/www.facebook.com\/EurosmartKft"]}]},"product_price_currency":"HUF","og_availability":"backorder","product_availability":"available for order","product_retailer_item_id":"4933479770","product_condition":"new"},"_links":{"self":[{"href":"https:\/\/www.eurosmart.hu\/shop\/index.php\/wp-json\/wp\/v2\/product\/3989","targetHints":{"allow":["GET"]}}],"collection":[{"href":"https:\/\/www.eurosmart.hu\/shop\/index.php\/wp-json\/wp\/v2\/product"}],"about":[{"href":"https:\/\/www.eurosmart.hu\/shop\/index.php\/wp-json\/wp\/v2\/types\/product"}],"wp:featuredmedia":[{"embeddable":true,"href":"https:\/\/www.eurosmart.hu\/shop\/index.php\/wp-json\/wp\/v2\/media\/3990"}],"wp:attachment":[{"href":"https:\/\/www.eurosmart.hu\/shop\/index.php\/wp-json\/wp\/v2\/media?parent=3989"}],"wp:term":[{"taxonomy":"product_cat","embeddable":true,"href":"https:\/\/www.eurosmart.hu\/shop\/index.php\/wp-json\/wp\/v2\/product_cat?post=3989"},{"taxonomy":"product_tag","embeddable":true,"href":"https:\/\/www.eurosmart.hu\/shop\/index.php\/wp-json\/wp\/v2\/product_tag?post=3989"}],"curies":[{"name":"wp","href":"https:\/\/api.w.org\/{rel}","templated":true}]}}