{"id":3957,"date":"2023-10-24T10:44:58","date_gmt":"2023-10-24T10:44:58","guid":{"rendered":"https:\/\/www.eurosmart.hu\/shop\/?post_type=product&#038;p=3957"},"modified":"2024-01-10T08:51:20","modified_gmt":"2024-01-10T08:51:20","slug":"milwaukee-m12-fnb16-0x-m12-fuel-1-6-mm-folyamatos-lyukaszto-hd-kofferben-4933479618","status":"publish","type":"product","link":"https:\/\/www.eurosmart.hu\/shop\/index.php\/termek\/milwaukee-m12-fnb16-0x-m12-fuel-1-6-mm-folyamatos-lyukaszto-hd-kofferben-4933479618\/","title":{"rendered":"MILWAUKEE M12 FNB16-0X FUEL\u2122 1.6 MM FOLYAMATOS LYUKASZT\u00d3 HD KOFFERBEN (4933479618)"},"content":{"rendered":"<h5>Tulajdons\u00e1gok:<\/h5>\n<ul class=\"ProductFeaturesTextstyles__FeatureList-fxqvf2-1 dUrrwH\">\n<li class=\"ProductFeaturesTextstyles__Feature-fxqvf2-3 ggyeUS\">Kateg\u00f3ri\u00e1j\u00e1ban az els\u0151 12V-os folyamatos lyukaszt\u00f3, melynek max. v\u00e1g\u00e1si kapacit\u00e1sa l\u00e1gyac\u00e9lban: 1,6 mm, rozsdamentes ac\u00e9lban: 1,2 mm, alum\u00edniumban: 2,1 mm<\/li>\n<li class=\"ProductFeaturesTextstyles__Feature-fxqvf2-3 ggyeUS\">Mind\u00f6ssze 1,6 kg-os s\u00faly\u00e1nak k\u00f6sz\u00f6nhet\u0151en (mely tartalmazza a 6,0 Ah akkumul\u00e1tort) a legk\u00f6nnyebb vezet\u00e9k n\u00e9lk\u00fcli lemezv\u00e1g\u00f3 a piacon, mik\u00f6zben \u00edgy is fel\u00fclm\u00falja a 18 V-os sz\u00e9nkef\u00e9s versenyt\u00e1rsakat<\/li>\n<li class=\"ProductFeaturesTextstyles__Feature-fxqvf2-3 ggyeUS\">Maxim\u00e1lis kontroll b\u00e1rmilyen anyag eset\u00e9n, az 5 fokozat\u00fa gyorst\u00e1rcs\u00e1val ide\u00e1lis megold\u00e1s a rozsdamentes ac\u00e9l \u00e9s alum\u00ednium megmunk\u00e1l\u00e1s\u00e1hoz<\/li>\n<li class=\"ProductFeaturesTextstyles__Feature-fxqvf2-3 ggyeUS\">Automatikus vez\u00e9rl\u00e9s\u0171 ind\u00edt\u00e1s funkci\u00f3, lassan ind\u00edt, \u00e9s teljes sebess\u00e9gre v\u00e1lt, amikor a szersz\u00e1m \u00e9szleli, hogy a felhaszn\u00e1l\u00f3 v\u00e1g\u00e1st v\u00e9gez<\/li>\n<li class=\"ProductFeaturesTextstyles__Feature-fxqvf2-3 ggyeUS\">Szersz\u00e1m n\u00e9lk\u00fcli v\u00e1g\u00e1si ir\u00e1nyv\u00e1lt\u00e1s 90\u00b0-os l\u00e9p\u00e9sekben<\/li>\n<li class=\"ProductFeaturesTextstyles__Feature-fxqvf2-3 ggyeUS\">Szersz\u00e1mmentes bet\u00e9ttart\u00f3- \u00e9s lyukaszt\u00f3csere<\/li>\n<li class=\"ProductFeaturesTextstyles__Feature-fxqvf2-3 ggyeUS\">Forg\u00e1csgy\u0171jt\u0151 zs\u00e1k a tiszta munkak\u00f6rnyezet\u00e9rt<\/li>\n<li class=\"ProductFeaturesTextstyles__Feature-fxqvf2-3 ggyeUS\">A LED f\u00e9ny megvil\u00e1g\u00edtja a munkater\u00fcletet a jobb l\u00e1that\u00f3s\u00e1g \u00e9rdek\u00e9ben<\/li>\n<li class=\"ProductFeaturesTextstyles__Feature-fxqvf2-3 ggyeUS\">Be\u00e9p\u00edtett \u00f6vcsipesz \u00e9s biztons\u00e1gi \u00f6vtart\u00f3<\/li>\n<li class=\"ProductFeaturesTextstyles__Feature-fxqvf2-3 ggyeUS\">FUEL\u2122 platformunk DNS-e \u00fajradefini\u00e1lja a vezet\u00e9k n\u00e9lk\u00fcli technol\u00f3gia egyens\u00faly\u00e1t. A MILWAUKEE\u00ae POWERSTATE\u2122 sz\u00e9nkefe n\u00e9lk\u00fcli motor, REDLITHIUM\u2122 akkumul\u00e1tor \u00e9s REDLINK PLUS\u2122 intelligens elektronika p\u00e1ratlan teljes\u00edtm\u00e9nyt, \u00fczemid\u0151t \u00e9s tart\u00f3ss\u00e1got biztos\u00edt.<\/li>\n<li class=\"ProductFeaturesTextstyles__Feature-fxqvf2-3 ggyeUS\">Rugalmas akkumul\u00e1tor rendszerrel &#8211; MILWAUKEE\u00ae\u00a0<a href=\"https:\/\/hu.milwaukeetool.eu\/systems\/m12\/\">M12\u2122<\/a>\u00a0akkumul\u00e1torokkal m\u0171k\u00f6dik<\/li>\n<\/ul>\n<h5>M\u0171szaki adatok:<\/h5>\n<ul>\n<li>T\u00edpus: Akkumul\u00e1toros, Li-ion 12V<\/li>\n<li>KEZD\u0150 FURAT \u00c1TM\u00c9R\u0150JE (MM): 21<\/li>\n<li>L\u00d6KETSZ\u00c1M (L\u00d6KET\/PERC): 1400-2200<\/li>\n<li>LEGKISEBB SUG\u00c1R (MM): 40.7<\/li>\n<li>MAX. AC\u00c9LLEMEZ VASTAGS\u00c1G 400 N\/MM\u00b2 (MM): 1.6<\/li>\n<li>MAX. AC\u00c9LLEMEZ VASTAGS\u00c1G 600 N\/MM\u00b2 (MM): 1.2<\/li>\n<li>MAX. AC\u00c9LLEMEZ VASTAGS\u00c1G 800 N\/MM\u00b2 (MM): 0.7<\/li>\n<li>MAX. ALUM\u00cdNIUM LEMEZVASTAGS\u00c1G AK\u00c1R 250 N\/MM\u00b2 (MM): 2.1<\/li>\n<li>V\u00c1G\u00d3SZ\u00c9LESS\u00c9G (MM): 5<\/li>\n<li>S\u00daLY AKKUMUL\u00c1TORRAL (KG): 1.6<\/li>\n<\/ul>\n","protected":false},"excerpt":{"rendered":"<p><strong>A k\u00e9szlet tartalma:<\/strong><\/p>\n<ul>\n<li>1 db M12 FNB16 FUEL\u2122 1.6 MM FOLYAMATOS LYUKASZT\u00d3 <em>(akkumul\u00e1tor \u00e9s t\u00f6lt\u0151 n\u00e9lk\u00fcl sz\u00e1ll\u00edtva!)<\/em><\/li>\n<li>1 db Heavy Duty koffer<\/li>\n<\/ul>\n","protected":false},"featured_media":3958,"template":"","meta":[],"product_cat":[165,172,231,59,228,89],"product_tag":[],"class_list":["post-3957","product","type-product","status-publish","has-post-thumbnail","hentry","product_cat-akkumulatoros-gepek","product_cat-force-logic","product_cat-m12-rendszer","product_cat-milwaukee","product_cat-rendszer","product_cat-termekek"],"yoast_head":"<!-- This site is optimized with the Yoast SEO Premium plugin v21.3 (Yoast SEO v21.3) - https:\/\/yoast.com\/wordpress\/plugins\/seo\/ -->\n<title>MILWAUKEE M12 FNB16-0X FUEL\u2122 1.6 MM FOLYAMATOS LYUKASZT\u00d3 HD KOFFERBEN (4933479618) - Eurosmart - Milwaukee web\u00e1ruh\u00e1z<\/title>\n<meta name=\"robots\" content=\"index, follow, max-snippet:-1, max-image-preview:large, max-video-preview:-1\" \/>\n<link rel=\"canonical\" href=\"https:\/\/www.eurosmart.hu\/shop\/index.php\/termek\/milwaukee-m12-fnb16-0x-m12-fuel-1-6-mm-folyamatos-lyukaszto-hd-kofferben-4933479618\/\" \/>\n<meta property=\"og:locale\" content=\"hu_HU\" \/>\n<meta property=\"og:type\" content=\"article\" \/>\n<meta property=\"og:title\" content=\"MILWAUKEE M12 FNB16-0X FUEL\u2122 1.6 MM FOLYAMATOS LYUKASZT\u00d3 HD KOFFERBEN (4933479618)\" \/>\n<meta property=\"og:description\" content=\"A k\u00e9szlet tartalma:   1 db M12 FNB16 FUEL\u2122 1.6 MM FOLYAMATOS LYUKASZT\u00d3 (akkumul\u00e1tor \u00e9s t\u00f6lt\u0151 n\u00e9lk\u00fcl sz\u00e1ll\u00edtva!)  1 db Heavy Duty koffer\" \/>\n<meta property=\"og:url\" content=\"https:\/\/www.eurosmart.hu\/shop\/index.php\/termek\/milwaukee-m12-fnb16-0x-m12-fuel-1-6-mm-folyamatos-lyukaszto-hd-kofferben-4933479618\/\" \/>\n<meta property=\"og:site_name\" content=\"Eurosmart - Milwaukee web\u00e1ruh\u00e1z\" \/>\n<meta property=\"article:publisher\" content=\"https:\/\/www.facebook.com\/EurosmartKft\" \/>\n<meta property=\"article:modified_time\" content=\"2024-01-10T08:51:20+00:00\" \/>\n<meta property=\"og:image\" content=\"https:\/\/www.eurosmart.hu\/shop\/wp-content\/uploads\/2023\/10\/4933479618.webp\" \/>\n\t<meta property=\"og:image:width\" content=\"1000\" \/>\n\t<meta property=\"og:image:height\" content=\"1000\" \/>\n\t<meta property=\"og:image:type\" content=\"image\/webp\" \/>\n<meta name=\"twitter:card\" content=\"summary_large_image\" \/>\n<meta name=\"twitter:label1\" content=\"Price\" \/>\n\t<meta name=\"twitter:data1\" content=\"\" \/>\n\t<meta name=\"twitter:label2\" content=\"Availability\" \/>\n\t<meta name=\"twitter:data2\" content=\"On backorder\" \/>\n<script type=\"application\/ld+json\" class=\"yoast-schema-graph\">{\"@context\":\"https:\/\/schema.org\",\"@graph\":[{\"@type\":\"WebPage\",\"@id\":\"https:\/\/www.eurosmart.hu\/shop\/index.php\/termek\/milwaukee-m12-fnb16-0x-m12-fuel-1-6-mm-folyamatos-lyukaszto-hd-kofferben-4933479618\/\",\"url\":\"https:\/\/www.eurosmart.hu\/shop\/index.php\/termek\/milwaukee-m12-fnb16-0x-m12-fuel-1-6-mm-folyamatos-lyukaszto-hd-kofferben-4933479618\/\",\"name\":\"MILWAUKEE M12 FNB16-0X FUEL\u2122 1.6 MM FOLYAMATOS LYUKASZT\u00d3 HD KOFFERBEN (4933479618) - Eurosmart - Milwaukee web\u00e1ruh\u00e1z\",\"isPartOf\":{\"@id\":\"https:\/\/www.eurosmart.hu\/shop\/#website\"},\"datePublished\":\"2023-10-24T10:44:58+00:00\",\"dateModified\":\"2024-01-10T08:51:20+00:00\",\"breadcrumb\":{\"@id\":\"https:\/\/www.eurosmart.hu\/shop\/index.php\/termek\/milwaukee-m12-fnb16-0x-m12-fuel-1-6-mm-folyamatos-lyukaszto-hd-kofferben-4933479618\/#breadcrumb\"},\"inLanguage\":\"hu\",\"potentialAction\":[{\"@type\":\"ReadAction\",\"target\":[\"https:\/\/www.eurosmart.hu\/shop\/index.php\/termek\/milwaukee-m12-fnb16-0x-m12-fuel-1-6-mm-folyamatos-lyukaszto-hd-kofferben-4933479618\/\"]}]},{\"@type\":\"BreadcrumbList\",\"@id\":\"https:\/\/www.eurosmart.hu\/shop\/index.php\/termek\/milwaukee-m12-fnb16-0x-m12-fuel-1-6-mm-folyamatos-lyukaszto-hd-kofferben-4933479618\/#breadcrumb\",\"itemListElement\":[{\"@type\":\"ListItem\",\"position\":1,\"name\":\"Kezd\u0151lap\",\"item\":\"https:\/\/www.eurosmart.hu\/shop\/\"},{\"@type\":\"ListItem\",\"position\":2,\"name\":\"Term\u00e9keink\",\"item\":\"https:\/\/www.eurosmart.hu\/shop\/index.php\/uzlet\/\"},{\"@type\":\"ListItem\",\"position\":3,\"name\":\"MILWAUKEE M12 FNB16-0X FUEL\u2122 1.6 MM FOLYAMATOS LYUKASZT\u00d3 HD KOFFERBEN (4933479618)\"}]},{\"@type\":\"WebSite\",\"@id\":\"https:\/\/www.eurosmart.hu\/shop\/#website\",\"url\":\"https:\/\/www.eurosmart.hu\/shop\/\",\"name\":\"Eurosmart - Milwaukee web\u00e1ruh\u00e1z\",\"description\":\"Milwaukee web\u00e1ruh\u00e1z\",\"publisher\":{\"@id\":\"https:\/\/www.eurosmart.hu\/shop\/#organization\"},\"potentialAction\":[{\"@type\":\"SearchAction\",\"target\":{\"@type\":\"EntryPoint\",\"urlTemplate\":\"https:\/\/www.eurosmart.hu\/shop\/?s={search_term_string}\"},\"query-input\":\"required name=search_term_string\"}],\"inLanguage\":\"hu\"},{\"@type\":\"Organization\",\"@id\":\"https:\/\/www.eurosmart.hu\/shop\/#organization\",\"name\":\"Eurosmart - Milwaukee web\u00e1ruh\u00e1z\",\"url\":\"https:\/\/www.eurosmart.hu\/shop\/\",\"logo\":{\"@type\":\"ImageObject\",\"inLanguage\":\"hu\",\"@id\":\"https:\/\/www.eurosmart.hu\/shop\/#\/schema\/logo\/image\/\",\"url\":\"https:\/\/www.eurosmart.hu\/shop\/wp-content\/uploads\/2023\/10\/milwaukee-logo-1.png\",\"contentUrl\":\"https:\/\/www.eurosmart.hu\/shop\/wp-content\/uploads\/2023\/10\/milwaukee-logo-1.png\",\"width\":500,\"height\":200,\"caption\":\"Eurosmart - Milwaukee web\u00e1ruh\u00e1z\"},\"image\":{\"@id\":\"https:\/\/www.eurosmart.hu\/shop\/#\/schema\/logo\/image\/\"},\"sameAs\":[\"https:\/\/www.facebook.com\/EurosmartKft\"]}]}<\/script>\n<meta property=\"product:price:amount\" content=\"0\" \/>\n<meta property=\"product:price:currency\" content=\"HUF\" \/>\n<meta property=\"og:availability\" content=\"backorder\" \/>\n<meta property=\"product:availability\" content=\"available for order\" \/>\n<meta property=\"product:retailer_item_id\" content=\"4933479618\" \/>\n<meta property=\"product:condition\" content=\"new\" \/>\n<!-- \/ Yoast SEO Premium plugin. -->","yoast_head_json":{"title":"MILWAUKEE M12 FNB16-0X FUEL\u2122 1.6 MM FOLYAMATOS LYUKASZT\u00d3 HD KOFFERBEN (4933479618) - Eurosmart - Milwaukee web\u00e1ruh\u00e1z","robots":{"index":"index","follow":"follow","max-snippet":"max-snippet:-1","max-image-preview":"max-image-preview:large","max-video-preview":"max-video-preview:-1"},"canonical":"https:\/\/www.eurosmart.hu\/shop\/index.php\/termek\/milwaukee-m12-fnb16-0x-m12-fuel-1-6-mm-folyamatos-lyukaszto-hd-kofferben-4933479618\/","og_locale":"hu_HU","og_type":"article","og_title":"MILWAUKEE M12 FNB16-0X FUEL\u2122 1.6 MM FOLYAMATOS LYUKASZT\u00d3 HD KOFFERBEN (4933479618)","og_description":"A k\u00e9szlet tartalma:   1 db M12 FNB16 FUEL\u2122 1.6 MM FOLYAMATOS LYUKASZT\u00d3 (akkumul\u00e1tor \u00e9s t\u00f6lt\u0151 n\u00e9lk\u00fcl sz\u00e1ll\u00edtva!)  1 db Heavy Duty koffer","og_url":"https:\/\/www.eurosmart.hu\/shop\/index.php\/termek\/milwaukee-m12-fnb16-0x-m12-fuel-1-6-mm-folyamatos-lyukaszto-hd-kofferben-4933479618\/","og_site_name":"Eurosmart - Milwaukee web\u00e1ruh\u00e1z","article_publisher":"https:\/\/www.facebook.com\/EurosmartKft","article_modified_time":"2024-01-10T08:51:20+00:00","og_image":[{"width":1000,"height":1000,"url":"https:\/\/www.eurosmart.hu\/shop\/wp-content\/uploads\/2023\/10\/4933479618.webp","type":"image\/webp"}],"twitter_card":"summary_large_image","twitter_misc":{"Price":"","Availability":"On backorder"},"schema":{"@context":"https:\/\/schema.org","@graph":[{"@type":"WebPage","@id":"https:\/\/www.eurosmart.hu\/shop\/index.php\/termek\/milwaukee-m12-fnb16-0x-m12-fuel-1-6-mm-folyamatos-lyukaszto-hd-kofferben-4933479618\/","url":"https:\/\/www.eurosmart.hu\/shop\/index.php\/termek\/milwaukee-m12-fnb16-0x-m12-fuel-1-6-mm-folyamatos-lyukaszto-hd-kofferben-4933479618\/","name":"MILWAUKEE M12 FNB16-0X FUEL\u2122 1.6 MM FOLYAMATOS LYUKASZT\u00d3 HD KOFFERBEN (4933479618) - Eurosmart - Milwaukee web\u00e1ruh\u00e1z","isPartOf":{"@id":"https:\/\/www.eurosmart.hu\/shop\/#website"},"datePublished":"2023-10-24T10:44:58+00:00","dateModified":"2024-01-10T08:51:20+00:00","breadcrumb":{"@id":"https:\/\/www.eurosmart.hu\/shop\/index.php\/termek\/milwaukee-m12-fnb16-0x-m12-fuel-1-6-mm-folyamatos-lyukaszto-hd-kofferben-4933479618\/#breadcrumb"},"inLanguage":"hu","potentialAction":[{"@type":"ReadAction","target":["https:\/\/www.eurosmart.hu\/shop\/index.php\/termek\/milwaukee-m12-fnb16-0x-m12-fuel-1-6-mm-folyamatos-lyukaszto-hd-kofferben-4933479618\/"]}]},{"@type":"BreadcrumbList","@id":"https:\/\/www.eurosmart.hu\/shop\/index.php\/termek\/milwaukee-m12-fnb16-0x-m12-fuel-1-6-mm-folyamatos-lyukaszto-hd-kofferben-4933479618\/#breadcrumb","itemListElement":[{"@type":"ListItem","position":1,"name":"Kezd\u0151lap","item":"https:\/\/www.eurosmart.hu\/shop\/"},{"@type":"ListItem","position":2,"name":"Term\u00e9keink","item":"https:\/\/www.eurosmart.hu\/shop\/index.php\/uzlet\/"},{"@type":"ListItem","position":3,"name":"MILWAUKEE M12 FNB16-0X FUEL\u2122 1.6 MM FOLYAMATOS LYUKASZT\u00d3 HD KOFFERBEN (4933479618)"}]},{"@type":"WebSite","@id":"https:\/\/www.eurosmart.hu\/shop\/#website","url":"https:\/\/www.eurosmart.hu\/shop\/","name":"Eurosmart - Milwaukee web\u00e1ruh\u00e1z","description":"Milwaukee web\u00e1ruh\u00e1z","publisher":{"@id":"https:\/\/www.eurosmart.hu\/shop\/#organization"},"potentialAction":[{"@type":"SearchAction","target":{"@type":"EntryPoint","urlTemplate":"https:\/\/www.eurosmart.hu\/shop\/?s={search_term_string}"},"query-input":"required name=search_term_string"}],"inLanguage":"hu"},{"@type":"Organization","@id":"https:\/\/www.eurosmart.hu\/shop\/#organization","name":"Eurosmart - Milwaukee web\u00e1ruh\u00e1z","url":"https:\/\/www.eurosmart.hu\/shop\/","logo":{"@type":"ImageObject","inLanguage":"hu","@id":"https:\/\/www.eurosmart.hu\/shop\/#\/schema\/logo\/image\/","url":"https:\/\/www.eurosmart.hu\/shop\/wp-content\/uploads\/2023\/10\/milwaukee-logo-1.png","contentUrl":"https:\/\/www.eurosmart.hu\/shop\/wp-content\/uploads\/2023\/10\/milwaukee-logo-1.png","width":500,"height":200,"caption":"Eurosmart - Milwaukee web\u00e1ruh\u00e1z"},"image":{"@id":"https:\/\/www.eurosmart.hu\/shop\/#\/schema\/logo\/image\/"},"sameAs":["https:\/\/www.facebook.com\/EurosmartKft"]}]},"product_price_currency":"HUF","og_availability":"backorder","product_availability":"available for order","product_retailer_item_id":"4933479618","product_condition":"new"},"_links":{"self":[{"href":"https:\/\/www.eurosmart.hu\/shop\/index.php\/wp-json\/wp\/v2\/product\/3957","targetHints":{"allow":["GET"]}}],"collection":[{"href":"https:\/\/www.eurosmart.hu\/shop\/index.php\/wp-json\/wp\/v2\/product"}],"about":[{"href":"https:\/\/www.eurosmart.hu\/shop\/index.php\/wp-json\/wp\/v2\/types\/product"}],"wp:featuredmedia":[{"embeddable":true,"href":"https:\/\/www.eurosmart.hu\/shop\/index.php\/wp-json\/wp\/v2\/media\/3958"}],"wp:attachment":[{"href":"https:\/\/www.eurosmart.hu\/shop\/index.php\/wp-json\/wp\/v2\/media?parent=3957"}],"wp:term":[{"taxonomy":"product_cat","embeddable":true,"href":"https:\/\/www.eurosmart.hu\/shop\/index.php\/wp-json\/wp\/v2\/product_cat?post=3957"},{"taxonomy":"product_tag","embeddable":true,"href":"https:\/\/www.eurosmart.hu\/shop\/index.php\/wp-json\/wp\/v2\/product_tag?post=3957"}],"curies":[{"name":"wp","href":"https:\/\/api.w.org\/{rel}","templated":true}]}}