{"id":3930,"date":"2023-10-20T14:05:19","date_gmt":"2023-10-20T14:05:19","guid":{"rendered":"https:\/\/www.eurosmart.hu\/shop\/?post_type=product&#038;p=3930"},"modified":"2024-02-05T12:18:55","modified_gmt":"2024-02-05T12:18:55","slug":"milwaukee-m18-fddexl-0-m18-porelszivo-autopulse-funkcioval-26-mm-es-sds-plus-kalapacsokhoz-4933478508","status":"publish","type":"product","link":"https:\/\/www.eurosmart.hu\/shop\/index.php\/termek\/milwaukee-m18-fddexl-0-m18-porelszivo-autopulse-funkcioval-26-mm-es-sds-plus-kalapacsokhoz-4933478508\/","title":{"rendered":"MILWAUKEE M18 FDDEXL-0 PORELSZ\u00cdV\u00d3 AUTOPULSE\u2122 FUNKCI\u00d3VAL, 26 MM-ES SDS-PLUS KALAP\u00c1CSOKHOZ (4933478508)"},"content":{"rendered":"<h5>Tulajdons\u00e1gok:<\/h5>\n<ul class=\"ProductFeaturesTextstyles__FeatureList-fxqvf2-1 dUrrwH\">\n<li class=\"ProductFeaturesTextstyles__Feature-fxqvf2-3 ggyeUS\">\u00dagy lett tervezve, hogy hat\u00e9konyan \u00f6sszegy\u0171jtse a port, automatikusan ind\u00edthat\u00f3 a g\u00e9p ki- \u00e9s bekapcsol\u00f3j\u00e1val<\/li>\n<li class=\"ProductFeaturesTextstyles__Feature-fxqvf2-3 ggyeUS\">Az AUTOPULSE\u2122 az ipar\u00e1g els\u0151 be\u00e9p\u00edtett automatikus sz\u0171r\u0151tiszt\u00edt\u00f3 mechanizmusa a szersz\u00e1mon tal\u00e1lhat\u00f3 porelsz\u00edv\u00f3khoz, amely n\u00f6veli a l\u00e9g\u00e1raml\u00e1s hat\u00e9konys\u00e1g\u00e1t \u00e9s a sz\u0171r\u0151 \u00e9lettartam\u00e1t<\/li>\n<li class=\"ProductFeaturesTextstyles__Feature-fxqvf2-3 ggyeUS\">Ez a rendk\u00edv\u00fcl hat\u00e9kony HEPA sz\u0171r\u0151 \u00f6sszegy\u0171jti a l\u00e9gk\u00f6ri r\u00e9szecsk\u00e9k 99,97%-\u00e1t (eg\u00e9szen a 0,3 mikron m\u00e9retig)<\/li>\n<li class=\"ProductFeaturesTextstyles__Feature-fxqvf2-3 ggyeUS\">Az \u00e1ttetsz\u0151 porgy\u0171jt\u0151 doboz lehet\u0151v\u00e9 teszi a felhaszn\u00e1l\u00f3 sz\u00e1m\u00e1ra, hogy l\u00e1ssa a benne l\u00e9v\u0151 por aktu\u00e1lis szintj\u00e9t, valamint azt, hogy mikor van tele a porgy\u0171jt\u0151 doboz<\/li>\n<li class=\"ProductFeaturesTextstyles__Feature-fxqvf2-3 ggyeUS\">A v\u00e1kuumny\u00edl\u00e1ssal ell\u00e1tott porgy\u0171jt\u0151 doboz lehet\u0151v\u00e9 teszi a felhaszn\u00e1l\u00f3 sz\u00e1m\u00e1ra, hogy nagy porelsz\u00edv\u00f3t csatlakoztatva hozz\u00e1 el tudja v\u00e9gezni a por kisz\u00edv\u00e1s\u00e1t a dobozb\u00f3l. Az\u00a0<a href=\"https:\/\/hu.milwaukeetool.eu\/hu-hu\/30-l-l-porosztalyu-porelszivo\/as-30-lac\/\">AS 30 LAC<\/a>\u00a030 literes porelsz\u00edv\u00f3val \u00e9s a DEK26 t\u00f6ml\u0151csatlakoz\u00f3 adapterrel (4931447295) val\u00f3 haszn\u00e1latra optimaliz\u00e1lva<\/li>\n<li class=\"ProductFeaturesTextstyles__Feature-fxqvf2-3 ggyeUS\">A cser\u00e9lhet\u0151 elsz\u00edv\u00f3cs\u00f6veket a k\u00fcl\u00f6nb\u00f6z\u0151 f\u00far\u00e1si \u00e1tm\u00e9r\u0151kh\u00f6z lehet igaz\u00edtani. 2 fajta elsz\u00edv\u00f3cs\u0151 m\u00e9rettel felszerelve: 1x \u230016 mm-ig, 1x \u230026 mm-ig, amelyek a gyorsz\u00e1r\u00f3 mechanizmusnak k\u00f6sz\u00f6nhet\u0151en gyorsan cser\u00e9lhet\u0151k<\/li>\n<li class=\"ProductFeaturesTextstyles__Feature-fxqvf2-3 ggyeUS\">A porelsz\u00edv\u00f3 alum\u00edniumcs\u0151 a f\u00far\u00f3sz\u00e1r m\u00e9ret\u00e9nek \u00e9s hossz\u00e1nak megfelel\u0151en \u00e1ll\u00edthat\u00f3 be ak\u00e1r 210 mm m\u00e9lys\u00e9gig<\/li>\n<li class=\"ProductFeaturesTextstyles__Feature-fxqvf2-3 ggyeUS\">\u00c1ll\u00edthat\u00f3 m\u00e9lys\u00e9gm\u00e9r\u0151 egyszer\u0171en haszn\u00e1lhat\u00f3 \u00e9s prec\u00edz be\u00e1ll\u00edt\u00f3 gombokkal a pontos furatm\u00e9lys\u00e9g \u00e9rdek\u00e9ben<\/li>\n<li class=\"ProductFeaturesTextstyles__Feature-fxqvf2-3 ggyeUS\">Kivehet\u0151 \u00e9s cser\u00e9lhet\u0151 m\u00e9lys\u00e9gm\u00e9r\u0151 arra az esetre, ha a felhaszn\u00e1l\u00f3 a m\u00e1sik oldalt r\u00e9szes\u00edten\u00e9 el\u0151nyben<\/li>\n<li class=\"ProductFeaturesTextstyles__Feature-fxqvf2-3 ggyeUS\">LED f\u00e9ny a munkater\u00fclet megvil\u00e1g\u00edt\u00e1s\u00e1hoz<\/li>\n<li class=\"ProductFeaturesTextstyles__Feature-fxqvf2-3 ggyeUS\">Kompatibilis\u00a0<a href=\"https:\/\/hu.milwaukeetool.eu\/hu-hu\/m18-fuel-4-fokozatu-26-mm-sds-plus-kalapacs\/m18-fh\/\">M18 FH<\/a>,\u00a0<a href=\"https:\/\/hu.milwaukeetool.eu\/hu-hu\/m18-fuel-4-fokozatu-26-mm-sds-plus-kalapacs-fixtec-tokmannyal\/m18-fhx\/\">M18 FHX<\/a>,\u00a0<a href=\"https:\/\/hu.milwaukeetool.eu\/hu-hu\/m18-fuel-4-fokozatu-sds-plus-kalapacs-one-key-funkcioval\/m18-onefh\/\">M18 ONEFH<\/a>\u00a0\u00e9s\u00a0<a href=\"https:\/\/hu.milwaukeetool.eu\/hu-hu\/m18-fuel-4-fokozatu-sds-plus-kalapacs-fixtec-tokmannyal-es-one-key-technologiaval\/m18-onefhx\/\">M18 ONEFHX<\/a>\u00a0kalap\u00e1csokkal<\/li>\n<\/ul>\n<h5>M\u0171szaki adatok:<\/h5>\n<ul>\n<li>T\u00edpus: Akkumul\u00e1toros, Li-ion 18V<\/li>\n<li>L\u00f6kethossz (mm): 152<\/li>\n<li>Max. f\u00far\u00e1si m\u00e9lys\u00e9g (mm): 152<\/li>\n<li>Max. f\u00far\u00f3sz\u00e1r \u00e1tm\u00e9r\u0151 (mm): 26<\/li>\n<li>Max. f\u00far\u00f3sz\u00e1r hossz (mm): 210<\/li>\n<li>S\u00faly (kg): 1.9<\/li>\n<\/ul>\n","protected":false},"excerpt":{"rendered":"<p><strong>A k\u00e9szlet tartalma:<\/strong> 1 db M18 FDDEXL PORELSZ\u00cdV\u00d3 <em>(akkumul\u00e1tor, t\u00f6lt\u0151 \u00e9s koffer n\u00e9lk\u00fcl sz\u00e1ll\u00edtva!)<\/em><\/p>\n","protected":false},"featured_media":3931,"template":"","meta":[],"product_cat":[165,176,230,59,228,89],"product_tag":[],"class_list":["post-3930","product","type-product","status-publish","has-post-thumbnail","hentry","product_cat-akkumulatoros-gepek","product_cat-egyeb-akkus-gepek","product_cat-m18-rendszer","product_cat-milwaukee","product_cat-rendszer","product_cat-termekek"],"yoast_head":"<!-- This site is optimized with the Yoast SEO Premium plugin v21.3 (Yoast SEO v21.3) - https:\/\/yoast.com\/wordpress\/plugins\/seo\/ -->\n<title>MILWAUKEE M18 FDDEXL-0 PORELSZ\u00cdV\u00d3 AUTOPULSE\u2122 FUNKCI\u00d3VAL, 26 MM-ES SDS-PLUS KALAP\u00c1CSOKHOZ (4933478508) - Eurosmart - Milwaukee web\u00e1ruh\u00e1z<\/title>\n<meta name=\"robots\" content=\"index, follow, max-snippet:-1, max-image-preview:large, max-video-preview:-1\" \/>\n<link rel=\"canonical\" href=\"https:\/\/www.eurosmart.hu\/shop\/index.php\/termek\/milwaukee-m18-fddexl-0-m18-porelszivo-autopulse-funkcioval-26-mm-es-sds-plus-kalapacsokhoz-4933478508\/\" \/>\n<meta property=\"og:locale\" content=\"hu_HU\" \/>\n<meta property=\"og:type\" content=\"article\" \/>\n<meta property=\"og:title\" content=\"MILWAUKEE M18 FDDEXL-0 PORELSZ\u00cdV\u00d3 AUTOPULSE\u2122 FUNKCI\u00d3VAL, 26 MM-ES SDS-PLUS KALAP\u00c1CSOKHOZ (4933478508)\" \/>\n<meta property=\"og:description\" content=\"A k\u00e9szlet tartalma: 1 db M18 FDDEXL PORELSZ\u00cdV\u00d3 (akkumul\u00e1tor, t\u00f6lt\u0151 \u00e9s koffer n\u00e9lk\u00fcl sz\u00e1ll\u00edtva!)\" \/>\n<meta property=\"og:url\" content=\"https:\/\/www.eurosmart.hu\/shop\/index.php\/termek\/milwaukee-m18-fddexl-0-m18-porelszivo-autopulse-funkcioval-26-mm-es-sds-plus-kalapacsokhoz-4933478508\/\" \/>\n<meta property=\"og:site_name\" content=\"Eurosmart - Milwaukee web\u00e1ruh\u00e1z\" \/>\n<meta property=\"article:publisher\" content=\"https:\/\/www.facebook.com\/EurosmartKft\" \/>\n<meta property=\"article:modified_time\" content=\"2024-02-05T12:18:55+00:00\" \/>\n<meta property=\"og:image\" content=\"https:\/\/www.eurosmart.hu\/shop\/wp-content\/uploads\/2023\/10\/4933478508.webp\" \/>\n\t<meta property=\"og:image:width\" content=\"1000\" \/>\n\t<meta property=\"og:image:height\" content=\"1000\" \/>\n\t<meta property=\"og:image:type\" content=\"image\/webp\" \/>\n<meta name=\"twitter:card\" content=\"summary_large_image\" \/>\n<meta name=\"twitter:label1\" content=\"Price\" \/>\n\t<meta name=\"twitter:data1\" content=\"\" \/>\n\t<meta name=\"twitter:label2\" content=\"Availability\" \/>\n\t<meta name=\"twitter:data2\" content=\"On backorder\" \/>\n<script type=\"application\/ld+json\" class=\"yoast-schema-graph\">{\"@context\":\"https:\/\/schema.org\",\"@graph\":[{\"@type\":\"WebPage\",\"@id\":\"https:\/\/www.eurosmart.hu\/shop\/index.php\/termek\/milwaukee-m18-fddexl-0-m18-porelszivo-autopulse-funkcioval-26-mm-es-sds-plus-kalapacsokhoz-4933478508\/\",\"url\":\"https:\/\/www.eurosmart.hu\/shop\/index.php\/termek\/milwaukee-m18-fddexl-0-m18-porelszivo-autopulse-funkcioval-26-mm-es-sds-plus-kalapacsokhoz-4933478508\/\",\"name\":\"MILWAUKEE M18 FDDEXL-0 PORELSZ\u00cdV\u00d3 AUTOPULSE\u2122 FUNKCI\u00d3VAL, 26 MM-ES SDS-PLUS KALAP\u00c1CSOKHOZ (4933478508) - Eurosmart - Milwaukee web\u00e1ruh\u00e1z\",\"isPartOf\":{\"@id\":\"https:\/\/www.eurosmart.hu\/shop\/#website\"},\"datePublished\":\"2023-10-20T14:05:19+00:00\",\"dateModified\":\"2024-02-05T12:18:55+00:00\",\"breadcrumb\":{\"@id\":\"https:\/\/www.eurosmart.hu\/shop\/index.php\/termek\/milwaukee-m18-fddexl-0-m18-porelszivo-autopulse-funkcioval-26-mm-es-sds-plus-kalapacsokhoz-4933478508\/#breadcrumb\"},\"inLanguage\":\"hu\",\"potentialAction\":[{\"@type\":\"ReadAction\",\"target\":[\"https:\/\/www.eurosmart.hu\/shop\/index.php\/termek\/milwaukee-m18-fddexl-0-m18-porelszivo-autopulse-funkcioval-26-mm-es-sds-plus-kalapacsokhoz-4933478508\/\"]}]},{\"@type\":\"BreadcrumbList\",\"@id\":\"https:\/\/www.eurosmart.hu\/shop\/index.php\/termek\/milwaukee-m18-fddexl-0-m18-porelszivo-autopulse-funkcioval-26-mm-es-sds-plus-kalapacsokhoz-4933478508\/#breadcrumb\",\"itemListElement\":[{\"@type\":\"ListItem\",\"position\":1,\"name\":\"Kezd\u0151lap\",\"item\":\"https:\/\/www.eurosmart.hu\/shop\/\"},{\"@type\":\"ListItem\",\"position\":2,\"name\":\"Term\u00e9keink\",\"item\":\"https:\/\/www.eurosmart.hu\/shop\/index.php\/uzlet\/\"},{\"@type\":\"ListItem\",\"position\":3,\"name\":\"MILWAUKEE M18 FDDEXL-0 PORELSZ\u00cdV\u00d3 AUTOPULSE\u2122 FUNKCI\u00d3VAL, 26 MM-ES SDS-PLUS KALAP\u00c1CSOKHOZ (4933478508)\"}]},{\"@type\":\"WebSite\",\"@id\":\"https:\/\/www.eurosmart.hu\/shop\/#website\",\"url\":\"https:\/\/www.eurosmart.hu\/shop\/\",\"name\":\"Eurosmart - Milwaukee web\u00e1ruh\u00e1z\",\"description\":\"Milwaukee web\u00e1ruh\u00e1z\",\"publisher\":{\"@id\":\"https:\/\/www.eurosmart.hu\/shop\/#organization\"},\"potentialAction\":[{\"@type\":\"SearchAction\",\"target\":{\"@type\":\"EntryPoint\",\"urlTemplate\":\"https:\/\/www.eurosmart.hu\/shop\/?s={search_term_string}\"},\"query-input\":\"required name=search_term_string\"}],\"inLanguage\":\"hu\"},{\"@type\":\"Organization\",\"@id\":\"https:\/\/www.eurosmart.hu\/shop\/#organization\",\"name\":\"Eurosmart - Milwaukee web\u00e1ruh\u00e1z\",\"url\":\"https:\/\/www.eurosmart.hu\/shop\/\",\"logo\":{\"@type\":\"ImageObject\",\"inLanguage\":\"hu\",\"@id\":\"https:\/\/www.eurosmart.hu\/shop\/#\/schema\/logo\/image\/\",\"url\":\"https:\/\/www.eurosmart.hu\/shop\/wp-content\/uploads\/2023\/10\/milwaukee-logo-1.png\",\"contentUrl\":\"https:\/\/www.eurosmart.hu\/shop\/wp-content\/uploads\/2023\/10\/milwaukee-logo-1.png\",\"width\":500,\"height\":200,\"caption\":\"Eurosmart - Milwaukee web\u00e1ruh\u00e1z\"},\"image\":{\"@id\":\"https:\/\/www.eurosmart.hu\/shop\/#\/schema\/logo\/image\/\"},\"sameAs\":[\"https:\/\/www.facebook.com\/EurosmartKft\"]}]}<\/script>\n<meta property=\"product:price:amount\" content=\"0\" \/>\n<meta property=\"product:price:currency\" content=\"HUF\" \/>\n<meta property=\"og:availability\" content=\"backorder\" \/>\n<meta property=\"product:availability\" content=\"available for order\" \/>\n<meta property=\"product:retailer_item_id\" content=\"4933478508\" \/>\n<meta property=\"product:condition\" content=\"new\" \/>\n<!-- \/ Yoast SEO Premium plugin. -->","yoast_head_json":{"title":"MILWAUKEE M18 FDDEXL-0 PORELSZ\u00cdV\u00d3 AUTOPULSE\u2122 FUNKCI\u00d3VAL, 26 MM-ES SDS-PLUS KALAP\u00c1CSOKHOZ (4933478508) - Eurosmart - Milwaukee web\u00e1ruh\u00e1z","robots":{"index":"index","follow":"follow","max-snippet":"max-snippet:-1","max-image-preview":"max-image-preview:large","max-video-preview":"max-video-preview:-1"},"canonical":"https:\/\/www.eurosmart.hu\/shop\/index.php\/termek\/milwaukee-m18-fddexl-0-m18-porelszivo-autopulse-funkcioval-26-mm-es-sds-plus-kalapacsokhoz-4933478508\/","og_locale":"hu_HU","og_type":"article","og_title":"MILWAUKEE M18 FDDEXL-0 PORELSZ\u00cdV\u00d3 AUTOPULSE\u2122 FUNKCI\u00d3VAL, 26 MM-ES SDS-PLUS KALAP\u00c1CSOKHOZ (4933478508)","og_description":"A k\u00e9szlet tartalma: 1 db M18 FDDEXL PORELSZ\u00cdV\u00d3 (akkumul\u00e1tor, t\u00f6lt\u0151 \u00e9s koffer n\u00e9lk\u00fcl sz\u00e1ll\u00edtva!)","og_url":"https:\/\/www.eurosmart.hu\/shop\/index.php\/termek\/milwaukee-m18-fddexl-0-m18-porelszivo-autopulse-funkcioval-26-mm-es-sds-plus-kalapacsokhoz-4933478508\/","og_site_name":"Eurosmart - Milwaukee web\u00e1ruh\u00e1z","article_publisher":"https:\/\/www.facebook.com\/EurosmartKft","article_modified_time":"2024-02-05T12:18:55+00:00","og_image":[{"width":1000,"height":1000,"url":"https:\/\/www.eurosmart.hu\/shop\/wp-content\/uploads\/2023\/10\/4933478508.webp","type":"image\/webp"}],"twitter_card":"summary_large_image","twitter_misc":{"Price":"","Availability":"On backorder"},"schema":{"@context":"https:\/\/schema.org","@graph":[{"@type":"WebPage","@id":"https:\/\/www.eurosmart.hu\/shop\/index.php\/termek\/milwaukee-m18-fddexl-0-m18-porelszivo-autopulse-funkcioval-26-mm-es-sds-plus-kalapacsokhoz-4933478508\/","url":"https:\/\/www.eurosmart.hu\/shop\/index.php\/termek\/milwaukee-m18-fddexl-0-m18-porelszivo-autopulse-funkcioval-26-mm-es-sds-plus-kalapacsokhoz-4933478508\/","name":"MILWAUKEE M18 FDDEXL-0 PORELSZ\u00cdV\u00d3 AUTOPULSE\u2122 FUNKCI\u00d3VAL, 26 MM-ES SDS-PLUS KALAP\u00c1CSOKHOZ (4933478508) - Eurosmart - Milwaukee web\u00e1ruh\u00e1z","isPartOf":{"@id":"https:\/\/www.eurosmart.hu\/shop\/#website"},"datePublished":"2023-10-20T14:05:19+00:00","dateModified":"2024-02-05T12:18:55+00:00","breadcrumb":{"@id":"https:\/\/www.eurosmart.hu\/shop\/index.php\/termek\/milwaukee-m18-fddexl-0-m18-porelszivo-autopulse-funkcioval-26-mm-es-sds-plus-kalapacsokhoz-4933478508\/#breadcrumb"},"inLanguage":"hu","potentialAction":[{"@type":"ReadAction","target":["https:\/\/www.eurosmart.hu\/shop\/index.php\/termek\/milwaukee-m18-fddexl-0-m18-porelszivo-autopulse-funkcioval-26-mm-es-sds-plus-kalapacsokhoz-4933478508\/"]}]},{"@type":"BreadcrumbList","@id":"https:\/\/www.eurosmart.hu\/shop\/index.php\/termek\/milwaukee-m18-fddexl-0-m18-porelszivo-autopulse-funkcioval-26-mm-es-sds-plus-kalapacsokhoz-4933478508\/#breadcrumb","itemListElement":[{"@type":"ListItem","position":1,"name":"Kezd\u0151lap","item":"https:\/\/www.eurosmart.hu\/shop\/"},{"@type":"ListItem","position":2,"name":"Term\u00e9keink","item":"https:\/\/www.eurosmart.hu\/shop\/index.php\/uzlet\/"},{"@type":"ListItem","position":3,"name":"MILWAUKEE M18 FDDEXL-0 PORELSZ\u00cdV\u00d3 AUTOPULSE\u2122 FUNKCI\u00d3VAL, 26 MM-ES SDS-PLUS KALAP\u00c1CSOKHOZ (4933478508)"}]},{"@type":"WebSite","@id":"https:\/\/www.eurosmart.hu\/shop\/#website","url":"https:\/\/www.eurosmart.hu\/shop\/","name":"Eurosmart - Milwaukee web\u00e1ruh\u00e1z","description":"Milwaukee web\u00e1ruh\u00e1z","publisher":{"@id":"https:\/\/www.eurosmart.hu\/shop\/#organization"},"potentialAction":[{"@type":"SearchAction","target":{"@type":"EntryPoint","urlTemplate":"https:\/\/www.eurosmart.hu\/shop\/?s={search_term_string}"},"query-input":"required name=search_term_string"}],"inLanguage":"hu"},{"@type":"Organization","@id":"https:\/\/www.eurosmart.hu\/shop\/#organization","name":"Eurosmart - Milwaukee web\u00e1ruh\u00e1z","url":"https:\/\/www.eurosmart.hu\/shop\/","logo":{"@type":"ImageObject","inLanguage":"hu","@id":"https:\/\/www.eurosmart.hu\/shop\/#\/schema\/logo\/image\/","url":"https:\/\/www.eurosmart.hu\/shop\/wp-content\/uploads\/2023\/10\/milwaukee-logo-1.png","contentUrl":"https:\/\/www.eurosmart.hu\/shop\/wp-content\/uploads\/2023\/10\/milwaukee-logo-1.png","width":500,"height":200,"caption":"Eurosmart - Milwaukee web\u00e1ruh\u00e1z"},"image":{"@id":"https:\/\/www.eurosmart.hu\/shop\/#\/schema\/logo\/image\/"},"sameAs":["https:\/\/www.facebook.com\/EurosmartKft"]}]},"product_price_currency":"HUF","og_availability":"backorder","product_availability":"available for order","product_retailer_item_id":"4933478508","product_condition":"new"},"_links":{"self":[{"href":"https:\/\/www.eurosmart.hu\/shop\/index.php\/wp-json\/wp\/v2\/product\/3930","targetHints":{"allow":["GET"]}}],"collection":[{"href":"https:\/\/www.eurosmart.hu\/shop\/index.php\/wp-json\/wp\/v2\/product"}],"about":[{"href":"https:\/\/www.eurosmart.hu\/shop\/index.php\/wp-json\/wp\/v2\/types\/product"}],"wp:featuredmedia":[{"embeddable":true,"href":"https:\/\/www.eurosmart.hu\/shop\/index.php\/wp-json\/wp\/v2\/media\/3931"}],"wp:attachment":[{"href":"https:\/\/www.eurosmart.hu\/shop\/index.php\/wp-json\/wp\/v2\/media?parent=3930"}],"wp:term":[{"taxonomy":"product_cat","embeddable":true,"href":"https:\/\/www.eurosmart.hu\/shop\/index.php\/wp-json\/wp\/v2\/product_cat?post=3930"},{"taxonomy":"product_tag","embeddable":true,"href":"https:\/\/www.eurosmart.hu\/shop\/index.php\/wp-json\/wp\/v2\/product_tag?post=3930"}],"curies":[{"name":"wp","href":"https:\/\/api.w.org\/{rel}","templated":true}]}}