{"id":3884,"date":"2023-10-19T14:19:42","date_gmt":"2023-10-19T14:19:42","guid":{"rendered":"https:\/\/www.eurosmart.hu\/shop\/?post_type=product&#038;p=3884"},"modified":"2024-01-10T11:15:45","modified_gmt":"2024-01-10T11:15:45","slug":"milwaukee-m12-cllp-0c-m12-zold-keresztvonal-es-pontlezer-kofferben-4933478101","status":"publish","type":"product","link":"https:\/\/www.eurosmart.hu\/shop\/index.php\/termek\/milwaukee-m12-cllp-0c-m12-zold-keresztvonal-es-pontlezer-kofferben-4933478101\/","title":{"rendered":"MILWAUKEE M12 CLLP-0C Z\u00d6LD KERESZTVONAL- \u00c9S PONTL\u00c9ZER KOFFERBEN (4933478101)"},"content":{"rendered":"<h5>Tulajdons\u00e1gok:<\/h5>\n<ul class=\"ProductFeaturesTextstyles__FeatureList-fxqvf2-1 dUrrwH\">\n<li class=\"ProductFeaturesTextstyles__Feature-fxqvf2-3 ggyeUS\">Az\u00a0<a href=\"https:\/\/hu.milwaukeetool.eu\/systems\/m12\/\">M12\u2122<\/a>\u00a0z\u00f6ld keresztvonal- \u00e9s pontl\u00e9zer az \u00f6sszes sz\u00fcks\u00e9ges funkci\u00f3val ell\u00e1tott eszk\u00f6z, v\u00edzszintes \u00e9s f\u00fcgg\u0151leges szintez\u00e9ssel \u00e9s a f\u00fcgg\u0151leges pont padl\u00f3t\u00f3l a mennyezetig val\u00f3 be\u00e1ll\u00edt\u00e1snak c\u00e9lj\u00e1b\u00f3l<\/li>\n<li class=\"ProductFeaturesTextstyles__Feature-fxqvf2-3 ggyeUS\">Nagy intenzit\u00e1s\u00fa z\u00f6ld di\u00f3d\u00e1k a maxim\u00e1lis l\u00e1that\u00f3s\u00e1g \u00e9rdek\u00e9ben &#8211; a piros l\u00e9zerekhez k\u00e9pest ak\u00e1r 4x jobb l\u00e1that\u00f3s\u00e1g<\/li>\n<li class=\"ProductFeaturesTextstyles__Feature-fxqvf2-3 ggyeUS\">Nagy intenzit\u00e1s\u00fa z\u00f6ld f\u00e9ny &#8211; hat\u00f3t\u00e1vols\u00e1g 38 m (detektorral 100 m)<\/li>\n<li class=\"ProductFeaturesTextstyles__Feature-fxqvf2-3 ggyeUS\">Eg\u00e9sz napos (15+ \u00f3ra) m\u0171k\u00f6d\u00e9si id\u0151\u00a0<a href=\"https:\/\/hu.milwaukeetool.eu\/hu-hu\/m12-30-ah-akkumulator\/m12-b3\/\">M12 B3<\/a>\u00a0akkumul\u00e1torral<\/li>\n<li class=\"ProductFeaturesTextstyles__Feature-fxqvf2-3 ggyeUS\">3 \u00fczemm\u00f3d\u00fa ingarendszer: k\u00e9zi m\u00f3d b\u00e1rmilyen sz\u00f6gb\u0151l val\u00f3 haszn\u00e1latra, finombe\u00e1ll\u00edt\u00f3 m\u00f3d, amely jelzi a nem v\u00edzszintes \u00e1llapotot a 4\u00b0 -os \u00f6nszintez\u0151 tartom\u00e1nnyal, illetve az ingaz\u00e1r\u00f3 m\u00f3d, amely megv\u00e9di az alkatr\u00e9szeket sz\u00e1ll\u00edt\u00e1s sor\u00e1n<\/li>\n<li class=\"ProductFeaturesTextstyles__Feature-fxqvf2-3 ggyeUS\">Be\u00e9p\u00edtett m\u00e1gneses konzol h\u00e1ts\u00f3 falra szerelt, feler\u0151s\u00edtett ritkaf\u00f6ldf\u00e9m m\u00e1gnesekkel, \u00bc\u2033 \u00e9s \u215d\u2033 h\u00e1roml\u00e1b\u00fa \u00e1llv\u00e1ny menetekkel \u00e9s akaszt\u00f3lyukakkal &#8211; hozz\u00e1illeszthet\u0151 f\u00e9m csavarokhoz, fa csavarokhoz \u00e9s h\u00e1roml\u00e1b\u00fa \u00e1llv\u00e1nyhoz<\/li>\n<li class=\"ProductFeaturesTextstyles__Feature-fxqvf2-3 ggyeUS\">A konzol biztos\u00edtja a l\u00e9zer 360\u00b0-os elforgat\u00e1s\u00e1t is egy l\u00e9zerponton egy be\u00e9p\u00edtett, mikro vez\u00e9rl\u0151gomb seg\u00edts\u00e9g\u00e9vel a gyorsabb, pontok k\u00f6z\u00f6tti igaz\u00edt\u00e1shoz.<\/li>\n<li class=\"ProductFeaturesTextstyles__Feature-fxqvf2-3 ggyeUS\">Tart\u00f3s, gumibevonat\u00fa h\u00e1z IP 54 min\u0151s\u00edt\u00e9ssel, a l\u00e9zer ellen\u00e1ll v\u00edznek\/pornak, t\u00f6rmel\u00e9knek \u00e9s az ak\u00e1r 1 m\u00e9ter magass\u00e1gb\u00f3l t\u00f6rt\u00e9n\u0151 lees\u00e9snek<\/li>\n<li class=\"ProductFeaturesTextstyles__Feature-fxqvf2-3 ggyeUS\">Rugalmas akkumul\u00e1tor rendszerrel &#8211; MILWAUKEE\u00ae\u00a0<a href=\"https:\/\/hu.milwaukeetool.eu\/systems\/m12\/\">M12\u2122<\/a>\u00a0akkumul\u00e1torokkal m\u0171k\u00f6dik<\/li>\n<li class=\"ProductFeaturesTextstyles__Feature-fxqvf2-3 ggyeUS\">A k\u00e9szlet 1 db j\u00f3 l\u00e1that\u00f3s\u00e1g\u00fa c\u00e9lt\u00e1rgy lemezt \u00e9s 1 db r\u00f6gz\u00edt\u0151csipeszt tartalmaz<\/li>\n<\/ul>\n<h5>M\u0171szaki adatok:<\/h5>\n<ul>\n<li>T\u00edpus: Akkumul\u00e1toros, Li-ion 12V<\/li>\n<li>\u00d6nszintez\u0151 tartom\u00e1ny [\u00b0]: 4.0<\/li>\n<li>Belt\u00e9ri l\u00e1that\u00f3s\u00e1g [m]: 38.0<\/li>\n<li>K\u00f6vet\u00e9si tartom\u00e1ny [m]: 50 \/ 100<\/li>\n<li>Kompatibilis vonall\u00e9zer \u00e9rz\u00e9kel\u0151: LLD50 6 LRD100<\/li>\n<li>L\u00e9zer: 1x v\u00edzszintes, 1x f\u00fcgg\u0151leges, 2x k\u00f6v\u00e9r pont<\/li>\n<li>L\u00e9zer sz\u00edne: Z\u00f6ld<\/li>\n<li>L\u00e9zer oszt\u00e1ly: 2. oszt\u00e1ly<\/li>\n<li>Max. m\u0171k\u00f6d\u00e9si id\u0151 M12 B3 akkumul\u00e1torral (\u00f3ra): 15<\/li>\n<li>Pontoss\u00e1g (mm\/m): 0.3<\/li>\n<li>S\u00faly akkumul\u00e1torral (kg): 1.2<\/li>\n<\/ul>\n","protected":false},"excerpt":{"rendered":"<p><strong>A k\u00e9szlet tartalma:<\/strong><\/p>\n<ul>\n<li>1 db M12 CLLP Z\u00d6LD KERESZTVONAL- \u00c9S PONTL\u00c9ZER<\/li>\n<li>1 db Szersz\u00e1mkoffer<\/li>\n<li>j\u00f3 l\u00e1that\u00f3s\u00e1g\u00fa c\u00e9lt\u00e1rgy lemez, r\u00f6gz\u00edt\u0151csipesz<\/li>\n<\/ul>\n","protected":false},"featured_media":3885,"template":"","meta":[],"product_cat":[165,170,231,59,228,89],"product_tag":[],"class_list":["post-3884","product","type-product","status-publish","has-post-thumbnail","hentry","product_cat-akkumulatoros-gepek","product_cat-lezerek-es-meroeszkozok","product_cat-m12-rendszer","product_cat-milwaukee","product_cat-rendszer","product_cat-termekek"],"yoast_head":"<!-- This site is optimized with the Yoast SEO Premium plugin v21.3 (Yoast SEO v21.3) - https:\/\/yoast.com\/wordpress\/plugins\/seo\/ -->\n<title>MILWAUKEE M12 CLLP-0C Z\u00d6LD KERESZTVONAL- \u00c9S PONTL\u00c9ZER KOFFERBEN (4933478101) - Eurosmart - Milwaukee web\u00e1ruh\u00e1z<\/title>\n<meta name=\"robots\" content=\"index, follow, max-snippet:-1, max-image-preview:large, max-video-preview:-1\" \/>\n<link rel=\"canonical\" href=\"https:\/\/www.eurosmart.hu\/shop\/index.php\/termek\/milwaukee-m12-cllp-0c-m12-zold-keresztvonal-es-pontlezer-kofferben-4933478101\/\" \/>\n<meta property=\"og:locale\" content=\"hu_HU\" \/>\n<meta property=\"og:type\" content=\"article\" \/>\n<meta property=\"og:title\" content=\"MILWAUKEE M12 CLLP-0C Z\u00d6LD KERESZTVONAL- \u00c9S PONTL\u00c9ZER KOFFERBEN (4933478101)\" \/>\n<meta property=\"og:description\" content=\"A k\u00e9szlet tartalma:   1 db M12 CLLP Z\u00d6LD KERESZTVONAL- \u00c9S PONTL\u00c9ZER  1 db Szersz\u00e1mkoffer  j\u00f3 l\u00e1that\u00f3s\u00e1g\u00fa c\u00e9lt\u00e1rgy lemez, r\u00f6gz\u00edt\u0151csipesz\" \/>\n<meta property=\"og:url\" content=\"https:\/\/www.eurosmart.hu\/shop\/index.php\/termek\/milwaukee-m12-cllp-0c-m12-zold-keresztvonal-es-pontlezer-kofferben-4933478101\/\" \/>\n<meta property=\"og:site_name\" content=\"Eurosmart - Milwaukee web\u00e1ruh\u00e1z\" \/>\n<meta property=\"article:publisher\" content=\"https:\/\/www.facebook.com\/EurosmartKft\" \/>\n<meta property=\"article:modified_time\" content=\"2024-01-10T11:15:45+00:00\" \/>\n<meta property=\"og:image\" content=\"https:\/\/www.eurosmart.hu\/shop\/wp-content\/uploads\/2023\/10\/4933478101.webp\" \/>\n\t<meta property=\"og:image:width\" content=\"1000\" \/>\n\t<meta property=\"og:image:height\" content=\"1000\" \/>\n\t<meta property=\"og:image:type\" content=\"image\/webp\" \/>\n<meta name=\"twitter:card\" content=\"summary_large_image\" \/>\n<meta name=\"twitter:label1\" content=\"Price\" \/>\n\t<meta name=\"twitter:data1\" content=\"\" \/>\n\t<meta name=\"twitter:label2\" content=\"Availability\" \/>\n\t<meta name=\"twitter:data2\" content=\"On backorder\" \/>\n<script type=\"application\/ld+json\" class=\"yoast-schema-graph\">{\"@context\":\"https:\/\/schema.org\",\"@graph\":[{\"@type\":\"WebPage\",\"@id\":\"https:\/\/www.eurosmart.hu\/shop\/index.php\/termek\/milwaukee-m12-cllp-0c-m12-zold-keresztvonal-es-pontlezer-kofferben-4933478101\/\",\"url\":\"https:\/\/www.eurosmart.hu\/shop\/index.php\/termek\/milwaukee-m12-cllp-0c-m12-zold-keresztvonal-es-pontlezer-kofferben-4933478101\/\",\"name\":\"MILWAUKEE M12 CLLP-0C Z\u00d6LD KERESZTVONAL- \u00c9S PONTL\u00c9ZER KOFFERBEN (4933478101) - Eurosmart - Milwaukee web\u00e1ruh\u00e1z\",\"isPartOf\":{\"@id\":\"https:\/\/www.eurosmart.hu\/shop\/#website\"},\"datePublished\":\"2023-10-19T14:19:42+00:00\",\"dateModified\":\"2024-01-10T11:15:45+00:00\",\"breadcrumb\":{\"@id\":\"https:\/\/www.eurosmart.hu\/shop\/index.php\/termek\/milwaukee-m12-cllp-0c-m12-zold-keresztvonal-es-pontlezer-kofferben-4933478101\/#breadcrumb\"},\"inLanguage\":\"hu\",\"potentialAction\":[{\"@type\":\"ReadAction\",\"target\":[\"https:\/\/www.eurosmart.hu\/shop\/index.php\/termek\/milwaukee-m12-cllp-0c-m12-zold-keresztvonal-es-pontlezer-kofferben-4933478101\/\"]}]},{\"@type\":\"BreadcrumbList\",\"@id\":\"https:\/\/www.eurosmart.hu\/shop\/index.php\/termek\/milwaukee-m12-cllp-0c-m12-zold-keresztvonal-es-pontlezer-kofferben-4933478101\/#breadcrumb\",\"itemListElement\":[{\"@type\":\"ListItem\",\"position\":1,\"name\":\"Kezd\u0151lap\",\"item\":\"https:\/\/www.eurosmart.hu\/shop\/\"},{\"@type\":\"ListItem\",\"position\":2,\"name\":\"Term\u00e9keink\",\"item\":\"https:\/\/www.eurosmart.hu\/shop\/index.php\/uzlet\/\"},{\"@type\":\"ListItem\",\"position\":3,\"name\":\"MILWAUKEE M12 CLLP-0C Z\u00d6LD KERESZTVONAL- \u00c9S PONTL\u00c9ZER KOFFERBEN (4933478101)\"}]},{\"@type\":\"WebSite\",\"@id\":\"https:\/\/www.eurosmart.hu\/shop\/#website\",\"url\":\"https:\/\/www.eurosmart.hu\/shop\/\",\"name\":\"Eurosmart - Milwaukee web\u00e1ruh\u00e1z\",\"description\":\"Milwaukee web\u00e1ruh\u00e1z\",\"publisher\":{\"@id\":\"https:\/\/www.eurosmart.hu\/shop\/#organization\"},\"potentialAction\":[{\"@type\":\"SearchAction\",\"target\":{\"@type\":\"EntryPoint\",\"urlTemplate\":\"https:\/\/www.eurosmart.hu\/shop\/?s={search_term_string}\"},\"query-input\":\"required name=search_term_string\"}],\"inLanguage\":\"hu\"},{\"@type\":\"Organization\",\"@id\":\"https:\/\/www.eurosmart.hu\/shop\/#organization\",\"name\":\"Eurosmart - Milwaukee web\u00e1ruh\u00e1z\",\"url\":\"https:\/\/www.eurosmart.hu\/shop\/\",\"logo\":{\"@type\":\"ImageObject\",\"inLanguage\":\"hu\",\"@id\":\"https:\/\/www.eurosmart.hu\/shop\/#\/schema\/logo\/image\/\",\"url\":\"https:\/\/www.eurosmart.hu\/shop\/wp-content\/uploads\/2023\/10\/milwaukee-logo-1.png\",\"contentUrl\":\"https:\/\/www.eurosmart.hu\/shop\/wp-content\/uploads\/2023\/10\/milwaukee-logo-1.png\",\"width\":500,\"height\":200,\"caption\":\"Eurosmart - Milwaukee web\u00e1ruh\u00e1z\"},\"image\":{\"@id\":\"https:\/\/www.eurosmart.hu\/shop\/#\/schema\/logo\/image\/\"},\"sameAs\":[\"https:\/\/www.facebook.com\/EurosmartKft\"]}]}<\/script>\n<meta property=\"product:price:amount\" content=\"0\" \/>\n<meta property=\"product:price:currency\" content=\"HUF\" \/>\n<meta property=\"og:availability\" content=\"backorder\" \/>\n<meta property=\"product:availability\" content=\"available for order\" \/>\n<meta property=\"product:retailer_item_id\" content=\"4933478101\" \/>\n<meta property=\"product:condition\" content=\"new\" \/>\n<!-- \/ Yoast SEO Premium plugin. -->","yoast_head_json":{"title":"MILWAUKEE M12 CLLP-0C Z\u00d6LD KERESZTVONAL- \u00c9S PONTL\u00c9ZER KOFFERBEN (4933478101) - Eurosmart - Milwaukee web\u00e1ruh\u00e1z","robots":{"index":"index","follow":"follow","max-snippet":"max-snippet:-1","max-image-preview":"max-image-preview:large","max-video-preview":"max-video-preview:-1"},"canonical":"https:\/\/www.eurosmart.hu\/shop\/index.php\/termek\/milwaukee-m12-cllp-0c-m12-zold-keresztvonal-es-pontlezer-kofferben-4933478101\/","og_locale":"hu_HU","og_type":"article","og_title":"MILWAUKEE M12 CLLP-0C Z\u00d6LD KERESZTVONAL- \u00c9S PONTL\u00c9ZER KOFFERBEN (4933478101)","og_description":"A k\u00e9szlet tartalma:   1 db M12 CLLP Z\u00d6LD KERESZTVONAL- \u00c9S PONTL\u00c9ZER  1 db Szersz\u00e1mkoffer  j\u00f3 l\u00e1that\u00f3s\u00e1g\u00fa c\u00e9lt\u00e1rgy lemez, r\u00f6gz\u00edt\u0151csipesz","og_url":"https:\/\/www.eurosmart.hu\/shop\/index.php\/termek\/milwaukee-m12-cllp-0c-m12-zold-keresztvonal-es-pontlezer-kofferben-4933478101\/","og_site_name":"Eurosmart - Milwaukee web\u00e1ruh\u00e1z","article_publisher":"https:\/\/www.facebook.com\/EurosmartKft","article_modified_time":"2024-01-10T11:15:45+00:00","og_image":[{"width":1000,"height":1000,"url":"https:\/\/www.eurosmart.hu\/shop\/wp-content\/uploads\/2023\/10\/4933478101.webp","type":"image\/webp"}],"twitter_card":"summary_large_image","twitter_misc":{"Price":"","Availability":"On backorder"},"schema":{"@context":"https:\/\/schema.org","@graph":[{"@type":"WebPage","@id":"https:\/\/www.eurosmart.hu\/shop\/index.php\/termek\/milwaukee-m12-cllp-0c-m12-zold-keresztvonal-es-pontlezer-kofferben-4933478101\/","url":"https:\/\/www.eurosmart.hu\/shop\/index.php\/termek\/milwaukee-m12-cllp-0c-m12-zold-keresztvonal-es-pontlezer-kofferben-4933478101\/","name":"MILWAUKEE M12 CLLP-0C Z\u00d6LD KERESZTVONAL- \u00c9S PONTL\u00c9ZER KOFFERBEN (4933478101) - Eurosmart - Milwaukee web\u00e1ruh\u00e1z","isPartOf":{"@id":"https:\/\/www.eurosmart.hu\/shop\/#website"},"datePublished":"2023-10-19T14:19:42+00:00","dateModified":"2024-01-10T11:15:45+00:00","breadcrumb":{"@id":"https:\/\/www.eurosmart.hu\/shop\/index.php\/termek\/milwaukee-m12-cllp-0c-m12-zold-keresztvonal-es-pontlezer-kofferben-4933478101\/#breadcrumb"},"inLanguage":"hu","potentialAction":[{"@type":"ReadAction","target":["https:\/\/www.eurosmart.hu\/shop\/index.php\/termek\/milwaukee-m12-cllp-0c-m12-zold-keresztvonal-es-pontlezer-kofferben-4933478101\/"]}]},{"@type":"BreadcrumbList","@id":"https:\/\/www.eurosmart.hu\/shop\/index.php\/termek\/milwaukee-m12-cllp-0c-m12-zold-keresztvonal-es-pontlezer-kofferben-4933478101\/#breadcrumb","itemListElement":[{"@type":"ListItem","position":1,"name":"Kezd\u0151lap","item":"https:\/\/www.eurosmart.hu\/shop\/"},{"@type":"ListItem","position":2,"name":"Term\u00e9keink","item":"https:\/\/www.eurosmart.hu\/shop\/index.php\/uzlet\/"},{"@type":"ListItem","position":3,"name":"MILWAUKEE M12 CLLP-0C Z\u00d6LD KERESZTVONAL- \u00c9S PONTL\u00c9ZER KOFFERBEN (4933478101)"}]},{"@type":"WebSite","@id":"https:\/\/www.eurosmart.hu\/shop\/#website","url":"https:\/\/www.eurosmart.hu\/shop\/","name":"Eurosmart - Milwaukee web\u00e1ruh\u00e1z","description":"Milwaukee web\u00e1ruh\u00e1z","publisher":{"@id":"https:\/\/www.eurosmart.hu\/shop\/#organization"},"potentialAction":[{"@type":"SearchAction","target":{"@type":"EntryPoint","urlTemplate":"https:\/\/www.eurosmart.hu\/shop\/?s={search_term_string}"},"query-input":"required name=search_term_string"}],"inLanguage":"hu"},{"@type":"Organization","@id":"https:\/\/www.eurosmart.hu\/shop\/#organization","name":"Eurosmart - Milwaukee web\u00e1ruh\u00e1z","url":"https:\/\/www.eurosmart.hu\/shop\/","logo":{"@type":"ImageObject","inLanguage":"hu","@id":"https:\/\/www.eurosmart.hu\/shop\/#\/schema\/logo\/image\/","url":"https:\/\/www.eurosmart.hu\/shop\/wp-content\/uploads\/2023\/10\/milwaukee-logo-1.png","contentUrl":"https:\/\/www.eurosmart.hu\/shop\/wp-content\/uploads\/2023\/10\/milwaukee-logo-1.png","width":500,"height":200,"caption":"Eurosmart - Milwaukee web\u00e1ruh\u00e1z"},"image":{"@id":"https:\/\/www.eurosmart.hu\/shop\/#\/schema\/logo\/image\/"},"sameAs":["https:\/\/www.facebook.com\/EurosmartKft"]}]},"product_price_currency":"HUF","og_availability":"backorder","product_availability":"available for order","product_retailer_item_id":"4933478101","product_condition":"new"},"_links":{"self":[{"href":"https:\/\/www.eurosmart.hu\/shop\/index.php\/wp-json\/wp\/v2\/product\/3884","targetHints":{"allow":["GET"]}}],"collection":[{"href":"https:\/\/www.eurosmart.hu\/shop\/index.php\/wp-json\/wp\/v2\/product"}],"about":[{"href":"https:\/\/www.eurosmart.hu\/shop\/index.php\/wp-json\/wp\/v2\/types\/product"}],"wp:featuredmedia":[{"embeddable":true,"href":"https:\/\/www.eurosmart.hu\/shop\/index.php\/wp-json\/wp\/v2\/media\/3885"}],"wp:attachment":[{"href":"https:\/\/www.eurosmart.hu\/shop\/index.php\/wp-json\/wp\/v2\/media?parent=3884"}],"wp:term":[{"taxonomy":"product_cat","embeddable":true,"href":"https:\/\/www.eurosmart.hu\/shop\/index.php\/wp-json\/wp\/v2\/product_cat?post=3884"},{"taxonomy":"product_tag","embeddable":true,"href":"https:\/\/www.eurosmart.hu\/shop\/index.php\/wp-json\/wp\/v2\/product_tag?post=3884"}],"curies":[{"name":"wp","href":"https:\/\/api.w.org\/{rel}","templated":true}]}}