{"id":3868,"date":"2023-10-19T12:37:08","date_gmt":"2023-10-19T12:37:08","guid":{"rendered":"https:\/\/www.eurosmart.hu\/shop\/?post_type=product&#038;p=3868"},"modified":"2024-01-04T13:55:49","modified_gmt":"2024-01-04T13:55:49","slug":"milwaukee-m18-fcsg66-0-m18-fuel-66-mm-korfuresz-fahoz-es-muanyaghoz-vezetosinnel-kompatibilis-4933472163","status":"publish","type":"product","link":"https:\/\/www.eurosmart.hu\/shop\/index.php\/termek\/milwaukee-m18-fcsg66-0-m18-fuel-66-mm-korfuresz-fahoz-es-muanyaghoz-vezetosinnel-kompatibilis-4933472163\/","title":{"rendered":"MILWAUKEE M18 FCSG66-0 FUEL\u2122 66 MM K\u00d6RF\u0170R\u00c9SZ F\u00c1HOZ \u00c9S M\u0170ANYAGHOZ, VEZET\u0150S\u00cdNNEL KOMPATIBILIS (4933472163)"},"content":{"rendered":"<h5>Tulajdons\u00e1gok:<\/h5>\n<ul class=\"ProductFeaturesTextstyles__FeatureList-fxqvf2-1 dUrrwH\">\n<li class=\"ProductFeaturesTextstyles__Feature-fxqvf2-3 ggyeUS\">Az\u00a0<a href=\"https:\/\/hu.milwaukeetool.eu\/systems\/m18\/fuel\/\">M18 FUEL\u2122<\/a>\u00a0k\u00f6rf\u0171r\u00e9sz p\u00e1ratlan teljes\u00edtm\u00e9nyt ny\u00fajt \u00e9s a 12.0 Ah-s akkumul\u00e1torral ak\u00e1r 750 darab 90 mm x 45 mm-es feny\u0151darabot k\u00e9pes \u00e1tv\u00e1gni egy akkumul\u00e1tor t\u00f6lt\u00e9ssel<\/li>\n<li class=\"ProductFeaturesTextstyles__Feature-fxqvf2-3 ggyeUS\">A 190 mm-es f\u0171r\u00e9szlap 66 mm-es v\u00e1g\u00e1si m\u00e9lys\u00e9get tesz lehet\u0151v\u00e9, ak\u00e1r 3 egym\u00e1sra rakott OSB lapot is elv\u00e1g<\/li>\n<li class=\"ProductFeaturesTextstyles__Feature-fxqvf2-3 ggyeUS\">A MILWAUKEE\u00ae vezet\u0151s\u00ednnel kompatibilis magn\u00e9zium cs\u00fasz\u00f3saru (k\u00fcl\u00f6n megv\u00e1s\u00e1rolhat\u00f3). Ez lehet\u0151v\u00e9 teszi a felhaszn\u00e1l\u00f3 sz\u00e1m\u00e1ra, hogy minim\u00e1lis be\u00e1ll\u00edt\u00e1si id\u0151t k\u00f6vet\u0151en egyenes \u00e9s pontos v\u00e1g\u00e1sokat hajtson v\u00e9gre lemezeken<\/li>\n<li class=\"ProductFeaturesTextstyles__Feature-fxqvf2-3 ggyeUS\">Praktikus, f\u00e9m akaszt\u00f3<\/li>\n<li class=\"ProductFeaturesTextstyles__Feature-fxqvf2-3 ggyeUS\">V\u00e1kuum adapter seg\u00edts\u00e9g\u00e9vel k\u00f6zvetlen\u00fcl illeszkedik az \u00f6sszes MILWAUKEE\u00ae porelsz\u00edv\u00f3hoz<\/li>\n<li class=\"ProductFeaturesTextstyles__Feature-fxqvf2-3 ggyeUS\">56\u00b0-os ferdev\u00e1g\u00e1s tartom\u00e1ny<\/li>\n<li class=\"ProductFeaturesTextstyles__Feature-fxqvf2-3 ggyeUS\">Be\u00e9p\u00edtett LED f\u00e9ny a munkater\u00fclet megvil\u00e1g\u00edt\u00e1s\u00e1hoz<\/li>\n<li class=\"ProductFeaturesTextstyles__Feature-fxqvf2-3 ggyeUS\">A HIGH OUTPUT\u2122 rendszer \u00faj szintre emeli az\u00a0<a href=\"https:\/\/hu.milwaukeetool.eu\/systems\/m18\/fuel\/\">M18 FUEL\u2122<\/a>\u00a0technol\u00f3gi\u00e1t, n\u00f6veli a termel\u00e9kenys\u00e9get \u00e9s meghosszabb\u00edtja az \u00fczemid\u0151t. Ezeket az eszk\u00f6z\u00f6ket \u00fagy tervezt\u00e9k, hogy maxim\u00e1lisan kompatibilisek legyenek a HIGH OUTPUT\u2122 akkumul\u00e1torokkal.<\/li>\n<li class=\"ProductFeaturesTextstyles__Feature-fxqvf2-3 ggyeUS\">Rugalmas akkumul\u00e1tor rendszerrel &#8211; MILWAUKEE\u00ae\u00a0<a href=\"https:\/\/hu.milwaukeetool.eu\/systems\/m18\/\">M18\u2122<\/a>\u00a0akkumul\u00e1torokkal m\u0171k\u00f6dik<\/li>\n<\/ul>\n<h5>M\u0171szaki adatok:<\/h5>\n<ul>\n<li>T\u00edpus: Akkumul\u00e1toros, Li-ion 18V<\/li>\n<li>Befog\u00f3t\u00fcske m\u00e9rete: 30 mm<\/li>\n<li>F\u0171r\u00e9szlap\u00e1tm\u00e9r\u0151: 190 mm<\/li>\n<li>V\u00e1g\u00e1si m\u00e9lys\u00e9g (45\u00b0): 48 mm<\/li>\n<li>V\u00e1g\u00e1si m\u00e9lys\u00e9g (90\u00b0): 66 mm<\/li>\n<li>\u00dcresj\u00e1rati fordulatsz\u00e1m: 5800 ford\/perc<\/li>\n<li>S\u00faly akkumul\u00e1torral: 5.6 kg<\/li>\n<\/ul>\n","protected":false},"excerpt":{"rendered":"<p><strong>A k\u00e9szlet tartalma:<\/strong><\/p>\n<ul>\n<li>1 db M18 FCSG66 K\u00d6RF\u0170R\u00c9SZ <em>(akkumul\u00e1tor, t\u00f6lt\u0151 \u00e9s koffer n\u00e9lk\u00fcl sz\u00e1ll\u00edtva!)<\/em><\/li>\n<li>F\u0171r\u00e9szlap, oldalkorl\u00e1t, porelt\u00e1vol\u00edt\u00f3 garat, f\u0171r\u00e9szlap kulcs<\/li>\n<\/ul>\n","protected":false},"featured_media":3869,"template":"","meta":[],"product_cat":[165,169,230,59,228,89],"product_tag":[],"class_list":["post-3868","product","type-product","status-publish","has-post-thumbnail","hentry","product_cat-akkumulatoros-gepek","product_cat-akkus-fureszeles-es-vagas","product_cat-m18-rendszer","product_cat-milwaukee","product_cat-rendszer","product_cat-termekek"],"yoast_head":"<!-- This site is optimized with the Yoast SEO Premium plugin v21.3 (Yoast SEO v21.3) - https:\/\/yoast.com\/wordpress\/plugins\/seo\/ -->\n<title>MILWAUKEE M18 FCSG66-0 FUEL\u2122 66 MM K\u00d6RF\u0170R\u00c9SZ F\u00c1HOZ \u00c9S M\u0170ANYAGHOZ, VEZET\u0150S\u00cdNNEL KOMPATIBILIS (4933472163) - Eurosmart - Milwaukee web\u00e1ruh\u00e1z<\/title>\n<meta name=\"robots\" content=\"index, follow, max-snippet:-1, max-image-preview:large, max-video-preview:-1\" \/>\n<link rel=\"canonical\" href=\"https:\/\/www.eurosmart.hu\/shop\/index.php\/termek\/milwaukee-m18-fcsg66-0-m18-fuel-66-mm-korfuresz-fahoz-es-muanyaghoz-vezetosinnel-kompatibilis-4933472163\/\" \/>\n<meta property=\"og:locale\" content=\"hu_HU\" \/>\n<meta property=\"og:type\" content=\"article\" \/>\n<meta property=\"og:title\" content=\"MILWAUKEE M18 FCSG66-0 FUEL\u2122 66 MM K\u00d6RF\u0170R\u00c9SZ F\u00c1HOZ \u00c9S M\u0170ANYAGHOZ, VEZET\u0150S\u00cdNNEL KOMPATIBILIS (4933472163)\" \/>\n<meta property=\"og:description\" content=\"A k\u00e9szlet tartalma:   1 db M18 FCSG66 K\u00d6RF\u0170R\u00c9SZ (akkumul\u00e1tor, t\u00f6lt\u0151 \u00e9s koffer n\u00e9lk\u00fcl sz\u00e1ll\u00edtva!)  F\u0171r\u00e9szlap, oldalkorl\u00e1t, porelt\u00e1vol\u00edt\u00f3 garat, f\u0171r\u00e9szlap kulcs\" \/>\n<meta property=\"og:url\" content=\"https:\/\/www.eurosmart.hu\/shop\/index.php\/termek\/milwaukee-m18-fcsg66-0-m18-fuel-66-mm-korfuresz-fahoz-es-muanyaghoz-vezetosinnel-kompatibilis-4933472163\/\" \/>\n<meta property=\"og:site_name\" content=\"Eurosmart - Milwaukee web\u00e1ruh\u00e1z\" \/>\n<meta property=\"article:publisher\" content=\"https:\/\/www.facebook.com\/EurosmartKft\" \/>\n<meta property=\"article:modified_time\" content=\"2024-01-04T13:55:49+00:00\" \/>\n<meta property=\"og:image\" content=\"https:\/\/www.eurosmart.hu\/shop\/wp-content\/uploads\/2023\/10\/4933472163.webp\" \/>\n\t<meta property=\"og:image:width\" content=\"1000\" \/>\n\t<meta property=\"og:image:height\" content=\"1000\" \/>\n\t<meta property=\"og:image:type\" content=\"image\/webp\" \/>\n<meta name=\"twitter:card\" content=\"summary_large_image\" \/>\n<meta name=\"twitter:label1\" content=\"Price\" \/>\n\t<meta name=\"twitter:data1\" content=\"\" \/>\n\t<meta name=\"twitter:label2\" content=\"Availability\" \/>\n\t<meta name=\"twitter:data2\" content=\"On backorder\" \/>\n<script type=\"application\/ld+json\" class=\"yoast-schema-graph\">{\"@context\":\"https:\/\/schema.org\",\"@graph\":[{\"@type\":\"WebPage\",\"@id\":\"https:\/\/www.eurosmart.hu\/shop\/index.php\/termek\/milwaukee-m18-fcsg66-0-m18-fuel-66-mm-korfuresz-fahoz-es-muanyaghoz-vezetosinnel-kompatibilis-4933472163\/\",\"url\":\"https:\/\/www.eurosmart.hu\/shop\/index.php\/termek\/milwaukee-m18-fcsg66-0-m18-fuel-66-mm-korfuresz-fahoz-es-muanyaghoz-vezetosinnel-kompatibilis-4933472163\/\",\"name\":\"MILWAUKEE M18 FCSG66-0 FUEL\u2122 66 MM K\u00d6RF\u0170R\u00c9SZ F\u00c1HOZ \u00c9S M\u0170ANYAGHOZ, VEZET\u0150S\u00cdNNEL KOMPATIBILIS (4933472163) - Eurosmart - Milwaukee web\u00e1ruh\u00e1z\",\"isPartOf\":{\"@id\":\"https:\/\/www.eurosmart.hu\/shop\/#website\"},\"datePublished\":\"2023-10-19T12:37:08+00:00\",\"dateModified\":\"2024-01-04T13:55:49+00:00\",\"breadcrumb\":{\"@id\":\"https:\/\/www.eurosmart.hu\/shop\/index.php\/termek\/milwaukee-m18-fcsg66-0-m18-fuel-66-mm-korfuresz-fahoz-es-muanyaghoz-vezetosinnel-kompatibilis-4933472163\/#breadcrumb\"},\"inLanguage\":\"hu\",\"potentialAction\":[{\"@type\":\"ReadAction\",\"target\":[\"https:\/\/www.eurosmart.hu\/shop\/index.php\/termek\/milwaukee-m18-fcsg66-0-m18-fuel-66-mm-korfuresz-fahoz-es-muanyaghoz-vezetosinnel-kompatibilis-4933472163\/\"]}]},{\"@type\":\"BreadcrumbList\",\"@id\":\"https:\/\/www.eurosmart.hu\/shop\/index.php\/termek\/milwaukee-m18-fcsg66-0-m18-fuel-66-mm-korfuresz-fahoz-es-muanyaghoz-vezetosinnel-kompatibilis-4933472163\/#breadcrumb\",\"itemListElement\":[{\"@type\":\"ListItem\",\"position\":1,\"name\":\"Kezd\u0151lap\",\"item\":\"https:\/\/www.eurosmart.hu\/shop\/\"},{\"@type\":\"ListItem\",\"position\":2,\"name\":\"Term\u00e9keink\",\"item\":\"https:\/\/www.eurosmart.hu\/shop\/index.php\/uzlet\/\"},{\"@type\":\"ListItem\",\"position\":3,\"name\":\"MILWAUKEE M18 FCSG66-0 FUEL\u2122 66 MM K\u00d6RF\u0170R\u00c9SZ F\u00c1HOZ \u00c9S M\u0170ANYAGHOZ, VEZET\u0150S\u00cdNNEL KOMPATIBILIS (4933472163)\"}]},{\"@type\":\"WebSite\",\"@id\":\"https:\/\/www.eurosmart.hu\/shop\/#website\",\"url\":\"https:\/\/www.eurosmart.hu\/shop\/\",\"name\":\"Eurosmart - Milwaukee web\u00e1ruh\u00e1z\",\"description\":\"Milwaukee web\u00e1ruh\u00e1z\",\"publisher\":{\"@id\":\"https:\/\/www.eurosmart.hu\/shop\/#organization\"},\"potentialAction\":[{\"@type\":\"SearchAction\",\"target\":{\"@type\":\"EntryPoint\",\"urlTemplate\":\"https:\/\/www.eurosmart.hu\/shop\/?s={search_term_string}\"},\"query-input\":\"required name=search_term_string\"}],\"inLanguage\":\"hu\"},{\"@type\":\"Organization\",\"@id\":\"https:\/\/www.eurosmart.hu\/shop\/#organization\",\"name\":\"Eurosmart - Milwaukee web\u00e1ruh\u00e1z\",\"url\":\"https:\/\/www.eurosmart.hu\/shop\/\",\"logo\":{\"@type\":\"ImageObject\",\"inLanguage\":\"hu\",\"@id\":\"https:\/\/www.eurosmart.hu\/shop\/#\/schema\/logo\/image\/\",\"url\":\"https:\/\/www.eurosmart.hu\/shop\/wp-content\/uploads\/2023\/10\/milwaukee-logo-1.png\",\"contentUrl\":\"https:\/\/www.eurosmart.hu\/shop\/wp-content\/uploads\/2023\/10\/milwaukee-logo-1.png\",\"width\":500,\"height\":200,\"caption\":\"Eurosmart - Milwaukee web\u00e1ruh\u00e1z\"},\"image\":{\"@id\":\"https:\/\/www.eurosmart.hu\/shop\/#\/schema\/logo\/image\/\"},\"sameAs\":[\"https:\/\/www.facebook.com\/EurosmartKft\"]}]}<\/script>\n<meta property=\"product:price:amount\" content=\"0\" \/>\n<meta property=\"product:price:currency\" content=\"HUF\" \/>\n<meta property=\"og:availability\" content=\"backorder\" \/>\n<meta property=\"product:availability\" content=\"available for order\" \/>\n<meta property=\"product:retailer_item_id\" content=\"4933472163\" \/>\n<meta property=\"product:condition\" content=\"new\" \/>\n<!-- \/ Yoast SEO Premium plugin. -->","yoast_head_json":{"title":"MILWAUKEE M18 FCSG66-0 FUEL\u2122 66 MM K\u00d6RF\u0170R\u00c9SZ F\u00c1HOZ \u00c9S M\u0170ANYAGHOZ, VEZET\u0150S\u00cdNNEL KOMPATIBILIS (4933472163) - Eurosmart - Milwaukee web\u00e1ruh\u00e1z","robots":{"index":"index","follow":"follow","max-snippet":"max-snippet:-1","max-image-preview":"max-image-preview:large","max-video-preview":"max-video-preview:-1"},"canonical":"https:\/\/www.eurosmart.hu\/shop\/index.php\/termek\/milwaukee-m18-fcsg66-0-m18-fuel-66-mm-korfuresz-fahoz-es-muanyaghoz-vezetosinnel-kompatibilis-4933472163\/","og_locale":"hu_HU","og_type":"article","og_title":"MILWAUKEE M18 FCSG66-0 FUEL\u2122 66 MM K\u00d6RF\u0170R\u00c9SZ F\u00c1HOZ \u00c9S M\u0170ANYAGHOZ, VEZET\u0150S\u00cdNNEL KOMPATIBILIS (4933472163)","og_description":"A k\u00e9szlet tartalma:   1 db M18 FCSG66 K\u00d6RF\u0170R\u00c9SZ (akkumul\u00e1tor, t\u00f6lt\u0151 \u00e9s koffer n\u00e9lk\u00fcl sz\u00e1ll\u00edtva!)  F\u0171r\u00e9szlap, oldalkorl\u00e1t, porelt\u00e1vol\u00edt\u00f3 garat, f\u0171r\u00e9szlap kulcs","og_url":"https:\/\/www.eurosmart.hu\/shop\/index.php\/termek\/milwaukee-m18-fcsg66-0-m18-fuel-66-mm-korfuresz-fahoz-es-muanyaghoz-vezetosinnel-kompatibilis-4933472163\/","og_site_name":"Eurosmart - Milwaukee web\u00e1ruh\u00e1z","article_publisher":"https:\/\/www.facebook.com\/EurosmartKft","article_modified_time":"2024-01-04T13:55:49+00:00","og_image":[{"width":1000,"height":1000,"url":"https:\/\/www.eurosmart.hu\/shop\/wp-content\/uploads\/2023\/10\/4933472163.webp","type":"image\/webp"}],"twitter_card":"summary_large_image","twitter_misc":{"Price":"","Availability":"On backorder"},"schema":{"@context":"https:\/\/schema.org","@graph":[{"@type":"WebPage","@id":"https:\/\/www.eurosmart.hu\/shop\/index.php\/termek\/milwaukee-m18-fcsg66-0-m18-fuel-66-mm-korfuresz-fahoz-es-muanyaghoz-vezetosinnel-kompatibilis-4933472163\/","url":"https:\/\/www.eurosmart.hu\/shop\/index.php\/termek\/milwaukee-m18-fcsg66-0-m18-fuel-66-mm-korfuresz-fahoz-es-muanyaghoz-vezetosinnel-kompatibilis-4933472163\/","name":"MILWAUKEE M18 FCSG66-0 FUEL\u2122 66 MM K\u00d6RF\u0170R\u00c9SZ F\u00c1HOZ \u00c9S M\u0170ANYAGHOZ, VEZET\u0150S\u00cdNNEL KOMPATIBILIS (4933472163) - Eurosmart - Milwaukee web\u00e1ruh\u00e1z","isPartOf":{"@id":"https:\/\/www.eurosmart.hu\/shop\/#website"},"datePublished":"2023-10-19T12:37:08+00:00","dateModified":"2024-01-04T13:55:49+00:00","breadcrumb":{"@id":"https:\/\/www.eurosmart.hu\/shop\/index.php\/termek\/milwaukee-m18-fcsg66-0-m18-fuel-66-mm-korfuresz-fahoz-es-muanyaghoz-vezetosinnel-kompatibilis-4933472163\/#breadcrumb"},"inLanguage":"hu","potentialAction":[{"@type":"ReadAction","target":["https:\/\/www.eurosmart.hu\/shop\/index.php\/termek\/milwaukee-m18-fcsg66-0-m18-fuel-66-mm-korfuresz-fahoz-es-muanyaghoz-vezetosinnel-kompatibilis-4933472163\/"]}]},{"@type":"BreadcrumbList","@id":"https:\/\/www.eurosmart.hu\/shop\/index.php\/termek\/milwaukee-m18-fcsg66-0-m18-fuel-66-mm-korfuresz-fahoz-es-muanyaghoz-vezetosinnel-kompatibilis-4933472163\/#breadcrumb","itemListElement":[{"@type":"ListItem","position":1,"name":"Kezd\u0151lap","item":"https:\/\/www.eurosmart.hu\/shop\/"},{"@type":"ListItem","position":2,"name":"Term\u00e9keink","item":"https:\/\/www.eurosmart.hu\/shop\/index.php\/uzlet\/"},{"@type":"ListItem","position":3,"name":"MILWAUKEE M18 FCSG66-0 FUEL\u2122 66 MM K\u00d6RF\u0170R\u00c9SZ F\u00c1HOZ \u00c9S M\u0170ANYAGHOZ, VEZET\u0150S\u00cdNNEL KOMPATIBILIS (4933472163)"}]},{"@type":"WebSite","@id":"https:\/\/www.eurosmart.hu\/shop\/#website","url":"https:\/\/www.eurosmart.hu\/shop\/","name":"Eurosmart - Milwaukee web\u00e1ruh\u00e1z","description":"Milwaukee web\u00e1ruh\u00e1z","publisher":{"@id":"https:\/\/www.eurosmart.hu\/shop\/#organization"},"potentialAction":[{"@type":"SearchAction","target":{"@type":"EntryPoint","urlTemplate":"https:\/\/www.eurosmart.hu\/shop\/?s={search_term_string}"},"query-input":"required name=search_term_string"}],"inLanguage":"hu"},{"@type":"Organization","@id":"https:\/\/www.eurosmart.hu\/shop\/#organization","name":"Eurosmart - Milwaukee web\u00e1ruh\u00e1z","url":"https:\/\/www.eurosmart.hu\/shop\/","logo":{"@type":"ImageObject","inLanguage":"hu","@id":"https:\/\/www.eurosmart.hu\/shop\/#\/schema\/logo\/image\/","url":"https:\/\/www.eurosmart.hu\/shop\/wp-content\/uploads\/2023\/10\/milwaukee-logo-1.png","contentUrl":"https:\/\/www.eurosmart.hu\/shop\/wp-content\/uploads\/2023\/10\/milwaukee-logo-1.png","width":500,"height":200,"caption":"Eurosmart - Milwaukee web\u00e1ruh\u00e1z"},"image":{"@id":"https:\/\/www.eurosmart.hu\/shop\/#\/schema\/logo\/image\/"},"sameAs":["https:\/\/www.facebook.com\/EurosmartKft"]}]},"product_price_currency":"HUF","og_availability":"backorder","product_availability":"available for order","product_retailer_item_id":"4933472163","product_condition":"new"},"_links":{"self":[{"href":"https:\/\/www.eurosmart.hu\/shop\/index.php\/wp-json\/wp\/v2\/product\/3868","targetHints":{"allow":["GET"]}}],"collection":[{"href":"https:\/\/www.eurosmart.hu\/shop\/index.php\/wp-json\/wp\/v2\/product"}],"about":[{"href":"https:\/\/www.eurosmart.hu\/shop\/index.php\/wp-json\/wp\/v2\/types\/product"}],"wp:featuredmedia":[{"embeddable":true,"href":"https:\/\/www.eurosmart.hu\/shop\/index.php\/wp-json\/wp\/v2\/media\/3869"}],"wp:attachment":[{"href":"https:\/\/www.eurosmart.hu\/shop\/index.php\/wp-json\/wp\/v2\/media?parent=3868"}],"wp:term":[{"taxonomy":"product_cat","embeddable":true,"href":"https:\/\/www.eurosmart.hu\/shop\/index.php\/wp-json\/wp\/v2\/product_cat?post=3868"},{"taxonomy":"product_tag","embeddable":true,"href":"https:\/\/www.eurosmart.hu\/shop\/index.php\/wp-json\/wp\/v2\/product_tag?post=3868"}],"curies":[{"name":"wp","href":"https:\/\/api.w.org\/{rel}","templated":true}]}}