{"id":3864,"date":"2023-10-19T11:33:05","date_gmt":"2023-10-19T11:33:05","guid":{"rendered":"https:\/\/www.eurosmart.hu\/shop\/?post_type=product&#038;p=3864"},"modified":"2024-01-04T13:50:07","modified_gmt":"2024-01-04T13:50:07","slug":"milwaukee-m18-fmcs66-0c-m18-fuel-femvago-korfuresz-kofferben-4933472110","status":"publish","type":"product","link":"https:\/\/www.eurosmart.hu\/shop\/index.php\/termek\/milwaukee-m18-fmcs66-0c-m18-fuel-femvago-korfuresz-kofferben-4933472110\/","title":{"rendered":"MILWAUKEE M18 FMCS66-0C FUEL\u2122 F\u00c9MV\u00c1G\u00d3 K\u00d6RF\u0170R\u00c9SZ KOFFERBEN (4933472110)"},"content":{"rendered":"<h5>Tulajdons\u00e1gok:<\/h5>\n<ul class=\"ProductFeaturesTextstyles__FeatureList-fxqvf2-1 dUrrwH\">\n<li class=\"ProductFeaturesTextstyles__Feature-fxqvf2-3 ggyeUS\">Az els\u0151 18 V-os vezet\u00e9k n\u00e9lk\u00fcli f\u00e9mv\u00e1g\u00f3 k\u00f6rf\u0171r\u00e9sz 66 mm-es v\u00e1g\u00e1si m\u00e9lys\u00e9ggel \u00e9s 1800 W vezet\u00e9kes teljes\u00edtm\u00e9nnyel<\/li>\n<li class=\"ProductFeaturesTextstyles__Feature-fxqvf2-3 ggyeUS\">A vezet\u00e9kes eszk\u00f6zn\u00e9l gyorsabb v\u00e1g\u00e1si sebess\u00e9g<\/li>\n<li class=\"ProductFeaturesTextstyles__Feature-fxqvf2-3 ggyeUS\">K\u00f6zvetlen\u00fcl a MILWAUKEE\u00ae vezet\u0151s\u00ednhez val\u00f3 csatlakoz\u00e1shoz tervezett cs\u00fasz\u00f3saru (k\u00fcl\u00f6n megv\u00e1s\u00e1rolhat\u00f3). Ez lehet\u0151v\u00e9 teszi a felhaszn\u00e1l\u00f3 sz\u00e1m\u00e1ra, hogy minim\u00e1lis be\u00e1ll\u00edt\u00e1si id\u0151t k\u00f6vet\u0151en egyenes \u00e9s pontos v\u00e1g\u00e1sokat hajtson v\u00e9gre<\/li>\n<li class=\"ProductFeaturesTextstyles__Feature-fxqvf2-3 ggyeUS\">A teljes\u00edtm\u00e9nyl\u00e1mpa jelzi, ha az eszk\u00f6zt t\u00falterhelt\u00e9k<\/li>\n<li class=\"ProductFeaturesTextstyles__Feature-fxqvf2-3 ggyeUS\">Az elektromos f\u00e9k 1 m\u00e1sodperc alatt le\u00e1ll\u00edtja a f\u0171r\u00e9szlapot<\/li>\n<li class=\"ProductFeaturesTextstyles__Feature-fxqvf2-3 ggyeUS\">Nagy f\u00e9mforg\u00e1cs-gy\u0171jt\u0151 \u00f6sszegy\u0171jti a v\u00e1g\u00e1s sor\u00e1n keletkezett hullad\u00e9kot \u00e9s megfelel\u0151 \u00e1tl\u00e1that\u00f3s\u00e1got biztos\u00edt<\/li>\n<li class=\"ProductFeaturesTextstyles__Feature-fxqvf2-3 ggyeUS\">A sz\u00e1razv\u00e1g\u00e1s technol\u00f3gia gyors, tiszta \u00e9s sorjamentes f\u00e9mv\u00e1g\u00e1st tesz lehet\u0151v\u00e9<\/li>\n<li class=\"ProductFeaturesTextstyles__Feature-fxqvf2-3 ggyeUS\">Kett\u0151s m\u0171k\u00f6d\u00e9s\u0171 kapcsol\u00f3 megakad\u00e1lyozza a v\u00e9letlen beind\u00edt\u00e1st<\/li>\n<li class=\"ProductFeaturesTextstyles__Feature-fxqvf2-3 ggyeUS\">Szersz\u00e1mmentes v\u00e1g\u00e1si m\u00e9lys\u00e9g \u00e1ll\u00edt\u00e1s \u00e9s bes\u00fcllyeszt\u00e9s a gyors \u00e9s hat\u00e9kony besz\u00far\u00f3 forg\u00e1csol\u00e1shoz<\/li>\n<li class=\"ProductFeaturesTextstyles__Feature-fxqvf2-3 ggyeUS\">Gyorskiold\u00e1s\u00fa forg\u00e1cstart\u00e1ly \u2013 gyors t\u00e1rcsacsere \u00e9s tart\u00e1ly\u00fcr\u00edt\u00e9s<\/li>\n<li class=\"ProductFeaturesTextstyles__Feature-fxqvf2-3 ggyeUS\">FUEL\u2122 platformunk DNS-e \u00fajradefini\u00e1lja a vezet\u00e9k n\u00e9lk\u00fcli technol\u00f3gia egyens\u00faly\u00e1t. A MILWAUKEE\u00ae POWERSTATE\u2122 sz\u00e9nkefe n\u00e9lk\u00fcli motor, REDLITHIUM\u2122 akkumul\u00e1tor \u00e9s REDLINK PLUS\u2122 intelligens elektronika p\u00e1ratlan teljes\u00edtm\u00e9nyt, \u00fczemid\u0151t \u00e9s tart\u00f3ss\u00e1got biztos\u00edt.<\/li>\n<li class=\"ProductFeaturesTextstyles__Feature-fxqvf2-3 ggyeUS\">Rugalmas akkumul\u00e1tor rendszerrel &#8211; MILWAUKEE\u00ae\u00a0<a href=\"https:\/\/hu.milwaukeetool.eu\/systems\/m18\/\">M18\u2122<\/a>\u00a0akkumul\u00e1torokkal m\u0171k\u00f6dik<\/li>\n<\/ul>\n<h5>M\u0171szaki adatok:<\/h5>\n<ul>\n<li>T\u00cdPUS: AKKUMUL\u00c1TOROS, Li-ion 18V<\/li>\n<li>\u00dcRESJ\u00c1RATI FORDULATSZ\u00c1M (FORD\/PERC): 4000<\/li>\n<li>BEFOG\u00d3T\u00dcSKE M\u00c9RETE (MM): 15.87<\/li>\n<li>F\u0170R\u00c9SZLAP \u00c1TM\u00c9R\u0150 (MM): 203<\/li>\n<li>MAX. V\u00c1G\u00c1SI M\u00c9LYS\u00c9G (MM): 66<\/li>\n<li>S\u00daLY AKKUMUL\u00c1TORRAL (KG): 7.5<\/li>\n<\/ul>\n","protected":false},"excerpt":{"rendered":"<p><strong>A k\u00e9szlet tartalma:<\/strong><\/p>\n<ul>\n<li>1 db M18 FMCS66 F\u00c9MV\u00c1G\u00d3 K\u00d6RF\u0170R\u00c9SZ <em>(akkumul\u00e1tor \u00e9s t\u00f6lt\u0151 n\u00e9lk\u00fcl sz\u00e1ll\u00edtva!)<\/em><\/li>\n<li>1 db Szersz\u00e1mkoffer<\/li>\n<li>203 mm f\u00e9m v\u00e1g\u00f3 f\u0171r\u00e9szlap, imbuszkulcs<\/li>\n<\/ul>\n","protected":false},"featured_media":3865,"template":"","meta":[],"product_cat":[165,169,230,59,228,89],"product_tag":[],"class_list":["post-3864","product","type-product","status-publish","has-post-thumbnail","hentry","product_cat-akkumulatoros-gepek","product_cat-akkus-fureszeles-es-vagas","product_cat-m18-rendszer","product_cat-milwaukee","product_cat-rendszer","product_cat-termekek"],"yoast_head":"<!-- This site is optimized with the Yoast SEO Premium plugin v21.3 (Yoast SEO v21.3) - https:\/\/yoast.com\/wordpress\/plugins\/seo\/ -->\n<title>MILWAUKEE M18 FMCS66-0C FUEL\u2122 F\u00c9MV\u00c1G\u00d3 K\u00d6RF\u0170R\u00c9SZ KOFFERBEN (4933472110) - Eurosmart - Milwaukee web\u00e1ruh\u00e1z<\/title>\n<meta name=\"robots\" content=\"index, follow, max-snippet:-1, max-image-preview:large, max-video-preview:-1\" \/>\n<link rel=\"canonical\" href=\"https:\/\/www.eurosmart.hu\/shop\/index.php\/termek\/milwaukee-m18-fmcs66-0c-m18-fuel-femvago-korfuresz-kofferben-4933472110\/\" \/>\n<meta property=\"og:locale\" content=\"hu_HU\" \/>\n<meta property=\"og:type\" content=\"article\" \/>\n<meta property=\"og:title\" content=\"MILWAUKEE M18 FMCS66-0C FUEL\u2122 F\u00c9MV\u00c1G\u00d3 K\u00d6RF\u0170R\u00c9SZ KOFFERBEN (4933472110)\" \/>\n<meta property=\"og:description\" content=\"A k\u00e9szlet tartalma:   1 db M18 FMCS66 F\u00c9MV\u00c1G\u00d3 K\u00d6RF\u0170R\u00c9SZ (akkumul\u00e1tor \u00e9s t\u00f6lt\u0151 n\u00e9lk\u00fcl sz\u00e1ll\u00edtva!)  1 db Szersz\u00e1mkoffer  203 mm f\u00e9m v\u00e1g\u00f3 f\u0171r\u00e9szlap, imbuszkulcs\" \/>\n<meta property=\"og:url\" content=\"https:\/\/www.eurosmart.hu\/shop\/index.php\/termek\/milwaukee-m18-fmcs66-0c-m18-fuel-femvago-korfuresz-kofferben-4933472110\/\" \/>\n<meta property=\"og:site_name\" content=\"Eurosmart - Milwaukee web\u00e1ruh\u00e1z\" \/>\n<meta property=\"article:publisher\" content=\"https:\/\/www.facebook.com\/EurosmartKft\" \/>\n<meta property=\"article:modified_time\" content=\"2024-01-04T13:50:07+00:00\" \/>\n<meta property=\"og:image\" content=\"https:\/\/www.eurosmart.hu\/shop\/wp-content\/uploads\/2023\/10\/4933472110.webp\" \/>\n\t<meta property=\"og:image:width\" content=\"1000\" \/>\n\t<meta property=\"og:image:height\" content=\"1000\" \/>\n\t<meta property=\"og:image:type\" content=\"image\/webp\" \/>\n<meta name=\"twitter:card\" content=\"summary_large_image\" \/>\n<meta name=\"twitter:label1\" content=\"Price\" \/>\n\t<meta name=\"twitter:data1\" content=\"\" \/>\n\t<meta name=\"twitter:label2\" content=\"Availability\" \/>\n\t<meta name=\"twitter:data2\" content=\"On backorder\" \/>\n<script type=\"application\/ld+json\" class=\"yoast-schema-graph\">{\"@context\":\"https:\/\/schema.org\",\"@graph\":[{\"@type\":\"WebPage\",\"@id\":\"https:\/\/www.eurosmart.hu\/shop\/index.php\/termek\/milwaukee-m18-fmcs66-0c-m18-fuel-femvago-korfuresz-kofferben-4933472110\/\",\"url\":\"https:\/\/www.eurosmart.hu\/shop\/index.php\/termek\/milwaukee-m18-fmcs66-0c-m18-fuel-femvago-korfuresz-kofferben-4933472110\/\",\"name\":\"MILWAUKEE M18 FMCS66-0C FUEL\u2122 F\u00c9MV\u00c1G\u00d3 K\u00d6RF\u0170R\u00c9SZ KOFFERBEN (4933472110) - Eurosmart - Milwaukee web\u00e1ruh\u00e1z\",\"isPartOf\":{\"@id\":\"https:\/\/www.eurosmart.hu\/shop\/#website\"},\"datePublished\":\"2023-10-19T11:33:05+00:00\",\"dateModified\":\"2024-01-04T13:50:07+00:00\",\"breadcrumb\":{\"@id\":\"https:\/\/www.eurosmart.hu\/shop\/index.php\/termek\/milwaukee-m18-fmcs66-0c-m18-fuel-femvago-korfuresz-kofferben-4933472110\/#breadcrumb\"},\"inLanguage\":\"hu\",\"potentialAction\":[{\"@type\":\"ReadAction\",\"target\":[\"https:\/\/www.eurosmart.hu\/shop\/index.php\/termek\/milwaukee-m18-fmcs66-0c-m18-fuel-femvago-korfuresz-kofferben-4933472110\/\"]}]},{\"@type\":\"BreadcrumbList\",\"@id\":\"https:\/\/www.eurosmart.hu\/shop\/index.php\/termek\/milwaukee-m18-fmcs66-0c-m18-fuel-femvago-korfuresz-kofferben-4933472110\/#breadcrumb\",\"itemListElement\":[{\"@type\":\"ListItem\",\"position\":1,\"name\":\"Kezd\u0151lap\",\"item\":\"https:\/\/www.eurosmart.hu\/shop\/\"},{\"@type\":\"ListItem\",\"position\":2,\"name\":\"Term\u00e9keink\",\"item\":\"https:\/\/www.eurosmart.hu\/shop\/index.php\/uzlet\/\"},{\"@type\":\"ListItem\",\"position\":3,\"name\":\"MILWAUKEE M18 FMCS66-0C FUEL\u2122 F\u00c9MV\u00c1G\u00d3 K\u00d6RF\u0170R\u00c9SZ KOFFERBEN (4933472110)\"}]},{\"@type\":\"WebSite\",\"@id\":\"https:\/\/www.eurosmart.hu\/shop\/#website\",\"url\":\"https:\/\/www.eurosmart.hu\/shop\/\",\"name\":\"Eurosmart - Milwaukee web\u00e1ruh\u00e1z\",\"description\":\"Milwaukee web\u00e1ruh\u00e1z\",\"publisher\":{\"@id\":\"https:\/\/www.eurosmart.hu\/shop\/#organization\"},\"potentialAction\":[{\"@type\":\"SearchAction\",\"target\":{\"@type\":\"EntryPoint\",\"urlTemplate\":\"https:\/\/www.eurosmart.hu\/shop\/?s={search_term_string}\"},\"query-input\":\"required name=search_term_string\"}],\"inLanguage\":\"hu\"},{\"@type\":\"Organization\",\"@id\":\"https:\/\/www.eurosmart.hu\/shop\/#organization\",\"name\":\"Eurosmart - Milwaukee web\u00e1ruh\u00e1z\",\"url\":\"https:\/\/www.eurosmart.hu\/shop\/\",\"logo\":{\"@type\":\"ImageObject\",\"inLanguage\":\"hu\",\"@id\":\"https:\/\/www.eurosmart.hu\/shop\/#\/schema\/logo\/image\/\",\"url\":\"https:\/\/www.eurosmart.hu\/shop\/wp-content\/uploads\/2023\/10\/milwaukee-logo-1.png\",\"contentUrl\":\"https:\/\/www.eurosmart.hu\/shop\/wp-content\/uploads\/2023\/10\/milwaukee-logo-1.png\",\"width\":500,\"height\":200,\"caption\":\"Eurosmart - Milwaukee web\u00e1ruh\u00e1z\"},\"image\":{\"@id\":\"https:\/\/www.eurosmart.hu\/shop\/#\/schema\/logo\/image\/\"},\"sameAs\":[\"https:\/\/www.facebook.com\/EurosmartKft\"]}]}<\/script>\n<meta property=\"product:price:amount\" content=\"0\" \/>\n<meta property=\"product:price:currency\" content=\"HUF\" \/>\n<meta property=\"og:availability\" content=\"backorder\" \/>\n<meta property=\"product:availability\" content=\"available for order\" \/>\n<meta property=\"product:retailer_item_id\" content=\"4933472110\" \/>\n<meta property=\"product:condition\" content=\"new\" \/>\n<!-- \/ Yoast SEO Premium plugin. -->","yoast_head_json":{"title":"MILWAUKEE M18 FMCS66-0C FUEL\u2122 F\u00c9MV\u00c1G\u00d3 K\u00d6RF\u0170R\u00c9SZ KOFFERBEN (4933472110) - Eurosmart - Milwaukee web\u00e1ruh\u00e1z","robots":{"index":"index","follow":"follow","max-snippet":"max-snippet:-1","max-image-preview":"max-image-preview:large","max-video-preview":"max-video-preview:-1"},"canonical":"https:\/\/www.eurosmart.hu\/shop\/index.php\/termek\/milwaukee-m18-fmcs66-0c-m18-fuel-femvago-korfuresz-kofferben-4933472110\/","og_locale":"hu_HU","og_type":"article","og_title":"MILWAUKEE M18 FMCS66-0C FUEL\u2122 F\u00c9MV\u00c1G\u00d3 K\u00d6RF\u0170R\u00c9SZ KOFFERBEN (4933472110)","og_description":"A k\u00e9szlet tartalma:   1 db M18 FMCS66 F\u00c9MV\u00c1G\u00d3 K\u00d6RF\u0170R\u00c9SZ (akkumul\u00e1tor \u00e9s t\u00f6lt\u0151 n\u00e9lk\u00fcl sz\u00e1ll\u00edtva!)  1 db Szersz\u00e1mkoffer  203 mm f\u00e9m v\u00e1g\u00f3 f\u0171r\u00e9szlap, imbuszkulcs","og_url":"https:\/\/www.eurosmart.hu\/shop\/index.php\/termek\/milwaukee-m18-fmcs66-0c-m18-fuel-femvago-korfuresz-kofferben-4933472110\/","og_site_name":"Eurosmart - Milwaukee web\u00e1ruh\u00e1z","article_publisher":"https:\/\/www.facebook.com\/EurosmartKft","article_modified_time":"2024-01-04T13:50:07+00:00","og_image":[{"width":1000,"height":1000,"url":"https:\/\/www.eurosmart.hu\/shop\/wp-content\/uploads\/2023\/10\/4933472110.webp","type":"image\/webp"}],"twitter_card":"summary_large_image","twitter_misc":{"Price":"","Availability":"On backorder"},"schema":{"@context":"https:\/\/schema.org","@graph":[{"@type":"WebPage","@id":"https:\/\/www.eurosmart.hu\/shop\/index.php\/termek\/milwaukee-m18-fmcs66-0c-m18-fuel-femvago-korfuresz-kofferben-4933472110\/","url":"https:\/\/www.eurosmart.hu\/shop\/index.php\/termek\/milwaukee-m18-fmcs66-0c-m18-fuel-femvago-korfuresz-kofferben-4933472110\/","name":"MILWAUKEE M18 FMCS66-0C FUEL\u2122 F\u00c9MV\u00c1G\u00d3 K\u00d6RF\u0170R\u00c9SZ KOFFERBEN (4933472110) - Eurosmart - Milwaukee web\u00e1ruh\u00e1z","isPartOf":{"@id":"https:\/\/www.eurosmart.hu\/shop\/#website"},"datePublished":"2023-10-19T11:33:05+00:00","dateModified":"2024-01-04T13:50:07+00:00","breadcrumb":{"@id":"https:\/\/www.eurosmart.hu\/shop\/index.php\/termek\/milwaukee-m18-fmcs66-0c-m18-fuel-femvago-korfuresz-kofferben-4933472110\/#breadcrumb"},"inLanguage":"hu","potentialAction":[{"@type":"ReadAction","target":["https:\/\/www.eurosmart.hu\/shop\/index.php\/termek\/milwaukee-m18-fmcs66-0c-m18-fuel-femvago-korfuresz-kofferben-4933472110\/"]}]},{"@type":"BreadcrumbList","@id":"https:\/\/www.eurosmart.hu\/shop\/index.php\/termek\/milwaukee-m18-fmcs66-0c-m18-fuel-femvago-korfuresz-kofferben-4933472110\/#breadcrumb","itemListElement":[{"@type":"ListItem","position":1,"name":"Kezd\u0151lap","item":"https:\/\/www.eurosmart.hu\/shop\/"},{"@type":"ListItem","position":2,"name":"Term\u00e9keink","item":"https:\/\/www.eurosmart.hu\/shop\/index.php\/uzlet\/"},{"@type":"ListItem","position":3,"name":"MILWAUKEE M18 FMCS66-0C FUEL\u2122 F\u00c9MV\u00c1G\u00d3 K\u00d6RF\u0170R\u00c9SZ KOFFERBEN (4933472110)"}]},{"@type":"WebSite","@id":"https:\/\/www.eurosmart.hu\/shop\/#website","url":"https:\/\/www.eurosmart.hu\/shop\/","name":"Eurosmart - Milwaukee web\u00e1ruh\u00e1z","description":"Milwaukee web\u00e1ruh\u00e1z","publisher":{"@id":"https:\/\/www.eurosmart.hu\/shop\/#organization"},"potentialAction":[{"@type":"SearchAction","target":{"@type":"EntryPoint","urlTemplate":"https:\/\/www.eurosmart.hu\/shop\/?s={search_term_string}"},"query-input":"required name=search_term_string"}],"inLanguage":"hu"},{"@type":"Organization","@id":"https:\/\/www.eurosmart.hu\/shop\/#organization","name":"Eurosmart - Milwaukee web\u00e1ruh\u00e1z","url":"https:\/\/www.eurosmart.hu\/shop\/","logo":{"@type":"ImageObject","inLanguage":"hu","@id":"https:\/\/www.eurosmart.hu\/shop\/#\/schema\/logo\/image\/","url":"https:\/\/www.eurosmart.hu\/shop\/wp-content\/uploads\/2023\/10\/milwaukee-logo-1.png","contentUrl":"https:\/\/www.eurosmart.hu\/shop\/wp-content\/uploads\/2023\/10\/milwaukee-logo-1.png","width":500,"height":200,"caption":"Eurosmart - Milwaukee web\u00e1ruh\u00e1z"},"image":{"@id":"https:\/\/www.eurosmart.hu\/shop\/#\/schema\/logo\/image\/"},"sameAs":["https:\/\/www.facebook.com\/EurosmartKft"]}]},"product_price_currency":"HUF","og_availability":"backorder","product_availability":"available for order","product_retailer_item_id":"4933472110","product_condition":"new"},"_links":{"self":[{"href":"https:\/\/www.eurosmart.hu\/shop\/index.php\/wp-json\/wp\/v2\/product\/3864","targetHints":{"allow":["GET"]}}],"collection":[{"href":"https:\/\/www.eurosmart.hu\/shop\/index.php\/wp-json\/wp\/v2\/product"}],"about":[{"href":"https:\/\/www.eurosmart.hu\/shop\/index.php\/wp-json\/wp\/v2\/types\/product"}],"wp:featuredmedia":[{"embeddable":true,"href":"https:\/\/www.eurosmart.hu\/shop\/index.php\/wp-json\/wp\/v2\/media\/3865"}],"wp:attachment":[{"href":"https:\/\/www.eurosmart.hu\/shop\/index.php\/wp-json\/wp\/v2\/media?parent=3864"}],"wp:term":[{"taxonomy":"product_cat","embeddable":true,"href":"https:\/\/www.eurosmart.hu\/shop\/index.php\/wp-json\/wp\/v2\/product_cat?post=3864"},{"taxonomy":"product_tag","embeddable":true,"href":"https:\/\/www.eurosmart.hu\/shop\/index.php\/wp-json\/wp\/v2\/product_tag?post=3864"}],"curies":[{"name":"wp","href":"https:\/\/api.w.org\/{rel}","templated":true}]}}