{"id":3858,"date":"2023-10-19T10:38:44","date_gmt":"2023-10-19T10:38:44","guid":{"rendered":"https:\/\/www.eurosmart.hu\/shop\/?post_type=product&#038;p=3858"},"modified":"2024-03-18T13:10:56","modified_gmt":"2024-03-18T13:10:56","slug":"milwaukee-m18-onefhiwf1d-0c-m18-fuel-one-key-1-nagy-nyomateku-d-fogantyus-utvecsavarozo-kofferben-4933471755","status":"publish","type":"product","link":"https:\/\/www.eurosmart.hu\/shop\/index.php\/termek\/milwaukee-m18-onefhiwf1d-0c-m18-fuel-one-key-1-nagy-nyomateku-d-fogantyus-utvecsavarozo-kofferben-4933471755\/","title":{"rendered":"MILWAUKEE M18 ONEFHIWF1D-0C FUEL\u2122 ONE-KEY\u2122 1\u2033 NAGY NYOMAT\u00c9K\u00da D-FOGANTY\u00daS \u00dcTVECSAVAROZ\u00d3 KOFFERBEN (4933471755)"},"content":{"rendered":"<h5>Tulajdons\u00e1gok:<\/h5>\n<ul class=\"ProductFeaturesTextstyles__FeatureList-fxqvf2-1 dUrrwH\">\n<li class=\"ProductFeaturesTextstyles__Feature-fxqvf2-3 ggyeUS\">Az\u00a0<a href=\"https:\/\/hu.milwaukeetool.eu\/systems\/m18\/fuel\/\">M18 FUEL\u2122<\/a>\u00a0D-foganty\u00fas \u00fctvecsavaroz\u00f3 2576 Nm r\u00f6gz\u00edt\u0151nyomat\u00e9kot biztos\u00edt, mely kiv\u00e1ltja a vezet\u00e9kes \u00e9s pneumatikus \u00fctvecsavaroz\u00f3kat<\/li>\n<li class=\"ProductFeaturesTextstyles__Feature-fxqvf2-3 ggyeUS\">2711 Nm-es dug\u00f3kulcsra hat\u00f3 nyomat\u00e9kot biztos\u00edt amely lehet\u0151v\u00e9 teszi ak\u00e1r M42 csavarok haszn\u00e1lat\u00e1t<\/li>\n<li class=\"ProductFeaturesTextstyles__Feature-fxqvf2-3 ggyeUS\">A 4 fokozat\u00fa DRIVE CONTROL lehet\u0151v\u00e9 teszi a felhaszn\u00e1l\u00f3 sz\u00e1m\u00e1ra a k\u00fcl\u00f6nb\u00f6z\u0151 fordulatsz\u00e1mok k\u00f6z\u00f6tti v\u00e1lt\u00e1st \u00e9s a nyomat\u00e9k\u00e1ll\u00edt\u00e1st<\/li>\n<li class=\"ProductFeaturesTextstyles__Feature-fxqvf2-3 ggyeUS\">A be\u00e9p\u00edtett \u00fct\u00e9ssz\u00e1ml\u00e1l\u00f3 szenzor n\u00f6veli a kiv\u00e1lasztott nyomat\u00e9k k\u00f6vetkezetes ism\u00e9telhet\u0151s\u00e9g\u00e9t<\/li>\n<li class=\"ProductFeaturesTextstyles__Feature-fxqvf2-3 ggyeUS\">A\u00a0<a href=\"https:\/\/hu.milwaukeetool.eu\/systems\/one-key\/\">ONE-KEY\u2122<\/a>\u00a0eszk\u00f6zk\u00f6vet\u00e9s \u00e9s biztons\u00e1g ingyenes, felh\u0151alap\u00fa nyomon k\u00f6vet\u00e9si h\u00e1l\u00f3zatot \u00e9s fel\u00fcgyeleti platformot k\u00edn\u00e1l eszk\u00f6zeihez. A\u00a0<a href=\"https:\/\/hu.milwaukeetool.eu\/systems\/one-key\/\">ONE-KEY\u2122<\/a>\u00a0szint\u00e9n rendelkezik t\u00e1voli szersz\u00e1mz\u00e1r funkci\u00f3val is. A testreszab\u00e1si funkci\u00f3 lehet\u0151v\u00e9 teszi a szersz\u00e1m pontos be\u00e1ll\u00edt\u00e1s\u00e1t az alkalmaz\u00e1shoz.<\/li>\n<li class=\"ProductFeaturesTextstyles__Feature-fxqvf2-3 ggyeUS\">Ha a\u00a0<a href=\"https:\/\/hu.milwaukeetool.eu\/systems\/one-key\/\">ONE-KEY\u2122<\/a>\u00a0kapcsolaton kereszt\u00fcl enged\u00e9lyezi a ker\u00e9kanya \u00fczemm\u00f3dot, a szersz\u00e1m automatikusan kikapcsol, ha a 475 Nm &#8211; 610 Nm tartom\u00e1nyba esik, hogy megakad\u00e1lyozza a ker\u00e9kany\u00e1k t\u00falzott megh\u00faz\u00e1s\u00e1t.<\/li>\n<li class=\"ProductFeaturesTextstyles__Feature-fxqvf2-3 ggyeUS\">A h\u00e1rom LED nagy felbont\u00e1s\u00fa megvil\u00e1g\u00edt\u00e1st biztos\u00edt a munkater\u00fclet l\u00e1that\u00f3s\u00e1g\u00e1nak fokoz\u00e1sa \u00e9rdek\u00e9ben<\/li>\n<li class=\"ProductFeaturesTextstyles__Feature-fxqvf2-3 ggyeUS\">A HIGH OUTPUT\u2122 rendszer \u00faj szintre emeli az\u00a0<a href=\"https:\/\/hu.milwaukeetool.eu\/systems\/m18\/fuel\/\">M18 FUEL\u2122<\/a>\u00a0technol\u00f3gi\u00e1t, n\u00f6veli a termel\u00e9kenys\u00e9get \u00e9s meghosszabb\u00edtja az \u00fczemid\u0151t. Ezeket az eszk\u00f6z\u00f6ket \u00fagy tervezt\u00e9k, hogy maxim\u00e1lisan kompatibilisek legyenek a HIGH OUTPUT\u2122 akkumul\u00e1torokkal<\/li>\n<li class=\"ProductFeaturesTextstyles__Feature-fxqvf2-3 ggyeUS\">Rugalmas akkumul\u00e1tor rendszerrel &#8211; MILWAUKEE\u00ae\u00a0<a href=\"https:\/\/hu.milwaukeetool.eu\/systems\/m18\/\">M18\u2122<\/a>\u00a0akkumul\u00e1torokkal m\u0171k\u00f6dik<\/li>\n<\/ul>\n<h5>M\u0171szaki adatok:<\/h5>\n<ul>\n<li>T\u00cdPUS: AKKUMUL\u00c1TOROS (Li-ion 18V)<\/li>\n<li>\u00dcRESJ\u00c1RATI FORDULATSZ\u00c1M (FORD\/PERC): 600\/ 700\/ 900\/ 1200<\/li>\n<li>\u00dcT\u00c9SSZ\u00c1M (\u00dcT\u00c9S\/PERC): 750\/ 930\/ 1200\/ 1440<\/li>\n<li>MAX. CSAVAR \u00c1TM\u00c9R\u0150: M42<\/li>\n<li>MAX. NYOMAT\u00c9K (NM): 1180\/ 1254\/ 1966\/ 2576<\/li>\n<li>MAX. NYOMAT\u00c9K R\u00d6GZ\u00cdT\u00c9SHEZ (NM): 2576<\/li>\n<li>SZERSZ\u00c1M BEFOG\u00c1S: 1&#8243; N\u00c9GYSZ\u00d6G<\/li>\n<li>S\u00daLY AKKUMUL\u00c1TORRAL (KG): 12.7<\/li>\n<\/ul>\n","protected":false},"excerpt":{"rendered":"<p><strong>A k\u00e9szlet tartalma:<\/strong><\/p>\n<ul>\n<li>1 db M18 ONEFHIWF1D FUEL\u2122 ONE-KEY\u2122 1\u2033 NAGY NYOMAT\u00c9K\u00da D-FOGANTY\u00daS \u00dcTVECSAVAROZ\u00d3 <em>(akkumul\u00e1tor \u00e9s t\u00f6lt\u0151 n\u00e9lk\u00fcl sz\u00e1ll\u00edtva!)<\/em><\/li>\n<li>1 db Szersz\u00e1mkoffer<\/li>\n<li>oldalfoganty\u00fa<\/li>\n<\/ul>\n","protected":false},"featured_media":3859,"template":"","meta":[],"product_cat":[167,165,230,59,228,89],"product_tag":[],"class_list":["post-3858","product","type-product","status-publish","has-post-thumbnail","hentry","product_cat-akkumulatoros-furas-veses-es-rogzites","product_cat-akkumulatoros-gepek","product_cat-m18-rendszer","product_cat-milwaukee","product_cat-rendszer","product_cat-termekek"],"yoast_head":"<!-- This site is optimized with the Yoast SEO Premium plugin v21.3 (Yoast SEO v21.3) - https:\/\/yoast.com\/wordpress\/plugins\/seo\/ -->\n<title>MILWAUKEE M18 ONEFHIWF1D-0C FUEL\u2122 ONE-KEY\u2122 1\u2033 NAGY NYOMAT\u00c9K\u00da D-FOGANTY\u00daS \u00dcTVECSAVAROZ\u00d3 KOFFERBEN (4933471755) - Eurosmart - Milwaukee web\u00e1ruh\u00e1z<\/title>\n<meta name=\"robots\" content=\"index, follow, max-snippet:-1, max-image-preview:large, max-video-preview:-1\" \/>\n<link rel=\"canonical\" href=\"https:\/\/www.eurosmart.hu\/shop\/index.php\/termek\/milwaukee-m18-onefhiwf1d-0c-m18-fuel-one-key-1-nagy-nyomateku-d-fogantyus-utvecsavarozo-kofferben-4933471755\/\" \/>\n<meta property=\"og:locale\" content=\"hu_HU\" \/>\n<meta property=\"og:type\" content=\"article\" \/>\n<meta property=\"og:title\" content=\"MILWAUKEE M18 ONEFHIWF1D-0C FUEL\u2122 ONE-KEY\u2122 1\u2033 NAGY NYOMAT\u00c9K\u00da D-FOGANTY\u00daS \u00dcTVECSAVAROZ\u00d3 KOFFERBEN (4933471755)\" \/>\n<meta property=\"og:description\" content=\"A k\u00e9szlet tartalma:   1 db M18 ONEFHIWF1D FUEL\u2122 ONE-KEY\u2122 1\u2033 NAGY NYOMAT\u00c9K\u00da D-FOGANTY\u00daS \u00dcTVECSAVAROZ\u00d3 (akkumul\u00e1tor \u00e9s t\u00f6lt\u0151 n\u00e9lk\u00fcl sz\u00e1ll\u00edtva!)  1 db Szersz\u00e1mkoffer  oldalfoganty\u00fa\" \/>\n<meta property=\"og:url\" content=\"https:\/\/www.eurosmart.hu\/shop\/index.php\/termek\/milwaukee-m18-onefhiwf1d-0c-m18-fuel-one-key-1-nagy-nyomateku-d-fogantyus-utvecsavarozo-kofferben-4933471755\/\" \/>\n<meta property=\"og:site_name\" content=\"Eurosmart - Milwaukee web\u00e1ruh\u00e1z\" \/>\n<meta property=\"article:publisher\" content=\"https:\/\/www.facebook.com\/EurosmartKft\" \/>\n<meta property=\"article:modified_time\" content=\"2024-03-18T13:10:56+00:00\" \/>\n<meta property=\"og:image\" content=\"https:\/\/www.eurosmart.hu\/shop\/wp-content\/uploads\/2023\/10\/4933471755.webp\" \/>\n\t<meta property=\"og:image:width\" content=\"1000\" \/>\n\t<meta property=\"og:image:height\" content=\"1000\" \/>\n\t<meta property=\"og:image:type\" content=\"image\/webp\" \/>\n<meta name=\"twitter:card\" content=\"summary_large_image\" \/>\n<meta name=\"twitter:label1\" content=\"Price\" \/>\n\t<meta name=\"twitter:data1\" content=\"\" \/>\n\t<meta name=\"twitter:label2\" content=\"Availability\" \/>\n\t<meta name=\"twitter:data2\" content=\"In stock\" \/>\n<script type=\"application\/ld+json\" class=\"yoast-schema-graph\">{\"@context\":\"https:\/\/schema.org\",\"@graph\":[{\"@type\":\"WebPage\",\"@id\":\"https:\/\/www.eurosmart.hu\/shop\/index.php\/termek\/milwaukee-m18-onefhiwf1d-0c-m18-fuel-one-key-1-nagy-nyomateku-d-fogantyus-utvecsavarozo-kofferben-4933471755\/\",\"url\":\"https:\/\/www.eurosmart.hu\/shop\/index.php\/termek\/milwaukee-m18-onefhiwf1d-0c-m18-fuel-one-key-1-nagy-nyomateku-d-fogantyus-utvecsavarozo-kofferben-4933471755\/\",\"name\":\"MILWAUKEE M18 ONEFHIWF1D-0C FUEL\u2122 ONE-KEY\u2122 1\u2033 NAGY NYOMAT\u00c9K\u00da D-FOGANTY\u00daS \u00dcTVECSAVAROZ\u00d3 KOFFERBEN (4933471755) - Eurosmart - Milwaukee web\u00e1ruh\u00e1z\",\"isPartOf\":{\"@id\":\"https:\/\/www.eurosmart.hu\/shop\/#website\"},\"datePublished\":\"2023-10-19T10:38:44+00:00\",\"dateModified\":\"2024-03-18T13:10:56+00:00\",\"breadcrumb\":{\"@id\":\"https:\/\/www.eurosmart.hu\/shop\/index.php\/termek\/milwaukee-m18-onefhiwf1d-0c-m18-fuel-one-key-1-nagy-nyomateku-d-fogantyus-utvecsavarozo-kofferben-4933471755\/#breadcrumb\"},\"inLanguage\":\"hu\",\"potentialAction\":[{\"@type\":\"ReadAction\",\"target\":[\"https:\/\/www.eurosmart.hu\/shop\/index.php\/termek\/milwaukee-m18-onefhiwf1d-0c-m18-fuel-one-key-1-nagy-nyomateku-d-fogantyus-utvecsavarozo-kofferben-4933471755\/\"]}]},{\"@type\":\"BreadcrumbList\",\"@id\":\"https:\/\/www.eurosmart.hu\/shop\/index.php\/termek\/milwaukee-m18-onefhiwf1d-0c-m18-fuel-one-key-1-nagy-nyomateku-d-fogantyus-utvecsavarozo-kofferben-4933471755\/#breadcrumb\",\"itemListElement\":[{\"@type\":\"ListItem\",\"position\":1,\"name\":\"Kezd\u0151lap\",\"item\":\"https:\/\/www.eurosmart.hu\/shop\/\"},{\"@type\":\"ListItem\",\"position\":2,\"name\":\"Term\u00e9keink\",\"item\":\"https:\/\/www.eurosmart.hu\/shop\/index.php\/uzlet\/\"},{\"@type\":\"ListItem\",\"position\":3,\"name\":\"MILWAUKEE M18 ONEFHIWF1D-0C FUEL\u2122 ONE-KEY\u2122 1\u2033 NAGY NYOMAT\u00c9K\u00da D-FOGANTY\u00daS \u00dcTVECSAVAROZ\u00d3 KOFFERBEN (4933471755)\"}]},{\"@type\":\"WebSite\",\"@id\":\"https:\/\/www.eurosmart.hu\/shop\/#website\",\"url\":\"https:\/\/www.eurosmart.hu\/shop\/\",\"name\":\"Eurosmart - Milwaukee web\u00e1ruh\u00e1z\",\"description\":\"Milwaukee web\u00e1ruh\u00e1z\",\"publisher\":{\"@id\":\"https:\/\/www.eurosmart.hu\/shop\/#organization\"},\"potentialAction\":[{\"@type\":\"SearchAction\",\"target\":{\"@type\":\"EntryPoint\",\"urlTemplate\":\"https:\/\/www.eurosmart.hu\/shop\/?s={search_term_string}\"},\"query-input\":\"required name=search_term_string\"}],\"inLanguage\":\"hu\"},{\"@type\":\"Organization\",\"@id\":\"https:\/\/www.eurosmart.hu\/shop\/#organization\",\"name\":\"Eurosmart - Milwaukee web\u00e1ruh\u00e1z\",\"url\":\"https:\/\/www.eurosmart.hu\/shop\/\",\"logo\":{\"@type\":\"ImageObject\",\"inLanguage\":\"hu\",\"@id\":\"https:\/\/www.eurosmart.hu\/shop\/#\/schema\/logo\/image\/\",\"url\":\"https:\/\/www.eurosmart.hu\/shop\/wp-content\/uploads\/2023\/10\/milwaukee-logo-1.png\",\"contentUrl\":\"https:\/\/www.eurosmart.hu\/shop\/wp-content\/uploads\/2023\/10\/milwaukee-logo-1.png\",\"width\":500,\"height\":200,\"caption\":\"Eurosmart - Milwaukee web\u00e1ruh\u00e1z\"},\"image\":{\"@id\":\"https:\/\/www.eurosmart.hu\/shop\/#\/schema\/logo\/image\/\"},\"sameAs\":[\"https:\/\/www.facebook.com\/EurosmartKft\"]}]}<\/script>\n<meta property=\"product:price:amount\" content=\"0\" \/>\n<meta property=\"product:price:currency\" content=\"HUF\" \/>\n<meta property=\"og:availability\" content=\"instock\" \/>\n<meta property=\"product:availability\" content=\"instock\" \/>\n<meta property=\"product:retailer_item_id\" content=\"4933471755\" \/>\n<meta property=\"product:condition\" content=\"new\" \/>\n<!-- \/ Yoast SEO Premium plugin. -->","yoast_head_json":{"title":"MILWAUKEE M18 ONEFHIWF1D-0C FUEL\u2122 ONE-KEY\u2122 1\u2033 NAGY NYOMAT\u00c9K\u00da D-FOGANTY\u00daS \u00dcTVECSAVAROZ\u00d3 KOFFERBEN (4933471755) - Eurosmart - Milwaukee web\u00e1ruh\u00e1z","robots":{"index":"index","follow":"follow","max-snippet":"max-snippet:-1","max-image-preview":"max-image-preview:large","max-video-preview":"max-video-preview:-1"},"canonical":"https:\/\/www.eurosmart.hu\/shop\/index.php\/termek\/milwaukee-m18-onefhiwf1d-0c-m18-fuel-one-key-1-nagy-nyomateku-d-fogantyus-utvecsavarozo-kofferben-4933471755\/","og_locale":"hu_HU","og_type":"article","og_title":"MILWAUKEE M18 ONEFHIWF1D-0C FUEL\u2122 ONE-KEY\u2122 1\u2033 NAGY NYOMAT\u00c9K\u00da D-FOGANTY\u00daS \u00dcTVECSAVAROZ\u00d3 KOFFERBEN (4933471755)","og_description":"A k\u00e9szlet tartalma:   1 db M18 ONEFHIWF1D FUEL\u2122 ONE-KEY\u2122 1\u2033 NAGY NYOMAT\u00c9K\u00da D-FOGANTY\u00daS \u00dcTVECSAVAROZ\u00d3 (akkumul\u00e1tor \u00e9s t\u00f6lt\u0151 n\u00e9lk\u00fcl sz\u00e1ll\u00edtva!)  1 db Szersz\u00e1mkoffer  oldalfoganty\u00fa","og_url":"https:\/\/www.eurosmart.hu\/shop\/index.php\/termek\/milwaukee-m18-onefhiwf1d-0c-m18-fuel-one-key-1-nagy-nyomateku-d-fogantyus-utvecsavarozo-kofferben-4933471755\/","og_site_name":"Eurosmart - Milwaukee web\u00e1ruh\u00e1z","article_publisher":"https:\/\/www.facebook.com\/EurosmartKft","article_modified_time":"2024-03-18T13:10:56+00:00","og_image":[{"width":1000,"height":1000,"url":"https:\/\/www.eurosmart.hu\/shop\/wp-content\/uploads\/2023\/10\/4933471755.webp","type":"image\/webp"}],"twitter_card":"summary_large_image","twitter_misc":{"Price":"","Availability":"In stock"},"schema":{"@context":"https:\/\/schema.org","@graph":[{"@type":"WebPage","@id":"https:\/\/www.eurosmart.hu\/shop\/index.php\/termek\/milwaukee-m18-onefhiwf1d-0c-m18-fuel-one-key-1-nagy-nyomateku-d-fogantyus-utvecsavarozo-kofferben-4933471755\/","url":"https:\/\/www.eurosmart.hu\/shop\/index.php\/termek\/milwaukee-m18-onefhiwf1d-0c-m18-fuel-one-key-1-nagy-nyomateku-d-fogantyus-utvecsavarozo-kofferben-4933471755\/","name":"MILWAUKEE M18 ONEFHIWF1D-0C FUEL\u2122 ONE-KEY\u2122 1\u2033 NAGY NYOMAT\u00c9K\u00da D-FOGANTY\u00daS \u00dcTVECSAVAROZ\u00d3 KOFFERBEN (4933471755) - Eurosmart - Milwaukee web\u00e1ruh\u00e1z","isPartOf":{"@id":"https:\/\/www.eurosmart.hu\/shop\/#website"},"datePublished":"2023-10-19T10:38:44+00:00","dateModified":"2024-03-18T13:10:56+00:00","breadcrumb":{"@id":"https:\/\/www.eurosmart.hu\/shop\/index.php\/termek\/milwaukee-m18-onefhiwf1d-0c-m18-fuel-one-key-1-nagy-nyomateku-d-fogantyus-utvecsavarozo-kofferben-4933471755\/#breadcrumb"},"inLanguage":"hu","potentialAction":[{"@type":"ReadAction","target":["https:\/\/www.eurosmart.hu\/shop\/index.php\/termek\/milwaukee-m18-onefhiwf1d-0c-m18-fuel-one-key-1-nagy-nyomateku-d-fogantyus-utvecsavarozo-kofferben-4933471755\/"]}]},{"@type":"BreadcrumbList","@id":"https:\/\/www.eurosmart.hu\/shop\/index.php\/termek\/milwaukee-m18-onefhiwf1d-0c-m18-fuel-one-key-1-nagy-nyomateku-d-fogantyus-utvecsavarozo-kofferben-4933471755\/#breadcrumb","itemListElement":[{"@type":"ListItem","position":1,"name":"Kezd\u0151lap","item":"https:\/\/www.eurosmart.hu\/shop\/"},{"@type":"ListItem","position":2,"name":"Term\u00e9keink","item":"https:\/\/www.eurosmart.hu\/shop\/index.php\/uzlet\/"},{"@type":"ListItem","position":3,"name":"MILWAUKEE M18 ONEFHIWF1D-0C FUEL\u2122 ONE-KEY\u2122 1\u2033 NAGY NYOMAT\u00c9K\u00da D-FOGANTY\u00daS \u00dcTVECSAVAROZ\u00d3 KOFFERBEN (4933471755)"}]},{"@type":"WebSite","@id":"https:\/\/www.eurosmart.hu\/shop\/#website","url":"https:\/\/www.eurosmart.hu\/shop\/","name":"Eurosmart - Milwaukee web\u00e1ruh\u00e1z","description":"Milwaukee web\u00e1ruh\u00e1z","publisher":{"@id":"https:\/\/www.eurosmart.hu\/shop\/#organization"},"potentialAction":[{"@type":"SearchAction","target":{"@type":"EntryPoint","urlTemplate":"https:\/\/www.eurosmart.hu\/shop\/?s={search_term_string}"},"query-input":"required name=search_term_string"}],"inLanguage":"hu"},{"@type":"Organization","@id":"https:\/\/www.eurosmart.hu\/shop\/#organization","name":"Eurosmart - Milwaukee web\u00e1ruh\u00e1z","url":"https:\/\/www.eurosmart.hu\/shop\/","logo":{"@type":"ImageObject","inLanguage":"hu","@id":"https:\/\/www.eurosmart.hu\/shop\/#\/schema\/logo\/image\/","url":"https:\/\/www.eurosmart.hu\/shop\/wp-content\/uploads\/2023\/10\/milwaukee-logo-1.png","contentUrl":"https:\/\/www.eurosmart.hu\/shop\/wp-content\/uploads\/2023\/10\/milwaukee-logo-1.png","width":500,"height":200,"caption":"Eurosmart - Milwaukee web\u00e1ruh\u00e1z"},"image":{"@id":"https:\/\/www.eurosmart.hu\/shop\/#\/schema\/logo\/image\/"},"sameAs":["https:\/\/www.facebook.com\/EurosmartKft"]}]},"product_price_currency":"HUF","og_availability":"instock","product_availability":"instock","product_retailer_item_id":"4933471755","product_condition":"new"},"_links":{"self":[{"href":"https:\/\/www.eurosmart.hu\/shop\/index.php\/wp-json\/wp\/v2\/product\/3858","targetHints":{"allow":["GET"]}}],"collection":[{"href":"https:\/\/www.eurosmart.hu\/shop\/index.php\/wp-json\/wp\/v2\/product"}],"about":[{"href":"https:\/\/www.eurosmart.hu\/shop\/index.php\/wp-json\/wp\/v2\/types\/product"}],"wp:featuredmedia":[{"embeddable":true,"href":"https:\/\/www.eurosmart.hu\/shop\/index.php\/wp-json\/wp\/v2\/media\/3859"}],"wp:attachment":[{"href":"https:\/\/www.eurosmart.hu\/shop\/index.php\/wp-json\/wp\/v2\/media?parent=3858"}],"wp:term":[{"taxonomy":"product_cat","embeddable":true,"href":"https:\/\/www.eurosmart.hu\/shop\/index.php\/wp-json\/wp\/v2\/product_cat?post=3858"},{"taxonomy":"product_tag","embeddable":true,"href":"https:\/\/www.eurosmart.hu\/shop\/index.php\/wp-json\/wp\/v2\/product_tag?post=3858"}],"curies":[{"name":"wp","href":"https:\/\/api.w.org\/{rel}","templated":true}]}}